{"id":5187,"date":"2024-11-01T14:22:35","date_gmt":"2024-11-01T06:22:35","guid":{"rendered":"https:\/\/www.qualitester.com\/?post_type=product&#038;p=5187"},"modified":"2024-12-05T14:56:47","modified_gmt":"2024-12-05T06:56:47","slug":"sale-cheap-texture-analyser","status":"publish","type":"product","link":"https:\/\/www.qualitester.com\/fi\/tuote\/sale-cheap-texture-analyser\/","title":{"rendered":"TEX-01 tekstuurianalysaattori"},"content":{"rendered":"<h2><strong>Johdanto tekstuurianalysaattoreihin<\/strong><\/h2>\n<p>A <strong>tekstuurianalysaattori<\/strong> on edistyksellinen laite, jota k\u00e4ytet\u00e4\u00e4n erilaisten materiaalien mekaanisten ominaisuuksien arviointiin ja jossa keskityt\u00e4\u00e4n ensisijaisesti tekstuuriin, koostumukseen ja rakenteellisiin ominaisuuksiin. Kun n\u00e4ytteeseen kohdistetaan hallittuja voimia ja tallennetaan sen muodonmuutos tai vaste, analysaattori tuottaa arvokasta tietoa, joka auttaa ymm\u00e4rt\u00e4m\u00e4\u00e4n, parantamaan ja optimoimaan tuotteen suorituskyky\u00e4. Tekstuurianalysaattorit ovat ratkaisevan t\u00e4rkeit\u00e4 esimerkiksi elintarvike-, l\u00e4\u00e4ke-, pakkaus-, liima- ja tekstiiliteollisuudessa, jossa ne tukevat laadunvarmistusta ja ohjaavat tuotekehityst\u00e4 kuluttajien mieltymysten ja markkinoiden vaatimusten t\u00e4ytt\u00e4miseksi.<\/p>\n<h2><strong>Tekstuurianalyysin sovellukset<\/strong><\/h2>\n<ul>\n<li>\n<h3><strong>Elintarviketeollisuus<\/strong><\/h3>\n<ul>\n<li>Tekstuurianalyysill\u00e4 on ratkaiseva merkitys elintarvikkeiden laadunvalvonnassa, sill\u00e4 se mittaa muun muassa seuraavia ominaisuuksia <strong>geelin vahvuus<\/strong>, <strong>kovuus<\/strong>, <strong>rapeus<\/strong>, <strong>tahmeus<\/strong>, <strong>kimmoisuus<\/strong>, <strong>murtumisvoima<\/strong>ja <strong>taivutuslujuus<\/strong>. N\u00e4m\u00e4 ominaisuudet ovat tuotteen laadun ja johdonmukaisuuden avainindikaattoreita, jotka auttavat valmistajia varmistamaan, ett\u00e4 heid\u00e4n tuotteensa vastaavat kuluttajien odotuksia koostumuksen ja suutuntuman suhteen.<\/li>\n<\/ul>\n<\/li>\n<li>\n<h3><strong>L\u00e4\u00e4ketieteelliset ja farmaseuttiset sovellukset<\/strong><\/h3>\n<ul>\n<li>L\u00e4\u00e4ketieteellisell\u00e4 ja farmaseuttisella alalla tekstuurianalysaattorit ovat v\u00e4ltt\u00e4m\u00e4tt\u00f6mi\u00e4 testauksessa. <strong>tabletin puristuslujuus<\/strong>, <strong>ampullin murtolujuus<\/strong>, <strong>kipsin tarttuvuus<\/strong>, <strong>neulan pistovoima<\/strong>ja <strong>pehme\u00e4n geelin kovuus<\/strong>. N\u00e4ill\u00e4 testeill\u00e4 varmistetaan, ett\u00e4 l\u00e4\u00e4kinn\u00e4lliset tuotteet toimivat luotettavasti ja johdonmukaisesti, t\u00e4ytt\u00e4v\u00e4t tiukat s\u00e4\u00e4ntelystandardit ja tukevat potilasturvallisuutta.<\/li>\n<\/ul>\n<\/li>\n<li>\n<h3><strong>Liimat ja pakkaukset<\/strong><\/h3>\n<ul>\n<li>Liima- ja pakkausteollisuudessa tekstuurianalysaattorit mittaavat seuraavia ominaisuuksia <strong>silmukkatakki<\/strong> ja <strong>kuorintavoima<\/strong> liimauslujuuden ja materiaalin kest\u00e4vyyden m\u00e4\u00e4ritt\u00e4miseksi. N\u00e4iden testien avulla voidaan parantaa tuoteturvallisuutta ja -laatua ja varmistaa, ett\u00e4 liimat ja pakkausmateriaalit toimivat tarkoitetulla tavalla todellisissa olosuhteissa.<\/li>\n<\/ul>\n<\/li>\n<\/ul>\n<h2><strong>T\u00e4rkeimm\u00e4t ohjelmat ja testausmenetelm\u00e4t<\/strong><\/h2>\n<p>Cell Instruments\u2019 <strong>TEX-01 ja TEX-02 tekstuurianalysaattorit<\/strong> tukevat kattavaa testausohjelmapakettia, joka soveltuu erilaisille materiaaleille ja teollisuudenaloille. T\u00e4rkeimpi\u00e4 testausmenetelmi\u00e4 ovat mm:<\/p>\n<ul>\n<li><strong>Geelin vahvuus<\/strong>: Mittaa geelim\u00e4isten materiaalien kiinteytt\u00e4 ja lujuutta.<\/li>\n<li><strong>Hold to Load ja Hold Time<\/strong>: Arvioi materiaalin vastetta jatkuvaan kuormitukseen ajan kuluessa.<\/li>\n<li><strong>Kiinte\u00e4 muodonmuutos ja yksitt\u00e4inen puristus<\/strong>: Tutkii materiaalin kest\u00e4vyytt\u00e4 ja vastetta yksitt\u00e4iselle, kontrolloidulle voimalle.<\/li>\n<li><strong>Kovuus ja murtuvuus<\/strong>: Mittaa n\u00e4ytteen kovuutta ja haurautta, mik\u00e4 on t\u00e4rke\u00e4\u00e4 sek\u00e4 elintarvikkeiden ett\u00e4 l\u00e4\u00e4kkeiden testauksessa.<\/li>\n<li><strong>Syklin puristus ja staattinen kuormitus<\/strong>: Tarjoaa tietoa siit\u00e4, miten materiaali toimii toistuvan rasituksen tai staattisen paineen alaisena.<\/li>\n<\/ul>\n<h2><strong>Tekstuurianalysaattorin mallit ja ominaisuudet<\/strong><\/h2>\n<ul>\n<li>\n<h3><strong>Yleiskatsaus TEX-01- ja TEX-02-malleihin<\/strong><\/h3>\n<ul>\n<li>TEX-01- ja TEX-02-tekstuurianalysaattorit ovat monipuolisia ja luotettavia ty\u00f6kaluja, joilla voidaan testata monenlaisia n\u00e4ytteit\u00e4, kuten elintarvikkeita, pakkauskomponentteja, liimoja, tabletteja ja pulloja. N\u00e4m\u00e4 mallit tarjoavat tarkkuutta ja joustavuutta, joiden avulla valmistajat voivat t\u00e4ytt\u00e4\u00e4 eri tuotteiden erityiset testausvaatimukset.<\/li>\n<\/ul>\n<\/li>\n<li>\n<h3><strong>Keskeiset ominaisuudet ja edut<\/strong><\/h3>\n<ul>\n<li><strong>7-tuumainen HMI-kosketusn\u00e4ytt\u00f6<\/strong>: T\u00e4m\u00e4 k\u00e4ytt\u00e4j\u00e4yst\u00e4v\u00e4llinen n\u00e4ytt\u00f6 yksinkertaistaa k\u00e4ytt\u00f6\u00e4, v\u00e4hent\u00e4\u00e4 oppimisk\u00e4yr\u00e4\u00e4 ja parantaa k\u00e4ytett\u00e4vyytt\u00e4.<\/li>\n<li><strong>PLC-ohjausyksikk\u00f6<\/strong>: Varmistaa monimutkaisten testisekvenssien t\u00e4sm\u00e4llisen suorittamisen ja tuottaa johdonmukaisia ja tarkkoja tuloksia.<\/li>\n<li><strong>Tarkkuus palloruuvi<\/strong>: Tarjoaa nopeuden ja siirtym\u00e4n tarkan hallinnan, mik\u00e4 mahdollistaa eritt\u00e4in tarkat ja toistettavat mittaukset.<\/li>\n<li><strong>S\u00e4\u00e4dett\u00e4v\u00e4 testinopeus<\/strong>: Tarjoaa monipuolisuutta testaukseen, sill\u00e4 eri nopeudet vastaavat erilaisten n\u00e4ytteiden vaatimuksia.<\/li>\n<li><strong>Automaattinen palautustoiminto<\/strong>: S\u00e4\u00e4st\u00e4\u00e4 aikaa ja vaivaa, mik\u00e4 on erityisen hy\u00f6dyllist\u00e4 suoritettaessa useita testej\u00e4 nopeasti per\u00e4kk\u00e4in.<\/li>\n<li><strong>Mikro tulostin<\/strong>: Mahdollistaa k\u00e4tev\u00e4n, suoran tietojen tallentamisen nopeaa tarkastelua ja dokumentointia varten.<\/li>\n<li><strong>Valinnainen tiedonsiirto-ohjelmisto<\/strong>: Mahdollistaa tehostetun tiedonhallinnan, analysoinnin ja viennin, mik\u00e4 on ihanteellista laadunvalvontaan ja tutkimustarkoituksiin.<\/li>\n<\/ul>\n<\/li>\n<\/ul>\n<h2><strong>Tekstuurianalysaattorin valinnan edut tuotekehityksess\u00e4<\/strong><\/h2>\n<ul>\n<li><strong>Johdonmukaisuus ja laadunvalvonta<\/strong><\/li>\n<li style=\"list-style-type: none;\">\n<ul>\n<li>Tekstuurianalysaattorit varmistavat tuotteiden yhdenmukaisuuden, joka on kuluttajien tyytyv\u00e4isyyden ja s\u00e4\u00e4nn\u00f6sten noudattamisen kannalta kriittinen tekij\u00e4. N\u00e4m\u00e4 ty\u00f6kalut tarjoavat toistettavia ja tarkkoja mittauksia, jotka auttavat valmistajia saavuttamaan tasalaatuisen tuotteen er\u00e4st\u00e4 toiseen.<\/li>\n<\/ul>\n<\/li>\n<li>\n<h3><strong>R\u00e4\u00e4t\u00e4l\u00f6inti- ja automatisointimahdollisuudet<\/strong><\/h3>\n<ul>\n<li>Tekstuurianalysaattorimme pystyv\u00e4t mukauttamaan r\u00e4\u00e4t\u00e4l\u00f6ityj\u00e4 testausasetelmia, joten ne t\u00e4ytt\u00e4v\u00e4t eri teollisuudenalojen erityistarpeet. Lis\u00e4ksi automaatiovaihtoehdot parantavat tuottavuutta ja virtaviivaistavat testausprosessia, mik\u00e4 s\u00e4\u00e4st\u00e4\u00e4 aikaa ja ty\u00f6voimaa.<\/li>\n<\/ul>\n<\/li>\n<\/ul>\n<h2><strong>Edulliset ratkaisut: Tekstuurianalysaattori: Halvan tekstuurianalysaattorin l\u00f6yt\u00e4minen<\/strong><\/h2>\n<p>Edullisen tekstuurianalysaattorin l\u00f6yt\u00e4minen ei tarkoita laadusta tinkimist\u00e4. Tekstuurianalysaattorivalikoimamme sis\u00e4lt\u00e4\u00e4 vaihtoehtoja, joissa suorituskyky ja kustannustehokkuus ovat tasapainossa, joten ne ovat kaikenkokoisten yritysten saatavilla. Sellaiset mallit kuin <strong>TEX-01<\/strong> tarjoavat luotettavan testauksen kannalta olennaisia ominaisuuksia ilman suuria kustannuksia, mik\u00e4 mahdollistaa laadukkaan testauksen pienell\u00e4 budjetilla.<\/p>\n<h2><strong>FAQ-osio<\/strong><\/h2>\n<ol>\n<li><strong>Mik\u00e4 on tekstuurianalysaattorin tarkoitus?<\/strong><br \/>\nTekstuurianalysaattorilla mitataan materiaalien mekaanisia ominaisuuksia tekstuurin, koostumuksen ja rakenteen arvioimiseksi, mik\u00e4 on t\u00e4rke\u00e4\u00e4 laadunvalvonnassa ja tuotekehityksess\u00e4.<\/li>\n<li><strong>Miten tekstuurianalyysi hy\u00f6dytt\u00e4\u00e4 elintarviketeollisuutta?<\/strong><br \/>\nTekstuurianalyysi auttaa varmistamaan, ett\u00e4 elintarvikkeet t\u00e4ytt\u00e4v\u00e4t halutut tekstuurinormit, mik\u00e4 parantaa asiakastyytyv\u00e4isyytt\u00e4, koska se vastaa maku- ja laatuodotuksia.<\/li>\n<li><strong>Voiko tekstuurianalysaattorilla mitata liiman lujuutta?<\/strong><br \/>\nKyll\u00e4, tekstuurianalysaattoreilla voidaan testata liimoja ja mitata ominaisuuksia, kuten silmukan tarttuvuus ja irtoamisvoima, liimauslujuuden ja kest\u00e4vyyden arvioimiseksi.<\/li>\n<li><strong>Mik\u00e4 on testinopeuden merkitys tekstuurianalyysiss\u00e4?<\/strong><br \/>\nS\u00e4\u00e4dett\u00e4vien testinopeuksien ansiosta tekstuurianalysaattorit voivat simuloida erilaisia todellisia olosuhteita, joten ne soveltuvat monipuolisesti erilaisten materiaalien ja sovellusten testaamiseen.<\/li>\n<li><strong>Onko tekstuurianalysaattorille olemassa kustannustehokkaita vaihtoehtoja?<\/strong><br \/>\nTEX-01:n kaltaiset kohtuuhintaiset mallit tarjoavat luotettavan suorituskyvyn t\u00e4rkeimpiin tekstuurianalyyseihin ja tarjoavat laadukkaita testausvaihtoehtoja budjettiyst\u00e4v\u00e4lliseen hintaan.<\/li>\n<\/ol>\n<p>Tekstuurianalysaattorit ovat v\u00e4ltt\u00e4m\u00e4tt\u00f6mi\u00e4 v\u00e4lineit\u00e4 laadunvarmistuksessa, tutkimuksessa ja tuotekehityksess\u00e4 useilla teollisuudenaloilla. Cell Instrumentsin\u2019 <strong>TEX-01 ja TEX-02<\/strong> mallit tarjoavat tarkan, luotettavan ja mukautettavan tekstuurianalyysin, joka t\u00e4ytt\u00e4\u00e4 alan standardit. Vankkojen ominaisuuksien, joustavien testausohjelmien ja kustannustehokkaiden vaihtoehtojen ansiosta tekstuurianalysaattorimme antavat valmistajille mahdollisuuden t\u00e4ytt\u00e4\u00e4 tiukat laatuvaatimukset ja ylitt\u00e4\u00e4 asiakkaiden odotukset.<\/p>","protected":false},"excerpt":{"rendered":"<p>A <strong>tekstuurianalysaattori<\/strong> on edistyksellinen laite, jota k\u00e4ytet\u00e4\u00e4n erilaisten materiaalien mekaanisten ominaisuuksien arviointiin ja jossa keskityt\u00e4\u00e4n ensisijaisesti tekstuuriin, koostumukseen ja rakenteellisiin ominaisuuksiin. Kun n\u00e4ytteeseen kohdistetaan hallittuja voimia ja tallennetaan sen muodonmuutos tai vaste, analysaattori tuottaa arvokasta tietoa, joka auttaa ymm\u00e4rt\u00e4m\u00e4\u00e4n, parantamaan ja optimoimaan tuotteen suorituskyky\u00e4. Tekstuurianalysaattorit ovat ratkaisevan t\u00e4rkeit\u00e4 esimerkiksi elintarvike-, l\u00e4\u00e4ke-, pakkaus-, liima- ja tekstiiliteollisuudessa, jossa ne tukevat laadunvarmistusta ja ohjaavat tuotekehityst\u00e4 kuluttajien mieltymysten ja markkinoiden vaatimusten t\u00e4ytt\u00e4miseksi.<\/p>","protected":false},"featured_media":6279,"comment_status":"closed","ping_status":"closed","template":"","meta":{"site-sidebar-layout":"default","site-content-layout":"default","ast-global-header-display":"","ast-main-header-display":"","ast-hfb-above-header-display":"","ast-hfb-below-header-display":"","ast-hfb-mobile-header-display":"","site-post-title":"","ast-breadcrumbs-content":"","ast-featured-img":"","footer-sml-layout":"","theme-transparent-header-meta":"default","adv-header-id-meta":"","stick-header-meta":"","header-above-stick-meta":"","header-main-stick-meta":"","header-below-stick-meta":""},"product_cat":[928,953,956,955,845,954,957,958,952,959,95],"product_tag":[],"class_list":{"0":"post-5187","1":"product","2":"type-product","3":"status-publish","4":"has-post-thumbnail","6":"product_cat-tpa-texture-analyzer","7":"product_cat-bursting-tester","8":"product_cat-cobb-tester","9":"product_cat-crush-tester","10":"product_cat-customization","11":"product_cat-paper-tear-tester","12":"product_cat-plybond-tester","13":"product_cat-puncture-tester","14":"product_cat-rub-tester","15":"product_cat-stiffness-tester","16":"product_cat-products","17":"desktop-align-left","18":"tablet-align-left","19":"mobile-align-left","21":"first","22":"instock","23":"shipping-taxable","24":"product-type-simple"},"_links":{"self":[{"href":"https:\/\/www.qualitester.com\/fi\/wp-json\/wp\/v2\/product\/5187","targetHints":{"allow":["GET"]}}],"collection":[{"href":"https:\/\/www.qualitester.com\/fi\/wp-json\/wp\/v2\/product"}],"about":[{"href":"https:\/\/www.qualitester.com\/fi\/wp-json\/wp\/v2\/types\/product"}],"replies":[{"embeddable":true,"href":"https:\/\/www.qualitester.com\/fi\/wp-json\/wp\/v2\/comments?post=5187"}],"version-history":[{"count":0,"href":"https:\/\/www.qualitester.com\/fi\/wp-json\/wp\/v2\/product\/5187\/revisions"}],"wp:featuredmedia":[{"embeddable":true,"href":"https:\/\/www.qualitester.com\/fi\/wp-json\/wp\/v2\/media\/6279"}],"wp:attachment":[{"href":"https:\/\/www.qualitester.com\/fi\/wp-json\/wp\/v2\/media?parent=5187"}],"wp:term":[{"taxonomy":"product_cat","embeddable":true,"href":"https:\/\/www.qualitester.com\/fi\/wp-json\/wp\/v2\/product_cat?post=5187"},{"taxonomy":"product_tag","embeddable":true,"href":"https:\/\/www.qualitester.com\/fi\/wp-json\/wp\/v2\/product_tag?post=5187"}],"curies":[{"name":"wp","href":"https:\/\/api.w.org\/{rel}","templated":true}]}}