{"id":5154,"date":"2024-10-31T11:51:07","date_gmt":"2024-10-31T03:51:07","guid":{"rendered":"https:\/\/www.qualitester.com\/?post_type=product&#038;p=5154"},"modified":"2025-08-12T11:39:30","modified_gmt":"2025-08-12T03:39:30","slug":"sale-gross-bubble-leak-test-equipment","status":"publish","type":"product","link":"https:\/\/www.qualitester.com\/fi\/tuote\/sale-gross-bubble-leak-test-equipment\/","title":{"rendered":"GLT-01 Bruttokuplavuodon testauslaitteet"},"content":{"rendered":"<h2>Johdanto kuplavuodon testauslaitteisiin<\/h2>\n<p><strong>Kuplavuodon testauslaitteet<\/strong> on olennaisen t\u00e4rke\u00e4\u00e4 arvioitaessa pakkausten sinettien eheytt\u00e4, jotta varmistetaan, ett\u00e4 tuotteet pysyv\u00e4t suojattuina varastoinnin ja kuljetuksen aikana. T\u00e4m\u00e4 testimenetelm\u00e4, joka on standardoitu <a href=\"https:\/\/www.qualitester.com\/fi\/standards\/astm-f2096\/\" target=\"_blank\" rel=\"noopener\"><strong data-start=\"558\" data-end=\"572\">ASTM F2096<\/strong><\/a>, havaitsee <strong data-start=\"582\" data-end=\"597\">suuret vuodot<\/strong> huokoisissa ja huokosettomissa pakkauksissa tarkkailemalla ilmakuplavirtoja, kun pakkaus paineistetaan veden alla. Koska laitteet havaitsevat vuodot tarkasti, niill\u00e4 on t\u00e4rke\u00e4 rooli tuotteiden laadun ja turvallisuuden yll\u00e4pit\u00e4misess\u00e4 eri teollisuudenaloilla, kuten l\u00e4\u00e4keteollisuudessa, l\u00e4\u00e4kinn\u00e4llisiss\u00e4 laitteissa ja elintarvikepakkauksissa.<\/p>\n<h2>Vuototestauksen merkitys<\/h2>\n<p>Pakkauksen sinetin eheyden arviointi on ratkaisevan t\u00e4rke\u00e4\u00e4, jotta voidaan varmistaa, ett\u00e4 pakkaus pystyy tarjoamaan tarvittavan tuotesuojan. Vuototestaus auttaa arvioimaan kest\u00e4vi\u00e4 pakkausvaihtoehtoja ja kustannustehokkaita pakkausvaihtoehtoja sek\u00e4 tuotantolinjan tiivistysparametrien vaihtelua. S\u00e4ilytt\u00e4m\u00e4ll\u00e4 pakkausten tiivisteiden luotettavuuden yritykset voivat yll\u00e4pit\u00e4\u00e4 tuotteidensa laatua ja turvallisuutta ja viime k\u00e4dess\u00e4 turvata tuotemerkkins\u00e4 maineen.<\/p>\n<h2 data-start=\"885\" data-end=\"925\">Sovellukset ja teollisuuden merkitys<\/h2>\n<p data-start=\"926\" data-end=\"1341\">The <strong data-start=\"930\" data-end=\"966\">l\u00e4\u00e4kint\u00e4pakkauksen kuplavuodon testaus<\/strong> k\u00e4ytet\u00e4\u00e4n laajalti steriilien estej\u00e4rjestelmien validoinnissa, pussien ja lokeroiden laadunvalvonnassa sek\u00e4 elintarvike- ja l\u00e4\u00e4kepakkausten tarkastuksessa. Teollisuudenalat, kuten <strong data-start=\"1132\" data-end=\"1212\">l\u00e4\u00e4kinn\u00e4lliset laitteet, farmaseuttiset tuotteet, pakkaukset ja laadunvalvontavirastot.<\/strong> luottaa <strong data-start=\"1221\" data-end=\"1250\">bruttovuodon kuplatesterit<\/strong> varmistaa, ett\u00e4 l\u00e4mp\u00f6saumattujen pakkausten s\u00e4ilyvyys ilman kontaminaatiota koko niiden s\u00e4ilyvyysajan.<\/p>\n<h2>Yleiskatsaus ASTM F2096:een<\/h2>\n<h3><strong>Mik\u00e4 on ASTM F2096?<\/strong><\/h3>\n<p><a href=\"https:\/\/www.astm.org\/f2096-11r19.html\" target=\"_blank\" rel=\"noopener nofollow\"><strong>ASTM F2096<\/strong><\/a> on standardi, jossa kuvataan menettely, jolla havaitaan karkeat vuodot sek\u00e4 huokoisissa ett\u00e4 l\u00e4p\u00e4isem\u00e4tt\u00f6miss\u00e4 pakkausmateriaaleissa k\u00e4ytt\u00e4m\u00e4ll\u00e4 sis\u00e4ist\u00e4 paineistusta. T\u00e4m\u00e4 menetelm\u00e4 tunnetaan yleisesti nimell\u00e4 <strong>kuplatesti<\/strong>.<\/p>\n<h3><strong>ASTM F2096:ssa kuvatut testimenetelm\u00e4t<\/strong><\/h3>\n<p>Standardissa esitet\u00e4\u00e4n systemaattinen l\u00e4hestymistapa bruttovuodon tunnistamiseen kuplatestin avulla, jossa pakkausmateriaaliin kohdistetaan sis\u00e4inen paine.<\/p>\n<h2 data-start=\"1343\" data-end=\"1378\">Miten kuplavuodon testi toimii<\/h2>\n<p data-start=\"1379\" data-end=\"1499\">The <strong data-start=\"1383\" data-end=\"1408\">ASTM-kuplavuototesti<\/strong> k\u00e4ytt\u00e4\u00e4 sis\u00e4ist\u00e4 paineistusta vuotojen tunnistamiseen suurella tarkkuudella. Prosessi sis\u00e4lt\u00e4\u00e4:<\/p>\n<ol>\n<li data-start=\"1504\" data-end=\"1635\"><strong data-start=\"1504\" data-end=\"1526\">N\u00e4ytteen valmistelu<\/strong> - Pakkaukseen tehd\u00e4\u00e4n valvottu sis\u00e4\u00e4nmenokohta, johon ilmal\u00e4hde ja paineenvalvontalaite asetetaan.<\/li>\n<li data-start=\"1639\" data-end=\"1725\"><strong data-start=\"1639\" data-end=\"1653\">Uppoaminen<\/strong> - Pakkaus upotetaan noin 25,4 mm (1 tuuman) syvyyteen veden alle.<\/li>\n<li data-start=\"1729\" data-end=\"1854\"><strong data-start=\"1729\" data-end=\"1747\">Paineistus<\/strong> - Ilmaa sy\u00f6tet\u00e4\u00e4n, kunnes pakkaus saavuttaa materiaalityypin perusteella ennalta m\u00e4\u00e4ritellyn painetason.<\/li>\n<li data-start=\"1858\" data-end=\"1997\"><strong data-start=\"1858\" data-end=\"1873\">Havainto<\/strong> - Jatkuva ilmakuplien virta tietyst\u00e4 paikasta osoittaa vuotoa, kuten tiivistyskanavia, halkeamia tai reiki\u00e4.<\/li>\n<li data-start=\"2001\" data-end=\"2064\"><strong data-start=\"2001\" data-end=\"2018\">Dokumentaatio<\/strong> - Mik\u00e4 tahansa vikapiste merkit\u00e4\u00e4n analysoitavaksi.<\/li>\n<\/ol>\n<p data-start=\"2066\" data-end=\"2226\">T\u00e4m\u00e4n menetelm\u00e4n herkkyys on tyypillisesti <strong data-start=\"2118\" data-end=\"2128\">250 \u03bcm<\/strong>, Menetelm\u00e4n tarkkuus riippuu oikeista testipaineasetuksista ja ilmavirran vakaudesta.<\/p>\n<h2 data-start=\"2228\" data-end=\"2275\">Testimenetelm\u00e4t eri pakkaustyypeille<\/h2>\n<p data-start=\"2276\" data-end=\"2340\">Mukaan <strong data-start=\"2289\" data-end=\"2303\">ASTM F2096<\/strong>, on kaksi ensisijaista menettely\u00e4:<\/p>\n<ul>\n<li data-start=\"2344\" data-end=\"2454\"><strong data-start=\"2344\" data-end=\"2367\">Huokoiset pakkaukset<\/strong> - Pakkaus puhalletaan suoraan veden alla ja tarkastetaan molemmin puolin vuotojen varalta.<\/li>\n<li data-start=\"2457\" data-end=\"2602\"><strong data-start=\"2457\" data-end=\"2477\">Huokoiset pakkaukset<\/strong> - Voidaan k\u00e4ytt\u00e4\u00e4 estoainetta, ja veden alla on oltava ylim\u00e4\u00e4r\u00e4inen viipym\u00e4aika, jotta materiaali kyll\u00e4styy ennen tarkastusta.<\/li>\n<\/ul>\n<p data-start=\"2604\" data-end=\"2696\">Molemmat menetelm\u00e4t ovat <strong data-start=\"2621\" data-end=\"2642\">tuhoavat testit<\/strong>, mik\u00e4 tarkoittaa, ett\u00e4 testattua pakettia ei voi k\u00e4ytt\u00e4\u00e4 sen j\u00e4lkeen.<\/p>\n<h2>Muut asiaankuuluvat ASTM-standardit<\/h2>\n<ul>\n<li><a href=\"https:\/\/www.qualitester.com\/fi\/standards\/astm-d3078\/\" target=\"_blank\" rel=\"noopener\"><strong>ASTM D3078<\/strong><\/a>: T\u00e4ss\u00e4 standardissa k\u00e4ytet\u00e4\u00e4n kaasu- ja nestet\u00e4ytteisten pakkausten kuplap\u00e4\u00e4st\u00f6testausta, joka auttaa tunnistamaan vuodot, jotka voivat vaarantaa tuotteen eheyden.<\/li>\n<li><a href=\"https:\/\/www.qualitester.com\/fi\/tuote-osasto-2\/astm\/astm-d4991\/\" target=\"_blank\" rel=\"noopener\"><strong>ASTM D4991<\/strong><\/a>: Samanlainen kuin D3078, t\u00e4m\u00e4 standardi keskittyy tyhjien j\u00e4ykkien s\u00e4ili\u00f6iden kuplap\u00e4\u00e4st\u00f6jen testaamiseen.<\/li>\n<li><strong>ASTM F2338<\/strong>: T\u00e4ss\u00e4 standardissa k\u00e4ytet\u00e4\u00e4n joustavien ja j\u00e4ykkien s\u00e4ili\u00f6iden tyhji\u00f6n hajoamistestausmenetelmi\u00e4 tiivisteen eheyden arvioimiseksi.<\/li>\n<li><strong><a href=\"https:\/\/www.qualitester.com\/fi\/standards\/astm-f2054\/\" target=\"_blank\" rel=\"noopener\">ASTM F2054<\/a>\/<a href=\"https:\/\/www.qualitester.com\/fi\/standards\/astm-f1140\/\" target=\"_blank\" rel=\"noopener\">F1140<\/a><\/strong>: N\u00e4iss\u00e4 standardeissa esitet\u00e4\u00e4n paineh\u00e4vi\u00e4mistestausmenetelm\u00e4t erilaisille pakkaustyypeille, mukaan lukien joustavat, j\u00e4yk\u00e4t ja putkimaiset pakkaukset.<\/li>\n<\/ul>\n<h2>Tekniset ominaisuudet<\/h2>\n<ul>\n<li><strong>PLC-ohjattu yksikk\u00f6<\/strong>: Kuplavuototestilaitteemme on suunniteltu teollisuustason vakaiksi, ja niiss\u00e4 on PLC-ohjattu yksikk\u00f6, joka takaa tasaisen suorituskyvyn.<\/li>\n<li><strong>HMI-kosketusn\u00e4yt\u00f6n k\u00e4ytt\u00f6<\/strong>: K\u00e4ytt\u00e4j\u00e4yst\u00e4v\u00e4llinen k\u00e4ytt\u00f6liittym\u00e4 helpottaa k\u00e4ytt\u00f6\u00e4 ja testausparametrien seurantaa.<\/li>\n<li><strong>Vakaa kaasuntoimitus<\/strong>: Varmistaa luotettavan ja tasaisen kaasun saannin testauksen aikana.<\/li>\n<li><strong>Valinnainen integrointi<\/strong>: Laitteisto voidaan integroida paineen hajoamistestausmenetelmiin, jolloin testausmahdollisuuksia voidaan parantaa.<\/li>\n<\/ul>\n<h2>T\u00e4rkeimm\u00e4t parametrit<\/h2>\n<table>\n<tbody>\n<tr>\n<td width=\"130\">Testialue<\/td>\n<td width=\"207\">0~30KPa (tai tarpeen mukaan)<\/td>\n<\/tr>\n<tr>\n<td width=\"130\">Kammio Akryyli<\/td>\n<td width=\"207\">34*20*15cm LWH<\/td>\n<\/tr>\n<tr>\n<td width=\"130\">Paineilma<\/td>\n<td width=\"207\">0.6MPa (K\u00e4ytt\u00e4j\u00e4n valmistama)<\/td>\n<\/tr>\n<tr>\n<td width=\"130\">Teho<\/td>\n<td width=\"207\">110~220V 50\/60Hz<\/td>\n<\/tr>\n<\/tbody>\n<\/table>\n<p>Kuplavuodon testauslaitteet ovat ratkaisevan t\u00e4rkeit\u00e4 pakkausten tiivisteiden eheyden varmistamisessa, joten ne ovat v\u00e4ltt\u00e4m\u00e4t\u00f6n v\u00e4line laadunvarmistuksessa eri teollisuudenaloilla. Valitsemalla Cell Instrumentsin kuplavuodontestausratkaisut voit parantaa pakkaustesi luotettavuutta ja turvata tuotteesi.<\/p>\n<h3>UKK<\/h3>\n<ol>\n<li><strong>Mink\u00e4 tyyppisi\u00e4 pakkauksia voidaan testata kuplavuototestauslaitteistolla?<\/strong>\n<ul>\n<li>Laitteisto soveltuu sek\u00e4 huokoisille ett\u00e4 l\u00e4p\u00e4isem\u00e4tt\u00f6mille pakkausmateriaaleille, mukaan lukien joustavat ja j\u00e4yk\u00e4t pakkaukset.<\/li>\n<\/ul>\n<\/li>\n<li><strong>Miten kuplatesti toimii?<\/strong>\n<ul>\n<li>Kuplatestiss\u00e4 pakkaukseen kohdistetaan sis\u00e4ist\u00e4 painetta sen ollessa vedess\u00e4. Vuotokohdassa syntyv\u00e4t kuplat osoittavat, ett\u00e4 tiivisteess\u00e4 on vikaa.<\/li>\n<\/ul>\n<\/li>\n<li><strong>Onko kuplavuodon testausmenetelm\u00e4 tuhoisa?<\/strong>\n<ul>\n<li>Kyll\u00e4, kuplavuototesti on tuhoava menetelm\u00e4, mik\u00e4 tarkoittaa, ett\u00e4 se voi vaarantaa testattavan pakkauksen eheyden.<\/li>\n<\/ul>\n<\/li>\n<li><strong>Voidaanko laitteet r\u00e4\u00e4t\u00e4l\u00f6id\u00e4 erityisi\u00e4 testaustarpeita varten?<\/strong>\n<ul>\n<li>Kyll\u00e4, olemme erikoistuneet r\u00e4\u00e4t\u00e4l\u00f6im\u00e4\u00e4n testausvaatimuksia vastaamaan erityistarpeitasi.<\/li>\n<\/ul>\n<\/li>\n<li><strong>Mit\u00e4 standardeja kuplavuodon testauslaitteet noudattavat?<\/strong>\n<ul>\n<li>Laitteistomme on ASTM F2096:n ja muiden asiaankuuluvien ASTM-standardien mukainen vuototestauslaitteisto.<\/li>\n<\/ul>\n<\/li>\n<\/ol>","protected":false},"excerpt":{"rendered":"<p>Kuplavuototestauslaitteet ovat v\u00e4ltt\u00e4m\u00e4tt\u00f6mi\u00e4 pakkausten tiivisteiden eheyden arvioinnissa ja varmistavat, ett\u00e4 tuotteet pysyv\u00e4t suojattuina varastoinnin ja kuljetuksen aikana. Koska laitteet havaitsevat vuodot tarkasti, niill\u00e4 on t\u00e4rke\u00e4 rooli tuotteiden laadun ja turvallisuuden yll\u00e4pit\u00e4misess\u00e4 eri teollisuudenaloilla, kuten l\u00e4\u00e4keteollisuudessa, l\u00e4\u00e4kinn\u00e4llisiss\u00e4 laitteissa ja elintarvikepakkauksissa.<\/p>","protected":false},"featured_media":6150,"comment_status":"closed","ping_status":"closed","template":"","meta":{"site-sidebar-layout":"default","site-content-layout":"default","ast-global-header-display":"","ast-main-header-display":"","ast-hfb-above-header-display":"","ast-hfb-below-header-display":"","ast-hfb-mobile-header-display":"","site-post-title":"","ast-breadcrumbs-content":"","ast-featured-img":"","footer-sml-layout":"","theme-transparent-header-meta":"default","adv-header-id-meta":"","stick-header-meta":"","header-above-stick-meta":"","header-main-stick-meta":"","header-below-stick-meta":""},"product_cat":[675,845,17,149,16,112,95],"product_tag":[],"class_list":{"0":"post-5154","1":"product","2":"type-product","3":"status-publish","4":"has-post-thumbnail","6":"product_cat-leak-tester","7":"product_cat-customization","8":"product_cat-package-container-testers","9":"product_cat-pharma-and-medical-testers","10":"product_cat-plastic-packaging-testers","11":"product_cat-astm-f2096","12":"product_cat-products","13":"desktop-align-left","14":"tablet-align-left","15":"mobile-align-left","17":"first","18":"instock","19":"shipping-taxable","20":"product-type-simple"},"_links":{"self":[{"href":"https:\/\/www.qualitester.com\/fi\/wp-json\/wp\/v2\/product\/5154","targetHints":{"allow":["GET"]}}],"collection":[{"href":"https:\/\/www.qualitester.com\/fi\/wp-json\/wp\/v2\/product"}],"about":[{"href":"https:\/\/www.qualitester.com\/fi\/wp-json\/wp\/v2\/types\/product"}],"replies":[{"embeddable":true,"href":"https:\/\/www.qualitester.com\/fi\/wp-json\/wp\/v2\/comments?post=5154"}],"version-history":[{"count":0,"href":"https:\/\/www.qualitester.com\/fi\/wp-json\/wp\/v2\/product\/5154\/revisions"}],"wp:featuredmedia":[{"embeddable":true,"href":"https:\/\/www.qualitester.com\/fi\/wp-json\/wp\/v2\/media\/6150"}],"wp:attachment":[{"href":"https:\/\/www.qualitester.com\/fi\/wp-json\/wp\/v2\/media?parent=5154"}],"wp:term":[{"taxonomy":"product_cat","embeddable":true,"href":"https:\/\/www.qualitester.com\/fi\/wp-json\/wp\/v2\/product_cat?post=5154"},{"taxonomy":"product_tag","embeddable":true,"href":"https:\/\/www.qualitester.com\/fi\/wp-json\/wp\/v2\/product_tag?post=5154"}],"curies":[{"name":"wp","href":"https:\/\/api.w.org\/{rel}","templated":true}]}}