{"id":5149,"date":"2024-10-31T11:42:15","date_gmt":"2024-10-31T03:42:15","guid":{"rendered":"https:\/\/www.qualitester.com\/?post_type=product&#038;p=5149"},"modified":"2024-12-04T16:20:18","modified_gmt":"2024-12-04T08:20:18","slug":"sale-film-friction-peel-tester","status":"publish","type":"product","link":"https:\/\/www.qualitester.com\/fi\/tuote\/sale-film-friction-peel-tester\/","title":{"rendered":"FPT-01 kalvon kitka-\/kiillotustesteri"},"content":{"rendered":"<h2>Kalvon kitka- ja pinnoitetestin k\u00e4ytt\u00f6\u00f6notto<\/h2>\n<p>Film Friction\/Peel Tester on edistyksellinen laite, joka on suunniteltu kitka- ja kuorintavastuksen tarkkaan mittaamiseen useilla eri materiaaleilla. T\u00e4m\u00e4n monipuolisen laitteen sovelluskohteita ovat muun muassa pakkaukset, l\u00e4\u00e4kinn\u00e4lliset laitteet, l\u00e4\u00e4kkeet ja tekstiilit, ja sill\u00e4 on t\u00e4rke\u00e4 rooli laadunvalvonnassa, tuotekehityksess\u00e4 ja tutkimuksessa.<\/p>\n<h2>Kalvon kitka-\/kiillotustestin keskeiset ominaisuudet<\/h2>\n<h3>COF-testaus<\/h3>\n<p>T\u00e4m\u00e4 testilaite mittaa tarkasti sek\u00e4 staattisen ett\u00e4 kineettisen kitkakertoimen, mik\u00e4 on olennaista materiaalien vuorovaikutuksen ymm\u00e4rt\u00e4miseksi.<\/p>\n<h3>Kuorinta testaus<\/h3>\n<p>Se tekee my\u00f6s herkki\u00e4 kuorintavoimatestej\u00e4 erilaisille materiaaleille, kuten irrotuspapereille, teipeille ja suojakalvoille.<\/p>\n<h2>Tekniset tiedot<\/h2>\n<ul>\n<li>J\u00e4rjestelm\u00e4n suunnittelu: Testaaja sis\u00e4lt\u00e4\u00e4 kiinte\u00e4n kuormituskennoasennon, jossa on suojakansi, mik\u00e4 takaa turvallisen k\u00e4yt\u00f6n. Kelkkamekanismi helpottaa tarkkaa testausta, jossa n\u00e4ytteet kiinnitet\u00e4\u00e4n turvallisesti ja irrotusvoimat kirjataan irrotuksen aikana.<\/li>\n<li>K\u00e4ytt\u00e4j\u00e4yst\u00e4v\u00e4llinen k\u00e4ytt\u00f6liittym\u00e4: Film Friction\/Peel Tester on varustettu PLC-ohjatulla j\u00e4rjestelm\u00e4ll\u00e4, ja se toimii intuitiivisen HMI-kosketusn\u00e4yt\u00f6n kautta, joten k\u00e4ytt\u00e4jien on helppo navigoida ja k\u00e4ytt\u00e4\u00e4 sit\u00e4.<\/li>\n<\/ul>\n<h3>P\u00e4\u00e4parametri<\/h3>\n<table>\n<tbody>\n<tr>\n<td width=\"156\">Voima-alue<\/td>\n<td width=\"152\">5 N (tai tarpeen mukaan)<\/td>\n<\/tr>\n<tr>\n<td width=\"156\">Tarkkuus<\/td>\n<td width=\"152\">\u00b10,5%<\/td>\n<\/tr>\n<tr>\n<td width=\"156\">P\u00e4\u00e4t\u00f6slauselma<\/td>\n<td width=\"152\">0.001N<\/td>\n<\/tr>\n<tr>\n<td width=\"156\">Siirtym\u00e4alue<\/td>\n<td width=\"152\">0,1 ~ 95 mm<\/td>\n<\/tr>\n<tr>\n<td width=\"156\">Tarkkuus<\/td>\n<td width=\"152\">\u00b10,1 mm<\/td>\n<\/tr>\n<tr>\n<td width=\"156\">L\u00e4mp\u00f6tila-alue<\/td>\n<td width=\"152\">Ymp\u00e4rist\u00f6ss\u00e4 ~ 210\u00b0C<\/td>\n<\/tr>\n<tr>\n<td width=\"156\">Tarkkuus<\/td>\n<td width=\"152\">\u00b10.5\u00b0C<\/td>\n<\/tr>\n<tr>\n<td width=\"156\">N\u00e4ytteiden lukum\u00e4\u00e4r\u00e4<\/td>\n<td width=\"152\">2<\/td>\n<\/tr>\n<tr>\n<td width=\"156\">N\u00e4ytteen koko<\/td>\n<td width=\"152\">110*15 mm, L*S<\/td>\n<\/tr>\n<tr>\n<td width=\"156\">Virtal\u00e4hde<\/td>\n<td width=\"152\">220V 50Hz<\/td>\n<\/tr>\n<\/tbody>\n<\/table>\n<h2>Alan standardien noudattaminen<\/h2>\n<ul>\n<li><a href=\"https:\/\/www.astm.org\/d1894-14.html\" target=\"_blank\" rel=\"noopener nofollow\"><strong>ASTM D1894<\/strong><\/a>: Muovien kitkakerroin<\/li>\n<li><strong>ASTM D3330<\/strong>: Paineherk\u00e4n teipin liimaus (180\u00b0)<\/li>\n<li><strong>ISO 8295<\/strong>: Muovien kitkakerroin, materiaalin laadun varmistaminen valmistuksessa.<\/li>\n<li><strong>TAPPI T816<\/strong>: Coefficient of Friction for Corrugated and Paperboard.<\/li>\n<li><strong>TAPPI T549<\/strong>: P\u00e4\u00e4llyst\u00e4m\u00e4tt\u00f6m\u00e4n kirjoitus- ja painopaperin kitkakerroin.<\/li>\n<\/ul>\n<h2>Kalvon kitka-\/kiillotustestin sovellukset<\/h2>\n<p>Filmin kitka-\/kiillotustesteri on k\u00e4yt\u00f6ss\u00e4 useilla eri aloilla, kuten:<\/p>\n<ol>\n<li><strong>Pakkaus<\/strong>: Sen varmistaminen, ett\u00e4 pakkausmateriaalit t\u00e4ytt\u00e4v\u00e4t suorituskykyvaatimukset.<\/li>\n<li><strong>Liima<\/strong>: Liimojen ja sulkumateriaalien luotettavuuden testaus.<\/li>\n<li><strong>Elintarviketeollisuus<\/strong>: Tiivisteen lujuuden ja materiaalien vuorovaikutuksen arviointi turvallisuuden ja laadun kannalta.<\/li>\n<li><strong>Tekstiilit<\/strong> <strong>ja kuluttaja<\/strong> <strong>Tavarat<\/strong>: Materiaaliominaisuuksien arviointi tuotteiden kest\u00e4vyyden ja toimivuuden parantamiseksi.<\/li>\n<\/ol>\n<h2>Kalvon kitka-\/hiekkatestin edut<\/h2>\n<ul>\n<li><strong>Parannettu tuotteen suorituskyky<\/strong>: Mittaamalla tarkasti kitka- ja kuorintalujuuden valmistajat voivat parantaa tuotteiden laatua ja kest\u00e4vyytt\u00e4.<\/li>\n<li><strong>Reaaliaikainen tietojen analysointi<\/strong>: J\u00e4rjestelm\u00e4 antaa v\u00e4litt\u00f6m\u00e4t tulokset, mukaan lukien tietojen graafiset esitykset helppoa tulkintaa varten.<\/li>\n<li><strong>Lis\u00e4ominaisuudet<\/strong>: Lis\u00e4toimintoihin kuuluvat integroitu tulostus ja valinnainen ohjelmisto kattavaa tiedonhallintaa varten.<\/li>\n<\/ul>\n<p>The <strong><a href=\"https:\/\/www.qualitester.com\/fi\/tuote\/coefficient-of-friction-tester-cof-01\/\" target=\"_blank\" rel=\"noopener\">Kalvon kitka<\/a>\/Peel Tester<\/strong> on olennainen ty\u00f6kalu kaikille organisaatioille, jotka keskittyv\u00e4t materiaalien laatuun ja alan standardien noudattamiseen. T\u00e4m\u00e4 testauslaite tuottaa tarkkoja mittauksia ja noudattaa tunnustettuja testausprotokollia, joten se tukee valmistajia optimaalisen tuotesuorituskyvyn saavuttamisessa. Tutustu Film Friction\/Peel Testerin ominaisuuksiin jo t\u00e4n\u00e4\u00e4n varmistaaksesi, ett\u00e4 materiaalisi t\u00e4ytt\u00e4v\u00e4t korkeimmat laatuvaatimukset.<\/p>\n<h2>Aiheeseen liittyv\u00e4t tuotteet<\/h2>\n<blockquote class=\"wp-embedded-content\" data-secret=\"hdCaSFydsl\"><p><a href=\"https:\/\/www.qualitester.com\/fi\/tuote\/coefficient-of-friction-tester-cof-01\/\">COF-01 Kitkakertoimen testaaja<\/a><\/p><\/blockquote>\n<p><iframe class=\"wp-embedded-content\" sandbox=\"allow-scripts\" security=\"restricted\" style=\"position: absolute; visibility: hidden;\" title=\"\u300a COF-01 Coefficient of Friction Tester \u300b\u2014Material Quality Tester\" src=\"https:\/\/www.qualitester.com\/product\/coefficient-of-friction-tester-cof-01\/embed\/#?secret=KfrAZiIKcT#?secret=hdCaSFydsl\" data-secret=\"hdCaSFydsl\" width=\"500\" height=\"282\" frameborder=\"0\" marginwidth=\"0\" marginheight=\"0\" scrolling=\"no\"><\/iframe><\/p>","protected":false},"excerpt":{"rendered":"<p>Film Friction\/Peel Tester on edistyksellinen laite, joka on suunniteltu kitka- ja kuorintavastuksen tarkkaan mittaamiseen useilla eri materiaaleilla. T\u00e4m\u00e4n monipuolisen laitteen sovelluskohteita ovat muun muassa pakkaukset, l\u00e4\u00e4kinn\u00e4lliset laitteet, l\u00e4\u00e4kkeet ja tekstiilit, ja sill\u00e4 on t\u00e4rke\u00e4 rooli laadunvalvonnassa, tuotekehityksess\u00e4 ja tutkimuksessa.<\/p>","protected":false},"featured_media":6139,"comment_status":"closed","ping_status":"closed","template":"","meta":{"site-sidebar-layout":"default","site-content-layout":"default","ast-global-header-display":"","ast-main-header-display":"","ast-hfb-above-header-display":"","ast-hfb-below-header-display":"","ast-hfb-mobile-header-display":"","site-post-title":"","ast-breadcrumbs-content":"","ast-featured-img":"","footer-sml-layout":"","theme-transparent-header-meta":"default","adv-header-id-meta":"","stick-header-meta":"","header-above-stick-meta":"","header-main-stick-meta":"","header-below-stick-meta":""},"product_cat":[945,953,956,955,845,954,957,958,952,959,1063,1062,683,681,106,126,132,170,171,95],"product_tag":[],"class_list":{"0":"post-5149","1":"product","2":"type-product","3":"status-publish","4":"has-post-thumbnail","6":"product_cat-180-peeling-tester","7":"product_cat-bursting-tester","8":"product_cat-cobb-tester","9":"product_cat-crush-tester","10":"product_cat-customization","11":"product_cat-paper-tear-tester","12":"product_cat-plybond-tester","13":"product_cat-puncture-tester","14":"product_cat-rub-tester","15":"product_cat-stiffness-tester","16":"product_cat-tappi-t549","17":"product_cat-tappi-t816","18":"product_cat-coefficient-of-friction-tester","19":"product_cat-peel-tester","20":"product_cat-astm-d1894","21":"product_cat-astm-d3330","22":"product_cat-astm-d4917","23":"product_cat-iso-8295","24":"product_cat-iso-8510-2","25":"product_cat-products","26":"desktop-align-left","27":"tablet-align-left","28":"mobile-align-left","30":"first","31":"instock","32":"shipping-taxable","33":"product-type-simple"},"_links":{"self":[{"href":"https:\/\/www.qualitester.com\/fi\/wp-json\/wp\/v2\/product\/5149","targetHints":{"allow":["GET"]}}],"collection":[{"href":"https:\/\/www.qualitester.com\/fi\/wp-json\/wp\/v2\/product"}],"about":[{"href":"https:\/\/www.qualitester.com\/fi\/wp-json\/wp\/v2\/types\/product"}],"replies":[{"embeddable":true,"href":"https:\/\/www.qualitester.com\/fi\/wp-json\/wp\/v2\/comments?post=5149"}],"version-history":[{"count":0,"href":"https:\/\/www.qualitester.com\/fi\/wp-json\/wp\/v2\/product\/5149\/revisions"}],"wp:featuredmedia":[{"embeddable":true,"href":"https:\/\/www.qualitester.com\/fi\/wp-json\/wp\/v2\/media\/6139"}],"wp:attachment":[{"href":"https:\/\/www.qualitester.com\/fi\/wp-json\/wp\/v2\/media?parent=5149"}],"wp:term":[{"taxonomy":"product_cat","embeddable":true,"href":"https:\/\/www.qualitester.com\/fi\/wp-json\/wp\/v2\/product_cat?post=5149"},{"taxonomy":"product_tag","embeddable":true,"href":"https:\/\/www.qualitester.com\/fi\/wp-json\/wp\/v2\/product_tag?post=5149"}],"curies":[{"name":"wp","href":"https:\/\/api.w.org\/{rel}","templated":true}]}}