{"id":5131,"date":"2024-10-30T17:07:00","date_gmt":"2024-10-30T09:07:00","guid":{"rendered":"https:\/\/www.qualitester.com\/?post_type=product&#038;p=5131"},"modified":"2026-04-22T12:02:56","modified_gmt":"2026-04-22T04:02:56","slug":"sale-yogurt-container-lid-film-peel-tester","status":"publish","type":"product","link":"https:\/\/www.qualitester.com\/fi\/tuote\/sale-yogurt-container-lid-film-peel-tester\/","title":{"rendered":"CCPT-01 Kupin ja astian kuorintatesteri"},"content":{"rendered":"<h2><strong>Johdanto<\/strong><\/h2>\n<p>The <strong>Jogurttiastian kansi Film Peel Tester<\/strong> on olennainen v\u00e4line jogurttipurkkien kansien mekaanisen tiivistyslujuuden mittaamiseen. T\u00e4ll\u00e4 testilaitteella varmistetaan tuotteen eheys ja kuluttajien turvallisuus arvioimalla voimat, jotka vaaditaan kannen irrottamiseen astiasta. Teollisuudessa, jossa pakkausten laatu vaikuttaa suoraan kuluttajien luottamukseen, t\u00e4ll\u00e4 testilaitteella on ratkaiseva rooli elintarvikepakkausalalla.<\/p>\n<h2><strong>Standardien yleiskatsaus<\/strong><\/h2>\n<h3><strong><a href=\"https:\/\/www.qualitester.com\/fi\/standards\/astm-f2824\/\" target=\"_blank\" rel=\"noopener\">ASTM F2824<\/a>: Mekaanisen tiivisteen lujuuden testauksen vakiotestausmenetelm\u00e4<\/strong><\/h3>\n<p><a href=\"https:\/\/www.qualitester.com\/fi\/tuote-osasto-2\/astm\/astm-f2824\/\" target=\"_blank\" rel=\"noopener\">ASTM F2824<\/a> on tunnustettu standardi, jossa esitet\u00e4\u00e4n menetelm\u00e4t joustavilla irrotettavilla kansilla varustettujen py\u00f6reiden kuppien ja kulhoastioiden mekaanisen tiiviyden arvioimiseksi. T\u00e4ss\u00e4 standardissa annetaan yksityiskohtaiset ohjeet kuorintatestien suorittamiseksi ja korostetaan, ett\u00e4 on t\u00e4rke\u00e4\u00e4 testata johdonmukaisissa olosuhteissa. Tyypillinen vetokulma n\u00e4iss\u00e4 testeiss\u00e4 on 45 astetta, mutta menetelm\u00e4 sallii my\u00f6s muita kulmia erilaisten testausvaatimusten t\u00e4ytt\u00e4miseksi.<\/p>\n<h3><strong>Muut asiaankuuluvat standardit<\/strong><\/h3>\n<p>ASTM F2824:n lis\u00e4ksi <strong>Jogurttiastian kansi Film Peel Tester<\/strong> noudattaa ISO 17480 -standardia, joka ohjaa pakkausmateriaalien mekaanisen tiiviyden testausta. N\u00e4ill\u00e4 standardeilla varmistetaan, ett\u00e4 testausprosessi vastaa maailmanlaajuisia laadunvarmistustoimenpiteit\u00e4.<\/p>\n<h2><strong>Hakemus<\/strong><\/h2>\n<p>The <strong>Jogurttiastian kansi Film Peel Tester<\/strong> on suunniteltu erityisesti jogurttipakkauksia varten, mutta se on riitt\u00e4v\u00e4n monipuolinen, jotta se soveltuu monenlaisiin pakkaustyyppeihin, kuten valmisruokiin, kermapakkauksiin ja muihin j\u00e4ykiss\u00e4 tai puolij\u00e4ykiss\u00e4 pakkauksissa oleviin elintarvikkeisiin. Mahdollisuus testata useita eri s\u00e4ili\u00f6muotoja - py\u00f6reit\u00e4, soikeita ja suorakaiteen muotoisia - varmistaa, ett\u00e4 valmistajat voivat s\u00e4ilytt\u00e4\u00e4 korkeat laatustandardit kaikissa tuotesarjoissaan.<\/p>\n<h3><strong>Edut<\/strong><\/h3>\n<ol>\n<li><strong>Vankka suunnittelu<\/strong>\n<ul>\n<li>Sis\u00e4isell\u00e4 kolmipilarirakenteella ja askelmoottorilla varustettu testauslaite takaa poikkeuksellisen vakauden testien aikana. Sen muotoilu mahdollistaa laajan k\u00e4ytt\u00f6alueen, joten se soveltuu eri muotoisille ja kokoisille s\u00e4ili\u00f6ille.<\/li>\n<\/ul>\n<\/li>\n<li><strong>K\u00e4ytt\u00e4j\u00e4yst\u00e4v\u00e4llinen k\u00e4ytt\u00f6liittym\u00e4<\/strong>\n<ul>\n<li>Integroitu PLC (ohjelmoitava logiikkaohjain) ja HMI (ihmisen ja koneen v\u00e4linen k\u00e4ytt\u00f6liittym\u00e4) tarjoavat v\u00e4rin\u00e4yt\u00f6n intuitiivista k\u00e4ytt\u00f6\u00e4 varten, mik\u00e4 helpottaa k\u00e4ytt\u00e4jien testausprosessia.<\/li>\n<\/ul>\n<\/li>\n<li><strong>Monipuoliset testausvaihtoehdot<\/strong>\n<ul>\n<li>Testeri tarjoaa portaattoman nopeuden s\u00e4\u00e4d\u00f6n, jonka avulla k\u00e4ytt\u00e4j\u00e4t voivat mukauttaa testausnopeuden tarpeidensa mukaan. Sek\u00e4 manuaaliset (click-to-move) ett\u00e4 automaattiset testin k\u00e4ynnistysvaihtoehdot takaavat joustavuuden k\u00e4yt\u00f6ss\u00e4.<\/li>\n<\/ul>\n<\/li>\n<li><strong>Turvallisuusominaisuudet<\/strong>\n<ul>\n<li>Testeri on varustettu ylikuormitus- ja iskusuojalla, joka suojaa sek\u00e4 laitetta ett\u00e4 k\u00e4ytt\u00e4j\u00e4\u00e4. Se tukee my\u00f6s kiinte\u00e4n arvon testej\u00e4, mik\u00e4 mahdollistaa testausparametrien, kuten iskun asennon ja pitoajan, tarkan hallinnan.<\/li>\n<\/ul>\n<\/li>\n<li><strong>Tietojen hallinta<\/strong>\n<ul>\n<li>Reaaliaikainen voimak\u00e4yr\u00e4n n\u00e4ytt\u00f6 antaa v\u00e4lit\u00f6nt\u00e4 palautetta testituloksista, ja automaattiset laskelmat maksimi-, minimi- ja keskivoimista parantavat tietojen tarkkuutta ja k\u00e4ytett\u00e4vyytt\u00e4. Valinnainen tietokoneohjelmisto mahdollistaa yksityiskohtaisen tietojen analysoinnin ja raportoinnin.<\/li>\n<\/ul>\n<\/li>\n<li><strong>Mukautetut kalusteet<\/strong>\n<ul>\n<li>R\u00e4\u00e4t\u00e4l\u00f6ityjen kiinnikkeiden saatavuus, mukaan lukien tyhji\u00f6puristusmekanismi, takaa jogurttipurkin kansien turvallisen testauksen, mik\u00e4 edist\u00e4\u00e4 johdonmukaisten ja luotettavien tulosten saavuttamista.<\/li>\n<\/ul>\n<\/li>\n<\/ol>\n<h3><strong>Tekniset tiedot<\/strong><\/h3>\n<table>\n<tbody>\n<tr>\n<td style=\"text-align: center;\" width=\"123\">Testialue<\/td>\n<td style=\"text-align: center;\" width=\"201\">500N (tai tarpeen mukaan)<\/td>\n<\/tr>\n<tr>\n<td style=\"text-align: center;\" width=\"123\">Aivohalvaus<\/td>\n<td style=\"text-align: center;\" width=\"201\">260mm<\/td>\n<\/tr>\n<tr>\n<td style=\"text-align: center;\" width=\"123\">Nopeus<\/td>\n<td style=\"text-align: center;\" width=\"201\">1\uff5e500mm\/min<\/td>\n<\/tr>\n<tr>\n<td style=\"text-align: center;\" width=\"123\">Kaasun paine<\/td>\n<td style=\"text-align: center;\" width=\"201\">0,6 MPa<\/td>\n<\/tr>\n<tr>\n<td style=\"text-align: center;\" width=\"123\">Kaasuportin koko<\/td>\n<td style=\"text-align: center;\" width=\"201\">\u04246 mm<\/td>\n<\/tr>\n<tr>\n<td style=\"text-align: center;\" width=\"123\">Teho<\/td>\n<td style=\"text-align: center;\" width=\"201\">AC 110~220V 50\/60Hz<\/td>\n<\/tr>\n<\/tbody>\n<\/table>\n<p>The <strong>Jogurttiastian kansi Film Peel Tester<\/strong> on korvaamaton ty\u00f6kalu valmistajille, jotka ovat sitoutuneet varmistamaan jogurttipakkaustensa laadun ja turvallisuuden. Koska t\u00e4m\u00e4 testilaite noudattaa vakiintuneita alan standardeja, kuten ASTM F2824 ja ISO 17480, se tukee tiukkoja laadunvarmistusprosesseja ja parantaa tuotteiden luotettavuutta ja kuluttajien luottamusta.<\/p>\n<h2><strong>UKK<\/strong><\/h2>\n<ol>\n<li><strong>Mink\u00e4 tyyppisi\u00e4 s\u00e4ili\u00f6it\u00e4 t\u00e4ll\u00e4 laitteella voidaan testata?<\/strong>\n<ul>\n<li>Testeri soveltuu erilaisille j\u00e4ykille ja puolij\u00e4ykille s\u00e4ili\u00f6ille, mukaan lukien py\u00f6re\u00e4t, soikeat ja suorakulmaiset s\u00e4ili\u00f6t.<\/li>\n<\/ul>\n<\/li>\n<li><strong>Miten testaaja varmistaa tarkat mittaukset?<\/strong>\n<ul>\n<li>Testaaja k\u00e4ytt\u00e4\u00e4 tarkkaa askelmoottoria ja vakaata sis\u00e4ist\u00e4 rakennetta, mik\u00e4 takaa yhdenmukaiset tulokset jokaisen testin aikana.<\/li>\n<\/ul>\n<\/li>\n<li><strong>Voidaanko vetokulmaa s\u00e4\u00e4t\u00e4\u00e4 eri testej\u00e4 varten?<\/strong>\n<ul>\n<li>Kyll\u00e4, vaikka vakiotestauskulma on 45 astetta, testeri mahdollistaa s\u00e4\u00e4d\u00f6t erityisten testausvaatimusten t\u00e4ytt\u00e4miseksi.<\/li>\n<\/ul>\n<\/li>\n<li><strong>Mik\u00e4 on ASTM F2824:n merkitys kuorintatesteiss\u00e4?<\/strong>\n<ul>\n<li><a href=\"https:\/\/www.astm.org\/f2824-10r20.html\" target=\"_blank\" rel=\"noopener nofollow\">ASTM F2824<\/a> provides a standardized method for assessing the mechanical seal strength of flexible peelable lids, ensuring reliable and consistent testing across the industry.<\/li>\n<\/ul>\n<\/li>\n<li><strong>Sis\u00e4ltyyk\u00f6 ohjelma tietojen analysointiin ja mitk\u00e4 ovat sen ominaisuudet?<\/strong>\n<ul>\n<li>Lis\u00e4varusteena on saatavana tietokoneohjelmisto, joka tarjoaa kehittyneit\u00e4 tietojen analysointimahdollisuuksia, mukaan lukien yksityiskohtainen raportointi ja testitulosten graafiset n\u00e4yt\u00f6t.<\/li>\n<\/ul>\n<\/li>\n<\/ol>","protected":false},"excerpt":{"rendered":"<p>The <strong>Jogurttiastian kansi Film Peel Tester<\/strong> on olennainen v\u00e4line jogurttipurkkien kansien mekaanisen tiivistyslujuuden mittaamiseen. T\u00e4ll\u00e4 testilaitteella varmistetaan tuotteen eheys ja kuluttajien turvallisuus arvioimalla voimat, jotka vaaditaan kannen irrottamiseen astiasta. Teollisuudessa, jossa pakkausten laatu vaikuttaa suoraan kuluttajien luottamukseen, t\u00e4ll\u00e4 testilaitteella on ratkaiseva rooli elintarvikepakkausalalla.<\/p>","protected":false},"featured_media":6236,"comment_status":"closed","ping_status":"closed","template":"","meta":{"site-sidebar-layout":"default","site-content-layout":"default","ast-global-header-display":"","ast-main-header-display":"","ast-hfb-above-header-display":"","ast-hfb-below-header-display":"","ast-hfb-mobile-header-display":"","site-post-title":"","ast-breadcrumbs-content":"","ast-featured-img":"","footer-sml-layout":"","theme-transparent-header-meta":"default","adv-header-id-meta":"","stick-header-meta":"","header-above-stick-meta":"","header-main-stick-meta":"","header-below-stick-meta":""},"product_cat":[681,1160,953,956,955,845,954,957,958,952,959,17,16,95],"product_tag":[],"class_list":{"0":"post-5131","1":"product","2":"type-product","3":"status-publish","4":"has-post-thumbnail","6":"product_cat-peel-tester","7":"product_cat-astm-f2824","8":"product_cat-bursting-tester","9":"product_cat-cobb-tester","10":"product_cat-crush-tester","11":"product_cat-customization","12":"product_cat-paper-tear-tester","13":"product_cat-plybond-tester","14":"product_cat-puncture-tester","15":"product_cat-rub-tester","16":"product_cat-stiffness-tester","17":"product_cat-package-container-testers","18":"product_cat-plastic-packaging-testers","19":"product_cat-products","20":"desktop-align-left","21":"tablet-align-left","22":"mobile-align-left","24":"first","25":"instock","26":"shipping-taxable","27":"product-type-simple"},"_links":{"self":[{"href":"https:\/\/www.qualitester.com\/fi\/wp-json\/wp\/v2\/product\/5131","targetHints":{"allow":["GET"]}}],"collection":[{"href":"https:\/\/www.qualitester.com\/fi\/wp-json\/wp\/v2\/product"}],"about":[{"href":"https:\/\/www.qualitester.com\/fi\/wp-json\/wp\/v2\/types\/product"}],"replies":[{"embeddable":true,"href":"https:\/\/www.qualitester.com\/fi\/wp-json\/wp\/v2\/comments?post=5131"}],"version-history":[{"count":1,"href":"https:\/\/www.qualitester.com\/fi\/wp-json\/wp\/v2\/product\/5131\/revisions"}],"predecessor-version":[{"id":7934,"href":"https:\/\/www.qualitester.com\/fi\/wp-json\/wp\/v2\/product\/5131\/revisions\/7934"}],"wp:featuredmedia":[{"embeddable":true,"href":"https:\/\/www.qualitester.com\/fi\/wp-json\/wp\/v2\/media\/6236"}],"wp:attachment":[{"href":"https:\/\/www.qualitester.com\/fi\/wp-json\/wp\/v2\/media?parent=5131"}],"wp:term":[{"taxonomy":"product_cat","embeddable":true,"href":"https:\/\/www.qualitester.com\/fi\/wp-json\/wp\/v2\/product_cat?post=5131"},{"taxonomy":"product_tag","embeddable":true,"href":"https:\/\/www.qualitester.com\/fi\/wp-json\/wp\/v2\/product_tag?post=5131"}],"curies":[{"name":"wp","href":"https:\/\/api.w.org\/{rel}","templated":true}]}}