{"id":5119,"date":"2024-10-29T16:40:38","date_gmt":"2024-10-29T08:40:38","guid":{"rendered":"https:\/\/www.qualitester.com\/?post_type=product&#038;p=5119"},"modified":"2024-12-05T11:48:42","modified_gmt":"2024-12-05T03:48:42","slug":"sale-injection-vial-cap-open-force-tester","status":"publish","type":"product","link":"https:\/\/www.qualitester.com\/fi\/tuote\/sale-injection-vial-cap-open-force-tester\/","title":{"rendered":"LSG-01 Alumiini-muovi yhdistelm\u00e4korkin avautumisvoimatesteri"},"content":{"rendered":"<h2>Johdanto<\/h2>\n<p>The <strong>Injektiopullon korkin avoimen voiman testaaja<\/strong> on erikoislaite, joka on suunniteltu l\u00e4\u00e4kepakkauksissa k\u00e4ytett\u00e4vien alumiini-muoviyhdistelm\u00e4korkkien avautumisvoiman arviointiin. N\u00e4iden sulkimien eheyden ja luotettavuuden varmistaminen on ratkaisevan t\u00e4rke\u00e4\u00e4 tuoteturvallisuuden ja tehokkuuden yll\u00e4pit\u00e4miseksi. T\u00e4ll\u00e4 testilaitteella on t\u00e4rke\u00e4 rooli laadunvalvonnassa, sill\u00e4 se auttaa valmistajia t\u00e4ytt\u00e4m\u00e4\u00e4n viranomaisvaatimukset ja lis\u00e4\u00e4m\u00e4\u00e4n kuluttajien luottamusta.<\/p>\n<h2>Hakemus<\/h2>\n<p>Alumiini-muoviyhdistelm\u00e4korkkeja k\u00e4ytet\u00e4\u00e4n laajalti pakkausteollisuudessa l\u00e4\u00e4kkeit\u00e4, juomia ja kosmetiikkaa sis\u00e4lt\u00e4vien pullojen sulkemiseen. N\u00e4iss\u00e4 sulkimissa yhdistyv\u00e4t tehokkaasti alumiinin lujuus ja esteominaisuudet sek\u00e4 muovin joustavuus ja kustannustehokkuus. Vankka rakenne takaa v\u00e4\u00e4rent\u00e4misen varman todentamisen ja auttaa s\u00e4ilytt\u00e4m\u00e4\u00e4n tuotteen eheyden, joten ne sopivat erinomaisesti l\u00e4\u00e4keteollisuuteen, jossa turvallisuus ja luotettavuus ovat ensiarvoisen t\u00e4rkeit\u00e4.<\/p>\n<h2>Alumiini-muoviyhdistelm\u00e4korkkien koostumus<\/h2>\n<ul>\n<li><strong>Alumiini komponentti<\/strong>: N\u00e4iden korkkien ulkokuori on usein valmistettu alumiinista, joka tarjoaa vankan ja v\u00e4\u00e4rent\u00e4misen varman sulkemisen ja houkuttelevan viimeistelyn. Sen lujuus tarjoaa erinomaisen suojan ymp\u00e4rist\u00f6tekij\u00f6it\u00e4 vastaan.<\/li>\n<li><strong>Muovinen komponentti<\/strong>: Muovia k\u00e4ytet\u00e4\u00e4n tyypillisesti sis\u00e4vuorauksessa tai sulkumekanismissa, ja se takaa tiiviin sulkeutumisen ja mahdollistaa samalla helpon avaamisen. T\u00e4m\u00e4 materiaaliyhdistelm\u00e4 maksimoi toiminnallisuuden ja k\u00e4ytt\u00f6mukavuuden.<\/li>\n<\/ul>\n<h2>Testausmenetelm\u00e4t ja -standardit<\/h2>\n<ul>\n<li><a href=\"https:\/\/www.iso.org\/standard\/82226.html\" target=\"_blank\" rel=\"noopener nofollow\"><strong>ISO 8872<\/strong><\/a>: T\u00e4ss\u00e4 standardissa esitet\u00e4\u00e4n testausmenetelm\u00e4t, joilla m\u00e4\u00e4ritet\u00e4\u00e4n v\u00e4lilehden repeytymisvoima, joka on ratkaisevan t\u00e4rke\u00e4 helppok\u00e4ytt\u00f6isyyden ja toimivuuden varmistamiseksi.<\/li>\n<li><a href=\"https:\/\/www.qualitester.com\/fi\/tuote-osasto-2\/iso\/iso-10985\/\" target=\"_blank\" rel=\"noopener\"><strong>ISO 10985<\/strong><\/a>: M\u00e4\u00e4ritt\u00e4\u00e4 muoviosien irrottamiseen vaadittavan voiman ja varmistaa, ett\u00e4 korkit ovat sek\u00e4 turvallisia ett\u00e4 k\u00e4ytt\u00e4j\u00e4yst\u00e4v\u00e4llisi\u00e4.<\/li>\n<li><strong>ISO 8536-sarja<\/strong>: Kattaa alumiiniosien veto- ja venytysvoimakokeet, jotka ovat v\u00e4ltt\u00e4m\u00e4tt\u00f6mi\u00e4 sulkumateriaalien mekaanisten ominaisuuksien arvioimiseksi.<\/li>\n<li><strong>Muut asiaankuuluvat standardit<\/strong>:\n<ul>\n<li><strong>ISO 7500-1<\/strong>: Yleiset vaatimukset testauskoneille.<\/li>\n<li><strong>ISO 8362-6 ja ISO 8362-7.<\/strong>: Keskity injektiopullojen ja sulkimien eritelmiin ja varmista yhteensopivuus ja suorituskyky.<\/li>\n<\/ul>\n<\/li>\n<\/ul>\n<h2>Alumiini-muoviyhdistelm\u00e4korkkien voimakokeet<\/h2>\n<p>The <strong>Injektiopullon korkin avoimen voiman testaaja<\/strong> voi suorittaa useita kriittisi\u00e4 testej\u00e4, kuten:<\/p>\n<ol>\n<li><strong>V\u00e4lilehti Tear-Off Force<\/strong>: Arvioi v\u00e4lilehden irrottamiseen tarvittavan voiman ja varmistaa n\u00e4in k\u00e4ytt\u00e4j\u00e4n saavutettavuuden.<\/li>\n<li><strong>Muovikomponenttien irrottamiseen tarvittava voima<\/strong>: Mittaa korkin muoviosien eheytt\u00e4.<\/li>\n<li><strong>Alumiiniosien veto- ja venymisvoima<\/strong>: Arvioi alumiinikomponentin lujuutta ja joustavuutta, mik\u00e4 on ratkaisevan t\u00e4rke\u00e4\u00e4 tiivisteen eheyden s\u00e4ilytt\u00e4miseksi k\u00e4sittelyn aikana.<\/li>\n<\/ol>\n<h2>Injektiopullon korkin avautumisvoimatestin tekniset ominaisuudet<\/h2>\n<ul>\n<li><strong>Teollisuusluokan PLC-ohjausj\u00e4rjestelm\u00e4<\/strong>: Tarjoaa vakaan, tarkan ja helpon k\u00e4yt\u00f6n k\u00e4ytt\u00e4j\u00e4yst\u00e4v\u00e4llisen HMI-k\u00e4ytt\u00f6liittym\u00e4n avulla.<\/li>\n<li><strong>Monipuoliset testausmahdollisuudet<\/strong>: Yhteensopiva erilaisten lis\u00e4varusteiden kanssa veto-, puristus-, murtovoima-, kovuus-, kuoriutumis-, avautumis-, puhkaisu- ja ty\u00f6nt\u00f6-vetotestej\u00e4 varten.<\/li>\n<li><strong>Reaaliaikainen tietojenk\u00e4sittely<\/strong>: N\u00e4ytt\u00e4\u00e4 testitulokset reaaliajassa, mik\u00e4 helpottaa v\u00e4lit\u00f6nt\u00e4 analysointia.<\/li>\n<li><strong>Tulosten s\u00e4ilytt\u00e4miseen tarkoitettu mikrotulostin<\/strong>: Varustettu pistematriisitulostimella, joka takaa testitulosten pitk\u00e4aikaisen s\u00e4ilymisen.<\/li>\n<li><strong>Turvallisuusominaisuudet<\/strong>: Sis\u00e4lt\u00e4\u00e4 virrankatkaisuparametrien muistin, ylikuormitussuojan, raja-arvosuojauksen ja automaattisen paluun testien p\u00e4\u00e4tytty\u00e4.<\/li>\n<li><strong>Viestint\u00e4liit\u00e4nt\u00e4<\/strong>: Sis\u00e4lt\u00e4\u00e4 RS232-liit\u00e4nn\u00e4n ja lis\u00e4varusteena saatavan ammattik\u00e4ytt\u00f6\u00f6n tarkoitetun ohjelmiston, joka parantaa tiedonhallintaa.<\/li>\n<\/ul>\n<h2>Laajat sovellukset<\/h2>\n<p>The <strong>Injektiopullon korkin avoimen voiman testaaja<\/strong> soveltuu erilaisiin l\u00e4\u00e4ketieteellisess\u00e4 pakkausteollisuudessa teht\u00e4viin testeihin, joilla varmistetaan pakkausmateriaalien ja -komponenttien laatu ja turvallisuus. K\u00e4ytt\u00f6kohteita ovat mm:<\/p>\n<ul>\n<li>Ampullopullon murtovoimakokeet.<\/li>\n<li>Infuusiopullon korkin avautumisvoima ja rep\u00e4isylevyn rep\u00e4isyvoima.<\/li>\n<li>Alumiinifolion, PVC-levyjen ja komposiittikalvojen kuumasaumauslujuus-, vetolujuus-, kuorintalujuus- ja venymiskokeet.<\/li>\n<\/ul>\n<p>The <strong>Injektiopullon korkin avoimen voiman testaaja<\/strong> on olennaisen t\u00e4rke\u00e4 valmistajille, jotka haluavat taata alumiini-muoviyhdistelm\u00e4korkkiensa turvallisuuden ja luotettavuuden. Noudattamalla alan standardeja ja suorittamalla tiukkoja testej\u00e4 valmistajat voivat varmistaa tuotteen eheyden ja lis\u00e4t\u00e4 kuluttajien luottamusta. Investoi Injection Vial Cap Open Force Tester -laitteeseen laadunvarmistusprosessien parantamiseksi.<\/p>\n<h2>UKK<\/h2>\n<ol>\n<li><strong>Mik\u00e4 on injektiopullon korkin avautumisvoimatestin tarkoitus?<\/strong>\n<ul>\n<li>Se mittaa voiman, joka tarvitaan alumiini-muoviyhdistelm\u00e4korkkien avaamiseen, varmistaen helppok\u00e4ytt\u00f6isyyden ja tuotteen eheyden.<\/li>\n<\/ul>\n<\/li>\n<li><strong>Mit\u00e4 standardeja t\u00e4m\u00e4 testaaja noudattaa?<\/strong>\n<ul>\n<li>Testaaja on muun muassa ISO 8872, ISO 10985 ja ISO 8536 -standardien mukainen, mik\u00e4 takaa tiukat testausmenetelm\u00e4t.<\/li>\n<\/ul>\n<\/li>\n<li><strong>Voidaanko testilaitetta k\u00e4ytt\u00e4\u00e4 erityyppisille korkkeille?<\/strong>\n<ul>\n<li>Kyll\u00e4, se on yhteensopiva useiden korkkityyppien kanssa, my\u00f6s l\u00e4\u00e4kkeiss\u00e4, juomissa ja kosmetiikassa k\u00e4ytett\u00e4vien korkkien kanssa.<\/li>\n<\/ul>\n<\/li>\n<li><strong>Mitk\u00e4 tekniset ominaisuudet parantavat sen k\u00e4ytett\u00e4vyytt\u00e4?<\/strong>\n<ul>\n<li>Siin\u00e4 on PLC-ohjausj\u00e4rjestelm\u00e4, reaaliaikainen tieton\u00e4ytt\u00f6 ja mikrotulostin testitulosten s\u00e4ilytt\u00e4mist\u00e4 varten.<\/li>\n<\/ul>\n<\/li>\n<li><strong>Soveltuuko testeri sek\u00e4 tutkimus- ett\u00e4 tuotantoymp\u00e4rist\u00f6ihin?<\/strong>\n<ul>\n<li>Se on ehdottomasti suunniteltu monipuoliseksi, joten se soveltuu sek\u00e4 laboratorio- ett\u00e4 tuotantolinjatestaukseen.<\/li>\n<\/ul>\n<\/li>\n<\/ol>","protected":false},"excerpt":{"rendered":"<p>Johdanto Injektiopullon korkin avautumisvoiman testauslaite on erikoislaite, joka on suunniteltu l\u00e4\u00e4kepakkauksissa k\u00e4ytett\u00e4vien alumiini-muoviyhdistelm\u00e4korkkien avautumisvoiman arviointiin. N\u00e4iden sulkimien eheyden ja luotettavuuden varmistaminen on ratkaisevan t\u00e4rke\u00e4\u00e4 tuoteturvallisuuden ja tehokkuuden yll\u00e4pit\u00e4miseksi. T\u00e4ll\u00e4 testilaitteella on t\u00e4rke\u00e4 rooli laadunvalvonnassa, sill\u00e4 se auttaa valmistajia t\u00e4ytt\u00e4m\u00e4\u00e4n ...<\/p>\n<p class=\"read-more\"> <a class=\"\" href=\"https:\/\/www.qualitester.com\/fi\/tuote\/sale-injection-vial-cap-open-force-tester\/\"> <span class=\"screen-reader-text\">LSG-01 Alumiini-muovi yhdistelm\u00e4korkin avautumisvoimatesteri<\/span> Lue lis\u00e4\u00e4 \"<\/a><\/p>","protected":false},"featured_media":6213,"comment_status":"closed","ping_status":"closed","template":"","meta":{"site-sidebar-layout":"default","site-content-layout":"default","ast-global-header-display":"","ast-main-header-display":"","ast-hfb-above-header-display":"","ast-hfb-below-header-display":"","ast-hfb-mobile-header-display":"","site-post-title":"","ast-breadcrumbs-content":"","ast-featured-img":"","footer-sml-layout":"","theme-transparent-header-meta":"default","adv-header-id-meta":"","stick-header-meta":"","header-above-stick-meta":"","header-main-stick-meta":"","header-below-stick-meta":""},"product_cat":[934,845,1050,1049,1051,1052,1048,17,149,16,95],"product_tag":[],"class_list":{"0":"post-5119","1":"product","2":"type-product","3":"status-publish","4":"has-post-thumbnail","6":"product_cat-medical-packaging-tester","7":"product_cat-customization","8":"product_cat-iso-10985","9":"product_cat-iso-7500-1","10":"product_cat-iso-8362-6","11":"product_cat-iso-8362-7","12":"product_cat-iso-8872","13":"product_cat-package-container-testers","14":"product_cat-pharma-and-medical-testers","15":"product_cat-plastic-packaging-testers","16":"product_cat-products","17":"desktop-align-left","18":"tablet-align-left","19":"mobile-align-left","21":"first","22":"instock","23":"shipping-taxable","24":"product-type-simple"},"_links":{"self":[{"href":"https:\/\/www.qualitester.com\/fi\/wp-json\/wp\/v2\/product\/5119","targetHints":{"allow":["GET"]}}],"collection":[{"href":"https:\/\/www.qualitester.com\/fi\/wp-json\/wp\/v2\/product"}],"about":[{"href":"https:\/\/www.qualitester.com\/fi\/wp-json\/wp\/v2\/types\/product"}],"replies":[{"embeddable":true,"href":"https:\/\/www.qualitester.com\/fi\/wp-json\/wp\/v2\/comments?post=5119"}],"version-history":[{"count":0,"href":"https:\/\/www.qualitester.com\/fi\/wp-json\/wp\/v2\/product\/5119\/revisions"}],"wp:featuredmedia":[{"embeddable":true,"href":"https:\/\/www.qualitester.com\/fi\/wp-json\/wp\/v2\/media\/6213"}],"wp:attachment":[{"href":"https:\/\/www.qualitester.com\/fi\/wp-json\/wp\/v2\/media?parent=5119"}],"wp:term":[{"taxonomy":"product_cat","embeddable":true,"href":"https:\/\/www.qualitester.com\/fi\/wp-json\/wp\/v2\/product_cat?post=5119"},{"taxonomy":"product_tag","embeddable":true,"href":"https:\/\/www.qualitester.com\/fi\/wp-json\/wp\/v2\/product_tag?post=5119"}],"curies":[{"name":"wp","href":"https:\/\/api.w.org\/{rel}","templated":true}]}}