{"id":5110,"date":"2024-10-29T16:23:12","date_gmt":"2024-10-29T08:23:12","guid":{"rendered":"https:\/\/www.qualitester.com\/?post_type=product&#038;p=5110"},"modified":"2024-12-05T11:31:23","modified_gmt":"2024-12-05T03:31:23","slug":"sale-soft-gel-capsule-hardness-tester","status":"publish","type":"product","link":"https:\/\/www.qualitester.com\/fi\/tuote\/sale-soft-gel-capsule-hardness-tester\/","title":{"rendered":"CHT-01 Pehme\u00e4n geelikapselin kovuuden testaaja"},"content":{"rendered":"<h2><strong>Johdanto pehme\u00e4n geelikapselin kovuusmittariin<\/strong><\/h2>\n<p>L\u00e4\u00e4ke- ja ravintotuoteteollisuudessa laadunvalvonta on ensiarvoisen t\u00e4rke\u00e4\u00e4. Sen varmistaminen, ett\u00e4 pehme\u00e4t geelikapselit s\u00e4ilytt\u00e4v\u00e4t rakenteellisen eheytens\u00e4 pakkaus-, varastointi- ja jakeluprosessien aikana, on ratkaisevan t\u00e4rke\u00e4\u00e4. Osoitteessa <strong>Pehme\u00e4n geelikapselin kovuusmittari<\/strong>, erityisesti <strong>CHT-01 Kapselin ja pehme\u00e4n geelin kovuusmittari<\/strong>, on eritt\u00e4in tarkka laite, joka on suunniteltu mittaamaan kapselin kiinteytt\u00e4, joustavuutta ja yleist\u00e4 lujuutta. Arvioimalla keskeisi\u00e4 tekij\u00f6it\u00e4, kuten kovuutta, muodonmuutosta ja tiivisteen lujuutta, t\u00e4m\u00e4 testilaite auttaa valmistajia takaamaan, ett\u00e4 heid\u00e4n tuotteensa ovat turvallisia, tehokkaita ja korkealaatuisia.<\/p>\n<h2><strong>Miksi testata pehmeiden geelikapselien kovuus ja kiinteys?<\/strong><\/h2>\n<p>Pehmytgeelikapseleita k\u00e4ytet\u00e4\u00e4n laajalti vitamiinien, kivenn\u00e4isaineiden ja l\u00e4\u00e4kkeiden toimittamiseen vakaassa ja suojaavassa gelatiinikuoressa. N\u00e4iss\u00e4 kapseleissa ihanteellisen kiinteystason s\u00e4ilytt\u00e4minen on t\u00e4rke\u00e4\u00e4 - ei ainoastaan sis\u00e4ll\u00e4 olevien aktiivisten ainesosien suojaamiseksi vaan my\u00f6s sis\u00e4ll\u00f6n hallitun vapautumisen varmistamiseksi nautittaessa. Kovuuden testaaminen paljastaa, miten kapseli toimii eri olosuhteissa pakkaamisesta ja kuljetuksesta kuluttajan kokemukseen. . <strong>Pehme\u00e4n geelikapselin kovuusmittari<\/strong> on elint\u00e4rke\u00e4\u00e4 kapselin sein\u00e4mien tai tiivisteiden heikkouksien tunnistamiseksi ja ongelmien ehk\u00e4isemiseksi ennen kuin ne p\u00e4\u00e4sev\u00e4t markkinoille.<\/p>\n<h2><strong>Pehme\u00e4n geelikapselin kovuusmittarin t\u00e4rkeimm\u00e4t ominaisuudet<\/strong><\/h2>\n<ul>\n<li><strong>Korkean tarkkuuden testausmahdollisuudet<\/strong><br \/>\nT\u00e4m\u00e4 testauslaite on varustettu edistyksellisell\u00e4 tekniikalla, kuten PLC-ohjausyksik\u00f6ll\u00e4, tarkkuuskuularuuvilla ja askelmoottorilla, ja se tuottaa luotettavia ja tarkkoja tuloksia, jotka tukevat tiukkoja laatuvaatimuksia.<\/li>\n<li><strong>Monipuoliset testiohjelmat<\/strong><br \/>\nTarjoamalla useita vakio-ohjelmia-<strong>Voima<\/strong> (tietyn voiman kohdistaminen ja et\u00e4isyyden mittaaminen), <strong>Huippu<\/strong> (kapselin repeytymisen maksimivoiman mittaaminen) ja <strong>Et\u00e4isyys<\/strong> (mittaa voimaa kiinte\u00e4ll\u00e4 et\u00e4isyydell\u00e4) - Soft Gel Capsule Hardness Tester mahdollistaa kattavan testauksen kapselin eheyden kaikkien osa-alueiden ymm\u00e4rt\u00e4miseksi.<\/li>\n<li><strong>K\u00e4ytt\u00e4j\u00e4yst\u00e4v\u00e4llinen k\u00e4ytt\u00f6liittym\u00e4 ja ohjaus<\/strong><br \/>\n7-tuumaisen HMI-kosketusn\u00e4yt\u00f6n avulla k\u00e4ytt\u00e4j\u00e4t voivat vaivattomasti m\u00e4\u00e4ritt\u00e4\u00e4 asetuksia, hallita testiohjelmia ja visualisoida tuloksia. T\u00e4m\u00e4 intuitiivinen muotoilu parantaa ty\u00f6nkulkua ja helpottaa nopeita s\u00e4\u00e4t\u00f6j\u00e4 testivaatimusten mukaan.<\/li>\n<li><strong>Parannettu tehokkuus ja turvallisuusominaisuudet<\/strong><br \/>\nPy\u00f6riv\u00e4 p\u00f6yt\u00e4, automaattinen staattinen tiedonkeruu ja ylikuormitussuoja parantavat tehokkuutta ja turvallisuutta. N\u00e4m\u00e4 ominaisuudet tehostavat testausta ja suojaavat laitetta liialliselta k\u00e4yt\u00f6lt\u00e4 maksimoiden sen k\u00e4ytt\u00f6i\u00e4n ja luotettavuuden.<\/li>\n<\/ul>\n<h2><strong>Pehme\u00e4n geelikapselin kovuuden ja kiinteyden yksityiskohtaiset testausmenetelm\u00e4t<\/strong><\/h2>\n<ul>\n<li><strong>Puristustesti<\/strong><br \/>\nPuristustestiss\u00e4 halkaisijaltaan 10 mm:n tai pinta-alaltaan 10 mm\u00b2:n sylinterim\u00e4inen koetin painaa kapselia, kunnes kapselissa tapahtuu muodonmuutos tai repe\u00e4m\u00e4. T\u00e4m\u00e4 simuloi fyysisi\u00e4 rasituksia, joita kapseliin voi kohdistua todellisissa olosuhteissa, kuten pakkaamisessa ja kuljetuksessa. Testaamalla puristusta valmistajat saavat tietoa kapselin kest\u00e4vyydest\u00e4 ja vahingoittumattomuudesta.<\/li>\n<li><strong>Kiinteyden ja tiivisteen lujuuden testaus<\/strong><br \/>\nKiinteyden testauksessa arvioidaan, kuinka paljon kapseli deformoituu tietyss\u00e4 puristuskuormituksessa, jolloin saadaan tietoa kapselin kimmoisuudesta ja joustavuudesta. Lis\u00e4ksi tiivisteen lujuusmittauksessa mitataan kapselin tiivisteen murtamiseen tarvittava voima, jolla varmistetaan, ettei kapseli repe\u00e4 ennenaikaisesti ja ett\u00e4 se vapauttaa sis\u00e4lt\u00f6ns\u00e4 vain aiotuissa olosuhteissa.<\/li>\n<\/ul>\n<h2><strong>Tekniset tiedot ja parametrit<\/strong><\/h2>\n<table>\n<tbody>\n<tr>\n<td width=\"184\">Testialue<\/td>\n<td width=\"289\">0~200N (tai tarpeen mukaan)<\/td>\n<\/tr>\n<tr>\n<td width=\"184\">Aivohalvaus<\/td>\n<td width=\"289\">200mm (ilman puristinta)<\/td>\n<\/tr>\n<tr>\n<td width=\"184\">Nopeus<\/td>\n<td width=\"289\">1~300mm\/min (tai tarpeen mukaan)<\/td>\n<\/tr>\n<tr>\n<td width=\"184\">Siirtym\u00e4n tarkkuus<\/td>\n<td width=\"289\">0.01mm<\/td>\n<\/tr>\n<tr>\n<td width=\"184\">Tarkkuus<\/td>\n<td width=\"289\">0.5% F.S.<\/td>\n<\/tr>\n<tr>\n<td width=\"184\">L\u00e4ht\u00f6<\/td>\n<td width=\"289\">N\u00e4ytt\u00f6, mikrotulostin, RS232 (valinnainen)<\/td>\n<\/tr>\n<tr>\n<td width=\"184\">Teho<\/td>\n<td width=\"289\">110~ 220V 50\/60Hz<\/td>\n<\/tr>\n<\/tbody>\n<\/table>\n<h2><strong>Pehme\u00e4n geelikapselin kovuusmittarin edut<\/strong><\/h2>\n<ul>\n<li><strong>Kattava laadunvarmistustestaus<\/strong><br \/>\nMonitestiominaisuuksien ansiosta t\u00e4m\u00e4n testilaitteen avulla valmistajat voivat arvioida kapselien kest\u00e4vyytt\u00e4, tasaisuutta ja rakenteellista lujuutta. T\u00e4m\u00e4 parantaa tuotteiden laatua ja asiakastyytyv\u00e4isyytt\u00e4.<\/li>\n<li><strong>Mukautettavat kiinnitysvaihtoehdot monipuoliseen testaukseen<\/strong><br \/>\nTesteriss\u00e4 on erilaisia kiinnikkeit\u00e4 ja kiinnityslaitteita, ja se soveltuu eri kapselikokoisiin ja -muotoisiin kapseleihin, mik\u00e4 tekee siit\u00e4 monipuolisen monenlaisiin pehme\u00e4n geelin sovelluksiin.<\/li>\n<li><strong>Rakennettu pitk\u00e4ik\u00e4ist\u00e4 kest\u00e4vyytt\u00e4 varten<\/strong><br \/>\nVankkojen komponenttien ja kehittyneiden mekanismien ansiosta testeri on rakennettu tarjoamaan pitk\u00e4n k\u00e4ytt\u00f6i\u00e4n ja maksimoimaan sijoitetun p\u00e4\u00e4oman tuotto samalla kun se v\u00e4hent\u00e4\u00e4 seisonta-aikoja ja huoltoa.<\/li>\n<\/ul>\n<h2><strong>Pehme\u00e4n geelikapselin kovuusmittarin sovellukset<\/strong><\/h2>\n<p>T\u00e4m\u00e4 laite on v\u00e4ltt\u00e4m\u00e4t\u00f6n l\u00e4\u00e4ke- ja ravitsemusalan tuotantoymp\u00e4rist\u00f6iss\u00e4, joissa vitamiineja, kivenn\u00e4isaineita ja muita nestem\u00e4isi\u00e4 l\u00e4\u00e4kkeit\u00e4 sis\u00e4lt\u00e4v\u00e4t pehme\u00e4t geelikapselit vaativat tiukkaa laadunvalvontaa. Pehmytgeelikapselien kovuuden testaajalla on ratkaiseva rooli valmistuksen, pakkaamisen ja k\u00e4sittelyn laadunvarmistuksessa, sill\u00e4 se varmistaa, ett\u00e4 kapselit s\u00e4ilytt\u00e4v\u00e4t eheytens\u00e4 ja tehokkuutensa kuluttajalle asti.<\/p>\n<hr \/>\n<h2><strong>FAQ-osio<\/strong><\/h2>\n<ul>\n<li><strong>Q1<\/strong>: <em>Mink\u00e4 tyyppisi\u00e4 kapseleita t\u00e4ll\u00e4 laitteella voidaan testata?<\/em><br \/>\n<strong>A<\/strong>: Pehme\u00e4n geelikapselin kovuusmittari on ihanteellinen l\u00e4\u00e4kkeiss\u00e4 ja ravitsemusl\u00e4\u00e4kkeiss\u00e4 k\u00e4ytett\u00e4vien pehmeiden geelikapselien testaamiseen, mukaan lukien vitamiineja ja nestem\u00e4isi\u00e4 l\u00e4\u00e4kkeit\u00e4 sis\u00e4lt\u00e4v\u00e4t kapselit.<\/li>\n<li><strong>Q2<\/strong>: <em>Mik\u00e4 on kiinteystestin merkitys?<\/em><br \/>\n<strong>A<\/strong>: Kiinteyden testauksessa arvioidaan kapselin sein\u00e4m\u00e4n lujuus ja joustavuus, mik\u00e4 auttaa varmistamaan, etteiv\u00e4t kapselit repe\u00e4 tavanomaisen k\u00e4sittelyn, varastoinnin tai pakkaamisen aikana.<\/li>\n<li><strong>Q3<\/strong>: <em>Voiko t\u00e4m\u00e4 testeri mitata kimmoisuutta?<\/em><br \/>\n<strong>A<\/strong>: Kyll\u00e4, se mittaa kapselin kimmoisuuden mittaamalla sein\u00e4m\u00e4n muodonmuutoksen m\u00e4\u00e4ritellyn puristuskuorman alaisena, mik\u00e4 varmistaa, ett\u00e4 kapselit ovat joustavia mutta kest\u00e4vi\u00e4.<\/li>\n<li><strong>Q4<\/strong>: <em>Onko CHT-01 muokattavissa tietyille kapselityypeille?<\/em><br \/>\n<strong>A<\/strong>: Kyll\u00e4, testauslaite voidaan r\u00e4\u00e4t\u00e4l\u00f6id\u00e4 erilaisilla kiinnikkeill\u00e4 ja jigeill\u00e4, jotta se soveltuu erimuotoisille ja -kokoisille kapseleille, mik\u00e4 tekee siit\u00e4 sopivan erilaisiin testaustarpeisiin.<\/li>\n<li><strong>Q5<\/strong>: <em>Mit\u00e4 tulostusvaihtoehtoja on k\u00e4ytett\u00e4viss\u00e4 tietojen tallentamiseen?<\/em><br \/>\n<strong>A<\/strong>: Testeri n\u00e4ytt\u00e4\u00e4 tiedot n\u00e4yt\u00f6ll\u00e4, mahdollistaa tulostuksen mikrotulostimella ja tarjoaa lis\u00e4varusteena RS232-liit\u00e4nn\u00e4n digitaalisten tietojen vienti\u00e4 varten.<\/li>\n<\/ul>","protected":false},"excerpt":{"rendered":"<p>L\u00e4\u00e4ke- ja ravintotuoteteollisuudessa laadunvalvonta on ensiarvoisen t\u00e4rke\u00e4\u00e4. Sen varmistaminen, ett\u00e4 pehme\u00e4t geelikapselit s\u00e4ilytt\u00e4v\u00e4t rakenteellisen eheytens\u00e4 pakkaus-, varastointi- ja jakeluprosessien aikana, on ratkaisevan t\u00e4rke\u00e4\u00e4. Osoitteessa <strong>Pehme\u00e4n geelikapselin kovuusmittari<\/strong>, erityisesti <strong>CHT-01 Kapselin ja pehme\u00e4n geelin kovuusmittari<\/strong>, on eritt\u00e4in tarkka laite, joka on suunniteltu mittaamaan kapselin kiinteytt\u00e4, joustavuutta ja yleist\u00e4 lujuutta. Arvioimalla keskeisi\u00e4 tekij\u00f6it\u00e4, kuten kovuutta, muodonmuutosta ja tiivisteen lujuutta, t\u00e4m\u00e4 testilaite auttaa valmistajia takaamaan, ett\u00e4 heid\u00e4n tuotteensa ovat turvallisia, tehokkaita ja korkealaatuisia.<\/p>","protected":false},"featured_media":6205,"comment_status":"closed","ping_status":"closed","template":"","meta":{"site-sidebar-layout":"default","site-content-layout":"default","ast-global-header-display":"","ast-main-header-display":"","ast-hfb-above-header-display":"","ast-hfb-below-header-display":"","ast-hfb-mobile-header-display":"","site-post-title":"","ast-breadcrumbs-content":"","ast-featured-img":"","footer-sml-layout":"","theme-transparent-header-meta":"default","adv-header-id-meta":"","stick-header-meta":"","header-above-stick-meta":"","header-main-stick-meta":"","header-below-stick-meta":""},"product_cat":[845,953,956,955,1054,954,957,958,952,959,149,95],"product_tag":[],"class_list":{"0":"post-5110","1":"product","2":"type-product","3":"status-publish","4":"has-post-thumbnail","6":"product_cat-customization","7":"product_cat-bursting-tester","8":"product_cat-cobb-tester","9":"product_cat-crush-tester","10":"product_cat-hardness-tester","11":"product_cat-paper-tear-tester","12":"product_cat-plybond-tester","13":"product_cat-puncture-tester","14":"product_cat-rub-tester","15":"product_cat-stiffness-tester","16":"product_cat-pharma-and-medical-testers","17":"product_cat-products","18":"desktop-align-left","19":"tablet-align-left","20":"mobile-align-left","22":"first","23":"instock","24":"shipping-taxable","25":"product-type-simple"},"_links":{"self":[{"href":"https:\/\/www.qualitester.com\/fi\/wp-json\/wp\/v2\/product\/5110","targetHints":{"allow":["GET"]}}],"collection":[{"href":"https:\/\/www.qualitester.com\/fi\/wp-json\/wp\/v2\/product"}],"about":[{"href":"https:\/\/www.qualitester.com\/fi\/wp-json\/wp\/v2\/types\/product"}],"replies":[{"embeddable":true,"href":"https:\/\/www.qualitester.com\/fi\/wp-json\/wp\/v2\/comments?post=5110"}],"version-history":[{"count":0,"href":"https:\/\/www.qualitester.com\/fi\/wp-json\/wp\/v2\/product\/5110\/revisions"}],"wp:featuredmedia":[{"embeddable":true,"href":"https:\/\/www.qualitester.com\/fi\/wp-json\/wp\/v2\/media\/6205"}],"wp:attachment":[{"href":"https:\/\/www.qualitester.com\/fi\/wp-json\/wp\/v2\/media?parent=5110"}],"wp:term":[{"taxonomy":"product_cat","embeddable":true,"href":"https:\/\/www.qualitester.com\/fi\/wp-json\/wp\/v2\/product_cat?post=5110"},{"taxonomy":"product_tag","embeddable":true,"href":"https:\/\/www.qualitester.com\/fi\/wp-json\/wp\/v2\/product_tag?post=5110"}],"curies":[{"name":"wp","href":"https:\/\/api.w.org\/{rel}","templated":true}]}}