{"id":4401,"date":"2024-07-23T11:40:39","date_gmt":"2024-07-23T03:40:39","guid":{"rendered":"https:\/\/www.qualitester.com\/?post_type=product&#038;p=4401"},"modified":"2024-12-27T14:18:45","modified_gmt":"2024-12-27T06:18:45","slug":"best-balloon-burst-tester-for-sale","status":"publish","type":"product","link":"https:\/\/www.qualitester.com\/fi\/tuote\/best-balloon-burst-tester-for-sale\/","title":{"rendered":"LSST-01 Vuodon ja tiivisteen lujuuden testaaja"},"content":{"rendered":"<p>The <strong>Ilmapallon puhkeamisen testaaja<\/strong> on monipuolinen, ja sit\u00e4 k\u00e4ytet\u00e4\u00e4n eri aloilla, pakkausmateriaaleissa, kuten muovikalvoissa ja -laminaateissa, l\u00e4\u00e4kinn\u00e4llisten laitteiden pakkauksissa, l\u00e4\u00e4kepakkauksissa, elintarvike- ja juomapakkauksissa, kulutustavarapakkauksissa, ja muissa pakkauksissa.<\/p>\n<h2>Balloon Burst Testerin t\u00e4ydellinen esittely<\/h2>\n<p>The <strong>Ilmapallon puhkeamisen testaaja<\/strong> on suunniteltu tarjoamaan tarkat ja luotettavat <em><span style=\"text-decoration: underline;\">murtumistestaus monenlaisille pakkausmateriaaleille<\/span><\/em>s. Se on PLC-ohjattu laite, joka tarjoaa teollisuustason vakauden ja jota t\u00e4ydent\u00e4\u00e4 k\u00e4ytt\u00e4j\u00e4yst\u00e4v\u00e4llinen HMI-kosketusn\u00e4ytt\u00f6 helppok\u00e4ytt\u00f6isyytt\u00e4 varten. Testeri on varustettu automaattisella testitulosten tilastointi- ja tallennustoiminnolla, mik\u00e4 parantaa tehokkuutta ja tiedonhallintaa.<\/p>\n<p><a href=\"https:\/\/www.qualitester.com\/fi\/tuote-osasto-2\/test-items\/bursting-tester\/\"><img fetchpriority=\"high\" decoding=\"async\" class=\"wp-image-4402 size-full aligncenter\" src=\"https:\/\/www.qualitester.com\/wp-content\/uploads\/2024\/07\/astm-f1440-Balloon-Burst-Tester-astm-f2054.jpg\" alt=\"astm f1440 ilmapallon puhkeamisen testauslaite astm f2054\" width=\"600\" height=\"600\" srcset=\"https:\/\/www.qualitester.com\/wp-content\/uploads\/2024\/07\/astm-f1440-Balloon-Burst-Tester-astm-f2054.jpg 600w, https:\/\/www.qualitester.com\/wp-content\/uploads\/2024\/07\/astm-f1440-Balloon-Burst-Tester-astm-f2054-300x300.jpg 300w, https:\/\/www.qualitester.com\/wp-content\/uploads\/2024\/07\/astm-f1440-Balloon-Burst-Tester-astm-f2054-150x150.jpg 150w, https:\/\/www.qualitester.com\/wp-content\/uploads\/2024\/07\/astm-f1440-Balloon-Burst-Tester-astm-f2054-100x100.jpg 100w\" sizes=\"(max-width: 600px) 100vw, 600px\" \/><\/a><\/p>\n<h2>Tekniset tiedot<\/h2>\n<ul>\n<li><strong>PLC-ohjattu yksikk\u00f6<\/strong>: Varmistaa teollisen tason vakauden ja tarkan hallinnan.<\/li>\n<li><strong>K\u00e4ytt\u00e4j\u00e4yst\u00e4v\u00e4llinen HMI-kosketusn\u00e4ytt\u00f6<\/strong>: Yksinkertaistaa k\u00e4ytt\u00f6\u00e4 ja lyhent\u00e4\u00e4 koulutusaikaa.<\/li>\n<li><strong>Automaattinen testitulosten tilastointi ja tallennus<\/strong>: Helpottaa tehokasta tiedonhallintaa ja analysointia.<\/li>\n<li><strong>Yhteensopivuus eri kiinnikkeiden kanssa<\/strong>: Mahdollistaa erilaisten pakkausmuotojen testaamisen, mukaan lukien kolmen sivun sinet\u00f6intipakkaukset, suljetut pakkaukset, doy-pakkaukset, putket, sinet\u00f6idyt lokerot ja kupit.<\/li>\n<li><strong>Kolme testitilaa<\/strong>: Murtuminen, viruminen ja viruminen vikaantumiseen, jotka t\u00e4ytt\u00e4v\u00e4t erilaiset testausvaatimukset.<\/li>\n<li><strong>Henkil\u00f6kohtaiset herkkyys- ja kynnysarvoasetukset<\/strong>: Mahdollistaa r\u00e4\u00e4t\u00e4l\u00f6innin erityisi\u00e4 testaustarpeita varten.<\/li>\n<li><strong>Painealue jopa 600 KPa<\/strong>: R\u00e4\u00e4t\u00e4l\u00f6it\u00e4viss\u00e4 vastaamaan ainutlaatuisia testausvaatimuksia.<\/li>\n<li><strong>Mukautettava ohjelmointi<\/strong>: Tarjoaa joustavuutta mukautua erityisiin testausprotokolliin.<\/li>\n<\/ul>\n<h2>Testimenetelm\u00e4t<\/h2>\n<h3>Pakkauksen murtumistestauksen periaate<\/h3>\n<p><em><span style=\"text-decoration: underline;\">Ilmapallon puhkeamistestausmenetelm\u00e4ss\u00e4 pakkaus puhalletaan, kunnes se puhkeaa, ja mitataan paine ja tilavuus, jossa puhkeaminen tapahtuu.<\/span> <\/em>T\u00e4m\u00e4 testi on ratkaisevan t\u00e4rke\u00e4 pakkausmateriaalien murtumislujuuden arvioinnissa, jolla varmistetaan, ett\u00e4 ne kest\u00e4v\u00e4t sis\u00e4isen paineen k\u00e4sittelyn ja varastoinnin aikana.<\/p>\n<div class=\"ast-oembed-container\" style=\"height: 100%;\"><iframe title=\"Doy-pakkaus ja nokka-pakkauksen tiivisteen lujuuden testaaja Laadun tarkistus doy-pakkaukselle\" width=\"500\" height=\"281\" src=\"https:\/\/www.youtube.com\/embed\/abNWfwlLaVQ?feature=oembed\" frameborder=\"0\" allow=\"accelerometer; autoplay; clipboard-write; encrypted-media; gyroscope; picture-in-picture; web-share\" referrerpolicy=\"strict-origin-when-cross-origin\" allowfullscreen><\/iframe><\/div>\n<h3>Vakiotestausmenettelyt<\/h3>\n<ol>\n<li><strong>N\u00e4ytteen valmistelu ja k\u00e4sittely<\/strong>: N\u00e4ytteet valmistetaan m\u00e4\u00e4riteltyjen standardien mukaisesti ja valmistetaan asianmukaiseen ymp\u00e4rist\u00f6\u00f6n ennen testausta.<\/li>\n<li><strong>Testiasetukset ja parametrien konfigurointi<\/strong>: Ilmapallon puhkeamistestauslaitteeseen asennetaan asianmukaiset kiinnikkeet, ja testausparametrit m\u00e4\u00e4ritet\u00e4\u00e4n n\u00e4ytetyypin ja testausvaatimusten perusteella.<\/li>\n<li><strong>Testauksen ja mittauksen kirjaamisen suorittaminen<\/strong>: Pakkaus puhalletaan t\u00e4yteen, kunnes se puhkeaa, ja testauslaite tallentaa puhkeamispaineen ja tilavuuden.<\/li>\n<li><strong>Tulosten tulkinta<\/strong>: Murtumispaine ja -tilavuus analysoidaan materiaalin lujuuden ja suorituskyvyn arvioimiseksi, mik\u00e4 helpottaa laadunvalvontaa ja materiaalien vertailua.<\/li>\n<\/ol>\n<h2>Pakkausten murtumistestaus ASTM-standardissa<\/h2>\n<h3><a href=\"https:\/\/www.qualitester.com\/fi\/tuote-osasto-2\/astm\/astm-f1140\/\">ASTM F1140<\/a><\/h3>\n<p style=\"padding-left: 40px;\">-Standarditestausmenetelm\u00e4t rajoittamattomien pakkausten sis\u00e4isen paineen alaisena tapahtuvan vikaantumisen kest\u00e4vyydelle<\/p>\n<ul>\n<li><strong>Yleiskatsaus <a href=\"https:\/\/www.astm.org\/f1140_f1140m-13r20e01.html\" target=\"_blank\" rel=\"noopener nofollow\">ASTM F1140<\/a><\/strong>: T\u00e4ss\u00e4 standardissa esitet\u00e4\u00e4n menetelm\u00e4t, joilla testataan rajoittamattomien kollien sis\u00e4isen paineistuksen aiheuttaman vikaantumisen kest\u00e4vyytt\u00e4.<\/li>\n<li><strong>ASTM F1140:n mukainen yksityiskohtainen testausmenettely<\/strong>: Pakkaus puhalletaan t\u00e4yteen, kunnes se puhkeaa, ja puhkeamispaine ja tilavuus kirjataan.<\/li>\n<li><strong>ASTM F1140 -standardin noudattamisen t\u00e4rkeys<\/strong>: Varmistaa pakkauksen eheyden ja luotettavuuden, mik\u00e4 on ratkaisevan t\u00e4rke\u00e4\u00e4 tuotteen turvallisuuden ja suorituskyvyn kannalta.<\/li>\n<\/ul>\n<h4><a href=\"https:\/\/www.qualitester.com\/fi\/tuote-osasto-2\/astm\/astm-f2054\/\">ASTM F2054<\/a><\/h4>\n<p style=\"padding-left: 40px;\">-Standarditestausmenetelm\u00e4 joustavien pakettitiivisteiden murtumistestaukseen k\u00e4ytt\u00e4en sis\u00e4ist\u00e4 ilmanpaineistusta rajoituslevyjen sis\u00e4ll\u00e4.<\/p>\n<ul>\n<li><strong>Yleiskatsaus <a href=\"https:\/\/www.astm.org\/f2054_f2054m-13r20.html\" target=\"_blank\" rel=\"noopener nofollow\">ASTM F2054<\/a><\/strong>: T\u00e4ss\u00e4 standardissa m\u00e4\u00e4ritell\u00e4\u00e4n menetelm\u00e4 joustavien pakkausten tiivisteiden murtumistestaukseen k\u00e4ytt\u00e4en sis\u00e4ist\u00e4 ilmanpaineistusta rajoituslevyjen sis\u00e4ll\u00e4.<\/li>\n<li><strong>Yksityiskohtainen testausmenettely ASTM F2054:n mukaisesti<\/strong>: Pakkaus asetetaan rajoituslevyjen sis\u00e4\u00e4n, puhalletaan ja kirjataan murtumispaine ja tilavuus.<\/li>\n<li><strong>ASTM F2054:n merkitys<\/strong>: V\u00e4ltt\u00e4m\u00e4t\u00f6n tiivisteen lujuuden arvioinnissa ja pakkauksen eheyden varmistamisessa, erityisesti joustavissa pakkauksissa.<\/li>\n<\/ul>\n<h2>Pallon puhkeamisen testerin k\u00e4yt\u00f6n edut<\/h2>\n<p><strong>1. Tarkkuus ja luotettavuus<\/strong><\/p>\n<ul>\n<li><strong>Korkea mittaustarkkuus<\/strong>: Varmistaa tarkat ja luotettavat tiedot murtolujuudesta.<\/li>\n<li><strong>Johdonmukaiset ja toistettavat tulokset<\/strong>: Antaa varmuutta testituloksiin ja materiaalin suorituskyvyn arviointiin.<\/li>\n<\/ul>\n<p><strong>2. Monipuolisuus<\/strong><\/p>\n<ul>\n<li><em><span style=\"text-decoration: underline;\"><strong>Soveltuu monenlaisille materiaaleille ja pakkaustyypeille<\/strong>: Soveltuu erilaisiin testausvaatimuksiin eri toimialoilla.<\/span><\/em><\/li>\n<li><em><span style=\"text-decoration: underline;\"><strong>S\u00e4\u00e4dett\u00e4v\u00e4t testausparametrit erilaisiin testausvaatimuksiin<\/strong>: Tarjoaa joustavuutta erilaisten materiaalien ja pakkausten testaamiseen.<\/span><\/em><\/li>\n<\/ul>\n<p><strong>3. Helppok\u00e4ytt\u00f6isyys<\/strong><\/p>\n<ul>\n<li><strong>Intuitiivinen ohjelmistok\u00e4ytt\u00f6liittym\u00e4<\/strong>: Yksinkertaistaa k\u00e4ytt\u00f6\u00e4 ja v\u00e4hent\u00e4\u00e4 oppimisk\u00e4yr\u00e4\u00e4.<\/li>\n<li><strong>K\u00e4ytt\u00e4jilt\u00e4 vaaditaan vain v\u00e4h\u00e4n koulutusta<\/strong>: Parantaa k\u00e4ytett\u00e4vyytt\u00e4 ja tehokkuutta.<\/li>\n<\/ul>\n<p><strong>4. Vaatimustenmukaisuus<\/strong><\/p>\n<ul>\n<li><strong>T\u00e4ytt\u00e4\u00e4 standardit ASTM F1140 ja ASTM F2054.<\/strong>: Varmistaa alan standardien ja m\u00e4\u00e4r\u00e4ysten noudattamisen.<\/li>\n<li><strong>Varmistaa alan s\u00e4\u00e4nn\u00f6sten ja laatustandardien noudattamisen<\/strong>: Takaa testitulosten luotettavuuden ja eheyden.<\/li>\n<\/ul>\n<h3>UKK<\/h3>\n<h4>Mik\u00e4 on ilmapallon puhkeamistestin tarkoitus?<\/h4>\n<p>Ilmapallon murtumistesti\u00e4 k\u00e4ytet\u00e4\u00e4n pakkauksen murtumistestin m\u00e4\u00e4ritt\u00e4miseen, jolloin varmistetaan, ett\u00e4 ne kest\u00e4v\u00e4t sis\u00e4isen paineen k\u00e4sittelyn, varastoinnin ja kuljetuksen aikana.<\/p>\n<h4>Miten ilmapallon puhkeamismittari mittaa puhkeamisvoiman?<\/h4>\n<p>Testaaja puhaltaa pakkauksen puhki, kunnes se puhkeaa, ja tallentaa puhkeamispaineen ja tilavuuden materiaalin lujuuden ja suorituskyvyn arvioimiseksi.<\/p>\n<h4>Mink\u00e4laisia materiaaleja voidaan testata ilmapallon puhkeamistestauslaitteella?<\/h4>\n<p>Testerill\u00e4 voidaan arvioida monenlaisia materiaaleja, kuten muovikalvoja, laminaatteja, l\u00e4\u00e4kinn\u00e4llisten laitteiden pakkauksia, l\u00e4\u00e4kepakkauksia, elintarvike- ja juomapakkauksia sek\u00e4 kulutustavarapakkauksia.<!--more--><\/p>\n<h2>Aiheeseen liittyv\u00e4t tuotteet<\/h2>\n<figure id=\"attachment_4059\" aria-describedby=\"caption-attachment-4059\" style=\"width: 300px\" class=\"wp-caption alignleft\"><a href=\"https:\/\/www.qualitester.com\/fi\/tuote\/lt-01-leak-tester\/\"><img decoding=\"async\" class=\"wp-image-4059 size-medium\" src=\"https:\/\/www.qualitester.com\/wp-content\/uploads\/2023\/07\/LT-01-Leak-Tester-2-300x300.jpg\" alt=\"ASTM D3078 vuototesteri\" width=\"300\" height=\"300\" srcset=\"https:\/\/www.qualitester.com\/wp-content\/uploads\/2023\/07\/LT-01-Leak-Tester-2-300x300.jpg 300w, https:\/\/www.qualitester.com\/wp-content\/uploads\/2023\/07\/LT-01-Leak-Tester-2-150x150.jpg 150w, https:\/\/www.qualitester.com\/wp-content\/uploads\/2023\/07\/LT-01-Leak-Tester-2-600x600.jpg 600w, https:\/\/www.qualitester.com\/wp-content\/uploads\/2023\/07\/LT-01-Leak-Tester-2-100x100.jpg 100w, https:\/\/www.qualitester.com\/wp-content\/uploads\/2023\/07\/LT-01-Leak-Tester-2.jpg 750w\" sizes=\"(max-width: 300px) 100vw, 300px\" \/><\/a><figcaption id=\"caption-attachment-4059\" class=\"wp-caption-text\"><strong><a href=\"https:\/\/www.qualitester.com\/fi\/tuote\/lt-01-leak-tester\/\" target=\"_blank\" rel=\"noopener\">LT-01 vuototesteri<\/a><\/strong><\/figcaption><\/figure>\n<figure id=\"attachment_3905\" aria-describedby=\"caption-attachment-3905\" style=\"width: 300px\" class=\"wp-caption alignleft\"><a href=\"https:\/\/www.qualitester.com\/fi\/tuote\/leak-tester-lt-02\/\"><img decoding=\"async\" class=\"wp-image-3905 size-medium\" src=\"https:\/\/www.qualitester.com\/wp-content\/uploads\/2023\/04\/LT-02-Leak-Tester-01-300x300.jpg\" alt=\"ASTM D3078 vuototesteri\" width=\"300\" height=\"300\" srcset=\"https:\/\/www.qualitester.com\/wp-content\/uploads\/2023\/04\/LT-02-Leak-Tester-01-300x300.jpg 300w, https:\/\/www.qualitester.com\/wp-content\/uploads\/2023\/04\/LT-02-Leak-Tester-01-150x150.jpg 150w, https:\/\/www.qualitester.com\/wp-content\/uploads\/2023\/04\/LT-02-Leak-Tester-01-600x600.jpg 600w, https:\/\/www.qualitester.com\/wp-content\/uploads\/2023\/04\/LT-02-Leak-Tester-01-100x100.jpg 100w, https:\/\/www.qualitester.com\/wp-content\/uploads\/2023\/04\/LT-02-Leak-Tester-01.jpg 750w\" sizes=\"(max-width: 300px) 100vw, 300px\" \/><\/a><figcaption id=\"caption-attachment-3905\" class=\"wp-caption-text\"><strong><a href=\"https:\/\/www.qualitester.com\/fi\/tuote\/leak-tester-lt-02\/\" target=\"_blank\" rel=\"noopener\">LT-02 Vuototesteri<\/a><\/strong><\/figcaption><\/figure>\n<figure id=\"attachment_3694\" aria-describedby=\"caption-attachment-3694\" style=\"width: 300px\" class=\"wp-caption alignleft\"><a href=\"https:\/\/www.qualitester.com\/fi\/tuote\/lt-03-seal-strength-testing-machine\/\"><img loading=\"lazy\" decoding=\"async\" class=\"wp-image-3694 size-medium\" src=\"https:\/\/www.qualitester.com\/wp-content\/uploads\/2023\/04\/LT-03-Leak-Tester-04-300x300.jpg\" alt=\"ASTM D3078 vuototesteri\" width=\"300\" height=\"300\" srcset=\"https:\/\/www.qualitester.com\/wp-content\/uploads\/2023\/04\/LT-03-Leak-Tester-04-300x300.jpg 300w, https:\/\/www.qualitester.com\/wp-content\/uploads\/2023\/04\/LT-03-Leak-Tester-04-150x150.jpg 150w, https:\/\/www.qualitester.com\/wp-content\/uploads\/2023\/04\/LT-03-Leak-Tester-04-600x600.jpg 600w, https:\/\/www.qualitester.com\/wp-content\/uploads\/2023\/04\/LT-03-Leak-Tester-04-100x100.jpg 100w, https:\/\/www.qualitester.com\/wp-content\/uploads\/2023\/04\/LT-03-Leak-Tester-04.jpg 750w\" sizes=\"(max-width: 300px) 100vw, 300px\" \/><\/a><figcaption id=\"caption-attachment-3694\" class=\"wp-caption-text\"><strong><a href=\"https:\/\/www.qualitester.com\/fi\/tuote\/lt-03-seal-strength-testing-machine\/\" target=\"_blank\" rel=\"noopener\">LT-03 Vuototesteri<\/a><\/strong><\/figcaption><\/figure>","protected":false},"excerpt":{"rendered":"<p><strong>Ilmapallon puhkeamisen testaaja<\/strong> on materiaalien ja pakkausten testauksen kriittinen laite, joka on suunniteltu mittaamaan erilaisten pakkausmateriaalien murtolujuutta. T\u00e4m\u00e4 edistyksellinen laite on ratkaisevan t\u00e4rke\u00e4 pakkausten kest\u00e4vyyden ja luotettavuuden varmistamisessa erityisesti l\u00e4\u00e4keteollisuudessa, elintarvike- ja juomateollisuudessa, l\u00e4\u00e4kinn\u00e4llisiss\u00e4 laitteissa ja kulutustavaroissa. Balloon Burst Tester erottuu tarkkuudellaan, monipuolisuudellaan ja alan standardien mukaisuudellaan, mik\u00e4 tekee siit\u00e4 laadunvarmistuksen v\u00e4ltt\u00e4m\u00e4tt\u00f6m\u00e4n ty\u00f6kalun.<\/p>","protected":false},"featured_media":6136,"comment_status":"closed","ping_status":"closed","template":"","meta":{"site-sidebar-layout":"default","site-content-layout":"default","ast-global-header-display":"","ast-main-header-display":"","ast-hfb-above-header-display":"","ast-hfb-below-header-display":"","ast-hfb-mobile-header-display":"","site-post-title":"","ast-breadcrumbs-content":"","ast-featured-img":"","footer-sml-layout":"","theme-transparent-header-meta":"default","adv-header-id-meta":"","stick-header-meta":"","header-above-stick-meta":"","header-main-stick-meta":"","header-below-stick-meta":""},"product_cat":[845,953,676,675,17,149,16,108,109,95],"product_tag":[994],"class_list":{"0":"post-4401","1":"product","2":"type-product","3":"status-publish","4":"has-post-thumbnail","6":"product_cat-customization","7":"product_cat-bursting-tester","8":"product_cat-seal-strength-tester","9":"product_cat-leak-tester","10":"product_cat-package-container-testers","11":"product_cat-pharma-and-medical-testers","12":"product_cat-plastic-packaging-testers","13":"product_cat-astm-f1140","14":"product_cat-astm-f2054","15":"product_cat-products","16":"product_tag-leak-and-seal-strength-tester","17":"desktop-align-left","18":"tablet-align-left","19":"mobile-align-left","21":"first","22":"instock","23":"shipping-taxable","24":"product-type-simple"},"_links":{"self":[{"href":"https:\/\/www.qualitester.com\/fi\/wp-json\/wp\/v2\/product\/4401","targetHints":{"allow":["GET"]}}],"collection":[{"href":"https:\/\/www.qualitester.com\/fi\/wp-json\/wp\/v2\/product"}],"about":[{"href":"https:\/\/www.qualitester.com\/fi\/wp-json\/wp\/v2\/types\/product"}],"replies":[{"embeddable":true,"href":"https:\/\/www.qualitester.com\/fi\/wp-json\/wp\/v2\/comments?post=4401"}],"version-history":[{"count":0,"href":"https:\/\/www.qualitester.com\/fi\/wp-json\/wp\/v2\/product\/4401\/revisions"}],"wp:featuredmedia":[{"embeddable":true,"href":"https:\/\/www.qualitester.com\/fi\/wp-json\/wp\/v2\/media\/6136"}],"wp:attachment":[{"href":"https:\/\/www.qualitester.com\/fi\/wp-json\/wp\/v2\/media?parent=4401"}],"wp:term":[{"taxonomy":"product_cat","embeddable":true,"href":"https:\/\/www.qualitester.com\/fi\/wp-json\/wp\/v2\/product_cat?post=4401"},{"taxonomy":"product_tag","embeddable":true,"href":"https:\/\/www.qualitester.com\/fi\/wp-json\/wp\/v2\/product_tag?post=4401"}],"curies":[{"name":"wp","href":"https:\/\/api.w.org\/{rel}","templated":true}]}}