{"id":2636,"date":"2023-06-29T09:53:14","date_gmt":"2023-06-29T01:53:14","guid":{"rendered":"https:\/\/www.qualitester.com\/?post_type=product&#038;p=2636"},"modified":"2024-12-05T09:38:10","modified_gmt":"2024-12-05T01:38:10","slug":"sld-01-elimendorf-tear-resistance-testing-machine","status":"publish","type":"product","link":"https:\/\/www.qualitester.com\/fi\/tuote\/sld-01-elimendorf-tear-resistance-testing-machine\/","title":{"rendered":"SLD-01 repe\u00e4mismittari"},"content":{"rendered":"<h2>Johdanto rep\u00e4isykokeisiin<\/h2>\n<p>Rep\u00e4isylujuus, jota kutsutaan my\u00f6s rep\u00e4isylujuudeksi, on t\u00e4rke\u00e4 mekaaninen ominaisuus, joka mittaa, kuinka hyvin materiaali kest\u00e4\u00e4 rep\u00e4isyvoimia. T\u00e4m\u00e4 ominaisuus on olennainen teollisuudenaloilla, joilla materiaalin kest\u00e4vyys on kriittinen, kuten pakkauksissa, tekstiileiss\u00e4, l\u00e4\u00e4kinn\u00e4llisten laitteiden pakkauksissa ja muilla aloilla. . <strong>repeytymistestauskone<\/strong> on valmistajille elint\u00e4rke\u00e4 ty\u00f6kalu, jonka avulla voidaan arvioida erilaisten materiaalien repeytymiskest\u00e4vyytt\u00e4. T\u00e4m\u00e4 testi antaa arvokasta tietoa, jolla varmistetaan, ett\u00e4 tuotteet t\u00e4ytt\u00e4v\u00e4t suorituskykystandardit ja ett\u00e4 ne kest\u00e4v\u00e4t k\u00e4sittelyn, kuljetuksen ja k\u00e4yt\u00f6n aikana esiintyv\u00e4t voimat.<\/p>\n<p>The <strong>SLD-01 repe\u00e4mismittari<\/strong> on suunniteltu tarkkaan ja luotettavaan repeytymislujuuden mittaukseen materiaaleissa, kuten paperissa, muovikalvoissa, tekstiileiss\u00e4 ja muissa joustavissa materiaaleissa. Se on t\u00e4rke\u00e4 v\u00e4line laadunvalvonnassa ja materiaalivalinnassa eri teollisuudenaloilla.<\/p>\n<h2>Mik\u00e4 on repe\u00e4mislujuuskoe?<\/h2>\n<h3>Repimislujuuden ymm\u00e4rt\u00e4minen<\/h3>\n<p>The <strong>repimislujuuskoe<\/strong> mittaa voimaa, joka tarvitaan repe\u00e4m\u00e4n etenemiseen materiaalin l\u00e4pi. T\u00e4m\u00e4 testi auttaa m\u00e4\u00e4ritt\u00e4m\u00e4\u00e4n materiaalin kyvyn kest\u00e4\u00e4 repe\u00e4m\u00e4voimia, mik\u00e4 antaa arvokasta tietoa materiaalin kest\u00e4vyydest\u00e4 ja suorituskyvyst\u00e4. Repimislujuus on erityisen t\u00e4rke\u00e4\u00e4 pakkausmateriaaleissa, tekstiileiss\u00e4 ja l\u00e4\u00e4ketieteellisiss\u00e4 pakkauksissa, joissa materiaalin pett\u00e4minen voi vaarantaa tuotteen eheyden tai turvallisuuden.<\/p>\n<p>T\u00e4ss\u00e4 testiss\u00e4 n\u00e4ytemateriaaliin kohdistetaan hallittu voima repe\u00e4m\u00e4n aikaansaamiseksi, ja repe\u00e4m\u00e4n aikaansaamiseksi tarvittavaa energiaa k\u00e4ytet\u00e4\u00e4n repe\u00e4m\u00e4n lujuuden m\u00e4\u00e4ritt\u00e4miseen. . <strong>repeytymistestauskone<\/strong> on suunniteltu mittaamaan t\u00e4t\u00e4 voimaa eritt\u00e4in tarkasti, mik\u00e4 varmistaa, ett\u00e4 valmistajat voivat luotettavasti arvioida materiaalin rep\u00e4isykest\u00e4vyytt\u00e4.<\/p>\n<h2>Keskeiset standardit repeytymistestauskoneille<\/h2>\n<p>The <strong>repeytymistestauskone<\/strong> on suunniteltu t\u00e4ytt\u00e4m\u00e4\u00e4n useita kansainv\u00e4lisesti tunnustettuja standardeja, mik\u00e4 takaa testitulosten johdonmukaisuuden ja luotettavuuden. Alla on lueteltu joitakin t\u00e4rkeimpi\u00e4 rep\u00e4isykest\u00e4vyyden testausta koskevia standardeja:<\/p>\n<h3>ASTM D1922 - Standardi testausmenetelm\u00e4 etenev\u00e4n veitsen testausta varten.<\/h3>\n<p><a href=\"https:\/\/www.qualitester.com\/fi\/tuote-osasto-2\/astm\/astm-d1922\/\" target=\"_blank\" rel=\"noopener\"><strong>ASTM D1922<\/strong><\/a> on yksi yleisimmin k\u00e4ytetyist\u00e4 standardeista, joilla mitataan paperin ja muovikalvojen repeytymiskest\u00e4vyytt\u00e4. T\u00e4ss\u00e4 standardissa esitet\u00e4\u00e4n testimenetelm\u00e4, jossa heilurilaitetta k\u00e4ytet\u00e4\u00e4n materiaalin repe\u00e4m\u00e4n k\u00e4ynnist\u00e4miseen ja etenemiseen.<\/p>\n<ul>\n<li><strong>Testimenetelm\u00e4:<\/strong> N\u00e4yte halkaistaan, ja heiluri vapautetaan repe\u00e4m\u00e4n etenemist\u00e4 varten. Repe\u00e4m\u00e4n etenemiseen tarvittava energia mitataan ja sit\u00e4 k\u00e4ytet\u00e4\u00e4n rep\u00e4isyvastuksen m\u00e4\u00e4ritt\u00e4miseen.<\/li>\n<li><strong>Materiaalin painopiste:<\/strong> K\u00e4ytet\u00e4\u00e4n ensisijaisesti paperi- ja muovikalvoihin.<\/li>\n<li><strong>Merkityksellisyys:<\/strong> K\u00e4ytet\u00e4\u00e4n laajalti pakkausteollisuudessa ja muilla teollisuudenaloilla materiaalien rep\u00e4isykest\u00e4vyyden arvioimiseksi.<\/li>\n<\/ul>\n<h3>ASTM D1424 - Standarditestimenetelm\u00e4 paperin ja kartongin rep\u00e4isykest\u00e4vyydelle.<\/h3>\n<p><a href=\"https:\/\/www.qualitester.com\/fi\/tuote-osasto-2\/astm\/astm-d1424\/\" target=\"_blank\" rel=\"noopener\"><strong>ASTM D1424<\/strong><\/a> on standardi, jolla mitataan kartonkimateriaalien repeytymiskest\u00e4vyytt\u00e4. T\u00e4t\u00e4 testi\u00e4 k\u00e4ytet\u00e4\u00e4n usein pakkausteollisuudessa kartonkilaatikoiden ja muiden paperituotteiden lujuuden arviointiin.<\/p>\n<ul>\n<li><strong>Testimenetelm\u00e4:<\/strong> Heilurirep\u00e4isykokeella mitataan voima, joka tarvitaan repe\u00e4m\u00e4n etenemiseen materiaalin l\u00e4pi.<\/li>\n<li><strong>Materiaalin painopiste:<\/strong> Paperi- ja kartonkimateriaalit.<\/li>\n<li><strong>Merkityksellisyys:<\/strong> Kriittinen pakkausmateriaalien testauksessa, erityisesti pahvipakkausten valmistuksessa.<\/li>\n<\/ul>\n<h3>ASTM D689 - Standard Guide for Paper and Paperboard Tear Tear Test Methods (standardiohjeet paperin ja kartongin rep\u00e4isytestimenetelmille).<\/h3>\n<p><a href=\"https:\/\/www.qualitester.com\/fi\/tuote-osasto-2\/astm\/astm-d689\/\" target=\"_blank\" rel=\"noopener\"><strong>ASTM D689<\/strong><\/a> on opas paperin ja kartongin materiaalien rep\u00e4isytestausmenetelmien valintaa varten. T\u00e4m\u00e4 standardi on erityisen hy\u00f6dyllinen silloin, kun k\u00e4ytett\u00e4viss\u00e4 on erilaisia repe\u00e4mism\u00e4\u00e4ritysmenetelmi\u00e4, ja se auttaa k\u00e4ytt\u00e4ji\u00e4 valitsemaan sopivimman testin materiaalityypin ja sovelluksen perusteella.<\/p>\n<ul>\n<li><strong>Testimenetelm\u00e4:<\/strong> Annetaan ohjeita sopivimman repeytymistestausmenetelm\u00e4n valintaan.<\/li>\n<li><strong>Materiaalin painopiste:<\/strong> Paperi- ja kartonkimateriaalit.<\/li>\n<li><strong>Merkityksellisyys:<\/strong> Auttaa varmistamaan, ett\u00e4 valmistajat valitsevat oikean testausmenetelm\u00e4n materiaaleilleen.<\/li>\n<\/ul>\n<h3>ISO 6383 - Muovikalvot ja -levyt: Rep\u00e4isykest\u00e4vyyden m\u00e4\u00e4ritt\u00e4minen<\/h3>\n<p><a href=\"https:\/\/www.qualitester.com\/fi\/tuote-osasto-2\/iso\/iso-6383\/\" target=\"_blank\" rel=\"noopener\"><strong>ISO 6383<\/strong><\/a> m\u00e4\u00e4ritell\u00e4\u00e4n menetelm\u00e4 muovikalvojen ja -kalvojen repeytymislujuuden mittaamiseksi. T\u00e4m\u00e4 standardi on ratkaisevan t\u00e4rke\u00e4 arvioitaessa muovisten pakkausmateriaalien kest\u00e4vyytt\u00e4, sill\u00e4 niiden on kestett\u00e4v\u00e4 rasituksia k\u00e4sittelyn ja k\u00e4yt\u00f6n aikana.<\/p>\n<ul>\n<li><strong>Testimenetelm\u00e4:<\/strong> Testiss\u00e4 mitataan muovikalvojen rep\u00e4isylujuus heilurimittarilla.<\/li>\n<li><strong>Materiaalin painopiste:<\/strong> Muovikalvot ja -levyt.<\/li>\n<li><strong>Merkityksellisyys:<\/strong> V\u00e4ltt\u00e4m\u00e4t\u00f6n muovipakkausten repeytymiskest\u00e4vyyden testaamisessa.<\/li>\n<\/ul>\n<h3>ISO 1974 - Muovit: Film and Sheeting - Determination of Tear Resistance by Pendulum Method: Film and Sheeting - Determination of Tear Resistance by Pendulum Method.<\/h3>\n<p><a href=\"https:\/\/www.qualitester.com\/fi\/tuote-osasto-2\/iso\/iso-1974\/\" target=\"_blank\" rel=\"noopener\"><strong>ISO 1974<\/strong><\/a> tarjoaa standardoidun menetelm\u00e4n muovikalvojen ja -levyjen repeytymiskest\u00e4vyyden mittaamiseen, joka on samanlainen kuin ASTM-standardit, mutta maailmanlaajuinen. T\u00e4ll\u00e4 testill\u00e4 varmistetaan, ett\u00e4 muovikalvot t\u00e4ytt\u00e4v\u00e4t rep\u00e4isykest\u00e4vyytt\u00e4 koskevat kansainv\u00e4liset laatustandardit.<\/p>\n<ul>\n<li><strong>Testimenetelm\u00e4:<\/strong> Heilurirep\u00e4isykokeella mitataan energiaa, joka tarvitaan repe\u00e4m\u00e4n etenemiseen muovikalvon l\u00e4pi.<\/li>\n<li><strong>Materiaalin painopiste:<\/strong> K\u00e4ytet\u00e4\u00e4n p\u00e4\u00e4asiassa muovikalvoihin ja -levyihin.<\/li>\n<li><strong>Merkityksellisyys:<\/strong> T\u00e4rke\u00e4 muovipakkausten ja kalvotuotteiden valmistajille.<\/li>\n<\/ul>\n<h2>Testausprosessi repeytymistestauskoneelle (SLD-01 Tear Tester)<\/h2>\n<h3>Miten SLD-01 Tear Tester toimii?<\/h3>\n<p>The <strong>SLD-01 repe\u00e4mismittari<\/strong> k\u00e4ytt\u00e4\u00e4 tarkkaa heilurimekanismia materiaalien rep\u00e4isykest\u00e4vyyden m\u00e4\u00e4ritt\u00e4miseen. Prosessi toimii seuraavasti:<\/p>\n<ol>\n<li><strong>N\u00e4ytteen valmistelu:<\/strong> Materiaaliin tehd\u00e4\u00e4n viilto, yleens\u00e4 43 mm:n p\u00e4\u00e4h\u00e4n reunasta.<\/li>\n<li><strong>Heilurin vapauttaminen:<\/strong> Heiluri vapautetaan kiinte\u00e4lt\u00e4 korkeudelta ja se levitt\u00e4\u00e4 repe\u00e4m\u00e4\u00e4 materiaalin l\u00e4pi.<\/li>\n<li><strong>Mittaus:<\/strong> Heilurin menett\u00e4m\u00e4 energia mitataan ja sit\u00e4 k\u00e4ytet\u00e4\u00e4n laskemaan keskim\u00e4\u00e4r\u00e4inen voima, joka tarvitaan repe\u00e4m\u00e4n etenemiseen, jolloin saadaan tarkka mittaus materiaalin repe\u00e4mislujuudesta.<\/li>\n<\/ol>\n<p>Prosessi on t\u00e4ysin automatisoitu ja sit\u00e4 ohjaa PLC-j\u00e4rjestelm\u00e4, joka takaa yhdenmukaisuuden ja tarkkuuden jokaisessa testiss\u00e4.<\/p>\n<h2>SLD-01-rep\u00e4isymittarin tekniset ominaisuudet<\/h2>\n<ul>\n<li><strong>PLC-ohjaus ja HMI-kosketusn\u00e4ytt\u00f6:<\/strong> Testeri on varustettu teollisuusk\u00e4ytt\u00f6\u00f6n soveltuvalla ohjelmoitavalla logiikkaohjaimella (PLC) ja ihmisen ja koneen v\u00e4lisen k\u00e4ytt\u00f6liittym\u00e4n (HMI) kosketusn\u00e4yt\u00f6ll\u00e4 tarkan ohjauksen ja helppok\u00e4ytt\u00f6isyyden varmistamiseksi.<\/li>\n<li><strong>Laaja testialue:<\/strong> Soveltuu erilaisille materiaaleille ohuista kalvoista paksuun kartonkiin, ja eri materiaaleille on mukautettavat asetukset.<\/li>\n<li><strong>Pneumaattinen n\u00e4ytteen kiinnitys:<\/strong> Varmistaa n\u00e4ytteen turvallisen ja johdonmukaisen tarttumisen luotettavien testitulosten saamiseksi.<\/li>\n<li><strong>Automaattinen tiedonkeruu:<\/strong> Ker\u00e4\u00e4 automaattisesti testitiedot ja tallentaa tulokset analysointia varten.<\/li>\n<li><strong>Mikrotulostin:<\/strong> Sis\u00e4lt\u00e4\u00e4 sis\u00e4\u00e4nrakennetun mikrotulostimen testitulosten v\u00e4lit\u00f6nt\u00e4 tulostamista varten.<\/li>\n<li><strong>RS-232-portti ja valinnainen ohjelmisto:<\/strong> Mahdollistaa tietojen viennin ja kehittyneen analyysin valinnaisen ohjelmiston avulla kattavaa raportointia varten.<\/li>\n<\/ul>\n<h2>Repe\u00e4miskoneen sovellusalueet<\/h2>\n<ul>\n<li><strong>Pakkausteollisuus:<\/strong> Varmistaa, ett\u00e4 pakkausmateriaalit, kuten paperi, muovikalvot ja pahvi, t\u00e4ytt\u00e4v\u00e4t kest\u00e4vyysvaatimukset.<\/li>\n<li><strong>L\u00e4\u00e4kinn\u00e4llisten laitteiden pakkaukset:<\/strong> Arvioi l\u00e4\u00e4ketieteellisiss\u00e4 sovelluksissa k\u00e4ytett\u00e4vien pakkausmateriaalien repeytymiskest\u00e4vyytt\u00e4 suojan ja turvallisuuden takaamiseksi.<\/li>\n<li><strong>Tekstiilit:<\/strong> Testaa kankaiden rep\u00e4isylujuuden varmistaakseen, ett\u00e4 ne soveltuvat vaatteisiin, verhoiluihin ja muihin sovelluksiin.<\/li>\n<li><strong>Ruoka ja juomat:<\/strong> Validoi elintarvikkeiden ja juomatuotteiden saastumiselta ja vahingoittumiselta suojaavien pakkausmateriaalien repeytymiskest\u00e4vyyden.<\/li>\n<\/ul>\n<p>The <strong>repeytymistestauskone<\/strong> on olennainen v\u00e4line teollisuudenaloilla, jotka luottavat materiaalien kest\u00e4vyyteen. Testasitpa sitten paperia, muovikalvoja tai tekstiilej\u00e4. <strong>SLD-01 repe\u00e4mismittari<\/strong> tarjoaa tarkkoja ja toistettavia tuloksia, joilla varmistetaan, ett\u00e4 materiaalit t\u00e4ytt\u00e4v\u00e4t tarvittavat laatuvaatimukset. Alan standardien, kuten <a href=\"https:\/\/www.astm.org\/d1922-15r20.html\" target=\"_blank\" rel=\"noopener nofollow\"><strong>ASTM D1922<\/strong><\/a>, <a href=\"https:\/\/www.astm.org\/d1424-21.html\" target=\"_blank\" rel=\"noopener nofollow\"><strong>ASTM D1424<\/strong><\/a>, <a href=\"https:\/\/www.astm.org\/d0689-17.html\" target=\"_blank\" rel=\"noopener nofollow\"><strong>ASTM D689<\/strong><\/a>, <strong>ISO 6383<\/strong>ja <strong>ISO 1974<\/strong>, T\u00e4m\u00e4 testeri on ihanteellinen valmistajille, jotka tarvitsevat luotettavia tietoja tuotteidensa rep\u00e4isykest\u00e4vyydest\u00e4. Varmista, ett\u00e4 materiaalisi t\u00e4ytt\u00e4v\u00e4t suorituskykystandardit ja toimitat korkealaatuisia tuotteita SLD-01-rep\u00e4isykest\u00e4vyystesterin avulla.<\/p>\n<h2>FAQ<\/h2>\n<p><strong>1. Mit\u00e4 materiaaleja voidaan testata rep\u00e4isykoneella?<\/strong><br \/>\nRepe\u00e4miskoneella voidaan testata materiaaleja, kuten paperia, pahvia, muovikalvoja, tekstiilej\u00e4 ja muita joustavia materiaaleja.<\/p>\n<p><strong>2. Miten rep\u00e4isylujuuskoe toimii?<\/strong><br \/>\nRev\u00e4hdyslujuuden testauksessa materiaaliin luodaan pieni viilto ja k\u00e4ytet\u00e4\u00e4n heilurimekanismia repe\u00e4m\u00e4n etenemiseen. Heilurin menett\u00e4m\u00e4 energia mitataan ja sit\u00e4 k\u00e4ytet\u00e4\u00e4n repe\u00e4miskest\u00e4vyyden laskemiseen.<\/p>\n<p><strong>3. Mik\u00e4 on ASTM D1922 ja miksi se on t\u00e4rke\u00e4?<\/strong><br \/>\nASTM D1922 on standarditestimenetelm\u00e4 paperin ja muovikalvojen repeytymislujuuden mittaamiseksi. Sill\u00e4 varmistetaan, ett\u00e4 pakkausmateriaalit t\u00e4ytt\u00e4v\u00e4t reaalimaailman k\u00e4yt\u00f6ss\u00e4 vaadittavat kest\u00e4vyysstandardit.<\/p>\n<p><strong>4. Miten SLD-01 Tear Tester eroaa muista kyyneltestereist\u00e4?<\/strong><br \/>\nSLD-01 Tear Testeriss\u00e4 on PLC-ohjausj\u00e4rjestelm\u00e4, laaja testausalue, pneumaattinen n\u00e4ytteen kiinnitys ja automaattinen tiedonkeruu, mik\u00e4 tekee siit\u00e4 tehokkaamman ja tarkemman verrattuna muihin malleihin.<\/p>\n<p><strong>5. Voidaanko repeytymistestauskonetta k\u00e4ytt\u00e4\u00e4 l\u00e4\u00e4ketieteellisiin pakkausmateriaaleihin?<\/strong><br \/>\nKyll\u00e4, repeytymistestauslaite sopii erinomaisesti l\u00e4\u00e4ketieteellisten pakkausmateriaalien testaamiseen, jotta voidaan varmistaa, ett\u00e4 ne t\u00e4ytt\u00e4v\u00e4t l\u00e4\u00e4ketieteellisille tuotteille asetetut kest\u00e4vyys- ja turvallisuusvaatimukset.<\/p>","protected":false},"excerpt":{"rendered":"<p>Rep\u00e4isylujuus, jota kutsutaan my\u00f6s rep\u00e4isylujuudeksi, on t\u00e4rke\u00e4 mekaaninen ominaisuus, joka mittaa, kuinka hyvin materiaali kest\u00e4\u00e4 rep\u00e4isyvoimia. T\u00e4m\u00e4 ominaisuus on olennainen teollisuudenaloilla, joilla materiaalin kest\u00e4vyys on kriittinen, kuten pakkauksissa, tekstiileiss\u00e4, l\u00e4\u00e4kinn\u00e4llisten laitteiden pakkauksissa ja muilla aloilla. . <strong>repeytymistestauskone<\/strong> on valmistajille elint\u00e4rke\u00e4 ty\u00f6kalu, jonka avulla voidaan arvioida erilaisten materiaalien repeytymiskest\u00e4vyytt\u00e4. T\u00e4m\u00e4 testi antaa arvokasta tietoa, jolla varmistetaan, ett\u00e4 tuotteet t\u00e4ytt\u00e4v\u00e4t suorituskykystandardit ja ett\u00e4 ne kest\u00e4v\u00e4t k\u00e4sittelyn, kuljetuksen ja k\u00e4yt\u00f6n aikana esiintyv\u00e4t voimat.<\/p>","protected":false},"featured_media":5998,"comment_status":"closed","ping_status":"closed","template":"","meta":{"site-sidebar-layout":"default","site-content-layout":"default","ast-global-header-display":"","ast-main-header-display":"","ast-hfb-above-header-display":"","ast-hfb-below-header-display":"","ast-hfb-mobile-header-display":"","site-post-title":"disabled","ast-breadcrumbs-content":"","ast-featured-img":"disabled","footer-sml-layout":"","theme-transparent-header-meta":"default","adv-header-id-meta":"","stick-header-meta":"","header-above-stick-meta":"","header-main-stick-meta":"","header-below-stick-meta":""},"product_cat":[845,680,44,149,16,119,121,137,159,165,95],"product_tag":[],"class_list":{"0":"post-2636","1":"product","2":"type-product","3":"status-publish","4":"has-post-thumbnail","6":"product_cat-customization","7":"product_cat-tear-tester","8":"product_cat-paper-and-board-testers","9":"product_cat-pharma-and-medical-testers","10":"product_cat-plastic-packaging-testers","11":"product_cat-astm-d1424","12":"product_cat-astm-d1922","13":"product_cat-astm-d689","14":"product_cat-iso-1974","15":"product_cat-iso-6383","16":"product_cat-products","17":"desktop-align-left","18":"tablet-align-left","19":"mobile-align-left","21":"first","22":"instock","23":"featured","24":"shipping-taxable","25":"product-type-simple"},"_links":{"self":[{"href":"https:\/\/www.qualitester.com\/fi\/wp-json\/wp\/v2\/product\/2636","targetHints":{"allow":["GET"]}}],"collection":[{"href":"https:\/\/www.qualitester.com\/fi\/wp-json\/wp\/v2\/product"}],"about":[{"href":"https:\/\/www.qualitester.com\/fi\/wp-json\/wp\/v2\/types\/product"}],"replies":[{"embeddable":true,"href":"https:\/\/www.qualitester.com\/fi\/wp-json\/wp\/v2\/comments?post=2636"}],"version-history":[{"count":0,"href":"https:\/\/www.qualitester.com\/fi\/wp-json\/wp\/v2\/product\/2636\/revisions"}],"wp:featuredmedia":[{"embeddable":true,"href":"https:\/\/www.qualitester.com\/fi\/wp-json\/wp\/v2\/media\/5998"}],"wp:attachment":[{"href":"https:\/\/www.qualitester.com\/fi\/wp-json\/wp\/v2\/media?parent=2636"}],"wp:term":[{"taxonomy":"product_cat","embeddable":true,"href":"https:\/\/www.qualitester.com\/fi\/wp-json\/wp\/v2\/product_cat?post=2636"},{"taxonomy":"product_tag","embeddable":true,"href":"https:\/\/www.qualitester.com\/fi\/wp-json\/wp\/v2\/product_tag?post=2636"}],"curies":[{"name":"wp","href":"https:\/\/api.w.org\/{rel}","templated":true}]}}