{"id":2525,"date":"2023-06-21T13:51:49","date_gmt":"2023-06-21T05:51:49","guid":{"rendered":"https:\/\/www.qualitester.com\/?post_type=product&#038;p=2525"},"modified":"2024-12-05T13:11:38","modified_gmt":"2024-12-05T05:11:38","slug":"per-01-glass-bottle-verticality-testing-machine","status":"publish","type":"product","link":"https:\/\/www.qualitester.com\/fi\/tuote\/per-01-glass-bottle-verticality-testing-machine\/","title":{"rendered":"PER-01 Pullon kohtisuoruuden testaaja"},"content":{"rendered":"<h2>Pullon kohtisuoruusmittarin tuote-esittely<\/h2>\n<p>Cell Instruments on erikoistunut tarjoamaan korkealaatuisia materiaalien testauslaitteita monille eri teollisuudenaloille. Meid\u00e4n <strong><em><span style=\"text-decoration: underline;\">Pullon kohtisuoruuden testaaja<\/span><\/em><\/strong> on huipputekninen laite, joka on suunniteltu varmistamaan pullojen tarkka kohtisuoruus, mik\u00e4 on ratkaisevan t\u00e4rke\u00e4\u00e4 pullotettujen tuotteiden eheyden ja laadun s\u00e4ilytt\u00e4miseksi. T\u00e4m\u00e4 laite on v\u00e4ltt\u00e4m\u00e4t\u00f6n esimerkiksi pakkaus-, elintarvike- ja juoma- ja l\u00e4\u00e4keteollisuudelle sek\u00e4 laadunvalvontaviranomaisille. Kehittyneiden ominaisuuksiensa ja ISO 9008 -standardien mukaisuutensa ansiosta pullon kohtisuoruuden testauslaite on arvokas ty\u00f6kalu kaikissa laadunvalvontaprosesseissa.<\/p>\n<p><img fetchpriority=\"high\" decoding=\"async\" class=\"wp-image-4283 aligncenter\" src=\"https:\/\/www.qualitester.com\/wp-content\/uploads\/2023\/06\/PER-01-Bottle-Perpendicularity-Tester-2.png\" alt=\"Pullon kohtisuoruuden testaaja\" width=\"500\" height=\"540\" srcset=\"https:\/\/www.qualitester.com\/wp-content\/uploads\/2023\/06\/PER-01-Bottle-Perpendicularity-Tester-2.png 2426w, https:\/\/www.qualitester.com\/wp-content\/uploads\/2023\/06\/PER-01-Bottle-Perpendicularity-Tester-2-278x300.png 278w, https:\/\/www.qualitester.com\/wp-content\/uploads\/2023\/06\/PER-01-Bottle-Perpendicularity-Tester-2-949x1024.png 949w, https:\/\/www.qualitester.com\/wp-content\/uploads\/2023\/06\/PER-01-Bottle-Perpendicularity-Tester-2-768x829.png 768w, https:\/\/www.qualitester.com\/wp-content\/uploads\/2023\/06\/PER-01-Bottle-Perpendicularity-Tester-2-1423x1536.png 1423w, https:\/\/www.qualitester.com\/wp-content\/uploads\/2023\/06\/PER-01-Bottle-Perpendicularity-Tester-2-1898x2048.png 1898w, https:\/\/www.qualitester.com\/wp-content\/uploads\/2023\/06\/PER-01-Bottle-Perpendicularity-Tester-2-600x647.png 600w\" sizes=\"(max-width: 500px) 100vw, 500px\" \/><\/p>\n<h2><strong>T\u00e4rkeimm\u00e4t ominaisuudet<\/strong><\/h2>\n<h3>1. K\u00e4tev\u00e4 koettimen s\u00e4\u00e4t\u00f6<\/h3>\n<p>Pullon kohtisuoruusmittari on varustettu eritt\u00e4in s\u00e4\u00e4dett\u00e4v\u00e4ll\u00e4 anturilla, joka mahdollistaa helpon ja tarkan kohdistuksen pulloon. T\u00e4m\u00e4 ominaisuus varmistaa, ett\u00e4 mittaukset ovat johdonmukaisia ja tarkkoja, mik\u00e4 v\u00e4hent\u00e4\u00e4 virheiden todenn\u00e4k\u00f6isyytt\u00e4.<\/p>\n<h3>2. Poikkeuksellinen lukutarkkuus<\/h3>\n<p>Tarkkuus on laadunvalvonnassa ensiarvoisen t\u00e4rke\u00e4\u00e4, ja testerimme tarjoaa poikkeuksellisen suurta tarkkuutta. Sill\u00e4 voidaan mitata eritt\u00e4in tarkasti pullon kohtisuoruus ja varmistaa, ett\u00e4 jokainen pullo t\u00e4ytt\u00e4\u00e4 vaaditut eritelm\u00e4t ja standardit.<\/p>\n<h3>3. Johdonmukainen n\u00e4ytteen kierto<\/h3>\n<p>Yhdenmukaisen testauksen varmistamiseksi pullon kohtisuoruuden testauslaitteessa on johdonmukainen n\u00e4ytteen kierto. N\u00e4in varmistetaan, ett\u00e4 pullo mitataan eri kohdista, mik\u00e4 antaa kattavan arvion sen kohtisuoruudesta.<\/p>\n<h3>4. N\u00e4ytett\u00e4 koskevien eritelmien noudattaminen<\/h3>\n<p>Testaaja noudattaa tiukasti n\u00e4ytteen m\u00e4\u00e4rittelyj\u00e4 ja varmistaa, ett\u00e4 kaikki mittaukset ovat alan standardien mukaisia. T\u00e4m\u00e4 on erityisen t\u00e4rke\u00e4\u00e4 ISO 9008 -standardin noudattamisen kannalta, jossa m\u00e4\u00e4ritell\u00e4\u00e4n pakkausmateriaaleja ja s\u00e4ili\u00f6it\u00e4 koskevat vaatimukset.<\/p>\n<h3>5. Valinnainen tietojen vienti PC Exceliin<\/h3>\n<p>Pullon kohtisuoruusmittari tarjoaa valinnaisen tiedonvientitoiminnon, joka parantaa tiedonhallintaa. Sen avulla k\u00e4ytt\u00e4j\u00e4t voivat vied\u00e4 testitulokset suoraan PC Exceliin, mik\u00e4 helpottaa tietojen analysointia ja raportointia.<\/p>\n<h2>Testausmenetelm\u00e4t<\/h2>\n<h3>Toimintaperiaate<\/h3>\n<p>Pullon kohtisuoruusmittari toimii mittaamalla pullon pystyakselin poikkeaman sen todellisesta kohtisuorasta asennosta. T\u00e4m\u00e4 saavutetaan k\u00e4ytt\u00e4m\u00e4ll\u00e4 tarkkaa anturia, joka koskettaa pulloa tietyiss\u00e4 kohdissa, ja py\u00f6riv\u00e4\u00e4 mekanismia, joka varmistaa kattavan mittauksen.<\/p>\n<div class=\"ast-oembed-container\" style=\"height: 100%;\"><iframe title=\"PET-pullon lasipullon ja t\u00f6lkin kohtisuoruusmittari PER-01\" width=\"500\" height=\"281\" src=\"https:\/\/www.youtube.com\/embed\/MEJYiFl7Pzo?feature=oembed\" frameborder=\"0\" allow=\"accelerometer; autoplay; clipboard-write; encrypted-media; gyroscope; picture-in-picture; web-share\" referrerpolicy=\"strict-origin-when-cross-origin\" allowfullscreen><\/iframe><\/div>\n<h3>Asennus ja kalibrointi<\/h3>\n<p>Pullon kohtisuoruusmittarin asentaminen on suoraviivaista. Aloita asettamalla testeri vakaalle alustalle ja kytkem\u00e4ll\u00e4 se virtal\u00e4hteeseen. Kalibroi laite s\u00e4\u00e4t\u00e4m\u00e4ll\u00e4 anturi tunnettuun standardiin, jotta mittauksista tulee tarkkoja.<\/p>\n<h3>Testausmenettely<\/h3>\n<ol>\n<li><strong>N\u00e4ytteen valmistelu:<\/strong> Varmista, ett\u00e4 pullo on puhdas ja ett\u00e4 siin\u00e4 ei ole mit\u00e4\u00e4n esteit\u00e4.<\/li>\n<li><strong>Pullon sijoittaminen:<\/strong> Aseta pullo testeriss\u00e4 sille varattuun paikkaan ja varmista, ett\u00e4 se on kunnolla kiinni.<\/li>\n<li><strong>Testin suorittaminen:<\/strong> Aktivoi testeri mittausprosessin aloittamiseksi. Anturi koskettaa pulloa, ja py\u00f6riv\u00e4 mekanismi varmistaa useita mittauspisteit\u00e4.<\/li>\n<li><strong>Tulosten tulkinta:<\/strong> Testaaja n\u00e4ytt\u00e4\u00e4 tulokset ja ilmoittaa mahdolliset poikkeamat kohtisuoruudesta.<\/li>\n<\/ol>\n<h2>ISO 9008 -standardin noudattaminen<\/h2>\n<p>ISO 9008 on kansainv\u00e4linen standardi, jossa m\u00e4\u00e4ritell\u00e4\u00e4n laadunhallintaj\u00e4rjestelmi\u00e4 koskevat vaatimukset erityisesti pakkaus- ja konttiteollisuudelle. Siin\u00e4 esitet\u00e4\u00e4n kriteerit, joilla varmistetaan, ett\u00e4 pakkausmateriaalit ja pakkaukset t\u00e4ytt\u00e4v\u00e4t tietyt laatu- ja turvallisuusstandardit.<\/p>\n<h2>Sovellukset<\/h2>\n<h3>1. Pakkausteollisuus<\/h3>\n<p>Pakkausteollisuudessa pullojen kohtisuoruuden varmistaminen on elint\u00e4rke\u00e4\u00e4 tehokkaan pakkaamisen ja kuljetuksen kannalta. Pullojen kohtisuoruuden testauslaite auttaa s\u00e4ilytt\u00e4m\u00e4\u00e4n yhdenmukaisuuden, mik\u00e4 v\u00e4hent\u00e4\u00e4 vaurioiden riski\u00e4 k\u00e4sittelyn ja kuljetuksen aikana.<\/p>\n<h3>2. Elintarvike- ja juomateollisuus<\/h3>\n<p>Elintarvike- ja juomateollisuudessa pullon kohtisuoruus on ratkaisevan t\u00e4rke\u00e4\u00e4 tuotteen eheyden ja ulkon\u00e4\u00f6n s\u00e4ilytt\u00e4miseksi. Testerimme varmistaa, ett\u00e4 pullot ovat oikein kohdakkain, mik\u00e4 est\u00e4\u00e4 tuotteen laatua vaarantavat vuodot ja roiskeet.<\/p>\n<h3>3. L\u00e4\u00e4keteollisuus<\/h3>\n<p>L\u00e4\u00e4keteollisuudessa pullojen kohtisuoruuden tarkkuus on olennaista l\u00e4\u00e4kkeiden eheyden s\u00e4ilytt\u00e4miseksi. Testerimme varmistaa, ett\u00e4 pullot t\u00e4ytt\u00e4v\u00e4t tiukat laatuvaatimukset ja turvaavat sis\u00e4ll\u00f6n tehon.<\/p>\n<h3>4. Laaduntarkastuslaitokset<\/h3>\n<p>Laaduntarkastuslaitokset tukeutuvat tarkkoihin mittauksiin todistaessaan, ett\u00e4 tuotteet ovat alan standardien mukaisia. Pullon kohtisuoruusmittari tarjoaa tarkkuuden ja luotettavuuden, jota tarvitaan perusteellisiin laatuarviointeihin.<\/p>\n<h2>Mukauttaminen<\/h2>\n<p>Me Cell Instrumentsilla ymm\u00e4rr\u00e4mme, ett\u00e4 eri teollisuudenaloilla on ainutlaatuiset testausvaatimukset. Pullon kohtisuoruusmittarimme voidaan r\u00e4\u00e4t\u00e4l\u00f6id\u00e4 vastaamaan erityistarpeita, jolloin varmistetaan, ett\u00e4 se tuottaa t\u00e4sm\u00e4lliset mittaukset, joita tuotteesi tarvitsevat.<\/p>\n<h2><strong>Edut<\/strong><\/h2>\n<h3>Laadunvarmistus<\/h3>\n<p>Testaajamme varmistaa pullojen tarkan kohtisuoruuden ja parantaa n\u00e4in tuotteiden laatua ja kuluttajien turvallisuutta. T\u00e4m\u00e4 on ratkaisevan t\u00e4rke\u00e4\u00e4 tuotemerkin maineen ja asiakastyytyv\u00e4isyyden s\u00e4ilytt\u00e4miseksi.<\/p>\n<h3>Kustannustehokkuus<\/h3>\n<p>Tarkat kohtisuoruusmittaukset v\u00e4hent\u00e4v\u00e4t hukkaa ja parantavat tuotannon tehokkuutta. Tunnistamalla ja korjaamalla poikkeamat varhaisessa vaiheessa testerimme auttaa minimoimaan materiaalikustannukset ja tuotannon seisokit.<\/p>\n<h3>Vaatimustenmukaisuus<\/h3>\n<p>Alan standardien ja m\u00e4\u00e4r\u00e4ysten noudattaminen on olennaisen t\u00e4rke\u00e4\u00e4 liiketoiminnan menestyksen kannalta. Pullon kohtisuoruuden testauslaitteemme varmistaa, ett\u00e4 tuotteesi ovat ISO 9008 -standardin ja muiden asiaankuuluvien standardien mukaisia, mik\u00e4 v\u00e4hent\u00e4\u00e4 vaatimustenvastaisuuksien riski\u00e4.<\/p>\n<p><em><span style=\"text-decoration: underline;\"><strong><a href=\"https:\/\/www.qualitester.com\/fi\/tuote\/why-measuring-bottle-perpendicularity-is-important%ef%bc%9f\/\" target=\"_blank\" rel=\"noopener\">Miksi pullon kohtisuoruus on t\u00e4rke\u00e4\u00e4?<\/a><\/strong><\/span><\/em><\/p>\n<h2>FAQ<\/h2>\n<ol>\n<li><strong>Mik\u00e4 on pullon kohtisuoruus?<\/strong>\n<ul>\n<li>Pullon kohtisuoruudella tarkoitetaan pullon pystyakselin kohdistamista sen todelliseen kohtisuoraan asentoon. Se on olennaisen t\u00e4rke\u00e4\u00e4 sen varmistamiseksi, ett\u00e4 pullot ovat vakaita ja turvallisia.<\/li>\n<\/ul>\n<\/li>\n<li><strong>Miten pullon kohtisuoruusmittari toimii?<\/strong>\n<ul>\n<li>Testeri mittaa pullon pystyakselin poikkeaman sen todellisesta kohtisuorasta asennosta k\u00e4ytt\u00e4m\u00e4ll\u00e4 tarkkaa anturia ja py\u00f6riv\u00e4\u00e4 mekanismia kattavaa arviointia varten.<\/li>\n<\/ul>\n<\/li>\n<li><strong>Miksi pullon kohtisuoruus on t\u00e4rke\u00e4\u00e4?<\/strong>\n<ul>\n<li>Pullojen kohtisuoruuden varmistaminen on ratkaisevan t\u00e4rke\u00e4\u00e4 tuotteen laadun s\u00e4ilytt\u00e4miseksi, vuotojen ja roiskeiden est\u00e4miseksi sek\u00e4 tehokkaan pakkaamisen ja kuljetuksen varmistamiseksi.<\/li>\n<\/ul>\n<\/li>\n<li><strong>Voidaanko testeri r\u00e4\u00e4t\u00e4l\u00f6id\u00e4 erityistarpeita varten?<\/strong>\n<ul>\n<li>Kyll\u00e4, pullon kohtisuoruusmittari voidaan r\u00e4\u00e4t\u00e4l\u00f6id\u00e4 vastaamaan erityisi\u00e4 testausvaatimuksia, jolloin varmistetaan, ett\u00e4 se tuottaa tarkat mittaukset, joita tuotteesi tarvitsevat.<\/li>\n<\/ul>\n<\/li>\n<li><strong>Mitk\u00e4 teollisuudenalat hy\u00f6tyv\u00e4t pullon kohtisuoruusmittarin k\u00e4yt\u00f6st\u00e4?<\/strong>\n<ul>\n<li>Pakkaus-, elintarvike- ja juoma- ja l\u00e4\u00e4keteollisuus sek\u00e4 laadunvalvontavirastot hy\u00f6tyv\u00e4t testerin k\u00e4yt\u00f6st\u00e4 tuotteiden laadun ja alan standardien noudattamisen varmistamisessa.<\/li>\n<\/ul>\n<\/li>\n<\/ol>\n<h2>Aiheeseen liittyv\u00e4 artikkeli<\/h2>\n<p><a href=\"https:\/\/www.qualitester.com\/fi\/tuote\/why-measuring-bottle-perpendicularity-is-important%ef%bc%9f\/\" target=\"_blank\" rel=\"noopener\">Pullon kohtisuoruus<\/a><\/p>\n<p><a href=\"https:\/\/www.qualitester.com\/fi\/beverage-bottle-perpendicularity-tester\/\" target=\"_blank\" rel=\"noopener\">Pullon kohtisuoruuden testaaja<\/a><\/p>\n<p><a href=\"https:\/\/www.qualitester.com\/fi\/plastic-bottle-perpendicularity-test-iso-9008\/\" target=\"_blank\" rel=\"noopener\">Pullon kohtisuoruuskoe<\/a><\/p>\n<p><a href=\"https:\/\/www.qualitester.com\/fi\/important-glass-bottle-perpendicularity-test\/\" target=\"_blank\" rel=\"noopener\">Lasipullon kohtisuoruuskoe<\/a><\/p>","protected":false},"excerpt":{"rendered":"<p><strong><em><span style=\"text-decoration: underline;\">Pullon kohtisuoruuden testaaja<\/span><\/em><\/strong> on huipputekninen laite, joka on suunniteltu varmistamaan pullojen tarkka kohtisuoruus, mik\u00e4 on ratkaisevan t\u00e4rke\u00e4\u00e4 pullotettujen tuotteiden eheyden ja laadun s\u00e4ilytt\u00e4miseksi. Kehittyneiden ominaisuuksiensa ja ISO 9008 -standardien mukaisuutensa ansiosta pullon kohtisuoruuden testauslaite on arvokas v\u00e4line kaikissa laadunvalvontaprosesseissa.<\/p>","protected":false},"featured_media":6233,"comment_status":"closed","ping_status":"closed","template":"","meta":{"site-sidebar-layout":"default","site-content-layout":"default","ast-global-header-display":"","ast-main-header-display":"","ast-hfb-above-header-display":"","ast-hfb-below-header-display":"","ast-hfb-mobile-header-display":"","site-post-title":"disabled","ast-breadcrumbs-content":"","ast-featured-img":"disabled","footer-sml-layout":"","theme-transparent-header-meta":"default","adv-header-id-meta":"","stick-header-meta":"","header-above-stick-meta":"","header-main-stick-meta":"","header-below-stick-meta":""},"product_cat":[845,1136,17,149,16,95],"product_tag":[],"class_list":{"0":"post-2525","1":"product","2":"type-product","3":"status-publish","4":"has-post-thumbnail","6":"product_cat-customization","7":"product_cat-iso-9008","8":"product_cat-package-container-testers","9":"product_cat-pharma-and-medical-testers","10":"product_cat-plastic-packaging-testers","11":"product_cat-products","12":"desktop-align-left","13":"tablet-align-left","14":"mobile-align-left","16":"first","17":"instock","18":"shipping-taxable","19":"product-type-simple"},"_links":{"self":[{"href":"https:\/\/www.qualitester.com\/fi\/wp-json\/wp\/v2\/product\/2525","targetHints":{"allow":["GET"]}}],"collection":[{"href":"https:\/\/www.qualitester.com\/fi\/wp-json\/wp\/v2\/product"}],"about":[{"href":"https:\/\/www.qualitester.com\/fi\/wp-json\/wp\/v2\/types\/product"}],"replies":[{"embeddable":true,"href":"https:\/\/www.qualitester.com\/fi\/wp-json\/wp\/v2\/comments?post=2525"}],"version-history":[{"count":0,"href":"https:\/\/www.qualitester.com\/fi\/wp-json\/wp\/v2\/product\/2525\/revisions"}],"wp:featuredmedia":[{"embeddable":true,"href":"https:\/\/www.qualitester.com\/fi\/wp-json\/wp\/v2\/media\/6233"}],"wp:attachment":[{"href":"https:\/\/www.qualitester.com\/fi\/wp-json\/wp\/v2\/media?parent=2525"}],"wp:term":[{"taxonomy":"product_cat","embeddable":true,"href":"https:\/\/www.qualitester.com\/fi\/wp-json\/wp\/v2\/product_cat?post=2525"},{"taxonomy":"product_tag","embeddable":true,"href":"https:\/\/www.qualitester.com\/fi\/wp-json\/wp\/v2\/product_tag?post=2525"}],"curies":[{"name":"wp","href":"https:\/\/api.w.org\/{rel}","templated":true}]}}