{"id":2475,"date":"2023-06-16T09:54:40","date_gmt":"2023-06-16T01:54:40","guid":{"rendered":"https:\/\/www.qualitester.com\/?post_type=product&#038;p=2475"},"modified":"2024-11-26T15:00:54","modified_gmt":"2024-11-26T07:00:54","slug":"ftt-01-the-paper-thickness-testing-machine","status":"publish","type":"product","link":"https:\/\/www.qualitester.com\/fi\/tuote\/ftt-01-the-paper-thickness-testing-machine\/","title":{"rendered":"FTT-01 paksuusmittari"},"content":{"rendered":"<p>The <strong>Kosketuksen paksuuden testaaja<\/strong> on edistyksellinen mittauslaite, joka on suunniteltu tuottamaan tarkkoja ja luotettavia paksuuslukemia erilaisille materiaaleille, kuten muovikalvoille, tekstiileille, paperille, pahville, kalvoille ja muille joustaville materiaaleille. Paksuus on ratkaisevassa asemassa m\u00e4\u00e4ritett\u00e4ess\u00e4 n\u00e4iden materiaalien suorituskyky\u00e4, laatua ja vaatimustenmukaisuutta esimerkiksi pakkaus-, l\u00e4\u00e4ke-, l\u00e4\u00e4kint\u00e4- ja l\u00e4\u00e4kinn\u00e4llisiss\u00e4 laitteissa sek\u00e4 tekstiiliteollisuudessa. Tasaisen materiaalipaksuuden yll\u00e4pit\u00e4minen varmistaa tuotteen laadun, ehk\u00e4isee virheit\u00e4 ja t\u00e4ytt\u00e4\u00e4 viranomaisvaatimukset, joten se on olennainen v\u00e4line laadunvalvonnassa valmistusprosesseissa.<\/p>\n<p>Ty\u00f6skentelitp\u00e4 sitten muovikalvojen parissa pakkauksissa, tekstiilien parissa muotiteollisuudessa tai paperituotteiden parissa painatusalalla, onpa kyseess\u00e4 <strong>Kosketuksen paksuuden testaaja<\/strong> auttaa yrityksi\u00e4 s\u00e4ilytt\u00e4m\u00e4\u00e4n yhdenmukaisuuden, v\u00e4hent\u00e4m\u00e4\u00e4n j\u00e4tett\u00e4 ja varmistamaan, ett\u00e4 materiaalit t\u00e4ytt\u00e4v\u00e4t tiukat teollisuusstandardit.<\/p>\n<h2>Paksuuden testausta koskevat standardit<\/h2>\n<p>The <strong>Kosketuksen paksuuden testaaja<\/strong> on rakennettu vastaamaan useita kansainv\u00e4lisi\u00e4 standardeja, mik\u00e4 takaa tarkat ja standardoidut mittaukset eri materiaalityypeiss\u00e4 ja toimialoilla.<\/p>\n<h3><strong><a href=\"https:\/\/www.astm.org\/d0374-99.html\" target=\"_blank\" rel=\"noopener nofollow\">ASTM D374-99<\/a>: Kiinte\u00e4n s\u00e4hk\u00f6eristeen paksuuden standarditestausmenetelm\u00e4t<\/strong><\/h3>\n<p>T\u00e4t\u00e4 standardia k\u00e4ytet\u00e4\u00e4n s\u00e4hk\u00f6eristysmateriaalien paksuuden mittaamiseen. Tarkat paksuusmittaukset ovat ratkaisevan t\u00e4rkeit\u00e4 s\u00e4hk\u00f6teollisuudelle, jotta voidaan varmistaa asianmukainen eristys, joka suojaa s\u00e4hk\u00f6komponentteja ja est\u00e4\u00e4 vaurioita. . <strong>Kosketuksen paksuuden testaaja<\/strong> t\u00e4ytt\u00e4\u00e4 ASTM D374 -standardin vaatimukset, mik\u00e4 takaa luotettavat ja johdonmukaiset mittaukset s\u00e4hk\u00f6eristystuotteille.<\/p>\n<h3><strong><a href=\"https:\/\/www.astm.org\/d1777-96r19.html\" target=\"_blank\" rel=\"noopener nofollow\">ASTM D1777<\/a>: Tekstiilimateriaalien paksuuden standarditestausmenetelm\u00e4<\/strong><\/h3>\n<p>ASTM D1777 -standardia sovelletaan tekstiileihin ja kangasmateriaaleihin. Tarkka paksuuden mittaus on tekstiiliteollisuudelle v\u00e4ltt\u00e4m\u00e4t\u00f6nt\u00e4 kankaan suorituskyvyn, laadun ja kest\u00e4vyyden arvioimiseksi. Osoitteessa <strong>Kosketuksen paksuuden testaaja<\/strong> tuottaa tarkkoja lukemia, jotka auttavat valmistajia t\u00e4ytt\u00e4m\u00e4\u00e4n teollisuuden paksuusstandardit ja varmistamaan tuotteen laadun ja toimivuuden.<\/p>\n<h3><strong><a href=\"https:\/\/www.iso.org\/standard\/51266.html\" target=\"_blank\" rel=\"noopener nofollow\">ISO 3034:2011<\/a>: Aaltopahvi - Yksitt\u00e4isen levyn paksuuden m\u00e4\u00e4ritt\u00e4minen<\/strong><\/h3>\n<p>T\u00e4t\u00e4 standardia k\u00e4ytet\u00e4\u00e4n pakkauksissa laajalti k\u00e4ytetyn aaltopahvin paksuuden mittaamiseen. ISO 3034:2011 -standardin mukaisella mittausmenetelm\u00e4ll\u00e4 <strong>Kosketuksen paksuuden testaaja<\/strong> auttaa pakkausten valmistajia varmistamaan, ett\u00e4 niiden kuitukartonkimateriaalit t\u00e4ytt\u00e4v\u00e4t vaaditut paksuusvaatimukset, mik\u00e4 takaa pakattujen tuotteiden kest\u00e4vyyden ja suojan.<\/p>\n<h3><strong><a href=\"https:\/\/www.iso.org\/standard\/53060.html\" target=\"_blank\" rel=\"noopener nofollow\">ISO 534-2011<\/a>: Paperi ja kartonki - Paksuuden, tiheyden ja tilavuuden m\u00e4\u00e4ritt\u00e4minen.<\/strong><\/h3>\n<p>ISO 534-2011 -standardia k\u00e4ytet\u00e4\u00e4n paperi- ja kartonkimateriaalien paksuuden mittaamiseen. T\u00e4m\u00e4 standardi on paperiteollisuudelle v\u00e4ltt\u00e4m\u00e4t\u00f6n tuotteiden yhdenmukaisuuden yll\u00e4pit\u00e4miseksi, materiaalien k\u00e4yt\u00f6n valvomiseksi ja asiakkaiden odotusten t\u00e4ytt\u00e4miseksi. Osoitteessa <strong>Kosketuksen paksuuden testaaja<\/strong> tukee ISO 534-2011 -standardia, mik\u00e4 takaa tarkat paksuusmittaukset paperi- ja kartonkimateriaaleille, jotka ovat kriittisi\u00e4 sek\u00e4 laadunvalvonnan ett\u00e4 valmistuksen tehokkuuden kannalta.<\/p>\n<h3><strong><a href=\"https:\/\/www.iso.org\/standard\/20759.html\" target=\"_blank\" rel=\"noopener nofollow\">ISO 4593<\/a>: Muovit; kalvot ja levyt; paksuuden m\u00e4\u00e4ritt\u00e4minen mekaanisella skannauksella.<\/strong><\/h3>\n<p>ISO 4593 m\u00e4\u00e4rittelee standardin muovikalvojen ja -levyjen paksuuden mittaamiseksi. Tarkat paksuusmittaukset ovat ratkaisevan t\u00e4rkeit\u00e4 muovinvalmistajille, erityisesti pakkaussovelluksissa, jotta voidaan varmistaa tuotteen suorituskyky ja s\u00e4\u00e4ntelystandardien noudattaminen. Osoitteessa <strong>Kosketuksen paksuuden testaaja<\/strong> t\u00e4ytt\u00e4\u00e4 ISO 4593 -standardin vaatimukset, mik\u00e4 takaa luotettavat paksuuslukemat eri teollisuudenaloilla k\u00e4ytett\u00e4ville muovikalvoille.<\/p>\n<h2>Testausmenetelm\u00e4t ja soveltaminen<\/h2>\n<div class=\"ast-oembed-container\" style=\"height: 100%;\"><iframe title=\"Paksuusmittari, jossa on paininjalka ja n\u00e4ytteen sy\u00f6tt\u00f6laite\" width=\"500\" height=\"281\" src=\"https:\/\/www.youtube.com\/embed\/ay_9m_wynLU?feature=oembed\" frameborder=\"0\" allow=\"accelerometer; autoplay; clipboard-write; encrypted-media; gyroscope; picture-in-picture; web-share\" referrerpolicy=\"strict-origin-when-cross-origin\" allowfullscreen><\/iframe><\/div>\n<p>The <strong>Kosketuksen paksuuden testaaja<\/strong> k\u00e4ytt\u00e4\u00e4 mekaanista skannaustekniikkaa erilaisten materiaalien paksuuden mittaamiseen. Prosessi toimii seuraavasti:<\/p>\n<ol>\n<li><strong>N\u00e4ytteen sijoittaminen:<\/strong> Materiaalin\u00e4yte asetetaan laitteen alustalle ja varmistetaan, ett\u00e4 se on oikeassa asennossa tarkan mittauksen varmistamiseksi.<\/li>\n<li><strong>Paininjalan mekanismi:<\/strong> Painotettu paininjalka lasketaan varovasti materiaalin p\u00e4\u00e4lle. Testeri mittaa paininjalan ja alustan v\u00e4lisen siirtym\u00e4n tai raon, jolloin n\u00e4ytteen paksuus voidaan mitata tarkasti.<\/li>\n<li><strong>Materiaalityypit:<\/strong> Testeri on monipuolinen, ja sill\u00e4 voidaan mitata materiaalien, kuten muovikalvojen, tekstiilien, paperin, kalvojen, kankaiden ja kalvojen paksuutta. Testasitpa sitten pakkausmateriaaleja, l\u00e4\u00e4kinn\u00e4llisten laitteiden pakkauksia tai tekstiilej\u00e4, testaajan <strong>Kosketuksen paksuuden testaaja<\/strong> takaa tarkat tulokset.<\/li>\n<\/ol>\n<p>Menetelm\u00e4 on erityisen arvokas laadunvalvontaprosesseissa teollisuudenaloilla, joilla materiaalien yhdenmukaisuus on elint\u00e4rke\u00e4\u00e4, kuten pakkaus-, elintarvike- ja juoma-, l\u00e4\u00e4ke- ja tekstiiliteollisuudessa. Tarkkojen ja toistettavien mittausten ansiosta <strong>Kosketuksen paksuuden testaaja<\/strong> auttaa yrityksi\u00e4 tunnistamaan paksuusvaihtelut, jotka voivat johtaa vikoihin, s\u00e4\u00e4nn\u00f6sten noudattamatta j\u00e4tt\u00e4miseen tai korkeampiin tuotantokustannuksiin.<\/p>\n<h2>Tekniset ominaisuudet ja toiminnallisuus<\/h2>\n<p>The <strong>Kosketuksen paksuuden testaaja<\/strong> on suunniteltu helppok\u00e4ytt\u00f6iseksi ja tarkaksi, ja siin\u00e4 on useita edistyksellisi\u00e4 ominaisuuksia, jotka takaavat tehokkaan toiminnan ja tarkat tulokset:<\/p>\n<ul>\n<li><strong>PLC-ohjattu toiminta<\/strong>: Laitetta ohjataan ohjelmoitavalla logiikkaohjaimella (PLC), joka on integroitu intuitiiviseen HMI-kosketusn\u00e4ytt\u00f6liittym\u00e4\u00e4n helppok\u00e4ytt\u00f6isyyden varmistamiseksi.<\/li>\n<li><strong>Automaattinen paininjalan nosto<\/strong>: T\u00e4m\u00e4 toiminto varmistaa, ett\u00e4 paininjalka nousee automaattisesti jokaisen mittauksen j\u00e4lkeen, mik\u00e4 v\u00e4hent\u00e4\u00e4 manuaalisten toimenpiteiden tarvetta ja yll\u00e4pit\u00e4\u00e4 testauksen johdonmukaisuutta.<\/li>\n<li><strong>Reaaliaikainen tieton\u00e4ytt\u00f6<\/strong>: Testeri n\u00e4ytt\u00e4\u00e4 reaaliaikaiset mittaustulokset, mukaan lukien maksimi-, minimi-, keskiarvo- ja keskihajonta-arvot, jolloin k\u00e4ytt\u00e4j\u00e4t voivat arvioida materiaalin johdonmukaisuutta ja suorituskyky\u00e4 v\u00e4litt\u00f6m\u00e4sti.<\/li>\n<li><strong>Tietojen varastointi ja mikrotulostus<\/strong>: Testaaja voi tallentaa testituloksia ja tulostaa raportteja, mik\u00e4 helpottaa j\u00e4ljitett\u00e4vyytt\u00e4 ja laadunvalvontadokumentaatiota auditointeja tai kirjauksia varten.<\/li>\n<li><strong>RS232-portti (valinnainen)<\/strong>: Laitteessa on RS232-portti, joka mahdollistaa helpon integroinnin data-analyysiohjelmistoon, mik\u00e4 parantaa testitulosten hallintaa ja analysointia.<\/li>\n<li><strong>Manuaalinen ja automaattinen n\u00e4ytteen sy\u00f6tt\u00f6 (valinnainen)<\/strong>: Tehokkuuden lis\u00e4\u00e4miseksi suurissa testausymp\u00e4rist\u00f6iss\u00e4 on saatavilla sek\u00e4 manuaalisia ett\u00e4 automaattisia n\u00e4ytteen sy\u00f6tt\u00f6vaihtoehtoja.<\/li>\n<\/ul>\n<h2>T\u00e4rkeimm\u00e4t parametrit ja tekniset tiedot<\/h2>\n<table>\n<tbody>\n<tr>\n<td width=\"251\">Testialue<\/td>\n<td width=\"247\">0~2mm (r\u00e4\u00e4t\u00e4l\u00f6inti saatavilla)<\/td>\n<\/tr>\n<tr>\n<td width=\"251\">P\u00e4\u00e4t\u00f6slauselma<\/td>\n<td width=\"247\">0,1 \u03bcm<\/td>\n<\/tr>\n<tr>\n<td width=\"251\">Standardi mittap\u00e4\u00e4<\/td>\n<td width=\"247\">Puolipallomainen tyyppi<\/td>\n<\/tr>\n<tr>\n<td width=\"251\">Valinnainen mittap\u00e4\u00e4 (litte\u00e4 jalka)<\/td>\n<td width=\"247\">50 mm\u00b2 , 17,5\u00b11 KPa (kalvo)<br \/>\n200 mm\u00b2 , 50\u00b11 KPa (paperille)<\/td>\n<\/tr>\n<tr>\n<td width=\"251\">Teho<\/td>\n<td width=\"247\">AC 110~220V<\/td>\n<\/tr>\n<\/tbody>\n<\/table>\n<h3>Miksi valita Touch Thickness Tester?<\/h3>\n<p>The <strong>Kosketuksen paksuuden testaaja<\/strong> tarjoaa lukuisia etuja yrityksille eri teollisuudenaloilla, kuten pakkauksissa, tekstiileiss\u00e4 ja l\u00e4\u00e4kinn\u00e4llisiss\u00e4 laitteissa. T\u00e4ss\u00e4 on vain muutamia syit\u00e4 valita t\u00e4m\u00e4 laite:<\/p>\n<ul>\n<li><strong>Monipuolisuus:<\/strong> Sill\u00e4 voidaan mitata eri materiaalien, kuten muovikalvojen, tekstiilien, paperin ja aaltopahvin paksuus.<\/li>\n<li><strong>Standardien noudattaminen:<\/strong> Se t\u00e4ytt\u00e4\u00e4 t\u00e4rkeimm\u00e4t alan standardit, kuten ASTM D374, ASTM D1777, ISO 3034:2011, ISO 534-2011 ja ISO 4593, varmistaen, ett\u00e4 mittaukset ovat tarkkoja ja s\u00e4\u00e4nn\u00f6sten mukaisia.<\/li>\n<li><strong>Tehokkuus ja tarkkuus:<\/strong> Edistyksellisten ominaisuuksiensa, kuten automaattisen paininjalan noston, reaaliaikaisen tieton\u00e4yt\u00f6n ja korkean resoluution mittausten ansiosta <strong>Kosketuksen paksuuden testaaja<\/strong> varmistaa luotettavat ja toistettavat tulokset.<\/li>\n<li><strong>Tietojen hallinta:<\/strong> Mahdollisuus tallentaa ja tulostaa testituloksia helpottaa laadunvalvonnan, auditointien ja j\u00e4ljitett\u00e4vyyden kirjaamista.<\/li>\n<\/ul>\n<h3>FAQ (usein kysytyt kysymykset)<\/h3>\n<ol>\n<li><strong>Mit\u00e4 materiaaleja Touch Thickness Tester voi mitata?<\/strong>\n<ul>\n<li>Testerill\u00e4 voidaan mitata materiaalien, kuten muovikalvojen, tekstiilien, paperin, aaltopahvin, kalvojen ja kalvojen paksuus.<\/li>\n<\/ul>\n<\/li>\n<li><strong>Mik\u00e4 on Touch Thickness Testerin mittausalue?<\/strong>\n<ul>\n<li>Vakiomittausalue on 0-2 mm, ja sit\u00e4 voidaan r\u00e4\u00e4t\u00e4l\u00f6id\u00e4 tiettyj\u00e4 materiaalityyppej\u00e4 tai sovelluksia varten.<\/li>\n<\/ul>\n<\/li>\n<li><strong>Miten Touch Thickness Tester varmistaa tarkkuuden?<\/strong>\n<ul>\n<li>Testeriss\u00e4 k\u00e4ytet\u00e4\u00e4n mekaanista skannaustekniikkaa, jonka tarkkuus on 0,1 \u03bcm, mik\u00e4 takaa tarkat ja t\u00e4sm\u00e4lliset paksuusmittaukset eri materiaaleille.<\/li>\n<\/ul>\n<\/li>\n<li><strong>Voidaanko Touch Thickness Tester integroida muihin ohjelmistoj\u00e4rjestelmiin?<\/strong>\n<ul>\n<li>Kyll\u00e4, testeriss\u00e4 on RS232-portti, jonka avulla se voidaan integroida valinnaisesti ohjelmistoon, jolla voidaan parantaa tietojen hallintaa ja analysointia.<\/li>\n<\/ul>\n<\/li>\n<li><strong>Mit\u00e4 standardeja Touch Thickness Tester t\u00e4ytt\u00e4\u00e4?<\/strong>\n<ul>\n<li>Testaaja tukee ASTM D374-, ASTM D1777-, ISO 3034:2011-, ISO 534-2011- ja ISO 4593 -standardeja, mik\u00e4 takaa eri materiaaleja koskevien teollisuusstandardien noudattamisen.<\/li>\n<\/ul>\n<\/li>\n<\/ol>","protected":false},"excerpt":{"rendered":"<p>The <strong>Kosketuksen paksuuden testaaja<\/strong> on edistyksellinen mittauslaite, joka on suunniteltu tuottamaan tarkkoja ja luotettavia paksuuslukemia erilaisille materiaaleille, kuten muovikalvoille, tekstiileille, paperille, pahville, kalvoille ja muille joustaville materiaaleille. Paksuus on ratkaisevassa asemassa m\u00e4\u00e4ritett\u00e4ess\u00e4 n\u00e4iden materiaalien suorituskyky\u00e4, laatua ja vaatimustenmukaisuutta esimerkiksi pakkaus-, l\u00e4\u00e4ke-, l\u00e4\u00e4kint\u00e4- ja l\u00e4\u00e4kinn\u00e4llisiss\u00e4 laitteissa sek\u00e4 tekstiiliteollisuudessa.<\/p>","protected":false},"featured_media":5612,"comment_status":"closed","ping_status":"closed","template":"","meta":{"site-sidebar-layout":"default","site-content-layout":"default","ast-global-header-display":"","ast-main-header-display":"","ast-hfb-above-header-display":"","ast-hfb-below-header-display":"","ast-hfb-mobile-header-display":"","site-post-title":"","ast-breadcrumbs-content":"","ast-featured-img":"","footer-sml-layout":"","theme-transparent-header-meta":"default","adv-header-id-meta":"","stick-header-meta":"","header-above-stick-meta":"","header-main-stick-meta":"","header-below-stick-meta":""},"product_cat":[845,938,44,149,16,120,131,160,162,164,95],"product_tag":[],"class_list":{"0":"post-2475","1":"product","2":"type-product","3":"status-publish","4":"has-post-thumbnail","6":"product_cat-customization","7":"product_cat-textile-tester","8":"product_cat-paper-and-board-testers","9":"product_cat-pharma-and-medical-testers","10":"product_cat-plastic-packaging-testers","11":"product_cat-astm-d1777","12":"product_cat-astm-d374","13":"product_cat-iso-3034","14":"product_cat-iso-4593","15":"product_cat-iso-534","16":"product_cat-products","17":"desktop-align-left","18":"tablet-align-left","19":"mobile-align-left","21":"first","22":"instock","23":"shipping-taxable","24":"product-type-simple"},"_links":{"self":[{"href":"https:\/\/www.qualitester.com\/fi\/wp-json\/wp\/v2\/product\/2475","targetHints":{"allow":["GET"]}}],"collection":[{"href":"https:\/\/www.qualitester.com\/fi\/wp-json\/wp\/v2\/product"}],"about":[{"href":"https:\/\/www.qualitester.com\/fi\/wp-json\/wp\/v2\/types\/product"}],"replies":[{"embeddable":true,"href":"https:\/\/www.qualitester.com\/fi\/wp-json\/wp\/v2\/comments?post=2475"}],"version-history":[{"count":0,"href":"https:\/\/www.qualitester.com\/fi\/wp-json\/wp\/v2\/product\/2475\/revisions"}],"wp:featuredmedia":[{"embeddable":true,"href":"https:\/\/www.qualitester.com\/fi\/wp-json\/wp\/v2\/media\/5612"}],"wp:attachment":[{"href":"https:\/\/www.qualitester.com\/fi\/wp-json\/wp\/v2\/media?parent=2475"}],"wp:term":[{"taxonomy":"product_cat","embeddable":true,"href":"https:\/\/www.qualitester.com\/fi\/wp-json\/wp\/v2\/product_cat?post=2475"},{"taxonomy":"product_tag","embeddable":true,"href":"https:\/\/www.qualitester.com\/fi\/wp-json\/wp\/v2\/product_tag?post=2475"}],"curies":[{"name":"wp","href":"https:\/\/api.w.org\/{rel}","templated":true}]}}