{"id":1742,"date":"2023-04-26T14:30:49","date_gmt":"2023-04-26T06:30:49","guid":{"rendered":"https:\/\/www.qualitester.com\/?post_type=product&#038;p=1742"},"modified":"2024-12-04T14:11:33","modified_gmt":"2024-12-04T06:11:33","slug":"leak-tester-lt-03","status":"publish","type":"product","link":"https:\/\/www.qualitester.com\/fi\/tuote\/leak-tester-lt-03\/","title":{"rendered":"Vuototesteri LT-03"},"content":{"rendered":"<div data-elementor-type=\"wp-post\" data-elementor-id=\"1742\" class=\"elementor elementor-1742\" data-elementor-post-type=\"product\">\n\t\t\t\t<div class=\"elementor-element elementor-element-5aef0fb e-flex e-con-boxed e-con e-parent\" data-id=\"5aef0fb\" data-element_type=\"container\">\n\t\t\t\t\t<div class=\"e-con-inner\">\n\t\t<div class=\"elementor-element elementor-element-b131450 e-con-full e-flex e-con e-child\" data-id=\"b131450\" data-element_type=\"container\">\n\t\t\t\t<div class=\"elementor-element elementor-element-48f0a04 elementor-widget elementor-widget-image\" data-id=\"48f0a04\" data-element_type=\"widget\" data-widget_type=\"image.default\">\n\t\t\t\t<div class=\"elementor-widget-container\">\n\t\t\t\t\t\t\t\t\t\t\t\t\t<img fetchpriority=\"high\" decoding=\"async\" width=\"750\" height=\"750\" src=\"https:\/\/www.qualitester.com\/wp-content\/uploads\/2023\/04\/Instruments-for-testing-leaks-1.jpg\" class=\"attachment-large size-large wp-image-1745\" alt=\"\" srcset=\"https:\/\/www.qualitester.com\/wp-content\/uploads\/2023\/04\/Instruments-for-testing-leaks-1.jpg 750w, https:\/\/www.qualitester.com\/wp-content\/uploads\/2023\/04\/Instruments-for-testing-leaks-1-300x300.jpg 300w, https:\/\/www.qualitester.com\/wp-content\/uploads\/2023\/04\/Instruments-for-testing-leaks-1-150x150.jpg 150w, https:\/\/www.qualitester.com\/wp-content\/uploads\/2023\/04\/Instruments-for-testing-leaks-1-600x600.jpg 600w, https:\/\/www.qualitester.com\/wp-content\/uploads\/2023\/04\/Instruments-for-testing-leaks-1-100x100.jpg 100w\" sizes=\"(max-width: 750px) 100vw, 750px\" \/>\t\t\t\t\t\t\t\t\t\t\t\t\t<\/div>\n\t\t\t\t<\/div>\n\t\t\t\t<\/div>\n\t\t<div class=\"elementor-element elementor-element-94ff92f e-con-full e-flex e-con e-child\" data-id=\"94ff92f\" data-element_type=\"container\">\n\t\t\t\t<div class=\"elementor-element elementor-element-02aa210 elementor-widget elementor-widget-text-editor\" data-id=\"02aa210\" data-element_type=\"widget\" data-widget_type=\"text-editor.default\">\n\t\t\t\t<div class=\"elementor-widget-container\">\n\t\t\t\t\t\t\t<h6><strong>Hakemus<\/strong><\/h6><p><em>Pakkauksen sinettien eheyden testaaminen auttaa varmistamaan, ett\u00e4 pakkaus tarjoaa vaaditun tuotesuojan. Kest\u00e4vi\u00e4 pakkausvaihtoehtoja, edullisempia pakkauksia ja tuotantolinjan sinet\u00f6intiparametrien vaihtelua arvioidaan usein sinettien eheystesteill\u00e4. Pakkauksen sinettien luotettavuuden s\u00e4ilytt\u00e4minen on ratkaisevan t\u00e4rke\u00e4\u00e4 tuotteiden laadun ja turvallisuuden kannalta.<\/em><\/p><h6><strong>Testin kuvaus<\/strong><\/h6><p><em>N\u00e4yte asetetaan vedell\u00e4 t\u00e4ytettyyn kammioon. Kun kansi on laitettu takaisin, ohjausyksikk\u00f6 alkaa poistaa kammion sis\u00e4ll\u00e4 olevaa ilmaa, kunnes s\u00e4\u00e4detty alipaine on saavutettu. N\u00e4ytteen sis\u00e4- ja ulkopuolen v\u00e4lisen paine-eron vuoksi n\u00e4ytteess\u00e4 oleva ilma poistuu, jos siin\u00e4 on pieni vuoto. Vuoto n\u00e4kyy vuotokohdasta l\u00e4htev\u00e4n\u00e4 kuplavirtana.<\/em><\/p>\t\t\t\t\t\t<\/div>\n\t\t\t\t<\/div>\n\t\t\t\t<\/div>\n\t\t\t\t\t<\/div>\n\t\t\t\t<\/div>\n\t\t<div class=\"elementor-element elementor-element-b82bd73 e-flex e-con-boxed e-con e-parent\" data-id=\"b82bd73\" data-element_type=\"container\">\n\t\t\t\t\t<div class=\"e-con-inner\">\n\t\t<div class=\"elementor-element elementor-element-6833f68 e-con-full e-flex e-con e-child\" data-id=\"6833f68\" data-element_type=\"container\">\n\t\t\t\t<div class=\"elementor-element elementor-element-98f9279 elementor-widget elementor-widget-image\" data-id=\"98f9279\" data-element_type=\"widget\" data-widget_type=\"image.default\">\n\t\t\t\t<div class=\"elementor-widget-container\">\n\t\t\t\t\t\t\t\t\t\t\t\t\t<img fetchpriority=\"high\" decoding=\"async\" width=\"750\" height=\"750\" src=\"https:\/\/www.qualitester.com\/wp-content\/uploads\/2023\/04\/Instruments-for-testing-leaks-1.jpg\" class=\"attachment-large size-large wp-image-1745\" alt=\"\" srcset=\"https:\/\/www.qualitester.com\/wp-content\/uploads\/2023\/04\/Instruments-for-testing-leaks-1.jpg 750w, https:\/\/www.qualitester.com\/wp-content\/uploads\/2023\/04\/Instruments-for-testing-leaks-1-300x300.jpg 300w, https:\/\/www.qualitester.com\/wp-content\/uploads\/2023\/04\/Instruments-for-testing-leaks-1-150x150.jpg 150w, https:\/\/www.qualitester.com\/wp-content\/uploads\/2023\/04\/Instruments-for-testing-leaks-1-600x600.jpg 600w, https:\/\/www.qualitester.com\/wp-content\/uploads\/2023\/04\/Instruments-for-testing-leaks-1-100x100.jpg 100w\" sizes=\"(max-width: 750px) 100vw, 750px\" \/>\t\t\t\t\t\t\t\t\t\t\t\t\t<\/div>\n\t\t\t\t<\/div>\n\t\t\t\t<\/div>\n\t\t<div class=\"elementor-element elementor-element-682a697 e-con-full e-flex e-con e-child\" data-id=\"682a697\" data-element_type=\"container\">\n\t\t\t\t<div class=\"elementor-element elementor-element-7fee0b0 elementor-widget elementor-widget-text-editor\" data-id=\"7fee0b0\" data-element_type=\"widget\" data-widget_type=\"text-editor.default\">\n\t\t\t\t<div class=\"elementor-widget-container\">\n\t\t\t\t\t\t\t<h6><strong>Tekniset ominaisuudet<\/strong><\/h6><ul><li>PLC controlled unit (industrial level stable) and HMI touch screen operated. <\/li><li>Vakaan tyhji\u00f6n saavuttamiseksi ja ottaen huomioon, ett\u00e4 paineilmaa on helpompi saada k\u00e4ytt\u00e4j\u00e4n tiloista, k\u00e4yt\u00e4mme Venturiputkea, joka mahdollistaa korkean tyhji\u00f6tason jopa -90 kPa:n tyhji\u00f6n. <\/li><li>This way of test is based on eye observation, which means the tester doesn\u2019t give a direct result of whether a sample Passes or Fails. By \u201ctelling\u201d tester the sample status, it automatically accumulates the result numbers. <\/li><li>For user having various types of samples and test conditions (vacuum level and test time), LT-03 has 5 group parameters saving function to improve efficiency.<\/li><\/ul>\t\t\t\t\t\t<\/div>\n\t\t\t\t<\/div>\n\t\t\t\t<\/div>\n\t\t\t\t\t<\/div>\n\t\t\t\t<\/div>\n\t\t<div class=\"elementor-element elementor-element-8aa2dc1 e-flex e-con-boxed e-con e-parent\" data-id=\"8aa2dc1\" data-element_type=\"container\">\n\t\t\t\t\t<div class=\"e-con-inner\">\n\t\t<div class=\"elementor-element elementor-element-d5515f8 e-con-full e-flex e-con e-child\" data-id=\"d5515f8\" data-element_type=\"container\">\n\t\t\t\t<div class=\"elementor-element elementor-element-760a465 elementor-widget elementor-widget-image\" data-id=\"760a465\" data-element_type=\"widget\" data-widget_type=\"image.default\">\n\t\t\t\t<div class=\"elementor-widget-container\">\n\t\t\t\t\t\t\t\t\t\t\t\t\t<img decoding=\"async\" width=\"750\" height=\"750\" src=\"https:\/\/www.qualitester.com\/wp-content\/uploads\/2023\/04\/leak-tester-2.jpg\" class=\"attachment-large size-large wp-image-1746\" alt=\"\" srcset=\"https:\/\/www.qualitester.com\/wp-content\/uploads\/2023\/04\/leak-tester-2.jpg 750w, https:\/\/www.qualitester.com\/wp-content\/uploads\/2023\/04\/leak-tester-2-300x300.jpg 300w, https:\/\/www.qualitester.com\/wp-content\/uploads\/2023\/04\/leak-tester-2-150x150.jpg 150w, https:\/\/www.qualitester.com\/wp-content\/uploads\/2023\/04\/leak-tester-2-600x600.jpg 600w, https:\/\/www.qualitester.com\/wp-content\/uploads\/2023\/04\/leak-tester-2-100x100.jpg 100w\" sizes=\"(max-width: 750px) 100vw, 750px\" \/>\t\t\t\t\t\t\t\t\t\t\t\t\t<\/div>\n\t\t\t\t<\/div>\n\t\t\t\t<\/div>\n\t\t<div class=\"elementor-element elementor-element-223f44f e-con-full e-flex e-con e-child\" data-id=\"223f44f\" data-element_type=\"container\">\n\t\t\t\t<div class=\"elementor-element elementor-element-7154c8a elementor-widget elementor-widget-text-editor\" data-id=\"7154c8a\" data-element_type=\"widget\" data-widget_type=\"text-editor.default\">\n\t\t\t\t<div class=\"elementor-widget-container\">\n\t\t\t\t\t\t\t<p>T\u00e4rkeimm\u00e4t parametrit<\/p><p>Testialue 0~-90 KPa<\/p><p>Chamber\u00a0 \u00a0 \u00a0 \u00a0 \u00a0 \u00a0 \u00a0 \u00a0 \u00a0 \u00a0 \u00a0 \u00a0 \u00a0 \u00a0 \u00a0 \u00a0 \u00a0 \u00a0 \u00a0 \u00a0Acrylic cylinder shape<\/p><p>Test Space\u00a0 \u00a0 \u00a0 \u00a0 \u00a0 \u00a0 \u00a0 \u00a0 \u00a0 \u00a0 \u00a0 \u00a0 \u00a0 \u00a0 \u00a0 \u00a0 \u00a0 \u00a0 \u03a6270*H210mm (internal usable)<\/p><p>Compressed Air\u00a0 \u00a0 \u00a0 \u00a0 \u00a0 \u00a0 \u00a0 \u00a0 \u00a0 \u00a0 \u00a0 \u00a0 \u00a0 \u00a00.7MPa ( Prepared by user)\u00a0<\/p><p>Power\u00a0 \u00a0 \u00a0 \u00a0 \u00a0 \u00a0 \u00a0 \u00a0 \u00a0 \u00a0 \u00a0 \u00a0 \u00a0 \u00a0 \u00a0 \u00a0 \u00a0 \u00a0 \u00a0 \u00a0 \u00a0 \u00a0 \u00a0 110~220V 50\/60Hz<\/p>\t\t\t\t\t\t<\/div>\n\t\t\t\t<\/div>\n\t\t\t\t<\/div>\n\t\t\t\t\t<\/div>\n\t\t\t\t<\/div>\n\t\t<div class=\"elementor-element elementor-element-7edcf53 e-flex e-con-boxed e-con e-parent\" data-id=\"7edcf53\" data-element_type=\"container\">\n\t\t\t\t\t<div class=\"e-con-inner\">\n\t\t\t\t<div class=\"elementor-element elementor-element-48094ba elementor-widget elementor-widget-wpforms\" data-id=\"48094ba\" data-element_type=\"widget\" data-widget_type=\"wpforms.default\">\n\t\t\t\t<div class=\"elementor-widget-container\">\n\t\t\t<div class=\"wpforms-container\" id=\"wpforms-11\"><form id=\"wpforms-form-11\" class=\"wpforms-validate wpforms-form wpforms-ajax-form\" data-formid=\"11\" method=\"post\" enctype=\"multipart\/form-data\" action=\"\/fi\/wp-json\/wp\/v2\/product\/1742\" data-token=\"04df857188661b35ec3ce44c64e02aa2\" data-trp-original-action=\"\/fi\/wp-json\/wp\/v2\/product\/1742\"><noscript class=\"wpforms-error-noscript\">Ota JavaScript k\u00e4ytt\u00f6\u00f6n selaimessasi t\u00e4ytt\u00e4\u00e4ksesi t\u00e4m\u00e4n lomakkeen.<\/noscript><div class=\"wpforms-field-container\"><div id=\"wpforms-11-field_1-container\" class=\"wpforms-field wpforms-field-text\" data-field-id=\"1\"><label class=\"wpforms-field-label\" for=\"wpforms-11-field_1\">Nimi <span class=\"wpforms-required-label\">*<\/span><\/label><input type=\"text\" id=\"wpforms-11-field_1\" class=\"wpforms-field-medium wpforms-field-required\" name=\"wpforms[fields][1]\" placeholder=\"Nimi\" required><\/div><div id=\"wpforms-11-field_5-container\" class=\"wpforms-field wpforms-field-text\" data-field-id=\"5\"><label class=\"wpforms-field-label\" for=\"wpforms-11-field_5\">Yritys<\/label><input type=\"text\" id=\"wpforms-11-field_5\" class=\"wpforms-field-medium\" name=\"wpforms[fields][5]\" ><\/div><div id=\"wpforms-11-field_4-container\" class=\"wpforms-field wpforms-field-number\" data-field-id=\"4\"><label class=\"wpforms-field-label\" for=\"wpforms-11-field_4\">Puhelin<\/label><input type=\"number\" pattern=\"\\d*\" id=\"wpforms-11-field_4\" class=\"wpforms-field-medium\" name=\"wpforms[fields][4]\" placeholder=\"Puhelin\" ><\/div><div id=\"wpforms-11-field_3-container\" class=\"wpforms-field wpforms-field-email\" data-field-id=\"3\"><label class=\"wpforms-field-label\" for=\"wpforms-11-field_3\">S\u00e4hk\u00f6posti <span class=\"wpforms-required-label\">*<\/span><\/label><input type=\"email\" id=\"wpforms-11-field_3\" class=\"wpforms-field-medium wpforms-field-required\" name=\"wpforms[fields][3]\" placeholder=\"S\u00e4hk\u00f6posti\" spellcheck=\"false\" required><\/div><div id=\"wpforms-11-field_2-container\" class=\"wpforms-field wpforms-field-textarea\" data-field-id=\"2\"><label class=\"wpforms-field-label\" for=\"wpforms-11-field_2\">Viesti<\/label><textarea id=\"wpforms-11-field_2\" class=\"wpforms-field-large\" name=\"wpforms[fields][2]\" ><\/textarea><\/div><\/div><!-- .wpforms-field-container --><input type=\"hidden\" name=\"wpforms[recaptcha]\" value=\"\"><div class=\"wpforms-submit-container\" ><input type=\"hidden\" name=\"wpforms[id]\" value=\"11\"><input type=\"hidden\" name=\"wpforms[author]\" value=\"3\"><button type=\"submit\" name=\"wpforms[submit]\" id=\"wpforms-submit-11\" class=\"wpforms-submit\" data-alt-text=\"Submitting\" data-submit-text=\"Submit\" aria-live=\"assertive\" value=\"wpforms-submit\">L\u00e4het\u00e4<\/button><img decoding=\"async\" src=\"https:\/\/www.qualitester.com\/wp-content\/plugins\/wpforms-lite\/assets\/images\/submit-spin.svg\" class=\"wpforms-submit-spinner\" style=\"display: none;\" width=\"26\" height=\"26\" alt=\"Ladataan\"><\/div><input type=\"hidden\" name=\"trp-form-language\" value=\"fi\"\/><\/form><\/div>  <!-- .wpforms-container -->\t\t<\/div>\n\t\t\t\t<\/div>\n\t\t\t\t\t<\/div>\n\t\t\t\t<\/div>\n\t\t\t\t<\/div>","protected":false},"excerpt":{"rendered":"<p>Pakkauksen sinettien eheyden testaaminen auttaa varmistamaan, ett\u00e4 pakkaus tarjoaa vaaditun tuotesuojan.<\/p>","protected":false},"featured_media":1746,"comment_status":"closed","ping_status":"closed","template":"","meta":{"site-sidebar-layout":"default","site-content-layout":"default","ast-global-header-display":"","ast-main-header-display":"","ast-hfb-above-header-display":"","ast-hfb-below-header-display":"","ast-hfb-mobile-header-display":"","site-post-title":"disabled","ast-breadcrumbs-content":"","ast-featured-img":"disabled","footer-sml-layout":"","theme-transparent-header-meta":"default","adv-header-id-meta":"","stick-header-meta":"","header-above-stick-meta":"","header-main-stick-meta":"","header-below-stick-meta":""},"product_cat":[845,674,675,672,17,149,16,99,105,135,95],"product_tag":[357,358,41,42,177],"class_list":{"0":"post-1742","1":"product","2":"type-product","3":"status-publish","4":"has-post-thumbnail","6":"product_cat-customization","7":"product_cat-test-items","8":"product_cat-leak-tester","9":"product_cat-applied-materials","10":"product_cat-package-container-testers","11":"product_cat-pharma-and-medical-testers","12":"product_cat-plastic-packaging-testers","13":"product_cat-astm","14":"product_cat-astm-d3078","15":"product_cat-astm-d4991","16":"product_cat-products","17":"product_tag-astm-d3078","18":"product_tag-astm-d4991","19":"product_tag-leak","20":"product_tag-seal","21":"product_tag-seal-strength","22":"desktop-align-left","23":"tablet-align-left","24":"mobile-align-left","26":"first","27":"instock","28":"shipping-taxable","29":"product-type-simple"},"_links":{"self":[{"href":"https:\/\/www.qualitester.com\/fi\/wp-json\/wp\/v2\/product\/1742","targetHints":{"allow":["GET"]}}],"collection":[{"href":"https:\/\/www.qualitester.com\/fi\/wp-json\/wp\/v2\/product"}],"about":[{"href":"https:\/\/www.qualitester.com\/fi\/wp-json\/wp\/v2\/types\/product"}],"replies":[{"embeddable":true,"href":"https:\/\/www.qualitester.com\/fi\/wp-json\/wp\/v2\/comments?post=1742"}],"version-history":[{"count":0,"href":"https:\/\/www.qualitester.com\/fi\/wp-json\/wp\/v2\/product\/1742\/revisions"}],"wp:featuredmedia":[{"embeddable":true,"href":"https:\/\/www.qualitester.com\/fi\/wp-json\/wp\/v2\/media\/1746"}],"wp:attachment":[{"href":"https:\/\/www.qualitester.com\/fi\/wp-json\/wp\/v2\/media?parent=1742"}],"wp:term":[{"taxonomy":"product_cat","embeddable":true,"href":"https:\/\/www.qualitester.com\/fi\/wp-json\/wp\/v2\/product_cat?post=1742"},{"taxonomy":"product_tag","embeddable":true,"href":"https:\/\/www.qualitester.com\/fi\/wp-json\/wp\/v2\/product_tag?post=1742"}],"curies":[{"name":"wp","href":"https:\/\/api.w.org\/{rel}","templated":true}]}}