{"id":1464,"date":"2023-04-20T13:07:29","date_gmt":"2023-04-20T05:07:29","guid":{"rendered":"https:\/\/www.qualitester.com\/?post_type=product&#038;p=1464"},"modified":"2024-12-04T16:27:00","modified_gmt":"2024-12-04T08:27:00","slug":"coefficient-of-friction-tester-cof-01","status":"publish","type":"product","link":"https:\/\/www.qualitester.com\/fi\/tuote\/coefficient-of-friction-tester-cof-01\/","title":{"rendered":"COF-01 Kitkakertoimen testaaja"},"content":{"rendered":"<h2><strong>Johdanto kitkakertoimen testauslaitteeseen<\/strong><\/h2>\n<p>The <strong>kitkakertoimen testauslaite<\/strong> on tarkkuuslaite, joka on suunniteltu mittaamaan kahden pinnan v\u00e4list\u00e4 staattista ja kineettist\u00e4 kitkakerrointa. N\u00e4m\u00e4 mittaukset ovat v\u00e4ltt\u00e4m\u00e4tt\u00f6mi\u00e4 arvioitaessa materiaalien \u201cliukkautta\u201d tai kest\u00e4vyytt\u00e4 erityisesti teollisuudenaloilla, joilla pakkaaminen, tuotannon tehokkuus ja materiaalien yhteensopivuus ovat kriittisi\u00e4. M\u00e4\u00e4ritt\u00e4m\u00e4ll\u00e4 kitkakertoimen tarkasti valmistajat voivat optimoida prosesseja, parantaa tuotteiden laatua ja varmistaa sujuvan toiminnan tuotannon, varastoinnin ja kuljetuksen aikana.<\/p>\n<h2><strong>Kitkakertoimen testauksen merkitys<\/strong><\/h2>\n<p>Kitkakertoimella on keskeinen rooli materiaalien k\u00e4ytt\u00e4ytymisess\u00e4, sill\u00e4 se vaikuttaa siihen, miten tuotteet ovat vuorovaikutuksessa kesken\u00e4\u00e4n tuotannon ja k\u00e4yt\u00f6n aikana. Pienempi kerroin merkitsee parempaa liukusuorituskyky\u00e4, kun taas suurempi kerroin voi viitata mahdollisiin haasteisiin, kuten tarttumiseen tai jumiutumiseen. Lis\u00e4aineiden, pinnoitteiden, k\u00e4sittelyjen ja ymp\u00e4rist\u00f6olosuhteiden kaltaiset tekij\u00e4t voivat kaikki vaikuttaa n\u00e4ihin kitkaominaisuuksiin. Tarkka testaus auttaa valmistajia:<\/p>\n<ul>\n<li>Parannetaan materiaalien k\u00e4sittely\u00e4 ja prosessointia.<\/li>\n<li>Est\u00e4\u00e4 liiallisen kitkan aiheuttamat materiaaliviat.<\/li>\n<li>Optimoi tuotantolinjan nopeus ja v\u00e4henn\u00e4 seisokkiaikoja.<\/li>\n<\/ul>\n<h2><strong>Standardien yleiskatsaus<\/strong><\/h2>\n<p>Yhdenmukaisuuden ja luotettavuuden varmistamiseksi <strong>kitkakertoimen testauslaite<\/strong> on kansainv\u00e4lisesti tunnustettujen standardien mukainen, mukaan lukien <a href=\"https:\/\/www.qualitester.com\/fi\/tuote-osasto-2\/astm\/astm-d1894\/\" target=\"_blank\" rel=\"noopener\"><strong>ASTM D1894<\/strong><\/a> ja <a href=\"https:\/\/www.qualitester.com\/fi\/tuote-osasto-2\/iso\/iso-8295\/\" target=\"_blank\" rel=\"noopener\"><strong>ISO 8295<\/strong><\/a>.<\/p>\n<h3><a href=\"https:\/\/www.astm.org\/d1894-14.html\" target=\"_blank\" rel=\"noopener nofollow\"><strong>ASTM D1894<\/strong><\/a><\/h3>\n<ul>\n<li><strong>Yleiskatsaus<\/strong>: T\u00e4ss\u00e4 standardissa m\u00e4\u00e4ritell\u00e4\u00e4n menetelm\u00e4 muovikalvojen ja -levyjen staattisten ja kineettisten kitkakertoimien m\u00e4\u00e4ritt\u00e4miseksi.<\/li>\n<li><strong>Testimenetelm\u00e4<\/strong>: Kelkka- ja tasomenetelm\u00e4ll\u00e4 mitataan materiaalin liukuvastusta valvotuissa olosuhteissa.<\/li>\n<li><strong>Merkitys<\/strong>: ASTM D1894 on laajalti k\u00e4yt\u00f6ss\u00e4 pakkausteollisuudessa materiaalien yhteensopivuuden ja koneiden suorituskyvyn arvioimiseksi.<\/li>\n<\/ul>\n<h3><a href=\"https:\/\/www.iso.org\/standard\/20760.html\" target=\"_blank\" rel=\"noopener nofollow\"><strong>ISO 8295<\/strong><\/a><\/h3>\n<ul>\n<li><strong>Yleiskatsaus<\/strong>: ISO 8295 antaa ohjeet muovikalvojen ja -levyjen kitkakertoimien arvioimiseksi.<\/li>\n<li><strong>Testimenetelm\u00e4<\/strong>: Samanlainen kuin ASTM D1894, mutta siin\u00e4 k\u00e4ytet\u00e4\u00e4n kelkkaa liukuvastuksen mittaamiseen standardoiduissa olosuhteissa.<\/li>\n<li><strong>Merkitys<\/strong>: T\u00e4m\u00e4 standardi takaa kansainv\u00e4lisill\u00e4 markkinoilla toimiville valmistajille maailmanlaajuisen vaatimustenmukaisuuden.<\/li>\n<\/ul>\n<h3><strong>ASTM D1894:n ja ISO 8295:n vertailu<\/strong><\/h3>\n<p>Vaikka molemmissa standardeissa keskityt\u00e4\u00e4n samankaltaisiin testausperiaatteisiin, ne eroavat toisistaan tietyiss\u00e4 parametreissa, kuten testinopeudessa ja erityisvaatimuksissa. Molempien standardien noudattaminen takaa yhteensopivuuden eri markkinoilla.<\/p>\n<h2><strong>Kitkakertoimen testauslaitteen sovellukset<\/strong><\/h2>\n<p>The <strong>kitkakertoimen testauslaite<\/strong> on monik\u00e4ytt\u00f6inen ja sit\u00e4 voidaan k\u00e4ytt\u00e4\u00e4 erilaisiin materiaaleihin, kuten:<\/p>\n<ul>\n<li><strong>Pakkauskalvot<\/strong>: \u201cLiukkauden\u201d arviointi koneen tehokkaan toiminnan varmistamiseksi.<\/li>\n<li><strong>Paperi ja tekstiilit<\/strong>: Kitkakest\u00e4vyyden arviointi tuotteen johdonmukaisen suorituskyvyn varmistamiseksi.<\/li>\n<li><strong>Kumi ja pinnoitteet<\/strong>: Kest\u00e4vyyden ja k\u00e4ytett\u00e4vyyden mittaaminen erilaisissa olosuhteissa.<\/li>\n<li><strong>Jarrupalat ja renkaat<\/strong>: Turvallisuuden varmistaminen tarkkojen kitka-arvioiden avulla.<\/li>\n<\/ul>\n<h2><strong>Toimintaperiaate ja kaava<\/strong><\/h2>\n<p>Testilaitteessa k\u00e4ytet\u00e4\u00e4n kelkka-ja-taso -menetelm\u00e4\u00e4, jossa painotettua kelkkaa vedet\u00e4\u00e4n tasaisen pinnan yli ja tarvittava voima mitataan. Kitkakerroin lasketaan kaavalla:<\/p>\n<p><strong><span class=\"base\"><span class=\"mord mathnormal\">\u03bc<\/span><span class=\"mrel\">=<\/span><\/span><span class=\"base\"><span class=\"mord\"><span class=\"mfrac\"><span class=\"vlist-t vlist-t2\"><span class=\"vlist-r\"><span class=\"vlist\"><span class=\"mord mathnormal\">N\/<\/span><span class=\"mord mathnormal\">f<\/span><\/span><span class=\"vlist-s\">\u200b<\/span><\/span><\/span><\/span><\/span><\/span><\/strong><\/p>\n<h3>Miss\u00e4:<\/h3>\n<ul>\n<li><strong><span class=\"katex\"><span class=\"katex-mathml\">\u03bc<\/span><\/span><\/strong>: Kitkakerroin<\/li>\n<li><strong><span class=\"katex\"><span class=\"katex-mathml\">f<\/span><\/span><\/strong>: Kitkavoima<\/li>\n<li><strong><span class=\"katex\"><span class=\"katex-mathml\">N<\/span><\/span><\/strong>: Normaalivoima<\/li>\n<\/ul>\n<p><strong>Staattinen COF (\u03bcs)<\/strong>: Mittaa liikkeen k\u00e4ynnist\u00e4miseen tarvittavan voiman.<br \/>\n<strong>Kineettinen COF (<span class=\"katex\"><span class=\"katex-mathml\">\u03bcd<\/span><\/span>)<\/strong>: Mittaa liikkeen yll\u00e4pit\u00e4miseen tarvittavan voiman.<\/p>\n<h2><strong>COF-01-kitkakertoimen testerin ominaisuudet<\/strong><\/h2>\n<p>The <strong>COF-01 kitkakertoimen testauslaite<\/strong> on suunniteltu tuottamaan tarkkoja ja luotettavia tuloksia k\u00e4ytt\u00e4j\u00e4yst\u00e4v\u00e4llisell\u00e4 toiminnalla:<\/p>\n<ol>\n<li><strong>Kehittynyt ohjausj\u00e4rjestelm\u00e4<\/strong>: PLC-pohjainen ohjaus HMI-kosketusn\u00e4ytt\u00f6liittym\u00e4ll\u00e4.<\/li>\n<li><strong>Korkean tarkkuuden mekaniikka<\/strong>: K\u00e4ytt\u00f6voimana askelmoottori ja palloruuvi.<\/li>\n<li><strong>Reaaliaikainen analytiikka<\/strong>: N\u00e4ytt\u00e4\u00e4 testik\u00e4yr\u00e4t ja tallentaa tulokset automaattisesti.<\/li>\n<li><strong>Standardien noudattaminen<\/strong>: T\u00e4ysin ASTM D1894, ISO 8295, TAPPI T816 ja GB 10006 -standardien mukainen.<\/li>\n<li><strong>Mukautettavat vaihtoehdot<\/strong>: Kuormakennon kapasiteetti, kelkan paino ja ohjelmisto voidaan r\u00e4\u00e4t\u00e4l\u00f6id\u00e4 vastaamaan erityistarpeita.<\/li>\n<li><strong>Vankka suunnittelu<\/strong>: Kest\u00e4v\u00e4 alumiininen testitaso takaa pitk\u00e4ik\u00e4isyyden.<\/li>\n<\/ol>\n<h2><strong>Tekniset parametrit<\/strong><\/h2>\n<table style=\"height: 405px;\" width=\"604\">\n<thead>\n<tr>\n<th><strong>Parametri<\/strong><\/th>\n<th><strong>Tekniset tiedot<\/strong><\/th>\n<\/tr>\n<\/thead>\n<tbody>\n<tr>\n<td style=\"text-align: center;\">Kuormakenno<\/td>\n<td style=\"text-align: center;\">5 N (muokattavissa)<\/td>\n<\/tr>\n<tr>\n<td style=\"text-align: center;\">Tarkkuus<\/td>\n<td style=\"text-align: center;\">\u00b10,5% F.S.<\/td>\n<\/tr>\n<tr>\n<td style=\"text-align: center;\">Kelkka<\/td>\n<td style=\"text-align: center;\">200 \u00b1 1 g (tai tarpeen mukaan)<\/td>\n<\/tr>\n<tr>\n<td style=\"text-align: center;\">Kelkan koko<\/td>\n<td style=\"text-align: center;\">63,5 mm \u00d7 63,5 mm<\/td>\n<\/tr>\n<tr>\n<td style=\"text-align: center;\">Testinopeus<\/td>\n<td style=\"text-align: center;\">100 mm\/min (ISO), 150 mm\/min (ASTM)<\/td>\n<\/tr>\n<tr>\n<td style=\"text-align: center;\">Mitat<\/td>\n<td style=\"text-align: center;\">540 mm (L) \u00d7 380 mm (L) \u00d7 240 mm (K)<\/td>\n<\/tr>\n<tr>\n<td style=\"text-align: center;\">Paino<\/td>\n<td style=\"text-align: center;\">NW 21 kg<\/td>\n<\/tr>\n<tr>\n<td style=\"text-align: center;\">Teho<\/td>\n<td style=\"text-align: center;\">110-220 V, 50\/60 Hz<\/td>\n<\/tr>\n<\/tbody>\n<\/table>\n<h2><strong>COF-01-testerin edut<\/strong><\/h2>\n<ul>\n<li>Parantaa materiaalin laatua antamalla tarkat kitkatiedot.<\/li>\n<li>Lis\u00e4\u00e4 tuotannon tehokkuutta optimoimalla materiaalien yhteensopivuuden.<\/li>\n<li>T\u00e4ytt\u00e4\u00e4 kansainv\u00e4liset testausstandardit maailmanlaajuista markkinahyv\u00e4ksynt\u00e4\u00e4 varten.<\/li>\n<\/ul>\n<h2><strong>Miksi valita Cell Instruments?<\/strong><\/h2>\n<p>Cell Instruments on luotettava nimi materiaalien testauksessa, ja se tarjoaa innovatiivisia, teollisuuden tarpeisiin r\u00e4\u00e4t\u00e4l\u00f6ityj\u00e4 ratkaisuja. R\u00e4\u00e4t\u00e4l\u00f6innin ja automaation asiantuntemuksella varmistamme, ett\u00e4 jokainen tuote t\u00e4ytt\u00e4\u00e4 korkeimmat tarkkuus- ja k\u00e4ytett\u00e4vyysvaatimukset.<\/p>\n<h2><strong>UKK<\/strong><\/h2>\n<ol>\n<li><strong>Mik\u00e4 on kitkakerroinmittarin p\u00e4\u00e4tarkoitus?<\/strong>\n<ul>\n<li>Se mittaa staattisen ja kineettisen kitkakertoimen materiaalien yhteensopivuuden ja suorituskyvyn varmistamiseksi.<\/li>\n<\/ul>\n<\/li>\n<li><strong>Mitk\u00e4 teollisuudenalat hy\u00f6tyv\u00e4t COF-01-testerin k\u00e4yt\u00f6st\u00e4?<\/strong>\n<ul>\n<li>Toimialat, kuten pakkaus-, tekstiili-, pinnoite-, liima- ja autoteollisuus.<\/li>\n<\/ul>\n<\/li>\n<li><strong>Mik\u00e4 ero on staattisen ja kineettisen COF:n v\u00e4lill\u00e4?<\/strong>\n<ul>\n<li>Staattinen COF mittaa liikkeen aloittamiseen tarvittavaa voimaa, kun taas kineettinen COF mittaa liikkeen yll\u00e4pit\u00e4miseen tarvittavaa voimaa.<\/li>\n<\/ul>\n<\/li>\n<li><strong>Mit\u00e4 standardeja COF-01 noudattaa?<\/strong>\n<ul>\n<li>ASTM D1894, ISO 8295, TAPPI T816 ja GB 10006.<\/li>\n<\/ul>\n<\/li>\n<li><strong>Voiko COF-01-testeri\u00e4 mukauttaa?<\/strong>\n<ul>\n<li>Kyll\u00e4, vaihtoehtoja, kuten kelkan paino, ohjelmistojen integrointi ja n\u00e4yt\u00f6n kieli, voidaan mukauttaa.<\/li>\n<\/ul>\n<\/li>\n<\/ol>\n<h2>Aiheeseen liittyv\u00e4 tuote<\/h2>\n<p>&nbsp;<\/p>\n<blockquote class=\"wp-embedded-content\" data-secret=\"vzpdHvwUo6\"><p><a href=\"https:\/\/www.qualitester.com\/fi\/tuote\/inclined-coefficient-of-friction-tester-cof-03\/\">COF-03 Kitkakertoimen kalteva testauslaite<\/a><\/p><\/blockquote>\n<p><iframe class=\"wp-embedded-content\" sandbox=\"allow-scripts\" security=\"restricted\" style=\"position: absolute; visibility: hidden;\" title=\"\u300a COF-03 Inclined Coefficient of Friction Tester \u300b\u2014Material Quality Tester\" src=\"https:\/\/www.qualitester.com\/product\/inclined-coefficient-of-friction-tester-cof-03\/embed\/#?secret=iREm9kW5bX#?secret=vzpdHvwUo6\" data-secret=\"vzpdHvwUo6\" width=\"500\" height=\"282\" frameborder=\"0\" marginwidth=\"0\" marginheight=\"0\" scrolling=\"no\"><\/iframe><\/p>\n<blockquote class=\"wp-embedded-content\" data-secret=\"Cdow4RlaQp\"><p><a href=\"https:\/\/www.qualitester.com\/fi\/tuote\/sale-film-friction-peel-tester\/\">FPT-01 kalvon kitka-\/kiillotustesteri<\/a><\/p><\/blockquote>\n<p><iframe class=\"wp-embedded-content\" sandbox=\"allow-scripts\" security=\"restricted\" style=\"position: absolute; visibility: hidden;\" title=\"\u300a FPT-01 Film Friction\/Peel Tester \u300b\u2014Material Quality Tester\" src=\"https:\/\/www.qualitester.com\/product\/sale-film-friction-peel-tester\/embed\/#?secret=Hw1oI6Nct5#?secret=Cdow4RlaQp\" data-secret=\"Cdow4RlaQp\" width=\"500\" height=\"282\" frameborder=\"0\" marginwidth=\"0\" marginheight=\"0\" scrolling=\"no\"><\/iframe><\/p>\n<blockquote class=\"wp-embedded-content\" data-secret=\"2jVvGEozrn\"><p><a href=\"https:\/\/www.qualitester.com\/fi\/tuote\/cof-s1-mop-push-force-tester\/\">COF-S1 Mopin ty\u00f6nt\u00f6voimatesteri<\/a><\/p><\/blockquote>\n<p><iframe class=\"wp-embedded-content\" sandbox=\"allow-scripts\" security=\"restricted\" style=\"position: absolute; visibility: hidden;\" title=\"\u300a COF-S1 Mop Push Force Tester \u300b\u2014Material Quality Tester\" src=\"https:\/\/www.qualitester.com\/product\/cof-s1-mop-push-force-tester\/embed\/#?secret=B9Tn02gS9q#?secret=2jVvGEozrn\" data-secret=\"2jVvGEozrn\" width=\"500\" height=\"282\" frameborder=\"0\" marginwidth=\"0\" marginheight=\"0\" scrolling=\"no\"><\/iframe><\/p>\n<blockquote class=\"wp-embedded-content\" data-secret=\"DdI6KzAUQy\"><p><a href=\"https:\/\/www.qualitester.com\/fi\/tuote\/sale-smart-pen-coefficient-of-friction-tester\/\">TSTP-01 Smart Pen -kyn\u00e4n kitkakertoimen testaaja<\/a><\/p><\/blockquote>\n<p><iframe class=\"wp-embedded-content\" sandbox=\"allow-scripts\" security=\"restricted\" style=\"position: absolute; visibility: hidden;\" title=\"\u300a TSTP-01 Smart Pen Coefficient of Friction Tester \u300b\u2014Material Quality Tester\" src=\"https:\/\/www.qualitester.com\/product\/sale-smart-pen-coefficient-of-friction-tester\/embed\/#?secret=4DUzcPrfLZ#?secret=DdI6KzAUQy\" data-secret=\"DdI6KzAUQy\" width=\"500\" height=\"282\" frameborder=\"0\" marginwidth=\"0\" marginheight=\"0\" scrolling=\"no\"><\/iframe><\/p>\n<blockquote class=\"wp-embedded-content\" data-secret=\"RPLf6zL5u2\"><p><a href=\"https:\/\/www.qualitester.com\/fi\/tuote\/sale-floor-wiper-friction-testing-instrument\/\">MopFric-01 Lattian pyyhkimien kitkan testauslaite<\/a><\/p><\/blockquote>\n<p><iframe class=\"wp-embedded-content\" sandbox=\"allow-scripts\" security=\"restricted\" style=\"position: absolute; visibility: hidden;\" title=\"\u300a MopFric-01 Floor Wiper Friction Testing Instrument \u300b\u2014Material Quality Tester\" src=\"https:\/\/www.qualitester.com\/product\/sale-floor-wiper-friction-testing-instrument\/embed\/#?secret=KOywcm9GZM#?secret=RPLf6zL5u2\" data-secret=\"RPLf6zL5u2\" width=\"500\" height=\"282\" frameborder=\"0\" marginwidth=\"0\" marginheight=\"0\" scrolling=\"no\"><\/iframe><\/p>\n<p>&nbsp;<\/p>","protected":false},"excerpt":{"rendered":"<p>The <strong>kitkakertoimen testauslaite<\/strong> on tarkkuuslaite, joka on suunniteltu mittaamaan kahden pinnan v\u00e4list\u00e4 staattista ja kineettist\u00e4 kitkakerrointa. N\u00e4m\u00e4 mittaukset ovat v\u00e4ltt\u00e4m\u00e4tt\u00f6mi\u00e4 arvioitaessa materiaalien \u201cliukkautta\u201d tai kest\u00e4vyytt\u00e4 erityisesti teollisuudenaloilla, joilla pakkaaminen, tuotannon tehokkuus ja materiaalien yhteensopivuus ovat kriittisi\u00e4.<\/p>","protected":false},"featured_media":6145,"comment_status":"closed","ping_status":"closed","template":"","meta":{"site-sidebar-layout":"default","site-content-layout":"default","ast-global-header-display":"","ast-main-header-display":"","ast-hfb-above-header-display":"","ast-hfb-below-header-display":"","ast-hfb-mobile-header-display":"","site-post-title":"","ast-breadcrumbs-content":"","ast-featured-img":"","footer-sml-layout":"","theme-transparent-header-meta":"default","adv-header-id-meta":"","stick-header-meta":"","header-above-stick-meta":"","header-main-stick-meta":"","header-below-stick-meta":""},"product_cat":[845,1129,1062,938,683,44,16,106,170,95],"product_tag":[],"class_list":{"0":"post-1464","1":"product","2":"type-product","3":"status-publish","4":"has-post-thumbnail","6":"product_cat-customization","7":"product_cat-gb-10006","8":"product_cat-tappi-t816","9":"product_cat-textile-tester","10":"product_cat-coefficient-of-friction-tester","11":"product_cat-paper-and-board-testers","12":"product_cat-plastic-packaging-testers","13":"product_cat-astm-d1894","14":"product_cat-iso-8295","15":"product_cat-products","16":"desktop-align-left","17":"tablet-align-left","18":"mobile-align-left","20":"first","21":"instock","22":"shipping-taxable","23":"product-type-simple"},"_links":{"self":[{"href":"https:\/\/www.qualitester.com\/fi\/wp-json\/wp\/v2\/product\/1464","targetHints":{"allow":["GET"]}}],"collection":[{"href":"https:\/\/www.qualitester.com\/fi\/wp-json\/wp\/v2\/product"}],"about":[{"href":"https:\/\/www.qualitester.com\/fi\/wp-json\/wp\/v2\/types\/product"}],"replies":[{"embeddable":true,"href":"https:\/\/www.qualitester.com\/fi\/wp-json\/wp\/v2\/comments?post=1464"}],"version-history":[{"count":0,"href":"https:\/\/www.qualitester.com\/fi\/wp-json\/wp\/v2\/product\/1464\/revisions"}],"wp:featuredmedia":[{"embeddable":true,"href":"https:\/\/www.qualitester.com\/fi\/wp-json\/wp\/v2\/media\/6145"}],"wp:attachment":[{"href":"https:\/\/www.qualitester.com\/fi\/wp-json\/wp\/v2\/media?parent=1464"}],"wp:term":[{"taxonomy":"product_cat","embeddable":true,"href":"https:\/\/www.qualitester.com\/fi\/wp-json\/wp\/v2\/product_cat?post=1464"},{"taxonomy":"product_tag","embeddable":true,"href":"https:\/\/www.qualitester.com\/fi\/wp-json\/wp\/v2\/product_tag?post=1464"}],"curies":[{"name":"wp","href":"https:\/\/api.w.org\/{rel}","templated":true}]}}