{"id":7905,"date":"2026-03-25T14:36:07","date_gmt":"2026-03-25T06:36:07","guid":{"rendered":"https:\/\/www.qualitester.com\/?page_id=7905"},"modified":"2026-03-25T14:36:18","modified_gmt":"2026-03-25T06:36:18","slug":"astm-d4595","status":"publish","type":"page","link":"https:\/\/www.qualitester.com\/fi\/standards\/astm-d4595\/","title":{"rendered":"ASTM D4595"},"content":{"rendered":"<h2 data-section-id=\"1tlpuk\" data-start=\"434\" data-end=\"463\">Johdanto ASTM D4595 -standardiin<\/h2>\n<p data-start=\"465\" data-end=\"741\"><strong data-start=\"465\" data-end=\"479\">ASTM D4595<\/strong> m\u00e4\u00e4ritell\u00e4\u00e4n standardoitu menettely, jolla m\u00e4\u00e4ritet\u00e4\u00e4n <strong data-start=\"533\" data-end=\"570\">geotekstiilien veto-ominaisuudet<\/strong> k\u00e4ytt\u00e4m\u00e4ll\u00e4 leve\u00e4\u00e4 n\u00e4ytett\u00e4. Insin\u00f6\u00f6rit ja laadunvalvonnan ammattilaiset luottavat t\u00e4h\u00e4n menetelm\u00e4\u00e4n arvioidessaan, miten geotekstiilit k\u00e4ytt\u00e4ytyv\u00e4t vetoj\u00e4nnityksen alaisena todellisissa sovelluksissa.<\/p>\n<p data-start=\"743\" data-end=\"1011\">Toisin kuin kapeiden kaistaleiden menetelmiss\u00e4, ASTM D4595:ss\u00e4 k\u00e4ytet\u00e4\u00e4n <strong data-start=\"790\" data-end=\"824\">leve\u00e4leve\u00e4 vetotestausmenetelm\u00e4<\/strong>, mik\u00e4 minimoi sivusuunnassa tapahtuvan supistumisen (kaulan katkaisu). T\u00e4m\u00e4 ominaisuus varmistaa, ett\u00e4 testitulokset vastaavat paremmin todellista kentt\u00e4toimintaa, erityisesti kuitukankaiden ja joustavien geotekstiilien osalta.<\/p>\n<p data-start=\"1013\" data-end=\"1176\">Menetelm\u00e4 soveltuu monenlaisiin materiaaleihin, kuten kudottuihin, kuitukankaisiin, neulottuihin ja kerroksellisiin geotekstiileihin, joita k\u00e4ytet\u00e4\u00e4n infrastruktuuri- ja ymp\u00e4rist\u00f6tekniikassa.<\/p>\n<h2 data-section-id=\"1e38fcy\" data-start=\"1183\" data-end=\"1219\">Geotekstiilien veto-ominaisuudet<\/h2>\n<p data-start=\"1221\" data-end=\"1373\">Ymm\u00e4rt\u00e4minen <strong data-start=\"1239\" data-end=\"1276\">geotekstiilien veto-ominaisuudet<\/strong> on ratkaisevan t\u00e4rke\u00e4\u00e4 esimerkiksi maaper\u00e4n lujittamisessa, tienrakennuksessa ja eroosion torjunnassa.<\/p>\n<p data-start=\"1375\" data-end=\"1419\">ASTM D4595:ss\u00e4 arvioidaan useita keskeisi\u00e4 parametreja:<\/p>\n<ul data-start=\"1421\" data-end=\"1755\">\n<li data-section-id=\"183mnfh\" data-start=\"1421\" data-end=\"1486\"><strong data-start=\"1423\" data-end=\"1443\">Vetolujuus<\/strong>: Suurin voima leveysyksikk\u00f6\u00e4 kohti repe\u00e4m\u00e4ss\u00e4<\/li>\n<li data-section-id=\"irxdml\" data-start=\"1487\" data-end=\"1553\"><strong data-start=\"1489\" data-end=\"1503\">Venym\u00e4<\/strong>: Pituuden prosentuaalinen kasvu tietyll\u00e4 voimalla.<\/li>\n<li data-section-id=\"5hph78\" data-start=\"1554\" data-end=\"1618\"><strong data-start=\"1556\" data-end=\"1575\">Alkuper\u00e4inen moduuli<\/strong>: J\u00e4ykkyys kuormituksen alkuvaiheessa<\/li>\n<li data-section-id=\"t4nrjd\" data-start=\"1619\" data-end=\"1696\"><strong data-start=\"1621\" data-end=\"1650\">Sekantti- ja Offset-moduuli<\/strong>: Materiaalin vaste m\u00e4\u00e4ritellyill\u00e4 rasitustasoilla<\/li>\n<li data-section-id=\"r8b1le\" data-start=\"1697\" data-end=\"1755\"><strong data-start=\"1699\" data-end=\"1721\">Kovuuden murtaminen<\/strong>: Ennen vikaantumista absorboitunut energia<\/li>\n<\/ul>\n<p data-start=\"1757\" data-end=\"1888\">N\u00e4m\u00e4 arvot tarjoavat olennaisia suunnittelutietoja insin\u00f6\u00f6reille, jotka ty\u00f6skentelev\u00e4t vahvistettujen maarakenteiden, penkereiden ja tukij\u00e4rjestelmien parissa.<\/p>\n<h2 data-section-id=\"1glc99u\" data-start=\"1895\" data-end=\"1938\">Leve\u00e4-levyinen vetotestausmenetelm\u00e4 selitetty<\/h2>\n<p data-start=\"1940\" data-end=\"2075\">The <strong data-start=\"1944\" data-end=\"1978\">leve\u00e4leve\u00e4 vetotestausmenetelm\u00e4<\/strong> noudatetaan valvottua menettely\u00e4, jossa k\u00e4ytet\u00e4\u00e4n vakiovetokoelaitetta (CRE).<\/p>\n<h3 data-section-id=\"njnfj3\" data-start=\"2077\" data-end=\"2103\">Keskeiset menettelyt Yleiskatsaus<\/h3>\n<ol data-start=\"2105\" data-end=\"2765\">\n<li data-section-id=\"jurogd\" data-start=\"2105\" data-end=\"2233\"><strong data-start=\"2108\" data-end=\"2132\">N\u00e4ytteen valmistelu<\/strong><br data-start=\"2132\" data-end=\"2135\" \/>Testiss\u00e4 k\u00e4ytet\u00e4\u00e4n leve\u00e4\u00e4 n\u00e4ytett\u00e4 reunavaikutusten v\u00e4hent\u00e4miseksi ja j\u00e4nnitysjakauman simuloimiseksi kent\u00e4ll\u00e4.<\/li>\n<li data-section-id=\"q6h7mj\" data-start=\"2235\" data-end=\"2362\"><strong data-start=\"2238\" data-end=\"2250\">Kiinnitys<\/strong><br data-start=\"2250\" data-end=\"2253\" \/>N\u00e4ytteest\u00e4 tartutaan kiinni koko sen leveydelt\u00e4. Oikea kohdistus on kriittisen t\u00e4rke\u00e4\u00e4 j\u00e4nnityskeskittymien v\u00e4ltt\u00e4miseksi.<\/li>\n<li data-section-id=\"3kt03u\" data-start=\"2364\" data-end=\"2498\"><strong data-start=\"2367\" data-end=\"2385\">Testin suorittaminen<\/strong><br data-start=\"2385\" data-end=\"2388\" \/>Kone k\u00e4ytt\u00e4\u00e4 vetovoimaa m\u00e4\u00e4ritetyll\u00e4 nopeudella (yleens\u00e4 10 \u00b1 3 %:n rasitusta minuutissa), kunnes se repe\u00e4\u00e4.<\/li>\n<li data-section-id=\"zcmqt1\" data-start=\"2500\" data-end=\"2618\"><strong data-start=\"2503\" data-end=\"2522\">Tiedonkeruu<\/strong><br data-start=\"2522\" data-end=\"2525\" \/>J\u00e4rjestelm\u00e4 tallentaa voiman ja venym\u00e4n jatkuvasti ja muodostaa voima-venym\u00e4-k\u00e4yr\u00e4n.<\/li>\n<li data-section-id=\"1fwq6fv\" data-start=\"2620\" data-end=\"2765\"><strong data-start=\"2623\" data-end=\"2645\">Tulosten laskeminen<\/strong><br data-start=\"2645\" data-end=\"2648\" \/>Vetolujuus lasketaan voimana leveysyksikk\u00f6\u00e4 kohti, kun taas venym\u00e4- ja moduuliarvot saadaan k\u00e4yr\u00e4st\u00e4.<\/li>\n<\/ol>\n<h3 data-section-id=\"yg2kz5\" data-start=\"2767\" data-end=\"2793\">Miksi leve\u00e4ll\u00e4 leveydell\u00e4 on merkityst\u00e4<\/h3>\n<p data-start=\"2795\" data-end=\"2948\">Perinteiset kapeat testiliuskat aliarvioivat usein suorituskyky\u00e4, koska <strong data-start=\"2865\" data-end=\"2884\">kaula-aukon vaikutukset<\/strong>. ASTM D4595 poistaa t\u00e4m\u00e4n ongelman, joten se soveltuu paremmin:<\/p>\n<ul data-start=\"2950\" data-end=\"3035\">\n<li data-section-id=\"i4e2ap\" data-start=\"2950\" data-end=\"2974\">Kuitukankaiset geotekstiilit<\/li>\n<li data-section-id=\"uowa5d\" data-start=\"2975\" data-end=\"3004\">Korkean venyvyyden omaavat materiaalit<\/li>\n<li data-section-id=\"uh7ygu\" data-start=\"3005\" data-end=\"3035\">Vahvistussovellukset<\/li>\n<\/ul>\n<h2 data-section-id=\"11283nw\" data-start=\"3042\" data-end=\"3081\">Laaja leveys vetokokeiden testauslaitteet<\/h2>\n<p data-start=\"3083\" data-end=\"3193\">Oikean vaihtoehdon valitseminen <strong data-start=\"3103\" data-end=\"3143\">leve\u00e4leve\u00e4 vetotestauslaitteisto<\/strong> on v\u00e4ltt\u00e4m\u00e4t\u00f6nt\u00e4 tarkkojen ja toistettavien tulosten saamiseksi.<\/p>\n<p data-start=\"3195\" data-end=\"3244\">Korkean suorituskyvyn vetotestauslaitteessa on oltava:<\/p>\n<ul data-start=\"3246\" data-end=\"3555\">\n<li data-section-id=\"ulydwb\" data-start=\"3246\" data-end=\"3304\"><strong data-start=\"3248\" data-end=\"3273\">Vakaa ohjausj\u00e4rjestelm\u00e4<\/strong> tarkkaa kuormituksen kohdistamista varten<\/li>\n<li data-section-id=\"17u4455\" data-start=\"3305\" data-end=\"3371\"><strong data-start=\"3307\" data-end=\"3333\">Leve\u00e4t kiinnittimet<\/strong> koko leveydelt\u00e4\u00e4n t\u00e4yteen n\u00e4ytteit\u00e4 varten<\/li>\n<li data-section-id=\"ncfe6w\" data-start=\"3372\" data-end=\"3437\"><strong data-start=\"3374\" data-end=\"3411\">Tarkka siirtym\u00e4n mittaus<\/strong> venymisanalyysi\u00e4 varten<\/li>\n<li data-section-id=\"1tijbyw\" data-start=\"3438\" data-end=\"3494\"><strong data-start=\"3440\" data-end=\"3466\">Joustava nopeuden s\u00e4\u00e4t\u00f6<\/strong> ASTM-vaatimusten t\u00e4ytt\u00e4miseksi<\/li>\n<li data-section-id=\"n02gnc\" data-start=\"3495\" data-end=\"3555\"><strong data-start=\"3497\" data-end=\"3524\">Tiedonkeruuj\u00e4rjestelm\u00e4<\/strong> reaaliaikaista k\u00e4yr\u00e4n analysointia varten<\/li>\n<\/ul>\n<h3 data-section-id=\"18zfmsq\" data-start=\"3557\" data-end=\"3581\">Suositeltava geotekstiilien leve\u00e4-levyinen vetotestiliuos<\/h3>\n<p><a href=\"https:\/\/www.qualitester.com\/fi\/tuote\/tst-01-universal-testing-machine\/\"><img fetchpriority=\"high\" decoding=\"async\" class=\"alignleft wp-image-7906 size-medium\" src=\"https:\/\/www.qualitester.com\/wp-content\/uploads\/2026\/03\/ASTM-D4595-Geotextile-Tensile-Properties-Wide-Width-Method-300x300.webp\" alt=\"ASTM D4595 Geotekstiilien veto-ominaisuudet - leve\u00e4n leveyden menetelm\u00e4\" width=\"300\" height=\"300\" srcset=\"https:\/\/www.qualitester.com\/wp-content\/uploads\/2026\/03\/ASTM-D4595-Geotextile-Tensile-Properties-Wide-Width-Method-300x300.webp 300w, https:\/\/www.qualitester.com\/wp-content\/uploads\/2026\/03\/ASTM-D4595-Geotextile-Tensile-Properties-Wide-Width-Method-150x150.webp 150w, https:\/\/www.qualitester.com\/wp-content\/uploads\/2026\/03\/ASTM-D4595-Geotextile-Tensile-Properties-Wide-Width-Method-12x12.webp 12w, https:\/\/www.qualitester.com\/wp-content\/uploads\/2026\/03\/ASTM-D4595-Geotextile-Tensile-Properties-Wide-Width-Method-100x100.webp 100w, https:\/\/www.qualitester.com\/wp-content\/uploads\/2026\/03\/ASTM-D4595-Geotextile-Tensile-Properties-Wide-Width-Method.webp 600w\" sizes=\"(max-width: 300px) 100vw, 300px\" \/><\/a><\/p>\n<p data-start=\"3583\" data-end=\"3679\">The <strong data-start=\"3587\" data-end=\"3629\">Cell Instruments <a href=\"https:\/\/www.qualitester.com\/fi\/tuote\/tst-01-universal-testing-machine\/\">TST-01 Leve\u00e4-levyinen vetotestauslaitteisto<\/a><\/strong>\u00a0soveltuu hyvin ASTM D4595 -testaukseen. Se tarjoaa:<\/p>\n<ul data-start=\"3681\" data-end=\"3959\">\n<li data-section-id=\"1lpexl6\" data-start=\"3681\" data-end=\"3746\">PLC-ohjattu toiminta intuitiivisella kosketusn\u00e4yt\u00f6ll\u00e4 varustetulla k\u00e4ytt\u00f6liittym\u00e4ll\u00e4<\/li>\n<li data-section-id=\"1jcej4f\" data-start=\"3747\" data-end=\"3797\">Tarkka siirtym\u00e4n s\u00e4\u00e4t\u00f6 (\u00b10,01 mm)<\/li>\n<li data-section-id=\"19fs2ok\" data-start=\"3798\" data-end=\"3839\">S\u00e4\u00e4dett\u00e4v\u00e4 nopeusalue (1-500 mm\/min)<\/li>\n<li data-section-id=\"1inwk2h\" data-start=\"3840\" data-end=\"3897\">Vankka mekaaninen rakenne takaa pitk\u00e4aikaisen luotettavuuden<\/li>\n<li data-section-id=\"1lkmee0\" data-start=\"3898\" data-end=\"3959\">Yhteensopivuus geotekstiilien testauksessa k\u00e4ytett\u00e4vien mukautettujen kiinnikkeiden kanssa<\/li>\n<\/ul>\n<p data-start=\"3961\" data-end=\"4071\">Sen mukautuvuus tekee siit\u00e4 ihanteellisen laboratorioihin, joissa k\u00e4sitell\u00e4\u00e4n erilaisia geotekstiilimateriaaleja ja testausolosuhteita.<\/p>\n<h2 data-section-id=\"3hjvgm\" data-start=\"4078\" data-end=\"4135\">ASTM D4595:n merkitys teknisiss\u00e4 sovelluksissa<\/h2>\n<p data-start=\"4137\" data-end=\"4256\">ASTM D4595:n mukaan <strong data-start=\"4157\" data-end=\"4187\">luotettavat suunnitteluparametrit<\/strong> geoteknisi\u00e4 hankkeita varten. Insin\u00f6\u00f6rit k\u00e4ytt\u00e4v\u00e4t tuloksia:<\/p>\n<ul data-start=\"4258\" data-end=\"4420\">\n<li data-section-id=\"1vp4q9r\" data-start=\"4258\" data-end=\"4302\">Vahvistettujen teiden ja p\u00e4\u00e4llysteiden suunnittelu<\/li>\n<li data-section-id=\"11xl2p1\" data-start=\"4303\" data-end=\"4339\">Arvioidaan rinteen stabiliteettij\u00e4rjestelmi\u00e4<\/li>\n<li data-section-id=\"vjekgm\" data-start=\"4340\" data-end=\"4381\">Kehitet\u00e4\u00e4n tukimuurin vahvistuksia<\/li>\n<li data-section-id=\"1xr8ne1\" data-start=\"4382\" data-end=\"4420\">Arvioidaan pehme\u00e4n maaper\u00e4n penkereet<\/li>\n<\/ul>\n<p data-start=\"4422\" data-end=\"4564\">Koska testi simuloi tarkasti kent\u00e4n rasitusolosuhteita, se tuottaa seuraavat tulokset. <strong data-start=\"4494\" data-end=\"4529\">realistisemmat suorituskykytiedot<\/strong> verrattuna suppeampiin testimenetelmiin.<\/p>\n<h2 data-section-id=\"w1c0q0\" data-start=\"5096\" data-end=\"5131\">UKK<\/h2>\n<p data-start=\"5133\" data-end=\"5312\"><strong data-start=\"5133\" data-end=\"5196\">1. Mik\u00e4 erottaa ASTM D4595 -standardin vetokokeista?<\/strong><br data-start=\"5196\" data-end=\"5199\" \/>ASTM D4595:ss\u00e4 k\u00e4ytet\u00e4\u00e4n leve\u00e4\u00e4 n\u00e4ytett\u00e4, mik\u00e4 v\u00e4hent\u00e4\u00e4 reunavaikutuksia ja antaa edustavampia tuloksia kuin tarttumakokeet.<\/p>\n<p data-start=\"5314\" data-end=\"5452\"><strong data-start=\"5314\" data-end=\"5364\">2. Voi <a href=\"https:\/\/store.astm.org\/d4595_d4595m-24.html\" rel=\"nofollow noopener\" target=\"_blank\">ASTM D4595<\/a> voidaan k\u00e4ytt\u00e4\u00e4 m\u00e4rkiin geotekstiileihin?<\/strong><br data-start=\"5364\" data-end=\"5367\" \/>Kyll\u00e4, standardi sis\u00e4lt\u00e4\u00e4 menettelyt sek\u00e4 ilmastoitujen ett\u00e4 m\u00e4rk\u00e4n\u00e4ytteiden testaamiseksi.<\/p>\n<p data-start=\"5454\" data-end=\"5594\"><strong data-start=\"5454\" data-end=\"5506\">3. Miksi n\u00e4ytteen leveys on t\u00e4rke\u00e4 t\u00e4ss\u00e4 testiss\u00e4?<\/strong><br data-start=\"5506\" data-end=\"5509\" \/>Leve\u00e4mpi n\u00e4yte minimoi kauluksen ja simuloi paremmin todellista kuormituksen jakautumista.<\/p>\n<p data-start=\"5596\" data-end=\"5710\"><strong data-start=\"5596\" data-end=\"5636\">4. Mink\u00e4 tyyppist\u00e4 konetta tarvitaan?<\/strong><br data-start=\"5636\" data-end=\"5639\" \/>Tarvitaan vakiovetokoelaite (CRE).<\/p>\n<p data-start=\"5712\" data-end=\"5851\"><strong data-start=\"5712\" data-end=\"5761\">5. Miten k\u00e4sittelet liukastumista testauksen aikana?<\/strong><br data-start=\"5761\" data-end=\"5764\" \/>Voit muokata kiinnittimi\u00e4, lis\u00e4t\u00e4 pehmusteita tai s\u00e4\u00e4t\u00e4\u00e4 tarttumapintoja suorituskyvyn parantamiseksi.<\/p>","protected":false},"excerpt":{"rendered":"<p>Introduction to ASTM D4595 ASTM D4595 defines a standardized procedure for determining the tensile properties of geotextiles using a wide specimen. Engineers and quality control professionals rely on this method to evaluate how geotextiles behave under tensile stress in real-world applications. Unlike narrow strip methods, ASTM D4595 uses a wide-width tensile test method, which minimizes &hellip;<\/p>\n<p class=\"read-more\"> <a class=\"\" href=\"https:\/\/www.qualitester.com\/fi\/standards\/astm-d4595\/\"> <span class=\"screen-reader-text\">ASTM D4595<\/span> Lue lis\u00e4\u00e4 \"<\/a><\/p>","protected":false},"author":4,"featured_media":7906,"parent":4948,"menu_order":0,"comment_status":"closed","ping_status":"closed","template":"","meta":{"site-sidebar-layout":"default","site-content-layout":"default","ast-global-header-display":"","ast-main-header-display":"","ast-hfb-above-header-display":"","ast-hfb-below-header-display":"","ast-hfb-mobile-header-display":"","site-post-title":"","ast-breadcrumbs-content":"","ast-featured-img":"disabled","footer-sml-layout":"","theme-transparent-header-meta":"default","adv-header-id-meta":"","stick-header-meta":"","header-above-stick-meta":"","header-main-stick-meta":"","header-below-stick-meta":"","footnotes":""},"class_list":["post-7905","page","type-page","status-publish","has-post-thumbnail","hentry"],"_links":{"self":[{"href":"https:\/\/www.qualitester.com\/fi\/wp-json\/wp\/v2\/pages\/7905","targetHints":{"allow":["GET"]}}],"collection":[{"href":"https:\/\/www.qualitester.com\/fi\/wp-json\/wp\/v2\/pages"}],"about":[{"href":"https:\/\/www.qualitester.com\/fi\/wp-json\/wp\/v2\/types\/page"}],"author":[{"embeddable":true,"href":"https:\/\/www.qualitester.com\/fi\/wp-json\/wp\/v2\/users\/4"}],"replies":[{"embeddable":true,"href":"https:\/\/www.qualitester.com\/fi\/wp-json\/wp\/v2\/comments?post=7905"}],"version-history":[{"count":0,"href":"https:\/\/www.qualitester.com\/fi\/wp-json\/wp\/v2\/pages\/7905\/revisions"}],"up":[{"embeddable":true,"href":"https:\/\/www.qualitester.com\/fi\/wp-json\/wp\/v2\/pages\/4948"}],"wp:featuredmedia":[{"embeddable":true,"href":"https:\/\/www.qualitester.com\/fi\/wp-json\/wp\/v2\/media\/7906"}],"wp:attachment":[{"href":"https:\/\/www.qualitester.com\/fi\/wp-json\/wp\/v2\/media?parent=7905"}],"curies":[{"name":"wp","href":"https:\/\/api.w.org\/{rel}","templated":true}]}}