{"id":7816,"date":"2026-01-04T09:05:28","date_gmt":"2026-01-04T01:05:28","guid":{"rendered":"https:\/\/www.qualitester.com\/?page_id=7816"},"modified":"2026-01-04T09:05:28","modified_gmt":"2026-01-04T01:05:28","slug":"top-load-strength-test-method","status":"publish","type":"page","link":"https:\/\/www.qualitester.com\/fi\/applications\/top-load-strength-test-method\/","title":{"rendered":"Yl\u00e4kuorman lujuuden testausmenetelm\u00e4"},"content":{"rendered":"<h1 style=\"text-align: center\" data-start=\"370\" data-end=\"882\">Yl\u00e4kuorman lujuuden testausmenetelm\u00e4<br \/>\nISO 8113<\/h1>\n<hr \/>\n<h2 data-start=\"945\" data-end=\"1195\">Johdanto<\/h2>\n<p><img fetchpriority=\"high\" decoding=\"async\" class=\"size-medium wp-image-7813 alignright\" src=\"https:\/\/www.qualitester.com\/wp-content\/uploads\/2026\/01\/ISO-8113-Top-Load-Test-300x300.webp\" alt=\"ISO 8113 Top Load -testi\" width=\"300\" height=\"300\" srcset=\"https:\/\/www.qualitester.com\/wp-content\/uploads\/2026\/01\/ISO-8113-Top-Load-Test-300x300.webp 300w, https:\/\/www.qualitester.com\/wp-content\/uploads\/2026\/01\/ISO-8113-Top-Load-Test-150x150.webp 150w, https:\/\/www.qualitester.com\/wp-content\/uploads\/2026\/01\/ISO-8113-Top-Load-Test-12x12.webp 12w, https:\/\/www.qualitester.com\/wp-content\/uploads\/2026\/01\/ISO-8113-Top-Load-Test-100x100.webp 100w, https:\/\/www.qualitester.com\/wp-content\/uploads\/2026\/01\/ISO-8113-Top-Load-Test.webp 600w\" sizes=\"(max-width: 300px) 100vw, 300px\" \/><\/p>\n<p>The <strong data-start=\"483\" data-end=\"516\">Yl\u00e4kuorman lujuuden testausmenetelm\u00e4<\/strong> on olennaisen t\u00e4rke\u00e4\u00e4 arvioitaessa lasis\u00e4ili\u00f6iden kest\u00e4vyytt\u00e4 ja rakenteellista eheytt\u00e4 ulkoisessa pystysuorassa paineessa.<\/p>\n<p>T\u00e4m\u00e4 menetelm\u00e4 <span style=\"font-size: 16px\">k\u00e4ytet\u00e4\u00e4n laajalti lasipakkauksiin tukeutuvilla teollisuudenaloilla, kuten juoma-, l\u00e4\u00e4ke- ja elintarviketeollisuudessa. Sen varmistaminen, ett\u00e4 astiat kest\u00e4v\u00e4t pinoamis- ja kuljetuspaineita, on kriittisen t\u00e4rke\u00e4\u00e4, ja Top-Load Strength Test on t\u00e4rke\u00e4 osa t\u00e4t\u00e4 arviointia.<\/span><\/p>\n<h2>ISO 8113: Standardi lasis\u00e4ili\u00f6iden pystysuoran kuormituksen kest\u00e4vyydelle.<\/h2>\n<p data-start=\"1024\" data-end=\"1413\">ISO 8113:ssa esitet\u00e4\u00e4n <strong data-start=\"1051\" data-end=\"1067\">testausmenetelm\u00e4t<\/strong> m\u00e4\u00e4ritett\u00e4ess\u00e4 <strong data-start=\"1088\" data-end=\"1141\">lasiastioiden kest\u00e4vyys ulkoisia voimia vastaan<\/strong> pystysuoraa akselia pitkin. Menetelm\u00e4 auttaa valmistajia arvioimaan, kuinka hyvin lasipakkaukset kest\u00e4v\u00e4t fyysist\u00e4 rasitusta k\u00e4sittelyn, pinoamisen ja kuljetuksen aikana. T\u00e4m\u00e4 on ratkaisevan t\u00e4rke\u00e4\u00e4, jotta voidaan est\u00e4\u00e4 tuotteen rikkoutuminen kuljetuksen aikana, mik\u00e4 voi johtaa tuotteen katoamiseen tai vahingoittumiseen.<\/p>\n<p data-start=\"1415\" data-end=\"1660\">ISO 8113:ssa keskityt\u00e4\u00e4n erityisesti sellaisten lasipakkausten testaamiseen, joille ei ole tehty muita mekaanisia tai l\u00e4mp\u00f6kokeita. Standardissa asetetaan parametrit n\u00e4ytteen valmistukselle, testauslaitteille ja menettelyille, joilla saadaan tarkkoja ja toistettavia tuloksia.<\/p>\n<hr \/>\n<h2 data-start=\"1415\" data-end=\"1660\">Yl\u00e4kuorman lujuuskoe: Mit\u00e4 sinun tarvitsee tiet\u00e4\u00e4<\/h2>\n<h3>Testauslaitteisto<\/h3>\n<p data-start=\"1742\" data-end=\"2135\">Laite, jolla suoritetaan <strong data-start=\"1775\" data-end=\"1801\">Yl\u00e4kuorman lujuuskoe<\/strong> koostuu kahdesta vaakasuorasta, litte\u00e4st\u00e4 ter\u00e4ksisest\u00e4 painelevyst\u00e4. N\u00e4m\u00e4 levyt kohdistavat lasis\u00e4ili\u00f6\u00f6n puristusvoimaa ja painavat sit\u00e4, kunnes s\u00e4ili\u00f6 joko muuttuu tai rikkoutuu. Laite on varustettu <strong data-start=\"2016\" data-end=\"2036\">suojakotelo<\/strong> est\u00e4m\u00e4\u00e4n s\u00e4ili\u00f6n rikkoutuminen ja pit\u00e4m\u00e4\u00e4n s\u00e4ili\u00f6n turvallisesti koestuksen aikana.<\/p>\n<p data-start=\"2137\" data-end=\"2421\">Lis\u00e4ksi laitteeseen kuuluu <strong data-start=\"2173\" data-end=\"2181\">tyynyt<\/strong> (kuten kumilevyt tai taitettu paperi), jotka on sijoitettu lasin ja metallilevyjen v\u00e4liin. N\u00e4m\u00e4 tyynyt varmistavat voiman tasaisen jakautumisen ja est\u00e4v\u00e4t suoran kosketuksen lasin ja metallin v\u00e4lill\u00e4, mik\u00e4 voisi johtaa ep\u00e4tarkkoihin tuloksiin tai ennenaikaiseen rikkoutumiseen.<\/p>\n<h3 data-start=\"2137\" data-end=\"2421\">Yl\u00e4kuorman lujuuden testausmenettely<\/h3>\n<ul>\n<li data-start=\"2476\" data-end=\"2759\">\n<h4><strong data-start=\"2476\" data-end=\"2508\">Testin\u00e4ytteiden valmistelu:<\/strong><\/h4>\n<p>Testattavien lasis\u00e4ili\u00f6iden on oltava vapaita lasihiukkasista tai -romusta. N\u00e4ytteen l\u00e4mp\u00f6tila ei saa poiketa ymp\u00e4rist\u00f6n l\u00e4mp\u00f6tilasta yli 5 \u00b0C:n verran, jotta v\u00e4ltet\u00e4\u00e4n l\u00e4mp\u00f6tilaan liittyv\u00e4 stressi, joka voisi vaikuttaa testitulokseen.<\/li>\n<li data-start=\"2764\" data-end=\"2995\">\n<h4><strong data-start=\"2764\" data-end=\"2779\">Testiasetukset:<\/strong><\/h4>\n<p>Aseta s\u00e4ili\u00f6 alemman painelevyn keskelle siten, ett\u00e4 se on laitteen keskilinjan suuntainen. S\u00e4ili\u00f6 on peitett\u00e4v\u00e4 suojakorkilla ja suojapehmusteilla, jotta se ei vahingoitu testin aikana.<\/li>\n<li data-start=\"3000\" data-end=\"3127\">\n<h4><strong data-start=\"3000\" data-end=\"3022\">Kuormituksen kohdistaminen:<\/strong><\/h4>\n<p>Testi suoritetaan lis\u00e4\u00e4m\u00e4ll\u00e4 pystysuoraa kuormitusta asteittain. Menettelyj\u00e4 on kahdenlaisia:<\/p>\n<ul data-start=\"3131\" data-end=\"3449\">\n<li data-start=\"3131\" data-end=\"3299\">\n<p data-start=\"3133\" data-end=\"3299\"><strong data-start=\"3133\" data-end=\"3146\">L\u00e4p\u00e4ise testi<\/strong>: Voimaa lis\u00e4t\u00e4\u00e4n, kunnes tietty arvo saavutetaan. T\u00e4m\u00e4n j\u00e4lkeen levyt vedet\u00e4\u00e4n pois. N\u00e4in tehd\u00e4\u00e4n ennalta m\u00e4\u00e4r\u00e4tyn m\u00e4\u00e4r\u00e4n s\u00e4ili\u00f6it\u00e4.<\/p>\n<\/li>\n<li data-start=\"3303\" data-end=\"3449\">\n<p data-start=\"3305\" data-end=\"3449\"><strong data-start=\"3305\" data-end=\"3331\">Progressiivinen testi yhteens\u00e4<\/strong>: Voimaa k\u00e4ytet\u00e4\u00e4n asteittain, kunnes s\u00e4ili\u00f6 rikkoutuu. T\u00e4t\u00e4 testi\u00e4 sovelletaan kaikkiin n\u00e4ytteen s\u00e4ili\u00f6ihin.<\/p>\n<\/li>\n<\/ul>\n<\/li>\n<li data-start=\"3454\" data-end=\"3767\">\n<h4><strong data-start=\"3454\" data-end=\"3480\">Tulosten kirjaaminen:<\/strong><\/h4>\n<p>Sill\u00e4 <strong data-start=\"3492\" data-end=\"3505\">l\u00e4p\u00e4ise testi<\/strong>, saavutettu voima ja ep\u00e4onnistuneiden s\u00e4ili\u00f6iden m\u00e4\u00e4r\u00e4 kirjataan. Kohdassa <strong data-start=\"3588\" data-end=\"3614\">progressiivinen kokonaistesti<\/strong>, kunkin s\u00e4ili\u00f6n rikkoutumiseen tarvittava voima kirjataan, ja tulosten keskiarvo ja keskihajonta m\u00e4\u00e4ritet\u00e4\u00e4n tilastollisella analyysill\u00e4.<\/li>\n<\/ul>\n<hr \/>\n<h2>Lasipullojen pystysuora kuormitustesti: Miksi sill\u00e4 on merkityst\u00e4<\/h2>\n<p data-start=\"3832\" data-end=\"4252\">The <strong data-start=\"3836\" data-end=\"3858\">pystysuora kuormitustesti<\/strong> on t\u00e4rke\u00e4 osa sen varmistamista, ett\u00e4 <strong data-start=\"3895\" data-end=\"3912\">lasipullot<\/strong> kest\u00e4v\u00e4t rasitusta, jota ne kohtaavat todellisissa olosuhteissa. Juomien ja l\u00e4\u00e4kkeiden kaltaisilla teollisuudenaloilla tuotteita pinotaan usein kuljetuksen ja varastoinnin aikana, jolloin s\u00e4ili\u00f6ihin kohdistuu huomattava paine. Jos s\u00e4ili\u00f6 ei kest\u00e4 t\u00e4t\u00e4 painetta, se voi murtua, deformoitua tai rikkoutua ja aiheuttaa tuoteh\u00e4vi\u00f6it\u00e4.<\/p>\n<p data-start=\"4254\" data-end=\"4527\">Lasipullot testataan <strong data-start=\"4283\" data-end=\"4314\">pystysuoran kuormituksen kest\u00e4vyys<\/strong> kohdistamalla asteittain painetta pystyakselin suuntaisesti, kunnes s\u00e4ili\u00f6 muuttuu tai repe\u00e4\u00e4. T\u00e4m\u00e4 testi simuloi pinoamisolosuhteita ja varmistaa, ett\u00e4 pakkaus t\u00e4ytt\u00e4\u00e4 tarvittavat kest\u00e4vyysvaatimukset.<\/p>\n<h2 data-start=\"4529\" data-end=\"4595\"><strong data-start=\"4529\" data-end=\"4595\">Pystysuora puristustesti: Lasipakkauksen eheyden arviointi<\/strong><\/h2>\n<p data-start=\"4597\" data-end=\"5041\">A <strong data-start=\"4599\" data-end=\"4628\">pystysuora puristustesti<\/strong> on menetelm\u00e4, jota k\u00e4ytet\u00e4\u00e4n arvioitaessa <strong data-start=\"4662\" data-end=\"4698\">puristusvoimien kest\u00e4vyys<\/strong> levitet\u00e4\u00e4n lasis\u00e4ili\u00f6\u00f6n. Testin aikana astiaan kohdistuu kasvava paine sen pystyakselin suuntaisesti. Tavoitteena on arvioida, kuinka suuren pystysuuntaisen puristusvoiman s\u00e4ili\u00f6 kest\u00e4\u00e4 ennen rikkoutumista. T\u00e4m\u00e4 testi auttaa valmistajia m\u00e4\u00e4ritt\u00e4m\u00e4\u00e4n pakkauksen rakenteellisen eheyden ja tunnistamaan mahdolliset heikkoudet.<\/p>\n<h2 data-start=\"5043\" data-end=\"5113\"><strong data-start=\"5043\" data-end=\"5113\">Pystysuoran kuormituksen kest\u00e4vyyden testausmenetelm\u00e4 pakkaussovelluksia varten<\/strong><\/h2>\n<p data-start=\"5115\" data-end=\"5574\">The <strong data-start=\"5119\" data-end=\"5150\">pystysuoran kuormituksen kest\u00e4vyys<\/strong> testimenetelm\u00e4\u00e4 voidaan soveltaa erilaisiin pakkaussovelluksiin. Arvioimalla lasipakkausten kyky\u00e4 kest\u00e4\u00e4 pystysuoria voimia valmistajat voivat varmistaa, ett\u00e4 niiden pakkaukset eiv\u00e4t vioituisi kuljetuksen ja varastoinnin aikana. T\u00e4m\u00e4 testi on erityisen t\u00e4rke\u00e4 lasipakkauksiin tukeutuville teollisuudenaloille, kuten juomille, elintarvikkeille ja l\u00e4\u00e4kkeille, joissa tuotteen eheys on olennainen tekij\u00e4 sek\u00e4 turvallisuuden ett\u00e4 laadun kannalta.<\/p>\n<hr \/>\n<h2 data-start=\"5115\" data-end=\"5574\">Top-Load-lujuuskokeiden t\u00e4rkeimm\u00e4t edut<\/h2>\n<ul>\n<li><strong data-start=\"5639\" data-end=\"5665\">Varmistaa tuoteturvallisuuden<\/strong>: Tunnistamalla lasipakkausten heikot kohdat valmistajat voivat parantaa pakkauksen kest\u00e4vyytt\u00e4 ja est\u00e4\u00e4 rikkoutumisen kuljetuksen aikana, mik\u00e4 takaa tuoteturvallisuuden.<\/li>\n<li data-start=\"5830\" data-end=\"5999\"><strong data-start=\"5830\" data-end=\"5846\">Kustannuss\u00e4\u00e4st\u00f6t<\/strong>: Tunnistamalla s\u00e4ili\u00f6iden lujuuteen liittyv\u00e4t ongelmat jo valmistusprosessin alkuvaiheessa valmistajat voivat v\u00e4ltt\u00e4\u00e4 kalliit tuoteh\u00e4vikit ja palautukset.<\/li>\n<li data-start=\"6002\" data-end=\"6241\"><strong data-start=\"6002\" data-end=\"6027\">Lains\u00e4\u00e4d\u00e4nn\u00f6n noudattaminen<\/strong>: Monilla teollisuudenaloilla on tiukat pakkausten kest\u00e4vyytt\u00e4 koskevat m\u00e4\u00e4r\u00e4ykset. Yl\u00e4kuormitustestien suorittaminen varmistaa, ett\u00e4 lasipakkaukset t\u00e4ytt\u00e4v\u00e4t n\u00e4m\u00e4 viranomaisvaatimukset, jolloin v\u00e4ltet\u00e4\u00e4n rangaistukset ja s\u00e4ilytet\u00e4\u00e4n markkinoiden uskottavuus.<\/li>\n<li data-start=\"6244\" data-end=\"6446\"><strong data-start=\"6244\" data-end=\"6271\">Lis\u00e4\u00e4ntynyt kuluttajien luottamus<\/strong>: Laadukkaat ja luotettavat pakkaukset edist\u00e4v\u00e4t asiakastyytyv\u00e4isyytt\u00e4 ja br\u00e4ndiuskollisuutta erityisesti elintarvike- ja juomateollisuuden kaltaisilla aloilla, joilla tuoteturvallisuus on ensiarvoisen t\u00e4rke\u00e4\u00e4.<\/li>\n<\/ul>\n<hr \/>\n<h2>Yl\u00e4kuorman lujuuden testausmenetelm\u00e4n merkitys<\/h2>\n<p data-start=\"6522\" data-end=\"6900\">The <strong data-start=\"6526\" data-end=\"6559\">Yl\u00e4kuorman lujuuden testausmenetelm\u00e4<\/strong> on olennaisen t\u00e4rke\u00e4\u00e4 m\u00e4\u00e4ritett\u00e4ess\u00e4 <strong data-start=\"6604\" data-end=\"6624\">lasiastiat<\/strong> kest\u00e4m\u00e4\u00e4n voimat, joita ne kohtaavat k\u00e4sittelyn, kuljetuksen ja varastoinnin aikana. Noudattamalla standardeja, kuten <strong data-start=\"6740\" data-end=\"6752\">ISO 8113<\/strong>, valmistajat voivat varmistaa, ett\u00e4 niiden pakkaukset kest\u00e4v\u00e4t hyvin pystysuoria kuormia, mik\u00e4 vaikuttaa suoraan tuoteturvallisuuteen ja kuluttajien turvallisuuteen.<\/p>\n<p style=\"font-size: 16px;font-style: normal;font-weight: 400\"><a href=\"https:\/\/www.qualitester.com\/fi\/tuote\/sale-container-top-load-testing-machine-astm-d2659\/\" target=\"_blank\" rel=\"noopener\"><img decoding=\"async\" class=\"size-medium wp-image-7819 alignright\" src=\"https:\/\/www.qualitester.com\/wp-content\/uploads\/2026\/01\/Top-Load-Strength-Test-Method-ISO-8113-300x300.webp\" alt=\"Yl\u00e4kuorman lujuuden testausmenetelm\u00e4 - ISO 8113\" width=\"300\" height=\"300\" srcset=\"https:\/\/www.qualitester.com\/wp-content\/uploads\/2026\/01\/Top-Load-Strength-Test-Method-ISO-8113-300x300.webp 300w, https:\/\/www.qualitester.com\/wp-content\/uploads\/2026\/01\/Top-Load-Strength-Test-Method-ISO-8113-150x150.webp 150w, https:\/\/www.qualitester.com\/wp-content\/uploads\/2026\/01\/Top-Load-Strength-Test-Method-ISO-8113-12x12.webp 12w, https:\/\/www.qualitester.com\/wp-content\/uploads\/2026\/01\/Top-Load-Strength-Test-Method-ISO-8113-100x100.webp 100w, https:\/\/www.qualitester.com\/wp-content\/uploads\/2026\/01\/Top-Load-Strength-Test-Method-ISO-8113.webp 600w\" sizes=\"(max-width: 300px) 100vw, 300px\" \/><\/a><\/p>\n<p data-start=\"6522\" data-end=\"6900\">tisfaction.<\/p>\n<p data-start=\"6902\" data-end=\"7121\">Tarkkaa ja tehokasta testausta varten kannattaa harkita <strong data-start=\"6953\" data-end=\"6990\"><a href=\"https:\/\/www.qualitester.com\/fi\/\" target=\"_blank\" rel=\"noopener\">Cell Instruments<\/a>\u2018 Top Load Tester<\/strong>, joka on suunniteltu noudattamaan ISO-standardeja ja tuottamaan luotettavia, toistettavia tuloksia.<\/p>\n<p><span style=\"font-size: 16px\">Tulokset kaikkiin vertikaalisiin kuormitustestaustarpeisiisi.<\/span><\/p>\n<hr \/>\n<h2 data-start=\"6902\" data-end=\"7121\">FAQ<\/h2>\n<p data-start=\"7146\" data-end=\"7343\"><strong data-start=\"7146\" data-end=\"7207\">Kysymys 1: Mit\u00e4 Top-Load Strength -testimenetelm\u00e4ll\u00e4 arvioidaan?<\/strong><br data-start=\"7207\" data-end=\"7210\" \/>A1: Siin\u00e4 arvioidaan lasis\u00e4ili\u00f6iden kyky\u00e4 kest\u00e4\u00e4 ulkoisia pystysuoria puristusvoimia kuljetuksen ja varastoinnin aikana.<\/p>\n<p data-start=\"7345\" data-end=\"7567\"><strong data-start=\"7345\" data-end=\"7407\">Kysymys 2: Miksi ISO 8113 on t\u00e4rke\u00e4 lasipakkausten testauksessa?<\/strong><br data-start=\"7407\" data-end=\"7410\" \/>A2: ISO 8113 tarjoaa standardoidun menetelm\u00e4n lasis\u00e4ili\u00f6iden pystysuoran kuormituksen kest\u00e4vyyden testaamiseen, jolla varmistetaan, ett\u00e4 ne t\u00e4ytt\u00e4v\u00e4t turvallisuus- ja laatuvaatimukset.<\/p>\n<p data-start=\"7569\" data-end=\"7777\"><strong data-start=\"7569\" data-end=\"7621\">Kysymys 3: Miten huippukuorman lujuuskoe suoritetaan?<\/strong><br data-start=\"7621\" data-end=\"7624\" \/>A3: Testiss\u00e4 lasis\u00e4ili\u00f6\u00f6n kohdistetaan kasvava pystysuora kuormitus, kunnes se muuttuu tai rikkoutuu, mik\u00e4 auttaa m\u00e4\u00e4ritt\u00e4m\u00e4\u00e4n sen puristuskest\u00e4vyyden.<\/p>\n<p data-start=\"7779\" data-end=\"8010\"><strong data-start=\"7779\" data-end=\"7863\">Kysymys 4: Mit\u00e4 eroa on l\u00e4p\u00e4isytestill\u00e4 ja progressiivisella kokonaistestill\u00e4?<\/strong><br data-start=\"7863\" data-end=\"7866\" \/>A4: L\u00e4p\u00e4isytestiss\u00e4 k\u00e4ytet\u00e4\u00e4n tietty\u00e4 kuormaa, kun taas progressiivisessa testiss\u00e4 voimaa lis\u00e4t\u00e4\u00e4n asteittain, kunnes s\u00e4ili\u00f6 rikkoutuu.<\/p>\n<p data-start=\"8012\" data-end=\"8278\"><strong data-start=\"8012\" data-end=\"8081\">K5: Miten voin varmistaa, ett\u00e4 lasiastiat t\u00e4ytt\u00e4v\u00e4t alan standardit?<\/strong><br data-start=\"8081\" data-end=\"8084\" \/>A5: Suorittamalla <strong data-start=\"8102\" data-end=\"8129\">Yl\u00e4kuorman lujuuden testit<\/strong> ja noudattamalla <strong data-start=\"8146\" data-end=\"8158\">ISO 8113<\/strong>, valmistajat voivat varmistaa, ett\u00e4 niiden s\u00e4ili\u00f6t t\u00e4ytt\u00e4v\u00e4t turvallisen kuljetuksen ja varastoinnin edellytt\u00e4m\u00e4t kest\u00e4vyysvaatimukset.<\/p>","protected":false},"excerpt":{"rendered":"<p>Top-Load Strength Test Method ISO 8113 Introduction The Top-Load Strength Test Method is essential for evaluating the durability and structural integrity of glass containers under external vertical pressure. This method is widely used across industries that rely on glass packaging, such as the beverage, pharmaceutical, and food industries. Ensuring that containers can withstand stacking and &hellip;<\/p>\n<p class=\"read-more\"> <a class=\"\" href=\"https:\/\/www.qualitester.com\/fi\/applications\/top-load-strength-test-method\/\"> <span class=\"screen-reader-text\">Yl\u00e4kuorman lujuuden testausmenetelm\u00e4<\/span> Lue lis\u00e4\u00e4 \"<\/a><\/p>","protected":false},"author":7,"featured_media":0,"parent":6794,"menu_order":0,"comment_status":"closed","ping_status":"closed","template":"","meta":{"site-sidebar-layout":"default","site-content-layout":"default","ast-global-header-display":"","ast-main-header-display":"","ast-hfb-above-header-display":"","ast-hfb-below-header-display":"","ast-hfb-mobile-header-display":"","site-post-title":"disabled","ast-breadcrumbs-content":"","ast-featured-img":"","footer-sml-layout":"","theme-transparent-header-meta":"default","adv-header-id-meta":"","stick-header-meta":"","header-above-stick-meta":"","header-main-stick-meta":"","header-below-stick-meta":"","footnotes":""},"class_list":["post-7816","page","type-page","status-publish","hentry"],"_links":{"self":[{"href":"https:\/\/www.qualitester.com\/fi\/wp-json\/wp\/v2\/pages\/7816","targetHints":{"allow":["GET"]}}],"collection":[{"href":"https:\/\/www.qualitester.com\/fi\/wp-json\/wp\/v2\/pages"}],"about":[{"href":"https:\/\/www.qualitester.com\/fi\/wp-json\/wp\/v2\/types\/page"}],"author":[{"embeddable":true,"href":"https:\/\/www.qualitester.com\/fi\/wp-json\/wp\/v2\/users\/7"}],"replies":[{"embeddable":true,"href":"https:\/\/www.qualitester.com\/fi\/wp-json\/wp\/v2\/comments?post=7816"}],"version-history":[{"count":0,"href":"https:\/\/www.qualitester.com\/fi\/wp-json\/wp\/v2\/pages\/7816\/revisions"}],"up":[{"embeddable":true,"href":"https:\/\/www.qualitester.com\/fi\/wp-json\/wp\/v2\/pages\/6794"}],"wp:attachment":[{"href":"https:\/\/www.qualitester.com\/fi\/wp-json\/wp\/v2\/media?parent=7816"}],"curies":[{"name":"wp","href":"https:\/\/api.w.org\/{rel}","templated":true}]}}