{"id":7691,"date":"2025-12-22T14:03:51","date_gmt":"2025-12-22T06:03:51","guid":{"rendered":"https:\/\/www.qualitester.com\/?page_id=7691"},"modified":"2025-12-22T14:05:35","modified_gmt":"2025-12-22T06:05:35","slug":"paper-tear-strength-test","status":"publish","type":"page","link":"https:\/\/www.qualitester.com\/fi\/applications\/paper-tear-strength-test\/","title":{"rendered":"Paperin rep\u00e4isylujuuden testi"},"content":{"rendered":"<h1 style=\"text-align: center;\" data-start=\"370\" data-end=\"882\">Elmendorfin paperin rep\u00e4isylujuuskoe<br \/>\n<small>ASTM D689<\/small><\/h1>\n<hr \/>\n<p data-start=\"604\" data-end=\"964\"><img decoding=\"async\" class=\"wp-image-7700 alignleft\" src=\"https:\/\/www.qualitester.com\/wp-content\/uploads\/2025\/12\/Paper-Tear-Strength-Tester-297x300.webp\" alt=\"Paperin rep\u00e4isylujuuden testi\" width=\"208\" height=\"210\" srcset=\"https:\/\/www.qualitester.com\/wp-content\/uploads\/2025\/12\/Paper-Tear-Strength-Tester-297x300.webp 297w, https:\/\/www.qualitester.com\/wp-content\/uploads\/2025\/12\/Paper-Tear-Strength-Tester-150x150.webp 150w, https:\/\/www.qualitester.com\/wp-content\/uploads\/2025\/12\/Paper-Tear-Strength-Tester-12x12.webp 12w, https:\/\/www.qualitester.com\/wp-content\/uploads\/2025\/12\/Paper-Tear-Strength-Tester-100x100.webp 100w, https:\/\/www.qualitester.com\/wp-content\/uploads\/2025\/12\/Paper-Tear-Strength-Tester.webp 396w\" sizes=\"(max-width: 208px) 100vw, 208px\" \/><\/p>\n<p data-start=\"604\" data-end=\"964\">The <strong data-start=\"608\" data-end=\"636\">paperin rep\u00e4isylujuuden testi<\/strong> m\u00e4\u00e4ritelty <strong data-start=\"648\" data-end=\"661\">ASTM D689<\/strong> on laajalti hyv\u00e4ksytty menetelm\u00e4 paperin sis\u00e4isen repe\u00e4miskest\u00e4vyyden arvioimiseksi. Vetomurtuman mittaamisen sijaan t\u00e4ss\u00e4 testiss\u00e4 keskityt\u00e4\u00e4n materiaalin kykyyn vastustaa repeytymist\u00e4. <strong data-start=\"838\" data-end=\"880\">repe\u00e4m\u00e4n eteneminen alkuper\u00e4isen raon j\u00e4lkeen<\/strong>, joka kuvastaa tarkasti todellisia vaurioita jalostuksen, painamisen ja loppuk\u00e4yt\u00f6n aikana.<\/p>\n<p data-start=\"966\" data-end=\"1290\">K\u00e4ytt\u00e4m\u00e4ll\u00e4 kalibroitua <strong data-start=\"988\" data-end=\"1013\">Elmendorfin rep\u00e4isykokeet<\/strong>, ASTM D689 tarjoaa toistettavan ja vertailukelpoisen l\u00e4hestymistavan paperin rep\u00e4isylujuuden m\u00e4\u00e4ritt\u00e4miseksi eri laatuluokissa ja kuitukoostumuksissa. T\u00e4ss\u00e4 artikkelissa selitet\u00e4\u00e4n testimenetelm\u00e4 yksityiskohtaisesti, mik\u00e4 auttaa laboratoriohenkil\u00f6kuntaa soveltamaan standardia oikein ja saamaan luotettavia tuloksia.<\/p>\n<hr \/>\n<h2 data-start=\"1297\" data-end=\"1362\">Ymm\u00e4rt\u00e4minen <strong data-start=\"1314\" data-end=\"1327\">ASTM D689<\/strong> Elmendorfin rep\u00e4isykokeessa<\/h2>\n<p data-start=\"1364\" data-end=\"1670\"><strong data-start=\"1364\" data-end=\"1377\">ASTM D689<\/strong> m\u00e4\u00e4ritt\u00e4\u00e4, ett\u00e4 k\u00e4ytet\u00e4\u00e4n <strong data-start=\"1402\" data-end=\"1427\">Elmendorfin rep\u00e4isykokeet<\/strong>, joka toimii energiah\u00e4vi\u00f6periaatteella. Kun heiluri heilahtaa kiinte\u00e4n kaaren l\u00e4pi, se repii yhden tai useamman paperikerroksen tietyn matkan matkalta. Potentiaalisen energian v\u00e4heneminen vastaa suoraan <strong data-start=\"1646\" data-end=\"1669\">paperin rep\u00e4isylujuus<\/strong>.<\/p>\n<p data-start=\"1672\" data-end=\"1944\">Toisin kuin staattisissa voimakokeissa, t\u00e4m\u00e4 dynaaminen repimismenetelm\u00e4 kuvaa sit\u00e4, miten kuidut vastustavat nopeaa s\u00e4r\u00f6n etenemist\u00e4. Standardi mahdollistaa yksitt\u00e4isten levyjen tai useiden kerrosten testaamisen materiaalin lujuudesta riippuen ja varmistaa, ett\u00e4 mitattu arvo on optimaalisella laitealueella.<\/p>\n<p data-start=\"1946\" data-end=\"1991\">ASTM D689 -menetelm\u00e4n keskeisi\u00e4 ominaisuuksia ovat:<\/p>\n<ul data-start=\"1993\" data-end=\"2166\">\n<li data-start=\"1993\" data-end=\"2053\">\n<p data-start=\"1995\" data-end=\"2053\">K\u00e4ytetty rep\u00e4isyvoima <strong data-start=\"2017\" data-end=\"2053\">kohtisuorassa paperitasoon n\u00e4hden<\/strong><\/p>\n<\/li>\n<li data-start=\"2054\" data-end=\"2104\">\n<p data-start=\"2056\" data-end=\"2104\">Kiinte\u00e4 repe\u00e4m\u00e4n pituus ja hallittu repe\u00e4m\u00e4n alkaminen<\/p>\n<\/li>\n<li data-start=\"2105\" data-end=\"2166\">\n<p data-start=\"2107\" data-end=\"2166\">Mittaustulos ilmaistaan keskim\u00e4\u00e4r\u00e4isen\u00e4 rep\u00e4isylujuutena kerrosta kohti.<\/p>\n<\/li>\n<\/ul>\n<hr \/>\n<h2 data-start=\"2173\" data-end=\"2231\">Miksi <strong data-start=\"2180\" data-end=\"2193\">ASTM D689<\/strong> Paperin testauslaboratorioiden asiat<\/h2>\n<p data-start=\"2233\" data-end=\"2486\">ASTM D689:ll\u00e4 on ratkaiseva merkitys laadunvalvonnassa ja materiaalien kehitt\u00e4misess\u00e4, sill\u00e4 <strong data-start=\"2317\" data-end=\"2340\">paperin rep\u00e4isylujuus<\/strong> vaikuttaa suoraan k\u00e4ytett\u00e4vyyteen ja kest\u00e4vyyteen. Paperit, joiden repeytymiskest\u00e4vyys on riitt\u00e4m\u00e4t\u00f6n, voivat pett\u00e4\u00e4 taittaessa, sidottaessa tai pakattaessa.<\/p>\n<p data-start=\"2488\" data-end=\"2510\">Standardi tukee:<\/p>\n<ul data-start=\"2512\" data-end=\"2675\">\n<li data-start=\"2512\" data-end=\"2560\">\n<p data-start=\"2514\" data-end=\"2560\">Paperintuotannon rutiininomainen laadunvalvonta<\/p>\n<\/li>\n<li data-start=\"2561\" data-end=\"2606\">\n<p data-start=\"2563\" data-end=\"2606\">Arvosanojen vertaileva arviointi<\/p>\n<\/li>\n<li data-start=\"2607\" data-end=\"2675\">\n<p data-start=\"2609\" data-end=\"2675\">Suorituskyvyn ennuste, kun sit\u00e4 k\u00e4ytet\u00e4\u00e4n veto- ja murtokokeiden ohella.<\/p>\n<\/li>\n<\/ul>\n<p data-start=\"2677\" data-end=\"2833\">Koska ASTM D689 on yhdenmukainen kansainv\u00e4listen menetelmien, kuten ISO 1974 ja TAPPI T414, kanssa, se mahdollistaa my\u00f6s johdonmukaisen tietojen vertailun maailmanlaajuisissa toimitusketjuissa.<\/p>\n<hr \/>\n<h2 data-start=\"4884\" data-end=\"4934\"><strong data-start=\"2843\" data-end=\"2871\">Paperin rep\u00e4isylujuuden testi<\/strong> ja paperin rep\u00e4isylujuuden mittaaminen<\/h2>\n<p data-start=\"2912\" data-end=\"3118\">The <strong data-start=\"2916\" data-end=\"2944\">paperin rep\u00e4isylujuuden testi<\/strong> ASTM D689 -standardin mukaisesti m\u00e4\u00e4ritt\u00e4\u00e4 keskim\u00e4\u00e4r\u00e4isen voiman, joka vaaditaan repe\u00e4m\u00e4n jatkamiseen sen j\u00e4lkeen, kun se on alkanut. T\u00e4m\u00e4 arvo heijastaa kuitujen sis\u00e4ist\u00e4 sidosta, kuitujen pituutta ja levynmuodostusta.<\/p>\n<p data-start=\"3120\" data-end=\"3163\">T\u00e4rkeit\u00e4 teknisi\u00e4 n\u00e4k\u00f6kohtia ovat:<\/p>\n<ul data-start=\"3165\" data-end=\"3390\">\n<li data-start=\"3165\" data-end=\"3245\">\n<p data-start=\"3167\" data-end=\"3245\">Suuntaa-antava testaus <strong data-start=\"3190\" data-end=\"3216\">koneen suunta (MD)<\/strong> ja <strong data-start=\"3221\" data-end=\"3245\">poikittaissuunta (CD)<\/strong><\/p>\n<\/li>\n<li data-start=\"3246\" data-end=\"3316\">\n<p data-start=\"3248\" data-end=\"3316\">Useiden kerrosten k\u00e4ytt\u00f6 varmistaa, ett\u00e4 lukemat ovat l\u00e4hell\u00e4 40%:n arvoa t\u00e4ydest\u00e4 asteikosta.<\/p>\n<\/li>\n<li data-start=\"3317\" data-end=\"3390\">\n<p data-start=\"3319\" data-end=\"3390\">Tulosten raportointi yksitt\u00e4ist\u00e4 arkkia kohti, vaikka testattaisiin useita kerroksia.<\/p>\n<\/li>\n<\/ul>\n<p data-start=\"3392\" data-end=\"3538\">Paperin rep\u00e4isykest\u00e4vyys vaihtelee usein merkitt\u00e4v\u00e4sti MD- ja CD-kuitujen v\u00e4lill\u00e4, joten suuntaustestaus on v\u00e4ltt\u00e4m\u00e4t\u00f6nt\u00e4 tarkan karakterisoinnin kannalta.<\/p>\n<hr \/>\n<h2>N\u00e4ytteiden valmistelu ja testausmenettelyt ASTM D689:n mukaisesti.<\/h2>\n<p data-start=\"3614\" data-end=\"3693\">Asianmukainen n\u00e4ytteenvalmistus takaa p\u00e4tev\u00e4t ja toistettavat tulokset ASTM D689 -standardin mukaisesti.<\/p>\n<p data-start=\"3695\" data-end=\"3846\"><strong data-start=\"3695\" data-end=\"3711\">Ehdollistaminen<\/strong><br \/>\nPaperin\u00e4ytteet on ennen testauksen aloittamista ilmastoitava vakioilmasto-olosuhteissa, jotka on m\u00e4\u00e4ritelty asiaankuuluvissa testausk\u00e4yt\u00e4nn\u00f6iss\u00e4.<\/p>\n<p data-start=\"3848\" data-end=\"4063\"><strong data-start=\"3848\" data-end=\"3866\">N\u00e4ytteen asetukset<\/strong><br \/>\nArkit pinotaan tarvittavaan m\u00e4\u00e4r\u00e4\u00e4n kerroksia siten, ett\u00e4 kaikki langan sivut on suunnattu johdonmukaisesti. N\u00e4yte keskitet\u00e4\u00e4n puristimiin, ja repe\u00e4m\u00e4n etenemist\u00e4 ohjaamaan asetetaan aluksi viilto.<\/p>\n<p data-start=\"4065\" data-end=\"4294\"><strong data-start=\"4065\" data-end=\"4083\">Testin suorittaminen<\/strong><br \/>\nHeiluri nostetaan l\u00e4ht\u00f6asentoonsa ja vapautetaan tasaisesti. Kun n\u00e4yte repe\u00e4\u00e4, osoitin kirjaa kuluneen energian. Testaaja tallentaa keskim\u00e4\u00e4r\u00e4isen repe\u00e4misvoiman kiinte\u00e4n repe\u00e4mismatkan aikana.<\/p>\n<p data-start=\"4296\" data-end=\"4505\"><strong data-start=\"4296\" data-end=\"4314\">Tietojen tallentaminen<\/strong><br \/>\nKunkin testin yhteydess\u00e4 kirjataan kerrosten lukum\u00e4\u00e4r\u00e4 ja asteikkolukema. Tulokset, jotka osoittavat ep\u00e4normaaleja repe\u00e4missuuntia tai poikkeamia suunnitellusta repe\u00e4m\u00e4viivasta, hyl\u00e4t\u00e4\u00e4n vakiokriteerien mukaisesti.<\/p>\n<hr \/>\n<h2>ASTM D689 -testien yleiset haasteet ja niiden v\u00e4ltt\u00e4minen<\/h2>\n<p>&nbsp;<\/p>\n<p data-start=\"4577\" data-end=\"4648\">Yksinkertaisuudestaan huolimatta ASTM D689 vaatii huolellista huomiota yksityiskohtiin.<\/p>\n<p data-start=\"4650\" data-end=\"4672\">Yleisi\u00e4 ongelmia ovat:<\/p>\n<ul data-start=\"4674\" data-end=\"4865\">\n<li data-start=\"4674\" data-end=\"4739\">\n<p data-start=\"4676\" data-end=\"4739\"><strong data-start=\"4676\" data-end=\"4703\">Virheellinen ply-valinta<\/strong>, mik\u00e4 johtaa poikkeaviin lukemiin<\/p>\n<\/li>\n<li data-start=\"4740\" data-end=\"4797\">\n<p data-start=\"4742\" data-end=\"4797\"><strong data-start=\"4742\" data-end=\"4768\">Virheellinen suuntaus kiinnittimiss\u00e4<\/strong>, mik\u00e4 aiheuttaa ep\u00e4tasaisia rep\u00e4isyreittej\u00e4<\/p>\n<\/li>\n<li data-start=\"4798\" data-end=\"4865\">\n<p data-start=\"4800\" data-end=\"4865\"><strong data-start=\"4800\" data-end=\"4838\">Johdon puolen ep\u00e4johdonmukainen suuntaus<\/strong>, jotka vaikuttavat toistettavuuteen<\/p>\n<\/li>\n<\/ul>\n<p data-start=\"4867\" data-end=\"5042\">Virheiden minimoimiseksi laboratorioiden on rutiininomaisesti tarkistettava laitteiden kalibrointi, noudatettava n\u00e4ytteiden k\u00e4sittely\u00e4 koskevia vaatimuksia ja hyl\u00e4tt\u00e4v\u00e4 virheelliset tulokset standardissa m\u00e4\u00e4ritellyll\u00e4 tavalla.<\/p>\n<hr \/>\n<h2 data-start=\"5049\" data-end=\"5108\">Elmendorfin rep\u00e4isytestin valinta ASTM D689 -vaatimustenmukaisuutta varten<\/h2>\n<figure id=\"attachment_7701\" aria-describedby=\"caption-attachment-7701\" style=\"width: 209px\" class=\"wp-caption alignright\"><a href=\"https:\/\/www.qualitester.com\/fi\/tuote\/sld-01-elimendorf-tear-resistance-testing-machine\/\"><img fetchpriority=\"high\" decoding=\"async\" class=\"wp-image-7701\" src=\"https:\/\/www.qualitester.com\/wp-content\/uploads\/2025\/12\/Tear-Tester-SLD-01-239x300.jpg\" alt=\"paperin rep\u00e4isylujuus Testi\" width=\"209\" height=\"262\" srcset=\"https:\/\/www.qualitester.com\/wp-content\/uploads\/2025\/12\/Tear-Tester-SLD-01-239x300.jpg 239w, https:\/\/www.qualitester.com\/wp-content\/uploads\/2025\/12\/Tear-Tester-SLD-01-10x12.jpg 10w, https:\/\/www.qualitester.com\/wp-content\/uploads\/2025\/12\/Tear-Tester-SLD-01.jpg 318w\" sizes=\"(max-width: 209px) 100vw, 209px\" \/><\/a><figcaption id=\"caption-attachment-7701\" class=\"wp-caption-text\">Rep\u00e4isytesteri SLD-01<\/figcaption><\/figure>\n<p data-start=\"5110\" data-end=\"5305\">Vaikka ASTM D689:ss\u00e4 keskityt\u00e4\u00e4n menetelmiin eik\u00e4 niink\u00e4\u00e4n laitemerkkeihin, testilaitteen on t\u00e4ytett\u00e4v\u00e4 keskeiset suorituskykyvaatimukset, kuten heilurin tarkkuus, vakaa kiinnitys ja tarkka asteikon resoluutio.<\/p>\n<p data-start=\"5110\" data-end=\"5305\">\n<p data-start=\"5307\" data-end=\"5626\">Nykyaikaiset Elmendorfin rep\u00e4isykokeet, kuten esimerkiksi <strong data-start=\"5350\" data-end=\"5377\"><a href=\"http:\/\/celtec.cn\" rel=\"nofollow noopener\" target=\"_blank\">Cell Instruments<\/a> <a href=\"https:\/\/www.qualitester.com\/fi\/tuote\/sld-01-elimendorf-tear-resistance-testing-machine\/\">SLD-01<\/a><\/strong>, on suunniteltu tukemaan ASTM D689 -standardin mukaista testausta hallitun heilurin vapautumisen, selke\u00e4n asteikon luettavuuden ja mukautettavan n\u00e4ytteen kiinnityksen avulla.<\/p>\n<p data-start=\"5307\" data-end=\"5626\">N\u00e4m\u00e4 ominaisuudet auttavat laboratorioita s\u00e4ilytt\u00e4m\u00e4\u00e4n johdonmukaisuuden, kun standardia sovelletaan eri paperityypeiss\u00e4.<\/p>\n<p data-start=\"5307\" data-end=\"5626\">\n<p data-start=\"5307\" data-end=\"5626\">\n<hr \/>\n<h2 data-start=\"5388\" data-end=\"5870\">P\u00e4\u00e4telm\u00e4<\/h2>\n<p data-start=\"5648\" data-end=\"6000\">The <strong data-start=\"5652\" data-end=\"5690\">ASTM D689 paperin rep\u00e4isylujuuden testi<\/strong> on edelleen perustavanlaatuinen menetelm\u00e4 paperimateriaalien sis\u00e4isen repeytymisen kest\u00e4vyyden arvioinnissa. Noudattamalla m\u00e4\u00e4ritettyj\u00e4 testimenettelyj\u00e4, varmistamalla n\u00e4ytteen oikeanlainen valmistelu ja ymm\u00e4rt\u00e4m\u00e4ll\u00e4 Elmendorfin rep\u00e4isykokeiden periaatteet laboratoriot voivat tuottaa tarkkoja ja vertailukelpoisia rep\u00e4isylujuutta koskevia tietoja.<\/p>\n<p data-start=\"6002\" data-end=\"6177\">Oikein sovellettuna ASTM D689 antaa arvokasta tietoa paperin suorituskyvyst\u00e4, tukee laadunvalvontaa, tuotekehityst\u00e4 ja alan odotusten noudattamista.<\/p>\n<h2>UKK<\/h2>\n<p data-start=\"166\" data-end=\"445\"><strong data-start=\"166\" data-end=\"201\">Q1: Mihin ASTM D689:\u00e4\u00e4 k\u00e4ytet\u00e4\u00e4n?<\/strong><br data-start=\"201\" data-end=\"204\" \/><strong data-start=\"204\" data-end=\"210\">A:<\/strong> ASTM D689 m\u00e4\u00e4rittelee <strong data-start=\"233\" data-end=\"261\">paperin rep\u00e4isylujuuden testi<\/strong> Elmendorfin rep\u00e4isykokeella. Se mittaa <strong data-start=\"310\" data-end=\"350\">paperin sis\u00e4inen repeytymislujuus<\/strong> ja auttaa ennustamaan, miten paperi toimii jalostuksen, painamisen tai loppuk\u00e4yt\u00f6n aikana.<\/p>\n<p data-start=\"447\" data-end=\"702\"><strong data-start=\"447\" data-end=\"505\">Kysymys 2: Mit\u00e4 paperityyppej\u00e4 voidaan testata ASTM D689:n avulla?<\/strong><br data-start=\"505\" data-end=\"508\" \/><strong data-start=\"508\" data-end=\"514\">A:<\/strong> Standardia sovelletaan useimpiin paperilaatuihin, mukaan lukien paino-, pakkaus- ja erikoispaperit. Se ei sovellu voimakkaasti suuntautuville kartongeille, joissa poikkisuuntainen repeytyminen on kriittist\u00e4.<\/p>\n<p data-start=\"704\" data-end=\"943\"><strong data-start=\"704\" data-end=\"744\">Kysymys 3: Kuinka monta kerrosta on testattava?<\/strong><br data-start=\"744\" data-end=\"747\" \/><strong data-start=\"747\" data-end=\"753\">A:<\/strong> Kerrosten m\u00e4\u00e4r\u00e4 valitaan siten, ett\u00e4 repe\u00e4m\u00e4energia on l\u00e4hell\u00e4 40% laitteen t\u00e4yden asteikon alueesta. N\u00e4in varmistetaan tarkat lukemat kuormittamatta Elmendorfin rep\u00e4isytestilaitetta liikaa.<\/p>\n<p data-start=\"945\" data-end=\"1195\"><strong data-start=\"945\" data-end=\"990\">Kysymys 4: Miksi n\u00e4ytteen k\u00e4sittely on t\u00e4rke\u00e4\u00e4?<\/strong><br data-start=\"990\" data-end=\"993\" \/><strong data-start=\"993\" data-end=\"999\">A:<\/strong> Paperi on k\u00e4sitelt\u00e4v\u00e4 tavanomaisissa ilmasto-olosuhteissa kosteuspitoisuuden vakauttamiseksi. N\u00e4in estet\u00e4\u00e4n kosteuden tai l\u00e4mp\u00f6tilan vaihteluiden aiheuttamat vaihtelut repeytymiskest\u00e4vyystuloksissa.<\/p>\n<p>&nbsp;<\/p>","protected":false},"excerpt":{"rendered":"<p>Paper Tear Strength Test by Elmendorf ASTM D689 The paper tear strength test defined in ASTM D689 is a widely accepted method for evaluating the internal tearing resistance of paper. Rather than measuring tensile failure, this test focuses on a material\u2019s ability to resist tear propagation after an initial slit, which closely reflects real-world damage &hellip;<\/p>\n<p class=\"read-more\"> <a class=\"\" href=\"https:\/\/www.qualitester.com\/fi\/applications\/paper-tear-strength-test\/\"> <span class=\"screen-reader-text\">Paperin rep\u00e4isylujuuden testi<\/span> Lue lis\u00e4\u00e4 \"<\/a><\/p>","protected":false},"author":8,"featured_media":0,"parent":6794,"menu_order":0,"comment_status":"closed","ping_status":"closed","template":"","meta":{"site-sidebar-layout":"default","site-content-layout":"default","ast-global-header-display":"","ast-main-header-display":"","ast-hfb-above-header-display":"","ast-hfb-below-header-display":"","ast-hfb-mobile-header-display":"","site-post-title":"","ast-breadcrumbs-content":"","ast-featured-img":"","footer-sml-layout":"","theme-transparent-header-meta":"default","adv-header-id-meta":"","stick-header-meta":"","header-above-stick-meta":"","header-main-stick-meta":"","header-below-stick-meta":"","footnotes":""},"class_list":["post-7691","page","type-page","status-publish","hentry"],"_links":{"self":[{"href":"https:\/\/www.qualitester.com\/fi\/wp-json\/wp\/v2\/pages\/7691","targetHints":{"allow":["GET"]}}],"collection":[{"href":"https:\/\/www.qualitester.com\/fi\/wp-json\/wp\/v2\/pages"}],"about":[{"href":"https:\/\/www.qualitester.com\/fi\/wp-json\/wp\/v2\/types\/page"}],"author":[{"embeddable":true,"href":"https:\/\/www.qualitester.com\/fi\/wp-json\/wp\/v2\/users\/8"}],"replies":[{"embeddable":true,"href":"https:\/\/www.qualitester.com\/fi\/wp-json\/wp\/v2\/comments?post=7691"}],"version-history":[{"count":0,"href":"https:\/\/www.qualitester.com\/fi\/wp-json\/wp\/v2\/pages\/7691\/revisions"}],"up":[{"embeddable":true,"href":"https:\/\/www.qualitester.com\/fi\/wp-json\/wp\/v2\/pages\/6794"}],"wp:attachment":[{"href":"https:\/\/www.qualitester.com\/fi\/wp-json\/wp\/v2\/media?parent=7691"}],"curies":[{"name":"wp","href":"https:\/\/api.w.org\/{rel}","templated":true}]}}