{"id":7619,"date":"2025-12-17T13:33:28","date_gmt":"2025-12-17T05:33:28","guid":{"rendered":"https:\/\/www.qualitester.com\/?page_id=7619"},"modified":"2025-12-17T16:16:41","modified_gmt":"2025-12-17T08:16:41","slug":"astm-d5587-method-for-tearing-strength-of-fabric-testing","status":"publish","type":"page","link":"https:\/\/www.qualitester.com\/fi\/applications\/astm-d5587-method-for-tearing-strength-of-fabric-testing\/","title":{"rendered":"ASTM D5587 Kankaan repe\u00e4mislujuuden testausmenetelm\u00e4"},"content":{"rendered":"<h1 style=\"text-align: center;\">Kankaan repe\u00e4mislujuuden testaus<br \/>\n<small>ASTM D5587<\/small><\/h1>\n<h1 style=\"text-align: center;\"><img fetchpriority=\"high\" decoding=\"async\" class=\"wp-image-7631 alignleft\" src=\"https:\/\/www.qualitester.com\/wp-content\/uploads\/2025\/12\/ASTM-D5587-Tearing-Strength-of-Fabric-Testing-300x227.webp\" alt=\"ASTM D5587 Kankaan repe\u00e4mislujuuden testausmenetelm\u00e4\" width=\"333\" height=\"252\" srcset=\"https:\/\/www.qualitester.com\/wp-content\/uploads\/2025\/12\/ASTM-D5587-Tearing-Strength-of-Fabric-Testing-300x227.webp 300w, https:\/\/www.qualitester.com\/wp-content\/uploads\/2025\/12\/ASTM-D5587-Tearing-Strength-of-Fabric-Testing-16x12.webp 16w, https:\/\/www.qualitester.com\/wp-content\/uploads\/2025\/12\/ASTM-D5587-Tearing-Strength-of-Fabric-Testing.webp 528w\" sizes=\"(max-width: 333px) 100vw, 333px\" \/><\/h1>\n<p>&nbsp;<\/p>\n<p>Kankaan rep\u00e4isylujuus on kriittinen mekaaninen ominaisuus, joka kuvaa sit\u00e4, miten tekstiilit kest\u00e4v\u00e4t olemassa olevan repe\u00e4m\u00e4n etenemist\u00e4 kuormituksen alaisena. ASTM D5587, joka tunnetaan laajalti nimell\u00e4 trapetsim\u00e4inen rep\u00e4isylujuuskoe, tarjoaa standardoidun ja toistettavan menetelm\u00e4n t\u00e4m\u00e4n ominaisuuden arvioimiseksi. Ymm\u00e4rt\u00e4m\u00e4ll\u00e4 t\u00e4m\u00e4n menetelm\u00e4n periaatteet, menettelyt ja sovellukset laatuammattilaiset voivat varmistaa kankaiden yhdenmukaisen suorituskyvyn ja luotettavan hyv\u00e4ksymistestauksen eri teollisuudenaloilla.<\/p>\n<hr \/>\n<h2>Kankaan rep\u00e4isylujuuden ymm\u00e4rt\u00e4minen<\/h2>\n<p data-start=\"948\" data-end=\"1331\">Kankaan rep\u00e4isylujuus kuvaa voimaa, joka tarvitaan, jotta <strong data-start=\"1007\" data-end=\"1053\">jatkaa kyynelehtimist\u00e4, kun se on aloitettu<\/strong>, eik\u00e4 niink\u00e4\u00e4n voimaa, joka tarvitaan sen k\u00e4ynnist\u00e4miseen. Todellisessa k\u00e4yt\u00f6ss\u00e4 kankaat vioittuvat usein pienten viiltojen, lovien tai valmistuksen tai k\u00e4sittelyn aikana syntyneiden vikojen vuoksi. Kankaan rep\u00e4isylujuuden mittaaminen antaa siksi arvokasta tietoa kest\u00e4vyydest\u00e4, turvallisuudesta ja k\u00e4ytt\u00f6i\u00e4st\u00e4.<\/p>\n<p data-start=\"1333\" data-end=\"1659\">ASTM D5587:ss\u00e4 keskityt\u00e4\u00e4n rep\u00e4isyk\u00e4ytt\u00e4ytymiseen kontrolloidussa vetokuormituksessa. Menetelm\u00e4ss\u00e4 vetoj\u00e4nnitys kohdistetaan m\u00e4\u00e4ritelty\u00e4 reitti\u00e4 pitkin siten, ett\u00e4 repe\u00e4m\u00e4 kulkee tasaisesti n\u00e4ytteen leveyden yli. T\u00e4m\u00e4 l\u00e4hestymistapa tekee testist\u00e4 erityisen hy\u00f6dyllisen vertailtaessa <strong data-start=\"1592\" data-end=\"1658\">erilaiset kangasrakenteet, viimeistelyt tai kangassuunnat.<\/strong>.<\/p>\n<hr \/>\n<h2 data-start=\"1335\" data-end=\"1933\">ASTM D5587 Trapezoidal Tear Strength -testi ja CRE Trapezoidal Tear -periaatteet<\/h2>\n<p data-start=\"1750\" data-end=\"2043\">The <strong data-start=\"1754\" data-end=\"1799\">ASTM D5587 <a href=\"https:\/\/www.qualitester.com\/fi\/tuote\/tst-01-universal-testing-machine\/\">puolisuunnikkaan rep\u00e4isylujuuskoe<\/a><\/strong> perustuu vetotestausmenetelm\u00e4\u00e4n, jossa k\u00e4ytet\u00e4\u00e4n vakiovetolujuusnopeutta (CRE) ja jota kutsutaan usein nimell\u00e4 <strong data-start=\"1892\" data-end=\"1916\">CRE:n puolisuunnikkaan muotoinen repe\u00e4m\u00e4<\/strong> testaus. CRE-kone yll\u00e4pit\u00e4\u00e4 tasaista pidennysnopeutta, mik\u00e4 parantaa tietojen yhdenmukaisuutta ja laboratorioiden v\u00e4list\u00e4 vertailtavuutta.<\/p>\n<p data-start=\"2045\" data-end=\"2351\">Menetelm\u00e4 soveltuu monenlaisiin tekstiileihin, kuten kudottuihin kankaisiin, neulottuihin kankaisiin, pinnoitettuihin tai hartsik\u00e4siteltyihin kankaisiin, nukkaisiin materiaaleihin, kerrosrakenteisiin, nukkakankaisiin ja teknisiin tekstiileihin, kuten turvatyynykankaisiin. N\u00e4ytteet voidaan testata kuivissa tai m\u00e4riss\u00e4 olosuhteissa sovelluksen vaatimusten mukaan.<\/p>\n<p data-start=\"2353\" data-end=\"2608\">T\u00e4rke\u00e4\u00e4 on, ett\u00e4 testiss\u00e4 oletetaan, ett\u00e4 repe\u00e4m\u00e4 on valmiiksi leikattu. T\u00e4m\u00e4n seurauksena ASTM D5587 -menetelm\u00e4ll\u00e4 mitattu kankaan rep\u00e4isylujuus on <strong data-start=\"2472\" data-end=\"2479\">ei<\/strong> rep\u00e4isyn k\u00e4ynnistymisvoimaa vaan pikemminkin rep\u00e4isyn etenemiskest\u00e4vyytt\u00e4, mik\u00e4 vastaa l\u00e4heisesti monia loppuk\u00e4ytt\u00f6skenaarioita.<\/p>\n<hr \/>\n<h2 data-start=\"2615\" data-end=\"2664\">ASTM D5587:\u00e4\u00e4n perustuva testausmenettelyn yleiskatsaus<\/h2>\n<p data-start=\"2665\" data-end=\"2757\">Jotta laboratoriot voisivat soveltaa menetelm\u00e4\u00e4 oikein, keskeiset vaiheet voidaan tiivist\u00e4\u00e4 seuraavasti:<\/p>\n<ol data-start=\"2759\" data-end=\"3745\">\n<li data-start=\"2759\" data-end=\"2930\">\n<p data-start=\"2762\" data-end=\"2930\"><strong data-start=\"2762\" data-end=\"2787\">N\u00e4ytteen k\u00e4sittely<\/strong><br data-start=\"2787\" data-end=\"2790\" \/>N\u00e4ytteiden ilmastointi tavanomaisessa tekstiilitestausilmapiiriss\u00e4, tyypillisesti <strong data-start=\"2865\" data-end=\"2901\">21 \u00b0C ja 65 % suhteellinen ilmankosteus<\/strong>, ellei toisin mainita.<\/p>\n<\/li>\n<li data-start=\"2932\" data-end=\"3095\">\n<p data-start=\"2935\" data-end=\"3095\"><strong data-start=\"2935\" data-end=\"2959\">N\u00e4ytteen valmistelu<\/strong><br data-start=\"2959\" data-end=\"2962\" \/>Merkitse suorakulmaiseen kangasn\u00e4ytteeseen tasakylkinen puolisuunnikas. Tee viilto lyhyen pohjan keskelle repe\u00e4m\u00e4n aloittamiseksi.<\/p>\n<\/li>\n<li data-start=\"3097\" data-end=\"3289\">\n<p data-start=\"3100\" data-end=\"3289\"><strong data-start=\"3100\" data-end=\"3126\">Kiinnitys ja kohdistus<\/strong><br data-start=\"3126\" data-end=\"3129\" \/>Kiinnit\u00e4 puolisuunnikkaan ep\u00e4symmetriset sivut CRE-vetokoelaitteen kahvoihin. Oikea kohdistus varmistaa, ett\u00e4 repe\u00e4m\u00e4 etenee tasaisesti koko n\u00e4ytteess\u00e4.<\/p>\n<\/li>\n<li data-start=\"3291\" data-end=\"3500\">\n<p data-start=\"3294\" data-end=\"3500\"><strong data-start=\"3294\" data-end=\"3328\">Kyynelten levi\u00e4minen ja tallentaminen<\/strong><br data-start=\"3328\" data-end=\"3331\" \/>Aloita testi hallitulla pidennysnopeudella. Kun ristip\u00e4\u00e4 liikkuu, repe\u00e4m\u00e4 etenee ja voima vaihtelee. J\u00e4rjestelm\u00e4 tallentaa n\u00e4m\u00e4 voima-arvot jatkuvasti.<\/p>\n<\/li>\n<li data-start=\"3502\" data-end=\"3745\">\n<p data-start=\"3505\" data-end=\"3745\"><strong data-start=\"3505\" data-end=\"3535\">T\u00e4ydent\u00e4minen ja monistaminen<\/strong><br data-start=\"3535\" data-end=\"3538\" \/>Testi lopetetaan, kun repe\u00e4m\u00e4 on saavuttanut m\u00e4\u00e4ritellyn pituuden tai n\u00e4yte on t\u00e4ysin irronnut. Toista menettely useille n\u00e4ytteille kussakin kankaan p\u00e4\u00e4suunnassa tilastollisen luotettavuuden varmistamiseksi.<\/p>\n<\/li>\n<\/ol>\n<p data-start=\"3747\" data-end=\"3897\">Koko prosessin ajan johdonmukainen nopeuden s\u00e4\u00e4t\u00f6 ja tarkka voiman mittaus ovat ratkaisevassa asemassa, jotta saadaan luotettavia tuloksia kankaan repe\u00e4mislujuudesta.<\/p>\n<hr \/>\n<h2 data-start=\"5352\" data-end=\"5415\">Laitteisiin liittyv\u00e4t n\u00e4k\u00f6kohdat ja CRE-vetokoelaitteiden rooli<\/h2>\n<p style=\"text-align: left;\">Tarkat puolisuunnikkaan rep\u00e4isylujuuden testitulokset riippuvat suuresti vetotestausj\u00e4rjestelm\u00e4n suorituskyvyst\u00e4. Vakaa CRE-vetokoelaite takaa tasaisen venytyksen, tarkan siirtym\u00e4n hallinnan ja luotettavan voimanmittauksen koko repimisprosessin ajan.<\/p>\n<p style=\"text-align: left;\" data-start=\"5678\" data-end=\"6204\">The <strong data-start=\"5682\" data-end=\"5726\"><a href=\"https:\/\/www.celtec.cn\" rel=\"nofollow noopener\" target=\"_blank\">Cell Instruments<\/a> <a href=\"https:\/\/www.qualitester.com\/fi\/tuote\/tst-01-tensile-tester\/\">Vetotesteri (TST-01)<\/a><\/strong> tukee ASTM D5587 -standardin mukaista testausta tarjoamalla kontrolloidut pidennysnopeudet, selke\u00e4n voima-siirtym\u00e4n visualisoinnin ja tekstiilin\u00e4ytteiden mukautettavat tartuntaratkaisut. Sen joustavuuden ansiosta laboratoriot voivat suorittaa paitsi kankaiden repimislujuuden testej\u00e4 my\u00f6s monenlaisia veto- ja kuorinta-arviointeja tekstiileille, pakkausmateriaaleille ja l\u00e4\u00e4ketieteellisille komponenteille. T\u00e4m\u00e4 monipuolisuus sopii hyvin laboratorioille, jotka etsiv\u00e4t pitk\u00e4aikaista arvoa ja standardoituja testausmahdollisuuksia.<\/p>\n<figure id=\"attachment_7632\" aria-describedby=\"caption-attachment-7632\" style=\"width: 239px\" class=\"wp-caption aligncenter\"><a href=\"https:\/\/www.qualitester.com\/fi\/tuote\/tst-01-tensile-tester\/\"><img decoding=\"async\" class=\"wp-image-7632 size-medium\" src=\"https:\/\/www.qualitester.com\/wp-content\/uploads\/2025\/12\/Tensile-Tester-TST-01-239x300.webp\" alt=\"ASTM D5587 Kankaan repe\u00e4mislujuuden testausmenetelm\u00e4\" width=\"239\" height=\"300\" srcset=\"https:\/\/www.qualitester.com\/wp-content\/uploads\/2025\/12\/Tensile-Tester-TST-01-239x300.webp 239w, https:\/\/www.qualitester.com\/wp-content\/uploads\/2025\/12\/Tensile-Tester-TST-01-10x12.webp 10w, https:\/\/www.qualitester.com\/wp-content\/uploads\/2025\/12\/Tensile-Tester-TST-01.webp 318w\" sizes=\"(max-width: 239px) 100vw, 239px\" \/><\/a><figcaption id=\"caption-attachment-7632\" class=\"wp-caption-text\">Vetotesteri TST-01<\/figcaption><\/figure>\n<hr \/>\n<h2 data-start=\"5284\" data-end=\"5304\">Lopulliset ajatukset<\/h2>\n<p>ASTM D5587 tarjoaa vankan kehyksen kankaan repimislujuuden arvioimiseksi k\u00e4ytt\u00e4m\u00e4ll\u00e4 puolisuunnikkaan rep\u00e4isylujuuskoetta. Noudattamalla standardoituja menettelyj\u00e4, valitsemalla sopivat CRE-testauslaitteet ja ymm\u00e4rt\u00e4m\u00e4ll\u00e4 repeytymisk\u00e4ytt\u00e4ytymisen merkityksen laboratoriot voivat tuottaa merkityksellisi\u00e4 tietoja, jotka tukevat laadunvarmistusta ja tuotekehityst\u00e4. Tekstiilialan ammattilaisille t\u00e4m\u00e4n menetelm\u00e4n hallitseminen vahvistaa sek\u00e4 teknist\u00e4 p\u00e4tevyytt\u00e4 ett\u00e4 uskottavuutta markkinoilla.<\/p>\n<hr \/>\n<h2>Usein kysytyt kysymykset<\/h2>\n<p data-start=\"39\" data-end=\"393\"><strong data-start=\"39\" data-end=\"109\">1. Mik\u00e4 on puolisuunnikkaan rep\u00e4isylujuuskokeen p\u00e4\u00e4tarkoitus?<\/strong><br data-start=\"109\" data-end=\"112\" \/>Puolisuunnikkaan rep\u00e4isylujuusmittauksella mitataan <strong data-start=\"160\" data-end=\"223\">kankaan rep\u00e4isylujuus sen j\u00e4lkeen, kun repe\u00e4minen on jo alkanut.<\/strong>. Siin\u00e4 arvioidaan, kuinka hyvin kangas kest\u00e4\u00e4 repe\u00e4mien etenemist\u00e4 vetokuormituksessa, joka vastaa hyvin todellisia k\u00e4ytt\u00f6olosuhteita, joissa voi jo olla pieni\u00e4 viiltoja tai vikoja.<\/p>\n<p data-start=\"395\" data-end=\"755\"><strong data-start=\"395\" data-end=\"460\">2. Miksi ASTM D5587 edellytt\u00e4\u00e4 CRE-vetokoetta?<\/strong><br data-start=\"460\" data-end=\"463\" \/>ASTM D5587 m\u00e4\u00e4rittelee <strong data-start=\"486\" data-end=\"546\">Vakiovetokoelaite CRE (constant-rate-of-extension) vetokoelaite<\/strong> koska se tarjoaa vakaan, tasaisen ristip\u00e4\u00e4n liikkeen ja tarkan voimanmittauksen. T\u00e4m\u00e4 johdonmukaisuus parantaa laboratorioiden v\u00e4list\u00e4 toistettavuutta ja vertailukelpoisuutta puolisuunnikkaan rep\u00e4isylujuuden testituloksissa.<\/p>\n<p data-start=\"757\" data-end=\"1137\"><strong data-start=\"757\" data-end=\"818\">3. Mink\u00e4 tyyppisi\u00e4 kankaita voidaan testata ASTM D5587:n avulla?<\/strong><br data-start=\"818\" data-end=\"821\" \/>Standardia sovelletaan useisiin erilaisiin tekstiileihin, mukaan lukien <strong data-start=\"881\" data-end=\"999\">kudotut kankaat, neulokset, nukka- ja nukkakankaat, kerrosrakenteet sek\u00e4 p\u00e4\u00e4llystetyt tai hartsik\u00e4sitellyt materiaalit<\/strong>. Sek\u00e4 k\u00e4sittelem\u00e4tt\u00f6mi\u00e4 ett\u00e4 valmiita kankaita voidaan arvioida, joten menetelm\u00e4 soveltuu moniin teollisiin ja teknisiin tekstiilisovelluksiin.<\/p>\n<p data-start=\"1139\" data-end=\"1470\"><strong data-start=\"1139\" data-end=\"1208\">4. Miten puolisuunnikkaan rep\u00e4isylujuuden testitulokset ilmoitetaan?<\/strong><br data-start=\"1208\" data-end=\"1211\" \/>ASTM D5587:n mukaan tulokset voidaan ilmoittaa joko <strong data-start=\"1266\" data-end=\"1295\">yhden huippuarvon repimisvoima<\/strong> tai <strong data-start=\"1303\" data-end=\"1346\">viiden suurimman huippuvoiman keskiarvo<\/strong> havaittu testauksen aikana. Valitusta raportointimenetelm\u00e4st\u00e4 olisi sovittava etuk\u00e4teen ja sit\u00e4 olisi k\u00e4ytett\u00e4v\u00e4 johdonmukaisesti vertailussa.<\/p>\n<p data-start=\"1472\" data-end=\"1862\" data-is-last-node=\"\" data-is-only-node=\"\"><strong data-start=\"1472\" data-end=\"1542\">5. Mitk\u00e4 tekij\u00e4t vaikuttavat eniten kankaiden rep\u00e4isylujuuteen?<\/strong><br data-start=\"1542\" data-end=\"1545\" \/>Keskeisi\u00e4 tekij\u00f6it\u00e4 ovat <strong data-start=\"1565\" data-end=\"1672\">kankaan rakenne, lankatyyppi ja -tiheys, viimeistelyk\u00e4sittelyt, n\u00e4ytteiden valmistelu ja testauksen kohdistaminen.<\/strong>. Asianmukainen esik\u00e4sittely, tarkka n\u00e4ytteen merkitseminen ja luotettavan CRE-vetokoelaitteen, kuten Cell Instruments TST-01:n, k\u00e4ytt\u00f6 varmistavat luotettavat trapetsimaisen rep\u00e4isylujuuden testitulokset.<\/p>","protected":false},"excerpt":{"rendered":"<p>Kangasrep\u00e4isylujuuden testaus ASTM D5587 Kangasrep\u00e4isylujuus on kriittinen mekaaninen ominaisuus, joka kuvaa sit\u00e4, miten tekstiilit vastustavat olemassa olevan repe\u00e4m\u00e4n jatkumista kuormituksen alaisena. ASTM D5587, joka tunnetaan laajalti nimell\u00e4 trapetsim\u00e4inen rep\u00e4isylujuuskoe, tarjoaa standardoidun ja toistettavan menetelm\u00e4n t\u00e4m\u00e4n suorituskyvyn arvioimiseksi. Ymm\u00e4rt\u00e4m\u00e4ll\u00e4 periaatteet, menettelyt, ...<\/p>\n<p class=\"read-more\"> <a class=\"\" href=\"https:\/\/www.qualitester.com\/fi\/applications\/astm-d5587-method-for-tearing-strength-of-fabric-testing\/\"> <span class=\"screen-reader-text\">ASTM D5587 Kankaan repe\u00e4mislujuuden testausmenetelm\u00e4<\/span> Lue lis\u00e4\u00e4 \"<\/a><\/p>","protected":false},"author":8,"featured_media":0,"parent":6794,"menu_order":0,"comment_status":"closed","ping_status":"closed","template":"","meta":{"site-sidebar-layout":"default","site-content-layout":"default","ast-global-header-display":"","ast-main-header-display":"","ast-hfb-above-header-display":"","ast-hfb-below-header-display":"","ast-hfb-mobile-header-display":"","site-post-title":"","ast-breadcrumbs-content":"","ast-featured-img":"","footer-sml-layout":"","theme-transparent-header-meta":"default","adv-header-id-meta":"","stick-header-meta":"","header-above-stick-meta":"","header-main-stick-meta":"","header-below-stick-meta":"","footnotes":""},"class_list":["post-7619","page","type-page","status-publish","hentry"],"_links":{"self":[{"href":"https:\/\/www.qualitester.com\/fi\/wp-json\/wp\/v2\/pages\/7619","targetHints":{"allow":["GET"]}}],"collection":[{"href":"https:\/\/www.qualitester.com\/fi\/wp-json\/wp\/v2\/pages"}],"about":[{"href":"https:\/\/www.qualitester.com\/fi\/wp-json\/wp\/v2\/types\/page"}],"author":[{"embeddable":true,"href":"https:\/\/www.qualitester.com\/fi\/wp-json\/wp\/v2\/users\/8"}],"replies":[{"embeddable":true,"href":"https:\/\/www.qualitester.com\/fi\/wp-json\/wp\/v2\/comments?post=7619"}],"version-history":[{"count":0,"href":"https:\/\/www.qualitester.com\/fi\/wp-json\/wp\/v2\/pages\/7619\/revisions"}],"up":[{"embeddable":true,"href":"https:\/\/www.qualitester.com\/fi\/wp-json\/wp\/v2\/pages\/6794"}],"wp:attachment":[{"href":"https:\/\/www.qualitester.com\/fi\/wp-json\/wp\/v2\/media?parent=7619"}],"curies":[{"name":"wp","href":"https:\/\/api.w.org\/{rel}","templated":true}]}}