{"id":6695,"date":"2025-06-12T15:15:43","date_gmt":"2025-06-12T07:15:43","guid":{"rendered":"https:\/\/www.qualitester.com\/?page_id=6695"},"modified":"2025-06-12T15:17:41","modified_gmt":"2025-06-12T07:17:41","slug":"iso-7765-1","status":"publish","type":"page","link":"https:\/\/www.qualitester.com\/fi\/standards\/iso-7765-1\/","title":{"rendered":"ISO 7765-1"},"content":{"rendered":"<h1 style=\"text-align: center;\" data-start=\"370\" data-end=\"882\"><small>ISO 776-1<\/small><\/h1>\n<h1 style=\"text-align: center;\" data-start=\"370\" data-end=\"882\">Tikan iskukoe<\/h1>\n<h2 data-start=\"410\" data-end=\"426\">Johdanto<\/h2>\n<p data-start=\"428\" data-end=\"977\">Pakkaus- ja muovikalvoteollisuudessa iskunkest\u00e4vyys on kriittinen suorituskykyparametri. <em data-start=\"527\" data-end=\"539\">ISO 7765-1<\/em> m\u00e4\u00e4ritell\u00e4\u00e4n standardoitu testimenetelm\u00e4, jolla arvioidaan seuraavia ominaisuuksia <strong data-start=\"594\" data-end=\"619\">iskuvikaenergia<\/strong> muovikalvojen ja -levyjen materiaalit k\u00e4ytt\u00e4en <strong data-start=\"664\" data-end=\"699\">vapaasti putoavan tikan iskukoe<\/strong>.<\/p>\n<h2 data-start=\"984\" data-end=\"1028\">ISO 7765-1:n ja sen tarkoituksen ymm\u00e4rt\u00e4minen<\/h2>\n<p data-start=\"1030\" data-end=\"1396\"><em data-start=\"1030\" data-end=\"1042\">ISO 7765-1<\/em> on kansainv\u00e4linen standardi, joka m\u00e4\u00e4rittelee kaksi testimenetelm\u00e4\u00e4 -<strong data-start=\"1104\" data-end=\"1116\">Menetelm\u00e4 A<\/strong> ja <strong data-start=\"1121\" data-end=\"1133\">Menetelm\u00e4 B<\/strong>-m\u00e4\u00e4ritett\u00e4ess\u00e4 energiaa, joka tarvitaan vian aiheuttamiseen seuraavissa tapauksissa <strong data-start=\"1190\" data-end=\"1218\">muovikalvot ja -levyt<\/strong> paksuus on alle 1 mm. N\u00e4m\u00e4 menetelm\u00e4t on suunniteltu simuloimaan olosuhteita, joissa kalvot voivat altistua mekaanisille iskuille k\u00e4sittelyn, kuljetuksen tai loppuk\u00e4yt\u00f6n aikana.<\/p>\n<ul>\n<li data-start=\"1400\" data-end=\"1466\"><strong data-start=\"1400\" data-end=\"1412\">Menetelm\u00e4 A<\/strong>: K\u00e4ytet\u00e4\u00e4n 38 mm:n puolipallon muotoista tikkaa, joka pudotetaan 0,66 metrist\u00e4.<\/li>\n<li data-start=\"1469\" data-end=\"1535\"><strong data-start=\"1469\" data-end=\"1481\">Menetelm\u00e4 B<\/strong>: K\u00e4ytet\u00e4\u00e4n 50 mm:n puolipallon muotoista tikkaa, joka pudotetaan 1,50 metrist\u00e4.<\/li>\n<\/ul>\n<p data-start=\"1537\" data-end=\"1691\">Molemmilla menetelmill\u00e4 pyrit\u00e4\u00e4n m\u00e4\u00e4ritt\u00e4m\u00e4\u00e4n tilastollisesti se tikan massa, joka aiheuttaa vikaantumisen 50%:ss\u00e4 testatuista n\u00e4ytteist\u00e4 - arvo, jota kutsutaan nimell\u00e4 tikam\u00e4\u00e4r\u00e4. <strong data-start=\"1667\" data-end=\"1690\">iskuvika massa<\/strong>.<\/p>\n<h2 data-start=\"1698\" data-end=\"1751\">Tikka-iskutesti muovikalvolle: Miksi sill\u00e4 on merkityst\u00e4<\/h2>\n<p data-start=\"1753\" data-end=\"1823\">The <strong data-start=\"1757\" data-end=\"1794\">muovikalvon tikan iskukoe<\/strong> tarjoaa olennaisia tietoja:<\/p>\n<ul>\n<li data-start=\"1827\" data-end=\"1884\">Arviointi <strong data-start=\"1837\" data-end=\"1856\">kalvon kest\u00e4vyys<\/strong> pakkaussovelluksiin.<\/li>\n<li data-start=\"1887\" data-end=\"1965\">Materiaalin laadun vaihteluiden, kuten muotinj\u00e4lkien tai ep\u00e4puhtauksien tunnistaminen.<\/li>\n<li data-start=\"1968\" data-end=\"2050\">Eri tuotantoerist\u00e4 tai toimittajilta per\u00e4isin olevien kalvojen suorituskyvyn vertailu.<\/li>\n<\/ul>\n<p data-start=\"2052\" data-end=\"2276\">T\u00e4m\u00e4 testi on erityisen arvokas sovelluksissa, joissa <strong data-start=\"2105\" data-end=\"2160\">l\u00e4\u00e4ketieteelliset pakkaukset, elintarvikkeiden suojaus, l\u00e4\u00e4kkeet<\/strong>ja <strong data-start=\"2166\" data-end=\"2186\">teollisuuskalvot<\/strong>, jossa iskunkest\u00e4vyys vaikuttaa suoraan tuoteturvallisuuteen ja kuluttajien tyytyv\u00e4isyyteen.<\/p>\n<h2 data-start=\"2283\" data-end=\"2342\">Vapaasti putoavan tikan iskutesteri: Laitteiston yleiskatsaus<\/h2>\n<p><img fetchpriority=\"high\" decoding=\"async\" class=\"alignright wp-image-6697 size-medium\" src=\"https:\/\/www.qualitester.com\/wp-content\/uploads\/2025\/06\/ISO-7765-1-Dart-Impact-Test-for-Plastic-Film-232x300.webp\" alt=\"ISO 7765-1 Muovikalvon tikaniskutesti\" width=\"232\" height=\"300\" srcset=\"https:\/\/www.qualitester.com\/wp-content\/uploads\/2025\/06\/ISO-7765-1-Dart-Impact-Test-for-Plastic-Film-232x300.webp 232w, https:\/\/www.qualitester.com\/wp-content\/uploads\/2025\/06\/ISO-7765-1-Dart-Impact-Test-for-Plastic-Film-9x12.webp 9w, https:\/\/www.qualitester.com\/wp-content\/uploads\/2025\/06\/ISO-7765-1-Dart-Impact-Test-for-Plastic-Film-600x777.webp 600w, https:\/\/www.qualitester.com\/wp-content\/uploads\/2025\/06\/ISO-7765-1-Dart-Impact-Test-for-Plastic-Film.webp 610w\" sizes=\"(max-width: 232px) 100vw, 232px\" \/><\/p>\n<p data-start=\"2344\" data-end=\"2555\">T\u00e4m\u00e4n testin suorittaminen tarkasti edellytt\u00e4\u00e4 luotettavaa <strong data-start=\"2396\" data-end=\"2431\">vapaasti putoavan tikan iskukoe<\/strong> joka t\u00e4ytt\u00e4\u00e4 ISO 7765-1 -standardin vaatimukset. Osoitteessa <strong data-start=\"2474\" data-end=\"2501\">Cell Instruments FDT-01<\/strong> on erinomainen valinta t\u00e4h\u00e4n tarkoitukseen. Siin\u00e4 on seuraavat ominaisuudet:<\/p>\n<ul>\n<li data-start=\"2559\" data-end=\"2629\">Tarkkuus <strong data-start=\"2569\" data-end=\"2601\">s\u00e4hk\u00f6magneettinen tikan laukaisu<\/strong> toistettavan pudotuskorkeuden saavuttamiseksi.<\/li>\n<li data-start=\"2632\" data-end=\"2694\">S\u00e4\u00e4dett\u00e4v\u00e4t tikanp\u00e4\u00e4t ja painot molempia varten <strong data-start=\"2675\" data-end=\"2693\">Menetelm\u00e4t A ja B<\/strong>.<\/li>\n<li data-start=\"2697\" data-end=\"2772\">Pneumaattisesti ohjattu <strong data-start=\"2722\" data-end=\"2741\">kiristysj\u00e4rjestelm\u00e4<\/strong> n\u00e4ytteen liukumisen minimoimiseksi.<\/li>\n<li data-start=\"2775\" data-end=\"2847\">Integroitu <strong data-start=\"2786\" data-end=\"2813\">tiedonkeruuj\u00e4rjestelm\u00e4<\/strong> automaattista tulosten laskentaa varten.<\/li>\n<\/ul>\n<p data-start=\"2849\" data-end=\"2994\">FDT-01 mahdollistaa valmistajille ja laboratorioille seuraavat asiat <strong data-start=\"2902\" data-end=\"2924\">virtaviivaistaa testausta<\/strong>, <strong data-start=\"2926\" data-end=\"2948\">v\u00e4hent\u00e4\u00e4 inhimillisi\u00e4 virheit\u00e4<\/strong>, ja varmistaa, ett\u00e4 tulokset ovat ISO-standardien mukaisia.<\/p>\n<h2 data-start=\"3001\" data-end=\"3047\">ISO 7765-1 Testausmenettely: Step-by-Step<\/h2>\n<ol data-start=\"3049\" data-end=\"4111\">\n<li data-start=\"3049\" data-end=\"3235\">\n<p data-start=\"3052\" data-end=\"3235\"><strong data-start=\"3052\" data-end=\"3074\">N\u00e4ytteen valmistelu<\/strong><br data-start=\"3074\" data-end=\"3077\" \/>Leikataan muovikalvosta v\u00e4hint\u00e4\u00e4n 30 n\u00e4ytett\u00e4 varmistaen, ett\u00e4 kalvon paksuus on tasainen (\u00b110% nimellispaksuudesta). N\u00e4ytteiss\u00e4 ei saa olla ryppyj\u00e4, reiki\u00e4 eik\u00e4 taitteita.<\/p>\n<\/li>\n<li data-start=\"3237\" data-end=\"3384\">\n<p data-start=\"3240\" data-end=\"3384\"><strong data-start=\"3240\" data-end=\"3265\">Paksuuden mittaus<\/strong><br data-start=\"3265\" data-end=\"3268\" \/>Kunkin n\u00e4ytteen paksuus mitataan mikrometrill\u00e4 (\u00b10,0025 mm:n tarkkuudella) seuraavien ohjeiden mukaisesti. <strong data-start=\"3371\" data-end=\"3383\">ISO 4593<\/strong>.<\/p>\n<\/li>\n<li data-start=\"3386\" data-end=\"3640\">\n<p data-start=\"3389\" data-end=\"3415\"><strong data-start=\"3389\" data-end=\"3413\">Laitteen asentaminen<\/strong><\/p>\n<ul data-start=\"3419\" data-end=\"3640\">\n<li data-start=\"3419\" data-end=\"3482\">Valitse menetelm\u00e4 A tai B odotetun iskunkest\u00e4vyyden perusteella.<\/li>\n<li data-start=\"3486\" data-end=\"3549\">S\u00e4\u00e4d\u00e4 tikan korkeus: 0,66 m menetelm\u00e4ss\u00e4 A, 1,50 m menetelm\u00e4ss\u00e4 B.<\/li>\n<li data-start=\"3553\" data-end=\"3640\">Kiinnit\u00e4 kalvo k\u00e4ytt\u00e4m\u00e4ll\u00e4 <strong data-start=\"3577\" data-end=\"3595\">rengasmaiset puristimet<\/strong> pehmustetuilla tiivisteill\u00e4 liukumisen est\u00e4miseksi.<\/li>\n<\/ul>\n<\/li>\n<li data-start=\"3642\" data-end=\"3937\"><strong data-start=\"3645\" data-end=\"3682\">Porrask\u00e4yt\u00e4v\u00e4testin suorittaminen<\/strong>\n<ul data-start=\"3688\" data-end=\"3937\">\n<li data-start=\"3688\" data-end=\"3726\">Aloita tikan arvioidusta painosta.<\/li>\n<li data-start=\"3730\" data-end=\"3781\">Pudota tikka ja tarkkaile, pett\u00e4\u00e4k\u00f6 kalvo.<\/li>\n<li data-start=\"3785\" data-end=\"3860\">S\u00e4\u00e4d\u00e4 painoa yl\u00f6s- tai alasp\u00e4in kiinteill\u00e4 askelilla tuloksen perusteella.<\/li>\n<li data-start=\"3864\" data-end=\"3937\">Jatka, kunnes v\u00e4hint\u00e4\u00e4n 20 testipisteest\u00e4 saadaan vikaantumis-\/ei-vikaantumistietoja.<\/li>\n<\/ul>\n<\/li>\n<li data-start=\"3939\" data-end=\"4111\">\n<p data-start=\"3942\" data-end=\"4111\"><strong data-start=\"3942\" data-end=\"3979\">Lasketaan iskun aiheuttama vikaantumismassa<\/strong><br data-start=\"3979\" data-end=\"3982\" \/>M\u00e4\u00e4rit\u00e4 portaikkomenetelm\u00e4n tilastollisen kaavan avulla, ett\u00e4 <strong data-start=\"4049\" data-end=\"4072\">iskuvika massa<\/strong> (massa, jossa 50% n\u00e4ytteist\u00e4 pett\u00e4\u00e4).<\/p>\n<\/li>\n<\/ol>\n<h2 data-start=\"4118\" data-end=\"4153\">Testin tarkkuuteen vaikuttavat tekij\u00e4t<\/h2>\n<ul>\n<li data-start=\"4157\" data-end=\"4262\"><strong data-start=\"4157\" data-end=\"4177\">Materiaalin laatu<\/strong>: Yhten\u00e4inen mittakaava, kuoppaviivojen puuttuminen ja ep\u00e4puhtauksien puuttuminen takaavat luotettavat tiedot.<\/li>\n<li data-start=\"4265\" data-end=\"4346\"><strong data-start=\"4265\" data-end=\"4286\">Puristuspaine<\/strong>: Riitt\u00e4m\u00e4t\u00f6n paine voi aiheuttaa liukumista, joka vaikuttaa tuloksiin.<\/li>\n<li data-start=\"4349\" data-end=\"4442\"><strong data-start=\"4349\" data-end=\"4371\">N\u00e4ytteen tila<\/strong>: Pintavirheet tai ep\u00e4johdonmukainen paksuus voivat heikent\u00e4\u00e4 iskunkest\u00e4vyytt\u00e4.<\/li>\n<li data-start=\"4445\" data-end=\"4547\"><strong data-start=\"4445\" data-end=\"4469\">Pudotuksen toistettavuus<\/strong>: Tasainen kohdistus ja pudotuskorkeus ovat olennaisen t\u00e4rkeit\u00e4 tilastollisen tarkkuuden kannalta.<\/li>\n<\/ul>\n<p data-start=\"4549\" data-end=\"4683\">Virheiden minimoimiseksi, <strong data-start=\"4569\" data-end=\"4615\">FDT-01:n kaltaiset korkean tarkkuuden laitteet<\/strong> joissa on automaattinen valvonta ja turvaominaisuudet, ovat eritt\u00e4in suositeltavia.<\/p>\n<h2 data-start=\"4690\" data-end=\"4733\">Miksi valita Cell Instruments FDT-01?<\/h2>\n<p data-start=\"4735\" data-end=\"4914\">The <strong data-start=\"4739\" data-end=\"4798\">Cell Instruments FDT-01 <span style=\"color: #75c32c;\"><a style=\"color: #75c32c;\" href=\"https:\/\/www.qualitester.com\/fi\/tuote\/fdt-01-polypropylene-film-drop-dart-tester\/\" target=\"_blank\" rel=\"noopener\">Vapaasti putoavan tikan iskutesteri<\/a><\/span><\/strong> on erityisesti suunniteltu t\u00e4ytt\u00e4m\u00e4\u00e4n ISO 7765-1 -standardin tiukat vaatimukset. Sen automatisoitu ja modulaarinen rakenne takaa:<\/p>\n<ul>\n<li data-start=\"4918\" data-end=\"4984\">Tarkat, toistettavat tulokset sek\u00e4 <strong data-start=\"4958\" data-end=\"4983\">Menetelm\u00e4t A ja B<\/strong>.<\/li>\n<li data-start=\"4987\" data-end=\"5072\">Tehokas testaus laadunvalvontaa varten <strong data-start=\"5028\" data-end=\"5071\">pakkaukset, kalvot ja l\u00e4\u00e4kinn\u00e4lliset materiaalit<\/strong>.<\/li>\n<li data-start=\"5075\" data-end=\"5183\">Saumaton integrointi laboratorion ty\u00f6nkulkuihin sen avulla <strong data-start=\"5124\" data-end=\"5151\">k\u00e4ytt\u00e4j\u00e4yst\u00e4v\u00e4llinen k\u00e4ytt\u00f6liittym\u00e4<\/strong> ja <strong data-start=\"5156\" data-end=\"5182\">digitaalisten tietojen raportointi<\/strong>.<\/li>\n<\/ul>\n<p data-start=\"5185\" data-end=\"5299\">T\u00e4m\u00e4 tekee siit\u00e4 <strong data-start=\"5201\" data-end=\"5298\">luotettava valinta T&amp;K-laboratorioille, laadunvarmistusosastoille ja kolmannen osapuolen testauslaitoksille.<\/strong>.<\/p>\n<h2 data-start=\"5306\" data-end=\"5320\">P\u00e4\u00e4telm\u00e4<\/h2>\n<p data-start=\"5322\" data-end=\"5798\"><a href=\"https:\/\/www.iso.org\/standard\/14629.html\" target=\"_blank\" rel=\"noopener nofollow\"><em data-start=\"5322\" data-end=\"5334\">ISO 7765-1<\/em><\/a> on t\u00e4rke\u00e4 rooli muovikalvojen iskunkest\u00e4vyyden arvioinnissa standardoidun menetelm\u00e4n avulla. <strong data-start=\"5427\" data-end=\"5447\">tikan iskukoe<\/strong> k\u00e4ytt\u00e4m\u00e4ll\u00e4 <strong data-start=\"5456\" data-end=\"5491\">vapaasti putoavan tikan iskukoe<\/strong>. Tarkka testaus ei ainoastaan paranna tuotteiden turvallisuutta ja suorituskyky\u00e4, vaan varmistaa my\u00f6s kansainv\u00e4listen laatuvaatimusten noudattamisen. Tarkkaa ja tehokasta testausta varten ammattilaisten on luotettava sellaisiin laitteisiin kuin esim. <strong data-start=\"5711\" data-end=\"5738\">Cell Instruments FDT-01<\/strong>, joka tuottaa helposti toistettavia ja vaatimustenmukaisia tuloksia.<\/p>\n<h2 data-start=\"5805\" data-end=\"5813\">UKK<\/h2>\n<p data-start=\"5815\" data-end=\"5993\"><strong data-start=\"5815\" data-end=\"5858\">1. Mik\u00e4 on ISO 7765-1 -standardin p\u00e4\u00e4tavoite?<\/strong><br data-start=\"5858\" data-end=\"5861\" \/>Tavoitteena on m\u00e4\u00e4ritt\u00e4\u00e4 energia, joka tarvitaan 50%-muovikalvokoekappaleiden rikkoutumiseen vakioiduissa iskuolosuhteissa.<\/p>\n<p data-start=\"5995\" data-end=\"6202\"><strong data-start=\"5995\" data-end=\"6057\">2. Mit\u00e4 eroja on menetelmien A ja B v\u00e4lill\u00e4?<\/strong><br data-start=\"6057\" data-end=\"6060\" \/>Menetelm\u00e4ss\u00e4 A k\u00e4ytet\u00e4\u00e4n 38 mm:n tikkaa, joka pudotetaan 0,66 metrist\u00e4; menetelm\u00e4ss\u00e4 B k\u00e4ytet\u00e4\u00e4n 50 mm:n tikkaa, joka pudotetaan 1,50 metrist\u00e4. Menetelm\u00e4 B soveltuu suuremmille vaikutusalueille.<\/p>\n<p data-start=\"6204\" data-end=\"6409\"><strong data-start=\"6204\" data-end=\"6271\">3. Miksi tikan iskunkest\u00e4vyys on t\u00e4rke\u00e4\u00e4 pakkauskalvoissa?<\/strong><br data-start=\"6271\" data-end=\"6274\" \/>Se osoittaa kalvon kyvyn kest\u00e4\u00e4 mekaanisia iskuja k\u00e4sittelyn, kuljetuksen ja varastoinnin aikana, mik\u00e4 takaa tuotteen suojan.<\/p>\n<p data-start=\"6411\" data-end=\"6601\"><strong data-start=\"6411\" data-end=\"6483\">4. Voidaanko menetelmien A ja B tikan iskukokeiden tuloksia verrata toisiinsa?<\/strong><br data-start=\"6483\" data-end=\"6486\" \/>Ei. Menetelmien A ja B tuloksia ei voi suoraan verrata toisiinsa tikan koon, massan ja pudotuskorkeuden erojen vuoksi.<\/p>","protected":false},"excerpt":{"rendered":"<p>ISO 776-1 Tikka-iskutesti Johdanto Pakkaus- ja muovikalvoteollisuudessa iskunkest\u00e4vyys on kriittinen suorituskykyparametri. ISO 7765-1 m\u00e4\u00e4rittelee standardoidun testimenetelm\u00e4n muovikalvojen ja -levymateriaalien iskuvikaenergian arvioimiseksi vapaasti putoavan tikan iskukokeella. ISO 7765-1:n ja sen k\u00e4ytt\u00f6tarkoituksen ymm\u00e4rt\u00e4minen ISO 7765-1 on ...<\/p>\n<p class=\"read-more\"> <a class=\"\" href=\"https:\/\/www.qualitester.com\/fi\/standards\/iso-7765-1\/\"> <span class=\"screen-reader-text\">ISO 7765-1<\/span> Lue lis\u00e4\u00e4 \"<\/a><\/p>","protected":false},"author":4,"featured_media":0,"parent":4948,"menu_order":0,"comment_status":"closed","ping_status":"closed","template":"","meta":{"site-sidebar-layout":"default","site-content-layout":"default","ast-global-header-display":"","ast-main-header-display":"","ast-hfb-above-header-display":"","ast-hfb-below-header-display":"","ast-hfb-mobile-header-display":"","site-post-title":"disabled","ast-breadcrumbs-content":"","ast-featured-img":"","footer-sml-layout":"","theme-transparent-header-meta":"default","adv-header-id-meta":"","stick-header-meta":"","header-above-stick-meta":"","header-main-stick-meta":"","header-below-stick-meta":"","footnotes":""},"class_list":["post-6695","page","type-page","status-publish","hentry"],"_links":{"self":[{"href":"https:\/\/www.qualitester.com\/fi\/wp-json\/wp\/v2\/pages\/6695","targetHints":{"allow":["GET"]}}],"collection":[{"href":"https:\/\/www.qualitester.com\/fi\/wp-json\/wp\/v2\/pages"}],"about":[{"href":"https:\/\/www.qualitester.com\/fi\/wp-json\/wp\/v2\/types\/page"}],"author":[{"embeddable":true,"href":"https:\/\/www.qualitester.com\/fi\/wp-json\/wp\/v2\/users\/4"}],"replies":[{"embeddable":true,"href":"https:\/\/www.qualitester.com\/fi\/wp-json\/wp\/v2\/comments?post=6695"}],"version-history":[{"count":0,"href":"https:\/\/www.qualitester.com\/fi\/wp-json\/wp\/v2\/pages\/6695\/revisions"}],"up":[{"embeddable":true,"href":"https:\/\/www.qualitester.com\/fi\/wp-json\/wp\/v2\/pages\/4948"}],"wp:attachment":[{"href":"https:\/\/www.qualitester.com\/fi\/wp-json\/wp\/v2\/media?parent=6695"}],"curies":[{"name":"wp","href":"https:\/\/api.w.org\/{rel}","templated":true}]}}