{"id":6558,"date":"2025-03-17T16:04:02","date_gmt":"2025-03-17T08:04:02","guid":{"rendered":"https:\/\/www.qualitester.com\/?page_id=6558"},"modified":"2025-03-17T16:56:01","modified_gmt":"2025-03-17T08:56:01","slug":"iso-8510-2","status":"publish","type":"page","link":"https:\/\/www.qualitester.com\/fi\/standards\/iso-8510-2\/","title":{"rendered":"ISO 8510-2"},"content":{"rendered":"<h1 style=\"text-align: center;\">ISO 8510-2<\/h1>\n<p data-pm-slice=\"1 1 []\">ISO 8510-2 m\u00e4\u00e4rittelee 180 asteen kuorinta- ja tartuntakokeen, jonka avulla arvioidaan <strong>liiman kuorintalujuus<\/strong> liimattujen materiaalien. T\u00e4m\u00e4 standardi on v\u00e4ltt\u00e4m\u00e4t\u00f6n esimerkiksi seuraavilla teollisuudenaloilla <strong>pakkaukset, l\u00e4\u00e4kinn\u00e4lliset laitteet, elektroniikka ja liimat.<\/strong>, joissa vahva ja luotettava tartunta on ratkaisevan t\u00e4rke\u00e4\u00e4. Testi tarjoaa kriittisen n\u00e4kemyksen <strong>liimojen suorituskyky ja kest\u00e4vyys<\/strong> mittaamalla voima, joka tarvitaan joustavan kiinnittyv\u00e4n kappaleen erottamiseen j\u00e4yk\u00e4st\u00e4 kiinnittyv\u00e4st\u00e4 kappaleesta valvotuissa olosuhteissa.<\/p>\n<h2>ISO 8510-2 -standardin mukainen testausmenettely<\/h2>\n<p>The <strong><a href=\"https:\/\/www.qualitester.com\/fi\/tuote-osasto-2\/iso\/iso-8510-2\/\" target=\"_blank\" rel=\"noopener\">ISO 8510-<\/a>2 testausmenetelm\u00e4<\/strong> sis\u00e4lt\u00e4\u00e4 liimattujen n\u00e4ytteiden valmistuksen ja testauksen standardoiduissa olosuhteissa. Vaiheisiin kuuluvat:<\/p>\n<h3>1. Testin\u00e4ytteen valmistelu<\/h3>\n<ul data-spread=\"false\">\n<li>A sidottu <strong>joustavasta j\u00e4ykk\u00e4\u00e4n<\/strong> kokoonpano valmistetaan k\u00e4ytt\u00e4en arvioitavana olevaa liimaa.<\/li>\n<li>The <strong>j\u00e4ykk\u00e4 liimaosaine<\/strong> voi olla <strong>metallia, muovia, puuta tai kumia<\/strong> m\u00e4\u00e4r\u00e4tyill\u00e4 paksuuksilla.<\/li>\n<li>The <strong>joustava liimaosaine<\/strong> pit\u00e4isi kest\u00e4\u00e4 <strong>180 asteen mutka<\/strong> ilman muodonmuutoksia.<\/li>\n<li>Liiman levitys seuraa <strong>ISO 17212<\/strong> tai valmistajan ohjeita.<\/li>\n<li>Sidontarajan on oltava <strong>tasaisesti levitetty ja t\u00e4ysin kovettunut<\/strong> ennen testausta.<\/li>\n<\/ul>\n<p><img fetchpriority=\"high\" decoding=\"async\" class=\"wp-image-6591 aligncenter\" src=\"https:\/\/www.qualitester.com\/wp-content\/uploads\/2025\/03\/ISO-8510-2-180-Degree-Peel-Adhesion-Test.png\" alt=\"ISO 8510-2 180 asteen kuorinta- ja tartuntatesti\" width=\"171\" height=\"366\" srcset=\"https:\/\/www.qualitester.com\/wp-content\/uploads\/2025\/03\/ISO-8510-2-180-Degree-Peel-Adhesion-Test.png 278w, https:\/\/www.qualitester.com\/wp-content\/uploads\/2025\/03\/ISO-8510-2-180-Degree-Peel-Adhesion-Test-140x300.png 140w, https:\/\/www.qualitester.com\/wp-content\/uploads\/2025\/03\/ISO-8510-2-180-Degree-Peel-Adhesion-Test-6x12.png 6w\" sizes=\"(max-width: 171px) 100vw, 171px\" \/><\/p>\n<h3>2. Testauslaitteita koskevat vaatimukset<\/h3>\n<ul data-spread=\"false\">\n<li>A <strong>kuorintatestikone<\/strong> (<a href=\"https:\/\/www.qualitester.com\/fi\/tuote\/tst-01-tensile-tester\/\" target=\"_blank\" rel=\"noopener\">vetotestauskone<\/a>) tarvitaan.<\/li>\n<li>Koneen on s\u00e4ilytett\u00e4v\u00e4 <strong>vakio pitoerottelunopeus<\/strong> (tyypillisesti <strong>100 mm\/min \u00b1 10 mm\/min<\/strong>).<\/li>\n<li>Kahvojen on oltava tukevasti kiinni seuraavissa asioissa <strong>j\u00e4yk\u00e4t ja joustavat liima-aineet<\/strong>.<\/li>\n<li>Voimanmittauksen on oltava tarkka <strong>\u00b12%<\/strong>.<\/li>\n<\/ul>\n<h3>3. Testausmenettely<\/h3>\n<ul data-spread=\"false\">\n<li>The <strong>j\u00e4ykk\u00e4 liimaosaine<\/strong> kiinnitet\u00e4\u00e4n koneen kiinte\u00e4\u00e4n kahvaan.<\/li>\n<li>The <strong>joustava liimaosaine<\/strong> on kiinnitetty itsekohdistuvaan otteeseen.<\/li>\n<li>Kone k\u00e4ytt\u00e4\u00e4 voimaa liimatun tason suuntaisesti vet\u00e4m\u00e4ll\u00e4 joustavaa liimaosaa kohti <strong>180 asteen kulma<\/strong>.<\/li>\n<li>Testi jatkuu, kunnes v\u00e4hint\u00e4\u00e4n <strong>125 mm liitospituudesta on irronnut<\/strong>.<\/li>\n<li>Kuorintavoima kirjataan yli <strong>100 mm<\/strong>, lukuun ottamatta ensimm\u00e4ist\u00e4 <strong>25 mm<\/strong>.<\/li>\n<li>Vikaantumistapa (liimautuminen, koheesiovikaantuminen tai tarttumavikaantuminen) merkit\u00e4\u00e4n muistiin.<\/li>\n<\/ul>\n<h3>4. Kuorintatestien tulosten kirjaaminen<\/h3>\n<ul data-spread=\"false\">\n<li>Testiss\u00e4 m\u00e4\u00e4ritet\u00e4\u00e4n <strong>keskim\u00e4\u00e4r\u00e4inen kuorintavoima newtonseina<\/strong> testin pituuden aikana.<\/li>\n<li><strong>Suurimmat ja pienimm\u00e4t voimat<\/strong> tallennetaan.<\/li>\n<li>Tulokset auttavat <strong>liimavalmisteiden vertailu<\/strong> ja <strong>tuotannon johdonmukaisuuden varmistaminen<\/strong>.<\/li>\n<\/ul>\n<h2 data-pm-slice=\"1 3 []\">180 asteen kuorinta- ja tartuntatestin merkitys<\/h2>\n<p>The <strong>180 asteen kuoriutumistesti<\/strong> k\u00e4ytet\u00e4\u00e4n laajalti arvioitaessa <strong>kuorintavastus<\/strong> liimat. Se auttaa valmistajia varmistamaan, ett\u00e4 heid\u00e4n liimatuotteensa t\u00e4ytt\u00e4v\u00e4t teollisuuden suorituskykyodotukset. T\u00e4rkeimpi\u00e4 sovelluksia ovat mm:<\/p>\n<ul data-spread=\"false\">\n<li><strong>Laadunvalvonta<\/strong> pakkauksissa ja l\u00e4\u00e4ketieteellisiss\u00e4 sovelluksissa k\u00e4ytett\u00e4viin liimoihin<\/li>\n<li><strong>Tutkimus ja kehitt\u00e4minen<\/strong> parantaa liimavalmisteita<\/li>\n<li><strong>Vaatimustenmukaisuus<\/strong> kansainv\u00e4listen liimatestausstandardien kanssa<\/li>\n<\/ul>\n<h2>Tarkkuus Peel Test Machine liimanauhan testikoneelle<\/h2>\n<ul data-spread=\"false\">\n<li><strong>Tarkkuus ja tarkkuus<\/strong> (voiman mittaus sis\u00e4ll\u00e4 <strong>2% toleranssi<\/strong>)<\/li>\n<li><strong>S\u00e4\u00e4dett\u00e4v\u00e4t otteen erotuskerrat<\/strong><\/li>\n<li><strong>PLC-ohjaus<\/strong><\/li>\n<li><strong>Tietojen tallennusominaisuudet<\/strong> analyysia varten<\/li>\n<li>Lis\u00e4tietoja <a href=\"https:\/\/www.qualitester.com\/fi\/tuote\/tst-01-tensile-tester\/\" target=\"_blank\" rel=\"noopener\">Kuorinta testikone<\/a>...<\/li>\n<\/ul>\n<p style=\"text-align: center;\"><big><big>Suuren tarkkuuden <a href=\"https:\/\/www.qualitester.com\/fi\/tuote\/tst-01-tensile-tester\/\"><strong>liiman kuorintalujuuden testaus<\/strong><\/a>, yhteyshenkil\u00f6 <a href=\"https:\/\/www.qualitester.com\/fi\/\"><strong>Cell Instruments<\/strong><\/a> t\u00e4n\u00e4\u00e4n!<\/big><\/big><\/p>\n<h2>UKK<\/h2>\n<p><strong>1. Mik\u00e4 on ISO 8510-2?<br \/>\n<\/strong>ISO 8510-2 on kansainv\u00e4linen standardi, jossa m\u00e4\u00e4ritell\u00e4\u00e4n <strong>180 asteen kuoriutumistesti<\/strong> mitata <strong>liiman kuorintalujuus<\/strong>.<\/p>\n<p><strong>2. Miksi 180 asteen kuoriutumistesti on t\u00e4rke\u00e4?<br \/>\n<\/strong>T\u00e4ss\u00e4 testiss\u00e4 arvioidaan <strong>sidoslujuus<\/strong> liimojen osalta, varmistaen, ett\u00e4 ne t\u00e4ytt\u00e4v\u00e4t alan vaatimukset, jotka koskevat <strong>kest\u00e4vyys ja luotettavuus<\/strong>.<\/p>\n<p><strong>3. Mit\u00e4 laitteita tarvitaan ISO 8510-2 -testiss\u00e4?<br \/>\n<\/strong>A <strong>kuorintatestikone<\/strong>, joka kykenee yll\u00e4pit\u00e4m\u00e4\u00e4n tasaisen otteen irtoamisnopeuden, tarkan voimanmittauksen ja turvallisen otteen.<\/p>\n<p><strong>4. Mitk\u00e4 tekij\u00e4t vaikuttavat kuorintalujuuteen t\u00e4ss\u00e4 testiss\u00e4?<br \/>\n<\/strong>Tekij\u00f6it\u00e4 ovat muun muassa <strong>liimatyyppi, pintak\u00e4sittely, liimamateriaali ja testinopeus.<\/strong>.<\/p>\n<p><strong>5. Miss\u00e4 ISO 8510-2 -testi\u00e4 k\u00e4ytet\u00e4\u00e4n?<br \/>\n<\/strong>Yleisi\u00e4 toimialoja ovat <strong>pakkaus-, l\u00e4\u00e4kint\u00e4-, elektroniikka-, auto- ja liimavalmistusala<\/strong>.<\/p>","protected":false},"excerpt":{"rendered":"<p>ISO 8510-2 ISO 8510-2 specifies the 180-degree peel adhesion test for evaluating the adhesive peel strength of bonded materials. This standard is essential in industries such as packaging, medical devices, electronics, and adhesives, where strong and reliable adhesion is crucial. The test provides critical insights into the performance and durability of adhesives by measuring the &hellip;<\/p>\n<p class=\"read-more\"> <a class=\"\" href=\"https:\/\/www.qualitester.com\/fi\/standards\/iso-8510-2\/\"> <span class=\"screen-reader-text\">ISO 8510-2<\/span> Lue lis\u00e4\u00e4 \"<\/a><\/p>","protected":false},"author":4,"featured_media":0,"parent":4948,"menu_order":0,"comment_status":"closed","ping_status":"closed","template":"","meta":{"site-sidebar-layout":"default","site-content-layout":"default","ast-global-header-display":"","ast-main-header-display":"","ast-hfb-above-header-display":"","ast-hfb-below-header-display":"","ast-hfb-mobile-header-display":"","site-post-title":"disabled","ast-breadcrumbs-content":"","ast-featured-img":"","footer-sml-layout":"","theme-transparent-header-meta":"default","adv-header-id-meta":"","stick-header-meta":"","header-above-stick-meta":"","header-main-stick-meta":"","header-below-stick-meta":"","footnotes":""},"class_list":["post-6558","page","type-page","status-publish","hentry"],"_links":{"self":[{"href":"https:\/\/www.qualitester.com\/fi\/wp-json\/wp\/v2\/pages\/6558","targetHints":{"allow":["GET"]}}],"collection":[{"href":"https:\/\/www.qualitester.com\/fi\/wp-json\/wp\/v2\/pages"}],"about":[{"href":"https:\/\/www.qualitester.com\/fi\/wp-json\/wp\/v2\/types\/page"}],"author":[{"embeddable":true,"href":"https:\/\/www.qualitester.com\/fi\/wp-json\/wp\/v2\/users\/4"}],"replies":[{"embeddable":true,"href":"https:\/\/www.qualitester.com\/fi\/wp-json\/wp\/v2\/comments?post=6558"}],"version-history":[{"count":0,"href":"https:\/\/www.qualitester.com\/fi\/wp-json\/wp\/v2\/pages\/6558\/revisions"}],"up":[{"embeddable":true,"href":"https:\/\/www.qualitester.com\/fi\/wp-json\/wp\/v2\/pages\/4948"}],"wp:attachment":[{"href":"https:\/\/www.qualitester.com\/fi\/wp-json\/wp\/v2\/media?parent=6558"}],"curies":[{"name":"wp","href":"https:\/\/api.w.org\/{rel}","templated":true}]}}