{"id":6549,"date":"2025-03-12T14:29:53","date_gmt":"2025-03-12T06:29:53","guid":{"rendered":"https:\/\/www.qualitester.com\/?page_id=6549"},"modified":"2025-03-12T14:35:27","modified_gmt":"2025-03-12T06:35:27","slug":"astm-f2054","status":"publish","type":"page","link":"https:\/\/www.qualitester.com\/fi\/standards\/astm-f2054\/","title":{"rendered":"ASTM F2054"},"content":{"rendered":"<h2 data-pm-slice=\"1 1 []\">Mik\u00e4 on murtumisvoima?<\/h2>\n<p data-pm-slice=\"1 1 []\">Pakkauksilla on ratkaiseva merkitys elintarvikkeiden suojaamisessa saastumiselta ja pilaantumiselta. Yksi joustavien elintarvikepakkausten t\u00e4rkeimmist\u00e4 suorituskykyindikaattoreista on seuraava. <strong>murtumislujuus<\/strong>, joka mittaa pakkauksen suurimman sis\u00e4isen paineen, jonka se kest\u00e4\u00e4 ennen repeytymist\u00e4\u00e4n. . <strong>tiivisteen murtolujuuden testi<\/strong>, joka on m\u00e4\u00e4ritelty seuraavasti <a href=\"https:\/\/www.qualitester.com\/fi\/tuote-osasto-2\/astm\/astm-f2054\/\" target=\"_blank\" rel=\"noopener\"><strong>ASTM F2054<\/strong><\/a>, arvioi joustavien pakkausten tiivisteiden kest\u00e4vyytt\u00e4 ja eheytt\u00e4 vuotojen ja vikojen est\u00e4miseksi k\u00e4sittelyn, varastoinnin ja kuljetuksen aikana.<\/p>\n<h2 data-pm-slice=\"1 3 []\">Yleiskatsaus ASTM F2054:\u00e4\u00e4n<\/h2>\n<p><strong>ASTM F2054<\/strong> on standardoitu testimenetelm\u00e4, joka on suunniteltu suljettujen taipuisien pakkausten murtolujuuden arviointiin. T\u00e4ll\u00e4 testimenetelm\u00e4ll\u00e4 m\u00e4\u00e4ritet\u00e4\u00e4n sis\u00e4inen paine, jossa pakkaus murtuu, tyypillisesti tiivisteen heikoimmasta kohdasta. ASTM F2054 auttaa valmistajia varmistamaan, ett\u00e4 pakkausten rakenteellinen eheys s\u00e4ilyy paineen vaihteluissa, kun niihin kohdistetaan hallittua ilmanpainetta.<\/p>\n<h3>Testausm\u00e4\u00e4ritykset<\/h3>\n<p>ASTM F2054:ss\u00e4 kuvataan kaksi testirakennetta, jotka perustuvat pakkauksen tiivistysolosuhteisiin:<\/p>\n<figure id=\"attachment_6543\" aria-describedby=\"caption-attachment-6543\" style=\"width: 600px\" class=\"wp-caption aligncenter\"><a href=\"https:\/\/www.qualitester.com\/fi\/tuote\/best-balloon-burst-tester-for-sale\/\"><img fetchpriority=\"high\" decoding=\"async\" class=\"wp-image-6543 size-full\" src=\"https:\/\/www.qualitester.com\/wp-content\/uploads\/2025\/03\/ASTM-F2054.webp\" alt=\"ASTM F2054\" width=\"600\" height=\"400\" srcset=\"https:\/\/www.qualitester.com\/wp-content\/uploads\/2025\/03\/ASTM-F2054.webp 600w, https:\/\/www.qualitester.com\/wp-content\/uploads\/2025\/03\/ASTM-F2054-300x200.webp 300w, https:\/\/www.qualitester.com\/wp-content\/uploads\/2025\/03\/ASTM-F2054-18x12.webp 18w\" sizes=\"(max-width: 600px) 100vw, 600px\" \/><\/a><figcaption id=\"caption-attachment-6543\" class=\"wp-caption-text\"><a href=\"https:\/\/www.qualitester.com\/fi\/tuote-osasto-2\/astm\/astm-f2054\/\" target=\"_blank\" rel=\"noopener\">ASTM F2054 Tiivisteen murtumislujuuden testauskokoonpano<\/a><\/figcaption><\/figure>\n<ul data-spread=\"false\">\n<li><strong>Avoin paketin konfigurointi<\/strong>: Pakkaus on sinet\u00f6ity kolmelta puolelta, ja yksi puoli on auki. T\u00e4t\u00e4 kokoonpanoa k\u00e4ytet\u00e4\u00e4n p\u00e4\u00e4asiassa valmistuksen alkuvaiheessa.<\/li>\n<li><strong>Suljetun pakkauksen kokoonpano<\/strong>: Pakkaus on t\u00e4ysin suljettu kaikilta nelj\u00e4lt\u00e4 sivulta, mik\u00e4 mahdollistaa lopputuotteen testaamisen.<\/li>\n<\/ul>\n<h2>ASTM F2054:n merkitys pakkausten laadunvarmistuksessa<\/h2>\n<ol>\n<li><strong>Paketin eheyden parantaminen<br \/>\n<\/strong>ASTM F2054 -standardin ensisijaisena tavoitteena on varmistaa, ett\u00e4 joustavat pakkaukset kest\u00e4v\u00e4t paineenvaihtelut ilman, ett\u00e4 tiiviste pett\u00e4\u00e4. T\u00e4m\u00e4 on erityisen t\u00e4rke\u00e4\u00e4 elintarvikepakkauksissa, joissa vuodot voivat johtaa saastumiseen ja pilaantumiseen.<\/li>\n<li><strong>Turvallisuusstandardien noudattaminen<br \/>\n<\/strong>Noudattamalla ASTM F2054 -standardia valmistajat voivat yhdenmukaistaa pakkausprosessinsa s\u00e4\u00e4ntelyn ja laadunvarmistuksen vaatimusten kanssa. T\u00e4m\u00e4 vaatimustenmukaisuus auttaa ehk\u00e4isem\u00e4\u00e4n palautuksia ja asiakasvalituksia.<\/li>\n<li><strong>Suorituskyvyn arviointi<br \/>\n<\/strong>Testi antaa arvokasta tietoa seuraavista asioista <strong>v\u00e4himm\u00e4ismurtolujuus<\/strong>, joka auttaa valmistajia optimoimaan pakkaussuunnittelua, materiaalivalintoja ja tiivistysprosesseja.<\/li>\n<li><strong>Tiivistevikojen ehk\u00e4iseminen jakelun aikana<br \/>\n<\/strong>Paineen vaihtelut tapahtuvat <strong>kuljetus, varastointi ja sterilointi<\/strong>. ASTM F2054 varmistaa, ett\u00e4 pakkaukset kest\u00e4v\u00e4t n\u00e4m\u00e4 muutokset, mik\u00e4 v\u00e4hent\u00e4\u00e4 kuljetuksen aikana tapahtuvien vuotojen tai puhkeamisten riski\u00e4.<\/li>\n<\/ol>\n<h2>ASTM F2054 Testimenetelm\u00e4 ja -menettely<\/h2>\n<h3><strong>Laitteita koskevat vaatimukset<\/strong><\/h3>\n<p><a href=\"https:\/\/www.qualitester.com\/fi\/tuote\/best-balloon-burst-tester-for-sale\/\" target=\"_blank\" rel=\"noopener\"><strong>Tiivisteen murtumislujuuden testauslaitteet<\/strong><\/a>, tarvitaan seuraavat laitteet:<\/p>\n<ul data-spread=\"false\">\n<li><strong>Ilman sy\u00f6tt\u00f6 ja paineens\u00e4\u00e4din<\/strong>: Tuottaa tarvittavan ilmanpaineen pakkauksen sis\u00e4lle.<\/li>\n<li><strong>Paineentunnistusmekanismi<\/strong>: Tunnistaa sis\u00e4isen paineen murtumispisteess\u00e4.<\/li>\n<li><strong>Rajoituslevyt<\/strong>: Kaksi j\u00e4ykk\u00e4\u00e4, yhdensuuntaista levy\u00e4, jotka rajoittavat pakkauksen laajenemista ja j\u00e4tt\u00e4v\u00e4t tiivisteen alueen vapaaksi.<\/li>\n<li><strong>Paineistussuutin<\/strong>: Lis\u00e4\u00e4 ilmaa pakkaukseen sis\u00e4isen paineen luomiseksi.<\/li>\n<\/ul>\n<h3><strong>Testausvaiheet<\/strong><\/h3>\n<h4><strong>1. N\u00e4ytteen valmistelu<\/strong><\/h4>\n<ul data-spread=\"false\">\n<li>Pakkaus on pidett\u00e4v\u00e4 kunnossa v\u00e4hint\u00e4\u00e4n <strong>72 tuntia<\/strong> ennen testausta vakio-olosuhteissa.<\/li>\n<li>Pakkauksen tekniset tiedot, mukaan lukien materiaalityyppi, tiivisteen kokoonpano ja mitat.<\/li>\n<\/ul>\n<h4><strong>2. Avoimen pakkauksen testi<\/strong><\/h4>\n<ul data-spread=\"false\">\n<li>Ty\u00f6nn\u00e4 pakkaus kiinnityslevyjen v\u00e4liin siten, ett\u00e4 kiinnitt\u00e4m\u00e4tt\u00f6m\u00e4t alueet ovat mahdollisimman pienet.<\/li>\n<li>Aseta paineistussuutin pakkauksen avoimeen p\u00e4\u00e4h\u00e4n.<\/li>\n<li>Sulje avoin p\u00e4\u00e4 kiristysmekanismilla, jotta varmistetaan ilmatiivis istuvuus.<\/li>\n<li>Lis\u00e4\u00e4 sis\u00e4ist\u00e4 painetta v\u00e4hitellen, kunnes pakkaus puhkeaa.<\/li>\n<li>Tallenna <strong>murtumispaine<\/strong> arvo.<\/li>\n<\/ul>\n<h4><strong>3. Suljetun pakkauksen testi<\/strong><\/h4>\n<ul data-spread=\"false\">\n<li>Aseta t\u00e4ysin suljettu pakkaus turvalevyjen sis\u00e4\u00e4n.<\/li>\n<li>Ty\u00f6nn\u00e4 painesuutin pakkauksessa olevan rei\u00e4n l\u00e4pi.<\/li>\n<li>Lis\u00e4\u00e4 sis\u00e4ist\u00e4 painetta v\u00e4hitellen, kunnes se repe\u00e4\u00e4.<\/li>\n<li>Tallenna <strong>murtumispaine<\/strong> ja vikaantumispaikka.<\/li>\n<\/ul>\n<h2>Testituloksiin vaikuttavat keskeiset tekij\u00e4t<\/h2>\n<ul data-spread=\"false\">\n<li><strong>Materiaali ja tiivisteen laatu<\/strong>: Materiaalien ja tiivistystekniikoiden vaihtelut voivat vaikuttaa murtolujuuteen.<\/li>\n<li><strong>Ymp\u00e4rist\u00f6olosuhteet<\/strong>: L\u00e4mp\u00f6tila ja kosteus voivat vaikuttaa pakkauksen toimintaan.<\/li>\n<li><strong>Testilaitteiden parametrit<\/strong>: Erot ilmavirran nopeudessa, anturin herkkyydess\u00e4 ja rajoituslevyn j\u00e4ykkyydess\u00e4 voivat vaikuttaa tuloksiin.<\/li>\n<\/ul>","protected":false},"excerpt":{"rendered":"<p>Mik\u00e4 on murtumisvoima? Pakkauksilla on ratkaiseva merkitys elintarvikkeiden suojaamisessa saastumiselta ja pilaantumiselta. Yksi joustavien elintarvikepakkausten t\u00e4rkeimmist\u00e4 suorituskykyindikaattoreista on murtumislujuus, joka mittaa suurinta sis\u00e4ist\u00e4 painetta, jonka pakkaus kest\u00e4\u00e4 ennen murtumista. ASTM F2054:n m\u00e4\u00e4rittelem\u00e4ss\u00e4 tiivisteen murtumislujuuskokeessa arvioidaan kest\u00e4vyytt\u00e4 ...<\/p>\n<p class=\"read-more\"> <a class=\"\" href=\"https:\/\/www.qualitester.com\/fi\/standards\/astm-f2054\/\"> <span class=\"screen-reader-text\">ASTM F2054<\/span> Lue lis\u00e4\u00e4 \"<\/a><\/p>","protected":false},"author":4,"featured_media":6543,"parent":4948,"menu_order":0,"comment_status":"closed","ping_status":"closed","template":"","meta":{"site-sidebar-layout":"default","site-content-layout":"default","ast-global-header-display":"","ast-main-header-display":"","ast-hfb-above-header-display":"","ast-hfb-below-header-display":"","ast-hfb-mobile-header-display":"","site-post-title":"","ast-breadcrumbs-content":"","ast-featured-img":"disabled","footer-sml-layout":"","theme-transparent-header-meta":"default","adv-header-id-meta":"","stick-header-meta":"","header-above-stick-meta":"","header-main-stick-meta":"","header-below-stick-meta":"","footnotes":""},"class_list":["post-6549","page","type-page","status-publish","has-post-thumbnail","hentry"],"_links":{"self":[{"href":"https:\/\/www.qualitester.com\/fi\/wp-json\/wp\/v2\/pages\/6549","targetHints":{"allow":["GET"]}}],"collection":[{"href":"https:\/\/www.qualitester.com\/fi\/wp-json\/wp\/v2\/pages"}],"about":[{"href":"https:\/\/www.qualitester.com\/fi\/wp-json\/wp\/v2\/types\/page"}],"author":[{"embeddable":true,"href":"https:\/\/www.qualitester.com\/fi\/wp-json\/wp\/v2\/users\/4"}],"replies":[{"embeddable":true,"href":"https:\/\/www.qualitester.com\/fi\/wp-json\/wp\/v2\/comments?post=6549"}],"version-history":[{"count":0,"href":"https:\/\/www.qualitester.com\/fi\/wp-json\/wp\/v2\/pages\/6549\/revisions"}],"up":[{"embeddable":true,"href":"https:\/\/www.qualitester.com\/fi\/wp-json\/wp\/v2\/pages\/4948"}],"wp:featuredmedia":[{"embeddable":true,"href":"https:\/\/www.qualitester.com\/fi\/wp-json\/wp\/v2\/media\/6543"}],"wp:attachment":[{"href":"https:\/\/www.qualitester.com\/fi\/wp-json\/wp\/v2\/media?parent=6549"}],"curies":[{"name":"wp","href":"https:\/\/api.w.org\/{rel}","templated":true}]}}