{"id":4999,"date":"2024-10-03T13:41:30","date_gmt":"2024-10-03T05:41:30","guid":{"rendered":"https:\/\/www.qualitester.com\/?page_id=4999"},"modified":"2024-11-28T10:04:17","modified_gmt":"2024-11-28T02:04:17","slug":"blog","status":"publish","type":"page","link":"https:\/\/www.qualitester.com\/fi\/blog\/","title":{"rendered":"Blogi"},"content":{"rendered":"<div data-elementor-type=\"wp-page\" data-elementor-id=\"4999\" class=\"elementor elementor-4999\" data-elementor-post-type=\"page\">\n\t\t\t\t<div class=\"elementor-element elementor-element-665610e3 e-flex e-con-boxed e-con e-parent\" data-id=\"665610e3\" data-element_type=\"container\" data-settings=\"{&quot;background_background&quot;:&quot;classic&quot;}\">\n\t\t\t\t\t<div class=\"e-con-inner\">\n\t\t<div class=\"elementor-element elementor-element-5723a97a e-flex e-con-boxed e-con e-child\" data-id=\"5723a97a\" data-element_type=\"container\">\n\t\t\t\t\t<div class=\"e-con-inner\">\n\t\t\t\t<div class=\"elementor-element elementor-element-626984f0 elementor-widget elementor-widget-heading\" data-id=\"626984f0\" data-element_type=\"widget\" data-widget_type=\"heading.default\">\n\t\t\t\t<div class=\"elementor-widget-container\">\n\t\t\t<h1 class=\"elementor-heading-title elementor-size-default\">Materiaalin laadun testaajan blogi <\/h1>\t\t<\/div>\n\t\t\t\t<\/div>\n\t\t\t\t<div class=\"elementor-element elementor-element-52544a1b elementor-widget__width-inherit elementor-widget elementor-widget-text-editor\" data-id=\"52544a1b\" data-element_type=\"widget\" data-widget_type=\"text-editor.default\">\n\t\t\t\t<div class=\"elementor-widget-container\">\n\t\t\t\t\t\t\t<p>T\u00e4\u00e4lt\u00e4 voit lukea Cell Instrumentsin innovaatioista ja ratkaisuista materiaalien testausmenetelmiss\u00e4.<\/p>\t\t\t\t\t\t<\/div>\n\t\t\t\t<\/div>\n\t\t\t\t<div class=\"elementor-element elementor-element-0adf485 elementor-button-success elementor-invisible elementor-widget elementor-widget-button\" data-id=\"0adf485\" data-element_type=\"widget\" data-settings=\"{&quot;_animation&quot;:&quot;zoomIn&quot;}\" data-widget_type=\"button.default\">\n\t\t\t\t<div class=\"elementor-widget-container\">\n\t\t\t\t\t\t\t<div class=\"elementor-button-wrapper\">\n\t\t\t\t\t<a class=\"elementor-button elementor-button-link elementor-size-sm\" href=\"#elementor-action%3Aaction%3Dpopup%3Aopen%26settings%3DeyJpZCI6IjUwMTgiLCJ0b2dnbGUiOmZhbHNlfQ%3D%3D\">\n\t\t\t\t\t\t<span class=\"elementor-button-content-wrapper\">\n\t\t\t\t\t\t\t\t\t<span class=\"elementor-button-text\">Testimenetelm\u00e4n pyyt\u00e4minen<\/span>\n\t\t\t\t\t<\/span>\n\t\t\t\t\t<\/a>\n\t\t\t\t<\/div>\n\t\t\t\t\t\t<\/div>\n\t\t\t\t<\/div>\n\t\t\t\t\t<\/div>\n\t\t\t\t<\/div>\n\t\t\t\t\t<\/div>\n\t\t\t\t<\/div>\n\t\t<div class=\"elementor-element elementor-element-5a9448d e-flex e-con-boxed e-con e-parent\" data-id=\"5a9448d\" data-element_type=\"container\">\n\t\t\t\t\t<div class=\"e-con-inner\">\n\t\t\t\t<div class=\"elementor-element elementor-element-1a69631 elementor-grid-3 elementor-grid-tablet-2 elementor-grid-mobile-1 elementor-posts--thumbnail-top elementor-posts--show-avatar elementor-card-shadow-yes elementor-posts__hover-gradient elementor-widget elementor-widget-posts\" data-id=\"1a69631\" data-element_type=\"widget\" data-settings=\"{&quot;pagination_type&quot;:&quot;prev_next&quot;,&quot;cards_columns&quot;:&quot;3&quot;,&quot;cards_columns_tablet&quot;:&quot;2&quot;,&quot;cards_columns_mobile&quot;:&quot;1&quot;,&quot;cards_row_gap&quot;:{&quot;unit&quot;:&quot;px&quot;,&quot;size&quot;:35,&quot;sizes&quot;:[]},&quot;cards_row_gap_tablet&quot;:{&quot;unit&quot;:&quot;px&quot;,&quot;size&quot;:&quot;&quot;,&quot;sizes&quot;:[]},&quot;cards_row_gap_mobile&quot;:{&quot;unit&quot;:&quot;px&quot;,&quot;size&quot;:&quot;&quot;,&quot;sizes&quot;:[]}}\" data-widget_type=\"posts.cards\">\n\t\t\t\t<div class=\"elementor-widget-container\">\n\t\t\t\t\t<div class=\"elementor-posts-container elementor-posts elementor-posts--skin-cards elementor-grid\">\n\t\t\t\t<article class=\"elementor-post elementor-grid-item post-7407 post type-post status-publish format-standard hentry category-test-method\">\n\t\t\t<div class=\"elementor-post__card\">\n\t\t\t\t<div class=\"elementor-post__text\">\n\t\t\t\t<h3 class=\"elementor-post__title\">\n\t\t\t<a href=\"https:\/\/www.qualitester.com\/fi\/drop-weight-test\/\">\n\t\t\t\tPudotuspainotesti: ASTM D3420 Iskunkest\u00e4vyyden arviointi\t\t\t<\/a>\n\t\t<\/h3>\n\t\t\t\t<div class=\"elementor-post__excerpt\">\n\t\t\t<p>Pudotuspainotesti on laajalti k\u00e4ytetty menetelm\u00e4 muovikalvojen, laminaattien ja joustavien pakkausmateriaalien iskunkest\u00e4vyyden arvioimiseksi. Pudottamalla<\/p>\n\t\t<\/div>\n\t\t\t\t\t<div class=\"elementor-post__read-more-wrapper\">\n\t\t\n\t\t<a class=\"elementor-post__read-more\" href=\"https:\/\/www.qualitester.com\/fi\/drop-weight-test\/\" aria-label=\"Read more about Drop Weight Test: ASTM D3420 Impact Resistance Evaluation\" tabindex=\"-1\" target=\"_blank\">\n\t\t\tLue lis\u00e4\u00e4 \"\t\t<\/a>\n\n\t\t\t\t\t<\/div>\n\t\t\t\t<\/div>\n\t\t\t\t\t<\/div>\n\t\t<\/article>\n\t\t\t\t<article class=\"elementor-post elementor-grid-item post-7390 post type-post status-publish format-standard hentry category-test-method\">\n\t\t\t<div class=\"elementor-post__card\">\n\t\t\t\t<div class=\"elementor-post__text\">\n\t\t\t\t<h3 class=\"elementor-post__title\">\n\t\t\t<a href=\"https:\/\/www.qualitester.com\/fi\/bottle-wall-thickness-guide\/\">\n\t\t\t\tPullon sein\u00e4m\u00e4n paksuusopas pakkausten laatua varten\t\t\t<\/a>\n\t\t<\/h3>\n\t\t\t\t<div class=\"elementor-post__excerpt\">\n\t\t\t<p>Pakkauksilla on ratkaiseva merkitys tuotteiden turvallisuuden, vakauden ja kuluttajien tyytyv\u00e4isyyden varmistamisessa. Pullojen sein\u00e4m\u00e4n paksuus on yksi monista laatuparametreista.<\/p>\n\t\t<\/div>\n\t\t\t\t\t<div class=\"elementor-post__read-more-wrapper\">\n\t\t\n\t\t<a class=\"elementor-post__read-more\" href=\"https:\/\/www.qualitester.com\/fi\/bottle-wall-thickness-guide\/\" aria-label=\"Read more about Bottle Wall Thickness Guide for Packaging Quality\" tabindex=\"-1\" target=\"_blank\">\n\t\t\tLue lis\u00e4\u00e4 \"\t\t<\/a>\n\n\t\t\t\t\t<\/div>\n\t\t\t\t<\/div>\n\t\t\t\t\t<\/div>\n\t\t<\/article>\n\t\t\t\t<article class=\"elementor-post elementor-grid-item post-7373 post type-post status-publish format-standard hentry category-test-method\">\n\t\t\t<div class=\"elementor-post__card\">\n\t\t\t\t<div class=\"elementor-post__text\">\n\t\t\t\t<h3 class=\"elementor-post__title\">\n\t\t\t<a href=\"https:\/\/www.qualitester.com\/fi\/shrinkage-films-tester\/\">\n\t\t\t\tT\u00e4ydellinen opas kutistumiskalvojen testauslaitteeseen ASTM D2732:n mukaan.\t\t\t<\/a>\n\t\t<\/h3>\n\t\t\t\t<div class=\"elementor-post__excerpt\">\n\t\t\t<p>&nbsp; L\u00e4mp\u00f6kutistuma on yksi joustavissa pakkauksissa k\u00e4ytett\u00e4vien muovikalvojen kriittisimmist\u00e4 suorituskykyparametreista. Olipa kyse sitten elintarvike-, l\u00e4\u00e4ke- tai elektroniikkapakkauksista<\/p>\n\t\t<\/div>\n\t\t\t\t\t<div class=\"elementor-post__read-more-wrapper\">\n\t\t\n\t\t<a class=\"elementor-post__read-more\" href=\"https:\/\/www.qualitester.com\/fi\/shrinkage-films-tester\/\" aria-label=\"Read more about Complete Guide to Shrinkage Films Tester According to ASTM D2732\" tabindex=\"-1\" target=\"_blank\">\n\t\t\tLue lis\u00e4\u00e4 \"\t\t<\/a>\n\n\t\t\t\t\t<\/div>\n\t\t\t\t<\/div>\n\t\t\t\t\t<\/div>\n\t\t<\/article>\n\t\t\t\t<article class=\"elementor-post elementor-grid-item post-7362 post type-post status-publish format-standard hentry category-test-method\">\n\t\t\t<div class=\"elementor-post__card\">\n\t\t\t\t<div class=\"elementor-post__text\">\n\t\t\t\t<h3 class=\"elementor-post__title\">\n\t\t\t<a href=\"https:\/\/www.qualitester.com\/fi\/shrinkage-tester\/\">\n\t\t\t\tKutistumistesteri ja kumimateriaalien testauksen kriittinen rooli\t\t\t<\/a>\n\t\t<\/h3>\n\t\t\t\t<div class=\"elementor-post__excerpt\">\n\t\t\t<p>0Kumipohjaisten tuotteiden valmistuksessa ja laadunvarmistuksessa on ratkaisevan t\u00e4rke\u00e4\u00e4 valvoa, miten materiaalit reagoivat l\u00e4mp\u00f6\u00f6n. Kutistumistestauslaitteella on keskeinen rooli.<\/p>\n\t\t<\/div>\n\t\t\t\t\t<div class=\"elementor-post__read-more-wrapper\">\n\t\t\n\t\t<a class=\"elementor-post__read-more\" href=\"https:\/\/www.qualitester.com\/fi\/shrinkage-tester\/\" aria-label=\"Read more about Shrinkage Tester and the Critical Role of Rubber Materials Testing\" tabindex=\"-1\" target=\"_blank\">\n\t\t\tLue lis\u00e4\u00e4 \"\t\t<\/a>\n\n\t\t\t\t\t<\/div>\n\t\t\t\t<\/div>\n\t\t\t\t\t<\/div>\n\t\t<\/article>\n\t\t\t\t<article class=\"elementor-post elementor-grid-item post-7344 post type-post status-publish format-standard hentry category-test-method\">\n\t\t\t<div class=\"elementor-post__card\">\n\t\t\t\t<div class=\"elementor-post__text\">\n\t\t\t\t<h3 class=\"elementor-post__title\">\n\t\t\t<a href=\"https:\/\/www.qualitester.com\/fi\/stiffness-tester\/\">\n\t\t\t\tJ\u00e4ykkyystesterin k\u00e4yt\u00f6n hallinta ISO 2493-1 -paperin testauksessa\t\t\t<\/a>\n\t\t<\/h3>\n\t\t\t\t<div class=\"elementor-post__excerpt\">\n\t\t\t<p>Johdanto: J\u00e4ykkyysmittarilla on ratkaiseva rooli paperin, kartongin ja vastaavien levyjen laadunvalvonnassa.<\/p>\n\t\t<\/div>\n\t\t\t\t\t<div class=\"elementor-post__read-more-wrapper\">\n\t\t\n\t\t<a class=\"elementor-post__read-more\" href=\"https:\/\/www.qualitester.com\/fi\/stiffness-tester\/\" aria-label=\"Read more about Mastering Stiffness Tester Use for ISO 2493-1 Paper Testing\" tabindex=\"-1\" target=\"_blank\">\n\t\t\tLue lis\u00e4\u00e4 \"\t\t<\/a>\n\n\t\t\t\t\t<\/div>\n\t\t\t\t<\/div>\n\t\t\t\t\t<\/div>\n\t\t<\/article>\n\t\t\t\t<article class=\"elementor-post elementor-grid-item post-7246 post type-post status-publish format-standard hentry category-test-method\">\n\t\t\t<div class=\"elementor-post__card\">\n\t\t\t\t<div class=\"elementor-post__text\">\n\t\t\t\t<h3 class=\"elementor-post__title\">\n\t\t\t<a href=\"https:\/\/www.qualitester.com\/fi\/tablet-hardness-test\/\">\n\t\t\t\tTabletin kovuuden testaus\t\t\t<\/a>\n\t\t<\/h3>\n\t\t\t\t<div class=\"elementor-post__excerpt\">\n\t\t\t<p>Tablettien kovuuskoe Tablettien kovuuskoe on l\u00e4\u00e4keteollisuudessa k\u00e4ytett\u00e4v\u00e4 laadunvalvonnan perusmenetelm\u00e4, jolla m\u00e4\u00e4ritet\u00e4\u00e4n tablettien mekaaninen lujuus.<\/p>\n\t\t<\/div>\n\t\t\t\t\t<div class=\"elementor-post__read-more-wrapper\">\n\t\t\n\t\t<a class=\"elementor-post__read-more\" href=\"https:\/\/www.qualitester.com\/fi\/tablet-hardness-test\/\" aria-label=\"Read more about Tablet Hardness Test\" tabindex=\"-1\" target=\"_blank\">\n\t\t\tLue lis\u00e4\u00e4 \"\t\t<\/a>\n\n\t\t\t\t\t<\/div>\n\t\t\t\t<\/div>\n\t\t\t\t\t<\/div>\n\t\t<\/article>\n\t\t\t\t<article class=\"elementor-post elementor-grid-item post-7177 post type-post status-publish format-standard hentry category-test-method\">\n\t\t\t<div class=\"elementor-post__card\">\n\t\t\t\t<div class=\"elementor-post__text\">\n\t\t\t\t<h3 class=\"elementor-post__title\">\n\t\t\t<a href=\"https:\/\/www.qualitester.com\/fi\/ampoule-fracture\/\">\n\t\t\t\tMiksi ampullien lujuuden testaus on t\u00e4rke\u00e4\u00e4 turvallisen l\u00e4\u00e4kepakkauksen kannalta?\t\t\t<\/a>\n\t\t<\/h3>\n\t\t\t\t<div class=\"elementor-post__excerpt\">\n\t\t\t<p>Why Ampoule FractureStrength Testing Is Important for Safe Pharmaceutical Packaging In the pharmaceutical industry, the reliability of packaging is as crucial as the medication itself.<\/p>\n\t\t<\/div>\n\t\t\t\t\t<div class=\"elementor-post__read-more-wrapper\">\n\t\t\n\t\t<a class=\"elementor-post__read-more\" href=\"https:\/\/www.qualitester.com\/fi\/ampoule-fracture\/\" aria-label=\"Read more about Why Ampoule Strength Testing Is Important for Safe Pharmaceutical Packaging\" tabindex=\"-1\" target=\"_blank\">\n\t\t\tLue lis\u00e4\u00e4 \"\t\t<\/a>\n\n\t\t\t\t\t<\/div>\n\t\t\t\t<\/div>\n\t\t\t\t\t<\/div>\n\t\t<\/article>\n\t\t\t\t<article class=\"elementor-post elementor-grid-item post-7139 post type-post status-publish format-standard hentry category-test-method\">\n\t\t\t<div class=\"elementor-post__card\">\n\t\t\t\t<div class=\"elementor-post__text\">\n\t\t\t\t<h3 class=\"elementor-post__title\">\n\t\t\t<a href=\"https:\/\/www.qualitester.com\/fi\/infusion-bag-compression-test\/\">\n\t\t\t\tInfusion Bag Compression Test\t\t\t<\/a>\n\t\t<\/h3>\n\t\t\t\t<div class=\"elementor-post__excerpt\">\n\t\t\t<p>Ensuring the structural integrity of medical packaging is a priority in today\u2019s healthcare and pharmaceutical industries. Among these, the infusion bag compression test plays a<\/p>\n\t\t<\/div>\n\t\t\t\t\t<div class=\"elementor-post__read-more-wrapper\">\n\t\t\n\t\t<a class=\"elementor-post__read-more\" href=\"https:\/\/www.qualitester.com\/fi\/infusion-bag-compression-test\/\" aria-label=\"Read more about Infusion Bag Compression Test\" tabindex=\"-1\" target=\"_blank\">\n\t\t\tLue lis\u00e4\u00e4 \"\t\t<\/a>\n\n\t\t\t\t\t<\/div>\n\t\t\t\t<\/div>\n\t\t\t\t\t<\/div>\n\t\t<\/article>\n\t\t\t\t<article class=\"elementor-post elementor-grid-item post-7090 post type-post status-publish format-standard hentry category-test-method\">\n\t\t\t<div class=\"elementor-post__card\">\n\t\t\t\t<div class=\"elementor-post__text\">\n\t\t\t\t<h3 class=\"elementor-post__title\">\n\t\t\t<a href=\"https:\/\/www.qualitester.com\/fi\/package-compression-test\/\">\n\t\t\t\tPackage Compression Test\t\t\t<\/a>\n\t\t<\/h3>\n\t\t\t\t<div class=\"elementor-post__excerpt\">\n\t\t\t<p>Packaging quality directly impacts product safety and consumer trust, especially in sensitive fields like pharmaceuticals. The package compression test is a fundamental method to evaluate<\/p>\n\t\t<\/div>\n\t\t\t\t\t<div class=\"elementor-post__read-more-wrapper\">\n\t\t\n\t\t<a class=\"elementor-post__read-more\" href=\"https:\/\/www.qualitester.com\/fi\/package-compression-test\/\" aria-label=\"Read more about Package Compression Test\" tabindex=\"-1\" target=\"_blank\">\n\t\t\tLue lis\u00e4\u00e4 \"\t\t<\/a>\n\n\t\t\t\t\t<\/div>\n\t\t\t\t<\/div>\n\t\t\t\t\t<\/div>\n\t\t<\/article>\n\t\t\t\t<article class=\"elementor-post elementor-grid-item post-6872 post type-post status-publish format-standard hentry category-test-method\">\n\t\t\t<div class=\"elementor-post__card\">\n\t\t\t\t<div class=\"elementor-post__text\">\n\t\t\t\t<h3 class=\"elementor-post__title\">\n\t\t\t<a href=\"https:\/\/www.qualitester.com\/fi\/elmendorf-tear-test\/\">\n\t\t\t\tElmendorf Tear Test\t\t\t<\/a>\n\t\t<\/h3>\n\t\t\t\t<div class=\"elementor-post__excerpt\">\n\t\t\t<p>Elmendorf Tear Test In packaging, printing, and flexible materials industries, the Elmendorf tear test plays a critical role in evaluating the durability and performance of<\/p>\n\t\t<\/div>\n\t\t\t\t\t<div class=\"elementor-post__read-more-wrapper\">\n\t\t\n\t\t<a class=\"elementor-post__read-more\" href=\"https:\/\/www.qualitester.com\/fi\/elmendorf-tear-test\/\" aria-label=\"Read more about Elmendorf Tear Test\" tabindex=\"-1\" target=\"_blank\">\n\t\t\tLue lis\u00e4\u00e4 \"\t\t<\/a>\n\n\t\t\t\t\t<\/div>\n\t\t\t\t<\/div>\n\t\t\t\t\t<\/div>\n\t\t<\/article>\n\t\t\t\t<article class=\"elementor-post elementor-grid-item post-6896 post type-post status-publish format-standard hentry category-test-method\">\n\t\t\t<div class=\"elementor-post__card\">\n\t\t\t\t<div class=\"elementor-post__text\">\n\t\t\t\t<h3 class=\"elementor-post__title\">\n\t\t\t<a href=\"https:\/\/www.qualitester.com\/fi\/plastic-tensile-strength-test\/\">\n\t\t\t\tPlastic Tensile Strength Test\t\t\t<\/a>\n\t\t<\/h3>\n\t\t\t\t<div class=\"elementor-post__excerpt\">\n\t\t\t<p>Film packaging materials play a critical role in maintaining product integrity across industries like food, pharmaceuticals, and consumer goods. One of the most essential evaluations<\/p>\n\t\t<\/div>\n\t\t\t\t\t<div class=\"elementor-post__read-more-wrapper\">\n\t\t\n\t\t<a class=\"elementor-post__read-more\" href=\"https:\/\/www.qualitester.com\/fi\/plastic-tensile-strength-test\/\" aria-label=\"Read more about Plastic Tensile Strength Test\" tabindex=\"-1\" target=\"_blank\">\n\t\t\tLue lis\u00e4\u00e4 \"\t\t<\/a>\n\n\t\t\t\t\t<\/div>\n\t\t\t\t<\/div>\n\t\t\t\t\t<\/div>\n\t\t<\/article>\n\t\t\t\t<article class=\"elementor-post elementor-grid-item post-6792 post type-post status-publish format-standard hentry category-test-method\">\n\t\t\t<div class=\"elementor-post__card\">\n\t\t\t\t<div class=\"elementor-post__text\">\n\t\t\t\t<h3 class=\"elementor-post__title\">\n\t\t\t<a href=\"https:\/\/www.qualitester.com\/fi\/how-to-measure-carbonation\/\">\n\t\t\t\tHow to Measure Carbonation\t\t\t<\/a>\n\t\t<\/h3>\n\t\t\t\t<div class=\"elementor-post__excerpt\">\n\t\t\t<p>How to Measure Carbonation How to measure carbonation accurately is a key concern in the beverage industry, where product quality, shelf life, and consumer satisfaction<\/p>\n\t\t<\/div>\n\t\t\t\t\t<div class=\"elementor-post__read-more-wrapper\">\n\t\t\n\t\t<a class=\"elementor-post__read-more\" href=\"https:\/\/www.qualitester.com\/fi\/how-to-measure-carbonation\/\" aria-label=\"Read more about How to Measure Carbonation\" tabindex=\"-1\" target=\"_blank\">\n\t\t\tLue lis\u00e4\u00e4 \"\t\t<\/a>\n\n\t\t\t\t\t<\/div>\n\t\t\t\t<\/div>\n\t\t\t\t\t<\/div>\n\t\t<\/article>\n\t\t\t\t<\/div>\n\t\t\n\t\t\t\t<div class=\"e-load-more-anchor\" data-page=\"1\" data-max-page=\"12\" data-next-page=\"https:\/\/www.qualitester.com\/fi\/?e-page-1a69631=2\"><\/div>\n\t\t\t\t<nav class=\"elementor-pagination\" aria-label=\"Pagination\">\n\t\t\t<span class=\"page-numbers prev\">\" Edellinen<\/span>\n<a class=\"page-numbers next\" href=\"https:\/\/www.qualitester.com\/fi\/?e-page-1a69631=2\">Seuraava \"<\/a>\t\t<\/nav>\n\t\t\t\t<\/div>\n\t\t\t\t<\/div>\n\t\t\t\t\t<\/div>\n\t\t\t\t<\/div>\n\t\t\t\t<\/div>","protected":false},"excerpt":{"rendered":"<p>Material Quality Tester Blog From here you can read Cell Instruments&#8217; innovation and solution in material testing method. Request a test method<\/p>","protected":false},"author":3,"featured_media":0,"parent":0,"menu_order":0,"comment_status":"closed","ping_status":"closed","template":"","meta":{"site-sidebar-layout":"no-sidebar","site-content-layout":"page-builder","ast-global-header-display":"","ast-main-header-display":"","ast-hfb-above-header-display":"","ast-hfb-below-header-display":"","ast-hfb-mobile-header-display":"","site-post-title":"disabled","ast-breadcrumbs-content":"","ast-featured-img":"disabled","footer-sml-layout":"","theme-transparent-header-meta":"","adv-header-id-meta":"","stick-header-meta":"","header-above-stick-meta":"","header-main-stick-meta":"","header-below-stick-meta":"","footnotes":""},"class_list":["post-4999","page","type-page","status-publish","hentry"],"_links":{"self":[{"href":"https:\/\/www.qualitester.com\/fi\/wp-json\/wp\/v2\/pages\/4999","targetHints":{"allow":["GET"]}}],"collection":[{"href":"https:\/\/www.qualitester.com\/fi\/wp-json\/wp\/v2\/pages"}],"about":[{"href":"https:\/\/www.qualitester.com\/fi\/wp-json\/wp\/v2\/types\/page"}],"author":[{"embeddable":true,"href":"https:\/\/www.qualitester.com\/fi\/wp-json\/wp\/v2\/users\/3"}],"replies":[{"embeddable":true,"href":"https:\/\/www.qualitester.com\/fi\/wp-json\/wp\/v2\/comments?post=4999"}],"version-history":[{"count":0,"href":"https:\/\/www.qualitester.com\/fi\/wp-json\/wp\/v2\/pages\/4999\/revisions"}],"wp:attachment":[{"href":"https:\/\/www.qualitester.com\/fi\/wp-json\/wp\/v2\/media?parent=4999"}],"curies":[{"name":"wp","href":"https:\/\/api.w.org\/{rel}","templated":true}]}}