{"id":7769,"date":"2025-12-29T14:18:31","date_gmt":"2025-12-29T06:18:31","guid":{"rendered":"https:\/\/www.qualitester.com\/?post_type=product&#038;p=7769"},"modified":"2025-12-30T16:49:34","modified_gmt":"2025-12-30T08:49:34","slug":"spt-01-soap-texture-analyzer","status":"publish","type":"product","link":"https:\/\/www.qualitester.com\/et\/toode\/spt-01-soap-texture-analyzer\/","title":{"rendered":"SPT-01 Seebi tekstuuri anal\u00fcsaator"},"content":{"rendered":"<p data-start=\"690\" data-end=\"1009\">A <strong data-start=\"692\" data-end=\"717\">seebi tekstuuri anal\u00fcsaator<\/strong> on professionaalne vahend, mis on m\u00f5eldud seebitoodete mehaaniliste ja tekstuuriliste omaduste objektiivseks hindamiseks. See v\u00f5imaldab t\u00e4pset ja korratavat k\u00f5vaduse, k\u00f5vaduse ja tungimiskindluse m\u00f5\u00f5tmist, aidates tootjatel s\u00e4ilitada \u00fchtlast kvaliteeti eri tootmispartiide puhul.<\/p>\n<p data-start=\"1011\" data-end=\"1343\">Veebilehel <strong data-start=\"1014\" data-end=\"1044\">Cell Instruments Co., Ltd.<\/strong>, oleme spetsialiseerunud pakendite, ravimite, paberi ja tarbekaupade materjalide testimise lahendustele. Meie kogemused tekstuurianal\u00fc\u00fcsi alal v\u00f5imaldavad meil pakkuda usaldusv\u00e4\u00e4rseid seebikatsetuss\u00fcsteeme, mis toetavad kvaliteedikontrolli, koostise arendamist ja tunnustatud katsetamispraktikate j\u00e4rgimist.<\/p>\n<h2 data-start=\"1501\" data-end=\"1555\">ASTM D1321 seebi tekstuuri ja penetratsiooni testi m\u00f5istmine<\/h2>\n<h3>Seebi k\u00f5vadus kui peamine kvaliteedin\u00e4itaja<\/h3>\n<p data-start=\"1557\" data-end=\"1870\">The <strong data-start=\"1472\" data-end=\"1492\">seebi k\u00f5vadus<\/strong> m\u00f5jutab otseselt toote kestvust, kasutusm\u00e4\u00e4ra ja tarbijate arusaama. Liiga pehme seep v\u00f5ib deformeeruda v\u00f5i kiiresti lahustuda, samas kui liigne k\u00f5vadus v\u00f5ib v\u00e4hendada kasutatavust ja vahutamisv\u00f5imet. Seebi tekstuuri anal\u00fcsaator annab objektiivseid k\u00f5vaduse v\u00e4\u00e4rtusi, asendades subjektiivse k\u00e4etundlikkuse hindamise m\u00f5\u00f5detavate andmetega.<\/p>\n<h3 data-start=\"1732\" data-end=\"1781\">Seebi tekstuuri ja penetratsiooni katse p\u00f5him\u00f5te<\/h3>\n<p data-start=\"1782\" data-end=\"2134\">A <strong data-start=\"1871\" data-end=\"1908\">seebi tekstuuri ja penetratsiooni test<\/strong> m\u00f5\u00f5dab seebi vastupanu, kui sond tungib selle pinnale kontrollitud kiirusel ja s\u00fcgavusel. Registreeritud j\u00f5ud-nihke k\u00f5ver kajastab sisemist struktuuri, k\u00f5venemistingimusi ja koostise tasakaalu. See meetod v\u00f5imaldab tootjatel v\u00f5rrelda tooteid, j\u00e4lgida vananemise m\u00f5ju ja kontrollida protsessi stabiilsust.<\/p>\n<h3 data-start=\"2136\" data-end=\"2165\">Viide standardile ASTM D1321<\/h3>\n<p data-start=\"2166\" data-end=\"2611\"><strong data-start=\"2258\" data-end=\"2272\">ASTM D1321<\/strong> pakub laialdaselt tunnustatud v\u00f5rdlusmaterjali vahataoliste materjalide penetratsiooni katsetamiseks ja seda kasutatakse tavaliselt seebi tekstuuri anal\u00fc\u00fcsimisel. ASTM D1321 juhiste j\u00e4rgimine katsetingimuste ja andmete t\u00f5lgendamise kohta parandab tulemuste j\u00e4rjepidevust ning toetab laborite, tarnijate ja klientide vahelist suhtlust.<\/p>\n<hr data-start=\"2613\" data-end=\"2616\" \/>\n<h2 data-start=\"2668\" data-end=\"2961\">Kuidas seebi tekstuuri anal\u00fcsaator t\u00f6\u00f6tab<\/h2>\n<p data-start=\"2628\" data-end=\"2870\">Seebi tekstuuri anal\u00fcsaator rakendab seebiproovile kontrollitud vertikaalset j\u00f5udu, kasutades selleks kindlaksm\u00e4\u00e4ratud sondi. Kui sond puutub seebiga kokku ja tungib sellesse, registreerib s\u00fcsteem pidevalt j\u00f5udu ja nihkeid, luues t\u00e4psed tekstuuriprofiilid.<\/p>\n<p data-start=\"2872\" data-end=\"2907\"><strong data-start=\"2872\" data-end=\"2907\">T\u00fc\u00fcpiline testimise t\u00f6\u00f6korraldus h\u00f5lmab j\u00e4rgmist:<\/strong><\/p>\n<ul>\n<li data-start=\"2910\" data-end=\"2961\">J\u00e4rjepidevate m\u00f5\u00f5tmetega seebiproovide valmistamine<\/li>\n<li data-start=\"2964\" data-end=\"3024\">Sobiva tungimis- v\u00f5i survesondi valimine<\/li>\n<li data-start=\"3027\" data-end=\"3109\">Katsekiiruse ja tungimiss\u00fcgavuse m\u00e4\u00e4ramine sisemiste meetodite v\u00f5i ASTM D1321 alusel.<\/li>\n<li data-start=\"3112\" data-end=\"3165\">Katse l\u00e4biviimine ja j\u00f5u ja vahemaa andmete kogumine<\/li>\n<li data-start=\"3168\" data-end=\"3223\">Tippj\u00f5u, k\u00f5verikuju ja korratavuse hindamine<\/li>\n<\/ul>\n<p data-start=\"3225\" data-end=\"3332\">Selline kontrollitud protsess tagab usaldusv\u00e4\u00e4rse v\u00f5rdluse erinevate seebivormide v\u00f5i tootmispartiide vahel.<\/p>\n<hr data-start=\"3486\" data-end=\"3489\" \/>\n<h2 data-start=\"3491\" data-end=\"3550\">Sobivad rakendusmaterjalid<\/h2>\n<p data-start=\"3374\" data-end=\"3461\">Seebi tekstuuri anal\u00fcsaator toetab mitmesuguste seebitoodete, sealhulgas:<\/p>\n<ul>\n<li data-start=\"3464\" data-end=\"3487\">Traditsioonilised baariseebid<\/li>\n<li data-start=\"3490\" data-end=\"3522\">L\u00e4bipaistvad ja gl\u00fctseriiniseebid<\/li>\n<li data-start=\"3525\" data-end=\"3556\">Ravim- ja eriseebid<\/li>\n<li data-start=\"3559\" data-end=\"3599\">Komposiit- ja s\u00fcnteetilised pesuvahendid<\/li>\n<\/ul>\n<p data-start=\"3601\" data-end=\"3716\">Samuti saab sellega hinnata poolvalmis n\u00e4idiseid, et j\u00e4lgida k\u00f5venemise kulgu ja koostise stabiilsust v\u00e4ljat\u00f6\u00f6tamise ajal.<\/p>\n<hr data-start=\"4411\" data-end=\"4414\" \/>\n<h2 data-start=\"5016\" data-end=\"5081\">Cell Instruments SPT-01 tekstuuri anal\u00fcsaator<\/h2>\n<p><a href=\"https:\/\/www.qualitester.com\/et\/toode\/sale-cheap-texture-analyser\/\"><img fetchpriority=\"high\" decoding=\"async\" class=\"alignright wp-image-7786\" src=\"https:\/\/www.qualitester.com\/wp-content\/uploads\/2025\/12\/SPT-01-Soap-Texture-Analyzer3-300x300.png\" alt=\"SPT-01 Seebi tekstuuri anal\u00fcsaator\" width=\"227\" height=\"227\" srcset=\"https:\/\/www.qualitester.com\/wp-content\/uploads\/2025\/12\/SPT-01-Soap-Texture-Analyzer3-300x300.png 300w, https:\/\/www.qualitester.com\/wp-content\/uploads\/2025\/12\/SPT-01-Soap-Texture-Analyzer3-150x150.png 150w, https:\/\/www.qualitester.com\/wp-content\/uploads\/2025\/12\/SPT-01-Soap-Texture-Analyzer3-768x768.png 768w, https:\/\/www.qualitester.com\/wp-content\/uploads\/2025\/12\/SPT-01-Soap-Texture-Analyzer3-12x12.png 12w, https:\/\/www.qualitester.com\/wp-content\/uploads\/2025\/12\/SPT-01-Soap-Texture-Analyzer3-600x600.png 600w, https:\/\/www.qualitester.com\/wp-content\/uploads\/2025\/12\/SPT-01-Soap-Texture-Analyzer3-100x100.png 100w, https:\/\/www.qualitester.com\/wp-content\/uploads\/2025\/12\/SPT-01-Soap-Texture-Analyzer3.png 950w\" sizes=\"(max-width: 227px) 100vw, 227px\" \/><\/a><\/p>\n<p data-start=\"5083\" data-end=\"5472\"><strong data-start=\"5135\" data-end=\"5179\">Cell Instruments <a href=\"https:\/\/www.qualitester.com\/et\/toode\/sale-cheap-texture-analyser\/\">SPT-01 Seebi tekstuuri anal\u00fcsaator <\/a><\/strong>sobib h\u00e4sti seebi k\u00f5vaduse hindamiseks ning seebi tekstuuri ja penetratsiooni testimiseks ASTM D1321 alusel. See pakub stabiilset j\u00f5u m\u00f5\u00f5tmist, paindlikku kiiruse reguleerimist ja intuitiivset kasutamist, mis muudab selle ideaalseks kvaliteedikontrolli ja teadus- ja arendustegevuse laboratooriumides.<\/p>\n<p><strong>SPT-01 Seebi tekstuuri anal\u00fcsaator<\/strong><\/p>\n<table style=\"height: 230px\" width=\"720\">\n<tbody>\n<tr>\n<td width=\"152\">Katse ulatus<\/td>\n<td width=\"260\">\u00a0500N (v\u00f5i muud)<\/td>\n<\/tr>\n<tr>\n<td width=\"152\">Kiirus<\/td>\n<td width=\"260\">\u00a01-500 mm\/m (v\u00f5i vastavalt vajadusele)<\/td>\n<\/tr>\n<tr>\n<td width=\"152\">Resolutsioon<\/td>\n<td width=\"260\">0,5% F.S.<\/td>\n<\/tr>\n<tr>\n<td width=\"152\">L\u00f6\u00f6gi (v\u00e4lja arvatud jig)<\/td>\n<td width=\"260\">250mm<\/td>\n<\/tr>\n<tr>\n<td width=\"152\">M\u00f5\u00f5tmed (mm, LWH)<\/td>\n<td width=\"260\">410*360*820<\/td>\n<\/tr>\n<tr>\n<td width=\"152\">V\u00f5imsus<\/td>\n<td width=\"260\">AC 110~ 220V<\/td>\n<\/tr>\n<\/tbody>\n<\/table>\n<p data-start=\"5474\" data-end=\"5639\">Kombineerides t\u00e4pse j\u00f5u m\u00f5\u00f5tmise intuitiivse kasutamisega, aitab SPT-01 seebitootjatel muuta tekstuuri katsetamise standardiseeritud, andmep\u00f5hiseks protsessiks.<\/p>\n<h2 class=\"elementor-heading-title elementor-size-default\">Miks valida Cell Instruments SPT-01<\/h2>\n<p data-start=\"5058\" data-end=\"5199\">SPT-01 toetab j\u00e4rjepidevat, korratavat seebi tekstuuri katsetamist ja seda saab kohandada vastavalt tootmisvajaduste arengule kohandatud katsetamisn\u00f5uetele.<\/p>\n<p data-start=\"5058\" data-end=\"5199\">Professionaalne <strong data-start=\"5274\" data-end=\"5299\">seebi tekstuuri anal\u00fcsaator<\/strong> v\u00f5imaldab tootjatel minna subjektiivsest hindamisest kaugemale ja kehtestada m\u00f5\u00f5detavad kvaliteedistandardid. Kombineerides usaldusv\u00e4\u00e4rseid m\u00f5\u00f5teriistu tunnustatud katsereferentsidega, aitab Cell Instruments seebitootjatel saavutada j\u00e4rjepidevat tulemuslikkust, paremat tootekontrolli ja suuremat klientide usaldust.<\/p>\n<hr data-start=\"6529\" data-end=\"6532\" \/>\n<h2 data-start=\"6534\" data-end=\"6542\">KKK<\/h2>\n<p data-start=\"133\" data-end=\"329\"><strong data-start=\"133\" data-end=\"181\">1. Milleks kasutatakse seebi tekstuuri anal\u00fcsaatorit?<\/strong><br data-start=\"181\" data-end=\"184\" \/>A <strong data-start=\"186\" data-end=\"211\">seebi tekstuuri anal\u00fcsaator<\/strong> m\u00f5\u00f5dab <strong data-start=\"225\" data-end=\"245\">seebi k\u00f5vadus<\/strong>, k\u00f5vadus ja l\u00e4bitungimiskindlus, et tagada p\u00fcsiv kvaliteet ja j\u00f5udlus.<\/p>\n<p data-start=\"331\" data-end=\"543\"><strong data-start=\"331\" data-end=\"382\">2. Mis on seebi tekstuuri ja l\u00e4bitungimise test?<\/strong><br data-start=\"382\" data-end=\"385\" \/>A <strong data-start=\"387\" data-end=\"424\">seebi tekstuuri ja penetratsiooni test<\/strong> rakendab seebiproovile kontrollitud j\u00f5udu ja registreerib deformatsiooni, aidates kvantifitseerida konstruktsiooni tugevust ja kasutatavust.<\/p>\n<p data-start=\"545\" data-end=\"746\"><strong data-start=\"545\" data-end=\"594\">3. Kuidas kohaldatakse ASTM D1321 seebikatsete suhtes?<\/strong><br data-start=\"594\" data-end=\"597\" \/><strong data-start=\"597\" data-end=\"611\">ASTM D1321<\/strong> pakub standardiseeritud penetratsioonikatse meetodit, mis parandab seebi tekstuuri ja k\u00f5vaduse hindamisel korduvust ja usaldusv\u00e4\u00e4rsust.<\/p>\n<p data-start=\"748\" data-end=\"929\"><strong data-start=\"748\" data-end=\"796\">4. Miks on seebi k\u00f5vaduse m\u00f5\u00f5tmine oluline?<\/strong><br data-start=\"796\" data-end=\"799\" \/>The <strong data-start=\"803\" data-end=\"823\">seebi k\u00f5vadus<\/strong> m\u00f5jutab vastupidavust, lahustumiskiirust ja tarbijakogemust, mist\u00f5ttu on see peamine kvaliteedikontrolli parameeter.<\/p>\n<p data-start=\"931\" data-end=\"1132\"><strong data-start=\"931\" data-end=\"995\">5. Milliseid seebit\u00fc\u00fcpe saab tekstuurianal\u00fcsaatoriga testida?<\/strong><br data-start=\"995\" data-end=\"998\" \/>Seebi tekstuuri anal\u00fcsaatoritega saab testida baariseepi, gl\u00fctseriiniseepi, meditsiinilise seebi ja erivormelite koostist, mida kasutatakse kehahooldustoodetes.<\/p>","protected":false},"excerpt":{"rendered":"<ul>\n<li><strong>Standard<\/strong>: ASTM D1321<\/li>\n<li><strong>Tootja<\/strong>: Cell Instruments<\/li>\n<li><strong>Rakendused<\/strong>:Igap\u00e4evased kemikaalid ja muud.<\/li>\n<li><strong>Kohandamine<\/strong>: Saadaval spetsiaalsete testimisn\u00f5uete ja automatiseerimise \u00fcmberkujundamise jaoks.<\/li>\n<\/ul>","protected":false},"featured_media":7786,"comment_status":"closed","ping_status":"closed","template":"","meta":{"site-sidebar-layout":"default","site-content-layout":"default","ast-global-header-display":"","ast-main-header-display":"","ast-hfb-above-header-display":"","ast-hfb-below-header-display":"","ast-hfb-mobile-header-display":"","site-post-title":"","ast-breadcrumbs-content":"","ast-featured-img":"","footer-sml-layout":"","theme-transparent-header-meta":"default","adv-header-id-meta":"","stick-header-meta":"","header-above-stick-meta":"","header-main-stick-meta":"","header-below-stick-meta":""},"product_cat":[845,1187,937,1185,1179,962,928,674,672,99],"product_tag":[],"class_list":{"0":"post-7769","1":"product","2":"type-product","3":"status-publish","4":"has-post-thumbnail","6":"product_cat-customization","7":"product_cat-astm-d1321","8":"product_cat-electronic-product-tester","9":"product_cat-iec-60404-13","10":"product_cat-needle-toughness-tester","11":"product_cat-thickness-gauges","12":"product_cat-tpa-texture-analyzer","13":"product_cat-test-items","14":"product_cat-applied-materials","15":"product_cat-astm","16":"desktop-align-left","17":"tablet-align-left","18":"mobile-align-left","20":"first","21":"instock","22":"shipping-taxable","23":"product-type-simple"},"_links":{"self":[{"href":"https:\/\/www.qualitester.com\/et\/wp-json\/wp\/v2\/product\/7769","targetHints":{"allow":["GET"]}}],"collection":[{"href":"https:\/\/www.qualitester.com\/et\/wp-json\/wp\/v2\/product"}],"about":[{"href":"https:\/\/www.qualitester.com\/et\/wp-json\/wp\/v2\/types\/product"}],"replies":[{"embeddable":true,"href":"https:\/\/www.qualitester.com\/et\/wp-json\/wp\/v2\/comments?post=7769"}],"version-history":[{"count":0,"href":"https:\/\/www.qualitester.com\/et\/wp-json\/wp\/v2\/product\/7769\/revisions"}],"wp:featuredmedia":[{"embeddable":true,"href":"https:\/\/www.qualitester.com\/et\/wp-json\/wp\/v2\/media\/7786"}],"wp:attachment":[{"href":"https:\/\/www.qualitester.com\/et\/wp-json\/wp\/v2\/media?parent=7769"}],"wp:term":[{"taxonomy":"product_cat","embeddable":true,"href":"https:\/\/www.qualitester.com\/et\/wp-json\/wp\/v2\/product_cat?post=7769"},{"taxonomy":"product_tag","embeddable":true,"href":"https:\/\/www.qualitester.com\/et\/wp-json\/wp\/v2\/product_tag?post=7769"}],"curies":[{"name":"wp","href":"https:\/\/api.w.org\/{rel}","templated":true}]}}