{"id":6887,"date":"2025-07-14T16:04:43","date_gmt":"2025-07-14T08:04:43","guid":{"rendered":"https:\/\/www.qualitester.com\/?post_type=product&#038;p=6887"},"modified":"2025-07-14T16:04:44","modified_gmt":"2025-07-14T08:04:44","slug":"lamination-factor-tester","status":"publish","type":"product","link":"https:\/\/www.qualitester.com\/et\/toode\/lamination-factor-tester\/","title":{"rendered":"FTT-02 Laminaatfaktori tester"},"content":{"rendered":"<p data-start=\"898\" data-end=\"1494\">Magnetmaterjalide, nagu elektrotehniline teras ja amorfsed ribad, tootmisel, <strong data-start=\"985\" data-end=\"1006\">lamineerimistegur<\/strong> m\u00e4ngib olulist rolli materjali kvaliteedi m\u00e4\u00e4ramisel. See m\u00f5jutab mootorite, trafode ja muude elektromagnetiliste komponentide t\u00f5husust. Selle kriitilise parameetri hindamiseks on <strong data-start=\"1185\" data-end=\"1213\">lamineerimisteguri tester<\/strong> pakub t\u00e4pset ja standardiseeritud m\u00f5\u00f5tmismeetodit.<\/p>\n<h2 data-start=\"1501\" data-end=\"1555\">Mis on lamineerimisfaktor ja miks see on oluline?<\/h2>\n<p data-start=\"1557\" data-end=\"1870\"><strong data-start=\"1557\" data-end=\"1578\">Lamineerimistegur<\/strong>-tuntud ka kui <strong data-start=\"1593\" data-end=\"1623\">lamineerimise virnastamistegur<\/strong> v\u00f5i <strong data-start=\"1627\" data-end=\"1643\">ruumifaktor<\/strong>-on metallist ribade virnastatud komplekti tegeliku mahu ja n\u00e4ilise mahu suhe. See n\u00e4itab, kui t\u00f5husalt on materjal pakitud, v\u00f5ttes arvesse pinna kareduse, katete ja kihtide vaheliste t\u00fchimike m\u00f5ju.<\/p>\n<p data-start=\"1872\" data-end=\"2095\">Magnets\u00fcdamiku rakendustes minimeerib k\u00f5rge lamineerimistegur energiakadu ja parandab j\u00f5udlust. Seet\u00f5ttu on see kvaliteedi tagamisel kriitiline parameeter. <strong data-start=\"2045\" data-end=\"2094\">elektri-, elektroonika- ja mootorit\u00f6\u00f6stus<\/strong>.<\/p>\n<h2 data-start=\"2102\" data-end=\"2153\">Lamineerimisfaktori testija t\u00f6\u00f6p\u00f5him\u00f5te<\/h2>\n<p data-start=\"2155\" data-end=\"2349\">A <strong data-start=\"2157\" data-end=\"2185\">lamineerimisteguri tester<\/strong> m\u00e4\u00e4rab virnastamise t\u00f5hususe, v\u00f5rreldes r\u00f5hu all m\u00f5\u00f5detud virna mahtu materjali massi ja tiheduse alusel arvutatud tahke aine mahuga.<\/p>\n<p data-start=\"2351\" data-end=\"2378\"><strong data-start=\"2351\" data-end=\"2378\">Peamised katsemeetodid h\u00f5lmavad j\u00e4rgmist:<\/strong><\/p>\n<ul>\n<li data-start=\"2382\" data-end=\"2433\">Magnetmaterjali l\u00f5ikamine \u00fchtlasteks ribadeks<\/li>\n<li data-start=\"2436\" data-end=\"2470\">Ribade virnastamine joondatult<\/li>\n<li data-start=\"2473\" data-end=\"2520\">Standardse r\u00f5hu rakendamine testeriga<\/li>\n<li data-start=\"2523\" data-end=\"2562\">Kokkupressitud virna k\u00f5rguse m\u00f5\u00f5tmine<\/li>\n<li data-start=\"2565\" data-end=\"2619\">Lamineerimisteguri arvutamine valemi abil:<\/li>\n<\/ul>\n<blockquote data-start=\"2622\" data-end=\"2862\">\n<p data-start=\"2624\" data-end=\"2862\"><strong data-start=\"2624\" data-end=\"2655\">S = m \/ (l - w - \u03b4 - h - k)<\/strong><br data-start=\"2655\" data-end=\"2658\" \/><em data-start=\"2662\" data-end=\"2670\">Kus:<\/em><br data-start=\"2670\" data-end=\"2673\" \/><em data-start=\"2677\" data-end=\"2680\">S<\/em> = lamineerimistegur (%)<br data-start=\"2704\" data-end=\"2707\" \/><em data-start=\"2711\" data-end=\"2714\">m<\/em> = virna mass<br data-start=\"2734\" data-end=\"2737\" \/><em data-start=\"2741\" data-end=\"2747\">l, w<\/em> = pikkus ja laius<br data-start=\"2766\" data-end=\"2769\" \/><em data-start=\"2773\" data-end=\"2776\">\u03b4<\/em> = materjali tihedus<br data-start=\"2795\" data-end=\"2798\" \/><em data-start=\"2802\" data-end=\"2805\">h<\/em> = kokkusurutud k\u00f5rgus<br data-start=\"2825\" data-end=\"2828\" \/><em data-start=\"2832\" data-end=\"2835\">k<\/em> = \u00fchiku \u00fcmberarvestuskonstant<\/p>\n<\/blockquote>\n<p data-start=\"2864\" data-end=\"2978\">Protsess n\u00f5uab suurt m\u00f5\u00f5tmise t\u00e4psust, et kajastada v\u00e4ikesi erinevusi, mis v\u00f5ivad m\u00f5jutada virnastamistegurit.<\/p>\n<h2 data-start=\"2985\" data-end=\"3038\">Lamineerimisfaktori katsetamisel viidatud standardid<\/h2>\n<p data-start=\"3040\" data-end=\"3181\">\u00dclemaailmse vastavuse ja j\u00e4rjepidevuse tagamine, <strong data-start=\"3085\" data-end=\"3114\">lamineerimisteguri testerid<\/strong> peab olema koosk\u00f5las tunnustatud standarditega. K\u00f5ige enam viidatud on j\u00e4rgmised:<\/p>\n<h3 data-start=\"3183\" data-end=\"3217\"><a href=\"https:\/\/www.qualitester.com\/et\/standards\/astm-a719\/\" target=\"_blank\" rel=\"noopener\">ASTM A719<\/a> - Magnetilised materjalid<\/h3>\n<p data-start=\"3219\" data-end=\"3436\">M\u00e4\u00e4ratleb <strong data-start=\"3231\" data-end=\"3250\">standardmeetod<\/strong> ferromagnetiliste materjalide lamineerimisteguri m\u00f5\u00f5tmiseks. See r\u00f5hutab \u00fchtlast r\u00f5hku (tavaliselt 50 psi), t\u00e4pset virna k\u00f5rguse m\u00f5\u00f5tmist ja korrektset massi ja mahu suhte arvutamist.<\/p>\n<h3 data-start=\"3438\" data-end=\"3479\">ASTM A900 - amorfsed magnetribad<\/h3>\n<p data-start=\"3481\" data-end=\"3668\">Spetsiaalselt v\u00e4lja t\u00f6\u00f6tatud <strong data-start=\"3505\" data-end=\"3540\">\u00f5hukesed, amorfsed magnetribad<\/strong>, n\u00f5uab see meetod materjali tundlikkuse t\u00f5ttu joondamisvahendeid, mikromeetri m\u00f5\u00f5tmisi ja hoolikat virnastamist.<\/p>\n<h3 data-start=\"3670\" data-end=\"3716\">ASTM A683 - Poolt\u00f6\u00f6deldud elektriline teras<\/h3>\n<p data-start=\"3718\" data-end=\"3903\">Viitab <strong data-start=\"3732\" data-end=\"3752\">ASTM A719 kasutamine<\/strong> m\u00e4\u00e4ratud katsemeetodina. Selles r\u00f5hutatakse, et k\u00f5rgem lamineerimistegur n\u00e4itab paremat kvaliteeti, eriti siledamate ja paksemate materjalide puhul.<\/p>\n<h3 data-start=\"3905\" data-end=\"3956\">IEC 60404-13 - \u00fclemaailmne elektrotehnilise terase standard<\/h3>\n<p data-start=\"3958\" data-end=\"4167\">Annab <strong data-start=\"3967\" data-end=\"3995\">rahvusvahelised suunised<\/strong> virnastusteguri m\u00f5\u00f5tmiseks k\u00f5igi elektrotehnilise terase t\u00fc\u00fcpide puhul. See n\u00f5uab t\u00e4pset kaalumist, m\u00f5\u00f5tmete t\u00e4psust ja r\u00f5hu rakendamist <strong data-start=\"4145\" data-end=\"4166\">1,00 \u00b1 0,05 N\/mm\u00b2.<\/strong>.<\/p>\n<h2 data-start=\"4174\" data-end=\"4245\">Tutvustame Cell Instruments'i FTT-02 Lamination Factor Tester'i.<\/h2>\n<p data-start=\"4247\" data-end=\"4437\">Laboratooriumide ja tootmiskeskkondade jaoks, mis vajavad usaldusv\u00e4\u00e4rset lamineerimisteguri katsetamist, sobib <strong data-start=\"4342\" data-end=\"4377\">FTT-02 Laminaatfaktori tester<\/strong> aadressilt <strong data-start=\"4383\" data-end=\"4403\">Cell Instruments<\/strong> on professionaalne lahendus.<\/p>\n<h3>Peamised omadused:<\/h3>\n<ul>\n<li data-start=\"4459\" data-end=\"4498\"><strong data-start=\"4459\" data-end=\"4474\">Testivahemik:<\/strong> 0-2 mm (kohandatav)<\/li>\n<li data-start=\"4501\" data-end=\"4563\"><strong data-start=\"4501\" data-end=\"4516\">Resolutsioon:<\/strong> 0,1 \u03bcm t\u00e4pse virna k\u00f5rguse m\u00f5\u00f5tmiseks<\/li>\n<li data-start=\"4566\" data-end=\"4625\"><strong data-start=\"4566\" data-end=\"4584\">Katser\u00f5hk:<\/strong> 50 \u00b1 0,5 kPa (standard, vastavalt ASTM A719)<\/li>\n<li data-start=\"4628\" data-end=\"4692\"><strong data-start=\"4628\" data-end=\"4646\">Indentri suurus:<\/strong> \u00d814-17 mm (reguleeritav vastavalt proovi t\u00fc\u00fcbile)<\/li>\n<li data-start=\"4695\" data-end=\"4766\"><strong data-start=\"4695\" data-end=\"4714\">Kompaktne disain:<\/strong> 461 \u00d7 334 \u00d7 357 mm, sobib erinevatele laboratooriumidele<\/li>\n<\/ul>\n<p data-start=\"4768\" data-end=\"4944\">FTT-02 on konstrueeritud <strong data-start=\"4797\" data-end=\"4824\">lihtne proovi joondamine<\/strong>, <strong data-start=\"4826\" data-end=\"4858\">automatiseeritud k\u00f5rguse m\u00f5\u00f5tmine<\/strong>, ja <strong data-start=\"4864\" data-end=\"4891\">stabiilne r\u00f5hu kontroll<\/strong>, tagades v\u00e4ga t\u00e4pse laminaatoriteguri tulemuse.<\/p>\n<h3 data-start=\"4946\" data-end=\"4971\">Kohaldatavad materjalid:<\/h3>\n<ul>\n<li data-start=\"4974\" data-end=\"5028\"><strong data-start=\"4974\" data-end=\"5026\">Orienteerimata ja suundorienteeritud elektrotehnilised terased<\/strong><\/li>\n<li data-start=\"5031\" data-end=\"5082\"><strong data-start=\"5031\" data-end=\"5080\">Amorfsed ja nanokristallilised magnetribad<\/strong><\/li>\n<li data-start=\"5085\" data-end=\"5141\"><strong data-start=\"5085\" data-end=\"5141\">Mootorite s\u00fcdamikutes kasutatavad \u00f5hukese kattega elektrilised materjalid<\/strong><\/li>\n<\/ul>\n<p data-start=\"5143\" data-end=\"5256\">J\u00e4rgides ASTM ja IEC katsemenetlusi, minimeerib FTT-02 inimlikud vead ja suurendab tulemuste korratavust.<\/p>\n<h2 data-start=\"5263\" data-end=\"5321\">Rakendused ja lamineerimisfaktori testimise eelised<\/h2>\n<p data-start=\"5323\" data-end=\"5366\">Lamineerimisteguri test on oluline:<\/p>\n<ul>\n<li data-start=\"5370\" data-end=\"5413\"><strong data-start=\"5370\" data-end=\"5411\">Trafo ja mootori s\u00fcdamiku tootmine<\/strong><\/li>\n<li data-start=\"5416\" data-end=\"5455\"><strong data-start=\"5416\" data-end=\"5453\">Magnetilise materjali kvaliteedikontroll<\/strong><\/li>\n<li data-start=\"5458\" data-end=\"5507\"><strong data-start=\"5458\" data-end=\"5505\">Uute sulamite ja kattematerjalide hindamine teadus- ja arenduslaboratooriumides<\/strong><\/li>\n<li data-start=\"5510\" data-end=\"5579\"><strong data-start=\"5510\" data-end=\"5579\">Vastavushindamine rahvusvaheliseks veoks v\u00f5i sertifitseerimiseks<\/strong><\/li>\n<\/ul>\n<h3 data-start=\"5581\" data-end=\"5598\">Peamised eelised:<\/h3>\n<ul>\n<li>Avastab t\u00fchimikud, karedused ja kattematerjalid<\/li>\n<li>Tagab materjali kvaliteedi ja j\u00e4rjepidevuse<\/li>\n<li>Aitab optimeerida lamineerimise disaini ja protsessiparameetrid<\/li>\n<li>Toetab vastavust <strong data-start=\"5781\" data-end=\"5794\">ASTM A719<\/strong>, <strong data-start=\"5796\" data-end=\"5804\">A900<\/strong>, ja <strong data-start=\"5810\" data-end=\"5826\">IEC 60404-13<\/strong><\/li>\n<\/ul>\n<p data-start=\"5849\" data-end=\"6157\">M\u00f5istmine ja kontroll <strong data-start=\"5883\" data-end=\"5904\">lamineerimistegur<\/strong> magnetiliste materjalide kasutamine on energiat\u00f5husate toodete projekteerimisel ja tootmisel \u00fclioluline. T\u00e4pne m\u00f5\u00f5tmine n\u00f5uab t\u00e4pset varustust, mis vastab rahvusvahelistele standarditele, nagu n\u00e4iteks <strong data-start=\"6091\" data-end=\"6104\">ASTM A719<\/strong>, <strong data-start=\"6106\" data-end=\"6119\">ASTM A900<\/strong>, <strong data-start=\"6121\" data-end=\"6134\">ASTM A683<\/strong>, ja <strong data-start=\"6140\" data-end=\"6156\">IEC 60404-13<\/strong>.<\/p>\n<p data-start=\"6159\" data-end=\"6527\">The <strong data-start=\"6163\" data-end=\"6198\">FTT-02 Laminaatfaktori tester<\/strong> poolt <strong data-start=\"6202\" data-end=\"6222\">Cell Instruments<\/strong> pakub t\u00f6\u00f6stusharu juhtivat t\u00e4psust, kasutajas\u00f5bralikku toimimist ja t\u00e4ielikku vastavust \u00fclemaailmsetele testimisprotokollidele. Olenemata sellest, kas olete materjaliinsener, kvaliteedijuht v\u00f5i magnetkomponentide tootja, see seade tagab, et teie lamineerimisteguri tulemused on <strong data-start=\"6485\" data-end=\"6526\">usaldusv\u00e4\u00e4rne, j\u00e4lgitav ja professionaalne<\/strong>.<\/p>\n<hr data-start=\"6529\" data-end=\"6532\" \/>\n<h2 data-start=\"6534\" data-end=\"6542\">KKK<\/h2>\n<p data-start=\"6544\" data-end=\"6758\"><strong data-start=\"6544\" data-end=\"6601\">1. Mis on lamineerimisteguri testija eesm\u00e4rk?<\/strong><br data-start=\"6601\" data-end=\"6604\" \/>See m\u00e4\u00e4rab kindlaks, kui t\u00f5husalt on magnetribad virnastatud, arvutades tahke metalli mahu ja kogumahu suhte, mis n\u00e4itab materjali kvaliteeti.<\/p>\n<p data-start=\"6760\" data-end=\"6960\"><strong data-start=\"6760\" data-end=\"6832\">2. Milliseid standardeid tuleks j\u00e4rgida lamineerimisteguri katsetamisel?<\/strong><br data-start=\"6832\" data-end=\"6835\" \/>Asjakohased standardid on j\u00e4rgmised <a href=\"https:\/\/www.astm.org\/a0719_a0719m-14r19.html\" target=\"_blank\" rel=\"noopener nofollow\"><strong data-start=\"6862\" data-end=\"6875\">ASTM A719<\/strong><\/a>, <a href=\"https:\/\/www.astm.org\/a0900_a0900m-01r18.html\" target=\"_blank\" rel=\"noopener nofollow\"><strong data-start=\"6877\" data-end=\"6890\">ASTM A900<\/strong><\/a>, <a href=\"https:\/\/www.astm.org\/a0683-16.html\" target=\"_blank\" rel=\"noopener nofollow\"><strong data-start=\"6892\" data-end=\"6905\">ASTM A683<\/strong><\/a>, ja <strong data-start=\"6911\" data-end=\"6927\">IEC 60404-13<\/strong>, s\u00f5ltuvalt materjali t\u00fc\u00fcbist.<\/p>\n<p data-start=\"6962\" data-end=\"7176\"><strong data-start=\"6962\" data-end=\"7018\">3. Kas FTT-02 saab kasutada \u00f5hukeste amorfsete ribade jaoks?<\/strong><br data-start=\"7018\" data-end=\"7021\" \/>Jah, FTT-02 toetab erinevaid materjale, sealhulgas <strong data-start=\"7074\" data-end=\"7108\">\u00f5hukesed amorfsed magnetribad<\/strong>, t\u00e4nu reguleeritavale r\u00f5hule ja suure eraldusv\u00f5imega m\u00f5\u00f5tmisele.<\/p>\n<p data-start=\"7178\" data-end=\"7342\"><strong data-start=\"7178\" data-end=\"7227\">4. Millised tegurid m\u00f5jutavad lamineerimistegurit?<\/strong><br data-start=\"7227\" data-end=\"7230\" \/>Pinnakatted, materjali karedus, oksiidikihid ja ribade vahelised \u00f5huvahed v\u00f5ivad v\u00e4hendada lamineerimistegurit.<\/p>\n<p data-start=\"7344\" data-end=\"7555\"><strong data-start=\"7344\" data-end=\"7408\">5. Kuidas m\u00f5jutab lamineerimistegur elektrilist j\u00f5udlust?<\/strong><br data-start=\"7408\" data-end=\"7411\" \/>Suurem kihistustegur t\u00e4hendab paremat magnetilist sidumist ja v\u00e4iksemat energiakadu, mis parandab mootorite, trafode ja induktorite t\u00f5husust.<\/p>","protected":false},"excerpt":{"rendered":"<p>In the manufacturing of magnetic materials like electrical steel and amorphous strips, lamination factor plays a vital role in determining material quality. It affects the efficiency of motors, transformers, and other electromagnetic components. To assess this critical parameter, a lamination factor tester offers a precise, standardized method for measurement. What Is Lamination Factor and Why &hellip;<\/p>\n<p class=\"read-more\"> <a class=\"\" href=\"https:\/\/www.qualitester.com\/et\/toode\/lamination-factor-tester\/\"> <span class=\"screen-reader-text\">FTT-02 Laminaatfaktori tester<\/span> Loe edasi \u00bb<\/a><\/p>","protected":false},"featured_media":6912,"comment_status":"closed","ping_status":"closed","template":"","meta":{"site-sidebar-layout":"default","site-content-layout":"default","ast-global-header-display":"","ast-main-header-display":"","ast-hfb-above-header-display":"","ast-hfb-below-header-display":"","ast-hfb-mobile-header-display":"","site-post-title":"","ast-breadcrumbs-content":"","ast-featured-img":"","footer-sml-layout":"","theme-transparent-header-meta":"default","adv-header-id-meta":"","stick-header-meta":"","header-above-stick-meta":"","header-main-stick-meta":"","header-below-stick-meta":""},"product_cat":[845,1184,1182,1183,937,1185,962,674,672],"product_tag":[],"class_list":{"0":"post-6887","1":"product","2":"type-product","3":"status-publish","4":"has-post-thumbnail","6":"product_cat-customization","7":"product_cat-astm-a683","8":"product_cat-astm-a719","9":"product_cat-astm-a900","10":"product_cat-electronic-product-tester","11":"product_cat-iec-60404-13","12":"product_cat-thickness-gauges","13":"product_cat-test-items","14":"product_cat-applied-materials","15":"desktop-align-left","16":"tablet-align-left","17":"mobile-align-left","19":"first","20":"instock","21":"shipping-taxable","22":"product-type-simple"},"_links":{"self":[{"href":"https:\/\/www.qualitester.com\/et\/wp-json\/wp\/v2\/product\/6887","targetHints":{"allow":["GET"]}}],"collection":[{"href":"https:\/\/www.qualitester.com\/et\/wp-json\/wp\/v2\/product"}],"about":[{"href":"https:\/\/www.qualitester.com\/et\/wp-json\/wp\/v2\/types\/product"}],"replies":[{"embeddable":true,"href":"https:\/\/www.qualitester.com\/et\/wp-json\/wp\/v2\/comments?post=6887"}],"version-history":[{"count":0,"href":"https:\/\/www.qualitester.com\/et\/wp-json\/wp\/v2\/product\/6887\/revisions"}],"wp:featuredmedia":[{"embeddable":true,"href":"https:\/\/www.qualitester.com\/et\/wp-json\/wp\/v2\/media\/6912"}],"wp:attachment":[{"href":"https:\/\/www.qualitester.com\/et\/wp-json\/wp\/v2\/media?parent=6887"}],"wp:term":[{"taxonomy":"product_cat","embeddable":true,"href":"https:\/\/www.qualitester.com\/et\/wp-json\/wp\/v2\/product_cat?post=6887"},{"taxonomy":"product_tag","embeddable":true,"href":"https:\/\/www.qualitester.com\/et\/wp-json\/wp\/v2\/product_tag?post=6887"}],"curies":[{"name":"wp","href":"https:\/\/api.w.org\/{rel}","templated":true}]}}