{"id":6624,"date":"2025-04-23T10:13:39","date_gmt":"2025-04-23T02:13:39","guid":{"rendered":"https:\/\/www.qualitester.com\/?post_type=product&#038;p=6624"},"modified":"2025-04-23T10:16:05","modified_gmt":"2025-04-23T02:16:05","slug":"syringe-air-leakage-tester-iso-7886-1","status":"publish","type":"product","link":"https:\/\/www.qualitester.com\/et\/toode\/syringe-air-leakage-tester-iso-7886-1\/","title":{"rendered":"SLT-02 s\u00fcstla \u00f5hulekke tester"},"content":{"rendered":"<p class=\"\" data-start=\"489\" data-end=\"995\">Meditsiiniliste s\u00fcstlate ohutuse ja toimivuse tagamiseks on olulised ranged katsemeetodid. Nende hulgas on <strong data-start=\"602\" data-end=\"632\">s\u00fcstla \u00f5hulekke tester<\/strong> on oluline vahend, mis m\u00e4ngib keskset rolli v\u00f5imalike lekete ja kolvi eraldumise tuvastamisel aspiratsiooni ajal. M\u00f5eldud vastavalt <em data-start=\"778\" data-end=\"790\">ISO 7886-1<\/em> ja eriti <em data-start=\"808\" data-end=\"817\">B lisa<\/em>, ... <strong data-start=\"823\" data-end=\"853\">SLT-02 s\u00fcstla lekkekatse<\/strong> aadressilt <strong data-start=\"859\" data-end=\"879\">Cell Instruments<\/strong> annab v\u00e4ga usaldusv\u00e4\u00e4rseid tulemusi spetsialistidele, kes tegelevad <strong data-start=\"943\" data-end=\"969\">s\u00fcstla lekke tuvastamine<\/strong> ja <strong data-start=\"974\" data-end=\"994\">ISO 7886 testimine<\/strong>.<\/p>\n<h2 data-start=\"1002\" data-end=\"1065\">ISO 7886-1 lisa B ja s\u00fcstla lekke tuvastamine<\/h2>\n<p class=\"\" data-start=\"1067\" data-end=\"1442\"><a href=\"https:\/\/www.qualitester.com\/et\/tootekategooria\/iso\/iso-7886-1\/\" target=\"_blank\" rel=\"noopener\"><strong><em data-start=\"1067\" data-end=\"1079\">ISO 7886-1<\/em><\/strong><\/a>, mis kannab pealkirja \u201cSteriilsed s\u00fcstlad \u00fchekordseks kasutamiseks - Osa 1: K\u00e4sitsi kasutatavad s\u00fcstlad\u201d, on \u00fclemaailmne standard, milles kirjeldatakse meditsiiniliste s\u00fcstlate toimivus- ja ohutusn\u00f5udeid. Selle standardi raames, <strong data-start=\"1281\" data-end=\"1292\">B lisa<\/strong> kirjeldab <strong data-start=\"1307\" data-end=\"1371\">katsemeetod s\u00fcstla kolvi stopperist m\u00f6\u00f6duvale \u00f5hulekkele<\/strong> aspiratsiooni ajal, samuti <strong data-start=\"1406\" data-end=\"1441\">kolvi eraldumise tuvastamine<\/strong>.<\/p>\n<p class=\"\" data-start=\"1444\" data-end=\"1588\">See meetod on v\u00e4ga oluline, sest \u00f5huleke s\u00fcstlas v\u00f5ib ohustada steriilsust, annustamise t\u00e4psust ja patsiendi ohutust. Menetlus h\u00f5lmab j\u00e4rgmist:<\/p>\n<ul data-start=\"1590\" data-end=\"1809\">\n<li class=\"\" data-start=\"1590\" data-end=\"1675\">\n<p class=\"\" data-start=\"1592\" data-end=\"1675\">T\u00e4itke s\u00fcstla v\u00e4hemalt 25% selle nimimahutavusest veega (18-28\u00b0C),<\/p>\n<\/li>\n<li class=\"\" data-start=\"1676\" data-end=\"1742\">\n<p class=\"\" data-start=\"1678\" data-end=\"1742\">Loomine <strong data-start=\"1689\" data-end=\"1718\">vaakumr\u00f5hk 88 kPa<\/strong> alla \u00fcmbritseva \u00f5hu r\u00f5hu,<\/p>\n<\/li>\n<li class=\"\" data-start=\"1743\" data-end=\"1809\">\n<p class=\"\" data-start=\"1745\" data-end=\"1809\">J\u00e4lgitakse, kas esineb \u00f5hulekkeid v\u00f5i <strong data-start=\"1778\" data-end=\"1808\">kolbistopperi eemaldamine<\/strong>.<\/p>\n<\/li>\n<\/ul>\n<p class=\"\" data-start=\"1811\" data-end=\"1926\">SLT-02 on t\u00e4pselt konstrueeritud nende tingimuste kontrollitud, automatiseeritud ja korratavaks j\u00e4ljendamiseks.<\/p>\n<h2 data-start=\"1933\" data-end=\"1985\">SLT-02 s\u00fcstla \u00f5hulekke tester<\/h2>\n<p class=\"\" data-start=\"1987\" data-end=\"2247\">The <strong data-start=\"1991\" data-end=\"2028\">SLT-02 s\u00fcstla \u00f5hulekke tester<\/strong> integreerib keerulise vaakumi tekitamise s\u00fcsteemi ja stabiilse juhtimismehhanismi, mis v\u00f5imaldab kasutajatel t\u00f5husalt, t\u00e4pselt ja j\u00e4rjekindlalt teostada s\u00fcstla lekkekatseid. Siin on, mis teeb sellest silmapaistva lahenduse:<\/p>\n<h3 data-start=\"2249\" data-end=\"2266\">Peamised omadused:<\/h3>\n<ol data-start=\"2267\" data-end=\"2625\">\n<li class=\"\" data-start=\"2267\" data-end=\"2319\">\n<p class=\"\" data-start=\"2269\" data-end=\"2319\"><strong data-start=\"2269\" data-end=\"2294\">Stabiilne vaakumi hoidmine<\/strong> t\u00e4pseks m\u00f5\u00f5tmiseks.<\/p>\n<\/li>\n<li class=\"\" data-start=\"2320\" data-end=\"2393\">\n<p class=\"\" data-start=\"2322\" data-end=\"2393\"><strong data-start=\"2322\" data-end=\"2349\">Venturi toru tehnoloogia<\/strong> t\u00f5husa negatiivse r\u00f5hu tekitamiseks.<\/p>\n<\/li>\n<li class=\"\" data-start=\"2394\" data-end=\"2464\">\n<p class=\"\" data-start=\"2396\" data-end=\"2464\"><strong data-start=\"2396\" data-end=\"2426\">Reguleeritav klambers\u00fcsteem<\/strong> mahutab erinevaid s\u00fcstla mahtusid.<\/p>\n<\/li>\n<li class=\"\" data-start=\"2465\" data-end=\"2548\">\n<p class=\"\" data-start=\"2467\" data-end=\"2548\"><strong data-start=\"2467\" data-end=\"2490\">Automaatne t\u00f6\u00f6<\/strong> p\u00e4rast testi alustamist - kasutaja sekkumine on minimaalne.<\/p>\n<\/li>\n<li class=\"\" data-start=\"2549\" data-end=\"2625\">\n<p class=\"\" data-start=\"2551\" data-end=\"2625\"><strong data-start=\"2551\" data-end=\"2575\">Vastupidav konstruktsioon<\/strong> tagab pika kasutusea suure mahuga kvaliteedikontrolli laborites.<\/p>\n<\/li>\n<\/ol>\n<h3 data-start=\"2627\" data-end=\"2656\">Tehnilised andmed:<\/h3>\n<table style=\"height: 167px;\" width=\"1088\">\n<tbody>\n<tr>\n<td style=\"text-align: center;\" width=\"83\"><strong data-start=\"2659\" data-end=\"2674\">Katse ulatus<\/strong><\/td>\n<td style=\"text-align: center;\" width=\"91\">0~-90KPa<\/td>\n<\/tr>\n<tr>\n<td style=\"text-align: center;\" width=\"83\"><strong data-start=\"2691\" data-end=\"2714\">Sisend\u00f5hk<\/strong><\/td>\n<td style=\"text-align: center;\" width=\"91\">0,6~0,7 Mpa<\/td>\n<\/tr>\n<tr>\n<td style=\"text-align: center;\" width=\"83\"><strong data-start=\"2760\" data-end=\"2778\">Katse kestus<\/strong><\/td>\n<td style=\"text-align: center;\" width=\"91\">Kuni 9999 tundi (programmeeritav)<\/td>\n<\/tr>\n<tr>\n<td style=\"text-align: center;\" width=\"83\"><strong data-start=\"2733\" data-end=\"2750\">Toiteallikas<\/strong><\/td>\n<td style=\"text-align: center;\" width=\"91\">220V<\/td>\n<\/tr>\n<\/tbody>\n<\/table>\n<p class=\"\" data-start=\"2812\" data-end=\"3018\">Tester sisaldab lekkekatseseadme juhtplokki, s\u00fcstla statiivi, \u00fchendusvoolikut ja vajalikke tarvikuid, mis k\u00f5ik on ehitatud vastavalt rangetele n\u00f5uetele, mis on kehtestatud alates <strong data-start=\"2978\" data-end=\"2990\">GB 15810<\/strong> ja <strong data-start=\"2995\" data-end=\"3017\">ISO 7886-1 B lisa<\/strong>.<\/p>\n<h2 data-start=\"3025\" data-end=\"3087\">Rakendused meditsiini- ja ravimikvaliteedi kontrollimisel<\/h2>\n<p class=\"\" data-start=\"3089\" data-end=\"3176\">The <strong data-start=\"3093\" data-end=\"3123\">s\u00fcstla \u00f5hulekke tester<\/strong> on asendamatu mitmes sektoris, sealhulgas:<\/p>\n<ul data-start=\"3178\" data-end=\"3478\">\n<li class=\"\" data-start=\"3178\" data-end=\"3261\">\n<p class=\"\" data-start=\"3180\" data-end=\"3261\"><strong data-start=\"3180\" data-end=\"3212\">Meditsiiniseadmete tootmine<\/strong>, tagades vastavuse regulatiivsetele standarditele,<\/p>\n<\/li>\n<li class=\"\" data-start=\"3262\" data-end=\"3329\">\n<p class=\"\" data-start=\"3264\" data-end=\"3329\"><strong data-start=\"3264\" data-end=\"3297\">Farmaatsiatoodete pakendamislaborid<\/strong>, steriilsete toodete tagamiseks,<\/p>\n<\/li>\n<li class=\"\" data-start=\"3330\" data-end=\"3407\">\n<p class=\"\" data-start=\"3332\" data-end=\"3407\"><strong data-start=\"3332\" data-end=\"3364\">Kolmanda osapoolega seotud testimisagentuurid<\/strong>, toote ohutuse ja j\u00e4rjepidevuse kontrollimine,<\/p>\n<\/li>\n<li class=\"\" data-start=\"3408\" data-end=\"3478\">\n<p class=\"\" data-start=\"3410\" data-end=\"3478\"><strong data-start=\"3410\" data-end=\"3422\">Uurimis- ja arendustegevuse laborid<\/strong>, et hinnata s\u00fcstla protot\u00fc\u00fcpide konstruktsioone v\u00f5i materjale.<\/p>\n<\/li>\n<\/ul>\n<p class=\"\" data-start=\"3480\" data-end=\"3711\">Kvaliteedi tagamisega seotud spetsialistid ja <strong data-start=\"3528\" data-end=\"3554\">s\u00fcstla lekke tuvastamine<\/strong> tuginevad sellistele vahenditele nagu SLT-02 mitte ainult n\u00f5uete t\u00e4itmiseks, vaid ka oma usaldusv\u00e4\u00e4rsuse suurendamiseks ja toote eba\u00f5nnestumise riski v\u00e4hendamiseks turul.<\/p>\n<h2 data-start=\"3718\" data-end=\"3778\">Miks valida Cell Instruments SLT-02 ISO 7886 testimiseks<\/h2>\n<p class=\"\" data-start=\"3780\" data-end=\"3941\">Materjalide ja pakendite testimise lahenduste liidrina, <strong data-start=\"3838\" data-end=\"3868\">Cell Instruments Co., Ltd.<\/strong> ei paku mitte ainult tugevat riistvara, vaid ka erakordset teenust, sealhulgas:<\/p>\n<ul data-start=\"3943\" data-end=\"4174\">\n<li class=\"\" data-start=\"3943\" data-end=\"4013\">\n<p class=\"\" data-start=\"3945\" data-end=\"4013\">Kohandatavad kinnitusdetailid <strong data-start=\"3971\" data-end=\"4012\">erilised s\u00fcstla suurused v\u00f5i n\u00f5uded<\/strong>,<\/p>\n<\/li>\n<li class=\"\" data-start=\"4014\" data-end=\"4076\">\n<p class=\"\" data-start=\"4016\" data-end=\"4076\"><strong data-start=\"4016\" data-end=\"4045\">Automatiseerimise \u00fcmberkujundamine<\/strong> tootmisliinide teenused,<\/p>\n<\/li>\n<li class=\"\" data-start=\"4077\" data-end=\"4174\">\n<p class=\"\" data-start=\"4079\" data-end=\"4174\">Tehniline tugi, mille aluseks on p\u00f5hjalikud teadmised <strong data-start=\"4125\" data-end=\"4139\">ISO 7886-1<\/strong> ja muud rahvusvahelised standardid.<\/p>\n<\/li>\n<\/ul>\n<p class=\"\" data-start=\"4176\" data-end=\"4300\">Meie p\u00fchendumine kvaliteedile, t\u00e4psusele ja kliendi rahulolule tagab, et teie s\u00fcstlatestid vastavad k\u00f5rgeimatele ootustele.<\/p>\n<p class=\"\" data-start=\"4323\" data-end=\"4624\">The <strong data-start=\"4327\" data-end=\"4364\">SLT-02 s\u00fcstla \u00f5hulekke tester<\/strong> on midagi enamat kui seade - see on terviklik lahendus, mis on kohandatud meditsiinilise t\u00e4psuse ja usaldusv\u00e4\u00e4rsuse tagamiseks. T\u00e4ielik vastavus <strong data-start=\"4494\" data-end=\"4516\">ISO 7886-1 B lisa<\/strong>, toetab see spetsialiste t\u00f5husate, j\u00e4lgitavate ja standarditud <strong data-start=\"4597\" data-end=\"4623\">s\u00fcstla lekke tuvastamine<\/strong>.<\/p>\n<p class=\"\" data-start=\"4626\" data-end=\"4734\">Varustage oma laboratoorium SLT-02-ga alates <strong data-start=\"4662\" data-end=\"4682\">Cell Instruments<\/strong>-sest s\u00fcstla ohutust ei tohiks kunagi ohustada.<\/p>\n<p class=\"\" data-start=\"4741\" data-end=\"4749\"><strong data-start=\"4741\" data-end=\"4749\">KKK<\/strong><\/p>\n<p class=\"\" data-start=\"4751\" data-end=\"4949\"><strong data-start=\"4751\" data-end=\"4812\">1. Mis on s\u00fcstla \u00f5hulekke testija eesm\u00e4rk?<\/strong><br data-start=\"4812\" data-end=\"4815\" \/>Seda kasutatakse selleks, et tuvastada \u00f5hu lekkimist s\u00fcstla kolbistopperist m\u00f6\u00f6da ja kontrollida, kas kolbistopper eraldub aspiratsiooni ajal.<\/p>\n<p class=\"\" data-start=\"4951\" data-end=\"5145\"><strong data-start=\"4951\" data-end=\"5015\">2. Millise standardiga reguleeritakse s\u00fcstlate \u00f5hulekkekatset?<\/strong><br data-start=\"5015\" data-end=\"5018\" \/>Katse on m\u00e4\u00e4ratletud <strong data-start=\"5041\" data-end=\"5063\">ISO 7886-1 B lisa<\/strong>, milles on esitatud \u00fcksikasjalik meetod \u00f5hulekke ja kolvi eraldumise katsetamiseks.<\/p>\n<p class=\"\" data-start=\"5147\" data-end=\"5321\"><strong data-start=\"5147\" data-end=\"5207\">3. Millist t\u00fc\u00fcpi s\u00fcstlaid saab SLT-02 abil testida?<\/strong><br data-start=\"5207\" data-end=\"5210\" \/>SLT-02 toetab mitmesuguseid s\u00fcstla suurusi ja t\u00fc\u00fcpe, mis on ette n\u00e4htud k\u00e4sitsi kasutamiseks, nagu on kirjeldatud dokumendis <a href=\"https:\/\/www.iso.org\/standard\/64790.html\" target=\"_blank\" rel=\"noopener nofollow\">ISO 7886-1<\/a>.<\/p>\n<p class=\"\" data-start=\"5323\" data-end=\"5476\"><strong data-start=\"5323\" data-end=\"5375\">4. Kuidas SLT-02 tekitab vaakumisurvet?<\/strong><br data-start=\"5375\" data-end=\"5378\" \/>See kasutab suru\u00f5hu ja venturi toru tehnoloogiat, et luua kontrollitud vaakum kuni -90 kPa.<\/p>\n<p class=\"\" data-start=\"5478\" data-end=\"5692\"><strong data-start=\"5478\" data-end=\"5549\">5. Kas testija saab kohandada spetsiaalsete s\u00fcstlakonfiguratsioonide jaoks?<\/strong><br data-start=\"5549\" data-end=\"5552\" \/>Jah, Cell Instruments on spetsialiseerunud <strong data-start=\"5589\" data-end=\"5617\">kohandatud testimislahendused<\/strong> ja saab seadet kohandada unikaalse s\u00fcstla konstruktsiooni v\u00f5i testimisn\u00f5uete jaoks.<\/p>","protected":false},"excerpt":{"rendered":"<p>The <strong data-start=\"1991\" data-end=\"2028\">SLT-02 s\u00fcstla \u00f5hulekke tester<\/strong> integreerib keerulise vaakumi tekitamise s\u00fcsteemi ja stabiilse juhtimismehhanismi, mis v\u00f5imaldab kasutajatel t\u00f5husalt, t\u00e4pselt ja j\u00e4rjepidevalt teostada s\u00fcstla lekkekatseid.<\/p>","protected":false},"featured_media":6628,"comment_status":"closed","ping_status":"closed","template":"","meta":{"site-sidebar-layout":"default","site-content-layout":"default","ast-global-header-display":"","ast-main-header-display":"","ast-hfb-above-header-display":"","ast-hfb-below-header-display":"","ast-hfb-mobile-header-display":"","site-post-title":"","ast-breadcrumbs-content":"","ast-featured-img":"","footer-sml-layout":"","theme-transparent-header-meta":"default","adv-header-id-meta":"","stick-header-meta":"","header-above-stick-meta":"","header-main-stick-meta":"","header-below-stick-meta":""},"product_cat":[845,1053,675,149,95],"product_tag":[],"class_list":{"0":"post-6624","1":"product","2":"type-product","3":"status-publish","4":"has-post-thumbnail","6":"product_cat-customization","7":"product_cat-iso-7886-1","8":"product_cat-leak-tester","9":"product_cat-pharma-and-medical-testers","10":"product_cat-products","11":"desktop-align-left","12":"tablet-align-left","13":"mobile-align-left","15":"first","16":"instock","17":"shipping-taxable","18":"product-type-simple"},"_links":{"self":[{"href":"https:\/\/www.qualitester.com\/et\/wp-json\/wp\/v2\/product\/6624","targetHints":{"allow":["GET"]}}],"collection":[{"href":"https:\/\/www.qualitester.com\/et\/wp-json\/wp\/v2\/product"}],"about":[{"href":"https:\/\/www.qualitester.com\/et\/wp-json\/wp\/v2\/types\/product"}],"replies":[{"embeddable":true,"href":"https:\/\/www.qualitester.com\/et\/wp-json\/wp\/v2\/comments?post=6624"}],"version-history":[{"count":0,"href":"https:\/\/www.qualitester.com\/et\/wp-json\/wp\/v2\/product\/6624\/revisions"}],"wp:featuredmedia":[{"embeddable":true,"href":"https:\/\/www.qualitester.com\/et\/wp-json\/wp\/v2\/media\/6628"}],"wp:attachment":[{"href":"https:\/\/www.qualitester.com\/et\/wp-json\/wp\/v2\/media?parent=6624"}],"wp:term":[{"taxonomy":"product_cat","embeddable":true,"href":"https:\/\/www.qualitester.com\/et\/wp-json\/wp\/v2\/product_cat?post=6624"},{"taxonomy":"product_tag","embeddable":true,"href":"https:\/\/www.qualitester.com\/et\/wp-json\/wp\/v2\/product_tag?post=6624"}],"curies":[{"name":"wp","href":"https:\/\/api.w.org\/{rel}","templated":true}]}}