{"id":6452,"date":"2025-02-08T15:47:12","date_gmt":"2025-02-08T07:47:12","guid":{"rendered":"https:\/\/www.qualitester.com\/?post_type=product&#038;p=6452"},"modified":"2025-05-12T11:05:55","modified_gmt":"2025-05-12T03:05:55","slug":"syringe-needle-break-resistance-testing","status":"publish","type":"product","link":"https:\/\/www.qualitester.com\/et\/toode\/syringe-needle-break-resistance-testing\/","title":{"rendered":"NTT-01 s\u00fcstla n\u00f5ela purunemiskindluse testimise seadmed"},"content":{"rendered":"<h2><strong>Sissejuhatus s\u00fcstlan\u00f5ela purunemiskindluse testimisse<\/strong><\/h2>\n<p>S\u00fcstalde n\u00f5elte purunemiskindluse testimine m\u00e4ngib olulist rolli s\u00fcstlan\u00f5elte ohutuse ja t\u00f5hususe tagamisel. N\u00f5elad peavad vastu pidama meditsiiniliste protseduuride, sealhulgas s\u00fcstla sisestamise ja v\u00e4ljav\u00f5tmise ajal esinevatele mehaanilistele koormustele. Kasutamise ajal purunev n\u00f5el v\u00f5ib p\u00f5hjustada t\u00f5siseid terviseriske, n\u00e4iteks vigastusi v\u00f5i saastumist, mist\u00f5ttu on n\u00f5ela purunemiskindluse kontrollimine kvaliteedikontrolli protsessi oluline osa.<\/p>\n<p>\u00dcks k\u00f5ige laialdasemalt tunnustatud s\u00fcstlan\u00f5elte testimise standardeid on <a href=\"https:\/\/www.qualitester.com\/et\/standards\/iso-9626\/\" target=\"_blank\" rel=\"noopener\"><strong>ISO 9626<\/strong><\/a>. K\u00e4esolevas rahvusvahelises standardis on esitatud n\u00f5uded s\u00fcstlan\u00f5elte materjalidele, m\u00f5\u00f5tmetele ja mehaanilistele omadustele, sealhulgas konkreetsed katsemeetodid nende purunemiskindluse hindamiseks. ISO 9626 standardit j\u00e4rgides tagavad tootjad, et nende s\u00fcstlan\u00f5elad vastavad ohutusstandarditele ja sobivad meditsiiniliseks kasutamiseks.<\/p>\n<h2><strong>ISO 9626 ja s\u00fcstlan\u00f5ela testimise m\u00f5istmine<\/strong><\/h2>\n<h3><strong>ISO 9626 \u00fclevaade<\/strong><\/h3>\n<p><strong>ISO 9626:2016<\/strong> on rahvusvaheline standard, mis s\u00e4testab spetsifikatsioonid s\u00fcstlan\u00f5elte m\u00f5\u00f5tmete, materjalide ja toimivuse kohta. Standardiga tagatakse, et n\u00f5elad valmistatakse t\u00e4psete tolerantside j\u00e4rgi, kasutades materjale, mis peavad vastu t\u00fc\u00fcpiliste meditsiiniliste protseduuride k\u00e4igus tekkivatele j\u00f5ududele.<\/p>\n<p>Eelk\u00f5ige, <strong>ISO 9626<\/strong> m\u00e4\u00e4rab kindlaks n\u00f5elte purunemiskindluse katsemeetodid, mis on olulised n\u00f5elte vastupidavuse tagamiseks tavap\u00e4rastes kasutustingimustes. Need katsed aitavad tuvastada k\u00f5ik struktuurilised n\u00f5rgad kohad, mis v\u00f5ivad p\u00f5hjustada n\u00f5ela purunemist, v\u00e4ltides seel\u00e4bi v\u00f5imalikke vigastusi v\u00f5i t\u00fcsistusi kasutamise ajal.<\/p>\n<h3><strong>ISO 9626: lisa C (purunemiskindluse katsemeetod)<\/strong><\/h3>\n<p>The <strong>purunemiskindluse katsemeetod<\/strong> kirjeldatud <strong>Lisa C<\/strong> ISO 9626 standardis keskendutakse meditsiiniliste protseduuride ajal s\u00fcstlan\u00f5eladele avalduvate mehaaniliste pingete simuleerimisele. See katse h\u00f5lmab n\u00f5elatoru painutamist kindlaksm\u00e4\u00e4ratud nurkade all, et m\u00e4\u00e4rata selle purunemiskindlus korduvate pingets\u00fcklite korral.<\/p>\n<h4><strong>Katse p\u00f5him\u00f5te<\/strong><\/h4>\n<p>Katse algab n\u00f5elatoru \u00fche otsa kinnitamisega ja vastask\u00fcljele teatava kauguse tagant painutusj\u00f5u rakendamisega. See j\u00f5ud p\u00f5hjustab n\u00f5elatoru paindumise nurga all kas \u00fches v\u00f5i m\u00f5lemas suunas, kusjuures torule tehakse mitu painutusts\u00fcklit. Katse aitab kindlaks teha, kas n\u00f5el peab mehaanilisele koormusele vastu ilma purunemiseta.<\/p>\n<h4><strong>Katse parameetrid<\/strong><\/h4>\n<p>Katse p\u00f5hiparameetrid on j\u00e4rgmised:<\/p>\n<ul>\n<li><strong>Painutusnurk<\/strong>: N\u00f5elad on painutatud 25\u00b0 nurga all tavalise seinaga torude puhul, 20\u00b0 nurga all \u00f5hukese seinaga torude puhul ja 15\u00b0 nurga all eriti \u00f5hukese seinaga v\u00f5i \u00fcli\u00f5hukese seinaga torude puhul.<\/li>\n<li><strong>Katse sagedus<\/strong>: Paindeprotsessi korratakse sagedusega 0,5 Hz, mis simuleerib kasutamisel tekkivaid pingeid.<\/li>\n<\/ul>\n<p>Katse viiakse l\u00e4bi 20 t\u00e4ieliku ts\u00fckli jooksul ja k\u00f5ik n\u00e4htavad purunemism\u00e4rgid registreeritakse. See aitab tuvastada n\u00f5ela n\u00f5rgad kohad, mis v\u00f5ivad p\u00f5hjustada t\u00f5rkeid meditsiiniliste rakenduste puhul.<\/p>\n<h2><strong>NTT-01 n\u00f5elakindluse tester: NTT: omadused ja eelised<\/strong><\/h2>\n<p>The <strong>NTT-01 n\u00f5elakindluse tester<\/strong> on ette n\u00e4htud s\u00fcstlan\u00f5ela purunemiskindluse testide l\u00e4biviimiseks rangelt koosk\u00f5las <strong>ISO 9626<\/strong>. See vahend on oluline s\u00fcstlan\u00f5elte mehaanilise vastupidavuse hindamiseks ja selle tagamiseks, et need suudavad vastu pidada kasutamisel tekkivatele paindumisj\u00f5ududele.<\/p>\n<h3><strong>T\u00f6\u00f6mehhanism<\/strong><\/h3>\n<p>NTT-01 n\u00f5elakindluse tester t\u00f6\u00f6tab n\u00f5elatoru \u00fche otsa fikseerimise teel, rakendades samal ajal kindlaksm\u00e4\u00e4ratud kaugusele j\u00f5udu, et toru painutada. Seda j\u00f5udu rakendatakse m\u00f5lemas suunas, simuleerides tingimusi, millega n\u00f5el puutub kokku sisestamise ja v\u00e4ljat\u00f5mbamise ajal. Katse viiakse l\u00e4bi ts\u00fcklite kaupa, et m\u00f5\u00f5ta n\u00f5ela v\u00f5imet taluda korduvaid pingeid ilma purunemiseta.<\/p>\n<h3><strong>Testimisre\u017eiimid<\/strong><\/h3>\n<p>NTT-01 pakub paindlikkust testimisel, pakkudes nii <strong>\u00fchesuunaline<\/strong> ja <strong>kahesuunaline painutamine<\/strong> re\u017eiimid. See v\u00f5imaldab igak\u00fclgselt hinnata n\u00f5ela vastupidavust erinevates tingimustes, mis on oluline ISO 9626 n\u00f5uete t\u00e4itmiseks.<\/p>\n<h3><strong>Peamised omadused<\/strong><\/h3>\n<ul>\n<li><strong>PLC-juhitav s\u00fcsteem<\/strong>: NTT-01 on varustatud programmeeritava loogikakontrolleriga (PLC) ja 7-tollise HMI puuteekraaniga, mis muudab testiparameetrite juhtimise ja kontrollimise lihtsaks.<\/li>\n<li><strong>Muutuv testikiirus<\/strong>: Seade v\u00f5imaldab t\u00e4pselt kontrollida katse kiirust, mida saab reguleerida vastavalt katse spetsiifilistele vajadustele.<\/li>\n<li><strong>Automaatne tagasip\u00f6\u00f6rdumine<\/strong>: Elektrikatkestuse korral p\u00f6\u00f6rdub s\u00fcsteem automaatselt tagasi eelmisse asendisse, tagades testimise j\u00e4rjepidevuse.<\/li>\n<li><strong>Vastavus standardile ISO 9626<\/strong>: NTT-01 vastab ISO 9626 C lisale, mis teeb sellest usaldusv\u00e4\u00e4rse vahendi s\u00fcstlan\u00f5ela purunemiskindluse testimiseks.<\/li>\n<\/ul>\n<h2><strong>S\u00fcstalde n\u00f5ela purunemiskindluse testimise eelised<\/strong><\/h2>\n<h3><strong>T\u00f5hustatud tooteohutus<\/strong><\/h3>\n<p>S\u00fcstalde n\u00f5elte purunemiskindluse testimise abil saavad tootjad tagada, et nende n\u00f5elad on piisavalt vastupidavad, et pidada vastu meditsiiniliste protseduuride pingetele. See v\u00e4hendab n\u00f5ela purunemise ohtu, mis v\u00f5ib p\u00f5hjustada patsientide v\u00f5i tervishoiut\u00f6\u00f6tajate vigastusi.<\/p>\n<h3><strong>Kvaliteedi tagamine<\/strong><\/h3>\n<p>S\u00fcstalde n\u00f5ela purunemiskindluse testimine aitab tootjatel t\u00e4ita regulatiivseid n\u00f5udeid ja kvaliteedistandardeid, n\u00e4iteks <strong>ISO 9626<\/strong>. Neid standardeid j\u00e4rgides saavad tootjad tagada, et nende tooted on j\u00e4rjepidevad, usaldusv\u00e4\u00e4rsed ja ohutud meditsiinis kasutamiseks.<\/p>\n<h3><strong>Kulude kokkuhoid<\/strong><\/h3>\n<p>Murdekindluse testimine v\u00f5ib aidata tootjatel v\u00e4ltida kulukaid tagasikutsumisi v\u00f5i \u00f5iguslikke probleeme, tuvastades v\u00f5imalikud defektid enne, kui n\u00f5elad j\u00f5uavad turule. Selline ennetav l\u00e4henemisviis s\u00e4\u00e4stab pikemas perspektiivis raha, tagades kvaliteetsete ja vastupidavate toodete turuleviimise.<\/p>\n<h2><strong>Peamised s\u00fcstlan\u00f5elte purunemiskindluse testimise standardid<\/strong><\/h2>\n<p>Lisaks <a href=\"https:\/\/www.iso.org\/standard\/60480.html\" target=\"_blank\" rel=\"noopener nofollow\"><strong>ISO 9626<\/strong><\/a>, on ka teisi asjakohaseid standardeid, mis reguleerivad s\u00fcstlan\u00f5elte kontrollimist, sealhulgas:<\/p>\n<ul>\n<li><strong>GB\/T 18457<\/strong>: Hiina standard n\u00f5elte purunemiskindluse testimiseks, mis on tihedalt koosk\u00f5las <strong>ISO 9626<\/strong>.<\/li>\n<li><strong>ASTM F2922<\/strong>: Standard n\u00f5elte mehaaniliste omaduste, sealhulgas purunemiskindluse katsetamiseks.<\/li>\n<\/ul>\n<p>Need standardid aitavad kehtestada h\u00fcpodermiliste n\u00f5elte toimivuse kriteeriumid ja tagavad, et need vastavad n\u00f5elte ohutus- ja usaldusv\u00e4\u00e4rsusn\u00f5uetele.<\/p>\n<h2><strong>Kokkuv\u00f5te<\/strong><\/h2>\n<p>S\u00fcstalde n\u00f5elte purunemiskindluse testimine on oluline protsess, et tagada s\u00fcstlan\u00f5elte vastupidavus ja ohutus. J\u00e4rgides <strong>ISO 9626<\/strong> ja kasutades selliseid vahendeid nagu <strong>NTT-01 n\u00f5elakindluse tester<\/strong>, saavad tootjad tagada, et nende n\u00f5elad vastavad k\u00f5rgeimatele ohutusstandarditele ja toimivad meditsiiniliste protseduuride ajal usaldusv\u00e4\u00e4rselt. Selline testimine ei kaitse mitte ainult patsiente, vaid tagab ka selle, et tootjad j\u00e4rgivad t\u00f6\u00f6stusharu eeskirju.<\/p>\n<p>Lisateavet saab <strong>NTT-01 n\u00f5elakindluse tester<\/strong> ja kuidas see aitab parandada teie s\u00fcstlan\u00f5elte kvaliteeti, v\u00f5tke meiega juba t\u00e4na \u00fchendust.<\/p>\n<h2><strong>KKK jaotis<\/strong><\/h2>\n<ol>\n<li><strong>Mis on s\u00fcstlan\u00f5ela purunemiskindluse testimine?<\/strong>\n<ul>\n<li>S\u00fcstalde n\u00f5ela purunemiskindluse testimisel hinnatakse n\u00f5ela v\u00f5imet taluda mehaanilist koormust s\u00fcstla sisestamise ja v\u00e4ljav\u00f5tmise ajal, et v\u00e4ltida n\u00f5ela purunemist.<\/li>\n<\/ul>\n<\/li>\n<li><strong>Kuidas on ISO 9626 seotud s\u00fcstlan\u00f5elte testimisega?<\/strong>\n<ul>\n<li>ISO 9626 s\u00e4testab standardid s\u00fcstlan\u00f5elte m\u00f5\u00f5tmete, materjalide ja mehaaniliste omaduste kohta, sealhulgas purunemiskindluse katsemeetodid.<\/li>\n<\/ul>\n<\/li>\n<li><strong>Mis on NTT-01 n\u00f5elakindluse tester?<\/strong>\n<ul>\n<li>NTT-01 n\u00f5elakindluse tester on masin, mida kasutatakse ISO 9626-s n\u00f5utud paindekatse l\u00e4biviimiseks, et tagada s\u00fcstlan\u00f5elte purunemiskindlus.<\/li>\n<\/ul>\n<\/li>\n<li><strong>Kuidas teostate s\u00fcstlan\u00f5ela purunemiskindluse testi?<\/strong>\n<ul>\n<li>Katse h\u00f5lmab n\u00f5elatoru painutamist kindlaksm\u00e4\u00e4ratud nurga ja sageduse all \u00fches v\u00f5i kahes suunas, et hinnata selle vastupidavust pinge all.<\/li>\n<\/ul>\n<\/li>\n<li><strong>Millised on s\u00fcstlan\u00f5ela purunemiskindluse testimise eelised?<\/strong>\n<ul>\n<li>Test tagab n\u00f5elte ohutuse, hoiab \u00e4ra vigastused ja aitab tootjatel t\u00e4ita t\u00f6\u00f6stusstandardeid ja regulatiivseid n\u00f5udeid.<\/li>\n<\/ul>\n<\/li>\n<\/ol>","protected":false},"excerpt":{"rendered":"<p>Introduction to Syringe Needle Break Resistance Testing Syringe needle break resistance testing plays a crucial role in ensuring the safety and effectiveness of hypodermic needles. Needles must withstand the mechanical stresses encountered during medical procedures, including insertion and withdrawal. A needle that breaks during use can lead to serious health risks such as injury or &hellip;<\/p>\n<p class=\"read-more\"> <a class=\"\" href=\"https:\/\/www.qualitester.com\/et\/toode\/syringe-needle-break-resistance-testing\/\"> <span class=\"screen-reader-text\">NTT-01 s\u00fcstla n\u00f5ela purunemiskindluse testimise seadmed<\/span> Loe edasi \u00bb<\/a><\/p>","protected":false},"featured_media":6453,"comment_status":"closed","ping_status":"closed","template":"","meta":{"site-sidebar-layout":"default","site-content-layout":"default","ast-global-header-display":"","ast-main-header-display":"","ast-hfb-above-header-display":"","ast-hfb-below-header-display":"","ast-hfb-mobile-header-display":"","site-post-title":"","ast-breadcrumbs-content":"","ast-featured-img":"","footer-sml-layout":"","theme-transparent-header-meta":"default","adv-header-id-meta":"","stick-header-meta":"","header-above-stick-meta":"","header-main-stick-meta":"","header-below-stick-meta":""},"product_cat":[1181,1180,1179,149],"product_tag":[],"class_list":{"0":"post-6452","1":"product","2":"type-product","3":"status-publish","4":"has-post-thumbnail","6":"product_cat-gb-t-18457","7":"product_cat-iso-9626","8":"product_cat-needle-toughness-tester","9":"product_cat-pharma-and-medical-testers","10":"desktop-align-left","11":"tablet-align-left","12":"mobile-align-left","14":"first","15":"instock","16":"shipping-taxable","17":"product-type-simple"},"_links":{"self":[{"href":"https:\/\/www.qualitester.com\/et\/wp-json\/wp\/v2\/product\/6452","targetHints":{"allow":["GET"]}}],"collection":[{"href":"https:\/\/www.qualitester.com\/et\/wp-json\/wp\/v2\/product"}],"about":[{"href":"https:\/\/www.qualitester.com\/et\/wp-json\/wp\/v2\/types\/product"}],"replies":[{"embeddable":true,"href":"https:\/\/www.qualitester.com\/et\/wp-json\/wp\/v2\/comments?post=6452"}],"version-history":[{"count":0,"href":"https:\/\/www.qualitester.com\/et\/wp-json\/wp\/v2\/product\/6452\/revisions"}],"wp:featuredmedia":[{"embeddable":true,"href":"https:\/\/www.qualitester.com\/et\/wp-json\/wp\/v2\/media\/6453"}],"wp:attachment":[{"href":"https:\/\/www.qualitester.com\/et\/wp-json\/wp\/v2\/media?parent=6452"}],"wp:term":[{"taxonomy":"product_cat","embeddable":true,"href":"https:\/\/www.qualitester.com\/et\/wp-json\/wp\/v2\/product_cat?post=6452"},{"taxonomy":"product_tag","embeddable":true,"href":"https:\/\/www.qualitester.com\/et\/wp-json\/wp\/v2\/product_tag?post=6452"}],"curies":[{"name":"wp","href":"https:\/\/api.w.org\/{rel}","templated":true}]}}