{"id":5382,"date":"2024-11-15T11:14:56","date_gmt":"2024-11-15T03:14:56","guid":{"rendered":"https:\/\/www.qualitester.com\/?post_type=product&#038;p=5382"},"modified":"2024-12-05T14:22:11","modified_gmt":"2024-12-05T06:22:11","slug":"sale-packaging-vibration-testing-machine","status":"publish","type":"product","link":"https:\/\/www.qualitester.com\/et\/toode\/sale-packaging-vibration-testing-machine\/","title":{"rendered":"VTM-01 pakendi vibratsiooni testimise masin"},"content":{"rendered":"<h3>Sissejuhatus pakendi vibratsioonikatsetusseadmesse<\/h3>\n<p>The <strong>Pakendi vibratsiooni testimise masin<\/strong> on tugev ja oluline vahend t\u00f6\u00f6stusharudele, mis on p\u00fchendunud pakendite vastupidavuse ja t\u00f6\u00f6kindluse tagamisele reaalsetes tingimustes. See masin on m\u00f5eldud t\u00e4ielike transpordipakendite v\u00f5i t\u00e4idetud \u00fchiklastide katsetamiseks ja aitab simuleerida pakendite k\u00e4itlemise, saatmise ja ladustamise ajal tekkivaid pingeid. See masin on laialdaselt kasutatav sellistes sektorites nagu pakendid, toiduained, ravimid, elektroonika ja kvaliteedikontroll ning on hindamatu v\u00e4\u00e4rtusega, et kontrollida, kas pakendid pakuvad oma sisule piisavat kaitset.<\/p>\n<h2>Pakendi vibratsiooni testimise masina peamised rakendused<\/h2>\n<p>Meie pakendite vibratsioonikatsetusmasin pakub kontrollitud keskkonda, et hinnata, kui h\u00e4sti pakendid taluvad madalsageduslikku vibratsiooni. See on ideaalne:<\/p>\n<ul>\n<li>Transpordipakendi struktuurilise terviklikkuse hindamine ja kaitsefunktsiooni tagamine.<\/li>\n<li>T\u00e4idetud \u00fchikute testimine, et v\u00e4ltida toote v\u00f5imalikku kahjustumist jaotamise ajal.<\/li>\n<li>Erinevates t\u00f6\u00f6stusharudes kasutatavate pakendite vastupidavuse hindamine, tagades, et sisu on kaitstud l\u00f6\u00f6kide, vibratsiooni ja karmi k\u00e4itlemise eest.<\/li>\n<\/ul>\n<h2>Pakendi vibratsiooni testimise masina t\u00f6\u00f6p\u00f5him\u00f5te<\/h2>\n<p>See masin t\u00f6\u00f6tab, rakendades sinusoidset ergutust fikseeritud madalal sagedusel. Katsekehad asetatakse vibratsioonilauale, kus neile rakendatakse kontrollitud tingimustes vibratsioonij\u00f5udu, mis j\u00e4ljendavad transpordikeskkonda. Sellised tingimused nagu atmosf\u00e4\u00e4ri parameetrid, vibratsioonisagedus, kestus ja kinnipidamismeetod m\u00e4\u00e4ratakse eelnevalt kindlaks, et tagada t\u00e4psus. Automaatsete elektrooniliste m\u00f5\u00f5tmismeetodite abil \u00fchtlustab see vibratsioonikatsetusmasin kiiruse ja t\u00e4psuse katsetamist, aidates v\u00e4hendada inimlikke vigu ja anda korratavaid tulemusi.<\/p>\n<h2>Pakendi vibratsiooni testimise masina kasutamise eelised<\/h2>\n<ul>\n<li><strong>K\u00f5rge t\u00e4psus<\/strong>: Automatiseeritud ja elektroonilised m\u00f5\u00f5tmised suurendavad testide t\u00e4psust ja j\u00e4rjepidevust, k\u00f5rvaldades subjektiivsuse.<\/li>\n<li><strong>Kasutamise lihtsus<\/strong>: Testimise alustamiseks asetage pakett lihtsalt platvormile, mis teeb selle k\u00e4ttesaadavaks isegi minimaalse v\u00e4lja\u00f5ppega operaatoritele.<\/li>\n<li><strong>T\u00f5hus testimine<\/strong>: Seadme automaatne tagasip\u00f6\u00f6rdumisfunktsioon v\u00f5imaldab pidevat, sujuvat testimist ilma k\u00e4sitsi l\u00e4htestamiseta, s\u00e4\u00e4stes aega ja t\u00f6\u00f6j\u00f5udu.<\/li>\n<\/ul>\n<p>See masin on kriitiline vahend ettev\u00f5tetele, mille eesm\u00e4rk on usaldusv\u00e4\u00e4rne kvaliteedikontroll pakendamisel ja turustamisel.<\/p>\n<h2>Vastavus peamistele standarditele<\/h2>\n<h3>ASTM D999: Vibratsiooni katsetamise standard<\/h3>\n<p><a href=\"https:\/\/www.astm.org\/d0999-08r15.html\" target=\"_blank\" rel=\"noopener nofollow\">ASTM D999<\/a> on madala sagedusega vibratsioonikatsete autoriteetne standard, mis on spetsiaalselt m\u00f5eldud pakendite vastupidavuse hindamiseks veotingimusi j\u00e4ljendavate vibratsioonide suhtes. See standard kirjeldab katsemeetodeid pakendi toimivuse t\u00e4pseks hindamiseks, aidates tagada toote ohutuse ja v\u00e4hendada kahjustusi transpordi ajal. Koosk\u00f5las <a href=\"https:\/\/www.qualitester.com\/et\/tootekategooria\/astm\/astm-d999\/\" target=\"_blank\" rel=\"noopener\">ASTM D999<\/a>, pakub meie masin usaldusv\u00e4\u00e4rset ja standardiseeritud vibratsioonikatsetusi koosk\u00f5las t\u00f6\u00f6stusharu parimate tavadega.<\/p>\n<h3>ISO 2247: Pakendamis- ja turustamisn\u00f5uded<\/h3>\n<p><a href=\"https:\/\/www.iso.org\/standard\/32412.html\" target=\"_blank\" rel=\"noopener nofollow\">ISO 2247<\/a> \u00fcksikasjalikult vibratsioonikatsete n\u00f5uded, mis on vajalikud \u00fclemaailmseks turustamiseks m\u00f5eldud pakendite puhul. ISO 2247 standardist kinnipidamisega tagab pakendite vibratsioonikatsetusseade, et pakendid vastavad rahvusvahelistes standardites s\u00e4testatud vastupidavuse ja ohutuse ootustele. Selline vastavus standardile ISO 2247 annab ettev\u00f5tetele t\u00e4iendavat kindlustunnet, et nende pakendilahendused vastavad \u00fclemaailmsetele transpordin\u00f5uetele.<\/p>\n<h3>Pakendi vibratsiooni testimise masina tehnilised n\u00e4itajad<\/h3>\n<ul>\n<li><strong>Sagedusvahemik<\/strong>: Komplekt, mis katab transpordisimulatsioonide t\u00fc\u00fcpilised madala sagedusega n\u00f5uded.<\/li>\n<li><strong>Koormuse maht<\/strong>: M\u00f5eldud erinevate pakendi suuruste ja kaalude k\u00e4itlemiseks.<\/li>\n<li><strong>Laua m\u00f5\u00f5tmed<\/strong>: Piisavalt suur, et mahutada erinevaid katsekehasid, pakkudes paindlikkust erinevate tootet\u00fc\u00fcpide puhul.<\/li>\n<li><strong>Testimisre\u017eiimid<\/strong>: Toetab fikseeritud sagedusega vibratsiooni ja korduvate l\u00f6\u00f6kide simulatsiooni, et rahuldada erinevaid testimisvajadusi.<\/li>\n<\/ul>\n<h2>Kuidas pakendi vibratsioonikatsetamise masin tagab toote ohutuse<\/h2>\n<p>Pakendi vibratsioonikatsetusseadme kasutamine v\u00f5imaldab tootjatel ja lastisaatjatel ennetada ja leevendada riske, millega tooted v\u00f5ivad transpordil kokku puutuda. Simuleerides reaalseid tingimusi, v\u00f5imaldab see masin varakult tuvastada pakendi n\u00f5rkused, v\u00e4hendada toodete tagastamist ja parandada klientide rahulolu. See masin on h\u00e4davajalik kvaliteedikontrolli osakondadele, mis keskenduvad veostabiilsusele ja toote terviklikule kaitsele.<\/p>\n<h2>T\u00e4iendavate standardite j\u00e4rgimine (ISTA seeria, GB 4857.7)<\/h2>\n<p>Lisaks ASTM D999 ja ISO 2247 standarditele vastab meie pakendite vibratsioonikatsetusseade ka ISTA seeria ja GB 4857.7 standarditele. Need lisastandardid muudavad masina \u00fchilduvaks mitmete rahvusvaheliste testimisprotokollidega, tugevdades veelgi selle mitmek\u00fclgsust ja usaldusv\u00e4\u00e4rsust \u00fclemaailmses pakendite kvaliteedi tagamisel.<\/p>\n<p>Pakendite vibratsioonikatsetusseade on ideaalne lahendus ettev\u00f5tetele, kes seavad esikohale pakendite kvaliteedi, usaldusv\u00e4\u00e4rsuse ja rahvusvaheliste standardite j\u00e4rgimise. Seda masinat kasutades saavad ettev\u00f5tted t\u00e4iustada oma kvaliteedikontrolliprotsesse suure t\u00e4psusega standardiseeritud vibratsioonikatsete abil, mis on koosk\u00f5las standarditega ASTM D999 ja ISO 2247. T\u00e4nu kasutajas\u00f5bralikule disainile, automaatsele funktsionaalsusele ja tugevale j\u00f5udlusele on meie vibratsioonikatsetusmasin v\u00e4\u00e4rtuslik investeering toote kvaliteeti ja kliendi rahulolu.<\/p>","protected":false},"excerpt":{"rendered":"<p>The <strong>Pakendi vibratsiooni testimise masin<\/strong> on tugev ja oluline vahend t\u00f6\u00f6stusharudele, mis on p\u00fchendunud pakendite vastupidavuse ja t\u00f6\u00f6kindluse tagamisele reaalsetes tingimustes. See masin on m\u00f5eldud t\u00e4ielike transpordipakendite v\u00f5i t\u00e4idetud \u00fchiklastide katsetamiseks ja aitab simuleerida pakendite k\u00e4itlemise, saatmise ja ladustamise ajal tekkivaid pingeid. See masin on laialdaselt kasutatav sellistes sektorites nagu pakendid, toiduained, ravimid, elektroonika ja kvaliteedikontroll ning on hindamatu v\u00e4\u00e4rtusega, et kontrollida, kas pakendid pakuvad oma sisule piisavat kaitset.<\/p>","protected":false},"featured_media":6256,"comment_status":"closed","ping_status":"closed","template":"","meta":{"site-sidebar-layout":"default","site-content-layout":"default","ast-global-header-display":"","ast-main-header-display":"","ast-hfb-above-header-display":"","ast-hfb-below-header-display":"","ast-hfb-mobile-header-display":"","site-post-title":"","ast-breadcrumbs-content":"","ast-featured-img":"","footer-sml-layout":"","theme-transparent-header-meta":"default","adv-header-id-meta":"","stick-header-meta":"","header-above-stick-meta":"","header-main-stick-meta":"","header-below-stick-meta":""},"product_cat":[845,1112,1161,17,95],"product_tag":[],"class_list":{"0":"post-5382","1":"product","2":"type-product","3":"status-publish","4":"has-post-thumbnail","6":"product_cat-customization","7":"product_cat-astm-d999","8":"product_cat-iso-2247","9":"product_cat-package-container-testers","10":"product_cat-products","11":"desktop-align-left","12":"tablet-align-left","13":"mobile-align-left","15":"first","16":"instock","17":"shipping-taxable","18":"product-type-simple"},"_links":{"self":[{"href":"https:\/\/www.qualitester.com\/et\/wp-json\/wp\/v2\/product\/5382","targetHints":{"allow":["GET"]}}],"collection":[{"href":"https:\/\/www.qualitester.com\/et\/wp-json\/wp\/v2\/product"}],"about":[{"href":"https:\/\/www.qualitester.com\/et\/wp-json\/wp\/v2\/types\/product"}],"replies":[{"embeddable":true,"href":"https:\/\/www.qualitester.com\/et\/wp-json\/wp\/v2\/comments?post=5382"}],"version-history":[{"count":0,"href":"https:\/\/www.qualitester.com\/et\/wp-json\/wp\/v2\/product\/5382\/revisions"}],"wp:featuredmedia":[{"embeddable":true,"href":"https:\/\/www.qualitester.com\/et\/wp-json\/wp\/v2\/media\/6256"}],"wp:attachment":[{"href":"https:\/\/www.qualitester.com\/et\/wp-json\/wp\/v2\/media?parent=5382"}],"wp:term":[{"taxonomy":"product_cat","embeddable":true,"href":"https:\/\/www.qualitester.com\/et\/wp-json\/wp\/v2\/product_cat?post=5382"},{"taxonomy":"product_tag","embeddable":true,"href":"https:\/\/www.qualitester.com\/et\/wp-json\/wp\/v2\/product_tag?post=5382"}],"curies":[{"name":"wp","href":"https:\/\/api.w.org\/{rel}","templated":true}]}}