{"id":5377,"date":"2024-11-15T11:08:36","date_gmt":"2024-11-15T03:08:36","guid":{"rendered":"https:\/\/www.qualitester.com\/?post_type=product&#038;p=5377"},"modified":"2024-12-05T14:18:23","modified_gmt":"2024-12-05T06:18:23","slug":"sale-bottle-crush-testing-machine","status":"publish","type":"product","link":"https:\/\/www.qualitester.com\/et\/toode\/sale-bottle-crush-testing-machine\/","title":{"rendered":"TLT-02 pudelite purustamise testimise masin"},"content":{"rendered":"<h2>Sissejuhatus pudelite purustamise testimismasinasse<\/h2>\n<p>The <strong>Pudelite purustamise testimise masin<\/strong> on spetsiaalne seade, mis on m\u00f5eldud pudelite ja mahutite, sealhulgas plast-, klaas- ja komposiitmaterjalide struktuurilise terviklikkuse ja survetugevuse hindamiseks. Simuleerides survet, mis sarnaneb virnastamise, transpordi ja ladustamise k\u00e4igus tekkiva survetega, aitab see seade tagada, et mahutid peavad vastu turustamisel tekkivatele pingetele, ilma et need kokku kukuksid v\u00f5i deformeeruksid. Selliste t\u00f6\u00f6stusharude jaoks nagu pakendid, toit, joogid ja ravimid on pudelite purustuskatsed olulised, et s\u00e4ilitada tooteohutust ja minimeerida v\u00f5imalikke kahjusid, mis tulenevad mahutite purunemisest.<\/p>\n<h2>Pudelite purustuskatsete peamised rakendused<\/h2>\n<p>See masin t\u00e4idab olulist rolli erinevates t\u00f6\u00f6stusharudes, sealhulgas:<\/p>\n<ul>\n<li><strong>Pakend<\/strong>: Tagab pakendi vastupidavuse ladustamise ja transpordi ajal.<\/li>\n<li><strong>Toit ja joogid<\/strong>: Ennetab lekkeid ja saastumist, kontrollides mahuti tugevust.<\/li>\n<li><strong>Farmaatsiatooted<\/strong>: Kaitseb \u00f5rnu ja tundlikke tooteid k\u00e4itlemise ajal.<\/li>\n<li><strong>Igap\u00e4evased kemikaalid ja kosmeetika<\/strong>: S\u00e4ilitab kaubam\u00e4rgi mainet, kinnitades pakendite kvaliteeti.<\/li>\n<\/ul>\n<p>Pudelipurustuskatse masin sobib erinevate mahutit\u00fc\u00fcpide testimiseks, on v\u00e4ga mitmek\u00fclgne ja suudab k\u00e4sitleda pudeleid, purke, karpe, t\u00fcnne ja palju muud.<\/p>\n<h2>Pudelite purustuskatse masina tehnilised omadused<\/h2>\n<p>Meie pudelite purustamise testimismasin on loodud t\u00e4iustatud funktsioonidega, et tagada usaldusv\u00e4\u00e4rsed ja t\u00e4psed tulemused:<\/p>\n<ul>\n<li><strong>PLC-juhtimine koos HMI puuteekraaniga<\/strong>: PLC-juhtimiss\u00fcsteem tagab stabiilse t\u00f6\u00f6, samas kui 7-tolline HMI puuteekraan v\u00f5imaldab intuitiivset ja kasutajas\u00f5bralikku testimist.<\/li>\n<li><strong>T\u00e4ppiskuul juhtimiskruvi mehhanism<\/strong>: See mehhanism tagab \u00fchtlase katsekiiruse ja t\u00e4pse nihkekontrolli, mis parandab iga katse usaldusv\u00e4\u00e4rsust.<\/li>\n<li><strong>Mitu kohandatavat testimisre\u017eiimi<\/strong>:\n<ul>\n<li><em>Tippre\u017eiim<\/em>: M\u00f5\u00f5dab maksimaalset survekoormust.<\/li>\n<li><em>Fikseeritud deformatsioonire\u017eiim<\/em>: M\u00f5\u00f5dab koormust m\u00e4\u00e4ratud deformatsiooni korral.<\/li>\n<li><em>Fikseeritud koormusre\u017eiim<\/em>: J\u00e4lgib deformatsiooni konstantse koormuse all.<\/li>\n<li><em>\u00dchekordne kokkusurumine<\/em>: Rakendab tihendamist \u00fcks kord anal\u00fc\u00fcsiks.<\/li>\n<li><em>Ts\u00fckli tihendamine<\/em>: Kordab tihendamist ts\u00fcklite kaupa, et hinnata vastupidavust.<\/li>\n<\/ul>\n<\/li>\n<li><strong>Ohutusfunktsioonid<\/strong>: Varustatud \u00fclekoormuskaitsega, automaatse tagasip\u00f6\u00f6ramise funktsiooniga ja \u00fchilduvusega mitme suurusega plaatidega, et mahutite eri kuju ja m\u00f5\u00f5tmetega kohaneda.<\/li>\n<li><strong>Andmehalduse v\u00f5imalused<\/strong>: Sisaldab mikroprinterit andmete v\u00e4ljastamiseks ja RS232-porti sujuvaks andmeedastuseks, mis toetab v\u00e4list anal\u00fc\u00fcsi koos valikulise tarkvara integreerimisega.<\/li>\n<\/ul>\n<h2>Plastikpudelite \u00fclemise koormuse testi m\u00f5istmine<\/h2>\n<p>The <strong>Plastikpudelite \u00fclemise koormuse test<\/strong> on oluline, et hinnata pudeli tugevust \u00fclaltpoolt rakendatava vertikaalse surve suhtes. Selle katsega, mis on eriti oluline plastpudelite puhul, hinnatakse, kui suurt koormust suudab pudel kanda ilma deformeerumata v\u00f5i kokku kukkumata. \u00dclalt koormuse vastupidavust m\u00e4\u00e4rates saavad tootjad optimeerida materjalikasutust, tagades samal ajal, et mahutid j\u00e4\u00e4vad piisavalt vastupidavaks k\u00f5rge koormusega keskkondades, n\u00e4iteks lao virnastamisel ja transpordilogistikas.<\/p>\n<h2>Standardid ja vastavus: ASTM D2659 selgitatud<\/h2>\n<p><a href=\"https:\/\/www.astm.org\/standards\/d2659.htm\" target=\"_blank\" rel=\"noopener nofollow\"><strong>ASTM D2659<\/strong><\/a> on standardne katsemeetod plastmahutite survekindluse m\u00e4\u00e4ramiseks, eelk\u00f5ige nende v\u00f5imet taluda \u00fclemist koormust ilma rikkumiseta. Vastavalt standardile ASTM D2659 hindab meie pudelite purustuskatsemasin mahuti vastupidavust, rakendades survet \u00fclaltpoolt, kuni t\u00e4heldatakse konstruktsiooni deformatsiooni v\u00f5i kokkuvarisemist.<\/p>\n<p>See masin \u00fchildub ka teiste t\u00f6\u00f6stusstandarditega, mis suurendab selle mitmek\u00fclgsust:<\/p>\n<ul>\n<li><a href=\"https:\/\/www.astm.org\/d4577-19.html\" target=\"_blank\" rel=\"noopener nofollow\"><strong>ASTM D4577<\/strong><\/a>: Hindab konteineri toimivust staatilise koormuse tingimustes.<\/li>\n<li><a href=\"https:\/\/www.astm.org\/d0642-20.html\" target=\"_blank\" rel=\"noopener nofollow\"><strong>ASTM D642<\/strong><\/a>: M\u00f5\u00f5dab veokonteinerite ja kastide survekindlust.<\/li>\n<li><a href=\"https:\/\/www.iso.org\/standard\/35617.html\" target=\"_blank\" rel=\"noopener nofollow\"><strong>ISO 8113<\/strong><\/a>: Pakendite mehaanilise stabiilsuse katsed.<\/li>\n<li><a href=\"https:\/\/www.astm.org\/d4169-22.html\" target=\"_blank\" rel=\"noopener nofollow\"><strong>ASTM D4169<\/strong><\/a>: Simuleerib turustuskeskkonna tingimusi, et testida pakendite toimivust.<\/li>\n<\/ul>\n<h2>T\u00f6\u00f6p\u00f5him\u00f5te pudelite purustamise testimise masinaga<\/h2>\n<p>Pudelipurustuskatse masina t\u00f6\u00f6p\u00f5him\u00f5te seisneb mahuti paigutamises katseplatvormile ja j\u00e4rk-j\u00e4rgult \u00fclemise koormuse surve rakendamisel, kuni mahuti deformeerub v\u00f5i variseb kokku. Seade salvestab tippj\u00f5u andmed, mida anal\u00fc\u00fcsitakse, et hinnata konstruktsiooni tugevust vastavalt kindlaksm\u00e4\u00e4ratud standarditele, nagu ASTM D2659. Andes t\u00e4pseid, korratavaid tulemusi, tagab see masin, et tootjad saavad kinnitada pakendi terviklikkuse tegeliku k\u00e4itlemise jaoks.<\/p>\n<h2>Pudelite purustamise testimise masina peamised parameetrid<\/h2>\n<p>See masin on v\u00e4ga h\u00e4sti konfigureeritav, et vastata erinevatele testimisvajadustele:<\/p>\n<ul>\n<li><strong>Koormuse vahemik<\/strong>: Suur koormusvahemik ja t\u00e4psus, mis sobib erinevatele konteinert\u00fc\u00fcpidele.<\/li>\n<li><strong>Reguleeritav kiirus<\/strong>: V\u00f5imaldab kiiruse kohandamist vastavalt konkreetsetele testiprotokollidele.<\/li>\n<li><strong>Kompressiooniplaadi kokkusobivus<\/strong>: Vahetatavad plaadid, et toetada erineva suurusega ja kujuga konteinereid.<\/li>\n<li><strong>Andmete eksportimise v\u00f5imalused<\/strong>: Mikroprinter ja RS232 \u00fchenduvus t\u00f5husaks andmek\u00e4itluseks.<\/li>\n<\/ul>\n<h2>Pudelite purustamise testimise masina eelised<\/h2>\n<ul>\n<li><strong>Kulude kokkuhoid ja t\u00f5husus<\/strong>: Minimeerib pakendimaterjali raiskamist, kinnitades n\u00f5utavat tugevust, v\u00e4hendades toodete tagasisaatmise ja asendamisega seotud kulusid.<\/li>\n<li><strong>Usaldusv\u00e4\u00e4rsus ja kaubam\u00e4rgi kaitse<\/strong>: Suurendab toote usaldusv\u00e4\u00e4rsust t\u00e4pse testimise abil, aidates kaitsta kaubam\u00e4rgi mainet ja tagada tarbijate rahulolu.<\/li>\n<\/ul>\n<h2>Korduma kippuvad k\u00fcsimused pudelite purustamise testimismasinate kohta<\/h2>\n<ol>\n<li><strong>Mis on pudelipurustustest ja miks on see oluline?<\/strong>\n<ul>\n<li>Pudelipurustuskatsel rakendatakse \u00fclemist koormust, et hinnata mahuti vastupidavust, tagades, et pudel peab vastu k\u00e4itlemispingetele ilma purunemata v\u00f5i deformeerumata.<\/li>\n<\/ul>\n<\/li>\n<li><strong>Kuidas kohaldatakse ASTM D2659 pudelite purustuskatsete suhtes?<\/strong>\n<ul>\n<li>ASTM D2659 kirjeldab protseduure plastmahutite survetugevuse hindamiseks, tagades vastavuse t\u00f6\u00f6stusharu vastupidavusnormidele.<\/li>\n<\/ul>\n<\/li>\n<li><strong>Milliseid pudelit\u00fc\u00fcpe saab see masin testida?<\/strong>\n<ul>\n<li>See masin on mitmek\u00fclgne, toetades erinevaid pudeli- ja mahutit\u00fc\u00fcpe, sealhulgas plast-, klaas- ja komposiitpudeleid.<\/li>\n<\/ul>\n<\/li>\n<li><strong>Kuidas tagab masin katsetulemuste t\u00e4psuse?<\/strong>\n<ul>\n<li>T\u00e4nu PLC-juhtimisele, t\u00e4psetele juhtkruvidele ja mitmele katsere\u017eiimile annab masin usaldusv\u00e4\u00e4rsete tulemuslikkuse hindamiseks j\u00e4rjepidevaid ja korratavaid tulemusi.<\/li>\n<\/ul>\n<\/li>\n<li><strong>Millised on selle masina peamised omadused, mis muudavad selle masina usaldusv\u00e4\u00e4rseks?<\/strong>\n<ul>\n<li>T\u00e4iustatud PLC-juhtimine, kohandatavad katsev\u00f5imalused, ohutusmehhanismid ja ulatuslikud andmehaldusv\u00f5imalused tagavad t\u00e4psuse, t\u00f5hususe ja kasutusmugavuse.<\/li>\n<\/ul>\n<\/li>\n<\/ol>","protected":false},"excerpt":{"rendered":"<p>The <strong>Pudelite purustamise testimise masin<\/strong> on spetsiaalne seade, mis on m\u00f5eldud pudelite ja mahutite, sealhulgas plast-, klaas- ja komposiitmaterjalide struktuurilise terviklikkuse ja survetugevuse hindamiseks. Simuleerides survet, mis sarnaneb virnastamise, transpordi ja ladustamise k\u00e4igus tekkiva survetega, aitab see seade tagada, et mahutid peavad vastu turustamisel tekkivatele pingetele, ilma et need kokku kukuksid v\u00f5i deformeeruksid. Selliste t\u00f6\u00f6stusharude jaoks nagu pakendid, toit, joogid ja ravimid on pudelite purustuskatsed olulised, et s\u00e4ilitada tooteohutust ja minimeerida v\u00f5imalikke kahjusid, mis tulenevad mahutite purunemisest.<\/p>","protected":false},"featured_media":6253,"comment_status":"closed","ping_status":"closed","template":"","meta":{"site-sidebar-layout":"default","site-content-layout":"default","ast-global-header-display":"","ast-main-header-display":"","ast-hfb-above-header-display":"","ast-hfb-below-header-display":"","ast-hfb-mobile-header-display":"","site-post-title":"","ast-breadcrumbs-content":"","ast-featured-img":"","footer-sml-layout":"","theme-transparent-header-meta":"default","adv-header-id-meta":"","stick-header-meta":"","header-above-stick-meta":"","header-main-stick-meta":"","header-below-stick-meta":""},"product_cat":[845,1071,1069,1072,1068,1073,1113,17,16,95],"product_tag":[],"class_list":{"0":"post-5377","1":"product","2":"type-product","3":"status-publish","4":"has-post-thumbnail","6":"product_cat-customization","7":"product_cat-astm-d2659","8":"product_cat-astm-d4169","9":"product_cat-astm-d4577","10":"product_cat-astm-d642","11":"product_cat-iso-8113","12":"product_cat-top-load-tester","13":"product_cat-package-container-testers","14":"product_cat-plastic-packaging-testers","15":"product_cat-products","16":"desktop-align-left","17":"tablet-align-left","18":"mobile-align-left","20":"first","21":"instock","22":"shipping-taxable","23":"product-type-simple"},"_links":{"self":[{"href":"https:\/\/www.qualitester.com\/et\/wp-json\/wp\/v2\/product\/5377","targetHints":{"allow":["GET"]}}],"collection":[{"href":"https:\/\/www.qualitester.com\/et\/wp-json\/wp\/v2\/product"}],"about":[{"href":"https:\/\/www.qualitester.com\/et\/wp-json\/wp\/v2\/types\/product"}],"replies":[{"embeddable":true,"href":"https:\/\/www.qualitester.com\/et\/wp-json\/wp\/v2\/comments?post=5377"}],"version-history":[{"count":0,"href":"https:\/\/www.qualitester.com\/et\/wp-json\/wp\/v2\/product\/5377\/revisions"}],"wp:featuredmedia":[{"embeddable":true,"href":"https:\/\/www.qualitester.com\/et\/wp-json\/wp\/v2\/media\/6253"}],"wp:attachment":[{"href":"https:\/\/www.qualitester.com\/et\/wp-json\/wp\/v2\/media?parent=5377"}],"wp:term":[{"taxonomy":"product_cat","embeddable":true,"href":"https:\/\/www.qualitester.com\/et\/wp-json\/wp\/v2\/product_cat?post=5377"},{"taxonomy":"product_tag","embeddable":true,"href":"https:\/\/www.qualitester.com\/et\/wp-json\/wp\/v2\/product_tag?post=5377"}],"curies":[{"name":"wp","href":"https:\/\/api.w.org\/{rel}","templated":true}]}}