{"id":5369,"date":"2024-11-15T10:55:36","date_gmt":"2024-11-15T02:55:36","guid":{"rendered":"https:\/\/www.qualitester.com\/?post_type=product&#038;p=5369"},"modified":"2024-12-05T13:27:43","modified_gmt":"2024-12-05T05:27:43","slug":"sale-beverage-carbonation-tester","status":"publish","type":"product","link":"https:\/\/www.qualitester.com\/et\/toode\/sale-beverage-carbonation-tester\/","title":{"rendered":"CLRT-02 jookide karboniseerimise tester"},"content":{"rendered":"<p>Jookide karboniseerimise tester on oluline vahend karboniseeritud jookide kvaliteedi ja j\u00e4rjepidevuse tagamiseks. See seade on m\u00f5eldud CO\u2082 mahu t\u00e4pseks m\u00f5\u00f5tmiseks ja toetab tootjaid nii maitse- kui ka ohutusstandarditele vastavate toodete tarnimisel. Joogit\u00f6\u00f6stuses laialdaselt kasutatav karboniseerimise tester aitab kvaliteedikontrolli ja uurimist\u00f6\u00f6dega, pakkudes t\u00f5husat ja usaldusv\u00e4\u00e4rset vahendit karboniseerituse taseme kontrollimiseks sellistes jookides nagu limonaadid, vahuveinid ja maitsestatud joogid.<\/p>\n<h2>Jookide karboniseerimise testija peamised rakendused<\/h2>\n<p>Karboniseerimise tester on hindamatu v\u00e4\u00e4rtusega mitmes t\u00f6\u00f6stusharus, sealhulgas toidu- ja joogitootmises, pakendamises ja kvaliteedikontrolli sektoris. T\u00e4nu CO\u2082-taseme t\u00e4psele m\u00f5\u00f5tmisele tagab tester, et joogid s\u00e4ilitavad aja jooksul soovitud priskuse ja maitseprofiili. See seade on eriti kasulik kvaliteedikontrolliasutustele, villimisettev\u00f5tetele ja joogit\u00f6\u00f6stuse teadus- ja arenduslaboritele.<\/p>\n<h2>\u00dclevaade ASTM F1115 karboniseerimise testimise kohta<\/h2>\n<p><a href=\"https:\/\/www.astm.org\/f1115-16r23.html\" target=\"_blank\" rel=\"noopener nofollow\">ASTM F1115<\/a>, mis on tunnustatud joogikatsete standard, kirjeldab meetodeid, kuidas t\u00e4pselt m\u00e4\u00e4rata pakendatud jookide karboniseerimismahtu. Selles esitatakse selged suunised r\u00f5hu ja temperatuuri m\u00f5\u00f5tmiseks, mis on olulised karboniseerituse t\u00e4pseks hindamiseks. J\u00e4rgides standardit ASTM F1115, saavad joogitootjad tagada, et nende tooted saavutavad \u00fchtlase kvaliteedi ja vastavad turustusnormidele.<\/p>\n<h2>Testimise protseduur jookide karboniseerimise testija abil<\/h2>\n<p>Joogi karboniseerimise testeril on lihtne, kuid t\u00f5hus protsess, mis on loodud t\u00e4psete tulemuste saamiseks. See j\u00e4rkj\u00e4rguline protsess vastab t\u00e4ielikult ASTM F1115 standarditele:<\/p>\n<ol>\n<li><strong>Pudelikorki l\u00e4bistamine:<\/strong> Tester alustab pudelikorki l\u00e4bistamisega, et v\u00f5imaldada juurdep\u00e4\u00e4s joogi siser\u00f5hule.<\/li>\n<li><strong>Avage ventilatsiooniventiil:<\/strong> Vabastage m\u00f5\u00f5tmistingimuste stabiliseerimiseks \u00fcleliigne r\u00f5hk ventilatsiooniavariandi kaudu.<\/li>\n<li><strong>Raputa pudelit:<\/strong> Lahtilahustunud CO\u2082 eraldumise aktiveerimiseks raputage 40 sekundit tugevalt.<\/li>\n<li><strong>Sulgege ventilatsiooniventiil:<\/strong> P\u00e4rast vabastamisfaasi sulgege ventiil, et v\u00e4ltida edasisi r\u00f5hu muutusi.<\/li>\n<li><strong>M\u00f5\u00f5tke r\u00f5hku ja temperatuuri:<\/strong> Kui r\u00f5hk on stabiliseerunud, registreerige m\u00f5\u00f5tmised MPa v\u00f5i m\u00f5nes muus kohaldatavas m\u00f5\u00f5t\u00fchikus, m\u00f5\u00f5tes samal ajal vedeliku temperatuuri.<\/li>\n<li><strong>CO\u2082 mahu arvutamine:<\/strong> Kasutage neid v\u00e4\u00e4rtusi koos karboniseerimismahu tabeliga, et m\u00e4\u00e4rata l\u00f5plik CO\u2082-maht, mis annab t\u00e4ieliku anal\u00fc\u00fcsi karboniseerimise kohta.<\/li>\n<\/ol>\n<h2>Jookide karboniseerimise testija tehnilised omadused<\/h2>\n<p>See karboniseerimise tester on ehitatud t\u00e4psuse ja kasutusmugavuse tagamiseks, pakkudes tehnilisi funktsioone, mis tagavad usaldusv\u00e4\u00e4rsed tulemused iga katse puhul:<\/p>\n<ul>\n<li><strong>Kustutades l\u00e4bistav pea:<\/strong> See vastupidav l\u00e4bistamispea on kuumt\u00f6\u00f6deldud pikaealisuse tagamiseks ja tagab stabiilse j\u00f5udluse kogu katseprotsessi v\u00e4ltel.<\/li>\n<li><strong>K\u00f5rge t\u00e4psusega r\u00f5hum\u00f5\u00f5tur:<\/strong> R\u00f5hum\u00f5\u00f5tur v\u00f5imaldab mitme \u00fchiku teisendamist, mis v\u00f5imaldab lihtsat t\u00f5lgendamist erinevates piirkondades, kus on erinevad m\u00f5\u00f5tmisstandardid.<\/li>\n<li><strong>Lekkeid v\u00e4ltiv disain:<\/strong> Kriitilise t\u00e4htsusega konstruktsiooniomaduseks on lekkimisvastane s\u00fcsteem, mis s\u00e4ilitab katse terviklikkuse ja takistab CO\u2082 kadumist, tagades usaldusv\u00e4\u00e4rsed tulemused.<\/li>\n<li><strong>Ventilatsiooniventiil ja toru:<\/strong> Katseseadme ventilatsiooniventiil ja toru v\u00f5imaldavad kontrollitud r\u00f5hu v\u00e4ljalaskmist, et stabiliseerida katsetingimusi.<\/li>\n<\/ul>\n<h2>Joogi karboniseerimise testija peamised parameetrid<\/h2>\n<p>Karboniseerimise tester sobib mitmesuguste kuni 350 mm k\u00f5rguste joogipudelite testimiseks ja pakub j\u00e4rgmisi p\u00f5hilisi spetsifikatsioone:<\/p>\n<ul>\n<li><strong>Testivahemik:<\/strong> 0~1MPa, mis katab enamiku jookide standardse karboniseerimistaseme.<\/li>\n<li><strong>Resolutsioon:<\/strong> 0,0001MPa, mis tagab iga m\u00f5\u00f5tmise t\u00e4psuse.<\/li>\n<li><strong>K\u00e4sitsi raputamine ja augustamine:<\/strong> Annab kasutajatele kontrolli testimisprotsessi \u00fcle, muutes seadme mitmek\u00fclgseks ja kohandatavaks.<\/li>\n<\/ul>\n<h2>Vastavus peamistele standarditele (ASTM F1115, GB\/T 10792)<\/h2>\n<p>See karboniseerimise tester vastab nii ASTM F1115 kui ka GB\/T 10792 standarditele. Kui ASTM F1115 reguleerib testimismeetodeid l\u00e4\u00e4ne turgudel, siis GB\/T 10792 on Aasia turgudel laialdaselt tunnustatud. Vastavus nendele standarditele n\u00e4itab testija mitmek\u00fclgsust ja sobivust \u00fclemaailmsete kvaliteedikontrolliprotokollide jaoks, mist\u00f5ttu on see ideaalne valik rahvusvahelistele joogitootjatele.<\/p>\n<h2>Joogi karboniseerimise testija kasutamise eelised<\/h2>\n<p>See karboniseerimise tester pakub mitmeid eeliseid joogitootjatele, kes soovivad oma toodete kvaliteetset ja \u00fchtlast karboniseerimist:<\/p>\n<ul>\n<li><strong>T\u00e4psed ja usaldusv\u00e4\u00e4rsed tulemused:<\/strong> Testeri konstruktsioon v\u00f5imaldab CO\u2082 mahu m\u00f5\u00f5tmise t\u00e4psust, tagades toote kvaliteedi ja maitse j\u00e4rjepidevuse.<\/li>\n<li><strong>Kasutajas\u00f5bralik disain:<\/strong> T\u00e4nu lihtsale testimisprotsessile ja vastupidavale konstruktsioonile h\u00f5lbustab see t\u00f5husat t\u00f6\u00f6d nii teadus- ja arendustegevuses kui ka tootmises.<\/li>\n<li><strong>T\u00e4iustatud vastavus:<\/strong> ASTM F1115 ja muude asjakohaste standardite j\u00e4rgimisega toetab karboniseerimise tester kvaliteedi tagamist ja t\u00f6\u00f6stusstandardite j\u00e4rgimist.<\/li>\n<\/ul>\n<h2>KKK: ASTM F1115: Jookide karboniseerimise tester ja ASTM F1115<\/h2>\n<ol>\n<li><strong>Milliseid jooke saab testida?<\/strong><br \/>\nTester sobib ideaalselt gaseeritud jookide, sealhulgas soodade, vahuveini ja maitsestatud jookide jaoks.<\/li>\n<li><strong>Kuidas s\u00e4ilitab tester r\u00f5hu t\u00e4psuse?<\/strong><br \/>\nSellel on \u00fclit\u00e4pne r\u00f5hum\u00f5\u00f5tur ja lekkevastane konstruktsioon n\u00e4itude stabiliseerimiseks.<\/li>\n<li><strong>Miks on ASTM F1115 oluline karboniseerimise katsetamisel?<\/strong><br \/>\nASTM F1115 kirjeldab t\u00e4pse karboniseerimismahu m\u00f5\u00f5tmiseks vajalikke protseduure, mis tagavad usaldusv\u00e4\u00e4rsed tulemused.<\/li>\n<li><strong>Kas seda testerit saab kasutada erinevate pudelite suuruste puhul?<\/strong><br \/>\nJah, see sobib kuni 350 mm k\u00f5rguste pudelite jaoks, mis muudab selle mitmek\u00fclgseks erinevate toodete jaoks.<\/li>\n<li><strong>Kuidas m\u00f5jutab k\u00e4sitsi raputamine testi t\u00e4psust?<\/strong><br \/>\nK\u00e4sitsi raputamine tagab j\u00e4rjepideva CO\u2082 eraldumise, mis v\u00f5imaldab j\u00e4rjepideval kasutamisel t\u00e4psemat karboniseerituse m\u00f5\u00f5tmist.<\/li>\n<\/ol>\n<div id=\"gtx-anchor\" style=\"position: absolute; visibility: hidden; left: 349.984px; top: 132.109px; width: 408.25px; height: 31px;\"><\/div>\n<div class=\"jfk-bubble gtx-bubble\" style=\"visibility: visible; left: -114px; top: 173px; opacity: 1;\" role=\"alertdialog\" aria-describedby=\"bubble-3\">\n<div id=\"bubble-3\" class=\"jfk-bubble-content-id\">\n<div id=\"gtx-host\" style=\"min-width: 200px; max-width: 400px;\"><\/div>\n<\/div>\n<div class=\"jfk-bubble-closebtn-id jfk-bubble-closebtn\" tabindex=\"0\" role=\"button\" aria-label=\"Sulge\"><\/div>\n<div class=\"jfk-bubble-arrow-id jfk-bubble-arrow jfk-bubble-arrowup\" style=\"left: 553.984px;\">\n<div class=\"jfk-bubble-arrowimplbefore\"><\/div>\n<div class=\"jfk-bubble-arrowimplafter\"><\/div>\n<\/div>\n<\/div>","protected":false},"excerpt":{"rendered":"<p>Jookide karboniseerimise tester on oluline vahend karboniseeritud jookide kvaliteedi ja j\u00e4rjepidevuse tagamiseks. See seade on m\u00f5eldud CO\u2082 mahu t\u00e4pseks m\u00f5\u00f5tmiseks ja toetab tootjaid nii maitse- kui ka ohutusstandarditele vastavate toodete tarnimisel. Joogit\u00f6\u00f6stuses laialdaselt kasutatav karboniseerimise tester aitab kvaliteedikontrolli ja uurimist\u00f6\u00f6dega, pakkudes t\u00f5husat ja usaldusv\u00e4\u00e4rset vahendit karboniseerituse taseme kontrollimiseks sellistes jookides nagu limonaadid, vahuveinid ja maitsestatud joogid.<\/p>","protected":false},"featured_media":6239,"comment_status":"closed","ping_status":"closed","template":"","meta":{"site-sidebar-layout":"default","site-content-layout":"default","ast-global-header-display":"","ast-main-header-display":"","ast-hfb-above-header-display":"","ast-hfb-below-header-display":"","ast-hfb-mobile-header-display":"","site-post-title":"","ast-breadcrumbs-content":"","ast-featured-img":"","footer-sml-layout":"","theme-transparent-header-meta":"default","adv-header-id-meta":"","stick-header-meta":"","header-above-stick-meta":"","header-main-stick-meta":"","header-below-stick-meta":""},"product_cat":[845,953,932,956,955,954,957,958,952,959,17,140,95],"product_tag":[],"class_list":{"0":"post-5369","1":"product","2":"type-product","3":"status-publish","4":"has-post-thumbnail","6":"product_cat-customization","7":"product_cat-bursting-tester","8":"product_cat-co2-volume-tester","9":"product_cat-cobb-tester","10":"product_cat-crush-tester","11":"product_cat-paper-tear-tester","12":"product_cat-plybond-tester","13":"product_cat-puncture-tester","14":"product_cat-rub-tester","15":"product_cat-stiffness-tester","16":"product_cat-package-container-testers","17":"product_cat-astm-f1115","18":"product_cat-products","19":"desktop-align-left","20":"tablet-align-left","21":"mobile-align-left","23":"first","24":"instock","25":"shipping-taxable","26":"product-type-simple"},"_links":{"self":[{"href":"https:\/\/www.qualitester.com\/et\/wp-json\/wp\/v2\/product\/5369","targetHints":{"allow":["GET"]}}],"collection":[{"href":"https:\/\/www.qualitester.com\/et\/wp-json\/wp\/v2\/product"}],"about":[{"href":"https:\/\/www.qualitester.com\/et\/wp-json\/wp\/v2\/types\/product"}],"replies":[{"embeddable":true,"href":"https:\/\/www.qualitester.com\/et\/wp-json\/wp\/v2\/comments?post=5369"}],"version-history":[{"count":0,"href":"https:\/\/www.qualitester.com\/et\/wp-json\/wp\/v2\/product\/5369\/revisions"}],"wp:featuredmedia":[{"embeddable":true,"href":"https:\/\/www.qualitester.com\/et\/wp-json\/wp\/v2\/media\/6239"}],"wp:attachment":[{"href":"https:\/\/www.qualitester.com\/et\/wp-json\/wp\/v2\/media?parent=5369"}],"wp:term":[{"taxonomy":"product_cat","embeddable":true,"href":"https:\/\/www.qualitester.com\/et\/wp-json\/wp\/v2\/product_cat?post=5369"},{"taxonomy":"product_tag","embeddable":true,"href":"https:\/\/www.qualitester.com\/et\/wp-json\/wp\/v2\/product_tag?post=5369"}],"curies":[{"name":"wp","href":"https:\/\/api.w.org\/{rel}","templated":true}]}}