{"id":5366,"date":"2024-11-15T10:48:12","date_gmt":"2024-11-15T02:48:12","guid":{"rendered":"https:\/\/www.qualitester.com\/?post_type=product&#038;p=5366"},"modified":"2024-12-05T15:26:08","modified_gmt":"2024-12-05T07:26:08","slug":"sale-iso-534-paperboard-thickness-gauge","status":"publish","type":"product","link":"https:\/\/www.qualitester.com\/et\/toode\/sale-iso-534-paperboard-thickness-gauge\/","title":{"rendered":"ZBH-01 papi paksuse m\u00f5\u00f5tur"},"content":{"rendered":"<h2>Sissejuhatus papi paksusem\u00f5\u00f5turisse<\/h2>\n<p>The <strong>Papi paksuse m\u00f5\u00f5tja<\/strong> on oluline vahend, mis on m\u00f5eldud paberi ja papi t\u00e4pse paksuse m\u00f5\u00f5tmiseks, tagades \u00fchtluse ja kvaliteedi k\u00f5igis materjalides. Seda m\u00f5\u00f5teriista kasutatakse laialdaselt sellistes t\u00f6\u00f6stusharudes nagu pakendus-, toidu- ja joogit\u00f6\u00f6stus, meditsiin ja elektroonika, kus t\u00e4pne paksuse m\u00f5\u00f5tmine on toodete kvaliteedi ja \u00f5igusnormidele vastavuse seisukohast v\u00e4ga oluline. T\u00e4nu k\u00f5rgele t\u00e4psusele ja kasutajas\u00f5bralikele omadustele vastab see m\u00f5\u00f5tur kvaliteedikontrolli ja tootearenduse spetsialistide n\u00f5udmistele.<\/p>\n<h2>Peamised omadused ja rakendused<\/h2>\n<p>The <strong>ZBH-01 paberi ja kartongi paksuse tester<\/strong> paistab silma oma t\u00e4iustatud funktsioonidega, mis tagavad t\u00e4psed ja usaldusv\u00e4\u00e4rsed tulemused nii \u00fche lehe paksuse kui ka puistepaksuse m\u00f5\u00f5tmisel. Peamised funktsioonid on j\u00e4rgmised:<\/p>\n<ul>\n<li><strong>Nulli l\u00e4htestamine suvalises punktis<\/strong>: Lihtsustab kalibreerimist ja tagab iga m\u00f5\u00f5tmise t\u00e4psuse.<\/li>\n<li><strong>ON\/OFF toitel\u00fcliti<\/strong>: Pikendab aku kasutusiga ja optimeerib kasutatavust.<\/li>\n<li><strong>M\u00f5\u00f5t\u00fchikute teisendamine<\/strong>: V\u00f5imaldab kasutajatel vahetada seadmeid vastavalt vajadusele erinevate testimisn\u00f5uete jaoks.<\/li>\n<\/ul>\n<p><strong>Rakendused<\/strong>: See paksusem\u00f5\u00f5tur on ideaalne \u00fche lehe paksuse ja puistematerjali paksuse m\u00f5\u00f5tmiseks paberil ja kartongil. Sellega saab m\u00f5\u00f5ta nii \u00fcksiku lehe paksust kui ka mitme lehe paksust virnas puistangu anal\u00fc\u00fcsiks. M\u00e4rkus: See seade ei ole ette n\u00e4htud lainepapptoodete m\u00f5\u00f5tmiseks.<\/p>\n<h2>Paksuse m\u00f5\u00f5tmise m\u00f5istmine<\/h2>\n<ul>\n<li><strong>\u00dche lehe paksus<\/strong>: M\u00f5\u00f5dab \u00fche paberilehe v\u00f5i kartongi kahe pinna vahelist kaugust kindlaksm\u00e4\u00e4ratud staatilise koormuse all.<\/li>\n<li><strong>Mahuaine paksus<\/strong>: Arvutab paksuse, m\u00f5\u00f5tes mitut lehte virnastatud pakendis, mis on eriti kasulik rakenduste puhul, mis n\u00f5uavad puistematerjali anal\u00fc\u00fcsi.<\/li>\n<\/ul>\n<h2>ISO 534 t\u00e4htsus papi paksuse m\u00f5\u00f5tmisel<\/h2>\n<p><a href=\"https:\/\/www.iso.org\/standard\/53060.html\" target=\"_blank\" rel=\"noopener nofollow\">ISO 534<\/a> on rahvusvaheline standard, mis m\u00e4\u00e4rab kindlaks meetodid paberi- ja pappmaterjalide paksuse m\u00e4\u00e4ramiseks. See m\u00e4\u00e4ratleb n\u00f5uded katsetamise t\u00e4psusele, kalibreerimisele ja seadmete spetsifikatsioonidele, mist\u00f5ttu on see oluline usaldusv\u00e4\u00e4rsete ja korratavate paksuse m\u00f5\u00f5tmiste tagamiseks. . <strong>ZBH-01 paberi ja kartongi paksuse tester<\/strong> on kalibreeritud vastavalt ISO 534 standarditele, mis tagab, et see annab j\u00e4rjepidevaid ja n\u00f5uetele vastavaid tulemusi. Neid kvaliteedimeetmeid toetavad ka seotud standardid, nagu GB\/T 451.3.<\/p>\n<h2>Papi paksusem\u00f5\u00f5turi tehnilised n\u00e4itajad<\/h2>\n<ul>\n<li><strong>Katse ulatus<\/strong>: 0-4 mm, mis v\u00f5imaldab m\u00f5\u00f5tmisi erinevate papit\u00fc\u00fcpide puhul.<\/li>\n<li><strong>Resolutsioon<\/strong>: K\u00f5rge t\u00e4psus 0,001 mm eraldusv\u00f5imega t\u00e4psete m\u00f5\u00f5tmiste jaoks.<\/li>\n<li><strong>Kontaktala<\/strong>: 200\u00b15 mm\u00b2, mis vastab ISO 534 n\u00f5uetele \u00fchtlase m\u00f5\u00f5tmise kohta.<\/li>\n<li><strong>Kontakt surve<\/strong>: 100\u00b110 kPa, nagu on m\u00e4\u00e4ratletud ISO 534 standardis, et s\u00e4ilitada m\u00f5\u00f5tmise terviklikkus.<\/li>\n<li><strong>Pinna paralleelsuse m\u00f5\u00f5tmine<\/strong>: \u22640,005 mm, mis tagab iga n\u00e4itu t\u00e4psuse.<\/li>\n<li><strong>N\u00e4idata viga<\/strong>: \u00b10,05%, mis tagab v\u00e4ga t\u00e4psed n\u00e4itajad j\u00e4rjepideva kvaliteedikontrolli jaoks.<\/li>\n<\/ul>\n<h2>Kuidas papi paksusem\u00f5\u00f5tur t\u00f6\u00f6tab<\/h2>\n<p>The <strong>ZBH-01 paberi ja kartongi paksuse tester<\/strong> omab kahte \u00fcmmargust r\u00f5hupinda stabiilse m\u00f5\u00f5tmise tagamiseks. Fikseeritud alumine pind (alusplaat) ja liikuv \u00fclemine pind loovad optimaalse katsepinna, mis vastab ISO 534 suunistele. \u00dclemine pind liigub risti aluse suhtes ja tagab t\u00e4pse kontakti. . <strong>Nulli l\u00e4htestamine<\/strong> funktsioon v\u00f5imaldab kalibreerida m\u00f5\u00f5teriista enne iga kasutamist, tagades iga m\u00f5\u00f5tmise korral usaldusv\u00e4\u00e4rsed ja korratavad tulemused.<\/p>\n<h2>Papi paksuse m\u00f5\u00f5tja<\/h2>\n<ul>\n<li><strong>Mis on \u00fche lehe paksus?<\/strong><br \/>\n\u00dche lehe paksus on \u00fche lehe kahe pinna vahelise kauguse m\u00f5\u00f5tmine staatilise koormuse all, mis annab usaldusv\u00e4\u00e4rse hinnangu \u00fcksiku paberi paksusele.<\/li>\n<li><strong>Mis on mahuaine paksus?<\/strong><br \/>\nMahupaksus m\u00f5\u00f5dab virna mitme lehe kogupaksust, mis on kasulik lahtiste materjalide hindamiseks.<\/li>\n<li><strong>Kuidas m\u00f5jutab ISO 534 m\u00f5\u00f5tmise t\u00e4psust?<\/strong><br \/>\nISO 534 m\u00e4\u00e4ratleb katseparameetrid ja kalibreerimisstandardid, mis tagavad paksuse m\u00f5\u00f5tmise j\u00e4rjepidevuse ja usaldusv\u00e4\u00e4rsuse k\u00f5ikides rakendustes.<\/li>\n<li><strong>Kas seda m\u00f5\u00f5turit saab kasutada lainepapptoodete puhul?<\/strong><br \/>\nEi, see ei sobi lainepapile selle ainulaadsete struktuursete omaduste t\u00f5ttu.<\/li>\n<li><strong>Kas m\u00f5\u00f5t\u00fchikuid on v\u00f5imalik teisendada?<\/strong><br \/>\nJah, m\u00f5\u00f5tur toetab \u00fchikute teisendamist, v\u00f5imaldades paindlikkust erinevate testimisn\u00f5uete puhul.<\/li>\n<\/ul>\n<h2>Papi paksusem\u00f5\u00f5turi kasutamise eelised kvaliteedikontrolliks<\/h2>\n<p>Kasutades <strong>Papi paksuse m\u00f5\u00f5tja<\/strong> pakub mitmeid olulisi eeliseid:<\/p>\n<ul>\n<li><strong>Toote usaldusv\u00e4\u00e4rsus<\/strong>: Tagab, et iga partii vastab kindlaksm\u00e4\u00e4ratud paksuse kriteeriumidele, s\u00e4ilitades toote kvaliteedi ja \u00fchtluse.<\/li>\n<li><strong>\u00d5igusaktide t\u00e4itmine<\/strong>: Vastab standardile ISO 534, mis on oluline reguleeritud t\u00f6\u00f6stusharude n\u00f5uetele vastavuse tagamiseks.<\/li>\n<li><strong>T\u00e4iustatud kvaliteeditagamine<\/strong>: Aitab v\u00e4ltida materjali raiskamist, optimeerida tootmist ja t\u00e4ita t\u00f6\u00f6stusstandardeid.<\/li>\n<\/ul>\n<p>The <strong>Papi paksuse m\u00f5\u00f5tja<\/strong> on asendamatu vahend t\u00e4psete ja korratavate paksuse m\u00f5\u00f5tmiste saavutamiseks vastavalt n\u00f5uetele. <strong>ISO 534<\/strong>. T\u00e4nu oma suurele t\u00e4psusele, kasutusmugavusele ja t\u00f6\u00f6stusstandardite j\u00e4rgimisele on ZBH-01 ideaalne tootjatele ja kvaliteediinspektoritele, kes otsivad usaldusv\u00e4\u00e4rseid paksusandmeid. Valige ZBH-01 oma t\u00e4iustatud funktsioonide ja t\u00e4pse, kasutajas\u00f5braliku disaini t\u00f5ttu, et parandada kvaliteedikontrolli oma tegevuses.<\/p>\n<div id=\"gtx-anchor\" style=\"position: absolute; visibility: hidden; left: 353.094px; top: 1635.44px; width: 58.3125px; height: 19px;\"><\/div>\n<div class=\"jfk-bubble gtx-bubble\" style=\"visibility: visible; left: -285px; top: 1467px; opacity: 1;\" role=\"alertdialog\" aria-describedby=\"bubble-2\">\n<div id=\"bubble-2\" class=\"jfk-bubble-content-id\">\n<div id=\"gtx-host\" style=\"min-width: 200px; max-width: 400px;\"><\/div>\n<\/div>\n<div class=\"jfk-bubble-closebtn-id jfk-bubble-closebtn\" tabindex=\"0\" role=\"button\" aria-label=\"Sulge\"><\/div>\n<div class=\"jfk-bubble-arrow-id jfk-bubble-arrow jfk-bubble-arrowdown\" style=\"left: 382.094px;\">\n<div class=\"jfk-bubble-arrowimplbefore\"><\/div>\n<div class=\"jfk-bubble-arrowimplafter\"><\/div>\n<\/div>\n<\/div>","protected":false},"excerpt":{"rendered":"<p>The <strong>Papi paksuse m\u00f5\u00f5tja<\/strong> on oluline vahend, mis on m\u00f5eldud paberi ja papi t\u00e4pse paksuse m\u00f5\u00f5tmiseks, tagades \u00fchtluse ja kvaliteedi k\u00f5igis materjalides. Seda m\u00f5\u00f5teriista kasutatakse laialdaselt sellistes t\u00f6\u00f6stusharudes nagu pakendus-, toidu- ja joogit\u00f6\u00f6stus, meditsiin ja elektroonika, kus t\u00e4pne paksuse m\u00f5\u00f5tmine on toodete kvaliteedi ja \u00f5igusnormidele vastavuse seisukohast v\u00e4ga oluline. T\u00e4nu k\u00f5rgele t\u00e4psusele ja kasutajas\u00f5bralikele omadustele vastab see m\u00f5\u00f5tur kvaliteedikontrolli ja tootearenduse spetsialistide n\u00f5udmistele.<\/p>","protected":false},"featured_media":6295,"comment_status":"closed","ping_status":"closed","template":"","meta":{"site-sidebar-layout":"default","site-content-layout":"default","ast-global-header-display":"","ast-main-header-display":"","ast-hfb-above-header-display":"","ast-hfb-below-header-display":"","ast-hfb-mobile-header-display":"","site-post-title":"","ast-breadcrumbs-content":"","ast-featured-img":"","footer-sml-layout":"","theme-transparent-header-meta":"default","adv-header-id-meta":"","stick-header-meta":"","header-above-stick-meta":"","header-main-stick-meta":"","header-below-stick-meta":""},"product_cat":[845,953,956,955,954,957,958,952,959,962,685,44,16,164,95],"product_tag":[],"class_list":{"0":"post-5366","1":"product","2":"type-product","3":"status-publish","4":"has-post-thumbnail","6":"product_cat-customization","7":"product_cat-bursting-tester","8":"product_cat-cobb-tester","9":"product_cat-crush-tester","10":"product_cat-paper-tear-tester","11":"product_cat-plybond-tester","12":"product_cat-puncture-tester","13":"product_cat-rub-tester","14":"product_cat-stiffness-tester","15":"product_cat-thickness-gauges","16":"product_cat-thickness-tester","17":"product_cat-paper-and-board-testers","18":"product_cat-plastic-packaging-testers","19":"product_cat-iso-534","20":"product_cat-products","21":"desktop-align-left","22":"tablet-align-left","23":"mobile-align-left","25":"first","26":"instock","27":"shipping-taxable","28":"product-type-simple"},"_links":{"self":[{"href":"https:\/\/www.qualitester.com\/et\/wp-json\/wp\/v2\/product\/5366","targetHints":{"allow":["GET"]}}],"collection":[{"href":"https:\/\/www.qualitester.com\/et\/wp-json\/wp\/v2\/product"}],"about":[{"href":"https:\/\/www.qualitester.com\/et\/wp-json\/wp\/v2\/types\/product"}],"replies":[{"embeddable":true,"href":"https:\/\/www.qualitester.com\/et\/wp-json\/wp\/v2\/comments?post=5366"}],"version-history":[{"count":0,"href":"https:\/\/www.qualitester.com\/et\/wp-json\/wp\/v2\/product\/5366\/revisions"}],"wp:featuredmedia":[{"embeddable":true,"href":"https:\/\/www.qualitester.com\/et\/wp-json\/wp\/v2\/media\/6295"}],"wp:attachment":[{"href":"https:\/\/www.qualitester.com\/et\/wp-json\/wp\/v2\/media?parent=5366"}],"wp:term":[{"taxonomy":"product_cat","embeddable":true,"href":"https:\/\/www.qualitester.com\/et\/wp-json\/wp\/v2\/product_cat?post=5366"},{"taxonomy":"product_tag","embeddable":true,"href":"https:\/\/www.qualitester.com\/et\/wp-json\/wp\/v2\/product_tag?post=5366"}],"curies":[{"name":"wp","href":"https:\/\/api.w.org\/{rel}","templated":true}]}}