{"id":5345,"date":"2024-11-14T11:12:56","date_gmt":"2024-11-14T03:12:56","guid":{"rendered":"https:\/\/www.qualitester.com\/?post_type=product&#038;p=5345"},"modified":"2024-12-05T15:21:34","modified_gmt":"2024-12-05T07:21:34","slug":"sale-taber-stiffness-tester-for-paper","status":"publish","type":"product","link":"https:\/\/www.qualitester.com\/et\/toode\/sale-taber-stiffness-tester-for-paper\/","title":{"rendered":"WTD-02 Taberi j\u00e4ikuse tester"},"content":{"rendered":"<p>The <strong>Taber Stiffness Tester<\/strong> on oluline vahend, mis on m\u00f5eldud paberi, papi ja muude suure kaaluga materjalide paindumiskindluse hindamiseks. See seade, mida kasutatakse sellistes t\u00f6\u00f6stusharudes nagu pakendid, meditsiiniseadmed, elektroonika ja kvaliteedikontroll, aitab tootjatel tagada toodete vastupidavuse ja struktuurilise terviklikkuse. Taber Stiffness Tester pakub t\u00e4pseid ja usaldusv\u00e4\u00e4rseid m\u00f5\u00f5tmisi, mist\u00f5ttu on see ideaalne kvaliteedi tagamise protsessides, kus t\u00e4psed j\u00e4ikusandmed on kriitilise t\u00e4htsusega.<\/p>\n<h2>Taberi j\u00e4ikuse testija rakendused<\/h2>\n<p>Taberi j\u00e4ikuskatsekeha kasutatakse laialdaselt selliste materjalide j\u00e4ikuse m\u00f5\u00f5tmiseks, mis n\u00f5uavad tugevat paindumiskindlust, n\u00e4iteks pakendimaterjalid, etiketid ning elektroonika- ja meditsiiniseadmete struktuurikihid. T\u00e4nu oma v\u00f5imele hinnata t\u00e4pselt materjalide paindetugevust, aitab see t\u00f6\u00f6stusharudel tagada vastavust toimivusnormidele, toodete pikaealisust ja pakendikvaliteedi j\u00e4rjepidevust.<\/p>\n<h2>Testimise p\u00f5him\u00f5te ja m\u00f5\u00f5tmisprotsess<\/h2>\n<p>The <strong>Taber Stiffness Tester<\/strong> toimib katsekeha kinnipigistamise ja selle painutamise teel kindlaksm\u00e4\u00e4ratud nurga all, et m\u00f5\u00f5ta saadud paindemomenti. Paindemoment, mida v\u00e4ljendatakse millinwtonmeetrites (mN-m), kajastab otseselt materjali j\u00e4ikust. \u00dcldiste materjalide puhul on standardne 15\u00b0 nurk, samas kui tundlike materjalide puhul, mis kalduvad suurema nurga korral p\u00fcsivatele deformatsioonidele, on saadaval 7,5\u00b0 nurk. Taber Stiffness Tester'i konstruktsioon tagab t\u00e4pse painutuspikkuse ja -kiiruse, mis tagab kvaliteedikontrolli ja uuringute jaoks j\u00e4rjepidevad tulemused.<\/p>\n<h2>Taberi j\u00e4ikuskatsetega koosk\u00f5las olevad p\u00f5histandardid<\/h2>\n<p>The <strong>Taber Stiffness Tester<\/strong> vastab mitmetele t\u00f6\u00f6stusstandarditele, tagades mitmek\u00fclgsuse ja usaldusv\u00e4\u00e4rsuse erinevates testimiskeskkondades:<\/p>\n<ul>\n<li><a href=\"https:\/\/www.astm.org\/d5342-97r07.html\" target=\"_blank\" rel=\"noopener nofollow\"><strong>ASTM D5342<\/strong><\/a>: Seda standardit kasutatakse laialdaselt paberi ja papi j\u00e4ikuse m\u00f5\u00f5tmiseks, andes v\u00e4\u00e4rtuslikku teavet materjali paindumiskindluse ja pakendamiseks sobivuse kohta.<\/li>\n<li><a href=\"https:\/\/www.astm.org\/d5650-97r02.html\" target=\"_blank\" rel=\"noopener nofollow\"><strong>ASTM D5650<\/strong><\/a>: M\u00e4\u00e4ratleb n\u00f5uded t\u00f6\u00f6stus- ja tarbekaupade pakendamisel \u00fcldkasutatavate k\u00f5rggrammiliste pabertoodete j\u00e4ikuse katsetamiseks.<\/li>\n<li><a href=\"https:\/\/www.astm.org\/d3301-00.html\" target=\"_blank\" rel=\"noopener nofollow\"><strong>ASTM D3301<\/strong><\/a>: M\u00e4\u00e4ratleb meetodid erinevate paberiklasside paindetakistuse m\u00f5\u00f5tmiseks, aidates tootjatel saavutada kvaliteedi j\u00e4rjepidevust.<\/li>\n<li><strong>BS ISO 2493.2 &amp; ISO 2493.2<\/strong>: Need standardid kehtivad paindumisj\u00e4ikusele globaalsel skaalal, andes rahvusvahelise kvaliteedi v\u00f5rdlusaluse.<\/li>\n<li><strong>JIS P8125.2<\/strong>: See standard, mida kasutatakse Jaapani t\u00f6\u00f6stuses, pakub konkreetseid suuniseid paberip\u00f5histe toodete j\u00e4ikuse katsetamiseks.<\/li>\n<li><strong>TAPPI T489<\/strong>: P\u00f5hja-Ameerika standard, millele sageli viidatakse pappit\u00f6\u00f6stuses, eriti pakendite puhul.<\/li>\n<li><strong>TAPPI T566<\/strong>: K\u00e4esolev standard kirjeldab k\u00f5rgekaaluliste materjalide painduvuse ja j\u00e4ikuse katsemeetodeid, mis tagavad vastupidavuse pakendirakendustes.<\/li>\n<\/ul>\n<h2>Peamised tehnilised n\u00e4itajad<\/h2>\n<table>\n<tbody>\n<tr>\n<td style=\"text-align: center;\" width=\"117\">Testivahemik<\/td>\n<td style=\"text-align: center;\" width=\"196\">1~500 mN.m (7 vahemikus)<\/td>\n<\/tr>\n<tr>\n<td style=\"text-align: center;\" width=\"117\">N\u00e4idangu viga<\/td>\n<td style=\"text-align: center;\" width=\"196\">\u00b12%<\/td>\n<\/tr>\n<tr>\n<td style=\"text-align: center;\" width=\"117\">Paindepikkus<\/td>\n<td style=\"text-align: center;\" width=\"196\">50mm\u00b10.1mm<\/td>\n<\/tr>\n<tr>\n<td style=\"text-align: center;\" width=\"117\">Testimise kiirus<\/td>\n<td style=\"text-align: center;\" width=\"196\">\uff08200\u00b0\u00b120\u00b0\uff09\/min<\/td>\n<\/tr>\n<tr>\n<td style=\"text-align: center;\" width=\"117\">painutusnurk<\/td>\n<td style=\"text-align: center;\" width=\"196\">15\u00b0\u00b10,3\u00b0 ja 7,5\u00b0\u00b10,3\u00b0.<\/td>\n<\/tr>\n<tr>\n<td style=\"text-align: center;\" width=\"117\">\u00a0Valimi suurus<\/td>\n<td style=\"text-align: center;\" width=\"196\">38*70 mm<\/td>\n<\/tr>\n<tr>\n<td style=\"text-align: center;\" width=\"117\">M\u00f5\u00f5de<\/td>\n<td style=\"text-align: center;\" width=\"196\">220*230*350mm<\/td>\n<\/tr>\n<tr>\n<td style=\"text-align: center;\" width=\"117\">Netokaal<\/td>\n<td style=\"text-align: center;\" width=\"196\">15kg<\/td>\n<\/tr>\n<tr>\n<td style=\"text-align: center;\" width=\"117\">V\u00f5imsus<\/td>\n<td style=\"text-align: center;\" width=\"196\">AC 220V 50Hz<\/td>\n<\/tr>\n<\/tbody>\n<\/table>\n<h2>Taberi j\u00e4ikuse testija kasutamise eelised<\/h2>\n<ol>\n<li><strong>K\u00f5rge t\u00e4psus<\/strong>: Ainult \u00b12% veamarginaaliga pakub Taberi j\u00e4ikuse tester usaldusv\u00e4\u00e4rseid ja t\u00e4pseid m\u00f5\u00f5tmisi kvaliteedikontrolliks.<\/li>\n<li><strong>Standardite j\u00e4rgimine<\/strong>: See vastab ASTM, ISO, JIS ja TAPPI standarditele ning vastab paljudele regulatiivsetele vajadustele, mist\u00f5ttu on see kohandatav erinevates t\u00f6\u00f6stusharudes.<\/li>\n<li><strong>Kasutajas\u00f5bralik disain<\/strong>: Reguleeritavad painutusnurgad ja kompaktsed m\u00f5\u00f5tmed muudavad selle h\u00f5lpsasti integreeritavaks nii laboratooriumi kui ka tootmisse.<\/li>\n<\/ol>\n<h2>Kuidas Taber Stiffness Tester parandab kvaliteedikontrolli<\/h2>\n<p>Taber Stiffness Tester aitab tootjatel m\u00f5\u00f5ta pakendimaterjalide ja muude suure kaaluga toodete painutuskindlust, et nende tooted vastaksid t\u00f6\u00f6stuse standarditele vastupidavuse ja struktuurilise terviklikkuse osas. See seade m\u00e4ngib olulist rolli kvaliteedikontrollis pakendi-, toidu-, meditsiini- ja tarbekaupade t\u00f6\u00f6stuses, v\u00f5imaldades ettev\u00f5tetel s\u00e4ilitada toodete kvaliteeti ja toimivust.<\/p>\n<h2>KKK<\/h2>\n<p><strong>K1: Milliseid materjale saab Taberi j\u00e4ikuse testeriga testida?<\/strong><br \/>\n<em>Taber Stiffness Tester on ette n\u00e4htud pakendites ja konstruktsioonirakendustes kasutatava suure kaaluga paberi, papi ja sarnaste materjalide jaoks.<\/em><\/p>\n<p><strong>K2: Kuidas v\u00e4ljendatakse painutuskindlust katsetulemustes?<\/strong><br \/>\n<em>Paindetakistus registreeritakse paindemomendina, mida m\u00f5\u00f5detakse millinewtonmeetrites (mN-m).<\/em><\/p>\n<p><strong>3. k\u00fcsimus: Mis vahe on 15\u00b0 ja 7,5\u00b0 paindenurkade vahel?<\/strong><br \/>\n<em>15\u00b0 nurk on enamiku materjalide puhul standardne, samas kui 7,5\u00b0 nurka kasutatakse materjalide puhul, mis v\u00f5ivad suurema nurga all painutades deformeeruda.<\/em><\/p>\n<p><strong>K4: Millistele standarditele see tester vastab?<\/strong><br \/>\n<em>Taber Stiffness Tester vastab standarditele ASTM D5342, ASTM D5650, ASTM D3301, BS ISO 2493.2, ISO 2493.2, JIS P8125.2, TAPPI T489 ja TAPPI T566.<\/em><\/p>\n<p><strong>K5: Millised t\u00f6\u00f6stusharud kasutavad tavaliselt Taberi j\u00e4ikuse testija?<\/strong><br \/>\n<em>Sellised t\u00f6\u00f6stusharud nagu pakendus-, farmaatsia-, toidu-, elektroonika- ja kvaliteedikontroll kasutavad Taber Stiffness Tester'i sageli toote terviklikkuse tagamiseks.<\/em><\/p>","protected":false},"excerpt":{"rendered":"<p>The <strong>Taber Stiffness Tester<\/strong> on oluline vahend, mis on m\u00f5eldud paberi, papi ja muude suure kaaluga materjalide paindumiskindluse hindamiseks. See seade, mida kasutatakse sellistes t\u00f6\u00f6stusharudes nagu pakendid, meditsiiniseadmed, elektroonika ja kvaliteedikontroll, aitab tootjatel tagada toodete vastupidavuse ja struktuurilise terviklikkuse. Taber Stiffness Tester pakub t\u00e4pseid ja usaldusv\u00e4\u00e4rseid m\u00f5\u00f5tmisi, mist\u00f5ttu on see ideaalne kvaliteedi tagamise protsessides, kus t\u00e4psed j\u00e4ikusandmed on kriitilise t\u00e4htsusega.<\/p>","protected":false},"featured_media":6292,"comment_status":"closed","ping_status":"closed","template":"","meta":{"site-sidebar-layout":"default","site-content-layout":"default","ast-global-header-display":"","ast-main-header-display":"","ast-hfb-above-header-display":"","ast-hfb-below-header-display":"","ast-hfb-mobile-header-display":"","site-post-title":"","ast-breadcrumbs-content":"","ast-featured-img":"","footer-sml-layout":"","theme-transparent-header-meta":"default","adv-header-id-meta":"","stick-header-meta":"","header-above-stick-meta":"","header-main-stick-meta":"","header-below-stick-meta":""},"product_cat":[1096,1094,1095,845,1097,1171,1098,1099,44,95],"product_tag":[],"class_list":{"0":"post-5345","1":"product","2":"type-product","3":"status-publish","4":"has-post-thumbnail","6":"product_cat-astm-d3301","7":"product_cat-astm-d5342","8":"product_cat-astm-d5650","9":"product_cat-customization","10":"product_cat-iso-2493-2","11":"product_cat-jis-p8125-2","12":"product_cat-tappi-t489","13":"product_cat-tappi-t566","14":"product_cat-paper-and-board-testers","15":"product_cat-products","16":"desktop-align-left","17":"tablet-align-left","18":"mobile-align-left","20":"first","21":"instock","22":"shipping-taxable","23":"product-type-simple"},"_links":{"self":[{"href":"https:\/\/www.qualitester.com\/et\/wp-json\/wp\/v2\/product\/5345","targetHints":{"allow":["GET"]}}],"collection":[{"href":"https:\/\/www.qualitester.com\/et\/wp-json\/wp\/v2\/product"}],"about":[{"href":"https:\/\/www.qualitester.com\/et\/wp-json\/wp\/v2\/types\/product"}],"replies":[{"embeddable":true,"href":"https:\/\/www.qualitester.com\/et\/wp-json\/wp\/v2\/comments?post=5345"}],"version-history":[{"count":0,"href":"https:\/\/www.qualitester.com\/et\/wp-json\/wp\/v2\/product\/5345\/revisions"}],"wp:featuredmedia":[{"embeddable":true,"href":"https:\/\/www.qualitester.com\/et\/wp-json\/wp\/v2\/media\/6292"}],"wp:attachment":[{"href":"https:\/\/www.qualitester.com\/et\/wp-json\/wp\/v2\/media?parent=5345"}],"wp:term":[{"taxonomy":"product_cat","embeddable":true,"href":"https:\/\/www.qualitester.com\/et\/wp-json\/wp\/v2\/product_cat?post=5345"},{"taxonomy":"product_tag","embeddable":true,"href":"https:\/\/www.qualitester.com\/et\/wp-json\/wp\/v2\/product_tag?post=5345"}],"curies":[{"name":"wp","href":"https:\/\/api.w.org\/{rel}","templated":true}]}}