{"id":5332,"date":"2024-11-13T11:52:19","date_gmt":"2024-11-13T03:52:19","guid":{"rendered":"https:\/\/www.qualitester.com\/?post_type=product&#038;p=5332"},"modified":"2024-12-05T15:09:02","modified_gmt":"2024-12-05T07:09:02","slug":"sale-paper-horizontal-tensile-tester","status":"publish","type":"product","link":"https:\/\/www.qualitester.com\/et\/toode\/sale-paper-horizontal-tensile-tester\/","title":{"rendered":"TST-H Horisontaalne t\u00f5mbetugevuse tester"},"content":{"rendered":"<h2><strong>Sissejuhatus: Paberite horisontaalne t\u00f5mbetugevuse tester<\/strong><\/h2>\n<p>The <strong>TST-H Horisontaalne t\u00f5mbetugevuse tester<\/strong> on kaasaegne p\u00fcsiva pikenemisastmega katseseade, mis on m\u00f5eldud paberi, papi, pehmepaberi ja muude paberip\u00f5histe materjalide t\u00f5mbeomaduste m\u00f5\u00f5tmiseks. T\u00e4nu oma t\u00e4psetele katsev\u00f5imalustele m\u00e4\u00e4rab see kindlaks sellised olulised omadused nagu t\u00f5mbetugevus, venivus maksimaalse j\u00f5u juures, t\u00f5mbeenergia neeldumine ja t\u00f5mbej\u00e4ikus. Tester sobib ideaalselt pakendimaterjalide, pabertoodete ja pehmete toodete hindamiseks, andes olulisi andmeid sellistele t\u00f6\u00f6stusharudele nagu pakendid, toiduained, ravimid, liimid ja kvaliteedikontrolliasutused.<\/p>\n<p>The <strong>TST-H Horisontaalne t\u00f5mbetugevuse tester<\/strong> pakub t\u00e4pseid ja korratavaid tulemusi, mis v\u00f5imaldab tootjatel s\u00e4ilitada j\u00e4rjepidevat kvaliteeti ja tagada oma toodete vastavus rahvusvahelistele standarditele. TST-H pakub usaldusv\u00e4\u00e4rseid ja t\u00e4pseid t\u00f5mbe m\u00f5\u00f5tmisi, mis on olulised toote optimeerimiseks, olgu need siis kvaliteedikontrolli v\u00f5i teadusuuringute eesm\u00e4rgil.<\/p>\n<hr \/>\n<h2><strong>Paberi horisontaalse t\u00f5mbekatse katsemeetodid ja standardid<\/strong><\/h2>\n<h3><strong>ISO 1924: P\u00f5hilised katsestandardid paberi t\u00f5mbekatsete jaoks<\/strong><\/h3>\n<p>The <strong>ISO 1924<\/strong> seeria on k\u00f5ige laialdasemalt tunnustatud rahvusvaheline standard paberi ja papi t\u00f5mbeomaduste katsetamiseks. Seeria koosneb kolmest osast, milles kirjeldatakse \u00fcksikasjalikult t\u00f5mbekatsete meetodeid erinevates tingimustes:<\/p>\n<ul>\n<li><a href=\"https:\/\/www.iso.org\/standard\/6616.html\" target=\"_blank\" rel=\"noopener nofollow\"><strong>ISO 1924-1<\/strong><\/a>: Keskendub paberi ja papi t\u00f5mbetugevuse, venivuse ja venivuse m\u00e4\u00e4ramisele maksimaalse j\u00f5u juures.<\/li>\n<li><a href=\"https:\/\/www.iso.org\/standard\/41397.html\" target=\"_blank\" rel=\"noopener nofollow\"><strong>ISO 1924-2<\/strong><\/a>: K\u00e4sitleb konkreetselt paberi ja papi m\u00e4rja t\u00f5mbetugevuse katsetamist m\u00e4rgades tingimustes.<\/li>\n<li><a href=\"https:\/\/www.iso.org\/standard\/32206.html\" target=\"_blank\" rel=\"noopener nofollow\"><strong>ISO 1924-3<\/strong><\/a>: H\u00f5lmab pidevat meetodit paberi t\u00f5mbeomaduste m\u00e4\u00e4ramiseks pikaajaliste vastupidavusuuringute jaoks.<\/li>\n<\/ul>\n<p>Need standardid annavad selged suunised t\u00f5mbekatsete l\u00e4biviimiseks ja selle tagamiseks, et pabertooted vastavad vajalikele kvaliteedin\u00e4itajatele. TST-H horisontaalne t\u00f5mbetugevuse tester j\u00e4rgib neid ISO standardeid, tagades vastavuse ja j\u00e4rjepidevuse katsetulemustes.<\/p>\n<h4><strong>ISO 1924-1: T\u00f5mbeomaduste m\u00e4\u00e4ramine<\/strong><\/h4>\n<p><strong>ISO 1924-1<\/strong> kirjeldab katsemeetodit paberi t\u00f5mbetugevuse, maksimaalse j\u00f5uga venivuse ja pikenemise m\u00e4\u00e4ramiseks. . <strong>TST-H Horisontaalne t\u00f5mbetugevuse tester<\/strong> kasutab seda meetodit, rakendades paberiproovi suhtes konstantset pikenemiskiirust, kuni see puruneb. Katse k\u00e4igus kogutud j\u00f5u ja venivuse andmeid kasutatakse p\u00f5hiparameetrite arvutamiseks, sealhulgas:<\/p>\n<ul>\n<li><strong>T\u00f5mbetugevus<\/strong>: Maksimaalne j\u00f5ud, mida paber enne purunemist talub.<\/li>\n<li><strong>Venitus maksimaalse j\u00f5uga<\/strong>: Paberil maksimaalse t\u00f5mbetugevuse juures toimuva venituse suurus.<\/li>\n<li><strong>T\u00f5mbeenergia neeldumine<\/strong>: Energia, mille paber katse ajal neelab.<\/li>\n<\/ul>\n<p>TST-H andmetel saavad tootjad hinnata pabertoodete vastupidavust ja toimivust erinevates rakendustes.<\/p>\n<h4><strong>ISO 1924-2: M\u00e4rg t\u00f5mbetugevuse katse<\/strong><\/h4>\n<p><strong>ISO 1924-2<\/strong> keskendub m\u00f5\u00f5tmisele <strong>m\u00e4rg t\u00f5mbetugevus<\/strong> paber ja papp, mis on eriti oluline niisketes tingimustes kasutatavate pabertoodete puhul (nt pehmepaber, pakendimaterjalid). . <strong>TST-H Horisontaalne t\u00f5mbetugevuse tester<\/strong> on varustatud valikulise <strong>m\u00e4rja t\u00f5mbetugevusega veepaak<\/strong> testide l\u00e4biviimiseks vastavalt <strong>ISO 1924-2<\/strong>. See omadus tagab, et katseseade suudab k\u00e4sitleda niiskuse k\u00e4es olevaid materjale ja m\u00f5\u00f5ta t\u00e4pselt t\u00f5mbetugevuse v\u00e4henemist, mis tekib, kui paber on m\u00e4rg.<\/p>\n<h4><strong>ISO 1924-3: Pidev meetod paberi katsetamiseks<\/strong><\/h4>\n<p><strong>ISO 1924-3<\/strong> tutvustab pidevat meetodit paberi ja papi t\u00f5mbeomaduste m\u00e4\u00e4ramiseks. Seda meetodit kasutatakse pikaajalise vastupidavuse katsetamiseks, eriti selliste materjalide puhul nagu lainepapp. . <strong>TST-H Horisontaalne t\u00f5mbetugevuse tester<\/strong> saab konfigureerida pidevateks katsetusteks, mis annavad v\u00e4\u00e4rtusliku \u00fclevaate pabertoodete k\u00e4itumisest p\u00fcsiva koormuse all.<\/p>\n<h3><strong>Muud asjakohased standardid<\/strong><\/h3>\n<p>Lisaks <strong>ISO 1924<\/strong>, ... <strong>TST-H Horisontaalne t\u00f5mbetugevuse tester<\/strong> vastab mitmetele teistele standarditele, sealhulgas:<\/p>\n<ul>\n<li><strong>ISO 12625-4<\/strong>: Paberipaberi t\u00f5mbekatsed.<\/li>\n<li><strong>ISO 12625-5<\/strong>: \u00dcldised katsemeetodid paberi ja papi t\u00f5mbetugevuse m\u00e4\u00e4ramiseks.<\/li>\n<li><strong>TAPPI T494<\/strong>: Paberi ja papi t\u00f5mbeomaduste standardkatsemeetod.<\/li>\n<\/ul>\n<p>Need standardid tagavad, et <strong>TST-H<\/strong> pakub j\u00e4rjepidevaid, t\u00e4pseid ja usaldusv\u00e4\u00e4rseid tulemusi paljude paberip\u00f5histe toodete puhul.<\/p>\n<hr \/>\n<h2><strong>Paberi horisontaalse t\u00f5mbetesti kasutamise eelised<\/strong><\/h2>\n<ul>\n<li><strong>T\u00e4psus ja stabiilsus<\/strong> The <strong>TST-H<\/strong> on ehitatud koos <strong>\u00fche veeru struktuur<\/strong> ja <strong>t\u00e4ppiskuuliga kruvi<\/strong> stabiilse \u00fclekande ja suurema testimise t\u00e4psuse tagamiseks. See tagab t\u00f5mbeomaduste t\u00e4pse m\u00f5\u00f5tmise, muutes selle usaldusv\u00e4\u00e4rseks kvaliteedikontrolli vahendiks.<\/li>\n<li><strong>Kasutajas\u00f5bralik kasutajaliides<\/strong> Varustatud <strong>7-tolline puuteekraan<\/strong>, pakub tester intuitiivset ja h\u00f5lpsasti kasutatavat kasutajaliidest. Kasutajad saavad kiiresti seadistada teste, j\u00e4lgida tulemusi ja reguleerida parameetreid, mist\u00f5ttu sobib see nii algajatele kui ka kogenud operaatoritele.<\/li>\n<li><strong>Valikuline m\u00e4rja testimise funktsioon<\/strong> The <strong>m\u00e4rja t\u00f5mbetugevusega veepaak<\/strong> v\u00f5imaldab katsetada paberit niisketes tingimustes, mis on oluline niiskes v\u00f5i niiskes keskkonnas kasutatavate materjalide, n\u00e4iteks pehmepaberi ja pakendite hindamiseks.<\/li>\n<li><strong>T\u00e4iustatud andmehaldus<\/strong> The <strong>TST-H<\/strong> \u00fchildub <strong>arvuti\u00fchendus<\/strong> (valikuline), mis v\u00f5imaldab t\u00e4iustatud andmete salvestamist, anal\u00fc\u00fcsi ja aruannete koostamist. Veebileht <strong>modulaarne termoprinter<\/strong> pakub koheseid testitulemusi, tagades kiire juurdep\u00e4\u00e4su olulistele andmetele.<\/li>\n<li><strong>Mitmek\u00fclgne ja kohandatav<\/strong> The <strong>TST-H<\/strong> on kohandatav mitmesuguste testimisvajaduste, sealhulgas erinevate pabertoodete ja kohandatud proovide suuruse j\u00e4rgi. T\u00e4nu paindlikele katseparameetritele ja lisav\u00f5imalustele on see mitmek\u00fclgne valik erinevate rakenduste jaoks.<\/li>\n<\/ul>\n<hr \/>\n<h2><strong>Katse parameetrid ja spetsifikatsioonid<\/strong><\/h2>\n<table>\n<tbody>\n<tr>\n<td style=\"text-align: center;\" width=\"237\">M\u00f5\u00f5tmisvahemik<\/td>\n<td style=\"text-align: center;\" width=\"224\">30N, 500N v\u00f5i vastavalt vajadusele<\/td>\n<\/tr>\n<tr>\n<td style=\"text-align: center;\" width=\"237\">Pikenduse m\u00f5\u00f5tmisvahemik<\/td>\n<td style=\"text-align: center;\" width=\"224\">45-260mm<\/td>\n<\/tr>\n<tr>\n<td style=\"text-align: center;\" width=\"237\">Venituskiirus:<\/td>\n<td style=\"text-align: center;\" width=\"224\">(1~500) mm\/min<\/td>\n<\/tr>\n<tr>\n<td style=\"text-align: center;\" width=\"237\">Tagasip\u00f6\u00f6rdumise kiirus<\/td>\n<td style=\"text-align: center;\" width=\"224\">100mm\/min<\/td>\n<\/tr>\n<tr>\n<td style=\"text-align: center;\" width=\"237\">Klambrite vahekaugus<\/td>\n<td style=\"text-align: center;\" width=\"224\">1~250mm<\/td>\n<\/tr>\n<tr>\n<td style=\"text-align: center;\" width=\"237\">Katse kiiruse t\u00e4psus<\/td>\n<td style=\"text-align: center;\" width=\"224\">(1~10) mm\/min: \u00b10,1 mm\/min<\/td>\n<\/tr>\n<tr>\n<td style=\"text-align: center;\" width=\"237\">prooviv\u00f5tusagedus<\/td>\n<td style=\"text-align: center;\" width=\"224\">400 korda\/S<\/td>\n<\/tr>\n<tr>\n<td style=\"text-align: center;\" width=\"237\">T\u00e4psus<\/td>\n<td style=\"text-align: center;\" width=\"224\">\u2264\u00b10,5%<\/td>\n<\/tr>\n<tr>\n<td style=\"text-align: center;\" width=\"237\">J\u00f5u t\u00e4psus<\/td>\n<td style=\"text-align: center;\" width=\"224\">\u00b10.1% (20~100%FS)<\/td>\n<\/tr>\n<tr>\n<td style=\"text-align: center;\" width=\"237\">Deformatsiooni eraldusv\u00f5ime<\/td>\n<td style=\"text-align: center;\" width=\"224\">\u22640,1mm<\/td>\n<\/tr>\n<tr>\n<td style=\"text-align: center;\" width=\"237\">Proovi kinnitus<\/td>\n<td style=\"text-align: center;\" width=\"224\">Pneumaatiline<\/td>\n<\/tr>\n<tr>\n<td style=\"text-align: center;\" width=\"237\">Kinnitussurve<\/td>\n<td style=\"text-align: center;\" width=\"224\">0,2-0,7Mpa (reguleeritav)<\/td>\n<\/tr>\n<tr>\n<td style=\"text-align: center;\" width=\"237\">Valimi suurus<\/td>\n<td style=\"text-align: center;\" width=\"224\">1-25mm<\/td>\n<\/tr>\n<tr>\n<td style=\"text-align: center;\" width=\"237\">Inimese ja masina vaheline liides<\/td>\n<td style=\"text-align: center;\" width=\"224\">7 puuteekraaniga<\/td>\n<\/tr>\n<tr>\n<td style=\"text-align: center;\" width=\"237\">V\u00e4ljatr\u00fckk<\/td>\n<td style=\"text-align: center;\" width=\"224\">sisseehitatud termoprinter.<\/td>\n<\/tr>\n<tr>\n<td style=\"text-align: center;\" width=\"237\">V\u00f5imsus<\/td>\n<td style=\"text-align: center;\" width=\"224\">AC 220V 50Hz<\/td>\n<\/tr>\n<tr>\n<td style=\"text-align: center;\" width=\"237\">M\u00f5\u00f5de<\/td>\n<td style=\"text-align: center;\" width=\"224\">650*500*400mm<\/td>\n<\/tr>\n<\/tbody>\n<\/table>\n<hr \/>\n<h2><strong>Miks valida paberi horisontaalne t\u00f5mbetesti?<\/strong><\/h2>\n<p>The <strong>TST-H Horisontaalne t\u00f5mbetugevuse tester<\/strong> pakub v\u00f5rratut kombinatsiooni t\u00e4psusest, paindlikkusest ja kasutusmugavusest, mist\u00f5ttu on see ideaalne valik paberi, papi, pehmepaberi ja muude sarnaste materjalide t\u00f5mbeomaduste katsetamiseks. Kuna see katseseade v\u00f5imaldab m\u00f5\u00f5ta selliseid p\u00f5hiomadusi nagu t\u00f5mbetugevus, venivus ja energia neeldumine, aitab see tootjatel optimeerida toodete kvaliteeti ja tagada vastavust rahvusvahelistele standarditele, nagu n\u00e4iteks <strong>ISO 1924<\/strong>, <strong>ISO 12625<\/strong>, ja <strong>TAPPI T494<\/strong>.<\/p>\n<p>Olenemata sellest, kas te testite kvaliteedikontrolli, uurimist\u00f6\u00f6 v\u00f5i tootearenduse eesm\u00e4rgil, on <strong>TST-H Horisontaalne t\u00f5mbetugevuse tester<\/strong> on usaldusv\u00e4\u00e4rne ja t\u00f5hus lahendus k\u00f5igile teie paberitestimise vajadustele.<\/p>\n<hr \/>\n<h2><strong>Korduma kippuvad k\u00fcsimused (KKK)<\/strong><\/h2>\n<ol>\n<li><strong>Millist t\u00fc\u00fcpi materjale saab testida paberi horisontaalse t\u00f5mbetesti abil?<\/strong>\n<ul>\n<li>TST-H on ette n\u00e4htud paberi, papi, pehmepaberi ja sarnaste paberip\u00f5histe toodete katsetamiseks.<\/li>\n<\/ul>\n<\/li>\n<li><strong>Kuidas teha TST-H abil m\u00e4rja t\u00f5mbetugevuse katse?<\/strong>\n<ul>\n<li>TST-H sisaldab valikulist <strong>m\u00e4rja t\u00f5mbetugevusega veepaak<\/strong> testide l\u00e4biviimiseks m\u00e4rgades tingimustes, mis vastavad <strong>ISO 1924-2<\/strong> standardid.<\/li>\n<\/ul>\n<\/li>\n<li><strong>Millised on paberi horisontaalse t\u00f5mbetesti 7-tollise puuteekraani peamised eelised?<\/strong>\n<ul>\n<li>Puuteekraan pakub kasutajas\u00f5bralikku kasutajaliidest, mis v\u00f5imaldab lihtsat seadistamist, kasutamist ja katsetulemuste j\u00e4lgimist.<\/li>\n<\/ul>\n<\/li>\n<li><strong>Kas TST-H horisontaalset t\u00f5mbetugevuse katseseadet saab andmete salvestamiseks \u00fchendada arvutiga?<\/strong>\n<ul>\n<li>Jah, see pakub <strong>arvuti\u00fchendus<\/strong> t\u00e4iustatud andmete s\u00e4ilitamiseks, anal\u00fc\u00fcsiks ja aruannete koostamiseks.<\/li>\n<\/ul>\n<\/li>\n<li><strong>Milliseid standardeid j\u00e4rgib paberi horisontaalne t\u00f5mbetesti?<\/strong>\n<ul>\n<li>Tester vastab j\u00e4rgmistele n\u00f5uetele <strong>ISO 1924<\/strong> (1., 2. ja 3. osa), <strong>ISO 12625<\/strong>, <strong>TAPPI T494<\/strong>, ja muud asjakohased paberi katsetamise standardid.<\/li>\n<\/ul>\n<\/li>\n<\/ol>","protected":false},"excerpt":{"rendered":"<p>The <strong>TST-H Horisontaalne t\u00f5mbetugevuse tester<\/strong> pakub t\u00e4pseid ja korratavaid tulemusi, mis v\u00f5imaldab tootjatel s\u00e4ilitada j\u00e4rjepidevat kvaliteeti ja tagada oma toodete vastavus rahvusvahelistele standarditele. TST-H pakub usaldusv\u00e4\u00e4rseid ja t\u00e4pseid t\u00f5mbe m\u00f5\u00f5tmisi, mis on olulised toote optimeerimiseks, olgu need siis kvaliteedikontrolli v\u00f5i teadusuuringute eesm\u00e4rgil.<\/p>","protected":false},"featured_media":6280,"comment_status":"closed","ping_status":"closed","template":"","meta":{"site-sidebar-layout":"default","site-content-layout":"default","ast-global-header-display":"","ast-main-header-display":"","ast-hfb-above-header-display":"","ast-hfb-below-header-display":"","ast-hfb-mobile-header-display":"","site-post-title":"","ast-breadcrumbs-content":"","ast-featured-img":"","footer-sml-layout":"","theme-transparent-header-meta":"default","adv-header-id-meta":"","stick-header-meta":"","header-above-stick-meta":"","header-main-stick-meta":"","header-below-stick-meta":""},"product_cat":[845,953,956,955,1166,1167,1163,1164,1165,954,957,958,952,959,1168,679,95],"product_tag":[],"class_list":{"0":"post-5332","1":"product","2":"type-product","3":"status-publish","4":"has-post-thumbnail","6":"product_cat-customization","7":"product_cat-bursting-tester","8":"product_cat-cobb-tester","9":"product_cat-crush-tester","10":"product_cat-iso-12625-4","11":"product_cat-iso-12625-5","12":"product_cat-iso-1924-1","13":"product_cat-iso-1924-2","14":"product_cat-iso-1924-3","15":"product_cat-paper-tear-tester","16":"product_cat-plybond-tester","17":"product_cat-puncture-tester","18":"product_cat-rub-tester","19":"product_cat-stiffness-tester","20":"product_cat-tappi-t494","21":"product_cat-tensile-tester","22":"product_cat-products","23":"desktop-align-left","24":"tablet-align-left","25":"mobile-align-left","27":"first","28":"instock","29":"shipping-taxable","30":"product-type-simple"},"_links":{"self":[{"href":"https:\/\/www.qualitester.com\/et\/wp-json\/wp\/v2\/product\/5332","targetHints":{"allow":["GET"]}}],"collection":[{"href":"https:\/\/www.qualitester.com\/et\/wp-json\/wp\/v2\/product"}],"about":[{"href":"https:\/\/www.qualitester.com\/et\/wp-json\/wp\/v2\/types\/product"}],"replies":[{"embeddable":true,"href":"https:\/\/www.qualitester.com\/et\/wp-json\/wp\/v2\/comments?post=5332"}],"version-history":[{"count":0,"href":"https:\/\/www.qualitester.com\/et\/wp-json\/wp\/v2\/product\/5332\/revisions"}],"wp:featuredmedia":[{"embeddable":true,"href":"https:\/\/www.qualitester.com\/et\/wp-json\/wp\/v2\/media\/6280"}],"wp:attachment":[{"href":"https:\/\/www.qualitester.com\/et\/wp-json\/wp\/v2\/media?parent=5332"}],"wp:term":[{"taxonomy":"product_cat","embeddable":true,"href":"https:\/\/www.qualitester.com\/et\/wp-json\/wp\/v2\/product_cat?post=5332"},{"taxonomy":"product_tag","embeddable":true,"href":"https:\/\/www.qualitester.com\/et\/wp-json\/wp\/v2\/product_tag?post=5332"}],"curies":[{"name":"wp","href":"https:\/\/api.w.org\/{rel}","templated":true}]}}