{"id":5329,"date":"2024-11-13T11:44:25","date_gmt":"2024-11-13T03:44:25","guid":{"rendered":"https:\/\/www.qualitester.com\/?post_type=product&#038;p=5329"},"modified":"2024-12-05T11:27:13","modified_gmt":"2024-12-05T03:27:13","slug":"sale-paper-air-permeance-tester","status":"publish","type":"product","link":"https:\/\/www.qualitester.com\/et\/toode\/sale-paper-air-permeance-tester\/","title":{"rendered":"TQD-01 \u00f5hu l\u00e4bilaskvuse tester"},"content":{"rendered":"<h2><strong>Sissejuhatus paberi \u00f5hupidavuse testerisse<\/strong><\/h2>\n<p>The <strong>Paberi \u00f5hu l\u00e4bilaskvuse tester<\/strong> on oluline vahend paberi- ja pappmaterjalide \u00f5hu l\u00e4bilaskvuse m\u00e4\u00e4ramiseks, mist\u00f5ttu on see v\u00e4ga oluline sellistes t\u00f6\u00f6stusharudes nagu pakendid, paberitootmine ja tekstiilit\u00f6\u00f6stus. See katseseade kasutab Schopperi meetodit, et m\u00f5\u00f5ta \u00f5huvoolu l\u00e4bi materjalide, andes t\u00e4pseid ja usaldusv\u00e4\u00e4rseid tulemusi paberite ja kartongide puhul, mille \u00f5hu l\u00e4bilaskvuse v\u00e4\u00e4rtused j\u00e4\u00e4vad vahemikku 1\u00d710^-2 kuni 1\u00d710\u00b2 \u00b5m\/(Pa-s). . <strong>paberi \u00f5hu l\u00e4bilaskvuse tester<\/strong> on kavandatud vastavalt rahvusvahelistele katsestandarditele, mis tagavad, et materjalid vastavad konkreetsetele \u00f5hupidavuse n\u00f5uetele, mis on kriitilise t\u00e4htsusega nende toimimise jaoks pakendamisel, filtreerimisel ja muudes rakendustes.<\/p>\n<p>Tester sobib ideaalselt erinevate paberit\u00fc\u00fcpide, sealhulgas koopiapaberi, tsemendikottide paberi, t\u00f6\u00f6stusliku filterpaberi ja paberkottide kasutamiseks. See ei sobi siiski krobelise pinnaga materjalide, n\u00e4iteks krepp- v\u00f5i lainepaberite jaoks, mida ei saa kindlalt kinni hoida, et v\u00e4ltida lekkeid.<\/p>\n<h2><strong>Peamised omadused<\/strong><\/h2>\n<ul>\n<li><strong>T\u00e4pne m\u00f5\u00f5tmine<\/strong>: M\u00f5\u00f5dab t\u00e4pselt paberi ja kartongmaterjalide \u00f5hupidavust.<\/li>\n<li><strong>Schopperi meetod<\/strong>: Kasutab standardiseeritud Schopperi meetodit j\u00e4rjepidevate ja korratavate tulemuste saamiseks.<\/li>\n<li><strong>Lai materjalikompatibility<\/strong>: Sobib mitmesuguste paberit\u00fc\u00fcpide, sealhulgas t\u00f6\u00f6stusliku filterpaberi, tsemendikottide ja koopiapaberi testimiseks.<\/li>\n<li><strong>Standardite j\u00e4rgimine<\/strong>: Vastab mitmetele rahvusvahelistele ja t\u00f6\u00f6stuslikele \u00f5hupidavuse testimise standarditele.<\/li>\n<li><strong>Kasutamise lihtsus<\/strong>: Lihtne ja intuitiivne toimimine kiireks testimiseks ja andmete kogumiseks.<\/li>\n<\/ul>\n<h2><strong>Kuidas paberi \u00f5hu l\u00e4bilaskvuse tester t\u00f6\u00f6tab<\/strong><\/h2>\n<p>The <strong>paberi \u00f5hu l\u00e4bilaskvuse tester<\/strong> t\u00f6\u00f6tab nii, et paberi- v\u00f5i kartongiproov surutakse kahe \u00f5hukindla ringikujulise tihendi vahele. Proovi \u00fcks k\u00fclg puutub kokku \u00f5hur\u00f5huga, samal ajal kui katsealal hoitakse v\u00e4ike, kontrollitud r\u00f5hkude vahe. Seej\u00e4rel m\u00f5\u00f5dab katseseade proovi l\u00e4bivat \u00f5huvoolu nendes tingimustes, arvutades \u00f5huvoolu kiiruse ja r\u00f5hkude erinevuse p\u00f5hjal \u00f5hupidavuse.<\/p>\n<h3><strong>Katsemeetod<\/strong><\/h3>\n<ol>\n<li><strong>Proovi ettevalmistamine<\/strong>: Paberiproov kinnitatakse kindlalt kahe tihendi vahele, et v\u00e4ltida lekkeid.<\/li>\n<li><strong>R\u00f5hu kontroll<\/strong>: V\u00e4ike, kuid konstantne r\u00f5hkude erinevus rakendatakse proovi suhtes, et simuleerida tegelikke tingimusi.<\/li>\n<li><strong>M\u00f5\u00f5tmine<\/strong>: Tester m\u00f5\u00f5dab paberiproovi l\u00e4bivat \u00f5humahtu kindlaksm\u00e4\u00e4ratud aja jooksul, arvutades \u00f5hu l\u00e4bilaskvuse mikromeetrites paskalise sekundi kohta (\u00b5m\/(Pa-s)).<\/li>\n<\/ol>\n<p>See meetod tagab, et tulemused on usaldusv\u00e4\u00e4rsed ja esindavad paberi tegelikku \u00f5hupidavust, mist\u00f5ttu on v\u00f5imalik teha <strong>paberi \u00f5hu l\u00e4bilaskvuse tester<\/strong> oluline vahend materjali toimivuse hindamiseks.<\/p>\n<h2><strong>Paberi\u00f5hu l\u00e4bilaskvuse testija suhtes kohaldatavad standardid<\/strong><\/h2>\n<p>The <strong>paberi \u00f5hu l\u00e4bilaskvuse tester<\/strong> j\u00e4rgib mitmeid olulisi rahvusvahelisi ja t\u00f6\u00f6stusharu standardeid, tagades, et teie testimisprotsess on nii t\u00e4pne kui ka koosk\u00f5las \u00fclemaailmsete parimate tavadega:<\/p>\n<ul>\n<li><a href=\"https:\/\/www.iso.org\/standard\/11719.html\" target=\"_blank\" rel=\"noopener nofollow\"><strong>ISO 5636-2<\/strong><\/a>: Standard paberi ja kartongi \u00f5hupidavuse m\u00f5\u00f5tmiseks Schopperi meetodil.<\/li>\n<li><a href=\"https:\/\/www.iso.org\/standard\/52431.html\" target=\"_blank\" rel=\"noopener nofollow\"><strong>ISO 5636-3<\/strong><\/a>: M\u00e4\u00e4ratleb erinevate paberi- ja pappmaterjalide \u00f5hupidavuse m\u00f5\u00f5tmise meetodid.<\/li>\n<li><a href=\"https:\/\/www.iso.org\/standard\/53062.html\" target=\"_blank\" rel=\"noopener nofollow\"><strong>ISO 5636-5<\/strong><\/a>: T\u00e4iendavad suunised \u00f5hu l\u00e4bilaskvuse katsetamiseks erinevates keskkonnatingimustes.<\/li>\n<li><strong>GB\/T 458<\/strong>: Hiina riiklik standard \u00f5hu l\u00e4bilaskvuse m\u00e4\u00e4ramiseks paberis ja papis.<\/li>\n<li><strong>QB\/1667<\/strong>: T\u00f6\u00f6stusspetsiifiline standard pakendimaterjalide \u00f5hu l\u00e4bilaskvuse katsetamiseks.<\/li>\n<\/ul>\n<h3><strong>Standardite j\u00e4rgimise t\u00e4htsus<\/strong><\/h3>\n<p>Nende standardite j\u00e4rgimine v\u00f5imaldab <strong>paberi \u00f5hu l\u00e4bilaskvuse tester<\/strong> tagab, et teie tulemused on j\u00e4rjepidevad ja \u00fclemaailmselt tunnustatud. See on v\u00e4ga oluline t\u00f6\u00f6stusharudes, kus \u00f5igusnormide j\u00e4rgimine ja kvaliteedikontroll on elut\u00e4htsad, n\u00e4iteks toidu- ja farmaatsiasektoris kasutatavate pakkematerjalide puhul.<\/p>\n<h2><strong>Peamised parameetrid<\/strong><\/h2>\n<table>\n<tbody>\n<tr>\n<td style=\"text-align: center;\" width=\"224\">Katse ulatus<\/td>\n<td style=\"text-align: center;\" width=\"267\">1\uff5e1000\uff09ml\/min v\u00f5i 0~17um\/(Pa.s)<\/td>\n<\/tr>\n<tr>\n<td style=\"text-align: center;\" width=\"224\">Katseala<\/td>\n<td style=\"text-align: center;\" width=\"267\">10\u00b10,2cm\u00b2<\/td>\n<\/tr>\n<tr>\n<td style=\"text-align: center;\" width=\"224\">Katsepiirkonna r\u00f5hkude erinevus<\/td>\n<td style=\"text-align: center;\" width=\"267\">1\u00b10,01kpa<\/td>\n<\/tr>\n<tr>\n<td style=\"text-align: center;\" colspan=\"1\" rowspan=\"2\" width=\"224\">T\u00e4psus<\/td>\n<td style=\"text-align: center;\" width=\"267\">&lt;100ml mahuviga 1ml<\/td>\n<\/tr>\n<tr>\n<td style=\"text-align: center;\" width=\"267\">&gt;100ml mahuviga 5ml<\/td>\n<\/tr>\n<tr>\n<td style=\"text-align: center;\" width=\"224\">Kinnitusr\u00f5nga sisel\u00e4bim\u00f5\u00f5t<\/td>\n<td style=\"text-align: center;\" width=\"267\">35.68\u00b10.05mm<\/td>\n<\/tr>\n<tr>\n<td style=\"text-align: center;\" width=\"224\">Klamberr\u00f5ngad Keskmine koaksiaalsus<\/td>\n<td style=\"text-align: center;\" width=\"267\">&lt;0.05mm<\/td>\n<\/tr>\n<tr>\n<td style=\"text-align: center;\" width=\"224\">M\u00f5\u00f5tmed<\/td>\n<td style=\"text-align: center;\" width=\"267\">400*300*1200mm<\/td>\n<\/tr>\n<\/tbody>\n<\/table>\n<h2><strong>Paberi \u00f5hu l\u00e4bilaskvuse testija rakendused<\/strong><\/h2>\n<p>The <strong>paberi \u00f5hu l\u00e4bilaskvuse tester<\/strong> on mitmesuguseid rakendusi erinevates t\u00f6\u00f6stusharudes, mis n\u00f5uavad paberip\u00f5histe toodete \u00f5hupidavuse t\u00e4pset m\u00f5\u00f5tmist:<\/p>\n<ul>\n<li><strong>Pakend<\/strong>: Materjalide, n\u00e4iteks paberkottide, tsemendikottide ja t\u00f6\u00f6stusliku filterpaberi katsetamiseks, et tagada nende sobivus pakendamisrakenduste jaoks.<\/li>\n<li><strong>Tekstiilid<\/strong>: \u00d5hu l\u00e4bilaskvuse m\u00f5\u00f5tmine tekstiilmaterjalides kasutatavates pabermaterjalides, n\u00e4iteks paberip\u00f5histes filtrites.<\/li>\n<li><strong>Toiduained ja farmaatsiatooted<\/strong>: Toidu- ja farmaatsiat\u00f6\u00f6stuses kasutatavate paberpakendimaterjalide n\u00f5uetekohase \u00f5hu l\u00e4bilaskvuse tagamine, et tagada toodete kaitse ja kvaliteet.<\/li>\n<li><strong>Kvaliteedikontroll<\/strong>: Tagada, et k\u00f5ik pabertooted vastavad konkreetsetele \u00f5hu l\u00e4bilaskvuse standarditele, mis on ette n\u00e4htud nende kasutusviiside jaoks.<\/li>\n<\/ul>\n<h2><strong>Paberi \u00f5hu l\u00e4bilaskvuse testija eelised<\/strong><\/h2>\n<ul>\n<li><strong>T\u00e4psus ja t\u00e4psus<\/strong>: The <strong>paberi \u00f5hu l\u00e4bilaskvuse tester<\/strong> annab usaldusv\u00e4\u00e4rseid ja korratavaid tulemusi, aidates tootjatel tagada toodete kvaliteeti ja vastavust n\u00f5uetele.<\/li>\n<li><strong>Lai valik rakendusi<\/strong>: Saab kasutada mitmesuguste paberit\u00fc\u00fcpide testimiseks, alates t\u00f6\u00f6stuslikust filterpaberist kuni pakendimaterjalideni.<\/li>\n<li><strong>Vastavus standarditele<\/strong>: Vastab rahvusvahelistele \u00f5hupidavuse testimise standarditele, tagades j\u00e4rjepidevuse ja usaldusv\u00e4\u00e4rsuse.<\/li>\n<li><strong>Lihtne kasutamine<\/strong>: Lihtne ja kasutajas\u00f5bralik kasutajaliides kiireks ja t\u00f5husaks testimiseks mis tahes laboratooriumis v\u00f5i tootmiskeskkonnas.<\/li>\n<\/ul>\n<p>The <strong>Paberi \u00f5hu l\u00e4bilaskvuse tester<\/strong> on asendamatu vahend tootjatele, kvaliteedikontrolli laboritele ja teadusasutustele, kellel on vaja m\u00f5\u00f5ta paberi- ja pappmaterjalide \u00f5hupidavust. Kasutades Schopperi meetodit, tagab see t\u00e4psed ja j\u00e4rjepidevad tulemused, mis vastavad rahvusvahelistele katsestandarditele. Olenemata sellest, kas te t\u00f6\u00f6tate pakendi-, tekstiili-, toidu- v\u00f5i farmaatsiat\u00f6\u00f6stuses, on <strong>paberi \u00f5hu l\u00e4bilaskvuse tester<\/strong> pakub olulisi tulemusandmeid, et tagada teie paberip\u00f5histe toodete kvaliteet ja usaldusv\u00e4\u00e4rsus.<\/p>\n<p>T\u00e4nu oma kasutusmugavusele, mitmek\u00fclgsusele ja t\u00e4psusele on see tester v\u00e4\u00e4rtuslik t\u00e4iendus mis tahes laboratooriumile v\u00f5i kvaliteedikontrollile, tagades, et teie materjalid toimivad tegelikes tingimustes ootusp\u00e4raselt.<\/p>","protected":false},"excerpt":{"rendered":"<p>The <strong>Paberi \u00f5hu l\u00e4bilaskvuse tester<\/strong> on oluline vahend paberi- ja pappmaterjalide \u00f5hu l\u00e4bilaskvuse m\u00e4\u00e4ramiseks, mist\u00f5ttu on see v\u00e4ga oluline sellistes t\u00f6\u00f6stusharudes nagu pakendid, paberitootmine ja tekstiilit\u00f6\u00f6stus. See katseseade kasutab Schopperi meetodit, et m\u00f5\u00f5ta \u00f5huvoolu l\u00e4bi materjalide, andes t\u00e4pseid ja usaldusv\u00e4\u00e4rseid tulemusi paberite ja kartongide puhul, mille \u00f5hu l\u00e4bilaskvuse v\u00e4\u00e4rtused j\u00e4\u00e4vad vahemikku 1\u00d710^-2 kuni 1\u00d710\u00b2 \u00b5m\/(Pa-s). . <strong>paberi \u00f5hu l\u00e4bilaskvuse tester<\/strong> on kavandatud vastavalt rahvusvahelistele katsestandarditele, mis tagavad, et materjalid vastavad konkreetsetele \u00f5hupidavuse n\u00f5uetele, mis on kriitilise t\u00e4htsusega nende toimimise jaoks pakendamisel, filtreerimisel ja muudes rakendustes.<\/p>","protected":false},"featured_media":6203,"comment_status":"closed","ping_status":"closed","template":"","meta":{"site-sidebar-layout":"default","site-content-layout":"default","ast-global-header-display":"","ast-main-header-display":"","ast-hfb-above-header-display":"","ast-hfb-below-header-display":"","ast-hfb-mobile-header-display":"","site-post-title":"","ast-breadcrumbs-content":"","ast-featured-img":"","footer-sml-layout":"","theme-transparent-header-meta":"default","adv-header-id-meta":"","stick-header-meta":"","header-above-stick-meta":"","header-main-stick-meta":"","header-below-stick-meta":""},"product_cat":[845,953,956,955,1155,1156,1157,954,957,958,952,959,962,685,44,95],"product_tag":[],"class_list":{"0":"post-5329","1":"product","2":"type-product","3":"status-publish","4":"has-post-thumbnail","6":"product_cat-customization","7":"product_cat-bursting-tester","8":"product_cat-cobb-tester","9":"product_cat-crush-tester","10":"product_cat-iso-5636-2","11":"product_cat-iso-5636-3","12":"product_cat-iso-5636-5","13":"product_cat-paper-tear-tester","14":"product_cat-plybond-tester","15":"product_cat-puncture-tester","16":"product_cat-rub-tester","17":"product_cat-stiffness-tester","18":"product_cat-thickness-gauges","19":"product_cat-thickness-tester","20":"product_cat-paper-and-board-testers","21":"product_cat-products","22":"desktop-align-left","23":"tablet-align-left","24":"mobile-align-left","26":"first","27":"instock","28":"shipping-taxable","29":"product-type-simple"},"_links":{"self":[{"href":"https:\/\/www.qualitester.com\/et\/wp-json\/wp\/v2\/product\/5329","targetHints":{"allow":["GET"]}}],"collection":[{"href":"https:\/\/www.qualitester.com\/et\/wp-json\/wp\/v2\/product"}],"about":[{"href":"https:\/\/www.qualitester.com\/et\/wp-json\/wp\/v2\/types\/product"}],"replies":[{"embeddable":true,"href":"https:\/\/www.qualitester.com\/et\/wp-json\/wp\/v2\/comments?post=5329"}],"version-history":[{"count":0,"href":"https:\/\/www.qualitester.com\/et\/wp-json\/wp\/v2\/product\/5329\/revisions"}],"wp:featuredmedia":[{"embeddable":true,"href":"https:\/\/www.qualitester.com\/et\/wp-json\/wp\/v2\/media\/6203"}],"wp:attachment":[{"href":"https:\/\/www.qualitester.com\/et\/wp-json\/wp\/v2\/media?parent=5329"}],"wp:term":[{"taxonomy":"product_cat","embeddable":true,"href":"https:\/\/www.qualitester.com\/et\/wp-json\/wp\/v2\/product_cat?post=5329"},{"taxonomy":"product_tag","embeddable":true,"href":"https:\/\/www.qualitester.com\/et\/wp-json\/wp\/v2\/product_tag?post=5329"}],"curies":[{"name":"wp","href":"https:\/\/api.w.org\/{rel}","templated":true}]}}