{"id":5320,"date":"2024-11-13T09:47:30","date_gmt":"2024-11-13T01:47:30","guid":{"rendered":"https:\/\/www.qualitester.com\/?post_type=product&#038;p=5320"},"modified":"2024-12-05T09:41:36","modified_gmt":"2024-12-05T01:41:36","slug":"sale-tensile-and-compression-testing-machine","status":"publish","type":"product","link":"https:\/\/www.qualitester.com\/et\/toode\/sale-tensile-and-compression-testing-machine\/","title":{"rendered":"TCT-01 t\u00f5mbetesti"},"content":{"rendered":"<p>The <strong>TCT-01 t\u00f5mbe- ja survekatse masin<\/strong> on suure j\u00f5udlusega ja mitmek\u00fclgne seade, mis on m\u00f5eldud mitmesuguste t\u00f6\u00f6stusharude materjalide katsetamise n\u00f5uete t\u00e4itmiseks. T\u00e4ppistehnika abil ehitatud seade sobib ideaalselt j\u00e4rgmiste t\u00f6\u00f6de teostamiseks <strong>t\u00f5mbe-, surve- ja paindekatsed<\/strong>, mis annab t\u00e4pse ja usaldusv\u00e4\u00e4rse \u00fclevaate materjali omadustest, nagu tugevus, venivus ja tippj\u00f5ud. TCT-01 kohandatav disain ja funktsionaalsus teevad sellest eelistatud valiku pakendi-, meditsiini-, farmaatsia-, tekstiili-, elektroonika- ja kvaliteedikontrolli valdkonna spetsialistidele.<\/p>\n<h2>TCT-01 t\u00f5mbe- ja survekatse masina peamised rakendused<\/h2>\n<p>TCT-01 on varustatud nii, et see suudab toime tulla materjali katsetamise rangete n\u00f5udmistega nii <strong>paindlikud ja j\u00e4igad materjalid<\/strong>, sealhulgas komposiitmaterjalid, l\u00f5ng, kangas ja mittemetallilised materjalid. Selle masina t\u00e4ppistehnika ja paindlik konfiguratsioon pakuvad mehaaniliste omaduste anal\u00fc\u00fcsiks terviklikke katselahendusi, mist\u00f5ttu see sobib rakendusteks, mis n\u00f5uavad j\u00e4rgmist. <strong>materjali t\u00f5mbekatsed<\/strong> ja survej\u00f5u hindamine.<\/p>\n<h2>TCT-01 t\u00f5mbe- ja survekatsepingi peamised tehnilised omadused<\/h2>\n<ul>\n<li><strong>T\u00e4iustatud digitaalne juhtimine ja ekraan<\/strong>: TCT-01-l on digitaalne ekraan, mis n\u00e4itab pidevalt rakendatud katsev\u00f5imet, v\u00f5imaldades kasutajatel reguleerida katsekiirust vastavalt konkreetsetele proovi n\u00f5uetele. Automaatne juhtimiss\u00fcsteem v\u00f5imaldab t\u00f5husat andmete kogumist, pakkudes reaalajas j\u00e4lgimist ja sujuvat testimisprotsessi.<\/li>\n<li><strong>Automaatne seiskamine ja tippv\u00e4\u00e4rtuse hoidmine<\/strong>: Katseproovi purunemisel peatub masin automaatselt ja hoiab tippv\u00e4\u00e4rtuse, v\u00f5imaldades kasutajatel h\u00f5lpsasti tulemusi vaadata ja salvestada. See funktsioon v\u00e4hendab vigu ja tagab t\u00e4pse andmete salvestamise, v\u00f5imaldades operaatoritel kiiresti hinnata materjali k\u00e4itumist pinge all.<\/li>\n<li><strong>S\u00f5idupiirangu kaitse ja topeltkatsete liikumine<\/strong>: TCT-01 on projekteeritud ohutust silmas pidades, sisaldab liikumispiirangu kaitset ja toetab nii t\u00f5mbe- kui ka surumisliigutusi, pakkudes turvalist ja mitmek\u00fclgset testimiskogemust.<\/li>\n<li><strong>K\u00f5rge t\u00e4psusega komponendid<\/strong>: Varustatud <strong>t\u00e4psus plii-kruvi<\/strong> ja <strong>digitaalne kiiruse reguleerimise s\u00fcsteem<\/strong>, TCT-01 tagab, et iga katse annab t\u00e4pseid ja j\u00e4rjepidevaid tulemusi, mist\u00f5ttu on see v\u00e4ga usaldusv\u00e4\u00e4rne valik p\u00f5hjalikuks materjali anal\u00fc\u00fcsiks.<\/li>\n<\/ul>\n<h2>TCT-01 t\u00f5mbe- ja survekatsepingi tehnilised andmed ja v\u00f5imalused<\/h2>\n<table>\n<thead>\n<tr>\n<th>Funktsioon<\/th>\n<th>Spetsifikatsioon<\/th>\n<\/tr>\n<\/thead>\n<tbody>\n<tr>\n<td style=\"text-align: center;\"><strong>Maksimaalne katsej\u00f5ud<\/strong><\/td>\n<td style=\"text-align: center;\">5000N (v\u00f5i muud v\u00f5imalikud konfiguratsioonid)<\/td>\n<\/tr>\n<tr>\n<td style=\"text-align: center;\"><strong>J\u00f5u t\u00e4psus<\/strong><\/td>\n<td style=\"text-align: center;\">Parem kui \u00b11%<\/td>\n<\/tr>\n<tr>\n<td style=\"text-align: center;\"><strong>Nihke resolutsioon<\/strong><\/td>\n<td style=\"text-align: center;\">0.01mm<\/td>\n<\/tr>\n<tr>\n<td style=\"text-align: center;\"><strong>Nihke t\u00e4psus<\/strong><\/td>\n<td style=\"text-align: center;\">Parem kui \u00b11%<\/td>\n<\/tr>\n<tr>\n<td style=\"text-align: center;\"><strong>T\u00f5mbet\u00f5mme<\/strong><\/td>\n<td style=\"text-align: center;\">600\/1000mm<\/td>\n<\/tr>\n<tr>\n<td style=\"text-align: center;\"><strong>Kompressioonitakt<\/strong><\/td>\n<td style=\"text-align: center;\">600\/1000mm<\/td>\n<\/tr>\n<tr>\n<td style=\"text-align: center;\"><strong>Kiiruse vahemik<\/strong><\/td>\n<td style=\"text-align: center;\">1~500mm\/min<\/td>\n<\/tr>\n<tr>\n<td style=\"text-align: center;\"><strong>\u00dcldine t\u00e4psus<\/strong><\/td>\n<td style=\"text-align: center;\">Parem kui 1. klass<\/td>\n<\/tr>\n<tr>\n<td style=\"text-align: center;\"><strong>T\u00f5mbeklamber<\/strong><\/td>\n<td style=\"text-align: center;\">50mm lai<\/td>\n<\/tr>\n<tr>\n<td style=\"text-align: center;\"><strong>Surveplaadid<\/strong><\/td>\n<td style=\"text-align: center;\">\u03c6100mm<\/td>\n<\/tr>\n<tr>\n<td style=\"text-align: center;\"><strong>V\u00f5imsus<\/strong><\/td>\n<td style=\"text-align: center;\">220V, 50 Hz<\/td>\n<\/tr>\n<\/tbody>\n<\/table>\n<p>Need spetsifikatsioonid toetavad mitmesuguseid testimisrakendusi ja pakuvad kohandatavust, mis on vajalik erinevate testimisstandardite ja -n\u00f5uete t\u00e4itmiseks.<\/p>\n<h2>Materjali t\u00f5mbekatsete meetodite m\u00f5istmine<\/h2>\n<p>The <strong>materjali t\u00f5mbekatse<\/strong> on p\u00f5himeetod, mille abil hinnatakse materjali v\u00f5imet taluda t\u00f5mbej\u00f5udu. See katse n\u00e4itab selliseid olulisi omadusi nagu t\u00f5mbetugevus, venivus ja murdepunktid, mis on kvaliteedikontrolli ja tootearenduse seisukohalt olulised. TCT-01 on ehitatud vastavalt t\u00f6\u00f6stusstandarditele, sealhulgas ASTMi spetsifikatsioonidele, tagades, et tulemused on nii t\u00e4psed kui ka usaldusv\u00e4\u00e4rsed regulatiivsete n\u00f5uete t\u00e4itmiseks ja materjali anal\u00fc\u00fcsiks.<\/p>\n<h2>TCT-01 t\u00f5mbe- ja survekatseseadme konfiguratsioon ja lisaseadmed<\/h2>\n<p>TCT-01 on konfigureeritud j\u00e4rgmiste komponentidega:<\/p>\n<ul>\n<li><strong>Peamasin ja juhtimiskast<\/strong>: Saamatult integreeritud, et v\u00f5imaldada intuitiivseid testimisprotseduure ja kontrolle.<\/li>\n<li><strong>Kaasas olevad kinnitusvahendid<\/strong>: Varustatud t\u00f5mbeklambritega (50 mm laiad) ja survelaudadega (\u03c6100 mm) koos t\u00f6\u00f6riistakomplekti ja kalibreerimissertifikaadiga, mis tagavad sujuva katse \u00fclesehituse ja t\u00e4pse t\u00f6\u00f6.<\/li>\n<\/ul>\n<h2>TCT-01 kasutamise eelised materjalide katsetamisel<\/h2>\n<p>TCT-01 t\u00f5mbe- ja survekatse masin pakub mitmeid selgeid eeliseid:<\/p>\n<ul>\n<li><strong>T\u00f5husus ja t\u00e4psus<\/strong>: T\u00e4iustatud automaatjuhtimine ja andmete kogumise s\u00fcsteem s\u00e4\u00e4stavad aega, andes samal ajal t\u00e4pseid ja korratavaid tulemusi. TCT-01 on loodud optimaalse t\u00f5hususe saavutamiseks, tagades teie testimisprotsesside sujuvuse ja usaldusv\u00e4\u00e4rsuse.<\/li>\n<li><strong>Kasutamise lihtsus ja turvaelemendid<\/strong>: Kasutajas\u00f5bralik kasutajaliides ja lihtsustatud proovide laadimisprotsess koos liikumispiirangu kaitsega muudavad selle masina kasutamise lihtsaks, seades samas prioriteediks kasutaja ohutuse.<\/li>\n<li><strong>Mitmek\u00fclgsus t\u00f6\u00f6stusharudes<\/strong>: TCT-01 pakub paindlikkust ja v\u00f5imekust, et rahuldada erinevaid t\u00f6\u00f6stusspetsiifilisi katsevajadusi, olgu tegemist siis pakendi, elektroonika v\u00f5i ravimite materjalide testimisega.<\/li>\n<\/ul>\n<h2>Miks valida TCT-01 teie testimisvajaduste jaoks?<\/h2>\n<p>TCT-01 t\u00f5mbe- ja survekatse masina valimine t\u00e4hendab, et valite masina, milles on \u00fchendatud kvaliteet, usaldusv\u00e4\u00e4rsus ja kohandatavus. Katseprofessionaalide jaoks pakub see t\u00e4iustatud funktsioone ja kohandamisv\u00f5imalusi, et vastata konkreetsetele katsetusn\u00f5uetele, muutes selle laborite ja kvaliteedi tagamise meeskondade jaoks v\u00e4\u00e4rtuslikuks abivahendiks.<\/p>\n<h2>Korduma kippuvad k\u00fcsimused TCT-01 t\u00f5mbe- ja survekatse masina kohta<\/h2>\n<ol>\n<li><strong>Milliseid materjale saab TCT-01 testida?<\/strong>\n<ul>\n<li>TCT-01 sobib painduvate, j\u00e4ikade, komposiitmaterjalide, l\u00f5nga, kanga ja mitmesuguste mittemetalliliste ainete jaoks, mist\u00f5ttu on see ideaalne terviklikuks materjalikatsetuseks.<\/li>\n<\/ul>\n<\/li>\n<li><strong>Kui t\u00e4pne on TCT-01 materjali t\u00f5mbekatsete tegemiseks?<\/strong>\n<ul>\n<li>TCT-01 pakub suurt t\u00e4psust, mille j\u00f5u t\u00e4psus on \u00b11% ja nihke t\u00e4psus \u00b11%, tagades usaldusv\u00e4\u00e4rsed ja j\u00e4rjepidevad tulemused.<\/li>\n<\/ul>\n<\/li>\n<li><strong>Millised on digitaalse kiiruse reguleerimise s\u00fcsteemi peamised eelised?<\/strong>\n<ul>\n<li>Digitaalne kiiruse reguleerimise s\u00fcsteem v\u00f5imaldab reguleeritavat katsekiirust, mis v\u00f5imaldab operaatoritel optimeerida seadistusi erinevate materjaliomaduste jaoks, mis viib t\u00e4pse kontrolli ja andmete t\u00e4psuse saavutamiseni.<\/li>\n<\/ul>\n<\/li>\n<li><strong>Kas TCT-01 vastab ASTM-i ja teistele rahvusvahelistele katsestandarditele?<\/strong>\n<ul>\n<li>Jah, TCT-01 t\u00f5mbe- ja survekatsemasin on loodud vastavalt t\u00f6\u00f6stusstandarditele, nagu ASTM, pakkudes usaldusv\u00e4\u00e4rseid ja standarditele vastavaid tulemusi.<\/li>\n<\/ul>\n<\/li>\n<li><strong>Kas TCT-01 saab kohandada konkreetsete testimisvajaduste jaoks?<\/strong>\n<ul>\n<li>Absoluutselt. TCT-01 t\u00f5mbe- ja survekatse masinat saab kohandada konkreetsetele katsekonfiguratsioonidele ja Cell Instruments pakub kohandamisteenuseid, et rahuldada unikaalseid katsevajadusi.<\/li>\n<\/ul>\n<\/li>\n<\/ol>","protected":false},"excerpt":{"rendered":"<p>The <strong>TCT-01 t\u00f5mbe- ja survekatse masin<\/strong> on suure j\u00f5udlusega ja mitmek\u00fclgne seade, mis on m\u00f5eldud mitmesuguste t\u00f6\u00f6stusharude materjalide katsetamise n\u00f5uete t\u00e4itmiseks. T\u00e4ppistehnika abil ehitatud seade sobib ideaalselt j\u00e4rgmiste t\u00f6\u00f6de teostamiseks <strong>t\u00f5mbe-, surve- ja paindekatsed<\/strong>, mis annab t\u00e4pse ja usaldusv\u00e4\u00e4rse \u00fclevaate materjali omadustest, nagu tugevus, venivus ja tippj\u00f5ud. TCT-01 kohandatav disain ja funktsionaalsus teevad sellest eelistatud valiku pakendi-, meditsiini-, farmaatsia-, tekstiili-, elektroonika- ja kvaliteedikontrolli valdkonna spetsialistidele.<\/p>","protected":false},"featured_media":6161,"comment_status":"closed","ping_status":"closed","template":"","meta":{"site-sidebar-layout":"default","site-content-layout":"default","ast-global-header-display":"","ast-main-header-display":"","ast-hfb-above-header-display":"","ast-hfb-below-header-display":"","ast-hfb-mobile-header-display":"","site-post-title":"","ast-breadcrumbs-content":"","ast-featured-img":"","footer-sml-layout":"","theme-transparent-header-meta":"default","adv-header-id-meta":"","stick-header-meta":"","header-above-stick-meta":"","header-main-stick-meta":"","header-below-stick-meta":""},"product_cat":[845,953,956,955,965,954,957,958,952,959,679,95],"product_tag":[],"class_list":{"0":"post-5320","1":"product","2":"type-product","3":"status-publish","4":"has-post-thumbnail","6":"product_cat-customization","7":"product_cat-bursting-tester","8":"product_cat-cobb-tester","9":"product_cat-crush-tester","10":"product_cat-package-compression-tester","11":"product_cat-paper-tear-tester","12":"product_cat-plybond-tester","13":"product_cat-puncture-tester","14":"product_cat-rub-tester","15":"product_cat-stiffness-tester","16":"product_cat-tensile-tester","17":"product_cat-products","18":"desktop-align-left","19":"tablet-align-left","20":"mobile-align-left","22":"first","23":"instock","24":"shipping-taxable","25":"product-type-simple"},"_links":{"self":[{"href":"https:\/\/www.qualitester.com\/et\/wp-json\/wp\/v2\/product\/5320","targetHints":{"allow":["GET"]}}],"collection":[{"href":"https:\/\/www.qualitester.com\/et\/wp-json\/wp\/v2\/product"}],"about":[{"href":"https:\/\/www.qualitester.com\/et\/wp-json\/wp\/v2\/types\/product"}],"replies":[{"embeddable":true,"href":"https:\/\/www.qualitester.com\/et\/wp-json\/wp\/v2\/comments?post=5320"}],"version-history":[{"count":0,"href":"https:\/\/www.qualitester.com\/et\/wp-json\/wp\/v2\/product\/5320\/revisions"}],"wp:featuredmedia":[{"embeddable":true,"href":"https:\/\/www.qualitester.com\/et\/wp-json\/wp\/v2\/media\/6161"}],"wp:attachment":[{"href":"https:\/\/www.qualitester.com\/et\/wp-json\/wp\/v2\/media?parent=5320"}],"wp:term":[{"taxonomy":"product_cat","embeddable":true,"href":"https:\/\/www.qualitester.com\/et\/wp-json\/wp\/v2\/product_cat?post=5320"},{"taxonomy":"product_tag","embeddable":true,"href":"https:\/\/www.qualitester.com\/et\/wp-json\/wp\/v2\/product_tag?post=5320"}],"curies":[{"name":"wp","href":"https:\/\/api.w.org\/{rel}","templated":true}]}}