{"id":5301,"date":"2024-11-12T16:58:37","date_gmt":"2024-11-12T08:58:37","guid":{"rendered":"https:\/\/www.qualitester.com\/?post_type=product&#038;p=5301"},"modified":"2024-12-05T11:16:30","modified_gmt":"2024-12-05T03:16:30","slug":"sale-paper-tearing-tester-manufacturer","status":"publish","type":"product","link":"https:\/\/www.qualitester.com\/et\/toode\/sale-paper-tearing-tester-manufacturer\/","title":{"rendered":"SLD-02 rebenemise tester"},"content":{"rendered":"<h2><strong>Paberi rebenemise testija tutvustamine<\/strong><\/h2>\n<p>The <strong>SLD-02 paberi rebenemise tester<\/strong> Cell Instruments on m\u00f5eldud rebenemistugevuse t\u00e4pseks ja usaldusv\u00e4\u00e4rseks m\u00f5\u00f5tmiseks mitmesuguste materjalide, sealhulgas paberi, kartongi, tekstiili, naha ja plastkilede puhul. See on ehitatud t\u00e4iustatud funktsioonidega ja vastab juhtivatele t\u00f6\u00f6stusstandarditele, sealhulgas <strong>ASTM D689<\/strong>, on see tester h\u00e4davajalik t\u00f6\u00f6stusharudes, kus kvaliteedikontroll on esmat\u00e4htis, alates pakendamisest ja tr\u00fckkimisest kuni meditsiiniseadmete ja tarbekaupadeni. Selle t\u00f6\u00f6riistaga saate tagada, et teie materjalid vastavad rangetele rebenemiskindlusn\u00f5uetele, aidates s\u00e4ilitada toodete vastupidavust ja kvaliteeti.<\/p>\n<h2><strong>SLD-02 paberi rebenemise testija peamised omadused<\/strong><\/h2>\n<ul>\n<li><strong>Laialdane rakendus<\/strong>: SLD-02 paberi rebenemise tester l\u00e4heb kaugemale paberi ja papi testimisest, pakkudes rebenemistugevuse testimist sellistele lehtmaterjalidele nagu tekstiil, nahk, plastkiled ja isegi metallfooliumid, muutes selle ideaalseks mitmesuguste kvaliteedikontrolli rakenduste jaoks.<\/li>\n<li><strong>Uuenduslik disain<\/strong>: SLD-02 on konstrueeritud t\u00e4psuse tagamiseks, sisaldades pendlimehhanismi ja pneumaatilist kinnitus\u00fcsteemi, mis tagab j\u00e4rjepidevad ja korratavad tulemused.<\/li>\n<li><strong>Tehnilised andmed<\/strong>: Sellel seadmel on mitmeid funktsioone, mis suurendavad selle usaldusv\u00e4\u00e4rsust ja kasutusmugavust:\n<ul>\n<li><strong>L\u00f5ualuu laius<\/strong>: 74,8 mm, sobib proovi suurusega 63 \u00d7 76 mm v\u00f5i 63 \u00d7 50 mm.<\/li>\n<li><strong>Automaatne l\u00e4htestamine<\/strong>: P\u00e4rast igat katset nullib pendel automaatselt, mis lihtsustab testimise protsessi.<\/li>\n<li><strong>Kasutajas\u00f5bralik kasutajaliides<\/strong>: 5-tolline v\u00e4rviline puuteekraan pakub lihtsat ja intuitiivset kasutajaliidest, mis tagab sujuva t\u00f6\u00f6.<\/li>\n<li><strong>Pneumaatiline proovi kinnitus<\/strong>: V\u00e4hendab inimlikke vigu, tagades proovi j\u00e4rjekindla paigutuse.<\/li>\n<li><strong>Mitu pendliv\u00f5imsust<\/strong>: Erinevad v\u00f5imsused v\u00f5imaldavad mitmesuguseid testimisrakendusi, mis sobivad erinevatele materjalit\u00fc\u00fcpidele ja -tugevustele.<\/li>\n<li><strong>\u00d5hufilter\/regulaator<\/strong>: S\u00e4ilitab komponentide terviklikkuse ja pikendab testija kasutusiga, filtreerides \u00f5hupreparaate.<\/li>\n<\/ul>\n<\/li>\n<\/ul>\n<h2><strong>Kuidas paberi rebenemise tester t\u00f6\u00f6tab<\/strong><\/h2>\n<ul>\n<li><strong>Katseprotsess<\/strong>: SLD-02 paberi rebenemise tester t\u00f6\u00f6tab t\u00e4pse mehhanismiga, mis v\u00f5imaldab standardiseeritud rebenemiskatsetusi:\n<ol>\n<li>L\u00f5iketera tekitab proovi kaugemast servast 43 mm pikkuse pilu.<\/li>\n<li>Kui pendlimehhanism on vabastatud, kasutab see gravitatsiooni, et laiendada pilu, rebides proovi \u00fclej\u00e4\u00e4nud pikkuses.<\/li>\n<li>Selle protsessi k\u00e4igus kaotatud energia m\u00f5\u00f5detakse ja seda kasutatakse proovi keskmise rebenemisj\u00f5u arvutamiseks, mis annab usaldusv\u00e4\u00e4rse rebenemiskindluse v\u00e4\u00e4rtuse.<\/li>\n<\/ol>\n<\/li>\n<\/ul>\n<h2><strong>Vastavus peamistele standarditele (sh ASTM D689)<\/strong><\/h2>\n<ul>\n<li><strong>\u00dclevaade standarditest<\/strong>: SLD-02 Tear Tester vastab mitmetele rahvusvahelistele standarditele, mis tagab, et see vastab rangetele testimisn\u00f5uetele:\n<ul>\n<li><a href=\"https:\/\/www.astm.org\/d1922-15r20.html\" target=\"_blank\" rel=\"noopener nofollow\"><strong>ASTM D1922<\/strong><\/a>: Plastide rebenemiskindluse testimine.<\/li>\n<li><a href=\"https:\/\/www.astm.org\/d1424-09r19.html\" target=\"_blank\" rel=\"noopener nofollow\"><strong>ASTM D1424<\/strong><\/a>: Standard tekstiilide rebenemiskindluse m\u00f5\u00f5tmiseks.<\/li>\n<li><a href=\"https:\/\/www.astm.org\/d0689-17.html\" target=\"_blank\" rel=\"noopener nofollow\"><strong>ASTM D689<\/strong><\/a>: Spetsiifiline standard paberi ja papi rebenemiskindluse m\u00f5\u00f5tmiseks, mis on oluline pakendite kvaliteedikontrolli jaoks.<\/li>\n<li><strong>ISO 6383 &amp; ISO 1974<\/strong>: Rahvusvahelised rebenemistugevuse standardid.<\/li>\n<li><strong>TAPPI T414<\/strong>: Paberi rebenemiskindluse testimise standard, mida kasutatakse laialdaselt paberit\u00f6\u00f6stuses.<\/li>\n<\/ul>\n<\/li>\n<li><strong>Keskendumine ASTM D689-le<\/strong>: ASTM D689 on peamine standard paberi- ja pappmaterjalide rebenemiskindluse m\u00f5\u00f5tmiseks, mis tagab, et tooted, n\u00e4iteks pakendid, vastavad kvaliteedin\u00f5uetele. See standard kirjeldab konkreetseid meetodeid rebenemistugevuse katsetamiseks, suurendades t\u00e4psust ja usaldusv\u00e4\u00e4rsust, eriti kvaliteedikontrolli rakendustes. ASTM D689 standardile vastav SLD-02 annab usaldusv\u00e4\u00e4rseid tulemusi, mis h\u00f5lbustavad vastavust t\u00f6\u00f6stusharu normidele.<\/li>\n<\/ul>\n<h2><strong>Paberi rebenemise testija tehnilised parameetrid<\/strong><\/h2>\n<table>\n<tbody>\n<tr>\n<td style=\"text-align: center;\" width=\"167\">Katsepiirkond (mN)<\/td>\n<td style=\"text-align: center;\" width=\"167\">10~8000,8000~16000<\/td>\n<\/tr>\n<tr>\n<td style=\"text-align: center;\" width=\"167\">Gaasi allikas<\/td>\n<td style=\"text-align: center;\" width=\"167\">0,6 MPa<\/td>\n<\/tr>\n<tr>\n<td style=\"text-align: center;\" width=\"167\">Rebenev k\u00e4si<\/td>\n<td style=\"text-align: center;\" width=\"167\">104\u00b11mm<\/td>\n<\/tr>\n<tr>\n<td style=\"text-align: center;\" width=\"167\">Rebimine algne nurk<\/td>\n<td style=\"text-align: center;\" width=\"167\">27.5 \u00b10.5\u00b0<\/td>\n<\/tr>\n<tr>\n<td style=\"text-align: center;\" width=\"167\">T\u00e4psus<\/td>\n<td style=\"text-align: center;\" width=\"167\">0,01 mN<\/td>\n<\/tr>\n<tr>\n<td style=\"text-align: center;\" width=\"167\">L\u00f5ikamise pilu<\/td>\n<td style=\"text-align: center;\" width=\"167\">20mm<\/td>\n<\/tr>\n<tr>\n<td style=\"text-align: center;\" width=\"167\">Klambri pind<\/td>\n<td style=\"text-align: center;\" width=\"167\">\u226525*15mm<\/td>\n<\/tr>\n<tr>\n<td style=\"text-align: center;\" width=\"167\">Valimi suurus<\/td>\n<td style=\"text-align: center;\" width=\"167\">63*50mm<\/td>\n<\/tr>\n<tr>\n<td style=\"text-align: center;\" width=\"167\">Klambri paksus<\/td>\n<td style=\"text-align: center;\" width=\"167\">2.8\u00b10.3mm<\/td>\n<\/tr>\n<tr>\n<td style=\"text-align: center;\" width=\"167\">V\u00f5imsus<\/td>\n<td style=\"text-align: center;\" width=\"167\">220V 50 Hz<\/td>\n<\/tr>\n<\/tbody>\n<\/table>\n<h2><strong>SLD-02 paberi rebenemise testija eelised<\/strong><\/h2>\n<ul>\n<li><strong>Suurendatud usaldusv\u00e4\u00e4rsus<\/strong>: Pneumaatiline klambers\u00fcsteem v\u00e4hendab k\u00e4sitsi k\u00e4itlemisest tulenevaid vigu, mis viib j\u00e4rjepidevate ja t\u00e4psete tulemuste saavutamiseni.<\/li>\n<li><strong>Kasutajas\u00f5bralik disain<\/strong>: 5-tolline puuteekraan lihtsustab kasutamist, pakkudes intuitiivset kasutajakogemust, mis toetab t\u00f5husat testimist.<\/li>\n<li><strong>Paindlikud testimisv\u00f5imalused<\/strong>: Mitu pendliv\u00f5imsust v\u00f5imaldab katsetada erinevaid materjale, alates kergetest paberitest kuni tugevate tekstiilide ja kiledeni.<\/li>\n<li><strong>Vastupidavus ja hooldus<\/strong>: Integreeritud \u00f5hufilter ja regulaator pikendavad pneumaatiliste komponentide kasutusiga, v\u00e4hendades seisakuid ja hoolduskulusid.<\/li>\n<\/ul>\n<h2><strong>Paberi rebenemise testija rakendused<\/strong><\/h2>\n<p>SLD-02 paberi rebenemise tester on m\u00f5eldud erinevatele t\u00f6\u00f6stusharudele, kus rebenemistugevus on kriitiline kvaliteeditegur:<\/p>\n<ul>\n<li><strong>Pakend<\/strong>: Tagab, et paberi- ja kartongpakendimaterjalid on piisavalt vastupidavad transpordiks ja k\u00e4itlemiseks.<\/li>\n<li><strong>Meditsiinilised ja farmaatsiatooted<\/strong>: Toetab pakendimaterjalide k\u00f5rgeid standardeid, et tagada toote terviklikkus.<\/li>\n<li><strong>Tekstiil ja plastid<\/strong>: Kontrollib tekstiili, naha ja plastkilede rebenemistugevust, s\u00e4ilitades kvaliteedistandardeid kogu tootmisprotsessi ulatuses.<\/li>\n<li><strong>Kvaliteedikontrolliasutused<\/strong>: Pakub t\u00e4pseid rebenemism\u00f5\u00f5tmisi, aidates organisatsioonidel t\u00e4ita materjalide tugevuse ja usaldusv\u00e4\u00e4rsuse regulatiivseid standardeid.<\/li>\n<\/ul>\n<h2><strong>Korduma kippuvad k\u00fcsimused paberi rebenemistesti ja ASTM D689 kohta<\/strong><\/h2>\n<ol>\n<li><strong>Mis on ASTM D689 ja miks on see rebenemiskatsete jaoks oluline?<\/strong><br \/>\n<a href=\"https:\/\/www.qualitester.com\/et\/tootekategooria\/astm\/astm-d689\/\">ASTM D689<\/a> on standard, mis m\u00e4\u00e4ratleb katsemeetodid paberi ja papi rebenemiskindluse m\u00f5\u00f5tmiseks. See tagab, et katsetulemused on j\u00e4rjepidevad ja usaldusv\u00e4\u00e4rsed, mis on oluline kvaliteedikontrolli jaoks t\u00f6\u00f6stusharudes, mis s\u00f5ltuvad rebenemiskindlast pakendist.<\/li>\n<li><strong>Kuidas parandab pneumaatiline klambers\u00fcsteem katsetamise t\u00e4psust?<\/strong><br \/>\nPneumaatiliselt kinnitades proovid, v\u00e4hendab SLD-02 inimeste k\u00e4sitsemise varieeruvust, tagades stabiilse hoidmise, mis takistab libisemist, tagades j\u00e4rjepidevad ja t\u00e4psed katsetulemused.<\/li>\n<li><strong>Kas SLD-02 v\u00f5ib testida muid materjale peale paberi?<\/strong><br \/>\nJah, SLD-02 on piisavalt mitmek\u00fclgne, et testida erinevaid lehtmaterjale, sealhulgas tekstiili, nahka ja plastkile, rahuldades laia valikut kvaliteedikontrolli vajadusi.<\/li>\n<li><strong>Milline on mitme pendli v\u00f5imsuse t\u00e4hendus?<\/strong><br \/>\nErinevad pendliv\u00f5imsused v\u00f5imaldavad SLD-02-l k\u00e4sitleda erineva rebenemiskindlusega materjale, pakkudes paindlikkust nii kergete kui ka raskete materjalide katsetamisel.<\/li>\n<li><strong>Kuidas vastab SLD-02 muudele standarditele peale ASTM D689?<\/strong><br \/>\nLisaks ASTM D689 standardile vastab see ASTM D1922 plastide puhul, ASTM D1424 tekstiilide puhul, ISO standarditele ja TAPPI T414, mis tagab selle sobivuse rahvusvahelistes kvaliteedikontrolli rakendustes.<\/li>\n<\/ol>","protected":false},"excerpt":{"rendered":"<p>The <strong>SLD-02 paberi rebenemise tester<\/strong> Cell Instruments on m\u00f5eldud rebenemistugevuse t\u00e4pseks ja usaldusv\u00e4\u00e4rseks m\u00f5\u00f5tmiseks mitmesuguste materjalide, sealhulgas paberi, kartongi, tekstiili, naha ja plastkilede puhul. See on ehitatud t\u00e4iustatud funktsioonidega ja vastab juhtivatele t\u00f6\u00f6stusstandarditele, sealhulgas <strong>ASTM D689<\/strong>, on see tester h\u00e4davajalik t\u00f6\u00f6stusharudes, kus kvaliteedikontroll on esmat\u00e4htis, alates pakendamisest ja tr\u00fckkimisest kuni meditsiiniseadmete ja tarbekaupadeni. Selle t\u00f6\u00f6riistaga saate tagada, et teie materjalid vastavad rangetele rebenemiskindlusn\u00f5uetele, aidates s\u00e4ilitada toodete vastupidavust ja kvaliteeti.<\/p>","protected":false},"featured_media":6197,"comment_status":"closed","ping_status":"closed","template":"","meta":{"site-sidebar-layout":"default","site-content-layout":"default","ast-global-header-display":"","ast-main-header-display":"","ast-hfb-above-header-display":"","ast-hfb-below-header-display":"","ast-hfb-mobile-header-display":"","site-post-title":"","ast-breadcrumbs-content":"","ast-featured-img":"","footer-sml-layout":"","theme-transparent-header-meta":"default","adv-header-id-meta":"","stick-header-meta":"","header-above-stick-meta":"","header-main-stick-meta":"","header-below-stick-meta":""},"product_cat":[845,953,956,955,954,957,958,952,959,1154,680,44,16,119,121,137,159,165,95],"product_tag":[],"class_list":{"0":"post-5301","1":"product","2":"type-product","3":"status-publish","4":"has-post-thumbnail","6":"product_cat-customization","7":"product_cat-bursting-tester","8":"product_cat-cobb-tester","9":"product_cat-crush-tester","10":"product_cat-paper-tear-tester","11":"product_cat-plybond-tester","12":"product_cat-puncture-tester","13":"product_cat-rub-tester","14":"product_cat-stiffness-tester","15":"product_cat-tappi-t414","16":"product_cat-tear-tester","17":"product_cat-paper-and-board-testers","18":"product_cat-plastic-packaging-testers","19":"product_cat-astm-d1424","20":"product_cat-astm-d1922","21":"product_cat-astm-d689","22":"product_cat-iso-1974","23":"product_cat-iso-6383","24":"product_cat-products","25":"desktop-align-left","26":"tablet-align-left","27":"mobile-align-left","29":"first","30":"instock","31":"shipping-taxable","32":"product-type-simple"},"_links":{"self":[{"href":"https:\/\/www.qualitester.com\/et\/wp-json\/wp\/v2\/product\/5301","targetHints":{"allow":["GET"]}}],"collection":[{"href":"https:\/\/www.qualitester.com\/et\/wp-json\/wp\/v2\/product"}],"about":[{"href":"https:\/\/www.qualitester.com\/et\/wp-json\/wp\/v2\/types\/product"}],"replies":[{"embeddable":true,"href":"https:\/\/www.qualitester.com\/et\/wp-json\/wp\/v2\/comments?post=5301"}],"version-history":[{"count":0,"href":"https:\/\/www.qualitester.com\/et\/wp-json\/wp\/v2\/product\/5301\/revisions"}],"wp:featuredmedia":[{"embeddable":true,"href":"https:\/\/www.qualitester.com\/et\/wp-json\/wp\/v2\/media\/6197"}],"wp:attachment":[{"href":"https:\/\/www.qualitester.com\/et\/wp-json\/wp\/v2\/media?parent=5301"}],"wp:term":[{"taxonomy":"product_cat","embeddable":true,"href":"https:\/\/www.qualitester.com\/et\/wp-json\/wp\/v2\/product_cat?post=5301"},{"taxonomy":"product_tag","embeddable":true,"href":"https:\/\/www.qualitester.com\/et\/wp-json\/wp\/v2\/product_tag?post=5301"}],"curies":[{"name":"wp","href":"https:\/\/api.w.org\/{rel}","templated":true}]}}