{"id":5295,"date":"2024-11-12T16:42:22","date_gmt":"2024-11-12T08:42:22","guid":{"rendered":"https:\/\/www.qualitester.com\/?post_type=product&#038;p=5295"},"modified":"2024-12-05T11:00:26","modified_gmt":"2024-12-05T03:00:26","slug":"sale-paper-softness-tester","status":"publish","type":"product","link":"https:\/\/www.qualitester.com\/et\/toode\/sale-paper-softness-tester\/","title":{"rendered":"RRD-01 paberi pehmuse tester"},"content":{"rendered":"<h2>Sissejuhatus<\/h2>\n<p>Paberi pehmuse tester on t\u00e4ppisinstrument, mis on m\u00f5eldud selliste materjalide nagu kanga, mittekootud kangaste ja muude pehmete pakkematerjalide pehmuse m\u00f5\u00f5tmiseks. See seade m\u00e4ngib kvaliteedikontrollis olulist rolli, andes t\u00e4pseid andmeid erinevate materjalide pehmuse ja painduvuse kohta, mis on olulised tegurid sellistes t\u00f6\u00f6stusharudes nagu pakendid, meditsiiniseadmed, tekstiilid ja igap\u00e4evased tarbekaubad. T\u00e4iustatud automaatika ja elektroonilise m\u00f5\u00f5tmistehnoloogiaga varustatud paberi pehmuse tester tagab kiired, usaldusv\u00e4\u00e4rsed ja korratavad tulemused, aidates tootjatel s\u00e4ilitada tootestandardeid ja t\u00e4ita tarbijate ootusi.<\/p>\n<h2>T\u00f6\u00f6p\u00f5him\u00f5te<\/h2>\n<p>Paberi pehmuse tester t\u00f6\u00f6tab tera ja pesa mehhanismi abil. Katsetamise ajal asetatakse proovi katseseadmel oleva pilu kohale, kus tera (sond) rakendab j\u00f5udu, et suruda materjal pilusse. See katseseadme poolt m\u00f5\u00f5detud j\u00f5ud n\u00e4itab proovi pehmuse taset, kuna see n\u00e4itab proovi paindumiskindlust v\u00f5i painduvust. Testeri konstruktsioon tagab t\u00e4psuse, v\u00e4hendades kasutaja sekkumist, mist\u00f5ttu on see usaldusv\u00e4\u00e4rne valik nii laboratooriumides kui ka tootmisliinidel.<\/p>\n<h2>Rakendusvaldkonnad<\/h2>\n<p>Paberi pehmuse tester on oluline toodete f\u00fc\u00fcsikaliste omaduste hindamiseks erinevates t\u00f6\u00f6stusharudes:<\/p>\n<ul>\n<li><strong>Pakendimaterjalid<\/strong>: Tagab, et pakendimaterjalid, nagu pehme pehmepaber, \u00f5huke plastkile ja kartong, vastavad pehmuse ja paindlikkuse n\u00f5uetele.<\/li>\n<li><strong>Paberitooted<\/strong>: Ideaalne pehmepaberi, tualettpaberi ja muude tarbepaberitoodete testimiseks, et tagada optimaalne pehmus.<\/li>\n<li><strong>Meditsiinilised ja farmaatsiatooted<\/strong>: Sobib selliste materjalide jaoks nagu meditsiiniline paber ja mittekootud kangas, mis vajavad funktsionaalsuse ja mugavuse tagamiseks erilist pehmust.<\/li>\n<li><strong>Tekstiilid ja liimid<\/strong>: Hindab tekstiili ja liimide pehmust ja paindlikkust, tagades, et need vastavad t\u00f6\u00f6stusharu mugavuse ja kasutatavuse standarditele.<\/li>\n<\/ul>\n<p>Selline mitmek\u00fclgsus muudab testeri asendamatuks sellistes sektorites nagu pakendid, toiduained, ravimid, tekstiilid ja kvaliteedikontrolliasutused.<\/p>\n<h2>Peamised standardid<\/h2>\n<p>Paberi pehmuse tester vastab t\u00e4ielikult j\u00e4rgmistele n\u00f5uetele. <a href=\"https:\/\/www.qualitester.com\/et\/tootekategooria\/astm\/\" target=\"_blank\" rel=\"noopener\">ASTM standardid<\/a>, pakkudes standardiseeritud katsemeetodeid ja usaldusv\u00e4\u00e4rseid tulemusi:<\/p>\n<ul>\n<li><strong>GB\/T 8942<\/strong> Paber - pehmuse m\u00e4\u00e4ramine<\/li>\n<li><a href=\"https:\/\/www.astm.org\/d2923-06.html\" target=\"_blank\" rel=\"noopener nofollow\"><strong>ASTM D2923<\/strong><\/a> Pol\u00fcolefiinkile ja -lehtede j\u00e4ikuse katsemeetod<\/li>\n<li><strong>QB\/T 1060<\/strong> Pehmuse tester<\/li>\n<li><a href=\"https:\/\/www.tappi.org\/product_pull\/09\/dec__06\/__30\/softness-of-sanitary-tissues\/\" target=\"_blank\" rel=\"noopener nofollow\"><strong>TAPPI T498<\/strong><\/a> H\u00fcgieenitarvete pehmus<\/li>\n<li><strong><a href=\"https:\/\/www.astm.org\/d6828-02r19.html\" target=\"_blank\" rel=\"noopener nofollow\">ASTM D6828<\/a>-02<\/strong> (uuesti kinnitatud 2019) Standardne katsemeetod kangaste j\u00e4ikuseks tera\/l\u00f5ike protseduuriga<\/li>\n<\/ul>\n<p>Nende ASTM standardite j\u00e4rgimine tagab, et paberi pehmuse tester vastab rahvusvahelistele testimisn\u00f5uetele, pakkudes kasutajatele kindlustunnet tulemuste kvaliteedi ja t\u00e4psuse osas.<\/p>\n<h2>Paberi pehmuse testija eelised<\/h2>\n<ul>\n<li><strong>Automatiseeritud, t\u00e4psed m\u00f5\u00f5tmised<\/strong>: Testeri automatiseeritud konstruktsioon v\u00e4hendab inimlike vigade v\u00f5imalust, andes j\u00e4rjepidevalt t\u00e4pseid tulemusi ilma k\u00e4sitsi reguleerimiseta.<\/li>\n<li><strong>Kasutajas\u00f5bralik kasutamine<\/strong>: T\u00e4nu lihtsale proovide paigutusele ja automaatsele testimisprotseduurile saavad operaatorid h\u00f5lpsasti ja ilma ulatusliku v\u00e4lja\u00f5ppeta teste l\u00e4bi viia.<\/li>\n<li><strong>Suurendatud usaldusv\u00e4\u00e4rsus<\/strong>: Elektrooniline kontrollis\u00fcsteem tagab v\u00e4ga h\u00e4sti korratavad tulemused, mis tagab kvaliteedikontrolli hinnangute j\u00e4rjepidevuse.<\/li>\n<\/ul>\n<h2>Tehnilised andmed<\/h2>\n<table>\n<tbody>\n<tr>\n<td style=\"text-align: center;\" width=\"126\">Katse ulatus<\/td>\n<td style=\"text-align: center;\" width=\"222\">(10~1000) mN<\/td>\n<\/tr>\n<tr>\n<td style=\"text-align: center;\" width=\"126\">Katse tera suurus<\/td>\n<td style=\"text-align: center;\" width=\"222\">R. mm, 120mm*2mm L*D<\/td>\n<\/tr>\n<tr>\n<td style=\"text-align: center;\" width=\"126\">Tera l\u00f6\u00f6klaine<\/td>\n<td style=\"text-align: center;\" width=\"222\">8\u00b10.5mm<\/td>\n<\/tr>\n<tr>\n<td style=\"text-align: center;\" width=\"126\">Katse kiirus<\/td>\n<td style=\"text-align: center;\" width=\"222\">1,2 mm\/s<\/td>\n<\/tr>\n<tr>\n<td style=\"text-align: center;\" width=\"126\">J\u00f5ululahendus<\/td>\n<td style=\"text-align: center;\" width=\"222\">1mN<\/td>\n<\/tr>\n<tr>\n<td style=\"text-align: center;\" width=\"126\">T\u00e4psus<\/td>\n<td style=\"text-align: center;\" width=\"222\">\u00b11%<\/td>\n<\/tr>\n<tr>\n<td style=\"text-align: center;\" width=\"126\">Pesa laius<\/td>\n<td style=\"text-align: center;\" width=\"222\">5 mm, 6,35 mm, 10 mm, 20 mm<\/td>\n<\/tr>\n<tr>\n<td style=\"text-align: center;\" width=\"126\">V\u00f5imsus<\/td>\n<td style=\"text-align: center;\" width=\"222\">AC 220V 50Hz<\/td>\n<\/tr>\n<\/tbody>\n<\/table>\n<h2>Miks valida meie paberi pehmuse tester?<\/h2>\n<p>Meie paberi pehmuse tester paistab silma vastupidavuse, t\u00e4psuse ja ASTM standardite (ASTM D2063, ASTM D3198 ja ASTM D3474) j\u00e4rgimise poolest. See tester sobib ideaalselt kvaliteedi tagamiseks t\u00f6\u00f6stusharudes, kus materjali pehmus on esmat\u00e4htis, n\u00e4iteks pakendid, tarbekaubad ja tervishoid. Lisaks on saadaval kohandamisv\u00f5imalused, et vastata spetsiaalsetele testimisn\u00f5uetele, mis tagab, et see seade vastab iga kasutaja ainulaadsetele vajadustele.<\/p>\n<h2>Korduma kippuvad k\u00fcsimused (KKK)<\/h2>\n<p><strong>1. Mille poolest erineb paberi pehmuse tester teistest pehmuse testimise meetoditest?<\/strong><br \/>\nErinevalt k\u00e4sitsi kasutatavatest testeritest v\u00e4hendab see automaatne tester kasutaja erapoolikust ja parandab t\u00e4psust, m\u00f5\u00f5tes elektrooniliselt proovi l\u00e4bistamiseks vajalikku j\u00f5udu.<\/p>\n<p><strong>2. Milliseid materjale saab selle seadmega testida?<\/strong><br \/>\nSee tester sobib pehmete materjalide, n\u00e4iteks pehmepaberi, lausriide, kangaste ja m\u00f5nede pakkematerjalide jaoks, pakkudes paindlikku kasutust.<\/p>\n<p><strong>3. Kui t\u00e4psed on tulemused ja kas need on korratavad?<\/strong><br \/>\nElektrooniline kontrollis\u00fcsteem tagab suure t\u00e4psuse ja korratavuse, mis muudab selle testeri kvaliteedikontrolliks v\u00e4ga usaldusv\u00e4\u00e4rseks.<\/p>\n<p><strong>4. Kas paberi pehmuse testija on lihtne kasutada ka mittetehnilistele t\u00f6\u00f6tajatele?<\/strong><br \/>\nJah, automatiseeritud testimisprotsess ja lihtne proovide paigutamine muudavad selle kasutajas\u00f5bralikuks isegi minimaalse tehnilise kogemusega operaatorite jaoks.<\/p>","protected":false},"excerpt":{"rendered":"<p>Paberi pehmuse tester on t\u00e4ppisinstrument, mis on m\u00f5eldud selliste materjalide nagu kanga, mittekootud kangaste ja muude pehmete pakkematerjalide pehmuse m\u00f5\u00f5tmiseks. See seade m\u00e4ngib kvaliteedikontrollis olulist rolli, andes t\u00e4pseid andmeid erinevate materjalide pehmuse ja painduvuse kohta, mis on olulised tegurid sellistes t\u00f6\u00f6stusharudes nagu pakendid, meditsiiniseadmed, tekstiilid ja igap\u00e4evased tarbekaubad. T\u00e4iustatud automaatika ja elektroonilise m\u00f5\u00f5tmistehnoloogiaga varustatud paberi pehmuse tester tagab kiired, usaldusv\u00e4\u00e4rsed ja korratavad tulemused, aidates tootjatel s\u00e4ilitada tootestandardeid ja t\u00e4ita tarbijate ootusi.<\/p>","protected":false},"featured_media":6192,"comment_status":"closed","ping_status":"closed","template":"","meta":{"site-sidebar-layout":"default","site-content-layout":"default","ast-global-header-display":"","ast-main-header-display":"","ast-hfb-above-header-display":"","ast-hfb-below-header-display":"","ast-hfb-mobile-header-display":"","site-post-title":"","ast-breadcrumbs-content":"","ast-featured-img":"","footer-sml-layout":"","theme-transparent-header-meta":"default","adv-header-id-meta":"","stick-header-meta":"","header-above-stick-meta":"","header-main-stick-meta":"","header-below-stick-meta":""},"product_cat":[845,1151,1153,953,956,955,954,957,958,952,959,1152,44,95],"product_tag":[],"class_list":{"0":"post-5295","1":"product","2":"type-product","3":"status-publish","4":"has-post-thumbnail","6":"product_cat-customization","7":"product_cat-astm-d2923","8":"product_cat-astm-d6828","9":"product_cat-bursting-tester","10":"product_cat-cobb-tester","11":"product_cat-crush-tester","12":"product_cat-paper-tear-tester","13":"product_cat-plybond-tester","14":"product_cat-puncture-tester","15":"product_cat-rub-tester","16":"product_cat-stiffness-tester","17":"product_cat-tappi-t498","18":"product_cat-paper-and-board-testers","19":"product_cat-products","20":"desktop-align-left","21":"tablet-align-left","22":"mobile-align-left","24":"first","25":"instock","26":"shipping-taxable","27":"product-type-simple"},"_links":{"self":[{"href":"https:\/\/www.qualitester.com\/et\/wp-json\/wp\/v2\/product\/5295","targetHints":{"allow":["GET"]}}],"collection":[{"href":"https:\/\/www.qualitester.com\/et\/wp-json\/wp\/v2\/product"}],"about":[{"href":"https:\/\/www.qualitester.com\/et\/wp-json\/wp\/v2\/types\/product"}],"replies":[{"embeddable":true,"href":"https:\/\/www.qualitester.com\/et\/wp-json\/wp\/v2\/comments?post=5295"}],"version-history":[{"count":0,"href":"https:\/\/www.qualitester.com\/et\/wp-json\/wp\/v2\/product\/5295\/revisions"}],"wp:featuredmedia":[{"embeddable":true,"href":"https:\/\/www.qualitester.com\/et\/wp-json\/wp\/v2\/media\/6192"}],"wp:attachment":[{"href":"https:\/\/www.qualitester.com\/et\/wp-json\/wp\/v2\/media?parent=5295"}],"wp:term":[{"taxonomy":"product_cat","embeddable":true,"href":"https:\/\/www.qualitester.com\/et\/wp-json\/wp\/v2\/product_cat?post=5295"},{"taxonomy":"product_tag","embeddable":true,"href":"https:\/\/www.qualitester.com\/et\/wp-json\/wp\/v2\/product_tag?post=5295"}],"curies":[{"name":"wp","href":"https:\/\/api.w.org\/{rel}","templated":true}]}}