{"id":5289,"date":"2024-11-13T09:14:26","date_gmt":"2024-11-13T01:14:26","guid":{"rendered":"https:\/\/www.qualitester.com\/?post_type=product&#038;p=5289"},"modified":"2024-12-04T16:29:42","modified_gmt":"2024-12-04T08:29:42","slug":"sale-vertical-motorized-test-stand","status":"publish","type":"product","link":"https:\/\/www.qualitester.com\/et\/toode\/sale-vertical-motorized-test-stand\/","title":{"rendered":"DTS-01 Vertikaalne motoriseeritud katsestend"},"content":{"rendered":"<h2><strong>\u00dclevaade vertikaalsest motoriseeritud katsestendist<\/strong><\/h2>\n<p>The <strong>Vertikaalne motoriseeritud katsestend (DTS-01)<\/strong> on suure t\u00e4psusega katseseadmed, mis on loodud usaldusv\u00e4\u00e4rsete ja t\u00e4psete katsetulemuste saamiseks materjali tugevuse ja vastupidavuse kohta. Tugeva kahepooluselise konstruktsiooniga katsestend tagab katsetamise ajal erakordse stabiilsuse, mist\u00f5ttu sobib see erinevate t\u00f6\u00f6stusharude n\u00f5udlikeks rakendusteks. T\u00e4nu t\u00e4iustatud funktsioonidele, nagu astmeline kiiruse reguleerimine ja kaks juhtimisre\u017eiimi - k\u00e4sitsi ja automaatselt - on see statiiv mitmek\u00fclgne, h\u00f5lpsasti juhitav ja kohandatav mitmesuguste katsestsenaariumide jaoks.<\/p>\n<h2><strong>Vertikaalse motoriseeritud katsestendi rakendused<\/strong><\/h2>\n<p>DTS-01 vertikaalne motoriseeritud katsestend sobib ideaalselt mitmesuguste testimisrakenduste jaoks, eriti:<\/p>\n<ul>\n<li><strong>Materjali t\u00f5mbekatsed<\/strong>: Spetsiaalselt materjalide t\u00f5mbekatsete toetamiseks loodud statiiv v\u00f5imaldab t\u00e4pset t\u00f5mbetugevuse, venivuse ja elastsuse m\u00f5\u00f5tmist. See annab olulisi andmeid materjali t\u00f6\u00f6v\u00f5ime kohta pinge all, mis on oluline kvaliteedikontrolli ja n\u00f5uetele vastavuse seisukohast.<\/li>\n<li><strong>Muud testimisrakendused<\/strong>: Lisaks t\u00f5mbekatsetele saab DTS-01 teha t\u00f5ukekatseid, sisse- ja v\u00e4ljat\u00f5mbej\u00f5u m\u00f5\u00f5tmisi ning kahjustuste katsetamist. T\u00e4nu mitmek\u00fclgsusele on see v\u00e4\u00e4rtuslik vahend k\u00f5ikides t\u00f6\u00f6stusharudes, sealhulgas kummi, plastide, kergete t\u00f6\u00f6stustekstiilide, ehitusmaterjalide, autoosade, j\u00f5umasinate ja teaduslike uuringute valdkonnas.<\/li>\n<\/ul>\n<h2><strong>Tehnilised andmed ja omadused<\/strong><\/h2>\n<p>DTS-01 on loodud optimaalse funktsionaalsuse ja kasutusmugavuse tagamiseks:<\/p>\n<ul>\n<li><strong>Vastupidav struktuur ja stabiilsus<\/strong>: T\u00e4nu kahepooluselisele konstruktsioonile ja hammas\u00fclekandes\u00fcsteemile on katsestendil stabiilne t\u00f6\u00f6 kogu katsemenetluse v\u00e4ltel, tagades tulemuste t\u00e4psuse ja korratavuse.<\/li>\n<li><strong>Intuitiivsed juhtimisfunktsioonid<\/strong>: DTS-01 on varustatud h\u00f5lpsasti ligip\u00e4\u00e4setava juhtpaneeliga:\n<ul>\n<li><strong>Toitel\u00fcliti<\/strong>: L\u00fclitab voolu sisse, mida n\u00e4itab valgus s\u00fcttib loenduri ekraanil.<\/li>\n<li><strong>Kiiruse reguleerimise nupp<\/strong>: V\u00f5imaldab sujuvat kiiruse reguleerimist vahemikus 60 kuni 500 mm\/min, mis v\u00f5imaldab operaatoritel kohandada katsekiirust vastavalt konkreetsetele katsetusn\u00f5uetele.<\/li>\n<li><strong>UP\/STOP\/DOWN nupud<\/strong>: V\u00f5imaldab j\u00f5uanduri t\u00e4pset liikumist m\u00f5lemas suunas, v\u00f5imaldades t\u00e4pset j\u00f5u rakendamist.<\/li>\n<li><strong>K\u00e4sitsi\/automaatne \u00fcmberl\u00fclitamine<\/strong>: Suurendab paindlikkust, v\u00f5imaldades operaatoritel valida manuaalse ja automaatse juhtimisre\u017eiimi vahel, s\u00f5ltuvalt testimisvajadustest.<\/li>\n<\/ul>\n<\/li>\n<li><strong>Kohandamine ja \u00fchilduvus<\/strong>: DTS-01 on kavandatud t\u00f6\u00f6tama koos mitmesuguste kinnituste ja j\u00f5um\u00f5\u00f5turitega, mist\u00f5ttu saab seda kergesti kohandada vastavalt konkreetsetele testimisn\u00f5uetele, pakkudes lisapaindlikkust erinevate testimisstsenaariumide jaoks.<\/li>\n<\/ul>\n<h2>Peamine parameeter<\/h2>\n<table style=\"height: 141px;\" width=\"1173\">\n<tbody>\n<tr>\n<td style=\"text-align: center;\" width=\"125\">Maksimaalne koormus<\/td>\n<td style=\"text-align: center;\" colspan=\"3\" rowspan=\"1\" width=\"228\">500N<\/td>\n<td style=\"text-align: center;\" colspan=\"3\" rowspan=\"1\" width=\"228\">1000N<\/td>\n<\/tr>\n<tr>\n<td style=\"text-align: center;\" width=\"125\">Efektiivne Stoke<\/td>\n<td style=\"text-align: center;\" width=\"73\">200mm<\/td>\n<td style=\"text-align: center;\" width=\"73\">400mm<\/td>\n<td style=\"text-align: center;\" width=\"82\">700mm<\/td>\n<td style=\"text-align: center;\" width=\"82\">200mm<\/td>\n<td style=\"text-align: center;\" width=\"73\">400mm<\/td>\n<td style=\"text-align: center;\" width=\"73\">700mm<\/td>\n<\/tr>\n<tr>\n<td style=\"text-align: center;\" width=\"125\">M\u00f5\u00f5tmed cm<\/td>\n<td style=\"text-align: center;\" width=\"73\">28*34*78<\/td>\n<td style=\"text-align: center;\" width=\"73\">28*34*98<\/td>\n<td style=\"text-align: center;\" width=\"82\">28*34*127<\/td>\n<td style=\"text-align: center;\" width=\"82\">28*34*127<\/td>\n<td style=\"text-align: center;\" width=\"73\">28*34*78<\/td>\n<td style=\"text-align: center;\" width=\"73\">28*34*98<\/td>\n<\/tr>\n<tr>\n<td style=\"text-align: center;\" width=\"125\">Netokaal<\/td>\n<td style=\"text-align: center;\" width=\"73\">38KG<\/td>\n<td style=\"text-align: center;\" width=\"73\">40KG<\/td>\n<td style=\"text-align: center;\" width=\"82\">42KG<\/td>\n<td style=\"text-align: center;\" width=\"82\">42KG<\/td>\n<td style=\"text-align: center;\" width=\"73\">38KG<\/td>\n<td style=\"text-align: center;\" width=\"73\">40KG<\/td>\n<\/tr>\n<tr>\n<td style=\"text-align: center;\" width=\"125\">Testkiirus<\/td>\n<td style=\"text-align: center;\" colspan=\"6\" rowspan=\"1\" width=\"456\">70~270mm\/min<\/td>\n<\/tr>\n<tr>\n<td style=\"text-align: center;\" width=\"125\">V\u00f5imsus<\/td>\n<td style=\"text-align: center;\" colspan=\"6\" rowspan=\"1\" width=\"456\">AC110\/220V<\/td>\n<\/tr>\n<\/tbody>\n<\/table>\n<h2><strong>J\u00f5um\u00f5\u00f5turi paigaldamise ja paigaldamise protsess<\/strong><\/h2>\n<p>J\u00f5um\u00f5\u00f5turi paigaldamine DTS-01-le on lihtne, tagades t\u00e4pse katsetulemuste tagamiseks kindla paigalduse. J\u00e4rgige paigaldamiseks j\u00e4rgmisi samme:<\/p>\n<ol>\n<li>Paigaldage neli M6 kruvi fikseeritud ploki etten\u00e4htud \u03c66,2 aukudesse, asetades seibid igasse keermesuunasse.<\/li>\n<li>Pingutage kruvisid, et kinnitada j\u00f5um\u00f5\u00f5tur kinnitusplaadi k\u00fclge. Kinnitusplaadil on kaks komplekti kinnitusauke (30\u00d7145 mm ja 40\u00d790 mm), mis sobivad erinevate m\u00f5\u00f5teriistade konfiguratsioonidega.<\/li>\n<\/ol>\n<h2><strong>Materjali t\u00f5mbekatsed: Katsemeetodid ja standardid<\/strong><\/h2>\n<p>Materjali t\u00f5mbekatsed on olulised materjali tugevuse, elastsuse ja \u00fcldise vastupidavuse hindamiseks. Vertikaalne motoriseeritud katsestend DTS-01 teostab t\u00f5mbekatseid, rakendades t\u00e4pset ja kontrollitud j\u00f5udu, salvestades m\u00f5\u00f5tmisi, mis n\u00e4itavad, kuidas materjal reageerib venitus- v\u00f5i t\u00f5mbej\u00f5ule.<\/p>\n<h3><strong>Testimise metoodika<\/strong><\/h3>\n<p>T\u00f5mbekatse protsess h\u00f5lmab \u00fcldiselt materjali proovi ettevalmistamist, selle kindlat kinnitamist katsestendile, j\u00f5u rakendamist j\u00f5um\u00f5\u00f5turi abil ja andmete registreerimist. Kiirust ja rakendatavat j\u00f5udu saab reguleerida vastavalt materjali spetsifikatsioonidele, tagades, et tulemused on t\u00e4psed ja esindavad tegelikku toimivust.<\/p>\n<h3><strong>Asjakohased standardid<\/strong><\/h3>\n<p>T\u00f5mbekatsete tegemisel j\u00e4rgitakse tavaliselt j\u00e4rgmisi ASTM standardeid, milles on s\u00e4testatud suunised erinevate materjalit\u00fc\u00fcpide jaoks:<\/p>\n<ul>\n<li><strong>ASTM D638<\/strong>: Plastide t\u00f5mbeomaduste standardkatsemeetod, mis sisaldab \u00fcksikasjalikke protseduure t\u00f5mbetugevuse, venivuse ja elastsusmooduli m\u00e4\u00e4ramiseks.<\/li>\n<li><strong>ASTM D882<\/strong>: K\u00e4sitleb \u00f5hukese plastkile, kirjeldades plastkilede ja -lehtede t\u00f5mbeomaduste hindamise meetodeid.<\/li>\n<li><strong>ASTM D412<\/strong>: M\u00e4\u00e4ratleb kummi ja elastomeersete materjalide katsemenetlused, sealhulgas meetodid t\u00f5mbetugevuse, venivuse ja pinge m\u00f5\u00f5tmiseks.<\/li>\n<\/ul>\n<h3><strong>Vertikaalse motoriseeritud katsestendi tehnilised eelised<\/strong><\/h3>\n<ul>\n<li><strong>Suurendatud t\u00e4psus ja stabiilsus<\/strong>: T\u00e4nu sellistele omadustele nagu hammas\u00fclekanne ja astmeline kiiruse reguleerimine pakub DTS-01 suurt t\u00e4psust, toetades rangeid testimisn\u00f5udeid.<\/li>\n<li><strong>Kasutajas\u00f5bralik kasutamine<\/strong>: Operaatorid saavad h\u00f5lpsasti l\u00fclituda k\u00e4sitsi ja automaatse re\u017eiimi vahel ning reguleerida katsekiirust, lihtsustades katsetusprotsessi ja tagades paindliku kontrolli katsetingimuste \u00fcle.<\/li>\n<\/ul>\n<h3><strong>Soovitatavad rakendused erinevates t\u00f6\u00f6stusharudes<\/strong><\/h3>\n<p>T\u00e4nu oma mitmek\u00fclgsusele on DTS-01 kasutusel paljudes sektorites, sealhulgas:<\/p>\n<ul>\n<li><strong>Pakendamine ja kvaliteedikontroll<\/strong>: Ideaalne toodete vastupidavuse ja pakendimaterjalide vastavuse tagamiseks.<\/li>\n<li><strong>Autot\u00f6\u00f6stus ja elektroonika<\/strong>: Kasutatakse autoosade ja elektroonikaseadmete komponentide tugevuse ja painduvuse testimiseks.<\/li>\n<li><strong>Farmaatsiatooted ja toit<\/strong>: Tagab, et materjalid vastavad ravimi- ja toidupakendite regulatiivsetele standarditele.<\/li>\n<li><strong>Tekstiilid ja liimid<\/strong>: Kasutatakse tekstiilitootmise ja liimitoodete materjalide toimivuse hindamisel.<\/li>\n<\/ul>\n<h3><strong>Korduma kippuvad k\u00fcsimused (KKK)<\/strong><\/h3>\n<ol>\n<li><strong>Milliseid katseid saab vertikaalne motoriseeritud katsestend teha?<\/strong><br \/>\nKatsestendiga saab teha materjali t\u00f5mbekatseid, t\u00f5ukekatseid, sisse- ja v\u00e4ljat\u00f5mbekatseid ning vigastuskatseid erinevate materjalide puhul.<\/li>\n<li><strong>Kuidas on kiirus katsestendil reguleeritud?<\/strong><br \/>\nJuhtpaneelil olev kiiruse reguleerimise nupp v\u00f5imaldab kasutajatel optimaalsete katsetingimuste jaoks seadistada j\u00f5um\u00f5\u00f5turi liikumiskiirust vahemikus 60 kuni 500 mm\/min.<\/li>\n<li><strong>Millistele t\u00f6\u00f6stusharudele on see katsestend k\u00f5ige kasulikum?<\/strong><br \/>\nSellised t\u00f6\u00f6stusharud nagu pakendus-, auto-, toidu-, ravimi-, liimi- ja tekstiilit\u00f6\u00f6stus kasutavad seda stendi sageli kvaliteedikontrolliks ja vastavuskatseteks.<\/li>\n<li><strong>Kas vertikaalne motoriseeritud katsestend \u00fchildub erinevate j\u00f5um\u00f5\u00f5turitega?<\/strong><br \/>\nJah, DTS-01 \u00fchildub mitmete j\u00f5um\u00f5\u00f5turite ja kinnitustega, v\u00f5imaldades kohandamist vastavalt testimisn\u00f5uetele.<\/li>\n<li><strong>Kuidas parandab k\u00e4sitsi\/automaatne l\u00fclitusfunktsioon testimise paindlikkust?<\/strong><br \/>\nK\u00e4sitsi\/automaatne l\u00fcliti v\u00f5imaldab kasutajatel valida oma testimisvajadustele k\u00f5ige paremini sobiva juhtimisre\u017eiimi, olgu selleks siis t\u00e4pne k\u00e4sitsi reguleerimine v\u00f5i automaatne, k\u00e4ed-vabad testimine.<\/li>\n<\/ol>","protected":false},"excerpt":{"rendered":"<p>The <strong>Vertikaalne motoriseeritud katsestend (DTS-01)<\/strong> on suure t\u00e4psusega katseseadmed, mis on loodud usaldusv\u00e4\u00e4rsete ja t\u00e4psete katsetulemuste saamiseks materjali tugevuse ja vastupidavuse kohta. Tugeva kahepooluselise konstruktsiooniga katsestend tagab katsetamise ajal erakordse stabiilsuse, mist\u00f5ttu sobib see erinevate t\u00f6\u00f6stusharude n\u00f5udlikeks rakendusteks. T\u00e4nu t\u00e4iustatud funktsioonidele, nagu astmeline kiiruse reguleerimine ja kaks juhtimisre\u017eiimi - k\u00e4sitsi ja automaatselt - on see statiiv mitmek\u00fclgne, h\u00f5lpsasti juhitav ja kohandatav mitmesuguste katsestsenaariumide jaoks.<\/p>","protected":false},"featured_media":6146,"comment_status":"closed","ping_status":"closed","template":"","meta":{"site-sidebar-layout":"default","site-content-layout":"default","ast-global-header-display":"","ast-main-header-display":"","ast-hfb-above-header-display":"","ast-hfb-below-header-display":"","ast-hfb-mobile-header-display":"","site-post-title":"","ast-breadcrumbs-content":"","ast-featured-img":"","footer-sml-layout":"","theme-transparent-header-meta":"default","adv-header-id-meta":"","stick-header-meta":"","header-above-stick-meta":"","header-main-stick-meta":"","header-below-stick-meta":""},"product_cat":[845,938,679,673,17,44,149,16,95],"product_tag":[],"class_list":{"0":"post-5289","1":"product","2":"type-product","3":"status-publish","4":"has-post-thumbnail","6":"product_cat-customization","7":"product_cat-textile-tester","8":"product_cat-tensile-tester","9":"product_cat-adhesive-tester","10":"product_cat-package-container-testers","11":"product_cat-paper-and-board-testers","12":"product_cat-pharma-and-medical-testers","13":"product_cat-plastic-packaging-testers","14":"product_cat-products","15":"desktop-align-left","16":"tablet-align-left","17":"mobile-align-left","19":"first","20":"instock","21":"shipping-taxable","22":"product-type-simple"},"_links":{"self":[{"href":"https:\/\/www.qualitester.com\/et\/wp-json\/wp\/v2\/product\/5289","targetHints":{"allow":["GET"]}}],"collection":[{"href":"https:\/\/www.qualitester.com\/et\/wp-json\/wp\/v2\/product"}],"about":[{"href":"https:\/\/www.qualitester.com\/et\/wp-json\/wp\/v2\/types\/product"}],"replies":[{"embeddable":true,"href":"https:\/\/www.qualitester.com\/et\/wp-json\/wp\/v2\/comments?post=5289"}],"version-history":[{"count":0,"href":"https:\/\/www.qualitester.com\/et\/wp-json\/wp\/v2\/product\/5289\/revisions"}],"wp:featuredmedia":[{"embeddable":true,"href":"https:\/\/www.qualitester.com\/et\/wp-json\/wp\/v2\/media\/6146"}],"wp:attachment":[{"href":"https:\/\/www.qualitester.com\/et\/wp-json\/wp\/v2\/media?parent=5289"}],"wp:term":[{"taxonomy":"product_cat","embeddable":true,"href":"https:\/\/www.qualitester.com\/et\/wp-json\/wp\/v2\/product_cat?post=5289"},{"taxonomy":"product_tag","embeddable":true,"href":"https:\/\/www.qualitester.com\/et\/wp-json\/wp\/v2\/product_tag?post=5289"}],"curies":[{"name":"wp","href":"https:\/\/api.w.org\/{rel}","templated":true}]}}