{"id":5286,"date":"2024-11-08T10:17:35","date_gmt":"2024-11-08T02:17:35","guid":{"rendered":"https:\/\/www.qualitester.com\/?post_type=product&#038;p=5286"},"modified":"2024-12-05T10:34:20","modified_gmt":"2024-12-05T02:34:20","slug":"sale-puncture-resistance-testing-equipment","status":"publish","type":"product","link":"https:\/\/www.qualitester.com\/et\/toode\/sale-puncture-resistance-testing-equipment\/","title":{"rendered":"PST-01 L\u00e4bimurdekindluse testimise seadmed"},"content":{"rendered":"<h2><strong>Sissejuhatus l\u00e4bistamiskindluse testimise seadmetesse<\/strong><\/h2>\n<p>L\u00e4bimurdmiskindluse testimise seade PST-01 on t\u00e4iustatud seade, mis on m\u00f5eldud konteinerpapi ja lainepapptoodete vastupidavuse ja l\u00e4bimurdmiskindluse hindamiseks. See katseseade m\u00f5\u00f5dab proovi l\u00e4bitorkamiseks vajalikku energiat, hinnates t\u00e4pselt nii materjali rebenemiseks kui ka painutamiseks vajalikku energiat. PST-01 aitab tagada, et pakendid ja muud materjalid vastavad rangetele kvaliteedi- ja tugevusnormidele, mist\u00f5ttu on see ideaalne mitmete t\u00f6\u00f6stusharude jaoks, kus materjali terviklikkus on kriitilise t\u00e4htsusega.<\/p>\n<h2><strong>PST-01 l\u00e4bistamiskindluse testimise seadmete rakendused<\/strong><\/h2>\n<p>PST-01 on laialdaselt kasutatav erinevates t\u00f6\u00f6stusharudes, sealhulgas pakenduses, elektroonikas, meditsiiniseadmetes, farmaatsiat\u00f6\u00f6stuses ja mujal. Seda kasutatakse tavaliselt konteinerplaadi tugevuse testimiseks, mis on oluline tegur veo kestvuse puhul, v\u00f5i habraste esemete pakendimaterjalide vastupidavuse kontrollimiseks. See mitmek\u00fclgne tester vastab ka selliste t\u00f6\u00f6stusharude vajadustele, mis n\u00f5uavad pakendite \u00fchtlast toimivust, n\u00e4iteks toidu- ja joogitootmine, igap\u00e4evased keemiatooted ja tekstiilid.<\/p>\n<h2><strong>PST-01 l\u00e4bistamiskindluse testimise seadme omadused<\/strong><\/h2>\n<p>PST-01 l\u00e4bistamiskindluse testimise seade on varustatud mitmete t\u00e4iustatud funktsioonidega, mis muudavad selle nii h\u00f5lpsasti kasutatavaks kui ka v\u00e4ga t\u00f5husaks l\u00e4bistamiskindluse testimisel:<\/p>\n<ul>\n<li><strong>LCD-ekraan ja kasutajas\u00f5bralik kasutajaliides<\/strong>: Testeril on kergesti loetav LCD-ekraan ja PVC-t\u00f6\u00f6paneel kiireks ja intuitiivseks seadistamiseks ja testide seadistamiseks.<\/li>\n<li><strong>Mikroarvuti juhtimine<\/strong>: Usaldusv\u00e4\u00e4rseks andmehalduseks mikroarvutiga varustatud PST-01 suudab koguda, salvestada ja printida katsetulemusi, tagades sujuvad t\u00f6\u00f6vood ja t\u00e4psed andmed.<\/li>\n<li><strong>Automaatne m\u00f5\u00f5tmine ja arukas otsustamine<\/strong>: Tester pakub katsetulemuste kuvamist reaalajas ja kohest anal\u00fc\u00fcsi, v\u00e4hendades vajadust k\u00e4sitsi arvutuste j\u00e4rele ja parandades katsete t\u00f5husust.<\/li>\n<li><strong>Neli reguleeritavat k\u00e4iku<\/strong>: PST-01 pakub nelja reguleeritavat k\u00e4iku, mis v\u00f5imaldab kasutajatel valida optimaalse vahemiku erineva tugevusega materjalide jaoks, tagades t\u00e4psed m\u00f5\u00f5tmised.<\/li>\n<li><strong>Ohutus ja vastupidavus<\/strong>: PST-01 on projekteeritud stabiilsuse ja j\u00e4rjepideva t\u00f6\u00f6 tagamiseks ning sisaldab sisseehitatud turvaelemente, mis kaitsevad kasutajaid ja tagavad usaldusv\u00e4\u00e4rse t\u00f6\u00f6 pikema aja jooksul.<\/li>\n<\/ul>\n<h2><strong>ISO 3036 ja selle katsemeetodite m\u00f5istmine<\/strong><\/h2>\n<p><a href=\"https:\/\/www.iso.org\/standard\/8122.html\" target=\"_blank\" rel=\"noopener nofollow\"><strong>ISO 3036<\/strong><\/a> on rahvusvaheline standard, mis m\u00e4\u00e4ratleb meetodid lainepapptoodete l\u00e4bitorkekindluse m\u00e4\u00e4ramiseks. Selles kirjeldatakse konkreetseid menetlusi ja parameetreid, et tagada t\u00e4psed ja j\u00e4rjepidevad m\u00f5\u00f5tmised kogu t\u00f6\u00f6stusharus. PST-01 j\u00e4rgib j\u00e4rgmisi n\u00f5udeid <a href=\"https:\/\/www.qualitester.com\/et\/tootekategooria\/iso\/iso-3036\/\" target=\"_blank\" rel=\"noopener\">ISO 3036<\/a> kasutades roostevabast terasest t\u00e4isnurkse kolmnurkse p\u00fcramiidi, mis on kinnitatud pendlivarre, mis pendeldab kinnitatava proovi sisse, simuleerides tegelikke punktsioonitingimusi. Seade m\u00f5\u00f5dab materjali l\u00e4bitorkamiseks vajalikku koguenergiat, andes usaldusv\u00e4\u00e4rset teavet materjali vastupidavuse ja l\u00e4bitorketugevuse kohta. ISO 3036 n\u00f5uetele vastavust taotlevate t\u00f6\u00f6stusharude jaoks pakub PST-01 vajalikku t\u00e4psust ja t\u00e4psust.<\/p>\n<h2><strong>T\u00e4iendavad standardid, mida PST-01 t\u00e4idab<\/strong><\/h2>\n<p>Lisaks ISO 3036-le on PST-01 l\u00e4bistuskindluse katseseadmed kavandatud vastama mitmetele muudele rahvusvahelistele standarditele:<\/p>\n<ul>\n<li><strong>TAPPI T803<\/strong>: Kehtestab suunised paberi- ja pakendit\u00f6\u00f6stuses tavaliselt kasutatava konteinerpapi l\u00e4bitorkekindluse katsetamiseks.<\/li>\n<li><strong>DIN 53142<\/strong>: M\u00e4\u00e4ratleb l\u00e4bistamiskindluse katsetamise korra, mis on eriti kohaldatav pabermaterjalide puhul.<\/li>\n<li><strong>GB\/T 2679<\/strong>: Hiina riiklik standard pakkematerjalide l\u00e4bistamiskindluse testimiseks.<\/li>\n<li><strong>QB\/T 1664<\/strong> ja <strong>SN T0262<\/strong>: T\u00e4iendavad v\u00f5rdlusn\u00e4itajad, mis n\u00e4itavad veelgi paremini PST-01 v\u00f5imekust \u00fclemaailmsete testimisstandardite t\u00e4itmisel.<\/li>\n<\/ul>\n<h2><strong>PST-01 tehnilised n\u00e4itajad<\/strong><\/h2>\n<p>PST-01 pakub t\u00e4pset ja kasutajas\u00f5bralikku l\u00e4henemist l\u00e4bil\u00f6\u00f6gikindluse testimisele ning erinevaid seadistusi erinevate materjalide jaoks:<\/p>\n<table>\n<tbody>\n<tr>\n<td width=\"192\">Katse ulatus<\/td>\n<td width=\"406\">(1~48) J<\/td>\n<\/tr>\n<tr>\n<td width=\"192\">Neli k\u00e4iku<\/td>\n<td width=\"406\">A \uff1c6J; B\uff1c12J; C\uff1c24J; D\uff1c48J<\/td>\n<\/tr>\n<tr>\n<td width=\"192\">Resolutsioon<\/td>\n<td width=\"406\">0.001J<\/td>\n<\/tr>\n<tr>\n<td width=\"192\">Valimi suurus<\/td>\n<td width=\"406\">175*175mm<\/td>\n<\/tr>\n<tr>\n<td width=\"192\">Survepea<\/td>\n<td width=\"406\">(100\u00b12) Kpa<\/td>\n<\/tr>\n<tr>\n<td width=\"192\">H\u00f5\u00f5rdumise muhvi vastupanu<\/td>\n<td width=\"406\">\uff1c0.25J<\/td>\n<\/tr>\n<tr>\n<td width=\"192\">P\u00fcramiidipea<\/td>\n<td width=\"406\">Serva pikkus 60mm\u00d760mm\u00d760mm k\u00f5rgus 25\u00b10.7mm<\/td>\n<\/tr>\n<tr>\n<td width=\"192\">M\u00f5\u00f5de<\/td>\n<td width=\"406\">900*410*800mm<\/td>\n<\/tr>\n<tr>\n<td width=\"192\">V\u00f5imsus<\/td>\n<td width=\"406\">AC 220V 50Hz<\/td>\n<\/tr>\n<tr>\n<td width=\"192\">Kaal<\/td>\n<td width=\"406\">110kg<\/td>\n<\/tr>\n<\/tbody>\n<\/table>\n<h3><strong>PST-01 kasutamise eelised materjali katsetamisel<\/strong><\/h3>\n<p>L\u00e4bimurtuskindluse testimise seade PST-01 pakub selgeid eeliseid ettev\u00f5tetele, kes soovivad tagada toodete vastupidavust ja t\u00e4ita t\u00f6\u00f6stusstandardeid:<\/p>\n<ul>\n<li><strong>T\u00e4iustatud t\u00e4psus<\/strong>: Mikroarvuti juhtimine ja k\u00f5rge eraldusv\u00f5ime muudavad PST-01 erakordselt t\u00e4pseks, v\u00e4hendades inimlikke vigu ja tagades j\u00e4rjepidevad tulemused.<\/li>\n<li><strong>Suurenenud tootlikkus<\/strong>: Automaatse m\u00f5\u00f5tmise ja reaalajas tulemuste kuvamisega kiirendab see seade testimisprotsessi, aidates ettev\u00f5tetel saavutada kiiremat kvaliteedikontrolli, ilma et seejuures t\u00e4psus v\u00e4heneks.<\/li>\n<li><strong>ISO ja rahvusvaheliste standardite j\u00e4rgimine<\/strong>: T\u00e4nu ISO 3036, TAPPI T803 ja muude standardite j\u00e4rgimisele tagab PST-01, et teie tooted vastavad rangetele rahvusvahelistele standarditele, suurendades usaldust materjali kvaliteedi suhtes.<\/li>\n<\/ul>\n<h3><strong>Miks valida PST-01 l\u00e4bitorkekindluse testimise seadmed ISO 3036 n\u00f5uetele vastavuse saavutamiseks?<\/strong><\/h3>\n<p>PST-01 on ideaalne valik ettev\u00f5tetele, mille eesm\u00e4rk on j\u00e4rgida ISO 3036 standardeid, mist\u00f5ttu on see oluline vahend pakendite, materjalide katsetamiseks ja toodete kvaliteedi tagamiseks. Kuna PST-01 annab t\u00e4pseid ja j\u00e4rjepidevaid tulemusi l\u00e4bistamiskindluse testimisel, aitab see s\u00e4ilitada k\u00f5rgeid standardeid tootmis- ja kvaliteedikontrolliprotsessides. Selle vastupidavus, mitmek\u00fclgsus ja vastavus standardile ISO 3036 muudavad selle oluliseks investeeringuks toodete terviklikkusele keskendunud t\u00f6\u00f6stusharudes.<\/p>\n<h4><strong>Korduma kippuvad k\u00fcsimused (KKK)<\/strong><\/h4>\n<ol>\n<li><strong>Mis on ISO 3036 eesm\u00e4rk l\u00e4bistamiskindluse katsetamisel?<\/strong>\n<ul>\n<li>ISO 3036 m\u00e4\u00e4rab kindlaks meetodid l\u00e4bistamiskindluse m\u00f5\u00f5tmiseks, et tagada materjalide vastavus vastupidavusnormidele, mis on kvaliteetse pakendi jaoks h\u00e4davajalik.<\/li>\n<\/ul>\n<\/li>\n<li><strong>Kas PST-01 saab kasutada ka muude kui pakendimaterjalide jaoks?<\/strong>\n<ul>\n<li>Jah, kuigi PST-01 kasutatakse peamiselt pakendite jaoks, saab sellega testida mitmesuguseid materjale sellistes valdkondades nagu meditsiiniseadmed, tekstiil ja elektroonika.<\/li>\n<\/ul>\n<\/li>\n<li><strong>Kuidas toimib nelja k\u00e4igu reguleerimine?<\/strong>\n<ul>\n<li>PST-01-l on neli valikulist k\u00e4iku, mis p\u00f5hinevad materjali tugevusel, v\u00f5imaldades optimaalsete tulemuste saavutamiseks reguleerida katse vahemikku v\u00e4iksematest ja suurematest j\u00f5ududest.<\/li>\n<\/ul>\n<\/li>\n<li><strong>Milline on maksimaalne j\u00f5ud, mida PST-01 suudab m\u00f5\u00f5ta?<\/strong>\n<ul>\n<li>PST-01 v\u00f5ib m\u00f5\u00f5ta kuni 48 J, mis teeb selle sobivaks k\u00f5rge l\u00e4bistamiskindlusega materjalide jaoks.<\/li>\n<\/ul>\n<\/li>\n<li><strong>Kas PST-01 pakub digitaalset andmesalvestust?<\/strong>\n<ul>\n<li>Jah, see sisaldab andmete salvestamise ja printimise v\u00f5imalusi, mis lihtsustab t\u00e4psete katseprotokollide pidamist ja andmete anal\u00fc\u00fcsimist aja jooksul.<\/li>\n<\/ul>\n<\/li>\n<\/ol>","protected":false},"excerpt":{"rendered":"<p>L\u00e4bimurdmiskindluse testimise seade PST-01 on t\u00e4iustatud seade, mis on m\u00f5eldud konteinerpapi ja lainepapptoodete vastupidavuse ja l\u00e4bimurdmiskindluse hindamiseks. See katseseade m\u00f5\u00f5dab proovi l\u00e4bitorkamiseks vajalikku energiat, hinnates t\u00e4pselt nii materjali rebenemiseks kui ka painutamiseks vajalikku energiat. PST-01 aitab tagada, et pakendid ja muud materjalid vastavad rangetele kvaliteedi- ja tugevusnormidele, mist\u00f5ttu on see ideaalne mitmete t\u00f6\u00f6stusharude jaoks, kus materjali terviklikkus on kriitilise t\u00e4htsusega.<\/p>","protected":false},"featured_media":6187,"comment_status":"closed","ping_status":"closed","template":"","meta":{"site-sidebar-layout":"default","site-content-layout":"default","ast-global-header-display":"","ast-main-header-display":"","ast-hfb-above-header-display":"","ast-hfb-below-header-display":"","ast-hfb-mobile-header-display":"","site-post-title":"","ast-breadcrumbs-content":"","ast-featured-img":"","footer-sml-layout":"","theme-transparent-header-meta":"default","adv-header-id-meta":"","stick-header-meta":"","header-above-stick-meta":"","header-main-stick-meta":"","header-below-stick-meta":""},"product_cat":[845,1086,958,1087,44,95],"product_tag":[],"class_list":{"0":"post-5286","1":"product","2":"type-product","3":"status-publish","4":"has-post-thumbnail","6":"product_cat-customization","7":"product_cat-iso-3036","8":"product_cat-puncture-tester","9":"product_cat-tappi-t803","10":"product_cat-paper-and-board-testers","11":"product_cat-products","12":"desktop-align-left","13":"tablet-align-left","14":"mobile-align-left","16":"first","17":"instock","18":"shipping-taxable","19":"product-type-simple"},"_links":{"self":[{"href":"https:\/\/www.qualitester.com\/et\/wp-json\/wp\/v2\/product\/5286","targetHints":{"allow":["GET"]}}],"collection":[{"href":"https:\/\/www.qualitester.com\/et\/wp-json\/wp\/v2\/product"}],"about":[{"href":"https:\/\/www.qualitester.com\/et\/wp-json\/wp\/v2\/types\/product"}],"replies":[{"embeddable":true,"href":"https:\/\/www.qualitester.com\/et\/wp-json\/wp\/v2\/comments?post=5286"}],"version-history":[{"count":0,"href":"https:\/\/www.qualitester.com\/et\/wp-json\/wp\/v2\/product\/5286\/revisions"}],"wp:featuredmedia":[{"embeddable":true,"href":"https:\/\/www.qualitester.com\/et\/wp-json\/wp\/v2\/media\/6187"}],"wp:attachment":[{"href":"https:\/\/www.qualitester.com\/et\/wp-json\/wp\/v2\/media?parent=5286"}],"wp:term":[{"taxonomy":"product_cat","embeddable":true,"href":"https:\/\/www.qualitester.com\/et\/wp-json\/wp\/v2\/product_cat?post=5286"},{"taxonomy":"product_tag","embeddable":true,"href":"https:\/\/www.qualitester.com\/et\/wp-json\/wp\/v2\/product_tag?post=5286"}],"curies":[{"name":"wp","href":"https:\/\/api.w.org\/{rel}","templated":true}]}}