{"id":5281,"date":"2024-11-08T10:06:22","date_gmt":"2024-11-08T02:06:22","guid":{"rendered":"https:\/\/www.qualitester.com\/?post_type=product&#038;p=5281"},"modified":"2024-12-05T10:26:34","modified_gmt":"2024-12-05T02:26:34","slug":"sale-paper-board-thickness-tester","status":"publish","type":"product","link":"https:\/\/www.qualitester.com\/et\/toode\/sale-paper-board-thickness-tester\/","title":{"rendered":"PBT-01 Paberikartongi paksuse tester"},"content":{"rendered":"<h2><strong>Paberiplaadi paksuse tester Sissejuhatus<\/strong><\/h2>\n<p>The <strong>PBT-01 Paberikartongi paksuse tester<\/strong> on t\u00e4iustatud, suure t\u00e4psusega m\u00f5\u00f5teriist, mis on spetsiaalselt m\u00f5eldud lainelise kiudplaadi \u00fcksiklehtede paksuse m\u00f5\u00f5tmiseks. See seade m\u00e4ngib olulist rolli pakkematerjalide kvaliteedikontrollis, kuna t\u00e4pne paksuse m\u00f5\u00f5tmine on oluline pakendikastide ja muude pakendilahenduste valmistamisel kasutatava kiudplaadi vastupidavuse ja tugevuse m\u00e4\u00e4ramisel. PBT-01 sobib k\u00f5ikide lainepappt\u00fc\u00fcpide jaoks ja tagab, et pakendimaterjalid vastavad rangetele kvaliteedistandarditele, mis tagavad kaitse ja usaldusv\u00e4\u00e4rsuse.<\/p>\n<h2><strong>Paksuse t\u00e4pse m\u00f5\u00f5tmise t\u00e4htsus pakendites<\/strong><\/h2>\n<p>T\u00e4pne paksuse m\u00f5\u00f5tmine on pakendit\u00f6\u00f6stuses \u00fclioluline, sest kartongi paksuse j\u00e4rjepidevus m\u00f5jutab l\u00f5pptoote kaitseomadusi ja struktuurilist terviklikkust. Veebileht <strong>PBT-01 paberkartongi paksuse tester<\/strong> aitab tootjatel ja kvaliteedikontrolli spetsialistidel kontrollida, et iga leht vastab t\u00e4psetele paksusn\u00f5uetele, optimeerides materjali j\u00f5udlust ja aidates s\u00e4ilitada toote kvaliteeti transpordi ajal. Usaldusv\u00e4\u00e4rne paksuse m\u00f5\u00f5tmine hoiab \u00e4ra materjali raiskamise, tugevdab pakendi stabiilsust ja hoiab kinni pakendi kvaliteedi regulatiivsetest n\u00f5uetest.<\/p>\n<h2><strong>Paberikartongi paksuse testeri testimise p\u00f5him\u00f5te ja metoodika<\/strong><\/h2>\n<ul>\n<li><strong>Paksuse m\u00f5\u00f5tmise p\u00f5him\u00f5te<\/strong> PBT-01 m\u00f5\u00f5dab lainepapi paksust, asetades papist proovi kahe paralleelse, \u00fcmmarguse survepinna vahele konkreetse staatilise koormuse all. See \u00fclit\u00e4pne katse rakendab vajalikku survet, et m\u00f5\u00f5ta kartongi paksust v\u00f5rratu t\u00e4psusega.<\/li>\n<li><strong>Nihkepaksuse katsemeetod<\/strong> Kasutades nihkepaksuse m\u00f5\u00f5tmise meetodit, kasutab PBT-01 \u00fchte fikseeritud pinda (aluse) ja liikuvat pinda, mis rakendab paksuse m\u00f5\u00f5tmisel \u00fchtlast survet. Liikuv pind avaldab \u00fchtlast 20 kPa \u00b1 0,5 kPa r\u00f5hku, mis tagab t\u00e4psed ja korratavad tulemused. Seade on v\u00f5imeline m\u00f5\u00f5tma paksusi vahemikus 0-20 mm ja selle lahutusv\u00f5ime on 0,001 mm, mis teeb sellest usaldusv\u00e4\u00e4rse valiku nii standard- kui ka erikatsete jaoks.<\/li>\n<\/ul>\n<h2><strong>Seadme struktuur ja tehnilised n\u00e4itajad<\/strong><\/h2>\n<ul>\n<li><strong>Survepinnad ja kokkupuutepindala<\/strong> PBT-01 kaks ringikujulist survetihedust on kavandatud optimaalse t\u00e4psuse saavutamiseks. Alus on paigal, samas kui teine pind liigub risti, et avaldada survet \u00fchtlaselt kiirusega 2 mm\/s kuni 3 mm\/s. \u00dcmmarguste survepindade l\u00e4bim\u00f5\u00f5t on 35,7 mm \u00b1 0,3 mm ja kokkupuutepindala 1000 mm\u00b2 \u00b1 20 mm\u00b2. Selline konfiguratsioon tagab, et katsesurve jaotub \u00fchtlaselt, andes t\u00e4psed paksusn\u00e4itajad.<\/li>\n<li><strong>Tehnilised omadused<\/strong> PBT-01 paberkartongi paksuse tester sisaldab olulisi tehnilisi omadusi:<br \/>\n<table>\n<tbody>\n<tr>\n<td width=\"220\">Katse ulatus<\/td>\n<td width=\"110\">0\uff5e20 mm<\/td>\n<\/tr>\n<tr>\n<td width=\"220\">Resolutsioon<\/td>\n<td width=\"110\">0.001mm<\/td>\n<\/tr>\n<tr>\n<td width=\"220\">Kontaktala<\/td>\n<td width=\"110\">1000\u00b120 mm\u00b2<\/td>\n<\/tr>\n<tr>\n<td width=\"220\">Kontakt surve<\/td>\n<td width=\"110\">20\u00b12kPa<\/td>\n<\/tr>\n<tr>\n<td width=\"220\">Pinna paralleelsuse m\u00f5\u00f5tmine<\/td>\n<td width=\"110\">\u22640.035mm<\/td>\n<\/tr>\n<tr>\n<td width=\"220\">N\u00e4idikuviga<\/td>\n<td width=\"110\">\u00b10.05\uff05<\/td>\n<\/tr>\n<\/tbody>\n<\/table>\n<\/li>\n<\/ul>\n<h2><strong>Vastavus t\u00f6\u00f6stusstandarditele<\/strong><\/h2>\n<p>Paberiplaadi paksuse tester PBT-01 on konstrueeritud koosk\u00f5las t\u00f6\u00f6stusstandarditega, mis on m\u00f5eldud lainepapist ja pakkematerjalide testimiseks, tagades, et see vastab nende suuniste tehnilistele t\u00e4psusn\u00f5uetele. Nende standardite j\u00e4rgimine on oluline usaldusv\u00e4\u00e4rsete ja j\u00e4rjepidevate m\u00f5\u00f5tmiste jaoks professionaalsetes pakendirakendustes, mis tugevdab testija rolli kvaliteedikontrolli ja n\u00f5uetele vastavuse tagamisel kogu t\u00f6\u00f6stusharus.<\/p>\n<h2><strong>PBT-01 paberkartongi paksuse testija eelised<\/strong><\/h2>\n<p>PBT-01 pakub unikaalseid eeliseid, mis eristavad seda materjalikatsete valdkonnas:<\/p>\n<ul>\n<li><strong>K\u00f5rge t\u00e4psus:<\/strong> T\u00e4nu 0,001 mm eraldusv\u00f5imele tagab PBT-01 suure t\u00e4psusega m\u00f5\u00f5tmised usaldusv\u00e4\u00e4rseks kvaliteedikontrolliks.<\/li>\n<li><strong>Mitmek\u00fclgsed rakendused:<\/strong> Sobib igat t\u00fc\u00fcpi lainepapile, mist\u00f5ttu on see mitmek\u00fclgne valik erinevate pakendit\u00fc\u00fcpide jaoks.<\/li>\n<li><strong>Kasutajas\u00f5bralik disain:<\/strong> Sellised funktsioonid nagu nullinuletusfunktsioon ja lihtsad v\u00f5imsuse juhtimisseadmed suurendavad kasutusmugavust.<\/li>\n<li><strong>T\u00e4iustatud kvaliteedikontroll:<\/strong> Tagab j\u00e4rjepideva paksuse m\u00f5\u00f5tmise, mis parandab pakendi vastupidavust ja v\u00f5imaldab materjali kokkuhoidu.<\/li>\n<\/ul>\n<h2><strong>Rakendused erinevates t\u00f6\u00f6stusharudes<\/strong><\/h2>\n<p>PBT-01 paberkartongi paksuse tester on laialdaselt kasutatav k\u00f5ikides t\u00f6\u00f6stusharudes, sealhulgas pakendi-, toidu- ja ravimit\u00f6\u00f6stuses ning kvaliteedikontrolliasutustes. T\u00e4nu oma t\u00e4psetele ja j\u00e4rjepidevatele m\u00f5\u00f5tmistele v\u00f5imaldab PBT-01 paksusem\u00f5\u00f5tja ettev\u00f5tetel s\u00e4ilitada ranget kvaliteedikontrolli pakendimaterjalide \u00fcle, toetades vastupidavate ja usaldusv\u00e4\u00e4rsete pakendilahenduste v\u00e4ljat\u00f6\u00f6tamist k\u00f5igis sektorites.<\/p>\n<h2><strong>Korduma kippuvad k\u00fcsimused (KKK)<\/strong><\/h2>\n<ol>\n<li><strong>Mis on lainepapist puitkiudplaat?<\/strong>\n<ul>\n<li>Lainepapp koosneb \u00fchest v\u00f5i mitmest lainelisest paberilehest, mis on liimitud lamedale papilehele v\u00f5i mitme lehe vahele. See on populaarne materjal pakendamisel t\u00e4nu oma tugevusele ja l\u00f6\u00f6gisummutavatele omadustele.<\/li>\n<\/ul>\n<\/li>\n<li><strong>Mida t\u00e4hendab \u201c\u00fcheainsa lainepapilehe paksus\u201d?<\/strong>\n<ul>\n<li>\u00dche lehe paksus on lainepaberiplaadi \u00fche pinna ja vastaspoole pinna vaheline kaugus, m\u00f5\u00f5detuna konkreetse staatilise koormuse all.<\/li>\n<\/ul>\n<\/li>\n<li><strong>Kui t\u00e4pne on PBT-01 paksuse m\u00f5\u00f5tmisel?<\/strong>\n<ul>\n<li>PBT-01 pakub suurt t\u00e4psust, mille lahutusv\u00f5ime on 0,001 mm ja t\u00e4psusm\u00e4\u00e4r \u00b10,05%, mis teeb sellest usaldusv\u00e4\u00e4rse valiku j\u00e4rjepidevate ja korratavate m\u00f5\u00f5tmiste jaoks.<\/li>\n<\/ul>\n<\/li>\n<li><strong>Miks on kontaktr\u00f5hk paksuse testimisel oluline?<\/strong>\n<ul>\n<li>Katsete ajal j\u00e4rjepideva kontaktsurve rakendamine tagab, et m\u00f5\u00f5tmine peegeldab t\u00e4pselt plaadi paksust ilma surveta, tagades seega korratavad ja usaldusv\u00e4\u00e4rsed tulemused.<\/li>\n<\/ul>\n<\/li>\n<li><strong>Millistele t\u00f6\u00f6stusharudele on PBT-01 paksusem\u00f5\u00f5tja kasulik?<\/strong>\n<ul>\n<li>PBT-01 on h\u00e4davajalik pakendi-, toidu-, ravimi- ja muudes t\u00f6\u00f6stusharudes, kus materjali kvaliteet ja pakendi usaldusv\u00e4\u00e4rsus on toodete kaitse ja ohutuse seisukohalt kriitilise t\u00e4htsusega.<\/li>\n<\/ul>\n<\/li>\n<\/ol>","protected":false},"excerpt":{"rendered":"<p>The <strong>PBT-01 Paberikartongi paksuse tester<\/strong> on t\u00e4iustatud, suure t\u00e4psusega m\u00f5\u00f5teriist, mis on spetsiaalselt m\u00f5eldud lainelise kiudplaadi \u00fcksiklehtede paksuse m\u00f5\u00f5tmiseks. See seade m\u00e4ngib olulist rolli pakkematerjalide kvaliteedikontrollis, kuna t\u00e4pne paksuse m\u00f5\u00f5tmine on oluline pakendikastide ja muude pakendilahenduste valmistamisel kasutatava kiudplaadi vastupidavuse ja tugevuse m\u00e4\u00e4ramisel. PBT-01 sobib k\u00f5ikide lainepappt\u00fc\u00fcpide jaoks ja tagab, et pakendimaterjalid vastavad rangetele kvaliteedistandarditele, mis tagavad kaitse ja usaldusv\u00e4\u00e4rsuse.<\/p>","protected":false},"featured_media":6184,"comment_status":"closed","ping_status":"closed","template":"","meta":{"site-sidebar-layout":"default","site-content-layout":"default","ast-global-header-display":"","ast-main-header-display":"","ast-hfb-above-header-display":"","ast-hfb-below-header-display":"","ast-hfb-mobile-header-display":"","site-post-title":"","ast-breadcrumbs-content":"","ast-featured-img":"","footer-sml-layout":"","theme-transparent-header-meta":"default","adv-header-id-meta":"","stick-header-meta":"","header-above-stick-meta":"","header-main-stick-meta":"","header-below-stick-meta":""},"product_cat":[685,845,1149,962,44,160,95],"product_tag":[],"class_list":{"0":"post-5281","1":"product","2":"type-product","3":"status-publish","4":"has-post-thumbnail","6":"product_cat-thickness-tester","7":"product_cat-customization","8":"product_cat-tappi-t437","9":"product_cat-thickness-gauges","10":"product_cat-paper-and-board-testers","11":"product_cat-iso-3034","12":"product_cat-products","13":"desktop-align-left","14":"tablet-align-left","15":"mobile-align-left","17":"first","18":"instock","19":"shipping-taxable","20":"product-type-simple"},"_links":{"self":[{"href":"https:\/\/www.qualitester.com\/et\/wp-json\/wp\/v2\/product\/5281","targetHints":{"allow":["GET"]}}],"collection":[{"href":"https:\/\/www.qualitester.com\/et\/wp-json\/wp\/v2\/product"}],"about":[{"href":"https:\/\/www.qualitester.com\/et\/wp-json\/wp\/v2\/types\/product"}],"replies":[{"embeddable":true,"href":"https:\/\/www.qualitester.com\/et\/wp-json\/wp\/v2\/comments?post=5281"}],"version-history":[{"count":0,"href":"https:\/\/www.qualitester.com\/et\/wp-json\/wp\/v2\/product\/5281\/revisions"}],"wp:featuredmedia":[{"embeddable":true,"href":"https:\/\/www.qualitester.com\/et\/wp-json\/wp\/v2\/media\/6184"}],"wp:attachment":[{"href":"https:\/\/www.qualitester.com\/et\/wp-json\/wp\/v2\/media?parent=5281"}],"wp:term":[{"taxonomy":"product_cat","embeddable":true,"href":"https:\/\/www.qualitester.com\/et\/wp-json\/wp\/v2\/product_cat?post=5281"},{"taxonomy":"product_tag","embeddable":true,"href":"https:\/\/www.qualitester.com\/et\/wp-json\/wp\/v2\/product_tag?post=5281"}],"curies":[{"name":"wp","href":"https:\/\/api.w.org\/{rel}","templated":true}]}}