{"id":5254,"date":"2024-11-07T09:31:49","date_gmt":"2024-11-07T01:31:49","guid":{"rendered":"https:\/\/www.qualitester.com\/?post_type=product&#038;p=5254"},"modified":"2024-12-05T10:01:46","modified_gmt":"2024-12-05T02:01:46","slug":"sale-bursting-strength-tester","status":"publish","type":"product","link":"https:\/\/www.qualitester.com\/et\/toode\/sale-bursting-strength-tester\/","title":{"rendered":"L\u00f5hkumistugevuse tester"},"content":{"rendered":"<p>The <strong>L\u00f5hkumistugevuse tester<\/strong> on oluline vahend paberi- ja pappmaterjalide struktuurilise terviklikkuse ja vastupidavuse hindamiseks. See katseseade on m\u00f5eldud hindamaks maksimaalset j\u00f5udu, mida need materjalid enne rebenemist taluvad, ning seda kasutatakse laialdaselt pakendamis-, tootmis- ja kvaliteedikontrolliasutustes. Rakendustes, mis ulatuvad kergest paberist kuni raskekaalulise kartongini, on tester <strong>L\u00f5hkumistugevuse tester<\/strong> tagab, et materjalid vastavad rangetele standarditele, mis k\u00e4sitlevad nende vastupidavust, mist\u00f5ttu on see h\u00e4davajalik t\u00f6\u00f6stusharudes, kus tugevus ja vastupidavus on esmat\u00e4htsad.<\/p>\n<h3>L\u00f5hketugevuse testija rakendused<\/h3>\n<p>L\u00f5hkumistugevuse katsetamisega m\u00f5\u00f5detakse materjali v\u00f5imet taluda purunemist v\u00f5i l\u00f5hkumist, kui sellele avalduvad v\u00e4lised j\u00f5ud. See omadus on kriitilise t\u00e4htsusega <strong>paber, kartong ja pakkematerjalid<\/strong>, eelk\u00f5ige seoses <strong>saatmine ja ladustamine<\/strong>. Tuvastades n\u00f5rgad kohad enne materjalide kasutuselev\u00f5ttu, saavad ettev\u00f5tted v\u00e4ltida kulukaid kahjustusi ja tagada ohutu tootetranspordi. Tootjate jaoks annab see test \u00fclevaate materjali kvaliteedist ja annab teavet pakendi disaini kohta, mis v\u00f5imaldab parandada vastupidavust ja v\u00e4hendada vigastuste ohtu transpordi ajal.<\/p>\n<h3>L\u00f5hkumistugevuse testija peamised omadused<\/h3>\n<ul>\n<li><strong>H\u00fcdrauliline r\u00f5hu testimine:<\/strong> Tester kasutab h\u00fcdraulilist survet, et rakendada katsekehale j\u00f5udu, mis v\u00f5imaldab l\u00f5hkekindluse v\u00e4ga t\u00e4pset m\u00f5\u00f5tmist.<\/li>\n<li><strong>Lai testimisvahemik:<\/strong> Sellega saab katsetada laia spektrit materjale, alates kergest paberist kuni tahkete kiudplaatideni, mille purunemistugevus ulatub alates <strong>70 kPa kuni 5500 kPa<\/strong>.<\/li>\n<li><strong>T\u00e4psus ja usaldusv\u00e4\u00e4rsus:<\/strong> T\u00e4iustatud r\u00f5huanduritega varustatud l\u00f5hketugevuse tester annab usaldusv\u00e4\u00e4rseid ja korratavaid tulemusi, tagades kvaliteedikontrolli k\u00f5rge t\u00e4psuse.<\/li>\n<\/ul>\n<h3>Board Bursting Tester: Boards: Struktuurilise tugevuse tagamine<\/h3>\n<p>The <strong>BNP-01 Board Bursting Tester<\/strong> on spetsiaalselt ette n\u00e4htud selliste plaadimaterjalide testimiseks nagu <strong>lainepapp ja t\u00e4ispuitplaat<\/strong>. V\u00f5imaldab m\u00f5\u00f5ta materjale, mille purunemistugevus j\u00e4\u00e4b vahemikku <strong>350 kPa kuni 5500 kPa<\/strong>, vastab see tester pakendus- ja transpordisektori n\u00f5udlikele vajadustele. Materjalide vastupidavuse hindamisega v\u00f5imaldab see tootjatel tagada, et nende pakendimaterjalid suudavad vastu pidada k\u00e4itlemise ja veo ajal tekkivatele survetele. See tester vastab juhtivatele t\u00f6\u00f6stusstandarditele, sealhulgas:<\/p>\n<ul>\n<li><strong><a href=\"https:\/\/www.iso.org\/standard\/61488.html\" target=\"_blank\" rel=\"noopener nofollow\">ISO 2759<\/a>:<\/strong> ISO 2759 on rahvusvaheliselt tunnustatud kartongide tugevuse hindamiseks ja kehtestab juhised kartongimaterjalide l\u00f5hkumiskindluse hindamiseks, tagades \u00fclemaailmse kvaliteedi vastavuse.<\/li>\n<li><strong>TAPPI T810 ja TAPPI T807:<\/strong> Need standardid h\u00f5lmavad puitkiudplaadi ja lainepapi purunemiskatsetusi, mis v\u00f5imaldavad \u00fchtlast kvaliteeti eri partiide puhul ja tagavad, et pakendimaterjalid on transpordiks ohutud.<\/li>\n<\/ul>\n<h3>Paberi l\u00f5hkumise tester: Kergete materjalide jaoks optimeeritud<\/h3>\n<p>Paberkandjal taotluste puhul on <strong>ZNP-01 paberi l\u00f5hkumise tester<\/strong> on ideaalne valik, katsetades materjale, mille purunemistugevus ulatub alates <strong>70 kPa kuni 1400 kPa<\/strong>. See tester sobib kergemate materjalide, nagu paber ja \u00f5huke papp, jaoks ning on abiks rakendustes, kus materjali paindlikkus on oluline. ZNP-01 vastab sellistele standarditele nagu:<\/p>\n<ul>\n<li><strong><a href=\"https:\/\/www.qualitester.com\/et\/tootekategooria\/iso\/iso-5627\/\" target=\"_blank\" rel=\"noopener\">ISO 2758<\/a>:<\/strong> See standard reguleerib pabermaterjalide purunemistugevuse katsetamist, tagades, et tulemused vastavad rahvusvahelistele standarditele.<\/li>\n<li><strong>TAPPI T403 ja ASTM D774:<\/strong> M\u00f5lemad standardid kirjeldavad meetodeid paberi tugevuse hindamiseks, kusjuures ASTM D774 keskendub kergetele, suure vastupidavusega paberitele.<\/li>\n<\/ul>\n<p>Need standardid tagavad, et pakendamis- ja tr\u00fckirakendustes kasutatavad materjalid vastavad toote ohutuse ja kvaliteedi tagamiseks n\u00f5utavale vastupidavusele.<\/p>\n<h3>Katse p\u00f5him\u00f5te<\/h3>\n<p>L\u00f5hkumistugevuse katse h\u00f5lmab proovi asetamist \u00fcmmarguse, elastse membraani peale, mis on servadest j\u00e4igalt kinnitatud, kuid keskelt vabalt paisuv. Nagu <strong>h\u00fcdraulilist vedelikku pumbatakse konstantse kiirusega<\/strong>, Membraan paisub, kuni katsekeha rebeneb. Katseseade registreerib maksimaalse r\u00f5hu, mis saavutatakse rebenemisel, mis n\u00e4itab materjali <strong>l\u00f5hkemistugevus<\/strong>. See katsemeetod on v\u00e4ga t\u00e4pne, v\u00f5imaldades tootjatel j\u00e4rjepidevalt hinnata erinevate materjalide tugevust ja kvaliteeti.<\/p>\n<h3>Purunemistugevuse testija kasutamise eelised<\/h3>\n<ul>\n<li><strong>Pakendite kvaliteedi tagamine:<\/strong> Tester tagab, et pakendimaterjalid peavad vastu veo ja k\u00e4itlemise pingetele, v\u00e4hendades kahjustuste ohtu.<\/li>\n<li><strong>J\u00e4rjepidevad tootmisstandardid:<\/strong> Regulaarsete katsete abil saavad tootjad s\u00e4ilitada \u00fchtlast kvaliteeti ja lahendada kiiresti k\u00f5ik materjali toimivusega seotud probleemid.<\/li>\n<li><strong>T\u00f6\u00f6stusharudevaheline kohanemisv\u00f5ime:<\/strong> See tester sobib mitmesuguste sektorite jaoks, sealhulgas <strong>meditsiiniseadmed, elektroonika, tekstiilid, pakendid ja toiduained.<\/strong>, kus vastupidavad materjalid on kriitiline n\u00f5ue.<\/li>\n<\/ul>\n<h3>Korduma kippuvad k\u00fcsimused (KKK)<\/h3>\n<ul>\n<li><strong>Mis on l\u00f5hketugevuse katse eesm\u00e4rk?<\/strong><br \/>\nSelle katsega hinnatakse paberi- ja pappmaterjalide vastupidavust, m\u00e4\u00e4rates kindlaks maksimaalse j\u00f5u, mida nad suudavad enne purunemist vastu pidada. See on oluline kvaliteedikontrolliks pakendite ja materjalide tootmisel.<\/li>\n<li><strong>Kuidas m\u00f5\u00f5dab purunemistugevuse tester materjali tugevust?<\/strong><br \/>\nKatseseade rakendab proovile h\u00fcdraulilist survet, kuni see puruneb, ja maksimaalne r\u00f5hk registreeritakse materjali purunemistugevusena.<\/li>\n<li><strong>Milliseid materjale saab testida?<\/strong><br \/>\nSelle testeriga saab hinnata mitmesuguseid materjale, sealhulgas kerget paberit, paksu pappi, lainepappi ja kiudpappi.<\/li>\n<li><strong>Miks on ISO 2759 oluline l\u00f5hketugevuse katsetamisel?<\/strong><br \/>\nISO 2759 on \u00fclemaailmne standard, mis tagab, et materjalid vastavad \u00fchtsetele kvaliteedin\u00e4itajatele, mis on rahvusvaheliste tootjate ja tarnijate jaoks kriitilise t\u00e4htsusega.<\/li>\n<li><strong>Kui sageli tuleks pakendimaterjale katsetada l\u00f5hketugevuse osas?<\/strong><br \/>\nUsaldusv\u00e4\u00e4rsete kvaliteedistandardite s\u00e4ilitamiseks on soovitatav teha korrap\u00e4raseid katseid, eriti kui materjalide hankimisel v\u00f5i tootmisprotsessides toimuvad muutused.<\/li>\n<\/ul>","protected":false},"excerpt":{"rendered":"<p>The <strong>L\u00f5hkumistugevuse tester<\/strong> on oluline vahend paberi- ja pappmaterjalide struktuurilise terviklikkuse ja vastupidavuse hindamiseks. See katseseade on m\u00f5eldud hindamaks maksimaalset j\u00f5udu, mida need materjalid enne rebenemist taluvad, ning seda kasutatakse laialdaselt pakendamis-, tootmis- ja kvaliteedikontrolliasutustes. Rakendustes, mis ulatuvad kergest paberist kuni raskekaalulise kartongini, on tester <strong>L\u00f5hkumistugevuse tester<\/strong> tagab, et materjalid vastavad rangetele standarditele, mis k\u00e4sitlevad nende vastupidavust, mist\u00f5ttu on see h\u00e4davajalik t\u00f6\u00f6stusharudes, kus tugevus ja vastupidavus on esmat\u00e4htsad.<\/p>","protected":false},"featured_media":6172,"comment_status":"closed","ping_status":"closed","template":"","meta":{"site-sidebar-layout":"default","site-content-layout":"default","ast-global-header-display":"","ast-main-header-display":"","ast-hfb-above-header-display":"","ast-hfb-below-header-display":"","ast-hfb-mobile-header-display":"","site-post-title":"","ast-breadcrumbs-content":"","ast-featured-img":"","footer-sml-layout":"","theme-transparent-header-meta":"default","adv-header-id-meta":"","stick-header-meta":"","header-above-stick-meta":"","header-main-stick-meta":"","header-below-stick-meta":""},"product_cat":[44,1146,953,956,955,1142,1141,954,957,958,952,959,1145,1144,1143,95],"product_tag":[],"class_list":{"0":"post-5254","1":"product","2":"type-product","3":"status-publish","4":"has-post-thumbnail","6":"product_cat-paper-and-board-testers","7":"product_cat-astm-d774","8":"product_cat-bursting-tester","9":"product_cat-cobb-tester","10":"product_cat-crush-tester","11":"product_cat-iso-2758","12":"product_cat-iso-2759","13":"product_cat-paper-tear-tester","14":"product_cat-plybond-tester","15":"product_cat-puncture-tester","16":"product_cat-rub-tester","17":"product_cat-stiffness-tester","18":"product_cat-tappi-t403","19":"product_cat-tappi-t807","20":"product_cat-tappi-t810","21":"product_cat-products","22":"desktop-align-left","23":"tablet-align-left","24":"mobile-align-left","26":"first","27":"instock","28":"shipping-taxable","29":"product-type-simple"},"_links":{"self":[{"href":"https:\/\/www.qualitester.com\/et\/wp-json\/wp\/v2\/product\/5254","targetHints":{"allow":["GET"]}}],"collection":[{"href":"https:\/\/www.qualitester.com\/et\/wp-json\/wp\/v2\/product"}],"about":[{"href":"https:\/\/www.qualitester.com\/et\/wp-json\/wp\/v2\/types\/product"}],"replies":[{"embeddable":true,"href":"https:\/\/www.qualitester.com\/et\/wp-json\/wp\/v2\/comments?post=5254"}],"version-history":[{"count":0,"href":"https:\/\/www.qualitester.com\/et\/wp-json\/wp\/v2\/product\/5254\/revisions"}],"wp:featuredmedia":[{"embeddable":true,"href":"https:\/\/www.qualitester.com\/et\/wp-json\/wp\/v2\/media\/6172"}],"wp:attachment":[{"href":"https:\/\/www.qualitester.com\/et\/wp-json\/wp\/v2\/media?parent=5254"}],"wp:term":[{"taxonomy":"product_cat","embeddable":true,"href":"https:\/\/www.qualitester.com\/et\/wp-json\/wp\/v2\/product_cat?post=5254"},{"taxonomy":"product_tag","embeddable":true,"href":"https:\/\/www.qualitester.com\/et\/wp-json\/wp\/v2\/product_tag?post=5254"}],"curies":[{"name":"wp","href":"https:\/\/api.w.org\/{rel}","templated":true}]}}