{"id":5247,"date":"2024-11-06T13:22:00","date_gmt":"2024-11-06T05:22:00","guid":{"rendered":"https:\/\/www.qualitester.com\/?post_type=product&#038;p=5247"},"modified":"2024-12-05T15:33:06","modified_gmt":"2024-12-05T07:33:06","slug":"sale-tape-holding-power-tester","status":"publish","type":"product","link":"https:\/\/www.qualitester.com\/et\/toode\/sale-tape-holding-power-tester\/","title":{"rendered":"LAT-01 Kestva liimimise tester"},"content":{"rendered":"<h2><strong>Tape Holding Power Tester'i tutvustamine<\/strong><\/h2>\n<p>The <strong>Tape Holding Power Tester<\/strong> on oluline katseseade, mis on m\u00f5eldud r\u00f5hutundlike teipide ja etikettide kleepumistugevuse m\u00f5\u00f5tmiseks pideva koormuse tingimustes. Sellega hinnatakse kleeplintide v\u00f5imet libisemisele vastu seista ja s\u00e4ilitada oma sidet koormuse korral, mist\u00f5ttu on see oluline vahend t\u00f6\u00f6stusharudes, mis s\u00f5ltuvad kleeplindi j\u00f5udlusest, nagu n\u00e4iteks pakendid, meditsiin, ravimid ja muud t\u00f6\u00f6stusharud.<\/p>\n<p>See tester annab usaldusv\u00e4\u00e4rse v\u00f5imaluse hinnata teipide pikaajalist stabiilsust ja vastupidavust, tagades, et need vastavad erinevate rakenduste jaoks n\u00f5utavatele standarditele. Seda kasutatakse selleks, et m\u00e4\u00e4rata kindlaks, kui h\u00e4sti teibid p\u00fcsivad pinnal, isegi keerulistes tingimustes, pakkudes olulist teavet nende t\u00f6\u00f6v\u00f5ime kohta aja jooksul.<\/p>\n<h2><strong>Tape Holding Power Tester Application<\/strong><\/h2>\n<p>The <strong>Tape Holding Power Tester<\/strong> kasutatakse tavaliselt j\u00e4rgmistes t\u00f6\u00f6stusharudes:<\/p>\n<ul>\n<li><strong>Pakend:<\/strong> Tagab, et pakkematerjalides kasutatavad teibid s\u00e4ilitavad oma liimiomadused transpordi ja ladustamise ajal.<\/li>\n<li><strong>Meditsiinilised ja farmaatsiatooted:<\/strong> Kontrollib meditsiiniliste teipide, sidemete ja ravimipakendite liimitugevust.<\/li>\n<li><strong>Liimid:<\/strong> Oluline etikettides, teipides ja muudes liimip\u00f5histes toodetes kasutatavate survetundlike liimide toimivuse testimiseks.<\/li>\n<li><strong>Tekstiilid:<\/strong> Aitab hinnata tekstiilteipide ja etikettide kleepumist pingetingimustes.<\/li>\n<li><strong>Kvaliteedikontrolliasutused:<\/strong> Annab objektiivseid andmeid lindi toimivuse kohta, aidates tootjatel ja tarnijatel teostada kvaliteedikontrolli.<\/li>\n<\/ul>\n<p>Seda kasutatakse peamiselt selleks, et testida <strong>hoidev\u00f5ime<\/strong> survetundlike teipide ja etikettide kohta, et tagada nende vastavus tegelike rakenduste jaoks vajalikele spetsifikatsioonidele.<\/p>\n<h2><strong>Katse p\u00f5him\u00f5te<\/strong><\/h2>\n<p>The <strong>Tape Holding Power Tester<\/strong> t\u00f6\u00f6tab p\u00f5him\u00f5ttel <strong>nihkeadhesiivsus konstantse koormuse korral<\/strong>. Test h\u00f5lmab j\u00e4rgmist protsessi:<\/p>\n<ul>\n<li>Teibiriba kantakse kontrollitud tingimustes tavalisele teraspaneelile.<\/li>\n<li>Lindi vaba otsa k\u00fclge kinnitatakse standardmass, et rakendada p\u00fcsivat koormust.<\/li>\n<li>Seej\u00e4rel asetatakse paneel vertikaalselt ja registreeritakse aeg, mis kulub lindi l\u00e4bikukkumisele (st libisemisele v\u00f5i t\u00e4ielikule eraldumisele pinnast).<\/li>\n<\/ul>\n<p>See katse aitab simuleerida tegelikke tingimusi, kus teibidele v\u00f5ivad m\u00f5juda j\u00f5ud, mis v\u00f5ivad p\u00f5hjustada liimi rikkeid. . <strong>Tape Holding Power Tester<\/strong> on v\u00f5imeline katsetama mitmesuguseid r\u00f5hutundlikke teipideid, sealhulgas t\u00f6\u00f6stus-, meditsiini- ja tarbijarakendustes kasutatavaid teipe.<\/p>\n<h2><strong>Katsemeetodid<\/strong><\/h2>\n<h3><strong>ASTM D3654<\/strong><\/h3>\n<p>The <strong>ASTM D3654<\/strong> standard on \u00fcks k\u00f5ige laialdasemalt tunnustatud meetoditest r\u00f5hutundlike teipide nihketakistuse katsetamiseks. Vastavalt ASTM D3654:<\/p>\n<ul>\n<li>Lindi kinnitatakse standardse teraspaneeli k\u00fclge ja sellele rakendatakse konstantset massi kindla nurga all.<\/li>\n<li>Tester m\u00f5\u00f5dab <strong>aeg kuni eba\u00f5nnestumiseni<\/strong> v\u00f5i <strong>libisemise suurus<\/strong> mis tekib, kui lindi suhtes rakendatakse pidevat nihkepinget.<\/li>\n<li>Selle meetodiga hinnatakse liimi v\u00f5imet panna libisemisele pinge all vastu, mis annab kvantitatiivse m\u00f5\u00f5tme <strong>hoidev\u00f5ime<\/strong>.<\/li>\n<\/ul>\n<h3><strong>PSTC-107<\/strong><\/h3>\n<p>The <strong>PSTC-107<\/strong> on teine kriitiline t\u00f6\u00f6stusstandard r\u00f5hutundlike teipide pidavuse testimiseks. See standard m\u00e4\u00e4rab kindlaks, kuidas m\u00f5\u00f5ta teipide v\u00f5imet taluda kleeppinnaga paralleelselt rakendatud j\u00f5udu, mis j\u00e4ljendab tegeliku kasutamise ajal esinevaid tingimusi.<\/p>\n<ul>\n<li>Nagu ASTM D3654, <strong>PSTC-107<\/strong> hindab <strong>aeg kuni eba\u00f5nnestumiseni<\/strong> v\u00f5i <strong>libisemise suurus<\/strong> mis tekib konkreetse massi rakendamisel.<\/li>\n<li>See tagab, et erinevates toodetes kasutatavad teibid s\u00e4ilitavad oma liimiomadused p\u00fcsivate koormustingimuste korral aja jooksul.<\/li>\n<\/ul>\n<p>M\u00f5lemad <strong>ASTM D3654<\/strong> ja <strong>PSTC-107<\/strong> on olulised standardid r\u00f5hutundlike liimide toimivuse ja usaldusv\u00e4\u00e4rsuse tagamiseks.<\/p>\n<h2><strong>Eelised<\/strong><\/h2>\n<ul>\n<li><strong>T\u00e4pne m\u00f5\u00f5tmine<\/strong>: Mikrokontrolleril p\u00f5hineva ajastuss\u00fcsteemiga tagab lindi pidamise v\u00f5imsuse tester t\u00e4psed ja korratavad tulemused.<\/li>\n<li><strong>Kohandatavad valikud<\/strong>: Tester on konfigureeritav mitme testimisjaamaga, mis muudab selle ideaalseks suure l\u00e4bilaskev\u00f5imega testimiseks suuremahulistes tootmiskeskkondades.<\/li>\n<li><strong>Mitmek\u00fclgne temperatuuri reguleerimine<\/strong>: Tester on kohandatav kasutamiseks erinevates temperatuuritingimustes, et simuleerida tegelikke keskkonnategureid.<\/li>\n<li><strong>Lihtne kasutajaliides<\/strong>: Kasutajas\u00f5bralik LCD-ekraan koos aja lukustamisega v\u00f5imaldab selget ja lihtsat katsetulemuste j\u00e4lgimist.<\/li>\n<li><strong>Usaldusv\u00e4\u00e4rsed tulemused<\/strong>: Tester annab j\u00e4rjepidevaid andmeid teipide liimitugevuse kohta, aidates tootjatel t\u00e4ita kvaliteedi tagamise n\u00f5udeid.<\/li>\n<\/ul>\n<h2><strong>Standardid<\/strong><\/h2>\n<p>The <strong>Tape Holding Power Tester<\/strong> on kavandatud vastama j\u00e4rgmistele peamistele t\u00f6\u00f6stusstandarditele:<\/p>\n<ul>\n<li><a href=\"https:\/\/www.astm.org\/d3654_d3654m-06r19.html\" target=\"_blank\" rel=\"noopener nofollow\"><strong>ASTM D3654<\/strong><\/a>: Survetundlike teipide nihkekinnituse standardmeetod.<\/li>\n<li><a href=\"https:\/\/pstc.org\/resources\/test-methods\/\" target=\"_blank\" rel=\"noopener nofollow\"><strong>PSTC-107<\/strong><\/a>: Standardne katsemeetod r\u00f5hutundlike teipide pidamisv\u00f5ime m\u00e4\u00e4ramiseks pideva pinge all.<\/li>\n<li><strong>JIS Z0237<\/strong>: Jaapani t\u00f6\u00f6stusstandard kleeplindi katsetamiseks.<\/li>\n<li><strong>GT\/T 4851<\/strong>: Hiina standard r\u00f5hutundliku lindi katsetamiseks.<\/li>\n<\/ul>\n<p>Need standardid tagavad, et <strong>Tape Holding Power Tester<\/strong> pakub t\u00e4pseid ja usaldusv\u00e4\u00e4rseid tulemusi, mis vastavad \u00fclemaailmsetele t\u00f6\u00f6stusn\u00f5uetele.<\/p>\n<h2><strong>Peamised parameetrid<\/strong><\/h2>\n<table>\n<tbody>\n<tr>\n<td style=\"text-align: center;\" width=\"105\">Mudelid<\/td>\n<td style=\"text-align: center;\" width=\"50\"><strong>LAT-5<\/strong><\/td>\n<td style=\"text-align: center;\" width=\"58\"><strong>LAT-10<\/strong><\/td>\n<td style=\"text-align: center;\" width=\"58\"><strong>LAT-20<\/strong><\/td>\n<td style=\"text-align: center;\" width=\"58\"><strong>LAT-30<\/strong><\/td>\n<td style=\"text-align: center;\" width=\"65\"><strong>LAT-5TC<\/strong><\/td>\n<td style=\"text-align: center;\" width=\"73\"><strong>LAT-10TC<\/strong><\/td>\n<\/tr>\n<tr>\n<td style=\"text-align: center;\" width=\"105\">Katsejaamad<\/td>\n<td style=\"text-align: center;\" width=\"50\">5<\/td>\n<td style=\"text-align: center;\" width=\"58\">10<\/td>\n<td style=\"text-align: center;\" width=\"58\">20<\/td>\n<td style=\"text-align: center;\" width=\"58\">30<\/td>\n<td style=\"text-align: center;\" width=\"65\">5<\/td>\n<td style=\"text-align: center;\" width=\"73\">10<\/td>\n<\/tr>\n<tr>\n<td style=\"text-align: center;\" width=\"105\">Temperatuur. Range<\/td>\n<td style=\"text-align: center;\" colspan=\"4\" rowspan=\"1\" width=\"224\">EI KOHALDATA<\/td>\n<td style=\"text-align: center;\" colspan=\"2\" rowspan=\"1\" width=\"138\">Keskkond ~80 \u2103<\/td>\n<\/tr>\n<tr>\n<td style=\"text-align: center;\" width=\"105\">Katseaeg<\/td>\n<td style=\"text-align: center;\" colspan=\"6\" rowspan=\"1\" width=\"362\">0~99H99M99S<\/td>\n<\/tr>\n<tr>\n<td style=\"text-align: center;\" width=\"105\">Katse mass<\/td>\n<td style=\"text-align: center;\" colspan=\"6\" rowspan=\"1\" width=\"362\">1000\u00b15g<\/td>\n<\/tr>\n<tr>\n<td style=\"text-align: center;\" width=\"105\">Paneel<\/td>\n<td style=\"text-align: center;\" colspan=\"6\" rowspan=\"1\" width=\"362\">60*40*1.5 LWD<\/td>\n<\/tr>\n<tr>\n<td style=\"text-align: center;\" width=\"105\">V\u00f5imsus<\/td>\n<td style=\"text-align: center;\" colspan=\"6\" rowspan=\"1\" width=\"362\">AC 220V 50Hz<\/td>\n<\/tr>\n<tr>\n<td style=\"text-align: center;\" colspan=\"7\" rowspan=\"1\" width=\"467\">Rulli spetsifikatsioon<\/td>\n<\/tr>\n<tr>\n<td style=\"text-align: center;\" width=\"105\">Rull<\/td>\n<td style=\"text-align: center;\" colspan=\"6\" rowspan=\"1\" width=\"362\">2000g\u00b150g<\/td>\n<\/tr>\n<tr>\n<td style=\"text-align: center;\" width=\"105\">L\u00e4bim\u00f5\u00f5t<\/td>\n<td style=\"text-align: center;\" colspan=\"6\" rowspan=\"1\" width=\"362\">85\u00b12,5 mm<\/td>\n<\/tr>\n<tr>\n<td style=\"text-align: center;\" width=\"105\">Laius<\/td>\n<td style=\"text-align: center;\" colspan=\"6\" rowspan=\"1\" width=\"362\">45\u00b11,5 mm<\/td>\n<\/tr>\n<tr>\n<td style=\"text-align: center;\" width=\"105\">Kaut\u0161uk<\/td>\n<td style=\"text-align: center;\" colspan=\"6\" rowspan=\"1\" width=\"362\">paksus 6 mm, Shore'i k\u00f5vadus 80 \u00b1 5\u00b0.<\/td>\n<\/tr>\n<\/tbody>\n<\/table>\n<p style=\"text-align: left;\">The <strong>Tape Holding Power Tester<\/strong> on h\u00e4davajalik vahend iga t\u00f6\u00f6stusharu jaoks, mis s\u00f5ltub r\u00f5hutundlike liimide j\u00f5udlusest. Pakkudes t\u00e4pset katsetamist vastavalt \u00fclemaailmsetele standarditele, nagu n\u00e4iteks <strong>ASTM D3654<\/strong> ja <strong>PSTC-107<\/strong>, see tagab, et lindid ja etiketid vastavad n\u00f5utavatele toimivuskriteeriumidele. See tester aitab tootjatel tagada liimitoodete vastupidavuse, usaldusv\u00e4\u00e4rsuse ja kvaliteedi, olenemata sellest, kas need on m\u00f5eldud pakendite, meditsiini- v\u00f5i farmaatsiatoodete v\u00f5i liimide jaoks.<\/p>\n<div id=\"gtx-anchor\" style=\"position: absolute; visibility: hidden; left: 294.078px; top: 69.5156px; width: 22.3906px; height: 19px;\"><\/div>\n<div class=\"jfk-bubble gtx-bubble\" style=\"visibility: visible; left: -362px; top: 99px; opacity: 1;\" role=\"alertdialog\" aria-describedby=\"bubble-2\">\n<div id=\"bubble-2\" class=\"jfk-bubble-content-id\">\n<div id=\"gtx-host\" style=\"min-width: 200px; max-width: 400px;\"><\/div>\n<\/div>\n<div class=\"jfk-bubble-closebtn-id jfk-bubble-closebtn\" tabindex=\"0\" role=\"button\" aria-label=\"Sulge\"><\/div>\n<div class=\"jfk-bubble-arrow-id jfk-bubble-arrow jfk-bubble-arrowup\" style=\"left: 305.078px;\">\n<div class=\"jfk-bubble-arrowimplbefore\"><\/div>\n<div class=\"jfk-bubble-arrowimplafter\"><\/div>\n<\/div>\n<\/div>","protected":false},"excerpt":{"rendered":"<p>The <strong>Tape Holding Power Tester<\/strong> on oluline katseseade, mis on m\u00f5eldud r\u00f5hutundlike teipide ja etikettide kleepumistugevuse m\u00f5\u00f5tmiseks pideva koormuse tingimustes. Sellega hinnatakse kleeplintide v\u00f5imet libisemisele vastu seista ja s\u00e4ilitada oma sidet koormuse korral, mist\u00f5ttu on see oluline vahend t\u00f6\u00f6stusharudes, mis s\u00f5ltuvad kleeplindi j\u00f5udlusest, nagu n\u00e4iteks pakendid, meditsiin, ravimid ja muud t\u00f6\u00f6stusharud.<\/p>","protected":false},"featured_media":6298,"comment_status":"closed","ping_status":"closed","template":"","meta":{"site-sidebar-layout":"default","site-content-layout":"default","ast-global-header-display":"","ast-main-header-display":"","ast-hfb-above-header-display":"","ast-hfb-below-header-display":"","ast-hfb-mobile-header-display":"","site-post-title":"","ast-breadcrumbs-content":"","ast-featured-img":"","footer-sml-layout":"","theme-transparent-header-meta":"default","adv-header-id-meta":"","stick-header-meta":"","header-above-stick-meta":"","header-main-stick-meta":"","header-below-stick-meta":""},"product_cat":[845,1172,949,673,130,95],"product_tag":[],"class_list":{"0":"post-5247","1":"product","2":"type-product","3":"status-publish","4":"has-post-thumbnail","6":"product_cat-customization","7":"product_cat-jis-z0237","8":"product_cat-pstc-107","9":"product_cat-adhesive-tester","10":"product_cat-astm-d3654","11":"product_cat-products","12":"desktop-align-left","13":"tablet-align-left","14":"mobile-align-left","16":"first","17":"instock","18":"shipping-taxable","19":"product-type-simple"},"_links":{"self":[{"href":"https:\/\/www.qualitester.com\/et\/wp-json\/wp\/v2\/product\/5247","targetHints":{"allow":["GET"]}}],"collection":[{"href":"https:\/\/www.qualitester.com\/et\/wp-json\/wp\/v2\/product"}],"about":[{"href":"https:\/\/www.qualitester.com\/et\/wp-json\/wp\/v2\/types\/product"}],"replies":[{"embeddable":true,"href":"https:\/\/www.qualitester.com\/et\/wp-json\/wp\/v2\/comments?post=5247"}],"version-history":[{"count":0,"href":"https:\/\/www.qualitester.com\/et\/wp-json\/wp\/v2\/product\/5247\/revisions"}],"wp:featuredmedia":[{"embeddable":true,"href":"https:\/\/www.qualitester.com\/et\/wp-json\/wp\/v2\/media\/6298"}],"wp:attachment":[{"href":"https:\/\/www.qualitester.com\/et\/wp-json\/wp\/v2\/media?parent=5247"}],"wp:term":[{"taxonomy":"product_cat","embeddable":true,"href":"https:\/\/www.qualitester.com\/et\/wp-json\/wp\/v2\/product_cat?post=5247"},{"taxonomy":"product_tag","embeddable":true,"href":"https:\/\/www.qualitester.com\/et\/wp-json\/wp\/v2\/product_tag?post=5247"}],"curies":[{"name":"wp","href":"https:\/\/api.w.org\/{rel}","templated":true}]}}