{"id":5242,"date":"2024-11-06T12:02:30","date_gmt":"2024-11-06T04:02:30","guid":{"rendered":"https:\/\/www.qualitester.com\/?post_type=product&#038;p=5242"},"modified":"2024-12-05T09:52:23","modified_gmt":"2024-12-05T01:52:23","slug":"sale-internal-bond-tester-iso-16260","status":"publish","type":"product","link":"https:\/\/www.qualitester.com\/et\/toode\/sale-internal-bond-tester-iso-16260\/","title":{"rendered":"BGT-01 sisemine sideme tester"},"content":{"rendered":"<h2><strong>Sissejuhatus Sisemine sideme tester<\/strong><\/h2>\n<p>The <strong>BGT-01 sisemine sideme tester<\/strong> on t\u00e4iustatud seade, mis on m\u00f5eldud paberi- v\u00f5i kartongiproovi kiireks delaminatsiooniks vajaliku energia m\u00f5\u00f5tmiseks. <strong>Z-suunaline<\/strong>. See katse simuleerib kiireid p\u00f5rutusi ja l\u00f6\u00f6kkoormusi, mida paber- ja kartongitooted v\u00f5ivad l\u00e4bida selliste protsesside k\u00e4igus nagu tr\u00fckkimine v\u00f5i \u00fcmbert\u00f6\u00f6tlemine. . <strong>Sisemine sideme tester<\/strong> kasutab kindlaksm\u00e4\u00e4ratud massi ja kiirusega pendlit, et algatada rebenemine, mist\u00f5ttu on see ideaalne vahend materjali vastupidavuse hindamiseks sisepingetele.<\/p>\n<p>BGT-01 sobib ideaalselt erinevate paberi- ja pappmaterjalide, sealhulgas \u00fche- ja mitmekihilise paberi, kaetud lehtede ja s\u00fcnteetiliste pol\u00fcmeerikiledega lamineeritud kartongide katsetamiseks. See sobib eriti h\u00e4sti materjalide jaoks, mis on allutatud <strong>Z-suunalised kiired l\u00f6\u00f6gid<\/strong>, n\u00e4iteks pakendid, tr\u00fckkimine ja muud t\u00f6\u00f6stuslikud rakendused, kus vastupidavus on kriitilise t\u00e4htsusega.<\/p>\n<h2><strong>Katsemeetodid: ISO 16260 ja standardid<\/strong><\/h2>\n<h3><strong><a href=\"https:\/\/www.iso.org\/standard\/56038.html\" target=\"_blank\" rel=\"noopener nofollow\">ISO 16260<\/a>: Rahvusvaheline standard sisemiste sidemete testimiseks<\/strong><\/h3>\n<p><a href=\"https:\/\/www.qualitester.com\/et\/tootekategooria\/iso\/iso-16260\/\" target=\"_blank\" rel=\"noopener\"><strong>ISO 16260<\/strong><\/a> m\u00e4\u00e4rab kindlaks katsemeetodi paberi ja pappmaterjalide sisemise sidumistugevuse m\u00f5\u00f5tmiseks. K\u00e4esolev standard m\u00e4\u00e4ratleb katsete l\u00e4biviimise korra, mille puhul kasutatakse pendlil\u00f6\u00f6ki proovi lahtil\u00f5ikamiseks, millega hinnatakse materjali tugevust kiire, lokaliseeritud pinge all. Simuleerides reaalseid tingimusi, kus paber ja papp on l\u00f6\u00f6kkoormuse all, <strong>ISO 16260<\/strong> aitab tagada, et materjalid on vastupidavad ja usaldusv\u00e4\u00e4rsed.<\/p>\n<ul>\n<li><strong>Katseprotsess<\/strong>: Sisemise sideme tugevust m\u00f5\u00f5detakse, vabastades pendli, millel on fikseeritud mass, mis l\u00f6\u00f6b proovi kindlaksm\u00e4\u00e4ratud kiirusega, algatades delaminatsiooni proovis. <strong>Z-suunaline<\/strong>.<\/li>\n<li><strong>Asjakohasus<\/strong>: See standard on oluline tagamaks, et paberi- ja pappmaterjalid on v\u00f5imelised vastu pidama tootmise, pakendamise ja transpordi k\u00e4igus tekkivatele l\u00f6\u00f6kidele. Vastavus <strong>ISO 16260<\/strong> on paberi-, pakendi- ja sellega seotud t\u00f6\u00f6stusharude tootjate jaoks oluline, et tagada toodete j\u00f5udlus ja kvaliteet.<\/li>\n<\/ul>\n<h3><strong>T\u00e4iendavad asjakohased standardid<\/strong><\/h3>\n<ul>\n<li><strong>TAPPI T569<\/strong>: Tselluloosi- ja paberit\u00f6\u00f6stuse tehnilise assotsiatsiooni poolt v\u00e4lja t\u00f6\u00f6tatud standard, mis keskendub pappmaterjalide delaminatsioonile kontrollitud pendli l\u00f6\u00f6gij\u00f5udude m\u00f5jul.<\/li>\n<li><strong>GB\/T 26203<\/strong>: Hiina standard, mis m\u00e4\u00e4ratleb paberi- ja kartongmaterjalide sisemise sideme testimise, mis on koosk\u00f5las rahvusvaheliste testimisprotokollidega.<\/li>\n<li><strong>QB\/T 5558<\/strong>: Hiina standard, mis reguleerib paberi- ja pappmaterjalide sisemise sideme tugevuse katsetamist, tagades, et need vastavad pakendamiseks n\u00f5utavatele omadustele.<\/li>\n<\/ul>\n<h2><strong>BGT-01 sisemise sideme testeri omadused ja eelised<\/strong><\/h2>\n<ul>\n<li><strong>Automaatne pendli vabastamine<\/strong>: BGT-01 <strong>Sisemine sideme tester<\/strong> on varustatud automaatse pendlilahendusmehhanismiga, mis tagab iga kord j\u00e4rjepidevad ja korratavad katsetulemused. See funktsioon suurendab t\u00e4psust ja usaldusv\u00e4\u00e4rsust.<\/li>\n<li><strong>K\u00f5rge resolutsioon ja t\u00e4psus<\/strong>: Seadmel on andmete kogumise lahutusv\u00f5ime 0,001 lbf\/in\u00b2, mis on varustatud suure t\u00e4psusega 5000-pulssilise kodeerijaga. See v\u00f5imaldab \u00fcksikasjalikke m\u00f5\u00f5tmisi sisemise sideme tugevuse kohta, mis tagab, et isegi v\u00e4ikesed erinevused materjali toimivuses on tuvastatavad.<\/li>\n<li><strong>Enesekalibreerimise t\u00f6\u00f6riist<\/strong>: BGT-01 <strong>Sisemine sideme tester <\/strong>on kaasas spetsiaalne 5-tasemeline kalibreerimisvahendite komplekt (lisatarvik), mis v\u00f5imaldab lihtsat kalibreerimist, et s\u00e4ilitada optimaalne j\u00f5udlus ja t\u00e4psus aja jooksul.<\/li>\n<li><strong>Paindlik \u00fcksuse vahetamine<\/strong>: The <strong>Sisemine sideme tester <\/strong>pakub mitmek\u00fclgsust, v\u00f5imaldades vahetada m\u00f5\u00f5tmis\u00fchikute vahel, sealhulgas J\/M\u00b2 ja lbf\/in\u00b2, mis muudab selle kohandatavaks vastavalt erinevatele t\u00f6\u00f6stusn\u00f5uetele.<\/li>\n<li><strong>Kasutajas\u00f5bralik kasutajaliides<\/strong>: 5,0-tolline v\u00e4rviline puutetundlik kasutajaliides on intuitiivne, kuvab reaalajas katseandmeid ning v\u00f5imaldab h\u00f5lpsasti liikuda katse seadete, tulemuste ja t\u00f6\u00f6re\u017eiimide vahel.<\/li>\n<li><strong>T\u00e4iustatud tarkvara andmet\u00f6\u00f6tluseks<\/strong>: Valikuline arvutiga \u00fchendatav tarkvara on saadaval t\u00e4iustatud andmet\u00f6\u00f6tluseks, anal\u00fc\u00fcsiks ja aruannete koostamiseks. See v\u00f5imaldab h\u00f5lpsasti hallata katseandmeid, dokumenteerida tulemusi ja teha edasist anal\u00fc\u00fcsi kvaliteedi tagamise v\u00f5i teadus- ja arendustegevuse eesm\u00e4rgil.<\/li>\n<li><strong>Modulaarne termoprinter<\/strong>: BGT-01-sse on integreeritud termoprinter, mis v\u00f5imaldab kasutajatel testitulemusi kohe v\u00e4lja printida. See modulaarne funktsioon lihtsustab katsetulemuste salvestamist ja jagamist, ilma et oleks vaja v\u00e4list seadet.<\/li>\n<\/ul>\n<h2><strong>Rakendused<\/strong><\/h2>\n<ul>\n<li><strong>Pakendit\u00f6\u00f6stus<\/strong>: BGT-01 kasutatakse laialdaselt selliste materjalide testimiseks nagu karbiplaadid, hallid plaadid, elevandiluuplaadid ja s\u00fcnteetilised pol\u00fcmeeriga kaetud paberid. Neil materjalidel peab olema k\u00f5rge sisemine liimitugevus, et nad peaksid vastu pakkimise, ladustamise ja transpordi k\u00e4igus tekkivatele mehaanilistele pingetele.<\/li>\n<li><strong>Paberi tootmine<\/strong>: BGT-01 sobib ideaalselt paberimaterjalide kvaliteedi ja vastupidavuse hindamiseks ning sobib nii \u00fche- kui ka mitmekihilise paberi, samuti kaetud lehtede jaoks, mida tavaliselt kasutatakse erinevates pabertoodetes ja pakendites.<\/li>\n<li><strong>Tekstiilid ja meditsiiniseadmete pakendid<\/strong>: Sisemise sideme testija kasutatakse t\u00f6\u00f6stusharudes, kus paberi- ja pappmaterjalid peavad n\u00e4itama vastupidavust kiiretele l\u00f6\u00f6kidele, n\u00e4iteks meditsiiniseadmete v\u00f5i tekstiilide pakendimaterjalid.<\/li>\n<li><strong>Kvaliteedikontroll ja kvaliteedi tagamine<\/strong>: Kvaliteedi tagamise laborid usaldavad BGT-01 sisemise sideme tugevuse j\u00e4rjekindlaks testimiseks ja hindamiseks, tagades, et tooted vastavad t\u00f6\u00f6stusstandarditele ja kliendi n\u00f5uetele.<\/li>\n<\/ul>\n<h2><strong>Peamised parameetrid<\/strong><\/h2>\n<table>\n<tbody>\n<tr>\n<td width=\"224\">Valimi suurus<\/td>\n<td width=\"227\">25.4*25.4mm (viis r\u00fchma)<\/td>\n<\/tr>\n<tr>\n<td width=\"224\">Proovi hoidev j\u00f5ud<\/td>\n<td width=\"227\">0~400N (reguleeritav)<\/td>\n<\/tr>\n<tr>\n<td width=\"224\">Proovi r\u00f5hu vahemik<\/td>\n<td width=\"227\">0~65kg\/cm\u00b2<\/td>\n<\/tr>\n<tr>\n<td width=\"224\">L\u00f6\u00f6ginurk<\/td>\n<td width=\"227\">90\u00b0<\/td>\n<\/tr>\n<tr>\n<td width=\"224\">Resolutsioon<\/td>\n<td width=\"227\">0,001lbf\/in\u00b2<\/td>\n<\/tr>\n<tr>\n<td colspan=\"1\" rowspan=\"3\" width=\"224\">M\u00f5\u00f5tmisvahemik<\/td>\n<td width=\"227\">A: 0-500J\/M\u00b2<\/td>\n<\/tr>\n<tr>\n<td width=\"227\">B: 500~1000J\/M\u00b2<\/td>\n<\/tr>\n<tr>\n<td width=\"227\">C: 1000~1500J\/M2<\/td>\n<\/tr>\n<tr>\n<td width=\"224\">M\u00e4rge Viga<\/td>\n<td width=\"227\">A: \u00b11J\/M\u00b2 B: \u00b12J\/M\u00b2 C: \u00b15J\/M\u00b2<\/td>\n<\/tr>\n<tr>\n<td width=\"224\">\u00dcksus<\/td>\n<td width=\"227\">lb-ft\/in\u00b2, J\/M\u00b2<\/td>\n<\/tr>\n<tr>\n<td width=\"224\">M\u00f5\u00f5tmed<\/td>\n<td width=\"227\">450m\u00d7380cm\u00d7600mm<\/td>\n<\/tr>\n<tr>\n<td width=\"224\">V\u00f5imsus<\/td>\n<td width=\"227\">AC 220V 50Hz<\/td>\n<\/tr>\n<tr>\n<td width=\"224\"><\/td>\n<td width=\"227\"><\/td>\n<\/tr>\n<tr>\n<td colspan=\"2\" rowspan=\"1\" width=\"451\"><strong>N\u00e4idisl\u00f5ikuri spetsifikatsioon<\/strong><\/td>\n<\/tr>\n<tr>\n<td width=\"224\">Prooviv\u00f5tu suurus<\/td>\n<td width=\"227\">25.4mm*140mm<\/td>\n<\/tr>\n<tr>\n<td width=\"224\">Kahe pika k\u00fclje paralleelsus<\/td>\n<td width=\"227\">\u22640.015mm<\/td>\n<\/tr>\n<tr>\n<td width=\"224\">Prooviv\u00f5tu paksus<\/td>\n<td width=\"227\">(0,05~1,2) mm<\/td>\n<\/tr>\n<tr>\n<td width=\"224\">M\u00f5\u00f5tmed<\/td>\n<td width=\"227\">Umbes 580*150*620mm<\/td>\n<\/tr>\n<tr>\n<td width=\"224\">Kaal<\/td>\n<td width=\"227\">Umbes 15kg<\/td>\n<\/tr>\n<\/tbody>\n<\/table>\n<h2><strong>BGT-01 sisemise sideme testeri kasutamise eelised<\/strong><\/h2>\n<ul>\n<li><strong>T\u00e4psus ja usaldusv\u00e4\u00e4rsus<\/strong>: BGT-01 tagab t\u00e4nu oma k\u00f5rgele t\u00e4psusele ja t\u00e4iustatud funktsioonidele t\u00e4psed ja korratavad tulemused, v\u00f5imaldades tootjatel t\u00e4ita rangeid t\u00f6\u00f6stusstandardeid.<\/li>\n<li><strong>Vastavus standardile ISO 16260<\/strong>: BGT-01 vastab t\u00e4ielikult <strong>ISO 16260<\/strong>, mis teeb sellest olulise vahendi neile, kes peavad vastama rahvusvahelistele katsestandarditele.<\/li>\n<li><strong>Mitmek\u00fclgne ja lihtne kasutada<\/strong>: BGT-01 pakub mitmek\u00fclgset ja kasutajas\u00f5bralikku kasutuskogemust nii teadus- ja arendustegevuseks, kvaliteedikontrolliks kui ka tootmise katsetamiseks, kuna see v\u00f5imaldab t\u00f6\u00f6delda erinevaid paberi- ja kartongmaterjale.<\/li>\n<li><strong>Parem tootekvaliteet<\/strong>: Tagades, et materjalid vastavad sisemise sideme tugevuse n\u00f5uetele, aitab BGT-01 parandada paberi, kartongi ja pakenditoodete kvaliteeti ja vastupidavust.<\/li>\n<\/ul>\n<h2><strong>Miks valida BGT-01 sisemine sideme tester?<\/strong><\/h2>\n<ul>\n<li><strong>Paberi- ja pakenditootjatele<\/strong>: BGT-01 tagab, et materjalidel on sisemine tugevus, mis on vajalik kiirete l\u00f6\u00f6kide talumiseks k\u00e4itlemise, t\u00f6\u00f6tlemise ja transpordi ajal. See on kriitilise t\u00e4htsusega toodete pakendamisel, mis peavad toimima pingelistes tingimustes.<\/li>\n<li><strong>Teadus- ja arendustegevuse jaoks<\/strong>: Paberi tootmise v\u00f5i materjaliteadusega tegelevad uurimis- ja arendusmeeskonnad leiavad, et BGT-01 on h\u00e4davajalik uute paberi- ja kartongivormide sisemise sideme tugevuse t\u00e4pseks m\u00f5\u00f5tmiseks.<\/li>\n<li><strong>Kvaliteedikontrolli ja kvaliteedi tagamise jaoks<\/strong>: T\u00e4nu oma kasutusmugavusele, automatiseeritud funktsioonidele ja suurele t\u00e4psusele on BGT-01 ideaalne valik kvaliteedikontrolli laboritele, et s\u00e4ilitada toote kvaliteedi j\u00e4rjepidevus ja \u00f5igusnormide j\u00e4rgimine.<\/li>\n<\/ul>\n<h2><strong>KKK jaotis<\/strong><\/h2>\n<ol>\n<li><strong>Mis on sisemise sideme testija eesm\u00e4rk?<\/strong>\n<ul>\n<li>Sisemise sideme tester m\u00f5\u00f5dab paberi- v\u00f5i kartongiproovide delaminatsiooniks vajalikku energiat Z-suunas. See simuleerib l\u00f6\u00f6kkoormusi ja kokkup\u00f5rkeid, et hinnata materjali vastupidavust.<\/li>\n<\/ul>\n<\/li>\n<li><strong>Mille poolest erineb BGT-01 teistest sisemiste sidemete testimisseadmetest?<\/strong>\n<ul>\n<li>BGT-01 pakub automaatset pendli vabastamist, suurt eraldusv\u00f5imet (0,001 lbf\/in\u00b2), enesekalibreerimist ja v\u00e4rvilist puuteekraani kasutajaliidest. Need omadused tagavad t\u00e4psuse, usaldusv\u00e4\u00e4rsuse ja kasutusmugavuse.<\/li>\n<\/ul>\n<\/li>\n<li><strong>Kas BGT-01 vastab rahvusvahelistele standarditele?<\/strong>\n<ul>\n<li>Jah, BGT-01 vastab j\u00e4rgmistele n\u00f5uetele <strong>ISO 16260<\/strong>, TAPPI T569 ja muudele t\u00f6\u00f6stusstandarditele, tagades, et see vastab eri t\u00f6\u00f6stusharudes n\u00f5utavatele kvaliteedi- ja j\u00f5udluskriteeriumidele.<\/li>\n<\/ul>\n<\/li>\n<li><strong>Kas ma saan BGT-01 kasutada kaetud v\u00f5i lamineeritud materjalide testimiseks?<\/strong>\n<ul>\n<li>Jah, BGT-01 sobib mitmesuguste paberi- ja pappmaterjalide, sealhulgas kaetud ja lamineeritud toodete, n\u00e4iteks s\u00fcnteetiliste pol\u00fcmeerikilede katsetamiseks.<\/li>\n<\/ul>\n<\/li>\n<li><strong>Kas BGT-01-l on tarkvara andmete anal\u00fc\u00fcsimiseks?<\/strong>\n<ul>\n<li>Jah, BGT-01 on v\u00f5imalik \u00fchendada lisavarustuses oleva arvutitarkvaraga, mis v\u00f5imaldab \u00fcksikasjalikku andmet\u00f6\u00f6tlust, anal\u00fc\u00fcsi ja aruannete koostamist, mis sobib ideaalselt kvaliteedikontrolli v\u00f5i teadusuuringute jaoks.<\/li>\n<\/ul>\n<\/li>\n<\/ol>","protected":false},"excerpt":{"rendered":"<p>The <strong>BGT-01 sisemine sideme tester<\/strong> on t\u00e4iustatud seade, mis on m\u00f5eldud paberi- v\u00f5i kartongiproovi kiireks delaminatsiooniks vajaliku energia m\u00f5\u00f5tmiseks. <strong>Z-suunaline<\/strong>. See katse simuleerib kiireid p\u00f5rutusi ja l\u00f6\u00f6kkoormusi, mida paber- ja kartongitooted v\u00f5ivad l\u00e4bida selliste protsesside k\u00e4igus nagu tr\u00fckkimine v\u00f5i \u00fcmbert\u00f6\u00f6tlemine. . <strong>Sisemine sideme tester<\/strong> kasutab kindlaksm\u00e4\u00e4ratud massi ja kiirusega pendlit, et algatada rebenemine, mist\u00f5ttu on see ideaalne vahend materjali vastupidavuse hindamiseks sisepingetele.<\/p>","protected":false},"featured_media":6170,"comment_status":"closed","ping_status":"closed","template":"","meta":{"site-sidebar-layout":"default","site-content-layout":"default","ast-global-header-display":"","ast-main-header-display":"","ast-hfb-above-header-display":"","ast-hfb-below-header-display":"","ast-hfb-mobile-header-display":"","site-post-title":"","ast-breadcrumbs-content":"","ast-featured-img":"","footer-sml-layout":"","theme-transparent-header-meta":"default","adv-header-id-meta":"","stick-header-meta":"","header-above-stick-meta":"","header-main-stick-meta":"","header-below-stick-meta":""},"product_cat":[845,1076,1140,44,95],"product_tag":[],"class_list":{"0":"post-5242","1":"product","2":"type-product","3":"status-publish","4":"has-post-thumbnail","6":"product_cat-customization","7":"product_cat-iso-16260","8":"product_cat-tappi-t569","9":"product_cat-paper-and-board-testers","10":"product_cat-products","11":"desktop-align-left","12":"tablet-align-left","13":"mobile-align-left","15":"first","16":"instock","17":"shipping-taxable","18":"product-type-simple"},"_links":{"self":[{"href":"https:\/\/www.qualitester.com\/et\/wp-json\/wp\/v2\/product\/5242","targetHints":{"allow":["GET"]}}],"collection":[{"href":"https:\/\/www.qualitester.com\/et\/wp-json\/wp\/v2\/product"}],"about":[{"href":"https:\/\/www.qualitester.com\/et\/wp-json\/wp\/v2\/types\/product"}],"replies":[{"embeddable":true,"href":"https:\/\/www.qualitester.com\/et\/wp-json\/wp\/v2\/comments?post=5242"}],"version-history":[{"count":0,"href":"https:\/\/www.qualitester.com\/et\/wp-json\/wp\/v2\/product\/5242\/revisions"}],"wp:featuredmedia":[{"embeddable":true,"href":"https:\/\/www.qualitester.com\/et\/wp-json\/wp\/v2\/media\/6170"}],"wp:attachment":[{"href":"https:\/\/www.qualitester.com\/et\/wp-json\/wp\/v2\/media?parent=5242"}],"wp:term":[{"taxonomy":"product_cat","embeddable":true,"href":"https:\/\/www.qualitester.com\/et\/wp-json\/wp\/v2\/product_cat?post=5242"},{"taxonomy":"product_tag","embeddable":true,"href":"https:\/\/www.qualitester.com\/et\/wp-json\/wp\/v2\/product_tag?post=5242"}],"curies":[{"name":"wp","href":"https:\/\/api.w.org\/{rel}","templated":true}]}}