{"id":5213,"date":"2024-11-05T11:49:02","date_gmt":"2024-11-05T03:49:02","guid":{"rendered":"https:\/\/www.qualitester.com\/?post_type=product&#038;p=5213"},"modified":"2024-12-05T14:44:15","modified_gmt":"2024-12-05T06:44:15","slug":"sale-floor-wiper-friction-testing-instrument","status":"publish","type":"product","link":"https:\/\/www.qualitester.com\/et\/toode\/sale-floor-wiper-friction-testing-instrument\/","title":{"rendered":"MopFric-01 p\u00f5randapuhasti h\u00f5\u00f5rdumise testimise seade"},"content":{"rendered":"<h2>Sissejuhatus p\u00f5randapuhasti h\u00f5\u00f5rdumise testimisseadmesse<\/h2>\n<p>The <strong>P\u00f5randapuhasti h\u00f5\u00f5rdumise testimise seade<\/strong> on t\u00e4iustatud vahend, mis on loodud p\u00f5randapuhastite h\u00f5\u00f5rdeomaduste t\u00e4pseks m\u00f5\u00f5tmiseks reaalsetes tingimustes. H\u00f5\u00f5rdumine on klaasipuhastite j\u00f5udluse kriitiline tegur, mis m\u00f5jutab puhastamise t\u00f5husust, kasutusmugavust ja \u00fcldist kasutajakogemust. Tasakaalustatud h\u00f5\u00f5rdetase tagab, et puhastuslapid libisevad sujuvalt, s\u00e4ilitades samal ajal optimaalse kontakti pinnaga, suurendades puhastamise t\u00f5husust ja v\u00e4hendades kasutaja v\u00e4simust.<\/p>\n<p>See katseseade annab tootjatele olulisi andmeid klaasipuhastite h\u00f5\u00f5rdet\u00f5hususe kohta, mis v\u00f5imaldab neil t\u00e4iustada materjale, parandada disaini ja pakkuda tooteid, mis vastavad k\u00f5rgeimatele kvaliteedistandarditele.<\/p>\n<h2>COF-testimise t\u00e4htsus p\u00f5randapuhasti j\u00f5udluses<\/h2>\n<p><strong>H\u00f5\u00f5rdeteguri (COF) katsetamine<\/strong> on oluline parameeter p\u00f5randapuhastite toimivuse hindamisel. COF-i m\u00f5\u00f5tmisega saavad tootjad \u00fclevaate klaasipuhastite tootmisel kasutatavate erinevate materjalide staatilistest ja kineetilistest h\u00f5\u00f5rdeomadustest. Need andmed aitavad optimeerida h\u00f5\u00f5rdetaset, et tagada klaasipuhastite soovitud puhastust\u00f5husus, vastupidavus ja mugavus erinevates rakendustes.<\/p>\n<h2>ISO 8295 ja ASTM D1894 standardid<\/h2>\n<p>Meie p\u00f5randapuhasti h\u00f5\u00f5rdumise testimise seade j\u00e4rgib COF-testimise peamisi t\u00f6\u00f6stusharu standardeid, sealhulgas <strong>ISO 8295<\/strong> ja <strong>ASTM D1894<\/strong>, tagades usaldusv\u00e4\u00e4rsed ja korratavad katsetulemused.<\/p>\n<ul>\n<li><strong>ISO 8295<\/strong>: K\u00e4esolev rahvusvaheline standard m\u00e4\u00e4rab kindlaks meetodi plastkilede ja -plaatide staatilise ja kineetilise COF m\u00e4\u00e4ramiseks, mis on oluline s\u00fcnteetilistest materjalidest valmistatud klaasipuhastite h\u00f5\u00f5rdeomaduste hindamiseks. ISO 8295 kohaselt tehtavad katsed pakuvad j\u00e4rjepidevat ja standardiseeritud l\u00e4henemist h\u00f5\u00f5rdumise m\u00f5\u00f5tmiseks, mida klaasipuhastid kasutamise ajal kogevad.<\/li>\n<li><strong>ASTM D1894<\/strong>: See laialdaselt tunnustatud standard kirjeldab \u00fcksikasjalikult plastkile ja -lehtede staatilise ja kineetilise COF katsemeetodit, mida kohaldatakse plastist v\u00f5i kaetud pinnaga klaasipuhastite suhtes. ASTM D1894-st kinnipidamisega tagab meie katseseade materjalide v\u00f5rreldavuse ja j\u00e4rjepidevuse, v\u00f5imaldades tootjatel hinnata ja v\u00f5rrelda oma tooteid t\u00f6\u00f6stusstandarditega.<\/li>\n<\/ul>\n<h2>P\u00f5randapuhasti h\u00f5\u00f5rdumise katseseadme katsep\u00f5him\u00f5te ja t\u00f6\u00f6p\u00f5him\u00f5te<\/h2>\n<p>The <strong>P\u00f5randapuhasti h\u00f5\u00f5rdumise testimise seade<\/strong> kasutab kontrollitud mehhanismi, et simuleerida tegelikku klaasipuhasti kasutamist vastassuunalise (edasi-tagasi) liikumise kaudu erinevates koormustingimustes. See m\u00f5\u00f5dab klaasipuhastite poolt \u00fche katsets\u00fckli jooksul rakendatavat kahesuunalist h\u00f5\u00f5rdej\u00f5udu, andes p\u00f5hjalikud h\u00f5\u00f5rdeandmed nii ette- kui ka tagasik\u00e4igu kohta. Suure t\u00e4psusega koormusanduriga varustatud seade m\u00f5\u00f5dab ja kuvab h\u00f5\u00f5rdej\u00f5u v\u00e4\u00e4rtused reaalajas, pakkudes t\u00e4pseid ja usaldusv\u00e4\u00e4rseid andmeid, mis on olulised kvaliteedikontrolliks ja tootearenduseks.<\/p>\n<ul>\n<li><strong>N\u00e4idise seadistus<\/strong>: Seade on projekteeritud nii, et see mahutab erineva suurusega proovi ja v\u00f5imaldab reguleeritavaid kinnitusnurki (45\u00b0 kuni 60\u00b0), et j\u00e4ljendada tegelikke kasutustingimusi.<\/li>\n<li><strong>Mitmek\u00fclgsed katsetingimused<\/strong>: Seadme reguleeritava kiiruse vahemikuga 1 kuni 60 000 mm\/min saab simuleerida erinevaid puhastustingimusi ja materjalit\u00fc\u00fcpe, pakkudes paindlikkust mitmesuguste p\u00f5randapuhastite konstruktsioonide katsetamiseks.<\/li>\n<\/ul>\n<h2>Peamised tehnilised omadused ja eelised<\/h2>\n<ol>\n<li><strong>Kasutajas\u00f5bralik juhtimisliides<\/strong>: 7-tolline puuteekraaniga kasutajaliides pakub intuitiivset juhtimist ja lihtsat j\u00e4lgimist, lihtsustades testimisprotsessi k\u00f5igi tasemete kasutajatele.<\/li>\n<li><strong>T\u00e4iustatud PLC t\u00f6\u00f6stuslik juhtimiss\u00fcsteem<\/strong>: Tagab stabiilsuse ja j\u00e4rjepidevuse kogu testimisprotsessi jooksul, parandades tulemuste t\u00e4psust ja usaldusv\u00e4\u00e4rsust.<\/li>\n<li><strong>K\u00f5rge t\u00e4psusega koormusandur<\/strong>: M\u00f5\u00f5dab h\u00f5\u00f5rdej\u00f5udu 0,5% FS t\u00e4psusega, tagades, et katsetulemused kajastavad t\u00e4pselt toote toimivust.<\/li>\n<li><strong>Kohandatavad testimisparameetrid<\/strong>: Reguleeritavad seaded v\u00f5imaldavad tootjatel katsetada erinevaid parameetreid, n\u00e4iteks kiirust, koormust ja kinnitusnurka, et vastata konkreetsetele katsevajadustele.<\/li>\n<li><strong>Reaalajas andmete kuvamine<\/strong>: N\u00e4itab h\u00f5\u00f5rdej\u00f5u m\u00f5\u00f5tmisi nende toimumise ajal, andes kasutajatele kohese \u00fclevaate oma toodete h\u00f5\u00f5rdet\u00f5hususest.<\/li>\n<li><strong>Paindlike testimiskohtade teisaldatavus<\/strong>: Seade on varustatud ratastega, mis v\u00f5imaldab seda h\u00f5lpsasti liigutada ja teha katseid erinevates seadetes vastavalt vajadusele.<\/li>\n<\/ol>\n<h2>Tehnilised andmed<\/h2>\n<table>\n<tbody>\n<tr>\n<td width=\"194\">M\u00f5\u00f5tmisvahemik<\/td>\n<td width=\"286\">200N (muud saadaval)<\/td>\n<\/tr>\n<tr>\n<td width=\"194\">Testimise t\u00e4psus<\/td>\n<td width=\"286\">0.5%FS<\/td>\n<\/tr>\n<tr>\n<td width=\"194\">Kiirus Reguleeritav<\/td>\n<td width=\"286\">1~60000mm\/min<\/td>\n<\/tr>\n<tr>\n<td width=\"194\">T\u00e4psus<\/td>\n<td width=\"286\">1 mm\/min<\/td>\n<\/tr>\n<tr>\n<td width=\"194\">Koormus<\/td>\n<td width=\"286\">Maksimaalne koormus 10 kg<\/td>\n<\/tr>\n<tr>\n<td width=\"194\">K\u00f5rgus<\/td>\n<td width=\"286\">Sobib 1000~1500 mm proovide jaoks<\/td>\n<\/tr>\n<tr>\n<td width=\"194\">Proovi kinnitusnurk<\/td>\n<td width=\"286\">\u00a045\u00b0~60\u00b0<\/td>\n<\/tr>\n<tr>\n<td width=\"194\">Alusliikumine Stroke<\/td>\n<td width=\"286\">1000 mm<\/td>\n<\/tr>\n<tr>\n<td width=\"194\">Testre\u017eiim<\/td>\n<td width=\"286\">Kolbniiride h\u00f5\u00f5rdumise katsetamine<\/td>\n<\/tr>\n<tr>\n<td width=\"194\">Testi tulemus<\/td>\n<td width=\"286\">Kahesuunaline h\u00f5\u00f5rdej\u00f5ud<\/td>\n<\/tr>\n<tr>\n<td width=\"194\">V\u00f5imsus<\/td>\n<td width=\"286\">110~220V<\/td>\n<\/tr>\n<\/tbody>\n<\/table>\n<h2>P\u00f5randapuhasti h\u00f5\u00f5rdumise testimise seadme rakendused<\/h2>\n<p>The <strong>P\u00f5randapuhasti h\u00f5\u00f5rdumise testimise seade<\/strong> sobib ideaalselt puhastus-, pakendi-, majapidamistoodete ja igap\u00e4evaste kemikaalide tootjatele ning kvaliteedikontrolliasutustele. Selle mitmek\u00fclgsus v\u00f5imaldab hinnata klaasipuhastite toimivust erinevates rakendustes, tagades, et iga toode annab erinevates puhastuskeskkondades usaldusv\u00e4\u00e4rseid ja t\u00f5husaid tulemusi.<\/p>\n<p>P\u00f5randapuhasti h\u00f5\u00f5rdumise testimise seade on t\u00e4pse ja j\u00e4rjepideva h\u00f5\u00f5rdumise andmete esitamise t\u00f5ttu hindamatu v\u00e4\u00e4rtusega vahend tootjatele, kes soovivad optimeerida toote kvaliteeti ja j\u00f5udlust. ISO 8295 ja ASTM D1894 standardiseeritud COF-katsete abil aitab see seade tagada, et p\u00f5randapuhastid vastavad t\u00f6\u00f6stusstandarditele ja \u00fcletavad klientide ootusi, suurendades nii funktsionaalsust kui ka kasutajate rahulolu.<\/p>","protected":false},"excerpt":{"rendered":"<p>The <strong>P\u00f5randapuhasti h\u00f5\u00f5rdumise testimise seade<\/strong> on t\u00e4iustatud vahend, mis on loodud p\u00f5randapuhastite h\u00f5\u00f5rdeomaduste t\u00e4pseks m\u00f5\u00f5tmiseks reaalsetes tingimustes. H\u00f5\u00f5rdumine on klaasipuhastite j\u00f5udluse kriitiline tegur, mis m\u00f5jutab puhastamise t\u00f5husust, kasutusmugavust ja \u00fcldist kasutajakogemust. Tasakaalustatud h\u00f5\u00f5rdetase tagab, et puhastuslapid libisevad sujuvalt, s\u00e4ilitades samal ajal optimaalse kontakti pinnaga, suurendades puhastamise t\u00f5husust ja v\u00e4hendades kasutaja v\u00e4simust.<\/p>","protected":false},"featured_media":6271,"comment_status":"closed","ping_status":"closed","template":"","meta":{"site-sidebar-layout":"default","site-content-layout":"default","ast-global-header-display":"","ast-main-header-display":"","ast-hfb-above-header-display":"","ast-hfb-below-header-display":"","ast-hfb-mobile-header-display":"","site-post-title":"","ast-breadcrumbs-content":"","ast-featured-img":"","footer-sml-layout":"","theme-transparent-header-meta":"default","adv-header-id-meta":"","stick-header-meta":"","header-above-stick-meta":"","header-main-stick-meta":"","header-below-stick-meta":""},"product_cat":[845,938,683,95],"product_tag":[],"class_list":{"0":"post-5213","1":"product","2":"type-product","3":"status-publish","4":"has-post-thumbnail","6":"product_cat-customization","7":"product_cat-textile-tester","8":"product_cat-coefficient-of-friction-tester","9":"product_cat-products","10":"desktop-align-left","11":"tablet-align-left","12":"mobile-align-left","14":"first","15":"instock","16":"shipping-taxable","17":"product-type-simple"},"_links":{"self":[{"href":"https:\/\/www.qualitester.com\/et\/wp-json\/wp\/v2\/product\/5213","targetHints":{"allow":["GET"]}}],"collection":[{"href":"https:\/\/www.qualitester.com\/et\/wp-json\/wp\/v2\/product"}],"about":[{"href":"https:\/\/www.qualitester.com\/et\/wp-json\/wp\/v2\/types\/product"}],"replies":[{"embeddable":true,"href":"https:\/\/www.qualitester.com\/et\/wp-json\/wp\/v2\/comments?post=5213"}],"version-history":[{"count":0,"href":"https:\/\/www.qualitester.com\/et\/wp-json\/wp\/v2\/product\/5213\/revisions"}],"wp:featuredmedia":[{"embeddable":true,"href":"https:\/\/www.qualitester.com\/et\/wp-json\/wp\/v2\/media\/6271"}],"wp:attachment":[{"href":"https:\/\/www.qualitester.com\/et\/wp-json\/wp\/v2\/media?parent=5213"}],"wp:term":[{"taxonomy":"product_cat","embeddable":true,"href":"https:\/\/www.qualitester.com\/et\/wp-json\/wp\/v2\/product_cat?post=5213"},{"taxonomy":"product_tag","embeddable":true,"href":"https:\/\/www.qualitester.com\/et\/wp-json\/wp\/v2\/product_tag?post=5213"}],"curies":[{"name":"wp","href":"https:\/\/api.w.org\/{rel}","templated":true}]}}