{"id":5204,"date":"2024-11-05T11:37:42","date_gmt":"2024-11-05T03:37:42","guid":{"rendered":"https:\/\/www.qualitester.com\/?post_type=product&#038;p=5204"},"modified":"2024-12-05T13:32:19","modified_gmt":"2024-12-05T05:32:19","slug":"sale-automated-torque-tester-astm","status":"publish","type":"product","link":"https:\/\/www.qualitester.com\/et\/toode\/sale-automated-torque-tester-astm\/","title":{"rendered":"MCT-01L automatiseeritud p\u00f6\u00f6rdemomendi tester"},"content":{"rendered":"<h2>Sissejuhatus automaatsesse p\u00f6\u00f6rdemomendi testerisse<\/h2>\n<p>The <strong>Automaatne p\u00f6\u00f6rdemomendi tester<\/strong> on oluline vahend erinevate mahutite, sealhulgas ravimipudelite, PET-pudelite, kottide ja painduvate torude korkide avamis- ja lukustusj\u00f5udude hindamiseks. See katseseade tagab, et korkide sulgemine on turvaline, kuid samal ajal on neid lihtne avada, optimeerides toote ohutust, kvaliteeti ja kasutatavust. T\u00e4nu t\u00e4iustatud automatiseerimisele ja t\u00e4psusele m\u00e4ngib automatiseeritud p\u00f6\u00f6rdemomendi tester olulist rolli kvaliteedikontrollis sellistes t\u00f6\u00f6stusharudes nagu pakendid, ravimid, toiduained ja joogid ning kosmeetikatooted.<\/p>\n<h2>Automaatse p\u00f6\u00f6rdemomendi testija peamised rakendused<\/h2>\n<p>Automaatne p\u00f6\u00f6rdemomendi tester on laialdaselt kasutatav j\u00e4rgmistes valdkondades:<\/p>\n<ul>\n<li><strong>Pakend<\/strong>: Tagada, et korgid j\u00e4\u00e4vad transpordi ajal suletuks, kuid tarbija saab neid h\u00f5lpsasti avada.<\/li>\n<li><strong>Farmaatsiatooted<\/strong>: Lastekindlate korkide ja v\u00f5ltsimiskindlate sulgurite testimine, et need vastaksid ohutusstandarditele.<\/li>\n<li><strong>Toit ja jook<\/strong>: PET-pudelite ja muude pudelit\u00fc\u00fcpide korkide terviklikkuse kontrollimine, et v\u00e4ltida lekkeid ja saastumist.<\/li>\n<li><strong>Kosmeetika ja igap\u00e4evased kemikaalid<\/strong>: Korki sulgemise tugevuse testimine, et suurendada toote pikaealisust ja kasutusmugavust.<\/li>\n<\/ul>\n<h2>Pudelikorkide p\u00f6\u00f6rdemomendi testimine Asjakohased standardid<\/h2>\n<p>The <strong>Automaatne p\u00f6\u00f6rdemomendi tester<\/strong> j\u00e4rgib mitmeid kriitilisi t\u00f6\u00f6stusstandardeid, tagades igak\u00fclgse testimise ja vastavuse erinevates pakendivaldkondades. J\u00e4rgmised standardid on testimisprotsessi lahutamatu osa:<\/p>\n<ul>\n<li><a href=\"https:\/\/www.astm.org\/d2063_d2063m-10r18.html\" target=\"_blank\" rel=\"noopener nofollow\"><strong>ASTM D2063<\/strong><\/a>: K\u00e4esolev standard keskendub plastkorkide avamis- ja sulgemismomendi m\u00f5\u00f5tmisele, eelk\u00f5ige pakendamisrakenduste puhul. See on oluline, et m\u00e4\u00e4rata kindlaks p\u00f6\u00f6rdemomendi v\u00e4\u00e4rtused, mis on vajalikud turvaliste, kuid kergesti avatavate korkide jaoks, tagades nii tarbijate mugavuse kui ka ohutuse.<\/li>\n<li><a href=\"https:\/\/www.astm.org\/d3198-97r02.html\" target=\"_blank\" rel=\"noopener nofollow\"><strong>ASTM D3198<\/strong><\/a>: K\u00e4esolev standard m\u00e4\u00e4rab kindlaks lastekindlate sulgurite p\u00f6\u00f6rdemomendi m\u00f5\u00f5tmise katsemeetodid. See on oluline, et hinnata v\u00f5ltsimiskindlaid pakendeid ja tagada, et sulgurid vastavad ravimite, kemikaalide ja muude tundlike toodete ohutusstandarditele.<\/li>\n<li><a href=\"https:\/\/www.astm.org\/d3474-90r18.html\" target=\"_blank\" rel=\"noopener nofollow\"><strong>ASTM D3474<\/strong><\/a>: See standard k\u00e4sitleb paindlike mahutite, n\u00e4iteks pihustatud kotike, sulgurite p\u00f6\u00f6rdemomendi katsetamist. Sellega tagatakse sulgurite toimivus nii avamis- kui ka sulgemistingimustes, s\u00e4ilitades toote terviklikkuse kogu tarneahelas.<\/li>\n<li><a href=\"https:\/\/std.samr.gov.cn\/gb\/search\/gbDetailed?id=71F772D7F88CD3A7E05397BE0A0AB82A\" target=\"_blank\" rel=\"noopener nofollow\"><strong>GB\/T 17876<\/strong><\/a>: Hiina standard, mis s\u00e4testab suunised pudelite ja mahutite sulgurite p\u00f6\u00f6rdemomendi katsetamiseks. See on koosk\u00f5las rahvusvaheliste tavadega pakendite sulgurite tugevuse ja t\u00f6\u00f6kindluse m\u00f5\u00f5tmiseks erinevates tingimustes.<\/li>\n<li><a href=\"https:\/\/std.samr.gov.cn\/hb\/search\/stdHBDetailed?id=8B1827F18F69BB19E05397BE0A0AB44A\" target=\"_blank\" rel=\"noopener nofollow\"><strong>BB\/T 0025<\/strong><\/a>: See Hiina standard m\u00e4\u00e4rab kindlaks meetodid mahutite sulgurite toimivuse hindamiseks erinevates sulgemis- ja avamistingimustes, tagades, et korgid on nii turvalised kui ka kasutajas\u00f5bralikud.<\/li>\n<li><a href=\"https:\/\/std.samr.gov.cn\/hb\/search\/stdHBDetailed?id=8B1827F24CD5BB19E05397BE0A0AB44A\" target=\"_blank\" rel=\"noopener nofollow\"><strong>BB\/T 0034<\/strong><\/a>: Veel \u00fcks Hiina standard, mis keskendub v\u00f5ltsimiskindlate sulgurite p\u00f6\u00f6rdemomendikindlusele, tagab, et pakendid vastavad toote terviklikkuse ja tarbijakaitse ohutus- ja regulatiivsetele n\u00f5uetele.<\/li>\n<\/ul>\n<h2>Automaatse p\u00f6\u00f6rdemomendi testija testimise protsess<\/h2>\n<p>Automaatne p\u00f6\u00f6rdemomendi tester pakub lihtsat, automatiseeritud protsessi t\u00e4psete ja korratavate tulemuste saamiseks:<\/p>\n<ol>\n<li><strong>Proovi laadimine<\/strong>: Proovipudel v\u00f5i mahuti asetatakse s\u00fcsteemi, kus nii kork kui ka pudel hoitakse kindlalt kinni pneumaatiliste klambritega.<\/li>\n<li><strong>Klammerdamine<\/strong>: CLAMP nupule vajutades l\u00fclituvad pneumaatilised klambrid automaatselt sisse, kinnitades korgi ja pudeli testimiseks paika.<\/li>\n<li><strong>Testimine<\/strong>: Nupu TEST vajutamine k\u00e4ivitab alumise klambri p\u00f6\u00f6rlemise, mis avab v\u00f5i sulgeb korki, s\u00f5ltuvalt testi n\u00f5uetest.<\/li>\n<li><strong>P\u00f6\u00f6rdemomendi m\u00f5\u00f5tmine<\/strong>: P\u00f6\u00f6rlemise ajal salvestab s\u00fcsteem t\u00e4pselt p\u00f6\u00f6rlemisj\u00f5u andmed, andes \u00fclevaate nii tipp- kui ka keskmistest v\u00e4\u00e4rtustest.<\/li>\n<\/ol>\n<p>See protsess v\u00f5imaldab kiiresti anal\u00fc\u00fcsida korgi toimivust, tagades, et pitseerimise v\u00f5i avamise ajal rakendatud p\u00f6\u00f6rdemoment vastab toote kvaliteedi- ja kasutamisn\u00f5uetele.<\/p>\n<h2>Tehnilised omadused ja eelised<\/h2>\n<p>Automaatse p\u00f6\u00f6rdemomendi testija suure j\u00f5udlusega funktsioonid teevad sellest usaldusv\u00e4\u00e4rse lahenduse kvaliteedikontrolliks:<\/p>\n<ul>\n<li><strong>PLC juhitav t\u00f6\u00f6 HMI puuteekraaniga<\/strong>: Kasutajas\u00f5braliku kasutajaliidesega varustatud tester tagab korratava t\u00e4psuse ja j\u00e4rjepidevad tulemused, mis on ideaalne suure tootlikkusega keskkondades.<\/li>\n<li><strong>Automaatne kinnitus ja p\u00f6\u00f6ramine<\/strong>: Tootmistingimusi simuleerides annavad testeri automaatsed kinnitus- ja p\u00f6\u00f6rlemisv\u00f5imalused realistliku hinnangu korkide toimivusele.<\/li>\n<li><strong>Mitme\u00fchiku m\u00f5\u00f5tmisn\u00e4idik<\/strong>: Andmeid saab vaadata erinevates \u00fchikutes (Kgf.cm, N.cm, daN.cm, Inch.lbs ja N.m), mis tagab vastavuse rahvusvahelistele standarditele ja muudab selle kohandatavaks erinevates t\u00f6\u00f6stusharudes.<\/li>\n<li><strong>Tippv\u00e4\u00e4rtuse s\u00e4ilitamine ja andmete logimine<\/strong>: Tester s\u00e4ilitab automaatselt p\u00f6\u00f6rdemomendi tippv\u00e4\u00e4rtused p\u00f5hjaliku anal\u00fc\u00fcsi jaoks ja sisaldab sisseehitatud mikroprinterit andmete kiireks k\u00e4ttesaamiseks. Valikuline RS232-\u00fchendus ja professionaalne tarkvara v\u00f5imaldavad ka digitaalset andmehaldust.<\/li>\n<li><strong>Ohutus ja t\u00f5husus<\/strong>: Sisseehitatud \u00fclekoormuskaitse ja automaatne nullimisfunktsioon suurendavad nii ohutust kui ka m\u00f5\u00f5tmise t\u00e4psust, mist\u00f5ttu sobib tester h\u00e4sti rangete kvaliteedi tagamise rakenduste jaoks.<\/li>\n<\/ul>\n<h2>Vastavus t\u00f6\u00f6stusstandarditele ja eeskirjadele<\/h2>\n<p>Automaatne p\u00f6\u00f6rdemomendi tester on kavandatud vastama mitmete p\u00f5histandardite n\u00f5uetele, sealhulgas <strong>ASTM D2659<\/strong>, <strong>ASTM D4577<\/strong>, <strong>ASTM D642<\/strong>, <strong>ISO 8113<\/strong>, ja <strong>ASTM D4169<\/strong>. Neid standardeid j\u00e4rgides tagab see, et tooted vastavad rangetele kvaliteedi- ja ohutusn\u00f5uetele, pakkudes usaldusv\u00e4\u00e4rset testimislahendust t\u00f6\u00f6stusharudele, mis n\u00f5uavad pakendieeskirjade j\u00e4rgimist.<\/p>\n<h2>KKK jaotis<\/h2>\n<ol>\n<li><strong>Miks on p\u00f6\u00f6rdemomendi testimine pakendamisel oluline?<\/strong><br \/>\nP\u00f6\u00f6rdemomendi testimine tagab, et korgid on kindlalt suletud, kuid samas kasutajas\u00f5bralikud, t\u00e4ites nii ohutus- kui ka tarbijakasutatavusn\u00f5udeid.<\/li>\n<li><strong>Millised on automaatse p\u00f6\u00f6rdemomendi testeri kasutamise eelised v\u00f5rreldes k\u00e4sitsi kasutatava testeriga?<\/strong><br \/>\nAutomaatsed testerid tagavad suurema t\u00e4psuse, korratavuse ja t\u00f5hususe, eriti suurte tootmismahtude puhul.<\/li>\n<li><strong>Kuidas tagab tester vastavuse ASTM D2659 standardile?<\/strong><br \/>\nTester m\u00f5\u00f5dab t\u00e4pselt p\u00f6\u00f6rdemomenti, aidates t\u00e4ita ASTM D2659 standardeid lastekindlate ja v\u00f5ltsimiskindlate sulgurite kohta.<\/li>\n<li><strong>Kas p\u00f6\u00f6rdemomendi tester sobib erinevate korkide suuruste ja materjalidega?<\/strong><br \/>\nJah, tester \u00fchildub paljude erinevate korkide ja materjalidega, tagades mitmek\u00fclgse testimise erinevate toodete puhul.<\/li>\n<li><strong>Kuidas t\u00f6\u00f6tab tippv\u00e4\u00e4rtuse s\u00e4ilitamise funktsioon?<\/strong><br \/>\nTester salvestab ja s\u00e4ilitab iga katse ajal saavutatud maksimaalse p\u00f6\u00f6rdemomendi v\u00e4\u00e4rtuse, mis v\u00f5imaldab \u00fcksikasjalikku anal\u00fc\u00fcsi ja kvaliteedi tagamist.<\/li>\n<\/ol>\n<p>The <strong>Automaatne p\u00f6\u00f6rdemomendi tester<\/strong> on oluline vahend tootjatele, kes soovivad tagada toodete kvaliteeti, ohutust ja \u00f5igusnormidele vastavust. T\u00e4nu automatiseeritud funktsioonidele, rahvusvaheliste standardite j\u00e4rgimisele, nagu n\u00e4iteks <a href=\"https:\/\/www.qualitester.com\/et\/tootekategooria\/astm\/astm-d2659\/\" target=\"_blank\" rel=\"noopener\">ASTM D2659<\/a>, ja usaldusv\u00e4\u00e4rse t\u00e4psusega aitab see tester t\u00e4iustada tootmisprotsesse, s\u00e4ilitades samal ajal erakordsed standardid toote terviklikkuse osas.<\/p>","protected":false},"excerpt":{"rendered":"<p>Tagage toote kvaliteet automaatse p\u00f6\u00f6rdemomendi testeriga. Vastab standardile ASTM D2659 ja muudele olulistele standarditele, et m\u00f5\u00f5ta t\u00e4pselt korkide avanemise ja lukustusj\u00f5u suurust.<\/p>","protected":false},"featured_media":6242,"comment_status":"closed","ping_status":"closed","template":"","meta":{"site-sidebar-layout":"default","site-content-layout":"default","ast-global-header-display":"","ast-main-header-display":"","ast-hfb-above-header-display":"","ast-hfb-below-header-display":"","ast-hfb-mobile-header-display":"","site-post-title":"","ast-breadcrumbs-content":"","ast-featured-img":"","footer-sml-layout":"","theme-transparent-header-meta":"default","adv-header-id-meta":"","stick-header-meta":"","header-above-stick-meta":"","header-main-stick-meta":"","header-below-stick-meta":""},"product_cat":[845,953,956,955,954,957,958,952,959,687,17,16,124,125,128,95],"product_tag":[],"class_list":{"0":"post-5204","1":"product","2":"type-product","3":"status-publish","4":"has-post-thumbnail","6":"product_cat-customization","7":"product_cat-bursting-tester","8":"product_cat-cobb-tester","9":"product_cat-crush-tester","10":"product_cat-paper-tear-tester","11":"product_cat-plybond-tester","12":"product_cat-puncture-tester","13":"product_cat-rub-tester","14":"product_cat-stiffness-tester","15":"product_cat-torque-tester","16":"product_cat-package-container-testers","17":"product_cat-plastic-packaging-testers","18":"product_cat-astm-d2063","19":"product_cat-astm-d3198","20":"product_cat-astm-d3474","21":"product_cat-products","22":"desktop-align-left","23":"tablet-align-left","24":"mobile-align-left","26":"first","27":"instock","28":"shipping-taxable","29":"product-type-simple"},"_links":{"self":[{"href":"https:\/\/www.qualitester.com\/et\/wp-json\/wp\/v2\/product\/5204","targetHints":{"allow":["GET"]}}],"collection":[{"href":"https:\/\/www.qualitester.com\/et\/wp-json\/wp\/v2\/product"}],"about":[{"href":"https:\/\/www.qualitester.com\/et\/wp-json\/wp\/v2\/types\/product"}],"replies":[{"embeddable":true,"href":"https:\/\/www.qualitester.com\/et\/wp-json\/wp\/v2\/comments?post=5204"}],"version-history":[{"count":0,"href":"https:\/\/www.qualitester.com\/et\/wp-json\/wp\/v2\/product\/5204\/revisions"}],"wp:featuredmedia":[{"embeddable":true,"href":"https:\/\/www.qualitester.com\/et\/wp-json\/wp\/v2\/media\/6242"}],"wp:attachment":[{"href":"https:\/\/www.qualitester.com\/et\/wp-json\/wp\/v2\/media?parent=5204"}],"wp:term":[{"taxonomy":"product_cat","embeddable":true,"href":"https:\/\/www.qualitester.com\/et\/wp-json\/wp\/v2\/product_cat?post=5204"},{"taxonomy":"product_tag","embeddable":true,"href":"https:\/\/www.qualitester.com\/et\/wp-json\/wp\/v2\/product_tag?post=5204"}],"curies":[{"name":"wp","href":"https:\/\/api.w.org\/{rel}","templated":true}]}}