{"id":5176,"date":"2024-11-01T14:07:50","date_gmt":"2024-11-01T06:07:50","guid":{"rendered":"https:\/\/www.qualitester.com\/?post_type=product&#038;p=5176"},"modified":"2024-12-05T13:17:08","modified_gmt":"2024-12-05T05:17:08","slug":"sale-box-compression-tester-strenth","status":"publish","type":"product","link":"https:\/\/www.qualitester.com\/et\/toode\/sale-box-compression-tester-strenth\/","title":{"rendered":"BCT-01 karbi kokkusurumise tester"},"content":{"rendered":"<p>The <strong>Karbikompressiooni tester<\/strong> on oluline vahend, mille eesm\u00e4rk on hinnata pakendimaterjalide tugevust, vastupidavust ja vastupidavust v\u00e4listele survetugevustele. See t\u00e4iustatud katseseade m\u00e4ngib olulist rolli sellistes t\u00f6\u00f6stusharudes nagu toidu-, elektroonika-, ravimi- ja pakendit\u00f6\u00f6stus, tagades toodete piisava kaitse transpordi ja ladustamise ajal. Selle k\u00f5rge t\u00e4psus, kasutusmugavus ja rahvusvaheliste standardite j\u00e4rgimine muudavad selle ideaalseks lahenduseks igale ettev\u00f5ttele, kes hindab oma pakendite terviklikkust ja usaldusv\u00e4\u00e4rsust.<\/p>\n<p>Kasutajas\u00f5braliku puuteekraaniga kasutajaliidese, mikroarvuti t\u00f6\u00f6tlemise s\u00fcsteemi ja reaalajas andmete kogumise abil annab karbi survetesti t\u00e4pseid tulemusi paljude materjalide, sealhulgas lainepapptoodete, plastide, metallide ja muude pakendimaterjalide puhul. Tester on m\u00f5eldud rangeks hindamiseks, andes \u00fcksikasjaliku \u00fclevaate nii pakendite survetugevusest kui ka kaitseomadustest virnastamistingimustes.<\/p>\n<h2><strong>Kohaldamise ulatus Box Compression Tester<\/strong><\/h2>\n<p>Kastide survetesti on v\u00f5imeline t\u00f6\u00f6tlema mitmesuguseid pakendites tavaliselt kasutatavaid materjale, alates lainepapist kuni t\u00e4ispuidust kartongi, metalli ja plastini. Sellega hinnatakse iga materjali vastupidavust survev\u00f5imele, mis v\u00f5imaldab tootjatel m\u00f5ista nii pakendi enda tugevust kui ka pakendi pakendi pakutava sisu kaitse taset. See mitmek\u00fclgsus on hindamatu v\u00e4\u00e4rtusega t\u00f6\u00f6stusharude jaoks, mis seavad esikohale kaupade ohutu ja t\u00f5husa transpordi.<\/p>\n<h2><strong>Peamised testimismoodused ja -v\u00f5imalused<\/strong><\/h2>\n<ol>\n<li><strong>Tugevuskatse:<\/strong> Selles re\u017eiimis hinnatakse kasti v\u00f5i mahuti \u00fclimat survetugevust ja deformatsiooni, rakendades j\u00e4rkj\u00e4rgulist r\u00f5hu suurendamist, kuni pakend variseb kokku v\u00f5i deformeerub. See aitab tootjatel m\u00e4\u00e4rata maksimaalse koormuse, mida pakend suudab taluda.<\/li>\n<li><strong>Fikseeritud v\u00e4\u00e4rtuse test:<\/strong> Selles re\u017eiimis m\u00f5\u00f5dab katseseade kasti v\u00f5i mahuti \u00fcldist toimivust, rakendades m\u00e4\u00e4ratud r\u00f5hku ja m\u00f5\u00f5tes sellest tulenevat deformatsiooni. See on eriti kasulik ettev\u00f5tetele, kes peavad j\u00e4rgima oma pakenditele kehtestatud kindlaid tugevusn\u00f5udeid.<\/li>\n<li><strong>Stacking Test:<\/strong> Tester simuleerib lao virnastamiskeskkonda, rakendades p\u00fcsivat, pikaajalist survej\u00f5udu, et hinnata, kui h\u00e4sti pakend toimib realistlikes ladustamistingimustes. See katse on ideaalne, et m\u00f5ista virnastamise stabiilsust ja prognoosida pakendi pikaajalist vastupidavust ladustamisel.<\/li>\n<\/ol>\n<h2><strong>Standardid ja vastavus<\/strong><\/h2>\n<p>Box Compression Tester on ehitatud vastavalt juhtivatele rahvusvahelistele standarditele, tagades, et katsed viiakse l\u00e4bi j\u00e4rjepidevalt ja vastavalt laialdaselt tunnustatud t\u00f6\u00f6stusspetsifikaatidele. Nende standardite j\u00e4rgimine lihtsustab tootjate jaoks regulatiivsete ja kliendi n\u00f5uete t\u00e4itmist mitmetel turgudel.<\/p>\n<ul>\n<li>\n<h3><strong>ISO standardid<\/strong><\/h3>\n<ul>\n<li><strong>ISO 2234<\/strong>: M\u00e4\u00e4ratleb virnastamis- ja survekatsete meetodid, mis on olulised pakendi vastupidavuse hindamiseks pikaajalistele koormustele.<\/li>\n<li><strong>ISO 12048<\/strong>: Kirjeldab pakendi virnastamistugevuse ja koormuskindluse katsetamise korda ladustamise ja transpordi ajal.<\/li>\n<li><strong>ISO 2874<\/strong>: \u00dcksikasjalikud \u00fcksikasjad \u00fcksikute pakendite survekatsemeetodite kohta, mis v\u00f5imaldavad survetugevuse t\u00e4pset m\u00f5\u00f5tmist.<\/li>\n<li><strong>ISO 2872<\/strong>: Hinnatakse pakendi v\u00f5imet taluda survetugevust aja jooksul, prognoosides selle toimivust reaalsetes stsenaariumides.<\/li>\n<\/ul>\n<\/li>\n<li>\n<h3><strong>ASTM standardid<\/strong><\/h3>\n<ul>\n<li><strong>ASTM D642<\/strong>: Selle standardiga m\u00f5\u00f5detakse pakkematerjalide survekindlust, mis on aluseks transiitpakendite toimivusele.<\/li>\n<li><strong>ASTM D4169<\/strong>: Juhendab mahutite survekatsetusi simuleeritud turustuskeskkonnas, et tagada nende vastupidavus tegelikele k\u00e4itlemistingimustele.<\/li>\n<\/ul>\n<\/li>\n<li>\n<h3><strong>Muud asjakohased standardid<\/strong><\/h3>\n<ul>\n<li><strong>TAPPI T804<\/strong>: Keskendub lainepapist konteinerite survetugevusele, mist\u00f5ttu on see eriti oluline laevakastide hindamiseks.<\/li>\n<li><strong>JIS Z0212<\/strong>: Jaapani standard, mis kirjeldab \u00fcksikasjalikult pakendite survekatseid ja on laialdaselt tunnustatud kogu t\u00f6\u00f6stuses oma rangete n\u00f5uete poolest.<\/li>\n<\/ul>\n<\/li>\n<\/ul>\n<h2><strong>Box Compression Testeri tehnilised eelised<\/strong><\/h2>\n<p>Box Compression Tester sisaldab uusimat tehnoloogiat, et maksimeerida t\u00e4psust, t\u00f5husust ja kasutusmugavust. Peamised eelised on j\u00e4rgmised:<\/p>\n<ul>\n<li><strong>T\u00e4iustatud tehnoloogia omadused<\/strong>: Puuteekraan v\u00f5imaldab kasutajale lihtsat suhtlemist, samas kui mikroarvuti t\u00f6\u00f6tluss\u00fcsteem automatiseerib andmete kogumise, arvutused ja tulemuste aruka hindamise.<\/li>\n<li><strong>T\u00e4iustatud andmeanal\u00fc\u00fcs<\/strong>: Survej\u00f5u, deformatsiooni ja k\u00f5verate visualiseerimine reaalajas suurendab kasutajate arusaamist materjali k\u00e4itumisest pinge all. Sisseehitatud mikroprinter v\u00f5imaldab h\u00f5lpsat salvestamist ja kvaliteedikontrolli j\u00e4lgimist.<\/li>\n<li><strong>Survej\u00f5u v\u00f5imsus<\/strong>: K\u00e4sitleb mitmesuguseid koormusi, sobib kergete ja raskete pakkematerjalide katsetamiseks.<\/li>\n<li><strong>Katseala m\u00f5\u00f5tmed<\/strong>: Pakkumisel on piisavalt ruumi eri suurusega ja kujuga pakendite katsetamiseks.<\/li>\n<li><strong>Ajami s\u00fcsteem<\/strong>: S\u00fcnkroonmootor ja t\u00e4pne keermestatud kruvis\u00fcsteem tagavad sujuva ja kontrollitud j\u00f5u rakendamise t\u00e4psete katsetulemuste saavutamiseks.<\/li>\n<\/ul>\n<h2><strong>Peamised parameetrid<\/strong><\/h2>\n<table>\n<tbody>\n<tr>\n<td width=\"153\">Punkti<\/td>\n<td width=\"526\">Parameetrid<\/td>\n<td width=\"73\"><\/td>\n<\/tr>\n<tr>\n<td width=\"153\">Katse ulatus<\/td>\n<td width=\"526\">0,25KN, 0,5KN, 1KN, 2KN, 5KN jne.<\/td>\n<td width=\"73\"><\/td>\n<\/tr>\n<tr>\n<td width=\"153\">Resolutsioon<\/td>\n<td width=\"526\">0.01N<\/td>\n<td width=\"73\"><\/td>\n<\/tr>\n<tr>\n<td width=\"153\">Deformatsiooniviga<\/td>\n<td width=\"526\">\u2264\u00b11mm<\/td>\n<td width=\"73\"><\/td>\n<\/tr>\n<tr>\n<td width=\"153\">Plaadi paralleelsus<\/td>\n<td width=\"526\">\u22641mm<\/td>\n<td width=\"73\"><\/td>\n<\/tr>\n<tr>\n<td width=\"153\">Koormuselemendi viga<\/td>\n<td width=\"526\">\u00b11%<\/td>\n<td width=\"73\"><\/td>\n<\/tr>\n<tr>\n<td width=\"153\">Katse kiirus<\/td>\n<td width=\"526\">5~300mm\/min<\/td>\n<td width=\"73\"><\/td>\n<\/tr>\n<tr>\n<td width=\"153\">Tagasip\u00f6\u00f6rdumise kiirus<\/td>\n<td width=\"526\">100mm\/min<\/td>\n<td width=\"73\"><\/td>\n<\/tr>\n<tr>\n<td width=\"153\">Kompressiooni kiirus<\/td>\n<td width=\"526\">10\u00b13mm\/min<\/td>\n<td width=\"73\"><\/td>\n<\/tr>\n<tr>\n<td width=\"153\">Ladumise kiirus<\/td>\n<td width=\"526\">5\u00b11mm\/min<\/td>\n<td width=\"73\"><\/td>\n<\/tr>\n<tr>\n<td width=\"153\">\u00dcksused<\/td>\n<td width=\"526\">N\/Lbf \/kgf<\/td>\n<td width=\"73\"><\/td>\n<\/tr>\n<tr>\n<td width=\"153\">Anal\u00fc\u00fcs<\/td>\n<td width=\"526\">7-tolline puuteekraan koos k\u00f5veranal\u00fc\u00fcsi ja integreeritud termoprintiga<\/td>\n<td width=\"73\"><\/td>\n<\/tr>\n<tr>\n<td width=\"153\">V\u00e4ljund<\/td>\n<td width=\"526\">RS232 (valikuline)<\/td>\n<td width=\"73\"><\/td>\n<\/tr>\n<tr>\n<td width=\"153\">V\u00f5imsus<\/td>\n<td width=\"526\">AC 220V 50Hz<\/td>\n<td width=\"73\"><\/td>\n<\/tr>\n<tr>\n<td width=\"153\">Mudel<\/td>\n<td width=\"526\">Katseruum (mm, LWH)<\/td>\n<td width=\"73\">Koormus (KN)<\/td>\n<\/tr>\n<tr>\n<td width=\"153\">BCT-1500<\/td>\n<td width=\"526\">1500*1500*1500<\/td>\n<td width=\"73\">50<\/td>\n<\/tr>\n<tr>\n<td width=\"153\"><\/td>\n<td width=\"526\">1500*1200*1500<\/td>\n<td width=\"73\"><\/td>\n<\/tr>\n<tr>\n<td width=\"153\">BCT-1200<\/td>\n<td width=\"526\">1200*1200*1200<\/td>\n<td width=\"73\">50<\/td>\n<\/tr>\n<tr>\n<td width=\"153\"><\/td>\n<td width=\"526\">1200*1000*1200<\/td>\n<td width=\"73\"><\/td>\n<\/tr>\n<tr>\n<td width=\"153\">BCT-1000<\/td>\n<td width=\"526\">1000*800*1000<\/td>\n<td width=\"73\">20<\/td>\n<\/tr>\n<tr>\n<td width=\"153\"><\/td>\n<td width=\"526\">1000*1000*1000<\/td>\n<td width=\"73\"><\/td>\n<\/tr>\n<tr>\n<td width=\"153\">BCT-800<\/td>\n<td width=\"526\">800*600*800<\/td>\n<td width=\"73\">20<\/td>\n<\/tr>\n<tr>\n<td width=\"153\"><\/td>\n<td width=\"526\">800*800*800<\/td>\n<td width=\"73\"><\/td>\n<\/tr>\n<tr>\n<td width=\"153\">BCT-600<\/td>\n<td width=\"526\">600*400*600<\/td>\n<td width=\"73\">10<\/td>\n<\/tr>\n<tr>\n<td width=\"153\"><\/td>\n<td width=\"526\">600*600*600<\/td>\n<td width=\"73\"><\/td>\n<\/tr>\n<tr>\n<td width=\"153\">BCT-500<\/td>\n<td width=\"526\">500*500*500<\/td>\n<td width=\"73\">5<\/td>\n<\/tr>\n<\/tbody>\n<\/table>\n<h2><strong>Kartongi survetugevuse katse t\u00e4htsus t\u00f6\u00f6stuses<\/strong><\/h2>\n<p>The <strong>kartongi survetugevuse katse<\/strong> on oluline tagamaks, et pakend peab vastu transpordi ja ladustamise k\u00e4igus tekkivatele pingetele. Tuvastades n\u00f5rgad kohad enne toodete j\u00f5udmist tarbijateni, aitab see test v\u00e4ltida pakendite rikkeid, v\u00e4hendades tootekahjustuste, klientide rahulolematuse ja rahalise kahju riski. Sellised t\u00f6\u00f6stusharud nagu farmaatsiatooted, elektroonika ja toiduained saavad suurt kasu survetugevuse standardite m\u00f5istmisest ja j\u00e4rgimisest, eriti kui tegemist on suure v\u00e4\u00e4rtusega v\u00f5i kergesti riknevate kaupadega.<\/p>\n<p>Karbi kokkusurumise tester pakub v\u00f5imsat lahendust ettev\u00f5tetele, mille eesm\u00e4rk on s\u00e4ilitada pakendi tugevuse ja terviklikkuse k\u00f5rged standardid. Toetades ISO, ASTM, TAPPI ja JIS standardite j\u00e4rgimist, pakub see tester t\u00e4pseid ja j\u00e4rjepidevaid tulemusi erinevate pakkematerjalide ja rakenduste puhul. T\u00e4nu oma t\u00e4iustatud funktsioonidele ja kasutajakeskse disainiga on karbi survetesti hindamatu t\u00f6\u00f6riist pakendite kvaliteedi tagamisel, suurendades tooteohutust ja toetades tegevuse t\u00f5husust.<\/p>","protected":false},"excerpt":{"rendered":"<p>Avastage karbi survetugevuse tester, mis on m\u00f5eldud t\u00e4pseks karbi survetugevuse testimiseks, tagades pakendi vastupidavuse ja vastavuse rahvusvahelistele standarditele.<\/p>","protected":false},"featured_media":6235,"comment_status":"closed","ping_status":"closed","template":"","meta":{"site-sidebar-layout":"default","site-content-layout":"default","ast-global-header-display":"","ast-main-header-display":"","ast-hfb-above-header-display":"","ast-hfb-below-header-display":"","ast-hfb-mobile-header-display":"","site-post-title":"","ast-breadcrumbs-content":"","ast-featured-img":"","footer-sml-layout":"","theme-transparent-header-meta":"default","adv-header-id-meta":"","stick-header-meta":"","header-above-stick-meta":"","header-main-stick-meta":"","header-below-stick-meta":""},"product_cat":[964,1069,1068,953,956,955,845,1065,1064,1067,1066,1159,965,954,957,958,952,959,1070,17,44,95],"product_tag":[],"class_list":{"0":"post-5176","1":"product","2":"type-product","3":"status-publish","4":"has-post-thumbnail","6":"product_cat-box-compression-tester","7":"product_cat-astm-d4169","8":"product_cat-astm-d642","9":"product_cat-bursting-tester","10":"product_cat-cobb-tester","11":"product_cat-crush-tester","12":"product_cat-customization","13":"product_cat-iso-12048","14":"product_cat-iso-2234","15":"product_cat-iso-2872","16":"product_cat-iso-2874","17":"product_cat-jis-z0212","18":"product_cat-package-compression-tester","19":"product_cat-paper-tear-tester","20":"product_cat-plybond-tester","21":"product_cat-puncture-tester","22":"product_cat-rub-tester","23":"product_cat-stiffness-tester","24":"product_cat-tappi-t804","25":"product_cat-package-container-testers","26":"product_cat-paper-and-board-testers","27":"product_cat-products","28":"desktop-align-left","29":"tablet-align-left","30":"mobile-align-left","32":"first","33":"instock","34":"shipping-taxable","35":"product-type-simple"},"_links":{"self":[{"href":"https:\/\/www.qualitester.com\/et\/wp-json\/wp\/v2\/product\/5176","targetHints":{"allow":["GET"]}}],"collection":[{"href":"https:\/\/www.qualitester.com\/et\/wp-json\/wp\/v2\/product"}],"about":[{"href":"https:\/\/www.qualitester.com\/et\/wp-json\/wp\/v2\/types\/product"}],"replies":[{"embeddable":true,"href":"https:\/\/www.qualitester.com\/et\/wp-json\/wp\/v2\/comments?post=5176"}],"version-history":[{"count":0,"href":"https:\/\/www.qualitester.com\/et\/wp-json\/wp\/v2\/product\/5176\/revisions"}],"wp:featuredmedia":[{"embeddable":true,"href":"https:\/\/www.qualitester.com\/et\/wp-json\/wp\/v2\/media\/6235"}],"wp:attachment":[{"href":"https:\/\/www.qualitester.com\/et\/wp-json\/wp\/v2\/media?parent=5176"}],"wp:term":[{"taxonomy":"product_cat","embeddable":true,"href":"https:\/\/www.qualitester.com\/et\/wp-json\/wp\/v2\/product_cat?post=5176"},{"taxonomy":"product_tag","embeddable":true,"href":"https:\/\/www.qualitester.com\/et\/wp-json\/wp\/v2\/product_tag?post=5176"}],"curies":[{"name":"wp","href":"https:\/\/api.w.org\/{rel}","templated":true}]}}