{"id":5167,"date":"2024-10-31T13:16:34","date_gmt":"2024-10-31T05:16:34","guid":{"rendered":"https:\/\/www.qualitester.com\/?post_type=product&#038;p=5167"},"modified":"2024-12-05T09:33:56","modified_gmt":"2024-12-05T01:33:56","slug":"sale-non-destructive-leak-testing-equipment","status":"publish","type":"product","link":"https:\/\/www.qualitester.com\/et\/toode\/sale-non-destructive-leak-testing-equipment\/","title":{"rendered":"MLT-01 mikro lekke tester"},"content":{"rendered":"<h2>Sissejuhatus<\/h2>\n<p>T\u00e4nap\u00e4eva konkurentsiturul on pakendite terviklikkuse tagamine toodete kvaliteedi ja tarbijaohutuse s\u00e4ilitamiseks \u00fclioluline. Selle eesm\u00e4rgi saavutamisel on oluline roll mittepurustavatel lekkekontrolli seadmetel. MLT-01 Micro Leak Tester on m\u00f5eldud mittepoorsete, j\u00e4ikade v\u00f5i paindlike pakendite t\u00e4pseks ja usaldusv\u00e4\u00e4rseks lekke tuvastamiseks, mis teeb sellest olulise vahendi erinevates t\u00f6\u00f6stusharudes, sealhulgas farmaatsiat\u00f6\u00f6stuses, toidupakendites ja meditsiiniseadmetes.<\/p>\n<h2>ASTM F2338 m\u00f5istmine<\/h2>\n<h3>Mis on <a href=\"https:\/\/www.astm.org\/f2338-09r20.html\" target=\"_blank\" rel=\"noopener nofollow\">ASTM F2338<\/a>?<\/h3>\n<p><a href=\"https:\/\/www.qualitester.com\/et\/tootekategooria\/astm\/astm-d2338\/\">ASTM F2338<\/a> on oluline standard, milles kirjeldatakse katsemeetodeid, mille abil hinnatakse suletud pakendite terviklikkust mittepurustavate lekkekatsete abil. See standard tagab, et tooted vastavad rangetele kvaliteedi- ja ohutuskriteeriumidele, eriti reguleeritud t\u00f6\u00f6stusharudes. ASTM F2338 standardis m\u00e4\u00e4ratletud meetodid on olulised v\u00f5imalike lekete tuvastamiseks, mis v\u00f5ivad ohustada toote terviklikkust ja p\u00f5hjustada m\u00e4rkimisv\u00e4\u00e4rset rahalist kahju.<\/p>\n<h3>ASTM F2338 m\u00e4\u00e4ratletud katsemeetodid<\/h3>\n<p>Standard ASTM F2338 sisaldab mitmeid lekete tuvastamise meetodeid, keskendudes vaakumkokkupanemise meetodile. Selle meetodi puhul rakendatakse katsepakendile negatiivset r\u00f5hku ja j\u00e4lgitakse mis tahes r\u00f5hu t\u00f5usu, mis viitab lekkele. V\u00f5rreldes teiste lekkekatsemeetoditega on vaakumi lagunemise meetod v\u00e4ga tundlik ja t\u00f5hus, mist\u00f5ttu sobib see erinevateks rakendusteks.<\/p>\n<h2>MLT-01 mikro lekke tester<\/h2>\n<h3>S\u00fcsteemi kirjeldus<\/h3>\n<p>MLT-01 mikrot\u00f5kete tester kasutab keerukat konstruktsiooni, mis koosneb juhtmete ja ventiilide v\u00f5rgustikust, mis \u00fchendab katsekambri k\u00f5rge eraldusv\u00f5imega r\u00f5huanduri ja v\u00e4lise vaakumallikaga. S\u00fcsteem on varustatud PLC-juhtimis\u00fcksuse ja HMI puuteekraaniga, mis v\u00f5imaldab intuitiivset kasutamist. V\u00e4line gaasivoolum\u00f5\u00f5tja tagab s\u00fcsteemi optimaalse toimimise, samal ajal kui spetsiaalselt projekteeritud katsekamber \u00fcmbritseb katsekomplekti kindlalt ja v\u00f5ib sisaldada t\u00f6\u00f6riistu, et piirata liikumist v\u00f5i laienemist vastavalt vajadusele.<\/p>\n<h3>Katseprotsess<\/h3>\n<p>MLT-01 mikrot\u00f5kete testimise protsess koosneb neljast peamisest etapist:<\/p>\n<ol>\n<li><strong>FILL Stage<\/strong>: Kinnitage proov kambrisse ja rakendage kontrollitud keskkonna loomiseks negatiivset r\u00f5hku.<\/li>\n<li><strong>SETTLE etapp<\/strong>: V\u00f5imaldage s\u00fcsteemil v\u00f5tta vastu mis tahes komponentide venitamist v\u00f5i paindumist, mis v\u00f5ivad tekkida negatiivse r\u00f5hu all.<\/li>\n<li><strong>TESTI faas<\/strong>: M\u00f5\u00f5tke selle faasi ajal mis tahes r\u00f5hu t\u00f5usu. Oluline muutus n\u00e4itab lekke olemasolu.<\/li>\n<li><strong>VENT Stage<\/strong>: Vabastage j\u00e4relej\u00e4\u00e4nud negatiivne r\u00f5hk atmosf\u00e4\u00e4ri ja hinnake tulemusi. Kui proov j\u00e4\u00e4b kindlaksm\u00e4\u00e4ratud vahemikku, on see PASSES, vastasel juhul FAILS.<\/li>\n<\/ol>\n<h3>Tehnilised omadused<\/h3>\n<ul>\n<li><strong>PLC s\u00fcsteemi t\u00f6\u00f6<\/strong>: S\u00fcsteemi juhitakse programmeeritava loogikakontrolleriga (PLC), mis tagab suurema t\u00f6\u00f6kindluse.<\/li>\n<li><strong>Kohandatavad kambri suurused<\/strong>: Saadaval on kohandatud suurused, mis sobivad erinevate pakendi m\u00f5\u00f5tmetega.<\/li>\n<li><strong>K\u00f5rge tundlikkus<\/strong>: MLT-01 on erakordselt tundlik, olles v\u00f5imeline tuvastama pisikesi lekkeid vahemikus 1-3 \u03bcm.<\/li>\n<li><strong>Efektiivse lekke m\u00e4\u00e4ra arvutamine<\/strong>: Tester arvutab t\u00e4pselt lekkekiiruse, andes kvaliteedi tagamise jaoks kriitilisi andmeid.<\/li>\n<li><strong>T\u00f5hus testimismeetod<\/strong>: MLT-01 lihtsustab testimisprotsessi, pakkudes lihtsat l\u00e4henemist lekke tuvastamisele.<\/li>\n<\/ul>\n<h2>Rakendused ja eelised<\/h2>\n<p>MLT-01 mikrolekkekatseja sobib ideaalselt erinevatele t\u00f6\u00f6stusharudele, sealhulgas farmaatsiat\u00f6\u00f6stusele, toidu- ja joogit\u00f6\u00f6stusele, meditsiiniseadmetele ja pakenditele. Selle mittepurustava testimise v\u00f5imalused tagavad toote terviklikkuse s\u00e4ilimise kogu tootmisprotsessi v\u00e4ltel. Kasutades seda t\u00e4iustatud lekkekontrolli seadet, saavad ettev\u00f5tted v\u00e4ltida kulukaid tagasiv\u00f5tmisi, suurendada tooteohutust ja t\u00e4ita regulatiivseid n\u00f5udeid.<\/p>\n<p>Mittepurustavad lekkekatseseadmed, nagu MLT-01 Micro Leak Tester, on olulised toodete kvaliteedi s\u00e4ilitamiseks ja tarbijate ohutuse tagamiseks. MLT-01 on koosk\u00f5las ASTM F2338 standarditega ja pakub tootjatele usaldusv\u00e4\u00e4rset lahendust lekke tuvastamiseks. Investeerige MLT-01-sse juba t\u00e4na, et parandada oma kvaliteedi tagamise protsesse ja kaitsta oma tooteid.<\/p>\n<h2>KKK jaotis<\/h2>\n<ol>\n<li><strong>Milline on MLT-01 mikrolekkekatseseadme t\u00fc\u00fcpiline testimise aeg?<\/strong>\n<ul>\n<li>Testimise aeg varieerub, ulatudes tavaliselt m\u00f5nest sekundist kuni m\u00f5ne minutini, s\u00f5ltuvalt pakendi suurusest ja n\u00f5utavast lekketundlikkusest.<\/li>\n<\/ul>\n<\/li>\n<li><strong>Kui tundlik on MLT-01 lekete tuvastamisel?<\/strong>\n<ul>\n<li>MLT-01 suudab tuvastada v\u00e4ikseid lekkeid vahemikus 1-3 \u03bcm, mis muudab selle v\u00e4ga t\u00f5husaks kvaliteedi tagamisel.<\/li>\n<\/ul>\n<\/li>\n<li><strong>Kas MLT-01 kambri suurust saab kohandada?<\/strong>\n<ul>\n<li>Jah, MLT-01 pakub kohandatud kambri suurusi, mis sobivad erinevate pakendi m\u00f5\u00f5tmete ja testimisn\u00f5uete jaoks.<\/li>\n<\/ul>\n<\/li>\n<li><strong>Millist toiteallikat on vaja MLT-01 jaoks?<\/strong>\n<ul>\n<li>MLT-01 t\u00f6\u00f6tab vahelduvvoolu toiteallikaga 110-220 V ja 50 Hz.<\/li>\n<\/ul>\n<\/li>\n<li><strong>Kuidas v\u00f5rreldakse vaakumi lagunemise meetodit teiste lekkekontrolli meetoditega?<\/strong>\n<ul>\n<li>Vaakumi lagunemise meetod on \u00fcldiselt tundlikum ja t\u00f5husam kui teised meetodid, mist\u00f5ttu on see ideaalne lekete avastamiseks mittepoorsetes pakendites ilma neid kahjustamata.<\/li>\n<\/ul>\n<\/li>\n<\/ol>","protected":false},"excerpt":{"rendered":"<p>Mittepurustavad lekkekatseseadmed, nagu MLT-01 Micro Leak Tester, on olulised toodete kvaliteedi s\u00e4ilitamiseks ja tarbijate ohutuse tagamiseks. MLT-01 on koosk\u00f5las ASTM F2338 standarditega ja pakub tootjatele usaldusv\u00e4\u00e4rset lahendust lekke tuvastamiseks. Investeerige MLT-01-sse juba t\u00e4na, et parandada oma kvaliteedi tagamise protsesse ja kaitsta oma tooteid.<\/p>","protected":false},"featured_media":6153,"comment_status":"closed","ping_status":"closed","template":"","meta":{"site-sidebar-layout":"default","site-content-layout":"default","ast-global-header-display":"","ast-main-header-display":"","ast-hfb-above-header-display":"","ast-hfb-below-header-display":"","ast-hfb-mobile-header-display":"","site-post-title":"","ast-breadcrumbs-content":"","ast-featured-img":"","footer-sml-layout":"","theme-transparent-header-meta":"default","adv-header-id-meta":"","stick-header-meta":"","header-above-stick-meta":"","header-main-stick-meta":"","header-below-stick-meta":""},"product_cat":[845,953,956,955,954,957,958,952,959,144,95],"product_tag":[],"class_list":{"0":"post-5167","1":"product","2":"type-product","3":"status-publish","4":"has-post-thumbnail","6":"product_cat-customization","7":"product_cat-bursting-tester","8":"product_cat-cobb-tester","9":"product_cat-crush-tester","10":"product_cat-paper-tear-tester","11":"product_cat-plybond-tester","12":"product_cat-puncture-tester","13":"product_cat-rub-tester","14":"product_cat-stiffness-tester","15":"product_cat-astm-f2338","16":"product_cat-products","17":"desktop-align-left","18":"tablet-align-left","19":"mobile-align-left","21":"first","22":"instock","23":"shipping-taxable","24":"product-type-simple"},"_links":{"self":[{"href":"https:\/\/www.qualitester.com\/et\/wp-json\/wp\/v2\/product\/5167","targetHints":{"allow":["GET"]}}],"collection":[{"href":"https:\/\/www.qualitester.com\/et\/wp-json\/wp\/v2\/product"}],"about":[{"href":"https:\/\/www.qualitester.com\/et\/wp-json\/wp\/v2\/types\/product"}],"replies":[{"embeddable":true,"href":"https:\/\/www.qualitester.com\/et\/wp-json\/wp\/v2\/comments?post=5167"}],"version-history":[{"count":0,"href":"https:\/\/www.qualitester.com\/et\/wp-json\/wp\/v2\/product\/5167\/revisions"}],"wp:featuredmedia":[{"embeddable":true,"href":"https:\/\/www.qualitester.com\/et\/wp-json\/wp\/v2\/media\/6153"}],"wp:attachment":[{"href":"https:\/\/www.qualitester.com\/et\/wp-json\/wp\/v2\/media?parent=5167"}],"wp:term":[{"taxonomy":"product_cat","embeddable":true,"href":"https:\/\/www.qualitester.com\/et\/wp-json\/wp\/v2\/product_cat?post=5167"},{"taxonomy":"product_tag","embeddable":true,"href":"https:\/\/www.qualitester.com\/et\/wp-json\/wp\/v2\/product_tag?post=5167"}],"curies":[{"name":"wp","href":"https:\/\/api.w.org\/{rel}","templated":true}]}}