{"id":5149,"date":"2024-10-31T11:42:15","date_gmt":"2024-10-31T03:42:15","guid":{"rendered":"https:\/\/www.qualitester.com\/?post_type=product&#038;p=5149"},"modified":"2024-12-04T16:20:18","modified_gmt":"2024-12-04T08:20:18","slug":"sale-film-friction-peel-tester","status":"publish","type":"product","link":"https:\/\/www.qualitester.com\/et\/toode\/sale-film-friction-peel-tester\/","title":{"rendered":"FPT-01 Kile h\u00f5\u00f5rdumise\/peegli tester"},"content":{"rendered":"<h2>Filmi h\u00f5\u00f5rdumise \/ h\u00f5\u00f5rdetesti tutvustamine<\/h2>\n<p>Filmi h\u00f5\u00f5rde-\/koorimistesti on t\u00e4iustatud seade, mis on m\u00f5eldud paljude materjalide h\u00f5\u00f5rde- ja koorimiskindluse t\u00e4pseks m\u00f5\u00f5tmiseks. Selle mitmek\u00fclgse seadme rakendused h\u00f5lmavad selliseid t\u00f6\u00f6stusharusid nagu pakendid, meditsiiniseadmed, farmaatsiatooted ja tekstiilid, mist\u00f5ttu m\u00e4ngib see seade olulist rolli kvaliteedikontrollis, tootearenduses ja teadusuuringutes.<\/p>\n<h2>Filmi h\u00f5\u00f5rdumise\/peegli testeri p\u00f5hiomadused<\/h2>\n<h3>COF testimine<\/h3>\n<p>See katseseade m\u00f5\u00f5dab t\u00e4pselt nii staatilist kui ka kineetilist h\u00f5\u00f5rdetegurit, mis on oluline materjalide koostoimete m\u00f5istmiseks.<\/p>\n<h3>Koore testimine<\/h3>\n<p>Samuti teostab ta erinevate materjalide, sealhulgas eemalduspaberite, kleeplintide ja kaitsekilede \u00f5rna koorimisj\u00f5u teste.<\/p>\n<h2>Tehnilised andmed<\/h2>\n<ul>\n<li>S\u00fcsteemi projekteerimine: Tester sisaldab fikseeritud koormusanduri positsiooni koos kaitsekattega, mis tagab ohutu t\u00f6\u00f6. Kelgumehhanism h\u00f5lbustab t\u00e4pset katsetamist, kus proovid on kindlalt kinnitatud ja eraldamise ajal registreeritakse koorumisj\u00f5ud.<\/li>\n<li>Kasutajas\u00f5bralik kasutajaliides: Kileh\u00f5\u00f5rde-\/tuhkete tester on varustatud PLC-juhitava s\u00fcsteemiga ja t\u00f6\u00f6tab intuitiivse HMI puuteekraani kaudu, mis teeb kasutajatele navigeerimise ja k\u00e4sitsemise lihtsaks.<\/li>\n<\/ul>\n<h3>Peamine parameeter<\/h3>\n<table>\n<tbody>\n<tr>\n<td width=\"156\">J\u00f5uvahemik<\/td>\n<td width=\"152\">5 N ( v\u00f5i vastavalt vajadusele)<\/td>\n<\/tr>\n<tr>\n<td width=\"156\">T\u00e4psus<\/td>\n<td width=\"152\">\u00b10,5%<\/td>\n<\/tr>\n<tr>\n<td width=\"156\">Resolutsioon<\/td>\n<td width=\"152\">0.001N<\/td>\n<\/tr>\n<tr>\n<td width=\"156\">V\u00e4ljasurve vahemik<\/td>\n<td width=\"152\">0,1 ~ 95 mm<\/td>\n<\/tr>\n<tr>\n<td width=\"156\">T\u00e4psus<\/td>\n<td width=\"152\">\u00b10,1 mm<\/td>\n<\/tr>\n<tr>\n<td width=\"156\">Temperatuurivahemik<\/td>\n<td width=\"152\">Keskkond ~ 210\u00b0C<\/td>\n<\/tr>\n<tr>\n<td width=\"156\">T\u00e4psus<\/td>\n<td width=\"152\">\u00b10.5\u00b0C<\/td>\n<\/tr>\n<tr>\n<td width=\"156\">Isendite arv<\/td>\n<td width=\"152\">2<\/td>\n<\/tr>\n<tr>\n<td width=\"156\">Valimi suurus<\/td>\n<td width=\"152\">110*15 mm, L*S<\/td>\n<\/tr>\n<tr>\n<td width=\"156\">Toiteallikas<\/td>\n<td width=\"152\">220V 50Hz<\/td>\n<\/tr>\n<\/tbody>\n<\/table>\n<h2>Vastavus t\u00f6\u00f6stusstandarditele<\/h2>\n<ul>\n<li><a href=\"https:\/\/www.astm.org\/d1894-14.html\" target=\"_blank\" rel=\"noopener nofollow\"><strong>ASTM D1894<\/strong><\/a>: Plastide h\u00f5\u00f5rdetegur<\/li>\n<li><strong>ASTM D3330<\/strong>: Survetundliku teibi kleepuvus (180\u00b0)<\/li>\n<li><strong>ISO 8295<\/strong>: Plastide h\u00f5\u00f5rdetegur, mis tagab materjali kvaliteedi tootmises.<\/li>\n<li><strong>TAPPI T816<\/strong>: Koefitsient h\u00f5\u00f5rdetegur lainepapist ja papist.<\/li>\n<li><strong>TAPPI T549<\/strong>: Kirjutus- ja tr\u00fckipaberi h\u00f5\u00f5rdetegur.<\/li>\n<\/ul>\n<h2>Filmi h\u00f5\u00f5rdumise\/peeltesteri rakendused<\/h2>\n<p>Filmi h\u00f5\u00f5rdumise \/ h\u00f5\u00f5rdumise testijat kasutatakse erinevates sektorites, sealhulgas:<\/p>\n<ol>\n<li><strong>Pakend<\/strong>: Tagada, et pakendimaterjalid vastavad toimivusnormidele.<\/li>\n<li><strong>Liimi<\/strong>: Liimide ja barj\u00e4\u00e4rimaterjalide katsetamine usaldusv\u00e4\u00e4rsuse tagamiseks.<\/li>\n<li><strong>Toiduainet\u00f6\u00f6stus<\/strong>: Tihendi tugevuse ja materjali koostoime hindamine ohutuse ja kvaliteedi tagamiseks.<\/li>\n<li><strong>Tekstiilid<\/strong> <strong>ja tarbija<\/strong> <strong>Kaup<\/strong>: Materjalide omaduste hindamine, et suurendada toote vastupidavust ja funktsionaalsust.<\/li>\n<\/ol>\n<h2>Filmi h\u00f5\u00f5rdumise\/peeltesteri eelised<\/h2>\n<ul>\n<li><strong>T\u00f5hustatud toote j\u00f5udlus<\/strong>: H\u00f5\u00f5rdumis- ja koorimistugevuse t\u00e4pne m\u00f5\u00f5tmine v\u00f5imaldab tootjatel parandada toodete kvaliteeti ja vastupidavust.<\/li>\n<li><strong>Reaalajas andmete anal\u00fc\u00fcs<\/strong>: S\u00fcsteem pakub koheseid tulemusi, sealhulgas andmete graafilist esitust lihtsaks t\u00f5lgendamiseks.<\/li>\n<li><strong>T\u00e4iustatud funktsioonid<\/strong>: Lisafunktsioonide hulka kuuluvad integreeritud printimine ja valikuline tarkvara tervikliku andmehalduse jaoks.<\/li>\n<\/ul>\n<p>The <strong><a href=\"https:\/\/www.qualitester.com\/et\/toode\/coefficient-of-friction-tester-cof-01\/\" target=\"_blank\" rel=\"noopener\">Filmi h\u00f5\u00f5rdumine<\/a>\/Peel Tester<\/strong> on oluline vahend igale organisatsioonile, mis on keskendunud materjalide kvaliteedile ja t\u00f6\u00f6stusstandardite j\u00e4rgimisele. T\u00e4nu t\u00e4psetele m\u00f5\u00f5tmistele ja tunnustatud testimisprotokollide j\u00e4rgimisele toetab see tester tootjaid toodete optimaalse j\u00f5udluse saavutamisel. Tutvuge juba t\u00e4na kileh\u00f5\u00f5rde- ja h\u00f5\u00f5rdetesti v\u00f5imalustega, et tagada oma materjalide vastavus k\u00f5rgeimatele kvaliteedistandarditele.<\/p>\n<h2>Seotud tooted<\/h2>\n<blockquote class=\"wp-embedded-content\" data-secret=\"hdCaSFydsl\"><p><a href=\"https:\/\/www.qualitester.com\/et\/toode\/coefficient-of-friction-tester-cof-01\/\">COF-01 h\u00f5\u00f5rdeteguri tester<\/a><\/p><\/blockquote>\n<p><iframe class=\"wp-embedded-content\" sandbox=\"allow-scripts\" security=\"restricted\" style=\"position: absolute; visibility: hidden;\" title=\"\u300a COF-01 Coefficient of Friction Tester \u300b\u2014Material Quality Tester\" src=\"https:\/\/www.qualitester.com\/product\/coefficient-of-friction-tester-cof-01\/embed\/#?secret=KfrAZiIKcT#?secret=hdCaSFydsl\" data-secret=\"hdCaSFydsl\" width=\"500\" height=\"282\" frameborder=\"0\" marginwidth=\"0\" marginheight=\"0\" scrolling=\"no\"><\/iframe><\/p>","protected":false},"excerpt":{"rendered":"<p>Filmi h\u00f5\u00f5rde-\/koorimistesti on t\u00e4iustatud seade, mis on m\u00f5eldud paljude materjalide h\u00f5\u00f5rde- ja koorimiskindluse t\u00e4pseks m\u00f5\u00f5tmiseks. Selle mitmek\u00fclgse seadme rakendused h\u00f5lmavad selliseid t\u00f6\u00f6stusharusid nagu pakendid, meditsiiniseadmed, farmaatsiatooted ja tekstiilid, mist\u00f5ttu m\u00e4ngib see seade olulist rolli kvaliteedikontrollis, tootearenduses ja teadusuuringutes.<\/p>","protected":false},"featured_media":6139,"comment_status":"closed","ping_status":"closed","template":"","meta":{"site-sidebar-layout":"default","site-content-layout":"default","ast-global-header-display":"","ast-main-header-display":"","ast-hfb-above-header-display":"","ast-hfb-below-header-display":"","ast-hfb-mobile-header-display":"","site-post-title":"","ast-breadcrumbs-content":"","ast-featured-img":"","footer-sml-layout":"","theme-transparent-header-meta":"default","adv-header-id-meta":"","stick-header-meta":"","header-above-stick-meta":"","header-main-stick-meta":"","header-below-stick-meta":""},"product_cat":[945,953,956,955,845,954,957,958,952,959,1063,1062,683,681,106,126,132,170,171,95],"product_tag":[],"class_list":{"0":"post-5149","1":"product","2":"type-product","3":"status-publish","4":"has-post-thumbnail","6":"product_cat-180-peeling-tester","7":"product_cat-bursting-tester","8":"product_cat-cobb-tester","9":"product_cat-crush-tester","10":"product_cat-customization","11":"product_cat-paper-tear-tester","12":"product_cat-plybond-tester","13":"product_cat-puncture-tester","14":"product_cat-rub-tester","15":"product_cat-stiffness-tester","16":"product_cat-tappi-t549","17":"product_cat-tappi-t816","18":"product_cat-coefficient-of-friction-tester","19":"product_cat-peel-tester","20":"product_cat-astm-d1894","21":"product_cat-astm-d3330","22":"product_cat-astm-d4917","23":"product_cat-iso-8295","24":"product_cat-iso-8510-2","25":"product_cat-products","26":"desktop-align-left","27":"tablet-align-left","28":"mobile-align-left","30":"first","31":"instock","32":"shipping-taxable","33":"product-type-simple"},"_links":{"self":[{"href":"https:\/\/www.qualitester.com\/et\/wp-json\/wp\/v2\/product\/5149","targetHints":{"allow":["GET"]}}],"collection":[{"href":"https:\/\/www.qualitester.com\/et\/wp-json\/wp\/v2\/product"}],"about":[{"href":"https:\/\/www.qualitester.com\/et\/wp-json\/wp\/v2\/types\/product"}],"replies":[{"embeddable":true,"href":"https:\/\/www.qualitester.com\/et\/wp-json\/wp\/v2\/comments?post=5149"}],"version-history":[{"count":0,"href":"https:\/\/www.qualitester.com\/et\/wp-json\/wp\/v2\/product\/5149\/revisions"}],"wp:featuredmedia":[{"embeddable":true,"href":"https:\/\/www.qualitester.com\/et\/wp-json\/wp\/v2\/media\/6139"}],"wp:attachment":[{"href":"https:\/\/www.qualitester.com\/et\/wp-json\/wp\/v2\/media?parent=5149"}],"wp:term":[{"taxonomy":"product_cat","embeddable":true,"href":"https:\/\/www.qualitester.com\/et\/wp-json\/wp\/v2\/product_cat?post=5149"},{"taxonomy":"product_tag","embeddable":true,"href":"https:\/\/www.qualitester.com\/et\/wp-json\/wp\/v2\/product_tag?post=5149"}],"curies":[{"name":"wp","href":"https:\/\/api.w.org\/{rel}","templated":true}]}}