{"id":5124,"date":"2024-10-29T16:56:05","date_gmt":"2024-10-29T08:56:05","guid":{"rendered":"https:\/\/www.qualitester.com\/?post_type=product&#038;p=5124"},"modified":"2024-12-05T12:00:24","modified_gmt":"2024-12-05T04:00:24","slug":"sale-syringe-plunger-glide-force-tester","status":"publish","type":"product","link":"https:\/\/www.qualitester.com\/et\/toode\/sale-syringe-plunger-glide-force-tester\/","title":{"rendered":"MST-01 Meditsiiniline s\u00fcstlatesti"},"content":{"rendered":"<p>The <strong>S\u00fcstal Plunger Glide Force Tester<\/strong> on spetsiaalne m\u00f5\u00f5teriist, mis on ette n\u00e4htud h\u00fcpodermilise s\u00fcstla kolvi k\u00e4itamiseks vajaliku j\u00f5u m\u00f5\u00f5tmiseks, tagades sellega patsientide ravis kasutatavate meditsiiniseadmete kvaliteedi ja ohutuse. Kuna see tester keskendub t\u00e4psusele ja t\u00f6\u00f6stusstandardite j\u00e4rgimisele, on see h\u00e4davajalik meditsiinipakendite ja ravimite katsetamisel, pakkudes t\u00e4pseid hinnanguid s\u00fcstla toimivuse kohta. M\u00e4\u00e4rates selliseid olulisi n\u00e4itajaid nagu kolvi libisemisj\u00f5ud ja kolvi libisemisj\u00f5ud, on see seade oluline tootjatele, kes soovivad t\u00e4ita regulatiivseid n\u00f5udeid ja pakkuda l\u00f5ppkasutajatele ohutuid tooteid.<\/p>\n<h2>ISO 7886-1 vastavus ja selle t\u00e4htsus<\/h2>\n<p>S\u00fcstal plunger Glide Force Tester on t\u00e4ielikult koosk\u00f5las <a href=\"https:\/\/www.iso.org\/standard\/64790.html\" target=\"_blank\" rel=\"noopener nofollow\"><strong>ISO 7886-1<\/strong><\/a>, rahvusvaheline standard, mis reguleerib steriilsete \u00fchekordselt kasutatavate s\u00fcstelahuste konstruktsiooni ja katsetamist. <a href=\"https:\/\/www.qualitester.com\/et\/tootekategooria\/iso\/iso-7886-1\/\" target=\"_blank\" rel=\"noopener\">ISO 7886-1<\/a> m\u00e4\u00e4rab kindlaks s\u00fcstla funktsionaalsuse hindamise meetodid, sealhulgas libisemisj\u00f5u m\u00f5\u00f5tmise, et tagada s\u00fcstla kasutatavus ja toimivus erinevates tingimustes. ISO 7886-1 kohane testimine ei aita mitte ainult tagada kasutajate ohutust, vaid aitab tootjatel ka t\u00e4ita regulatiivseid standardeid, mis on olulised turuhindamiseks.<\/p>\n<h2>Mitmek\u00fclgsed katsemeetodid<\/h2>\n<p>See <strong>S\u00fcstal Plunger Glide Force Tester<\/strong> pakub mitmesuguseid katsemeetodeid s\u00fcstla toimivuse mitmete aspektide hindamiseks, sealhulgas, kuid mitte ainult:<\/p>\n<ul>\n<li><strong>Kolvi libisemisj\u00f5u m\u00f5\u00f5tmine<\/strong>: M\u00f5\u00f5dab t\u00e4pselt s\u00fcstlakolvi k\u00e4itamiseks vajalikku j\u00f5udu, mis on kriitilise t\u00e4htsusega sujuva ja j\u00e4rjepideva libisemise tagamiseks.<\/li>\n<li><strong>S\u00fcstla libiseva vastupanu test<\/strong>: Hindab vastupanu kolvi liikumise ajal, et hinnata h\u00f5\u00f5rdetaset ja tagada optimaalne funktsioneerimine.<\/li>\n<li><strong>Vedeliku lekke katse<\/strong>: See katse tuvastab survestamisel v\u00f5imalikud lekked kolvi korgi juures, kontrollides s\u00fcstla terviklikkust r\u00f5hu all.<\/li>\n<li><strong>N\u00f5eltest<\/strong>: M\u00e4\u00e4ratleb n\u00f5ela l\u00e4bistamiseks vajaliku j\u00f5u, mis toetab s\u00fcstla ohutut ja t\u00f5husat kasutamist.<\/li>\n<li><strong>Plunger Pull-Out Test<\/strong>: M\u00f5\u00f5dab j\u00f5udu, mis on vajalik kolvi v\u00e4ljat\u00f5mbamiseks, testides s\u00fcstla konstruktsiooni vastupidavust ja kasutaja ohutust.<\/li>\n<\/ul>\n<p>Need katsed annavad p\u00f5hjaliku \u00fclevaate s\u00fcstla mehaanilistest omadustest, tagades usaldusv\u00e4\u00e4rsuse ja ohutuse selle l\u00f5ppkasutuses.<\/p>\n<h2>Laialdased rakendused erinevates t\u00f6\u00f6stusharudes<\/h2>\n<p>The <strong>S\u00fcstal Plunger Glide Force Tester<\/strong> kasutatakse laialdaselt sellistes t\u00f6\u00f6stusharudes nagu:<\/p>\n<ul>\n<li><strong>Meditsiiniline pakend<\/strong>: Tagab, et s\u00fcstlad vastavad vajalikele mehaanilistele standarditele.<\/li>\n<li><strong>Farmaatsiatoodete testimine<\/strong>: Valideerib s\u00fcstla toimivuse, aidates ravimiettev\u00f5tetel tagada toote kvaliteeti.<\/li>\n<li><strong>Kvaliteedikontrolliasutused<\/strong>: Annab regulatiivse kindlustunde, kinnitades, et meditsiinilised s\u00fcstlad vastavad ohutusstandarditele.<\/li>\n<\/ul>\n<p>Nende rakenduste abil toetab tester kvaliteedikontrolli, andes tootjatele ja reguleerivatele asutustele kindlustunde s\u00fcstla funktsionaalsuse ja ohutuse osas.<\/p>\n<h2>Peamised eelised<\/h2>\n<ul>\n<li><strong>Multifunktsionaalne testimine<\/strong>: See seade, mis on varustatud mitme testprogrammiga \u00fches seadmes, on kuluefektiivne ja mitmek\u00fclgne mitmesuguste kvaliteedi tagamise \u00fclesannete t\u00e4itmiseks.<\/li>\n<li><strong>Kasutaja poolt m\u00e4\u00e4ratud programmi disain<\/strong>: Kasutaja erin\u00f5uete t\u00e4itmiseks on saadaval kohandatud testimisprogrammid, mis vastavad erinevatele s\u00fcstlat\u00fc\u00fcpidele ja -m\u00f5\u00f5tudele.<\/li>\n<li><strong>Standarditele vastavad protsessid<\/strong>: Testimisprotsessid on rangelt koosk\u00f5las ISO standarditega, mis soodustab usaldusv\u00e4\u00e4rsete ja j\u00e4rjepidevate tulemuste saavutamist partiide l\u00f5ikes.<\/li>\n<li><strong>Paindlikkus erinevate meditsiiniliste materjalide jaoks<\/strong>: Kohandatav meditsiinilise testimise ainulaadsetele vajadustele, mis suurendab selle kasutatavust paljude meditsiiniliste rakenduste jaoks.<\/li>\n<\/ul>\n<h2>T\u00e4iustatud tehnilised omadused<\/h2>\n<p>S\u00fcstal punger Glide Force Tester sisaldab kaasaegseid tehnilisi omadusi, mis tagavad t\u00e4psuse ja kasutusmugavuse:<\/p>\n<ul>\n<li><strong>PLC juhtseade<\/strong>: Tagab k\u00f5igi katseparameetrite t\u00e4pse kontrolli ja j\u00e4relevalve, pakkudes usaldusv\u00e4\u00e4rseid ja korratavaid katsetulemusi.<\/li>\n<li><strong>7-tolline HMI puuteekraan<\/strong>: Pakub kasutajas\u00f5bralikku kasutajaliidest, mis v\u00f5imaldab operaatoritel h\u00f5lpsasti teste seadistada ja j\u00e4lgida.<\/li>\n<li><strong>T\u00e4pse kuulikruvi mehhanism<\/strong>: Suurendab kiirust ja nihke t\u00e4psust usaldusv\u00e4\u00e4rsete katsetingimuste saavutamiseks.<\/li>\n<li><strong>Muutuv testikiirus<\/strong>: Reguleeritav vahemikus 1 kuni 500 mm\/min, mis v\u00f5imaldab kohandatud l\u00e4henemist s\u00f5ltuvalt testimisvajadustest.<\/li>\n<li><strong>Ohutusfunktsioonid<\/strong>: Sisaldab positsioonipiiranguid, \u00fclekoormuskaitset ja automaatse tagasip\u00f6\u00f6rdumise funktsiooni, et v\u00e4ltida kahjustusi ja tagada operaatori ohutus.<\/li>\n<\/ul>\n<h2>Kohandatavad klambrid spetsialiseeritud testimiseks<\/h2>\n<p>S\u00fcstalde punger Glide Force Tester sisaldab kohandatavaid klambreid, mis on valmistatud n\u00f5udmisel, et sobida mitmesuguste s\u00fcstaldisainidega. See paindlikkus v\u00f5imaldab kasutajatel kohandada seadet erinevate konfiguratsioonidega, tagades, et iga test on t\u00e4pne, asjakohane ja usaldusv\u00e4\u00e4rne.<\/p>\n<h2>Peamised parameetrid<\/h2>\n<table>\n<thead>\n<tr>\n<th>Parameeter<\/th>\n<th>Spetsifikatsioon<\/th>\n<\/tr>\n<\/thead>\n<tbody>\n<tr>\n<td style=\"text-align: center;\"><strong>Katse ulatus<\/strong><\/td>\n<td style=\"text-align: center;\">50N (kohandatav vastavalt vajadusele)<\/td>\n<\/tr>\n<tr>\n<td style=\"text-align: center;\"><strong>Insult<\/strong><\/td>\n<td style=\"text-align: center;\">200mm (ilma klambrita)<\/td>\n<\/tr>\n<tr>\n<td style=\"text-align: center;\"><strong>Katse kiirus<\/strong><\/td>\n<td style=\"text-align: center;\">1~500 mm\/min<\/td>\n<\/tr>\n<tr>\n<td style=\"text-align: center;\"><strong>Nihke t\u00e4psus<\/strong><\/td>\n<td style=\"text-align: center;\">0,01 mm<\/td>\n<\/tr>\n<tr>\n<td style=\"text-align: center;\"><strong>\u00dcldine t\u00e4psus<\/strong><\/td>\n<td style=\"text-align: center;\">0,5% F.S.<\/td>\n<\/tr>\n<tr>\n<td style=\"text-align: center;\"><strong>V\u00e4ljundi valikud<\/strong><\/td>\n<td style=\"text-align: center;\">Ekraan, mikroprinter, RS232 (valikuline)<\/td>\n<\/tr>\n<tr>\n<td style=\"text-align: center;\"><strong>Toiteallikas<\/strong><\/td>\n<td style=\"text-align: center;\">110~220V<\/td>\n<\/tr>\n<\/tbody>\n<\/table>\n<h2>KKK<\/h2>\n<ol>\n<li><strong>Mis on s\u00fcstla punger Glide Force Tester'i eesm\u00e4rk?<\/strong>\n<ul>\n<li>See m\u00f5\u00f5dab s\u00fcstla kolvi liigutamiseks vajalikku j\u00f5udu, tagades selle vastavuse kvaliteedistandarditele, et tagada sujuv toimimine ja patsiendi ohutus.<\/li>\n<\/ul>\n<\/li>\n<li><strong>Kuidas vastab see tester standardile ISO 7886-1?<\/strong>\n<ul>\n<li>Tester vastab ISO 7886-1 n\u00f5uetele, pakkudes standardiseeritud katsemeetodeid s\u00fcstla toimivuse ja kasutatavuse kontrollimiseks.<\/li>\n<\/ul>\n<\/li>\n<li><strong>Kas tester sobib erinevate s\u00fcstalde konstruktsioonidega?<\/strong>\n<ul>\n<li>Jah, tester sisaldab kohandatavaid klambreid, mis sobivad erinevate s\u00fcstaldisainidega, v\u00f5imaldades paindlikku testimist.<\/li>\n<\/ul>\n<\/li>\n<li><strong>Milliseid teste saab selle seadmega teha?<\/strong>\n<ul>\n<li>Katsed h\u00f5lmavad kolvi libisemisj\u00f5udu, s\u00fcstla libisemistakistust, vedeliku lekkimist, n\u00f5ela tungimist ja kolvi v\u00e4ljat\u00f5mbamist.<\/li>\n<\/ul>\n<\/li>\n<li><strong>Kuidas hallatakse andmete v\u00e4ljundit?<\/strong>\n<ul>\n<li>Andmeid saab v\u00e4ljastada ekraanile, mikroprinterile v\u00f5i RS232-liidesele, mis pakub mitmeid v\u00f5imalusi tulemuste salvestamiseks ja anal\u00fc\u00fcsimiseks.<\/li>\n<\/ul>\n<\/li>\n<\/ol>","protected":false},"excerpt":{"rendered":"<p>The <strong>S\u00fcstal Plunger Glide Force Tester<\/strong> on spetsiaalne m\u00f5\u00f5teriist, mis on ette n\u00e4htud h\u00fcpodermilise s\u00fcstla kolvi k\u00e4itamiseks vajaliku j\u00f5u m\u00f5\u00f5tmiseks, tagades sellega patsientide ravis kasutatavate meditsiiniseadmete kvaliteedi ja ohutuse. Kuna see tester keskendub t\u00e4psusele ja t\u00f6\u00f6stusstandardite j\u00e4rgimisele, on see h\u00e4davajalik meditsiinipakendite ja ravimite katsetamisel, pakkudes t\u00e4pseid hinnanguid s\u00fcstla toimivuse kohta. M\u00e4\u00e4rates selliseid olulisi n\u00e4itajaid nagu kolvi libisemisj\u00f5ud ja kolvi libisemisj\u00f5ud, on see seade oluline tootjatele, kes soovivad t\u00e4ita regulatiivseid n\u00f5udeid ja pakkuda l\u00f5ppkasutajatele ohutuid tooteid.<\/p>","protected":false},"featured_media":6220,"comment_status":"closed","ping_status":"closed","template":"","meta":{"site-sidebar-layout":"default","site-content-layout":"default","ast-global-header-display":"","ast-main-header-display":"","ast-hfb-above-header-display":"","ast-hfb-below-header-display":"","ast-hfb-mobile-header-display":"","site-post-title":"","ast-breadcrumbs-content":"","ast-featured-img":"","footer-sml-layout":"","theme-transparent-header-meta":"default","adv-header-id-meta":"","stick-header-meta":"","header-above-stick-meta":"","header-main-stick-meta":"","header-below-stick-meta":""},"product_cat":[679,845,1121,1122,1053,1120,1123,1124,149,95],"product_tag":[],"class_list":{"0":"post-5124","1":"product","2":"type-product","3":"status-publish","4":"has-post-thumbnail","6":"product_cat-tensile-tester","7":"product_cat-customization","8":"product_cat-iso-11040-4","9":"product_cat-iso-11608-5","10":"product_cat-iso-7886-1","11":"product_cat-iso-8537","12":"product_cat-usp","13":"product_cat-usp-382","14":"product_cat-pharma-and-medical-testers","15":"product_cat-products","16":"desktop-align-left","17":"tablet-align-left","18":"mobile-align-left","20":"first","21":"instock","22":"shipping-taxable","23":"product-type-simple"},"_links":{"self":[{"href":"https:\/\/www.qualitester.com\/et\/wp-json\/wp\/v2\/product\/5124","targetHints":{"allow":["GET"]}}],"collection":[{"href":"https:\/\/www.qualitester.com\/et\/wp-json\/wp\/v2\/product"}],"about":[{"href":"https:\/\/www.qualitester.com\/et\/wp-json\/wp\/v2\/types\/product"}],"replies":[{"embeddable":true,"href":"https:\/\/www.qualitester.com\/et\/wp-json\/wp\/v2\/comments?post=5124"}],"version-history":[{"count":0,"href":"https:\/\/www.qualitester.com\/et\/wp-json\/wp\/v2\/product\/5124\/revisions"}],"wp:featuredmedia":[{"embeddable":true,"href":"https:\/\/www.qualitester.com\/et\/wp-json\/wp\/v2\/media\/6220"}],"wp:attachment":[{"href":"https:\/\/www.qualitester.com\/et\/wp-json\/wp\/v2\/media?parent=5124"}],"wp:term":[{"taxonomy":"product_cat","embeddable":true,"href":"https:\/\/www.qualitester.com\/et\/wp-json\/wp\/v2\/product_cat?post=5124"},{"taxonomy":"product_tag","embeddable":true,"href":"https:\/\/www.qualitester.com\/et\/wp-json\/wp\/v2\/product_tag?post=5124"}],"curies":[{"name":"wp","href":"https:\/\/api.w.org\/{rel}","templated":true}]}}