{"id":5119,"date":"2024-10-29T16:40:38","date_gmt":"2024-10-29T08:40:38","guid":{"rendered":"https:\/\/www.qualitester.com\/?post_type=product&#038;p=5119"},"modified":"2024-12-05T11:48:42","modified_gmt":"2024-12-05T03:48:42","slug":"sale-injection-vial-cap-open-force-tester","status":"publish","type":"product","link":"https:\/\/www.qualitester.com\/et\/toode\/sale-injection-vial-cap-open-force-tester\/","title":{"rendered":"LSG-01 Alumiinium-kile kombineeritud korkide avamisj\u00f5u tester"},"content":{"rendered":"<h2>Sissejuhatus<\/h2>\n<p>The <strong>Injektsiooniviaalide korkide avamise j\u00f5u tester<\/strong> on spetsiaalne m\u00f5\u00f5teriist, mis on m\u00f5eldud ravimipakendites kasutatavate alumiinium-plastist kombineeritud korkide avamisj\u00f5u hindamiseks. Nende sulgurite terviklikkuse ja usaldusv\u00e4\u00e4rsuse tagamine on toote ohutuse ja t\u00f5hususe s\u00e4ilitamise seisukohalt kriitilise t\u00e4htsusega. See tester m\u00e4ngib kvaliteedikontrollis olulist rolli, aidates tootjatel t\u00e4ita regulatiivseid n\u00f5udeid ja suurendada tarbijate usaldust.<\/p>\n<h2>Taotlus<\/h2>\n<p>Alumiinium-muustik-kombineeritud korki kasutatakse laialdaselt pakendit\u00f6\u00f6stuses ravimite, jookide ja kosmeetikatoodete pudelite sulgemiseks. Need sulgurid \u00fchendavad t\u00f5husalt alumiiniumi tugevuse ja barj\u00e4\u00e4riomadused ning plastiku paindlikkuse ja kuluefektiivsuse. Vastupidav konstruktsioon tagab v\u00f5ltsimiskindluse ja aitab s\u00e4ilitada toote terviklikkust, mist\u00f5ttu on need ideaalsed ravimit\u00f6\u00f6stuses, kus ohutus ja usaldusv\u00e4\u00e4rsus on esmat\u00e4htsad.<\/p>\n<h2>Alumiinium-kilekombineeritud korkide koostis<\/h2>\n<ul>\n<li><strong>Alumiinium komponent<\/strong>: Nende korkide v\u00e4liskest on sageli valmistatud alumiiniumist, mis tagab tugeva ja v\u00f5ltsimisohutu sulgemise atraktiivse viimistlusega. Selle tugevus pakub suurep\u00e4rast kaitset keskkonnategurite eest.<\/li>\n<li><strong>Plastist komponent<\/strong>: Tavaliselt kasutatakse plastist sisemise vooderduse v\u00f5i sulgemismehhanismi jaoks, mis tagab tiheda tihendi, v\u00f5imaldades samas lihtsat avamist. Selline materjalikombinatsioon maksimeerib funktsionaalsust ja kasutusmugavust.<\/li>\n<\/ul>\n<h2>Katsemeetodid ja standardid<\/h2>\n<ul>\n<li><a href=\"https:\/\/www.iso.org\/standard\/82226.html\" target=\"_blank\" rel=\"noopener nofollow\"><strong>ISO 8872<\/strong><\/a>: Selles standardis kirjeldatakse katsemeetodid, millega m\u00e4\u00e4ratakse \u00e4ra rebimisj\u00f5ud, mis on oluline kasutusmugavuse ja funktsionaalsuse tagamiseks.<\/li>\n<li><a href=\"https:\/\/www.qualitester.com\/et\/tootekategooria\/iso\/iso-10985\/\" target=\"_blank\" rel=\"noopener\"><strong>ISO 10985<\/strong><\/a>: M\u00e4\u00e4ratleb plastosade eemaldamiseks vajaliku j\u00f5u, tagades, et korgid on nii turvalised kui ka kasutajas\u00f5bralikud.<\/li>\n<li><strong>ISO 8536 seeria<\/strong>: H\u00f5lmab alumiiniumosade t\u00f5mbe- ja venitusj\u00f5ukatsed, mis on olulised sulgemismaterjalide mehaaniliste omaduste hindamiseks.<\/li>\n<li><strong>Muud asjakohased standardid<\/strong>:\n<ul>\n<li><strong>ISO 7500-1<\/strong>: \u00dcldn\u00f5uded katsemasinatele.<\/li>\n<li><strong>ISO 8362-6 ja ISO 8362-7<\/strong>: Keskenduge s\u00fcsteviaalide ja sulgurite spetsifikatsioonidele, tagades \u00fchilduvuse ja j\u00f5udluse.<\/li>\n<\/ul>\n<\/li>\n<\/ul>\n<h2>J\u00f5ukatsed alumiinium-kilekombineeritud korkidega<\/h2>\n<p>The <strong>Injektsiooniviaalide korkide avamise j\u00f5u tester<\/strong> saab teha mitmeid kriitilisi teste, sealhulgas:<\/p>\n<ol>\n<li><strong>Tab Tear-Off Force<\/strong>: Hindab vahekaardi eemaldamiseks vajalikku j\u00f5udu, tagades kasutaja ligip\u00e4\u00e4setavuse.<\/li>\n<li><strong>Plastikust komponentide v\u00e4ljat\u00f5mbamiseks vajalik j\u00f5ud<\/strong>: M\u00f5\u00f5dab korki plastosade terviklikkust.<\/li>\n<li><strong>Alumiiniumosade t\u00f5mbe- ja venitusj\u00f5ud<\/strong>: Hindab alumiiniumkomponendi tugevust ja paindlikkust, mis on oluline tihendi terviklikkuse s\u00e4ilitamiseks k\u00e4itlemise ajal.<\/li>\n<\/ol>\n<h2>Injektsiooniviaalide korkide avamisj\u00f5u testija tehnilised omadused<\/h2>\n<ul>\n<li><strong>T\u00f6\u00f6stusklassi PLC juhtimiss\u00fcsteem<\/strong>: Pakub stabiilset, t\u00e4pset ja lihtsat t\u00f6\u00f6d kasutajas\u00f5braliku HMI-liidese kaudu.<\/li>\n<li><strong>Mitmek\u00fclgsed testimisv\u00f5imalused<\/strong>: \u00dchildub erinevate tarvikutega t\u00f5mbe-, surve-, purunemis-, purunemis-, k\u00f5vadus-, koorimis-, avamis-, l\u00e4bil\u00f6\u00f6gi- ja t\u00f5mbekatsete tegemiseks.<\/li>\n<li><strong>Reaalajas andmete t\u00f6\u00f6tlemine<\/strong>: Kuvab katsetulemused reaalajas, h\u00f5lbustades kohest anal\u00fc\u00fcsi.<\/li>\n<li><strong>Mikroprinter tulemuste s\u00e4ilitamiseks<\/strong>: Varustatud punktmaatriksprinteriga, mis tagab katsetulemuste pikaajalise s\u00e4ilitamise.<\/li>\n<li><strong>Ohutusfunktsioonid<\/strong>: Sisaldab v\u00e4ljal\u00fclitatud parameetrite m\u00e4lu, \u00fclekoormuskaitse, piirv\u00e4\u00e4rtuste kaitse ja automaatne tagasip\u00f6\u00f6rdumine testide l\u00f5pus.<\/li>\n<li><strong>Kommunikatsiooniliides<\/strong>: Omab RS232-liidest ja valikulist professionaalset tarkvara t\u00e4iustatud andmehalduse jaoks.<\/li>\n<\/ul>\n<h2>Laialdased rakendused<\/h2>\n<p>The <strong>Injektsiooniviaalide korkide avamise j\u00f5u tester<\/strong> sobib mitmesuguste meditsiinipakendit\u00f6\u00f6stuses l\u00e4biviidavate katsete jaoks, tagades pakendimaterjalide ja -komponentide kvaliteedi ja ohutuse. Rakenduste hulka kuuluvad:<\/p>\n<ul>\n<li>Ampullide pudelite purunemiskatsed.<\/li>\n<li>Infusioonipudeli korgi avamisj\u00f5ud ja rebimiskaardi rebimisj\u00f5u testid.<\/li>\n<li>Alumiiniumfooliumi, PVC-plaatide ja komposiitkilede kuumkinnituse tugevuse, t\u00f5mbetugevuse, t\u00f5mbetugevuse ja venivuse katsed.<\/li>\n<\/ul>\n<p>The <strong>Injektsiooniviaalide korkide avamise j\u00f5u tester<\/strong> on oluline tootjate jaoks, kes soovivad tagada oma alumiinium-plastist kombineeritud korkide ohutuse ja t\u00f6\u00f6kindluse. Kui tootjad j\u00e4rgivad t\u00f6\u00f6stusstandardeid ja viivad l\u00e4bi rangeid teste, saavad nad tagada toote terviklikkuse ja suurendada tarbijate usaldust. Investeerige s\u00fcsteviaalide korkide avamisj\u00f5u testerisse, et t\u00f5sta oma kvaliteedi tagamise protsesse.<\/p>\n<h2>KKK<\/h2>\n<ol>\n<li><strong>Mis on s\u00fcsteviaalide korkide avamisj\u00f5u testija eesm\u00e4rk?<\/strong>\n<ul>\n<li>See m\u00f5\u00f5dab j\u00f5udu, mis on vajalik alumiinium-materjalist kombineeritud korkide avamiseks, tagades kasutusmugavuse ja toote terviklikkuse.<\/li>\n<\/ul>\n<\/li>\n<li><strong>Millistele standarditele see tester vastab?<\/strong>\n<ul>\n<li>Tester vastab muu hulgas ISO 8872, ISO 10985 ja ISO 8536 n\u00f5uetele, mis tagab ranged katsemeetodid.<\/li>\n<\/ul>\n<\/li>\n<li><strong>Kas testija on kasutatav eri t\u00fc\u00fcpi korkide jaoks?<\/strong>\n<ul>\n<li>Jah, see \u00fchildub erinevate korkide t\u00fc\u00fcpidega, sealhulgas ravimites, jookides ja kosmeetikatoodetes kasutatavate korkidega.<\/li>\n<\/ul>\n<\/li>\n<li><strong>Millised tehnilised omadused parandavad selle kasutatavust?<\/strong>\n<ul>\n<li>Sellel on PLC juhtimiss\u00fcsteem, reaalajas andmete kuvamine ja mikroprinter katsetulemuste s\u00e4ilitamiseks.<\/li>\n<\/ul>\n<\/li>\n<li><strong>Kas tester sobib nii uurimis- kui ka tootmiskeskkonda?<\/strong>\n<ul>\n<li>Kindlasti on see kavandatud mitmek\u00fclgseks, mist\u00f5ttu sobib see nii laboratoorseks kui ka tootmisliinil toimuvaks testimiseks.<\/li>\n<\/ul>\n<\/li>\n<\/ol>","protected":false},"excerpt":{"rendered":"<p>Sissejuhatus Injektsiooniviaalide korkide avamisj\u00f5u tester on spetsiaalne seade, mis on m\u00f5eldud ravimipakendites kasutatavate alumiinium-plastist kombineeritud korkide avamisj\u00f5u hindamiseks. Nende korkide terviklikkuse ja usaldusv\u00e4\u00e4rsuse tagamine on toote ohutuse ja t\u00f5hususe s\u00e4ilitamiseks kriitilise t\u00e4htsusega. See tester m\u00e4ngib olulist rolli kvaliteedikontrollis, aidates tootjatel t\u00e4ita ...<\/p>\n<p class=\"read-more\"> <a class=\"\" href=\"https:\/\/www.qualitester.com\/et\/toode\/sale-injection-vial-cap-open-force-tester\/\"> <span class=\"screen-reader-text\">LSG-01 Alumiinium-kile kombineeritud korkide avamisj\u00f5u tester<\/span> Loe edasi \u00bb<\/a><\/p>","protected":false},"featured_media":6213,"comment_status":"closed","ping_status":"closed","template":"","meta":{"site-sidebar-layout":"default","site-content-layout":"default","ast-global-header-display":"","ast-main-header-display":"","ast-hfb-above-header-display":"","ast-hfb-below-header-display":"","ast-hfb-mobile-header-display":"","site-post-title":"","ast-breadcrumbs-content":"","ast-featured-img":"","footer-sml-layout":"","theme-transparent-header-meta":"default","adv-header-id-meta":"","stick-header-meta":"","header-above-stick-meta":"","header-main-stick-meta":"","header-below-stick-meta":""},"product_cat":[934,845,1050,1049,1051,1052,1048,17,149,16,95],"product_tag":[],"class_list":{"0":"post-5119","1":"product","2":"type-product","3":"status-publish","4":"has-post-thumbnail","6":"product_cat-medical-packaging-tester","7":"product_cat-customization","8":"product_cat-iso-10985","9":"product_cat-iso-7500-1","10":"product_cat-iso-8362-6","11":"product_cat-iso-8362-7","12":"product_cat-iso-8872","13":"product_cat-package-container-testers","14":"product_cat-pharma-and-medical-testers","15":"product_cat-plastic-packaging-testers","16":"product_cat-products","17":"desktop-align-left","18":"tablet-align-left","19":"mobile-align-left","21":"first","22":"instock","23":"shipping-taxable","24":"product-type-simple"},"_links":{"self":[{"href":"https:\/\/www.qualitester.com\/et\/wp-json\/wp\/v2\/product\/5119","targetHints":{"allow":["GET"]}}],"collection":[{"href":"https:\/\/www.qualitester.com\/et\/wp-json\/wp\/v2\/product"}],"about":[{"href":"https:\/\/www.qualitester.com\/et\/wp-json\/wp\/v2\/types\/product"}],"replies":[{"embeddable":true,"href":"https:\/\/www.qualitester.com\/et\/wp-json\/wp\/v2\/comments?post=5119"}],"version-history":[{"count":0,"href":"https:\/\/www.qualitester.com\/et\/wp-json\/wp\/v2\/product\/5119\/revisions"}],"wp:featuredmedia":[{"embeddable":true,"href":"https:\/\/www.qualitester.com\/et\/wp-json\/wp\/v2\/media\/6213"}],"wp:attachment":[{"href":"https:\/\/www.qualitester.com\/et\/wp-json\/wp\/v2\/media?parent=5119"}],"wp:term":[{"taxonomy":"product_cat","embeddable":true,"href":"https:\/\/www.qualitester.com\/et\/wp-json\/wp\/v2\/product_cat?post=5119"},{"taxonomy":"product_tag","embeddable":true,"href":"https:\/\/www.qualitester.com\/et\/wp-json\/wp\/v2\/product_tag?post=5119"}],"curies":[{"name":"wp","href":"https:\/\/api.w.org\/{rel}","templated":true}]}}