{"id":5110,"date":"2024-10-29T16:23:12","date_gmt":"2024-10-29T08:23:12","guid":{"rendered":"https:\/\/www.qualitester.com\/?post_type=product&#038;p=5110"},"modified":"2024-12-05T11:31:23","modified_gmt":"2024-12-05T03:31:23","slug":"sale-soft-gel-capsule-hardness-tester","status":"publish","type":"product","link":"https:\/\/www.qualitester.com\/et\/toode\/sale-soft-gel-capsule-hardness-tester\/","title":{"rendered":"CHT-01 pehme geel kapsli k\u00f5vaduse tester"},"content":{"rendered":"<h2><strong>Sissejuhatus pehme geelkapsli k\u00f5vaduse testerisse<\/strong><\/h2>\n<p>Farmaatsia- ja ravimit\u00f6\u00f6stuses on kvaliteedikontroll esmat\u00e4htis. Kriitiline on tagada, et pehmete geelkapslite struktuuriline terviklikkus s\u00e4iliks pakendamise, ladustamise ja levitamise k\u00e4igus. Veebileht <strong>Pehme geel kapsli k\u00f5vaduse tester<\/strong>, t\u00e4psemalt <strong>CHT-01 kapslite ja pehmekapslite k\u00f5vaduse tester<\/strong>, on suure t\u00e4psusega m\u00f5\u00f5teriist, mis on m\u00f5eldud kapsli k\u00f5vaduse, elastsuse ja \u00fcldise tugevuse m\u00f5\u00f5tmiseks. Hindades selliseid v\u00f5tmetegureid nagu k\u00f5vadus, deformatsioon ja tihendi tugevus, aitab see tester tootjatel tagada, et nende tooted on ohutud, t\u00f5husad ja kvaliteetsed.<\/p>\n<h2><strong>Miks testida pehmete geelkapslite k\u00f5vadust ja k\u00f5vadust?<\/strong><\/h2>\n<p>Pehme geelkapsleid kasutatakse laialdaselt vitamiinide, mineraalainete ja ravimite manustamiseks stabiilses ja kaitsvas \u017eelatiinist kestas. Nende kapslite puhul on ideaalse k\u00f5vaduse taseme s\u00e4ilitamine oluline - mitte ainult sisemuses olevate toimeainete kaitsmiseks, vaid ka sisu kontrollitud vabanemise tagamiseks allaneelamisel. K\u00f5vaduse testimine n\u00e4itab, kuidas kapsel k\u00e4itub erinevates tingimustes, alates pakendamisest ja transpordist kuni tarbija kogemusteni. . <strong>Pehme geel kapsli k\u00f5vaduse tester<\/strong> on oluline kapsli seinte v\u00f5i tihendite n\u00f5rkade kohtade tuvastamiseks, et v\u00e4ltida probleeme enne nende turule j\u00f5udmist.<\/p>\n<h2><strong>Pehme geelkapsli k\u00f5vaduse testija peamised omadused<\/strong><\/h2>\n<ul>\n<li><strong>K\u00f5rge t\u00e4psusega testimisv\u00f5imalused<\/strong><br \/>\nSee tester on varustatud t\u00e4iustatud tehnoloogiaga, nagu PLC-juhtimisseade, t\u00e4ppiskuuliruvi ja samm-mootor, ning annab usaldusv\u00e4\u00e4rseid ja t\u00e4pseid tulemusi, mis toetavad rangeid kvaliteedistandardeid.<\/li>\n<li><strong>Mitmek\u00fclgsed testprogrammid<\/strong><br \/>\nMitme standardprogrammi pakkumine-<strong>J\u00f5udu<\/strong> (konkreetse j\u00f5u rakendamine ja vahemaa m\u00f5\u00f5tmine), <strong>Tipp<\/strong> (kapsli rebenemise maksimaalse j\u00f5u m\u00f5\u00f5tmine) ja <strong>Kaugus<\/strong> (j\u00f5u m\u00f5\u00f5tmine fikseeritud kaugusel) - pehme geelkapsli k\u00f5vaduse tester v\u00f5imaldab kapsli terviklikku katsetamist, et m\u00f5ista kapsli terviklikkuse k\u00f5iki tahke.<\/li>\n<li><strong>Kasutajas\u00f5bralik kasutajaliides ja kontroll<\/strong><br \/>\n7-tolline HMI puuteekraan v\u00f5imaldab kasutajatel h\u00f5lpsasti seadistusi konfigureerida, testprogramme hallata ja tulemusi visualiseerida. See intuitiivne disain parandab t\u00f6\u00f6voogu ja h\u00f5lbustab kiiret kohandamist vastavalt testimisn\u00f5uetele.<\/li>\n<li><strong>T\u00f5hustatud t\u00f5husus ja ohutusomadused<\/strong><br \/>\nP\u00f6\u00f6rlev laud, automaatne staatika andmete kogumiseks ja \u00fclekoormuskaitse suurendavad t\u00f5husust ja ohutust. Need funktsioonid lihtsustavad testimist ja kaitsevad seadet liigse kasutamise eest, suurendades selle kasutusiga ja usaldusv\u00e4\u00e4rsust.<\/li>\n<\/ul>\n<h2><strong>Pehme geelkapsli k\u00f5vaduse ja k\u00f5vaduse \u00fcksikasjalikud katsemeetodid<\/strong><\/h2>\n<ul>\n<li><strong>Survekatse<\/strong><br \/>\nSurvekatsel rakendatakse 10 mm l\u00e4bim\u00f5\u00f5duga v\u00f5i 10 mm\u00b2 pindalaga silindrisondi abil kapslile survet, kuni tekib deformatsioon v\u00f5i rebenemine. See simuleerib f\u00fc\u00fcsikalisi pingeid, millega kapsel v\u00f5ib tegelikes tingimustes, n\u00e4iteks pakkimise ja transpordi ajal, kokku puutuda. Survekatsete abil saavad tootjad \u00fclevaate kapsli vastupidavusest ja kahjustuskindlusest.<\/li>\n<li><strong>Tugevuse ja tihendustugevuse testimine<\/strong><br \/>\nK\u00f5vaduse testimisel hinnatakse, kui palju kapsel deformeerub teatud survekoormuse all, andes teavet selle elastsuse ja vastupidavuse kohta. Lisaks sellele m\u00f5\u00f5detakse tihendustugevuse katsega j\u00f5udu, mis on vajalik kapsli tihendi purustamiseks, tagades, et kapsel ei rebene enneaegselt ja vabastab oma sisu ainult etten\u00e4htud tingimustel.<\/li>\n<\/ul>\n<h2><strong>Tehnilised andmed ja parameetrid<\/strong><\/h2>\n<table>\n<tbody>\n<tr>\n<td width=\"184\">Katse ulatus<\/td>\n<td width=\"289\">0~200N (v\u00f5i vastavalt vajadusele)<\/td>\n<\/tr>\n<tr>\n<td width=\"184\">Insult<\/td>\n<td width=\"289\">200mm (ilma klambrita)<\/td>\n<\/tr>\n<tr>\n<td width=\"184\">Kiirus<\/td>\n<td width=\"289\">1~300mm\/min (v\u00f5i vastavalt vajadusele)<\/td>\n<\/tr>\n<tr>\n<td width=\"184\">Nihke t\u00e4psus<\/td>\n<td width=\"289\">0.01mm<\/td>\n<\/tr>\n<tr>\n<td width=\"184\">T\u00e4psus<\/td>\n<td width=\"289\">0,5% F.S.<\/td>\n<\/tr>\n<tr>\n<td width=\"184\">V\u00e4ljund<\/td>\n<td width=\"289\">Ekraan, mikroprinter, RS232 (valikuline)<\/td>\n<\/tr>\n<tr>\n<td width=\"184\">V\u00f5imsus<\/td>\n<td width=\"289\">110~ 220V 50\/60Hz<\/td>\n<\/tr>\n<\/tbody>\n<\/table>\n<h2><strong>Pehme geelkapsli k\u00f5vaduse testija eelised<\/strong><\/h2>\n<ul>\n<li><strong>P\u00f5hjalik kvaliteedi tagamise testimine<\/strong><br \/>\nMitmekordse testimisv\u00f5imalusega v\u00f5imaldab see tester tootjatel hinnata kapslite vastupidavust, \u00fchtlikkust ja struktuurilist tugevust. Selle tulemuseks on parem tootekvaliteet ja klientide rahulolu.<\/li>\n<li><strong>Kohandatavad seadeldise valikud mitmek\u00fclgsete testide tegemiseks<\/strong><br \/>\nErinevate kinnituste ja rakiste abil sobib tester erinevate kapsli suuruste ja kujuga, muutes selle mitmek\u00fclgseks mitmesuguste pehmete geelide kasutamisel.<\/li>\n<li><strong>Ehitatud pikaajaliseks vastupidavuseks<\/strong><br \/>\nTugevate komponentide ja t\u00e4iustatud mehhanismide abil valmistatud tester on ehitatud pika kasutusiga tagamiseks, mis maksimeerib investeeringu tasuvust, v\u00e4hendades samal ajal seisakuid ja hooldust\u00f6id.<\/li>\n<\/ul>\n<h2><strong>Pehme geelkapsli k\u00f5vaduse testija rakendused<\/strong><\/h2>\n<p>See seade on h\u00e4davajalik farmaatsia- ja toitumisravimite tootmise keskkondades, kus vitamiine, mineraalaineid ja muid vedelaid ravimeid sisaldavad pehmed geelkapslid n\u00f5uavad ranget kvaliteedikontrolli. Pehme geelkapsli k\u00f5vaduse tester m\u00e4ngib olulist rolli tootmise, pakendamise ja k\u00e4itlemise kvaliteedi tagamisel, tagades, et kapslid s\u00e4ilitavad oma terviklikkuse ja t\u00f5hususe kuni tarbijani.<\/p>\n<hr \/>\n<h2><strong>KKK jaotis<\/strong><\/h2>\n<ul>\n<li><strong>Q1<\/strong>: <em>Milliseid kapslit\u00fc\u00fcpe saab selle seadmega testida?<\/em><br \/>\n<strong>A<\/strong>: Pehme geelkapsli k\u00f5vaduse tester sobib ideaalselt ravimite ja toidulisandite, sealhulgas vitamiine ja vedelaid ravimeid sisaldavate pehmete geelkapslite testimiseks.<\/li>\n<li><strong>Q2<\/strong>: <em>Milline on k\u00f5vadustesti t\u00e4htsus?<\/em><br \/>\n<strong>A<\/strong>: K\u00f5vaduse testimisel hinnatakse kapsli seina tugevust ja painduvust, mis aitab tagada, et kapslid ei rebeneks tavap\u00e4rase k\u00e4itlemise, ladustamise v\u00f5i pakendamise ajal.<\/li>\n<li><strong>Q3<\/strong>: <em>Kas see tester saab m\u00f5\u00f5ta elastsust?<\/em><br \/>\n<strong>A<\/strong>: Jah, see m\u00f5\u00f5dab kapsli elastsust, m\u00f5\u00f5tes seina deformatsiooni kindlaksm\u00e4\u00e4ratud survekoormuse all, tagades, et kapslid on paindlikud, kuid samas vastupidavad.<\/li>\n<li><strong>Q4<\/strong>: <em>Kas CHT-01 on kohandatav konkreetsete kapslit\u00fc\u00fcpide jaoks?<\/em><br \/>\n<strong>A<\/strong>: Jah, testerit saab kohandada erinevate kinnituste ja rakiste abil, et see sobiks erinevate kapslivormide ja -suuruste jaoks, mist\u00f5ttu on see sobilik mitmesuguste testimisvajaduste jaoks.<\/li>\n<li><strong>Q5<\/strong>: <em>Millised v\u00e4ljundvalikud on andmete salvestamiseks saadaval?<\/em><br \/>\n<strong>A<\/strong>: Tester kuvab andmeid ekraanil, v\u00f5imaldab v\u00e4ljatr\u00fckki mikroprinteri kaudu ja pakub lisavarustusena RS232-\u00fchendust digitaalsete andmete eksportimiseks.<\/li>\n<\/ul>","protected":false},"excerpt":{"rendered":"<p>Farmaatsia- ja ravimit\u00f6\u00f6stuses on kvaliteedikontroll esmat\u00e4htis. Kriitiline on tagada, et pehmete geelkapslite struktuuriline terviklikkus s\u00e4iliks pakendamise, ladustamise ja levitamise k\u00e4igus. Veebileht <strong>Pehme geel kapsli k\u00f5vaduse tester<\/strong>, t\u00e4psemalt <strong>CHT-01 kapslite ja pehmekapslite k\u00f5vaduse tester<\/strong>, on suure t\u00e4psusega m\u00f5\u00f5teriist, mis on m\u00f5eldud kapsli k\u00f5vaduse, elastsuse ja \u00fcldise tugevuse m\u00f5\u00f5tmiseks. Hindades selliseid v\u00f5tmetegureid nagu k\u00f5vadus, deformatsioon ja tihendi tugevus, aitab see tester tootjatel tagada, et nende tooted on ohutud, t\u00f5husad ja kvaliteetsed.<\/p>","protected":false},"featured_media":6205,"comment_status":"closed","ping_status":"closed","template":"","meta":{"site-sidebar-layout":"default","site-content-layout":"default","ast-global-header-display":"","ast-main-header-display":"","ast-hfb-above-header-display":"","ast-hfb-below-header-display":"","ast-hfb-mobile-header-display":"","site-post-title":"","ast-breadcrumbs-content":"","ast-featured-img":"","footer-sml-layout":"","theme-transparent-header-meta":"default","adv-header-id-meta":"","stick-header-meta":"","header-above-stick-meta":"","header-main-stick-meta":"","header-below-stick-meta":""},"product_cat":[845,953,956,955,1054,954,957,958,952,959,149,95],"product_tag":[],"class_list":{"0":"post-5110","1":"product","2":"type-product","3":"status-publish","4":"has-post-thumbnail","6":"product_cat-customization","7":"product_cat-bursting-tester","8":"product_cat-cobb-tester","9":"product_cat-crush-tester","10":"product_cat-hardness-tester","11":"product_cat-paper-tear-tester","12":"product_cat-plybond-tester","13":"product_cat-puncture-tester","14":"product_cat-rub-tester","15":"product_cat-stiffness-tester","16":"product_cat-pharma-and-medical-testers","17":"product_cat-products","18":"desktop-align-left","19":"tablet-align-left","20":"mobile-align-left","22":"first","23":"instock","24":"shipping-taxable","25":"product-type-simple"},"_links":{"self":[{"href":"https:\/\/www.qualitester.com\/et\/wp-json\/wp\/v2\/product\/5110","targetHints":{"allow":["GET"]}}],"collection":[{"href":"https:\/\/www.qualitester.com\/et\/wp-json\/wp\/v2\/product"}],"about":[{"href":"https:\/\/www.qualitester.com\/et\/wp-json\/wp\/v2\/types\/product"}],"replies":[{"embeddable":true,"href":"https:\/\/www.qualitester.com\/et\/wp-json\/wp\/v2\/comments?post=5110"}],"version-history":[{"count":0,"href":"https:\/\/www.qualitester.com\/et\/wp-json\/wp\/v2\/product\/5110\/revisions"}],"wp:featuredmedia":[{"embeddable":true,"href":"https:\/\/www.qualitester.com\/et\/wp-json\/wp\/v2\/media\/6205"}],"wp:attachment":[{"href":"https:\/\/www.qualitester.com\/et\/wp-json\/wp\/v2\/media?parent=5110"}],"wp:term":[{"taxonomy":"product_cat","embeddable":true,"href":"https:\/\/www.qualitester.com\/et\/wp-json\/wp\/v2\/product_cat?post=5110"},{"taxonomy":"product_tag","embeddable":true,"href":"https:\/\/www.qualitester.com\/et\/wp-json\/wp\/v2\/product_tag?post=5110"}],"curies":[{"name":"wp","href":"https:\/\/api.w.org\/{rel}","templated":true}]}}