{"id":4162,"date":"2024-04-15T16:39:45","date_gmt":"2024-04-15T08:39:45","guid":{"rendered":"https:\/\/www.qualitester.com\/?post_type=product&#038;p=4162"},"modified":"2024-12-05T13:03:46","modified_gmt":"2024-12-05T05:03:46","slug":"medical-needle-puncture-tester","status":"publish","type":"product","link":"https:\/\/www.qualitester.com\/et\/toode\/medical-needle-puncture-tester\/","title":{"rendered":"NPT-01 n\u00f5elapunktuuri tester"},"content":{"rendered":"<h2>NPT-01 meditsiinilise n\u00f5eltesteri tutvustamine<\/h2>\n<p>Meditsiiniseadmete testimise valdkonnas on t\u00e4psus ja usaldusv\u00e4\u00e4rsus v\u00e4ga olulised. Materjalide testimise instrumentide t\u00e4iustatud tootja Cell Instruments pakub meditsiinilise ohutuse valdkonnas lahendust - see on <strong>Meditsiiniline n\u00f5elapunktuuri tester<\/strong>. See meditsiinit\u00f6\u00f6stuse rangetele n\u00f5uetele vastav tipptasemel seade tagab meditsiiniliste n\u00f5elte terviklikkuse ja ohutuse kasutamise ajal, suurendades patsientide ravi ja usaldust meditsiiniliste protseduuride suhtes.<\/p>\n<h2>Miks valida NPT-01 meditsiiniline n\u00f5elapunktuuri tester?<\/h2>\n<p>Meditsiiniline n\u00f5elapunktsioonitesti on h\u00e4davajalik vahend nii meditsiiniseadmete tootjate, kvaliteedikontrolliasutuste kui ka tervishoiuasutuste jaoks. Siin on meditsiinilise n\u00f5ela punktsioonitesti eelised\uff1a<\/p>\n<p><img fetchpriority=\"high\" decoding=\"async\" class=\"wp-image-4166 size-woocommerce_single aligncenter\" src=\"https:\/\/www.qualitester.com\/wp-content\/uploads\/2024\/04\/usp-381-needle-puncture-tester-600x600.jpg\" alt=\"usp 381 n\u00f5elapunktsioonitesti usp 381\" width=\"600\" height=\"600\" srcset=\"https:\/\/www.qualitester.com\/wp-content\/uploads\/2024\/04\/usp-381-needle-puncture-tester-600x600.jpg 600w, https:\/\/www.qualitester.com\/wp-content\/uploads\/2024\/04\/usp-381-needle-puncture-tester-300x300.jpg 300w, https:\/\/www.qualitester.com\/wp-content\/uploads\/2024\/04\/usp-381-needle-puncture-tester-150x150.jpg 150w, https:\/\/www.qualitester.com\/wp-content\/uploads\/2024\/04\/usp-381-needle-puncture-tester-100x100.jpg 100w, https:\/\/www.qualitester.com\/wp-content\/uploads\/2024\/04\/usp-381-needle-puncture-tester.jpg 750w\" sizes=\"(max-width: 600px) 100vw, 600px\" \/><\/p>\n<h3>1. Kvaliteedikontroll<\/h3>\n<p>Meditsiiniseadmete sektori rangete eeskirjade j\u00e4rgimine, et tagada meditsiiniliste n\u00f5elte usaldusv\u00e4\u00e4rsus ja ohutus. Medical Needle Puncture Tester v\u00f5imaldab ettev\u00f5tetel j\u00e4rgida t\u00f6\u00f6stusstandardeid ja s\u00e4ilitada tippkvaliteeti.<\/p>\n<h3>2. T\u00e4pne uurimine<\/h3>\n<p>T\u00e4psus on meditsiinilises diagnoosimises ja ravis \u00fclimalt oluline. Selle t\u00e4iustatud testimisseadme kasutuselev\u00f5tmine v\u00f5imaldab meditsiiniliste n\u00f5elte t\u00e4pse punktsiooni hindamist, tagades maksimaalse funktsionaalsuse ja v\u00e4hendades meditsiiniliste protseduuride k\u00e4igus toimuvate \u00f5nnetuste t\u00f5en\u00e4osust.<\/p>\n<h2>Peamised funktsioonid<\/h2>\n<p><img decoding=\"async\" class=\"wp-image-4165 size-woocommerce_single aligncenter\" src=\"https:\/\/www.qualitester.com\/wp-content\/uploads\/2024\/04\/medical-needle-puncture-tester-600x600.jpg\" alt=\"meditsiinilise n\u00f5ela punktsioonitesti\" width=\"600\" height=\"600\" srcset=\"https:\/\/www.qualitester.com\/wp-content\/uploads\/2024\/04\/medical-needle-puncture-tester-600x600.jpg 600w, https:\/\/www.qualitester.com\/wp-content\/uploads\/2024\/04\/medical-needle-puncture-tester-300x300.jpg 300w, https:\/\/www.qualitester.com\/wp-content\/uploads\/2024\/04\/medical-needle-puncture-tester-150x150.jpg 150w, https:\/\/www.qualitester.com\/wp-content\/uploads\/2024\/04\/medical-needle-puncture-tester-100x100.jpg 100w, https:\/\/www.qualitester.com\/wp-content\/uploads\/2024\/04\/medical-needle-puncture-tester.jpg 750w\" sizes=\"(max-width: 600px) 100vw, 600px\" \/><\/p>\n<h3>1. Taotlus n\u00f5elapistekindluse testeriga<\/h3>\n<p>See katseseade on spetsiaalselt ette n\u00e4htud j\u00e4rgmiste toodete l\u00e4bistamiskindluse hindamiseks <strong>meditsiinilised n\u00f5elad<\/strong>, sealhulgas, kuid mitte ainult <strong>s\u00fcstlan\u00f5elad<\/strong>, i<strong>njection n\u00f5elad<\/strong>, <strong>akupunktuuri n\u00f5elad<\/strong>, ja <strong>biopsia n\u00f5elad<\/strong>. Selle mitmek\u00fclgsus v\u00f5imaldab igak\u00fclgset katsetamist erinevate n\u00f5elt\u00fc\u00fcpide ja -m\u00f5\u00f5tude puhul, tagades toote toimivuse p\u00f5hjaliku hindamise.<\/p>\n<h3>2. Milliseid eeliseid on v\u00f5imalik saada?<\/h3>\n<p>Kasutades meditsiinilise n\u00f5elapunktuuri testerit, saavad kasutajad mitmeid m\u00e4rkimisv\u00e4\u00e4rseid eeliseid:<\/p>\n<ul>\n<li>Parem ohutus: See t\u00f6\u00f6riist aitab tuvastada meditsiiniliste n\u00f5elte probleeme v\u00f5i puudusi, v\u00e4hendades n\u00f5elte purunemise v\u00f5i mittetoimimise v\u00f5imalust meditsiiniliste protseduuride ajal.<\/li>\n<li>Koosoleku eeskirjad: Selles \u00fcha enam reguleeritavas valdkonnas on v\u00e4ga oluline t\u00e4ita rangeid standardeid. See tester lihtsustab eeskirjade ja standardite j\u00e4rgimist, ennetades v\u00f5imalikke \u00f5iguslikke probleeme ja hoides toote usaldusv\u00e4\u00e4rsust.<\/li>\n<li>Kulude kokkuhoid: P\u00f5hjaliku testimise abil varakult n\u00f5elaprobleemide leidmine s\u00e4\u00e4stab ettev\u00f5tete raha. See v\u00e4hendab toodete tagasikutsumise, kohtuprotsesside ja maine kahjustamise riski.<\/li>\n<\/ul>\n<h2>Kuidas kasutada NPT-01 meditsiinilist n\u00f5eltestrit<\/h2>\n<h3>1. Operatsiooniprotsess<\/h3>\n<p>Insenerid rakendasid PLC-juhtimis\u00fcksuse kaudu kergesti kasutatava inimese ja arvuti vahelise suhtlusliidese. Seet\u00f5ttu on meditsiinilise n\u00f5ela punktsioonitesti kasutamine v\u00e4ga lihtne:<\/p>\n<ol>\n<li>Kinnitage meditsiinilise n\u00f5ela proov ja punktsiooniproovid selleks etten\u00e4htud kinnituses.<\/li>\n<li>Kohandage katse parameetrid, sealhulgas l\u00e4bistamisj\u00f5ud ja kiirus, et viia need vastavusse konkreetsete katsetusn\u00f5uetega.<\/li>\n<li>Alustage testimisprotsessi, v\u00f5imaldades seadmel hinnata n\u00f5ela l\u00e4bistamise vastupidavust.<\/li>\n<li>Hinnake katsetulemusi, et m\u00e4\u00e4rata kindlaks n\u00f5ela toimivus ja tuvastada k\u00f5ik k\u00f5rvalekalded oodatavatest standarditest.<\/li>\n<\/ol>\n<h3>2. Viide videole NPT-01 meditsiinilise n\u00f5elapunktuuri testija kohta<\/h3>\n<div class=\"ast-oembed-container\" style=\"height: 100%;\"><iframe title=\"Meditsiiniline s\u00fcstlan\u00f5ela punktsiooni testimine | Test Instrumentide kohandamine\" width=\"500\" height=\"281\" src=\"https:\/\/www.youtube.com\/embed\/6D2saICCxCA?feature=oembed\" frameborder=\"0\" allow=\"accelerometer; autoplay; clipboard-write; encrypted-media; gyroscope; picture-in-picture; web-share\" referrerpolicy=\"strict-origin-when-cross-origin\" allowfullscreen><\/iframe><\/div>\n<h2>\u00dcldised rakendused<\/h2>\n<p>Meditsiinilise n\u00f5eltestri mitmek\u00fclgsus muudab selle asendamatuks erinevates meditsiinit\u00f6\u00f6stuse rakendustes:<\/p>\n<ul>\n<li>Kvaliteedikontroll tootmises: Meditsiiniseadmete tootjad usaldavad seda testerit meditsiiniliste n\u00f5elte p\u00f5hjaliku kvaliteedihindamise l\u00e4biviimiseks, tagades vastavuse regulatiivsetele standarditele ja s\u00e4ilitades toote tipptaseme.<\/li>\n<li>Teadus- ja arendustegevus: Uurijad kasutavad testerit uuendusliku n\u00f5ela disaini ja materjalide hindamiseks, et suurendada meditsiiniseadmete t\u00f5husust ja ohutust.<\/li>\n<\/ul>\n<p><img decoding=\"async\" class=\"wp-image-4164 size-woocommerce_single aligncenter\" src=\"https:\/\/www.qualitester.com\/wp-content\/uploads\/2024\/04\/NPT-01-needle-puncture-tester-600x600.jpg\" alt=\"NPT-01 n\u00f5elapunktsioonitesti\" width=\"600\" height=\"600\" srcset=\"https:\/\/www.qualitester.com\/wp-content\/uploads\/2024\/04\/NPT-01-needle-puncture-tester-600x600.jpg 600w, https:\/\/www.qualitester.com\/wp-content\/uploads\/2024\/04\/NPT-01-needle-puncture-tester-300x300.jpg 300w, https:\/\/www.qualitester.com\/wp-content\/uploads\/2024\/04\/NPT-01-needle-puncture-tester-150x150.jpg 150w, https:\/\/www.qualitester.com\/wp-content\/uploads\/2024\/04\/NPT-01-needle-puncture-tester-100x100.jpg 100w, https:\/\/www.qualitester.com\/wp-content\/uploads\/2024\/04\/NPT-01-needle-puncture-tester.jpg 750w\" sizes=\"(max-width: 600px) 100vw, 600px\" \/><\/p>\n<h2>Peamine parameeter<\/h2>\n<table style=\"height: 262px;\" width=\"429\">\n<tbody>\n<tr>\n<td width=\"181\">Katse ulatus<\/td>\n<td width=\"284\">0~200N (v\u00f5i vastavalt vajadusele)<\/td>\n<\/tr>\n<tr>\n<td>Insult<\/td>\n<td>200mm (ilma klambrita)<\/td>\n<\/tr>\n<tr>\n<td>Kiirus<\/td>\n<td>1~500mm\/min (v\u00f5i vastavalt vajadusele)<\/td>\n<\/tr>\n<tr>\n<td>Nihke t\u00e4psus<\/td>\n<td>0.01mm<\/td>\n<\/tr>\n<tr>\n<td>T\u00e4psus<\/td>\n<td>0,5% F.S.<\/td>\n<\/tr>\n<tr>\n<td>V\u00e4ljund<\/td>\n<td>Ekraan, mikroprinter, RS232 (valikuline)<\/td>\n<\/tr>\n<tr>\n<td>V\u00f5imsus<\/td>\n<td>110~ 220V 50\/60Hz<\/td>\n<\/tr>\n<\/tbody>\n<\/table>\n<h2>Tootmisprotsess<\/h2>\n<p>&nbsp;<\/p>\n<h2>M\u00fc\u00fcgieelne tugi<\/h2>\n<p>&nbsp;<\/p>\n<h2>M\u00fc\u00fcgij\u00e4rgne teenindus<\/h2>\n<p>&nbsp;<\/p>\n<p><img loading=\"lazy\" decoding=\"async\" class=\"wp-image-4163 size-woocommerce_single aligncenter\" src=\"https:\/\/www.qualitester.com\/wp-content\/uploads\/2024\/04\/needle-puncture-resistance-test-600x600.jpg\" alt=\"n\u00f5ela punktsioonikindluse test\" width=\"600\" height=\"600\" srcset=\"https:\/\/www.qualitester.com\/wp-content\/uploads\/2024\/04\/needle-puncture-resistance-test-600x600.jpg 600w, https:\/\/www.qualitester.com\/wp-content\/uploads\/2024\/04\/needle-puncture-resistance-test-300x300.jpg 300w, https:\/\/www.qualitester.com\/wp-content\/uploads\/2024\/04\/needle-puncture-resistance-test-150x150.jpg 150w, https:\/\/www.qualitester.com\/wp-content\/uploads\/2024\/04\/needle-puncture-resistance-test-100x100.jpg 100w, https:\/\/www.qualitester.com\/wp-content\/uploads\/2024\/04\/needle-puncture-resistance-test.jpg 750w\" sizes=\"(max-width: 600px) 100vw, 600px\" \/><\/p>\n<h2>Peamine standard<\/h2>\n<p><a href=\"https:\/\/www.uspnf.com\/sites\/default\/files\/usp_pdf\/EN\/USPNF\/revisions\/381_elastomeric_closure_for_injections_rb_notice.pdf\" target=\"_blank\" rel=\"noopener nofollow\">USP 381<\/a><\/p>\n<p><a href=\"https:\/\/www.iso.org\/standard\/68560.html\" target=\"_blank\" rel=\"noopener nofollow\">ISO 8871-5<\/a><\/p>\n<h2>Soovitatav artikkel<\/h2>\n<p><span style=\"text-decoration: underline;\"><span style=\"color: #99ccff; text-decoration: underline;\"><a style=\"color: #99ccff; text-decoration: underline;\" title=\"n\u00f5ela l\u00e4bistamiskindluse testimine\" href=\"https:\/\/www.qualitester.com\/et\/3-reasons-to-test-needle-puncture-resistance\/\" target=\"_blank\" rel=\"noopener\">3 p\u00f5hjust, miks testida n\u00f5ela l\u00e4bil\u00f6\u00f6gikindlus<\/a><\/span><\/span><\/p>\n<p><span style=\"text-decoration: underline;\"><span style=\"color: #99ccff; text-decoration: underline;\"><a class=\"row-title\" style=\"color: #99ccff; text-decoration: underline;\" href=\"https:\/\/www.qualitester.com\/et\/what-is-penetrability-testing-iso-8871-5\/\" target=\"_blank\" rel=\"noopener\" aria-label=\"\u300cMida on l\u00e4bilaskvuse testimine? | ISO 8871-5\u300d\uff08\u7f16\u8f91\uff09\u300d\uff08\u7f16\u8f91\uff09\">Mis on l\u00e4bilaskvuse testimine? | ISO 8871-5<\/a><\/span><\/span><\/p>\n<p><span style=\"text-decoration: underline;\"><span style=\"color: #99ccff; text-decoration: underline;\"><a class=\"row-title\" style=\"color: #99ccff; text-decoration: underline;\" href=\"https:\/\/www.qualitester.com\/et\/penetrability-tester-for-vial-stopper-iso-8871-5\/\" target=\"_blank\" rel=\"noopener\" aria-label=\"\u300cPenetrability Tester for Vial Stopper | ISO 8871-5\u300d\uff08\u7f16\u8f91\uff09.\">Viaali korgi l\u00e4bilaskvuse tester | ISO 8871-5<\/a><\/span><\/span><\/p>\n<p><span style=\"text-decoration: underline;\"><span style=\"color: #99ccff; text-decoration: underline;\"><a class=\"row-title\" style=\"color: #99ccff; text-decoration: underline;\" href=\"https:\/\/www.qualitester.com\/et\/needle-penetrability-tester-for-vial-stopper\/\" aria-label=\"\u300cNeedli l\u00e4bilaskvuse tester viaali korgi jaoks | ISO 8871-5\u300d\uff08\u7f16\u8f91\uff09.\">N\u00f5ela l\u00e4bilaskvuse tester viaali korgi jaoks | ISO 8871-5<\/a><\/span><\/span><\/p>\n<p><span style=\"text-decoration: underline;\"><span style=\"color: #99ccff; text-decoration: underline;\"><a class=\"row-title\" style=\"color: #99ccff; text-decoration: underline;\" href=\"https:\/\/www.qualitester.com\/et\/needle-penetration-test-equipment\/\" target=\"_blank\" rel=\"noopener\" aria-label=\"\u300cBest ISO 8771-5 n\u00f5eltestimise seadmed\u300d\uff08\u7f16\u8f91\uff09\u300d\uff08\u7f16\u8f91\uff09\">Parimad ISO 8771-5 n\u00f5eltestimise seadmed<\/a><\/span><\/span><\/p>\n<p><span style=\"text-decoration: underline;\"><span style=\"color: #99ccff; text-decoration: underline;\"><a class=\"row-title\" style=\"color: #99ccff; text-decoration: underline;\" href=\"https:\/\/www.qualitester.com\/et\/penetration-force-tester-to-meet-iso-8871-5\/\" target=\"_blank\" rel=\"noopener\" aria-label=\"\u300cKuidas kasutada penetratsioonij\u00f5u testija, et t\u00e4ita ISO 8871-5\u300d\uff08\u7f16\u8f91\uff09\u300d\u300d\uff08\u7f16\u8f91\uff09\">Kuidas kasutada ISO 8871-5 standardile vastavat penetratsioonij\u00f5udude testijat<\/a><\/span><\/span><\/p>\n<p><span style=\"text-decoration: underline;\"><span style=\"color: #99ccff; text-decoration: underline;\"><a class=\"row-title\" style=\"color: #99ccff; text-decoration: underline;\" href=\"https:\/\/www.qualitester.com\/et\/needle-penetration-test-for-vial-stopper\/\" aria-label=\"ISO 8871-5\u300c\u300d\uff08\u7f16\u8f91\uff09 n\u00f5ela l\u00e4bistamise test viaali korgi kvaliteeditagamise jaoks.\">ISO 8871-5 n\u00f5ela l\u00e4bitungimise test viaali korgi kvaliteedi tagamise jaoks<\/a><\/span><\/span><\/p>\n<p><span style=\"text-decoration: underline;\"><span style=\"color: #99ccff; text-decoration: underline;\"><a class=\"row-title\" style=\"color: #99ccff; text-decoration: underline;\" href=\"https:\/\/www.qualitester.com\/et\/rubber-stoppers-needle-penetration-test-method\/\" aria-label=\"\u300cKummist korkide n\u00f5ela l\u00e4bistamise katsemeetod\u300d\uff08\u7f16\u8f91\uff09\u300d\uff08\u7f16\u8f91\uff09\">Kummist korkide n\u00f5ela l\u00e4bitungimise katsemeetod<\/a><\/span><\/span><\/p>\n<div id=\"gtx-anchor\" style=\"position: absolute; visibility: hidden; left: 20px; top: 5443.94px; width: 80.4062px; height: 64.7031px;\"><\/div>\n<div class=\"jfk-bubble gtx-bubble\" style=\"visibility: visible; left: 45px; top: 5276px; opacity: 1;\" role=\"alertdialog\" aria-describedby=\"bubble-7\">\n<div id=\"bubble-7\" class=\"jfk-bubble-content-id\">\n<div id=\"gtx-host\" style=\"min-width: 200px; max-width: 400px;\"><\/div>\n<\/div>\n<div class=\"jfk-bubble-closebtn-id jfk-bubble-closebtn\" tabindex=\"0\" role=\"button\" aria-label=\"Sulge\"><\/div>\n<div class=\"jfk-bubble-arrow-id jfk-bubble-arrow jfk-bubble-arrowdown\" style=\"left: 60px;\">\n<div class=\"jfk-bubble-arrowimplbefore\"><\/div>\n<div class=\"jfk-bubble-arrowimplafter\"><\/div>\n<\/div>\n<\/div>","protected":false},"excerpt":{"rendered":"<p>N\u00f5elte l\u00e4bistamise tester on m\u00f5eldud eri t\u00fc\u00fcpi meditsiiniliste n\u00f5elte, sealhulgas s\u00fcstlan\u00f5elte, s\u00fcstlan\u00f5elte jne l\u00e4bistamiskindluse hindamiseks.<\/p>","protected":false},"featured_media":6226,"comment_status":"closed","ping_status":"closed","template":"","meta":{"site-sidebar-layout":"default","site-content-layout":"default","ast-global-header-display":"","ast-main-header-display":"","ast-hfb-above-header-display":"","ast-hfb-below-header-display":"","ast-hfb-mobile-header-display":"","site-post-title":"","ast-breadcrumbs-content":"","ast-featured-img":"","footer-sml-layout":"","theme-transparent-header-meta":"default","adv-header-id-meta":"","stick-header-meta":"","header-above-stick-meta":"","header-main-stick-meta":"","header-below-stick-meta":""},"product_cat":[958,845,1038,1158,672,149,100,95],"product_tag":[1036,1028,1031,1033],"class_list":{"0":"post-4162","1":"product","2":"type-product","3":"status-publish","4":"has-post-thumbnail","6":"product_cat-puncture-tester","7":"product_cat-customization","8":"product_cat-iso-8871-5","9":"product_cat-usp-381","10":"product_cat-applied-materials","11":"product_cat-pharma-and-medical-testers","12":"product_cat-iso","13":"product_cat-products","14":"product_tag-iso-8871-5","15":"product_tag-needle-puncture-testesr","16":"product_tag-penetrability-tester","17":"product_tag-usp-381","18":"desktop-align-left","19":"tablet-align-left","20":"mobile-align-left","22":"first","23":"instock","24":"featured","25":"shipping-taxable","26":"product-type-simple"},"_links":{"self":[{"href":"https:\/\/www.qualitester.com\/et\/wp-json\/wp\/v2\/product\/4162","targetHints":{"allow":["GET"]}}],"collection":[{"href":"https:\/\/www.qualitester.com\/et\/wp-json\/wp\/v2\/product"}],"about":[{"href":"https:\/\/www.qualitester.com\/et\/wp-json\/wp\/v2\/types\/product"}],"replies":[{"embeddable":true,"href":"https:\/\/www.qualitester.com\/et\/wp-json\/wp\/v2\/comments?post=4162"}],"version-history":[{"count":0,"href":"https:\/\/www.qualitester.com\/et\/wp-json\/wp\/v2\/product\/4162\/revisions"}],"wp:featuredmedia":[{"embeddable":true,"href":"https:\/\/www.qualitester.com\/et\/wp-json\/wp\/v2\/media\/6226"}],"wp:attachment":[{"href":"https:\/\/www.qualitester.com\/et\/wp-json\/wp\/v2\/media?parent=4162"}],"wp:term":[{"taxonomy":"product_cat","embeddable":true,"href":"https:\/\/www.qualitester.com\/et\/wp-json\/wp\/v2\/product_cat?post=4162"},{"taxonomy":"product_tag","embeddable":true,"href":"https:\/\/www.qualitester.com\/et\/wp-json\/wp\/v2\/product_tag?post=4162"}],"curies":[{"name":"wp","href":"https:\/\/api.w.org\/{rel}","templated":true}]}}