{"id":3282,"date":"2023-08-14T08:33:30","date_gmt":"2023-08-14T00:33:30","guid":{"rendered":"https:\/\/www.qualitester.com\/?post_type=product&#038;p=3282"},"modified":"2024-11-27T16:59:18","modified_gmt":"2024-11-27T08:59:18","slug":"heat-seal-data-testing-3-5-point","status":"publish","type":"product","link":"https:\/\/www.qualitester.com\/et\/toode\/heat-seal-data-testing-3-5-point\/","title":{"rendered":"GHS-02 Gradientne kuumuse tihendamise tester"},"content":{"rendered":"<h2><strong>Sissejuhatus kuumsulgejate testimismasinatesse<\/strong><\/h2>\n<p>A <strong>Soojussulguri testimise masin<\/strong> on oluline seade, mida kasutatakse pakendit\u00f6\u00f6stuses erinevate materjalide termosulgemisomaduste hindamiseks. Nende materjalide hulka v\u00f5ivad kuuluda kiled, laminaadid ja muud paindlikud barj\u00e4\u00e4rikomponendid. Kuumkinnituse tugevus ja terviklikkus on olulised, et tagada pakendite usaldusv\u00e4\u00e4rne kaitse sellistele toodetele nagu toit, ravimid, elektroonika ja muud. Ebat\u00e4psed v\u00f5i n\u00f5rgad tihendid v\u00f5ivad ohustada toote kvaliteeti, ohutust ja s\u00e4ilivusaega, mist\u00f5ttu on kuumsilindite testeril kvaliteedi tagamisel oluline roll.<\/p>\n<p>Masin t\u00f6\u00f6tab, simuleerides tingimusi, milles pakendamisprotsessi k\u00e4igus moodustuvad kuumsilte. Rakendades kontrollitud soojuse, r\u00f5hu ja aja kombinatsiooni, saavad tootjad kindlaks m\u00e4\u00e4rata optimaalsed tingimused tugevate ja vastupidavate pitserite saavutamiseks. See protsess aitab t\u00e4psustada pitseerimisparameetreid, tagades pakendi j\u00e4rjepidevuse ja usaldusv\u00e4\u00e4rsuse.<\/p>\n<h2><strong>ASTM F2029-16 (2021) m\u00f5istmine: Standard Practices for Making Laboratory Heat Seals: Standard Practices for Making Laboratory Heat Seals<\/strong><\/h2>\n<p><strong><a href=\"https:\/\/www.astm.org\/f2029-16r21.html\" target=\"_blank\" rel=\"noopener nofollow\">ASTM F2029<\/a>-16 (2021)<\/strong>, pealkirjaga <em>Laboratoorse kuumt\u00f5kke valmistamise standardpraktika painduvate t\u00f5kkepuude materjalide kuumt\u00f5kke m\u00e4\u00e4ramiseks, m\u00f5\u00f5detuna t\u00f5kke tugevuse j\u00e4rgi<\/em>, on p\u00f5histandardiks kuumsulgejate katsetamisel. Selles standardis on m\u00e4\u00e4ratletud laboratoorsed menetlused kuumsulgejate valmistamiseks ja nende tugevuse hindamiseks. Sellega tagatakse, et kuumsulavikatsetused viiakse l\u00e4bi t\u00e4psetes ja kontrollitud tingimustes, et saada t\u00e4pseid ja korratavaid tulemusi.<\/p>\n<p>The <strong>katsemeetodid<\/strong> kirjeldatud <a href=\"https:\/\/www.qualitester.com\/et\/tootekategooria\/astm\/astm-f2029\/\" target=\"_blank\" rel=\"noopener\">ASTM F2029<\/a> keskenduda materjalide kuumsuletavuse m\u00e4\u00e4ramisele, kohaldades konkreetset temperatuuri, r\u00f5hku ja seisuaega. Standard aitab tootjatel m\u00f5ista paindlike t\u00f5kkematerjalide tihendamisomadusi, sealhulgas nende toimivust erinevates tihendamistingimustes. See on oluline, et tagada materjali terviklikkus ja selle v\u00f5ime kaitsta sisu v\u00e4liste tegurite, n\u00e4iteks niiskuse, \u00f5hu ja saasteainete eest.<\/p>\n<h2><strong>Gradientne kuumuse tihendaja: T\u00e4pne tehnoloogia t\u00e4pseks testimiseks<\/strong><\/h2>\n<p>A <strong>Gradientne kuumuse tihendaja<\/strong> on t\u00e4iustatud termotihendi testimismasin, mis v\u00f5imaldab luua kontrollitud temperatuuri gradienti kogu tihendamisalal. See omadus eristab seda traditsioonilistest termotihendajatest, mis tavaliselt t\u00f6\u00f6tavad \u00fchel temperatuuril. M\u00f5iste \"gradient\" viitab masina v\u00f5imele simuleerida tegelikke pitseerimistingimusi, kus temperatuurivahetused v\u00f5ivad esineda kogu pitseerimispinnal.<\/p>\n<p>The <strong>Gradientne kuumuse tihendaja<\/strong> v\u00f5imaldab tootjatel teha samaaegselt mitu katset erinevatel temperatuuridel, v\u00e4hendades oluliselt katsete vahelist ooteaega. See <strong>mitmejaamaliste seadmete v\u00f5imekus<\/strong> muudab masina v\u00e4ga t\u00f5husaks, eriti kui katsetatakse erineva kuumsulgemisn\u00f5uetega materjale. Erinevate temperatuuridega korraga katsetades saavad tootjad kiiresti kindlaks teha erinevate materjalide jaoks parimad pitseerimistingimused, mis parandab \u00fcldist tootlikkust.<\/p>\n<h4><strong>Peamised eelised<\/strong>:<\/h4>\n<ul>\n<li><strong>Suurenenud t\u00f5husus<\/strong>: Samaaegne testimine eri temperatuuridel v\u00e4hendab \u00fcldist testimise aega.<\/li>\n<li><strong>T\u00e4iustatud t\u00e4psus<\/strong>: Gradientide funktsioon tagab tegelike tihendustingimuste t\u00e4psema kujutamise, andes parema \u00fclevaate materjali k\u00e4itumisest erinevates tihendustingimustes.<\/li>\n<li><strong>Kohandatavad seaded<\/strong>: Masinat saab kohandada erinevate materjalit\u00fc\u00fcpide, temperatuuride ja r\u00f5hkude jaoks, mis muudab selle mitmek\u00fclgseks erinevate t\u00f6\u00f6stusharude ja katsete jaoks.<\/li>\n<\/ul>\n<h2><strong>Soojasulguri testimismasina (GHS-02 Gradient Heat Seal Tester) tehnilised omadused<\/strong><\/h2>\n<p>The <strong>GHS-02 Gradientne kuumuse tihendamise tester<\/strong> on varustatud mitmete tipptasemel funktsioonidega, mis tagavad t\u00e4pse, usaldusv\u00e4\u00e4rse ja t\u00f5husa testimise:<\/p>\n<ul>\n<li><strong>PLC juhtimine ja HMI puuteekraan<\/strong>: Masina t\u00e4iustatud <strong>PLC-juhtimis\u00fcksus<\/strong> ja <strong>HMI puuteekraan<\/strong> kasutajaliides v\u00f5imaldab seadete lihtsat kohandamist ja reaalajas j\u00e4lgimist, tagades t\u00e4pse kontrolli temperatuuri, r\u00f5hu ja sulgemisaja \u00fcle.<\/li>\n<li><strong>Kahekordsed k\u00fctteklambrid<\/strong>: Nii \u00fclemine kui ka alumine tihendusl\u00f5ug on eraldi k\u00f6etud, mis v\u00e4listab soojuskao ja tagab \u00fchtlase temperatuuri kogu tihendamisprotsessi jooksul.<\/li>\n<li><strong>PID temperatuuriregulaator<\/strong>: The <strong>PID-temperatuuri kontroller<\/strong> tagab optimaalse k\u00fcttejuhtimise, mis tagab, et temperatuur j\u00e4\u00e4b testimise ajal stabiilseks ja t\u00e4pseks.<\/li>\n<li><strong>L\u00e4hedus- ja r\u00f5huandurid<\/strong>: Need andurid tagavad t\u00e4pse kontrolli tihendusr\u00f5hu ja ooteaja \u00fcle, aidates saavutada \u00fchtlast tihendamist.<\/li>\n<li><strong>Juhitav tihendusvarda<\/strong>: A <strong>kolmesuunaline juhitav tihendusvarda<\/strong> tagab \u00fchtlase tihendusr\u00f5hu, mis on \u00fchtlase ja tugeva tihendi jaoks kriitilise t\u00e4htsusega.<\/li>\n<li><strong>Kasutaja turvaelemendid<\/strong>: GHS-02 on projekteeritud kasutaja kaitset silmas pidades, sealhulgas <strong>p\u00f5letusevastane esikate<\/strong>, a <strong>manuaalne jalal\u00fcliti<\/strong>ja muud turvaelemendid, et tagada operaatorite ohutus katsetamise ajal.<\/li>\n<li><strong>Kohandamisv\u00f5imalused<\/strong>: Masin pakub kohandatavat <strong>pitseri l\u00f5ualuugade m\u00f5\u00f5tmed<\/strong>, <strong>pinna tihendusmustrid<\/strong>ja muud, et rahuldada erinevaid testimisvajadusi.<\/li>\n<li><strong>Astmelise temperatuuri kohandamine<\/strong>: Masinat saab konfigureerida erinevate <strong>gradientide temperatuurid<\/strong>, mis v\u00f5imaldab suuremat paindlikkust testimisel.<\/li>\n<li><strong>RS232 port andmete \u00fchendamiseks<\/strong>: The <strong>RS232 port<\/strong> ja valikuline professionaalne tarkvara v\u00f5imaldavad sujuvat andmeedastust, mis lihtsustab katsetulemuste anal\u00fc\u00fcsimist ja s\u00e4ilitamist.<\/li>\n<\/ul>\n<h2><strong>Testimise protsess ja t\u00f6\u00f6protsess<\/strong><\/h2>\n<p>Katseprotsess, mille puhul kasutatakse <strong>Soojussulguri testimise masin<\/strong> on lihtne, kuid t\u00e4pne:<\/p>\n<ol>\n<li><strong>Paigutage proovi<\/strong>: Katsetatav materjaliproov asetatakse kahe paralleelse, kuumutatud ja tasase pinnaga tihendusl\u00f5ugade vahele.<\/li>\n<li><strong>Seadete kohandamine<\/strong>: Kasutaja m\u00e4\u00e4rab soovitud temperatuuri, r\u00f5hu ja pitseerimisaja vastavalt materjalile ja kavandatud pitseerimistingimustele.<\/li>\n<li><strong>Proovi pitseerimine<\/strong>: Kui n\u00f5utav temperatuur on saavutatud, lastakse \u00fclemine tihendusl\u00f5ug, mida juhib gaasiballoon, alla, et avaldada proovile etten\u00e4htud aja jooksul kindlaksm\u00e4\u00e4ratud r\u00f5hku.<\/li>\n<li><strong>Tagastamine ja hindamine<\/strong>: P\u00e4rast eelseadistatud sulgemisaja l\u00f5ppu p\u00f6\u00f6rdub \u00fclemine l\u00f5ug tagasi oma algasendisse ja proov v\u00f5etakse hindamiseks v\u00e4lja.<\/li>\n<\/ol>\n<h2><strong>Peamised parameetrid soojusplommi testimise masin<\/strong><\/h2>\n<p>The <strong>GHS-02 Gradientne kuumuse tihendamise tester<\/strong> on varustatud t\u00e4psete parameetritega, mis tagavad t\u00e4psed tulemused:<\/p>\n<table>\n<tbody>\n<tr>\n<td style=\"text-align: center;\" width=\"123\">Tihendus Temp.<\/td>\n<td style=\"text-align: center;\" width=\"196\">Keskkond ~250 \u2103<\/td>\n<\/tr>\n<tr>\n<td style=\"text-align: center;\" width=\"123\">Temperatuur. Gradient<\/td>\n<td style=\"text-align: center;\" width=\"196\">\u226420\u2103<\/td>\n<\/tr>\n<tr>\n<td style=\"text-align: center;\" width=\"123\">K\u00f5rvalekaldumine<\/td>\n<td style=\"text-align: center;\" width=\"196\">\u00b10.2\u2103<\/td>\n<\/tr>\n<tr>\n<td style=\"text-align: center;\" width=\"123\">Tihendamise aeg<\/td>\n<td style=\"text-align: center;\" width=\"196\">0.1S~9999H<\/td>\n<\/tr>\n<tr>\n<td style=\"text-align: center;\" width=\"123\">Tihendusr\u00f5hk<\/td>\n<td style=\"text-align: center;\" width=\"196\">0,15~0,7 MPa<\/td>\n<\/tr>\n<tr>\n<td style=\"text-align: center;\" width=\"123\">Tihendi l\u00f5uad (mm)<\/td>\n<td style=\"text-align: center;\" width=\"196\">U:40*10 5TK\/L:330 1TK<\/td>\n<\/tr>\n<tr>\n<td style=\"text-align: center;\" width=\"123\">Gaasi sisend<\/td>\n<td style=\"text-align: center;\" width=\"196\">0,7 MPa koos \u04246 mm toruga<\/td>\n<\/tr>\n<tr>\n<td style=\"text-align: center;\" width=\"123\">V\u00f5imsus<\/td>\n<td style=\"text-align: center;\" width=\"196\">AC 220V 50Hz<\/td>\n<\/tr>\n<\/tbody>\n<\/table>\n<h2><strong>Standardite j\u00e4rgimine ja sertifikaadid<\/strong><\/h2>\n<p>The <strong>Soojussulguri testimise masin<\/strong> on t\u00e4ielikult koosk\u00f5las <strong>ASTM F2029-16 (2021)<\/strong>, tagades, et masin vastab n\u00f5utavatele t\u00f6\u00f6stusstandarditele, mis on kehtestatud kuumsulgurikatsete l\u00e4biviimiseks. Sertifitseerimine tagab, et masin annab usaldusv\u00e4\u00e4rseid ja t\u00e4pseid tulemusi, mis vastavad k\u00f5ige laialdasemalt tunnustatud kuumsulgemisstandarditele. Tootjad v\u00f5ivad usaldada, et GHS-02 Gradient Heat Seal Tester pakub t\u00e4pseid m\u00f5\u00f5tmisi, mis aitavad tagada nende pakendite kvaliteedi ja usaldusv\u00e4\u00e4rsuse.<\/p>\n<h2><strong>Miks valida GHS-02 Gradient Heat Seal Tester<\/strong><\/h2>\n<ul>\n<li><strong>Efektiivsus<\/strong>: Katsetage samaaegselt mitut proovi erinevatel temperatuuridel, v\u00e4hendades \u00fcldist katseaega ja suurendades tootlikkust.<\/li>\n<li><strong>T\u00e4psus<\/strong>: Saavutage v\u00e4ga t\u00e4psed katsetulemused t\u00e4nu kohandatavatele parameetritele ja t\u00e4iustatud temperatuurikontrollile.<\/li>\n<li><strong>Usaldusv\u00e4\u00e4rsus<\/strong>: Vastavus <strong>ASTM F2029<\/strong> tagab, et teie testimine vastab t\u00f6\u00f6stusharu standarditele kuumsulge tugevuse ja terviklikkuse osas.<\/li>\n<li><strong>Kohandamine<\/strong>: Kohandage masina seaded ja funktsioonid vastavalt oma unikaalsetele katsevajadustele, alates tihendusl\u00f5ugude m\u00f5\u00f5tmetest kuni tihendusr\u00f5huni.<\/li>\n<\/ul>\n<p>The <strong>Soojussulguri testimise masin<\/strong> on pakendit\u00f6\u00f6stuse tootjate jaoks h\u00e4davajalik vahend, mis tagab, et nende tooted on suletud optimaalse tugevuse ja terviklikkusega. Olenemata sellest, kas pakendate toiduaineid, ravimeid v\u00f5i elektroonikat, pakub GHS-02 Gradient Heat Seal Tester t\u00e4psust ja t\u00f5husust, mida vajate k\u00f5rgeima kvaliteediga tihendite tagamiseks. T\u00e4nu t\u00e4iustatud tehnoloogiale on vastavus <strong>ASTM F2029<\/strong>ja kohandatavate seadete abil on see masin ideaalne valik ettev\u00f5tetele, kes soovivad t\u00e4iustada oma pakendite kvaliteedikontrolliprotsesse.<\/p>","protected":false},"excerpt":{"rendered":"<p>A <strong>Soojussulguri testimise masin<\/strong> on oluline seade, mida kasutatakse pakendit\u00f6\u00f6stuses erinevate materjalide termosulgemisomaduste hindamiseks. Nende materjalide hulka v\u00f5ivad kuuluda kiled, laminaadid ja muud paindlikud barj\u00e4\u00e4rikomponendid. Kuumkinnituse tugevus ja terviklikkus on olulised, et tagada pakendite usaldusv\u00e4\u00e4rne kaitse sellistele toodetele nagu toit, ravimid, elektroonika ja muud.<\/p>","protected":false},"featured_media":5917,"comment_status":"closed","ping_status":"closed","template":"","meta":{"site-sidebar-layout":"default","site-content-layout":"default","ast-global-header-display":"","ast-main-header-display":"","ast-hfb-above-header-display":"","ast-hfb-below-header-display":"","ast-hfb-mobile-header-display":"","site-post-title":"","ast-breadcrumbs-content":"","ast-featured-img":"","footer-sml-layout":"","theme-transparent-header-meta":"default","adv-header-id-meta":"","stick-header-meta":"","header-above-stick-meta":"","header-main-stick-meta":"","header-below-stick-meta":""},"product_cat":[845,677,149,16,142,95],"product_tag":[64,922,504,506,505,909],"class_list":{"0":"post-3282","1":"product","2":"type-product","3":"status-publish","4":"has-post-thumbnail","6":"product_cat-customization","7":"product_cat-heat-seal-tester","8":"product_cat-pharma-and-medical-testers","9":"product_cat-plastic-packaging-testers","10":"product_cat-astm-f2029","11":"product_cat-products","12":"product_tag-astm-f2029","13":"product_tag-gradient-heat-seal-tester","14":"product_tag-heat-sealing-pressure","15":"product_tag-heat-sealing-temperature","16":"product_tag-heat-sealing-time","17":"product_tag-packaging-heat-seal-data","18":"desktop-align-left","19":"tablet-align-left","20":"mobile-align-left","22":"first","23":"instock","24":"shipping-taxable","25":"product-type-simple"},"_links":{"self":[{"href":"https:\/\/www.qualitester.com\/et\/wp-json\/wp\/v2\/product\/3282","targetHints":{"allow":["GET"]}}],"collection":[{"href":"https:\/\/www.qualitester.com\/et\/wp-json\/wp\/v2\/product"}],"about":[{"href":"https:\/\/www.qualitester.com\/et\/wp-json\/wp\/v2\/types\/product"}],"replies":[{"embeddable":true,"href":"https:\/\/www.qualitester.com\/et\/wp-json\/wp\/v2\/comments?post=3282"}],"version-history":[{"count":0,"href":"https:\/\/www.qualitester.com\/et\/wp-json\/wp\/v2\/product\/3282\/revisions"}],"wp:featuredmedia":[{"embeddable":true,"href":"https:\/\/www.qualitester.com\/et\/wp-json\/wp\/v2\/media\/5917"}],"wp:attachment":[{"href":"https:\/\/www.qualitester.com\/et\/wp-json\/wp\/v2\/media?parent=3282"}],"wp:term":[{"taxonomy":"product_cat","embeddable":true,"href":"https:\/\/www.qualitester.com\/et\/wp-json\/wp\/v2\/product_cat?post=3282"},{"taxonomy":"product_tag","embeddable":true,"href":"https:\/\/www.qualitester.com\/et\/wp-json\/wp\/v2\/product_tag?post=3282"}],"curies":[{"name":"wp","href":"https:\/\/api.w.org\/{rel}","templated":true}]}}